{"id":9825,"date":"2016-05-27T08:06:12","date_gmt":"2016-05-27T06:06:12","guid":{"rendered":"http:\/\/staging1.carnitec.com\/lv\/?post_type=product&#038;p=9825"},"modified":"2016-05-27T08:06:12","modified_gmt":"2016-05-27T06:06:12","slug":"cisinu-dalitajs","status":"publish","type":"product","link":"https:\/\/carnitec.com\/lv\/products\/cisinu-dalitajs\/","title":{"rendered":"C\u012bsi\u0146u dal\u012bt\u0101js"},"content":{"rendered":"<h2>C\u012bsi\u0146u dal\u012bt\u0101js<\/h2>\n<p>C\u012bsi\u0146u un desu virtenes dal\u012bt\u0101js<br \/>\nC\u012bsi\u0146u sagrie\u0161anas autom\u0101ts ar prec\u012bzo nogrie\u0161anu p\u0101rgrie\u0161anas viet\u0101.<br \/>\nIek\u0101rta grie\u017e p\u0101rgrieztas c\u012bsi\u0146u da\u013cas, sadalot vi\u0146us pa da\u013c\u0101m.<\/p>\n<p><iframe loading=\"lazy\" title=\"HITEC co., ltd.-----SAUSAGE CUTTER.wmv\" width=\"640\" height=\"480\" src=\"https:\/\/www.youtube.com\/embed\/gUGs12khRN4?feature=oembed\" frameborder=\"0\" allow=\"accelerometer; autoplay; clipboard-write; encrypted-media; gyroscope; picture-in-picture\" allowfullscreen><\/iframe><\/p>\n<h3>Raksturojums:<\/h3>\n<p>iek\u0101rtu neliels izm\u0113rs un neliels svars<br \/>\niesp\u0113ja sagriezt da\u017e\u0101du veidu apvalku (natur\u0101la, kolag\u0113na, m\u0101ksl\u012bga) un da\u017e\u0101da izm\u0113ra c\u012bsi\u0146us<br \/>\niesp\u0113ja piln\u012bgi p\u0101rbaud\u012bt un nomazg\u0101t katru iek\u0101rtas bloku<br \/>\niesp\u0113ja piesl\u0113gt un noregul\u0113t sagriezto c\u012bsi\u0146u uzskaites iek\u0101rtas<br \/>\nP\u0113c v\u0113lmes iesp\u0113jams uztais\u012bt griezumu cis\u012b\u0146u virsm\u0101 sagrie\u0161anas laik\u0101<br \/>\nPadeves rullis nav iek\u013cauts standarta apr\u012bkojuma<\/p>\n<h3>\nTehniskie dati<\/h3>\n<p>Konveijera \u0101trums: 35 m\/min<br \/>\nRa\u017eotsp\u0113ja: 400 gab.\/min (c\u012bsi\u0146a ar 7 cm garuma)<br \/>\nApvalku izm\u0113rs: \u03c6 15mm-35mm<br \/>\npneimatika 5kg uz 1 kv.cm<br \/>\nAugstums: 500mm<br \/>\nPlatums: 550mm<br \/>\nGarums: 400mm<br \/>\nSvars ap. 40kg<br \/>\nApvalks: natur\u0101ls, celuloze, kolag\u0113ns un m\u0101ksl\u012bgas<\/p>\n","protected":false},"excerpt":{"rendered":"<p>C\u012bsi\u0146u un desu virtenes dal\u012bt\u0101js<br \/>\nC\u012bsi\u0146u sagrie\u0161anas autom\u0101ts ar prec\u012bzo nogrie\u0161anu p\u0101rgrie\u0161anas viet\u0101.<br \/>\nIek\u0101rta grie\u017e p\u0101rgrieztas c\u012bsi\u0146u da\u013cas, sadalot vi\u0146us pa da\u013c\u0101m.<\/p>\n","protected":false},"featured_media":9826,"template":"","meta":{"content-type":"","_monsterinsights_skip_tracking":false,"_monsterinsights_sitenote_active":false,"_monsterinsights_sitenote_note":"","_monsterinsights_sitenote_category":0},"product_cat":[1577,927],"product_tag":[1771,1769,1770],"yoast_head":"<!-- This site is optimized with the Yoast SEO plugin v19.5.1 - https:\/\/yoast.com\/wordpress\/plugins\/seo\/ -->\n<title>C\u012bsi\u0146u dal\u012bt\u0101js - Carnitec<\/title>\n<meta name=\"robots\" content=\"index, follow, max-snippet:-1, max-image-preview:large, max-video-preview:-1\" \/>\n<link rel=\"canonical\" href=\"https:\/\/carnitec.com\/lv\/products\/cisinu-dalitajs\/\" \/>\n<meta property=\"og:locale\" content=\"lv_LV\" \/>\n<meta property=\"og:type\" content=\"article\" \/>\n<meta property=\"og:title\" content=\"C\u012bsi\u0146u dal\u012bt\u0101js - Carnitec\" \/>\n<meta property=\"og:description\" content=\"C\u012bsi\u0146u un desu virtenes dal\u012bt\u0101js C\u012bsi\u0146u sagrie\u0161anas autom\u0101ts ar prec\u012bzo nogrie\u0161anu p\u0101rgrie\u0161anas viet\u0101. Iek\u0101rta grie\u017e p\u0101rgrieztas c\u012bsi\u0146u da\u013cas, sadalot vi\u0146us pa da\u013c\u0101m.\" \/>\n<meta property=\"og:url\" content=\"https:\/\/carnitec.com\/lv\/products\/cisinu-dalitajs\/\" \/>\n<meta property=\"og:site_name\" content=\"Carnitec\" \/>\n<meta property=\"article:publisher\" content=\"https:\/\/facebook.com\/carnitec1\" \/>\n<meta property=\"og:image\" content=\"https:\/\/carnitec.com\/wp-content\/uploads\/2016\/05\/sausage-cutter-shousai.jpg\" \/>\n\t<meta property=\"og:image:width\" content=\"400\" \/>\n\t<meta property=\"og:image:height\" content=\"500\" \/>\n\t<meta property=\"og:image:type\" content=\"image\/jpeg\" \/>\n<meta name=\"twitter:card\" content=\"summary\" \/>\n<meta name=\"twitter:site\" content=\"@carnitec_\" \/>\n<meta name=\"twitter:label1\" content=\"Est. reading time\" \/>\n\t<meta name=\"twitter:data1\" content=\"1 min\u016b\u0161u\" \/>\n<script type=\"application\/ld+json\" class=\"yoast-schema-graph\">{\"@context\":\"https:\/\/schema.org\",\"@graph\":[{\"@type\":\"WebPage\",\"@id\":\"https:\/\/carnitec.com\/lv\/products\/cisinu-dalitajs\/\",\"url\":\"https:\/\/carnitec.com\/lv\/products\/cisinu-dalitajs\/\",\"name\":\"C\u012bsi\u0146u dal\u012bt\u0101js - Carnitec\",\"isPartOf\":{\"@id\":\"https:\/\/carnitec.com\/lv\/#website\"},\"datePublished\":\"2016-05-27T06:06:12+00:00\",\"dateModified\":\"2016-05-27T06:06:12+00:00\",\"breadcrumb\":{\"@id\":\"https:\/\/carnitec.com\/lv\/products\/cisinu-dalitajs\/#breadcrumb\"},\"inLanguage\":\"lv-LV\",\"potentialAction\":[{\"@type\":\"ReadAction\",\"target\":[\"https:\/\/carnitec.com\/lv\/products\/cisinu-dalitajs\/\"]}]},{\"@type\":\"BreadcrumbList\",\"@id\":\"https:\/\/carnitec.com\/lv\/products\/cisinu-dalitajs\/#breadcrumb\",\"itemListElement\":[{\"@type\":\"ListItem\",\"position\":1,\"name\":\"\u0413\u043b\u0430\u0432\u043d\u0430\u044f \u0441\u0442\u0440\u0430\u043d\u0438\u0446\u0430\",\"item\":\"https:\/\/carnitec.com\/lv\/\"},{\"@type\":\"ListItem\",\"position\":2,\"name\":\"\u0422\u043e\u0432\u0430\u0440\u044b\",\"item\":\"https:\/\/carnitec.com\/shop\/\"},{\"@type\":\"ListItem\",\"position\":3,\"name\":\"C\u012bsi\u0146u dal\u012bt\u0101js\"}]},{\"@type\":\"WebSite\",\"@id\":\"https:\/\/carnitec.com\/lv\/#website\",\"url\":\"https:\/\/carnitec.com\/lv\/\",\"name\":\"Carnitec\",\"description\":\"P\u0101rtikas r\u016bpniec\u012bbas iek\u0101rtas\",\"publisher\":{\"@id\":\"https:\/\/carnitec.com\/lv\/#organization\"},\"potentialAction\":[{\"@type\":\"SearchAction\",\"target\":{\"@type\":\"EntryPoint\",\"urlTemplate\":\"https:\/\/carnitec.com\/lv\/?s={search_term_string}\"},\"query-input\":\"required name=search_term_string\"}],\"inLanguage\":\"lv-LV\"},{\"@type\":\"Organization\",\"@id\":\"https:\/\/carnitec.com\/lv\/#organization\",\"name\":\"Carnitec - food processing equipment\",\"url\":\"https:\/\/carnitec.com\/lv\/\",\"sameAs\":[\"https:\/\/www.instagram.com\/carnitec\/?hl=en\",\"https:\/\/www.linkedin.com\/company\/carnitec-ltd\/\",\"https:\/\/www.youtube.com\/channel\/UCwfiuJujkF2QxPPZAqB0T2w\",\"https:\/\/facebook.com\/carnitec1\",\"https:\/\/twitter.com\/carnitec_\"],\"logo\":{\"@type\":\"ImageObject\",\"inLanguage\":\"lv-LV\",\"@id\":\"https:\/\/carnitec.com\/lv\/#\/schema\/logo\/image\/\",\"url\":\"http:\/\/carnitec.com\/wp-content\/uploads\/2018\/01\/carnitec_logo_2018.png\",\"contentUrl\":\"http:\/\/carnitec.com\/wp-content\/uploads\/2018\/01\/carnitec_logo_2018.png\",\"width\":180,\"height\":50,\"caption\":\"Carnitec - food processing equipment\"},\"image\":{\"@id\":\"https:\/\/carnitec.com\/lv\/#\/schema\/logo\/image\/\"}}]}<\/script>\n<!-- \/ Yoast SEO plugin. -->","yoast_head_json":{"title":"C\u012bsi\u0146u dal\u012bt\u0101js - Carnitec","robots":{"index":"index","follow":"follow","max-snippet":"max-snippet:-1","max-image-preview":"max-image-preview:large","max-video-preview":"max-video-preview:-1"},"canonical":"https:\/\/carnitec.com\/lv\/products\/cisinu-dalitajs\/","og_locale":"lv_LV","og_type":"article","og_title":"C\u012bsi\u0146u dal\u012bt\u0101js - Carnitec","og_description":"C\u012bsi\u0146u un desu virtenes dal\u012bt\u0101js C\u012bsi\u0146u sagrie\u0161anas autom\u0101ts ar prec\u012bzo nogrie\u0161anu p\u0101rgrie\u0161anas viet\u0101. Iek\u0101rta grie\u017e p\u0101rgrieztas c\u012bsi\u0146u da\u013cas, sadalot vi\u0146us pa da\u013c\u0101m.","og_url":"https:\/\/carnitec.com\/lv\/products\/cisinu-dalitajs\/","og_site_name":"Carnitec","article_publisher":"https:\/\/facebook.com\/carnitec1","og_image":[{"width":400,"height":500,"url":"https:\/\/carnitec.com\/wp-content\/uploads\/2016\/05\/sausage-cutter-shousai.jpg","type":"image\/jpeg"}],"twitter_card":"summary","twitter_site":"@carnitec_","twitter_misc":{"Est. reading time":"1 min\u016b\u0161u"},"schema":{"@context":"https:\/\/schema.org","@graph":[{"@type":"WebPage","@id":"https:\/\/carnitec.com\/lv\/products\/cisinu-dalitajs\/","url":"https:\/\/carnitec.com\/lv\/products\/cisinu-dalitajs\/","name":"C\u012bsi\u0146u dal\u012bt\u0101js - Carnitec","isPartOf":{"@id":"https:\/\/carnitec.com\/lv\/#website"},"datePublished":"2016-05-27T06:06:12+00:00","dateModified":"2016-05-27T06:06:12+00:00","breadcrumb":{"@id":"https:\/\/carnitec.com\/lv\/products\/cisinu-dalitajs\/#breadcrumb"},"inLanguage":"lv-LV","potentialAction":[{"@type":"ReadAction","target":["https:\/\/carnitec.com\/lv\/products\/cisinu-dalitajs\/"]}]},{"@type":"BreadcrumbList","@id":"https:\/\/carnitec.com\/lv\/products\/cisinu-dalitajs\/#breadcrumb","itemListElement":[{"@type":"ListItem","position":1,"name":"\u0413\u043b\u0430\u0432\u043d\u0430\u044f \u0441\u0442\u0440\u0430\u043d\u0438\u0446\u0430","item":"https:\/\/carnitec.com\/lv\/"},{"@type":"ListItem","position":2,"name":"\u0422\u043e\u0432\u0430\u0440\u044b","item":"https:\/\/carnitec.com\/shop\/"},{"@type":"ListItem","position":3,"name":"C\u012bsi\u0146u dal\u012bt\u0101js"}]},{"@type":"WebSite","@id":"https:\/\/carnitec.com\/lv\/#website","url":"https:\/\/carnitec.com\/lv\/","name":"Carnitec","description":"P\u0101rtikas r\u016bpniec\u012bbas iek\u0101rtas","publisher":{"@id":"https:\/\/carnitec.com\/lv\/#organization"},"potentialAction":[{"@type":"SearchAction","target":{"@type":"EntryPoint","urlTemplate":"https:\/\/carnitec.com\/lv\/?s={search_term_string}"},"query-input":"required name=search_term_string"}],"inLanguage":"lv-LV"},{"@type":"Organization","@id":"https:\/\/carnitec.com\/lv\/#organization","name":"Carnitec - food processing equipment","url":"https:\/\/carnitec.com\/lv\/","sameAs":["https:\/\/www.instagram.com\/carnitec\/?hl=en","https:\/\/www.linkedin.com\/company\/carnitec-ltd\/","https:\/\/www.youtube.com\/channel\/UCwfiuJujkF2QxPPZAqB0T2w","https:\/\/facebook.com\/carnitec1","https:\/\/twitter.com\/carnitec_"],"logo":{"@type":"ImageObject","inLanguage":"lv-LV","@id":"https:\/\/carnitec.com\/lv\/#\/schema\/logo\/image\/","url":"http:\/\/carnitec.com\/wp-content\/uploads\/2018\/01\/carnitec_logo_2018.png","contentUrl":"http:\/\/carnitec.com\/wp-content\/uploads\/2018\/01\/carnitec_logo_2018.png","width":180,"height":50,"caption":"Carnitec - food processing equipment"},"image":{"@id":"https:\/\/carnitec.com\/lv\/#\/schema\/logo\/image\/"}}]}},"_links":{"self":[{"href":"https:\/\/carnitec.com\/lv\/wp-json\/wp\/v2\/product\/9825"}],"collection":[{"href":"https:\/\/carnitec.com\/lv\/wp-json\/wp\/v2\/product"}],"about":[{"href":"https:\/\/carnitec.com\/lv\/wp-json\/wp\/v2\/types\/product"}],"wp:featuredmedia":[{"embeddable":true,"href":"https:\/\/carnitec.com\/lv\/wp-json\/wp\/v2\/media\/9826"}],"wp:attachment":[{"href":"https:\/\/carnitec.com\/lv\/wp-json\/wp\/v2\/media?parent=9825"}],"wp:term":[{"taxonomy":"product_cat","embeddable":true,"href":"https:\/\/carnitec.com\/lv\/wp-json\/wp\/v2\/product_cat?post=9825"},{"taxonomy":"product_tag","embeddable":true,"href":"https:\/\/carnitec.com\/lv\/wp-json\/wp\/v2\/product_tag?post=9825"}],"curies":[{"name":"wp","href":"https:\/\/api.w.org\/{rel}","templated":true}]}}