{"id":9743,"date":"2016-05-18T09:28:18","date_gmt":"2016-05-18T17:28:30","guid":{"rendered":"http:\/\/staging1.carnitec.com\/lv\/?post_type=product&#038;p=9743"},"modified":"2017-02-21T16:28:39","modified_gmt":"2017-02-21T14:28:39","slug":"siera-griesanas-iekarta-cheesixx","status":"publish","type":"product","link":"https:\/\/carnitec.com\/lv\/products\/siera-griesanas-iekarta-cheesixx\/","title":{"rendered":"Siera grie\u0161anas iek\u0101rta Cheesixx"},"content":{"rendered":"<h2>Daudzfunkcion\u0101la firmas Holac iek\u0101rta Cheesixx daudzm\u0113r\u0137u siera grie\u0161anai<\/h2>\n<p>Cheesixx \u2013 tas ir viss maz\u0101ka iek\u0101rta Holac siera grie\u0161anas iek\u0101rtu sortiment\u0101. Nav svar\u012bgi vai tas ir mazie, vid\u0113ji, lielie kubi\u0146i, salmi\u0146i, pl\u0101ksn\u012btes vai \u012bpa\u0161a forma produkti, ka cilindri, trijst\u016bri vai \u0113ve\u013cskaidas: Cheesixx dro\u0161i un profesion\u0101li tik gala ar uzdevumiem pateicoties patent\u0113tai grie\u0161anas tehnikai.<\/p>\n<p><iframe loading=\"lazy\" title=\"holac Maschinenbau GmbH (Cheesixx100)\" width=\"640\" height=\"360\" src=\"https:\/\/www.youtube.com\/embed\/m726p2S4BX0?feature=oembed\" frameborder=\"0\" allow=\"accelerometer; autoplay; clipboard-write; encrypted-media; gyroscope; picture-in-picture\" allowfullscreen><\/iframe><\/p>\n<h2>Iek\u0101rtas raksturojums:<\/h2>\n<p>\u203a\u203a aizb\u012bd\u0146u iekrau\u0161anas kameras aizvars ar pneimatisko sadal\u012bjuma aizb\u012bd\u0146i<br \/>\n\u203a\u203a viengabalmetin\u0101ts aptvere ar atv\u0113rtam izejam<br \/>\n\u203a\u203a THC sist\u0113ma siera teicamai ier\u012bv\u0113\u0161anai*<br \/>\n\u203a\u203a iepriek\u0161\u0113jas pild\u012b\u0161anas kamera<br \/>\n\u203a\u203a vad\u012bba ar datoru un sk\u0101rienjut\u012bgu paneli<br \/>\n\u203a\u203a Grie\u0161anas komplekti kubi\u0146iem, galodai un \u012bpa\u0161am formam<br \/>\n\u203a\u203a Grie\u0161anas komplekti da\u017e\u0101da izm\u0113ra \u0113ve\u013cskaidu sasnieg\u0161anai<\/p>\n<h2>Tehniskie dati<\/h2>\n<p>ra\u017eotsp\u0113ja<br \/>\n(atkar\u012bgi no grie\u017eama materi\u0101la)<br \/>\nMax. 1.300 kg\/h<br \/>\naptvere P\u0445A\u0445G 100\u0445100\/105\u0445380 mm<br \/>\nPadeve 1 \u2013 40 mm<br \/>\nuzst\u0101d\u012bta jauda 3,5 kW<br \/>\nSvars 350 \u043a\u0433<br \/>\nG\u0445P\u0445A 1.650\u0445620\u04451.100 cm<\/p>\n","protected":false},"excerpt":{"rendered":"<p>Siera grie\u0161anas iek\u0101rta Cheesixx<\/p>\n","protected":false},"featured_media":9706,"template":"","meta":{"content-type":"","_monsterinsights_skip_tracking":false,"_monsterinsights_sitenote_active":false,"_monsterinsights_sitenote_note":"","_monsterinsights_sitenote_category":0},"product_cat":[1407],"product_tag":[3765,1728,1127,1460],"yoast_head":"<!-- This site is optimized with the Yoast SEO plugin v19.5.1 - https:\/\/yoast.com\/wordpress\/plugins\/seo\/ -->\n<title>Siera grie\u0161anas iek\u0101rta Cheesixx - Carnitec<\/title>\n<meta name=\"robots\" content=\"index, follow, max-snippet:-1, max-image-preview:large, max-video-preview:-1\" \/>\n<link rel=\"canonical\" href=\"https:\/\/carnitec.com\/lv\/products\/siera-griesanas-iekarta-cheesixx\/\" \/>\n<meta property=\"og:locale\" content=\"lv_LV\" \/>\n<meta property=\"og:type\" content=\"article\" \/>\n<meta property=\"og:title\" content=\"Siera grie\u0161anas iek\u0101rta Cheesixx - Carnitec\" \/>\n<meta property=\"og:description\" content=\"Siera grie\u0161anas iek\u0101rta Cheesixx\" \/>\n<meta property=\"og:url\" content=\"https:\/\/carnitec.com\/lv\/products\/siera-griesanas-iekarta-cheesixx\/\" \/>\n<meta property=\"og:site_name\" content=\"Carnitec\" \/>\n<meta property=\"article:publisher\" content=\"https:\/\/facebook.com\/carnitec1\" \/>\n<meta property=\"article:modified_time\" content=\"2017-02-21T14:28:39+00:00\" \/>\n<meta property=\"og:image\" content=\"https:\/\/carnitec.com\/wp-content\/uploads\/2016\/05\/Cheesixx.jpg\" \/>\n\t<meta property=\"og:image:width\" content=\"600\" \/>\n\t<meta property=\"og:image:height\" content=\"565\" \/>\n\t<meta property=\"og:image:type\" content=\"image\/jpeg\" \/>\n<meta name=\"twitter:card\" content=\"summary\" \/>\n<meta name=\"twitter:site\" content=\"@carnitec_\" \/>\n<meta name=\"twitter:label1\" content=\"Est. reading time\" \/>\n\t<meta name=\"twitter:data1\" content=\"1 min\u016b\u0161u\" \/>\n<script type=\"application\/ld+json\" class=\"yoast-schema-graph\">{\"@context\":\"https:\/\/schema.org\",\"@graph\":[{\"@type\":\"WebPage\",\"@id\":\"https:\/\/carnitec.com\/lv\/products\/siera-griesanas-iekarta-cheesixx\/\",\"url\":\"https:\/\/carnitec.com\/lv\/products\/siera-griesanas-iekarta-cheesixx\/\",\"name\":\"Siera grie\u0161anas iek\u0101rta Cheesixx - Carnitec\",\"isPartOf\":{\"@id\":\"https:\/\/carnitec.com\/lv\/#website\"},\"datePublished\":\"2016-05-18T17:28:30+00:00\",\"dateModified\":\"2017-02-21T14:28:39+00:00\",\"breadcrumb\":{\"@id\":\"https:\/\/carnitec.com\/lv\/products\/siera-griesanas-iekarta-cheesixx\/#breadcrumb\"},\"inLanguage\":\"lv-LV\",\"potentialAction\":[{\"@type\":\"ReadAction\",\"target\":[\"https:\/\/carnitec.com\/lv\/products\/siera-griesanas-iekarta-cheesixx\/\"]}]},{\"@type\":\"BreadcrumbList\",\"@id\":\"https:\/\/carnitec.com\/lv\/products\/siera-griesanas-iekarta-cheesixx\/#breadcrumb\",\"itemListElement\":[{\"@type\":\"ListItem\",\"position\":1,\"name\":\"\u0413\u043b\u0430\u0432\u043d\u0430\u044f \u0441\u0442\u0440\u0430\u043d\u0438\u0446\u0430\",\"item\":\"https:\/\/carnitec.com\/lv\/\"},{\"@type\":\"ListItem\",\"position\":2,\"name\":\"\u0422\u043e\u0432\u0430\u0440\u044b\",\"item\":\"https:\/\/carnitec.com\/shop\/\"},{\"@type\":\"ListItem\",\"position\":3,\"name\":\"Siera grie\u0161anas iek\u0101rta Cheesixx\"}]},{\"@type\":\"WebSite\",\"@id\":\"https:\/\/carnitec.com\/lv\/#website\",\"url\":\"https:\/\/carnitec.com\/lv\/\",\"name\":\"Carnitec\",\"description\":\"P\u0101rtikas r\u016bpniec\u012bbas iek\u0101rtas\",\"publisher\":{\"@id\":\"https:\/\/carnitec.com\/lv\/#organization\"},\"potentialAction\":[{\"@type\":\"SearchAction\",\"target\":{\"@type\":\"EntryPoint\",\"urlTemplate\":\"https:\/\/carnitec.com\/lv\/?s={search_term_string}\"},\"query-input\":\"required name=search_term_string\"}],\"inLanguage\":\"lv-LV\"},{\"@type\":\"Organization\",\"@id\":\"https:\/\/carnitec.com\/lv\/#organization\",\"name\":\"Carnitec - food processing equipment\",\"url\":\"https:\/\/carnitec.com\/lv\/\",\"sameAs\":[\"https:\/\/www.instagram.com\/carnitec\/?hl=en\",\"https:\/\/www.linkedin.com\/company\/carnitec-ltd\/\",\"https:\/\/www.youtube.com\/channel\/UCwfiuJujkF2QxPPZAqB0T2w\",\"https:\/\/facebook.com\/carnitec1\",\"https:\/\/twitter.com\/carnitec_\"],\"logo\":{\"@type\":\"ImageObject\",\"inLanguage\":\"lv-LV\",\"@id\":\"https:\/\/carnitec.com\/lv\/#\/schema\/logo\/image\/\",\"url\":\"http:\/\/carnitec.com\/wp-content\/uploads\/2018\/01\/carnitec_logo_2018.png\",\"contentUrl\":\"http:\/\/carnitec.com\/wp-content\/uploads\/2018\/01\/carnitec_logo_2018.png\",\"width\":180,\"height\":50,\"caption\":\"Carnitec - food processing equipment\"},\"image\":{\"@id\":\"https:\/\/carnitec.com\/lv\/#\/schema\/logo\/image\/\"}}]}<\/script>\n<!-- \/ Yoast SEO plugin. -->","yoast_head_json":{"title":"Siera grie\u0161anas iek\u0101rta Cheesixx - Carnitec","robots":{"index":"index","follow":"follow","max-snippet":"max-snippet:-1","max-image-preview":"max-image-preview:large","max-video-preview":"max-video-preview:-1"},"canonical":"https:\/\/carnitec.com\/lv\/products\/siera-griesanas-iekarta-cheesixx\/","og_locale":"lv_LV","og_type":"article","og_title":"Siera grie\u0161anas iek\u0101rta Cheesixx - Carnitec","og_description":"Siera grie\u0161anas iek\u0101rta Cheesixx","og_url":"https:\/\/carnitec.com\/lv\/products\/siera-griesanas-iekarta-cheesixx\/","og_site_name":"Carnitec","article_publisher":"https:\/\/facebook.com\/carnitec1","article_modified_time":"2017-02-21T14:28:39+00:00","og_image":[{"width":600,"height":565,"url":"https:\/\/carnitec.com\/wp-content\/uploads\/2016\/05\/Cheesixx.jpg","type":"image\/jpeg"}],"twitter_card":"summary","twitter_site":"@carnitec_","twitter_misc":{"Est. reading time":"1 min\u016b\u0161u"},"schema":{"@context":"https:\/\/schema.org","@graph":[{"@type":"WebPage","@id":"https:\/\/carnitec.com\/lv\/products\/siera-griesanas-iekarta-cheesixx\/","url":"https:\/\/carnitec.com\/lv\/products\/siera-griesanas-iekarta-cheesixx\/","name":"Siera grie\u0161anas iek\u0101rta Cheesixx - Carnitec","isPartOf":{"@id":"https:\/\/carnitec.com\/lv\/#website"},"datePublished":"2016-05-18T17:28:30+00:00","dateModified":"2017-02-21T14:28:39+00:00","breadcrumb":{"@id":"https:\/\/carnitec.com\/lv\/products\/siera-griesanas-iekarta-cheesixx\/#breadcrumb"},"inLanguage":"lv-LV","potentialAction":[{"@type":"ReadAction","target":["https:\/\/carnitec.com\/lv\/products\/siera-griesanas-iekarta-cheesixx\/"]}]},{"@type":"BreadcrumbList","@id":"https:\/\/carnitec.com\/lv\/products\/siera-griesanas-iekarta-cheesixx\/#breadcrumb","itemListElement":[{"@type":"ListItem","position":1,"name":"\u0413\u043b\u0430\u0432\u043d\u0430\u044f \u0441\u0442\u0440\u0430\u043d\u0438\u0446\u0430","item":"https:\/\/carnitec.com\/lv\/"},{"@type":"ListItem","position":2,"name":"\u0422\u043e\u0432\u0430\u0440\u044b","item":"https:\/\/carnitec.com\/shop\/"},{"@type":"ListItem","position":3,"name":"Siera grie\u0161anas iek\u0101rta Cheesixx"}]},{"@type":"WebSite","@id":"https:\/\/carnitec.com\/lv\/#website","url":"https:\/\/carnitec.com\/lv\/","name":"Carnitec","description":"P\u0101rtikas r\u016bpniec\u012bbas iek\u0101rtas","publisher":{"@id":"https:\/\/carnitec.com\/lv\/#organization"},"potentialAction":[{"@type":"SearchAction","target":{"@type":"EntryPoint","urlTemplate":"https:\/\/carnitec.com\/lv\/?s={search_term_string}"},"query-input":"required name=search_term_string"}],"inLanguage":"lv-LV"},{"@type":"Organization","@id":"https:\/\/carnitec.com\/lv\/#organization","name":"Carnitec - food processing equipment","url":"https:\/\/carnitec.com\/lv\/","sameAs":["https:\/\/www.instagram.com\/carnitec\/?hl=en","https:\/\/www.linkedin.com\/company\/carnitec-ltd\/","https:\/\/www.youtube.com\/channel\/UCwfiuJujkF2QxPPZAqB0T2w","https:\/\/facebook.com\/carnitec1","https:\/\/twitter.com\/carnitec_"],"logo":{"@type":"ImageObject","inLanguage":"lv-LV","@id":"https:\/\/carnitec.com\/lv\/#\/schema\/logo\/image\/","url":"http:\/\/carnitec.com\/wp-content\/uploads\/2018\/01\/carnitec_logo_2018.png","contentUrl":"http:\/\/carnitec.com\/wp-content\/uploads\/2018\/01\/carnitec_logo_2018.png","width":180,"height":50,"caption":"Carnitec - food processing equipment"},"image":{"@id":"https:\/\/carnitec.com\/lv\/#\/schema\/logo\/image\/"}}]}},"_links":{"self":[{"href":"https:\/\/carnitec.com\/lv\/wp-json\/wp\/v2\/product\/9743"}],"collection":[{"href":"https:\/\/carnitec.com\/lv\/wp-json\/wp\/v2\/product"}],"about":[{"href":"https:\/\/carnitec.com\/lv\/wp-json\/wp\/v2\/types\/product"}],"wp:featuredmedia":[{"embeddable":true,"href":"https:\/\/carnitec.com\/lv\/wp-json\/wp\/v2\/media\/9706"}],"wp:attachment":[{"href":"https:\/\/carnitec.com\/lv\/wp-json\/wp\/v2\/media?parent=9743"}],"wp:term":[{"taxonomy":"product_cat","embeddable":true,"href":"https:\/\/carnitec.com\/lv\/wp-json\/wp\/v2\/product_cat?post=9743"},{"taxonomy":"product_tag","embeddable":true,"href":"https:\/\/carnitec.com\/lv\/wp-json\/wp\/v2\/product_tag?post=9743"}],"curies":[{"name":"wp","href":"https:\/\/api.w.org\/{rel}","templated":true}]}}