{"id":9732,"date":"2015-10-15T20:28:27","date_gmt":"2016-05-18T11:29:01","guid":{"rendered":"http:\/\/staging1.carnitec.com\/lv\/?post_type=product&#038;p=9732"},"modified":"2016-05-18T13:29:01","modified_gmt":"2016-05-18T11:29:01","slug":"pusautomatiska-hamburgeru-razosanas-iekarta-ct1100","status":"publish","type":"product","link":"https:\/\/carnitec.com\/lv\/products\/pusautomatiska-hamburgeru-razosanas-iekarta-ct1100\/","title":{"rendered":"Pusautom\u0101tiska hamburgeru ra\u017eo\u0161anas iek\u0101rta CT1100"},"content":{"rendered":"<p>Pusautom\u0101tiska hamburgeru ra\u017eo\u0161anas iek\u0101rta<\/p>\n<div class=\"embed-responsive embed-responsive-16by9\"><iframe loading=\"lazy\" title=\"Semi automatic hamburger production machine CT1100\" width=\"640\" height=\"360\" src=\"https:\/\/www.youtube.com\/embed\/NOlvxCvPTA4?feature=oembed\" frameborder=\"0\" allow=\"accelerometer; autoplay; clipboard-write; encrypted-media; gyroscope; picture-in-picture\" allowfullscreen><\/iframe><\/div>\n<p>&nbsp;<\/p>\n<h2>Tehniskais raksturojums<\/h2>\n<p>Var funkcion\u0113t kop\u0101 ar jebk\u0101du pild\u012bt\u0101ju (vakuuma, hidraulisks un citi). Izvadcauruma \u0101r\u0113js diametrs &#8211; 30 mm).<br \/>\nAutom\u0101tiski uzkl\u0101ta celof\u0101na pamatni no ab\u0101m pus\u0113m un apgrie\u017e celof\u0101nu p\u0113c kotletes formas.<br \/>\nHamburgeru forma ir apa\u013ca (diam. 108 mm) vai ov\u0101la 122 x 90 mm (p\u0113c v\u0113l\u0113\u0161an\u0101s).<br \/>\nIek\u0101rta uzst\u0101dama uz speci\u0101lo galdu &#8211; balstu vai uz standarta galdu (p\u0113c v\u0113l\u0113\u0161an\u0101s).<br \/>\nRa\u017eotsp\u0113ja no 20 l\u012bdz 40 gab. \/ min (atkar\u012bgi no pild\u012bt\u0101ja darba \u0101truma un operatora iema\u0146as).<br \/>\nHamburgera svars no 60 l\u012bdz 130 g (biezums viegli regul\u0113jams).<br \/>\nTiek izmantotas spoles ar celof\u0101nu.<br \/>\nIek\u0101rta ar pneimatisko piedzi\u0146u (bez elektropadeves).<br \/>\nViegla kop\u0161ana.<br \/>\nIzm\u0113ri: 600 x 200 x 450 mm.<br \/>\nSvars: 18 kg.<br \/>\nMateri\u0101ls &#8211; ner\u016bs\u0113jo\u0161s t\u0113rauds.<\/p>\n","protected":false},"excerpt":{"rendered":"<p>Ra\u017eotsp\u0113ja no 20 l\u012bdz 40 gab. \/ min (atkar\u012bgi no pild\u012bt\u0101ja darba \u0101truma un operatora iema\u0146as).<\/p>\n","protected":false},"featured_media":9736,"template":"","meta":{"content-type":"","_monsterinsights_skip_tracking":false,"_monsterinsights_sitenote_active":false,"_monsterinsights_sitenote_note":"","_monsterinsights_sitenote_category":0},"product_cat":[1613],"product_tag":[],"yoast_head":"<!-- This site is optimized with the Yoast SEO plugin v19.5.1 - https:\/\/yoast.com\/wordpress\/plugins\/seo\/ -->\n<title>Pusautom\u0101tiska hamburgeru ra\u017eo\u0161anas iek\u0101rta CT1100 - Carnitec<\/title>\n<meta name=\"robots\" content=\"index, follow, max-snippet:-1, max-image-preview:large, max-video-preview:-1\" \/>\n<link rel=\"canonical\" href=\"https:\/\/carnitec.com\/lv\/products\/pusautomatiska-hamburgeru-razosanas-iekarta-ct1100\/\" \/>\n<meta property=\"og:locale\" content=\"lv_LV\" \/>\n<meta property=\"og:type\" content=\"article\" \/>\n<meta property=\"og:title\" content=\"Pusautom\u0101tiska hamburgeru ra\u017eo\u0161anas iek\u0101rta CT1100 - Carnitec\" \/>\n<meta property=\"og:description\" content=\"Ra\u017eotsp\u0113ja no 20 l\u012bdz 40 gab. \/ min (atkar\u012bgi no pild\u012bt\u0101ja darba \u0101truma un operatora iema\u0146as).\" \/>\n<meta property=\"og:url\" content=\"https:\/\/carnitec.com\/lv\/products\/pusautomatiska-hamburgeru-razosanas-iekarta-ct1100\/\" \/>\n<meta property=\"og:site_name\" content=\"Carnitec\" \/>\n<meta property=\"article:publisher\" content=\"https:\/\/facebook.com\/carnitec1\" \/>\n<meta property=\"og:image\" content=\"https:\/\/carnitec.com\/wp-content\/uploads\/2015\/10\/5051f784954b4.jpg\" \/>\n\t<meta property=\"og:image:width\" content=\"400\" \/>\n\t<meta property=\"og:image:height\" content=\"500\" \/>\n\t<meta property=\"og:image:type\" content=\"image\/jpeg\" \/>\n<meta name=\"twitter:card\" content=\"summary\" \/>\n<meta name=\"twitter:site\" content=\"@carnitec_\" \/>\n<meta name=\"twitter:label1\" content=\"Est. reading time\" \/>\n\t<meta name=\"twitter:data1\" content=\"1 min\u016b\u0161u\" \/>\n<script type=\"application\/ld+json\" class=\"yoast-schema-graph\">{\"@context\":\"https:\/\/schema.org\",\"@graph\":[{\"@type\":\"WebPage\",\"@id\":\"https:\/\/carnitec.com\/lv\/products\/pusautomatiska-hamburgeru-razosanas-iekarta-ct1100\/\",\"url\":\"https:\/\/carnitec.com\/lv\/products\/pusautomatiska-hamburgeru-razosanas-iekarta-ct1100\/\",\"name\":\"Pusautom\u0101tiska hamburgeru ra\u017eo\u0161anas iek\u0101rta CT1100 - Carnitec\",\"isPartOf\":{\"@id\":\"https:\/\/carnitec.com\/lv\/#website\"},\"datePublished\":\"2016-05-18T11:29:01+00:00\",\"dateModified\":\"2016-05-18T11:29:01+00:00\",\"breadcrumb\":{\"@id\":\"https:\/\/carnitec.com\/lv\/products\/pusautomatiska-hamburgeru-razosanas-iekarta-ct1100\/#breadcrumb\"},\"inLanguage\":\"lv-LV\",\"potentialAction\":[{\"@type\":\"ReadAction\",\"target\":[\"https:\/\/carnitec.com\/lv\/products\/pusautomatiska-hamburgeru-razosanas-iekarta-ct1100\/\"]}]},{\"@type\":\"BreadcrumbList\",\"@id\":\"https:\/\/carnitec.com\/lv\/products\/pusautomatiska-hamburgeru-razosanas-iekarta-ct1100\/#breadcrumb\",\"itemListElement\":[{\"@type\":\"ListItem\",\"position\":1,\"name\":\"\u0413\u043b\u0430\u0432\u043d\u0430\u044f \u0441\u0442\u0440\u0430\u043d\u0438\u0446\u0430\",\"item\":\"https:\/\/carnitec.com\/lv\/\"},{\"@type\":\"ListItem\",\"position\":2,\"name\":\"\u0422\u043e\u0432\u0430\u0440\u044b\",\"item\":\"https:\/\/carnitec.com\/shop\/\"},{\"@type\":\"ListItem\",\"position\":3,\"name\":\"Pusautom\u0101tiska hamburgeru ra\u017eo\u0161anas iek\u0101rta CT1100\"}]},{\"@type\":\"WebSite\",\"@id\":\"https:\/\/carnitec.com\/lv\/#website\",\"url\":\"https:\/\/carnitec.com\/lv\/\",\"name\":\"Carnitec\",\"description\":\"P\u0101rtikas r\u016bpniec\u012bbas iek\u0101rtas\",\"publisher\":{\"@id\":\"https:\/\/carnitec.com\/lv\/#organization\"},\"potentialAction\":[{\"@type\":\"SearchAction\",\"target\":{\"@type\":\"EntryPoint\",\"urlTemplate\":\"https:\/\/carnitec.com\/lv\/?s={search_term_string}\"},\"query-input\":\"required name=search_term_string\"}],\"inLanguage\":\"lv-LV\"},{\"@type\":\"Organization\",\"@id\":\"https:\/\/carnitec.com\/lv\/#organization\",\"name\":\"Carnitec - food processing equipment\",\"url\":\"https:\/\/carnitec.com\/lv\/\",\"sameAs\":[\"https:\/\/www.instagram.com\/carnitec\/?hl=en\",\"https:\/\/www.linkedin.com\/company\/carnitec-ltd\/\",\"https:\/\/www.youtube.com\/channel\/UCwfiuJujkF2QxPPZAqB0T2w\",\"https:\/\/facebook.com\/carnitec1\",\"https:\/\/twitter.com\/carnitec_\"],\"logo\":{\"@type\":\"ImageObject\",\"inLanguage\":\"lv-LV\",\"@id\":\"https:\/\/carnitec.com\/lv\/#\/schema\/logo\/image\/\",\"url\":\"http:\/\/carnitec.com\/wp-content\/uploads\/2018\/01\/carnitec_logo_2018.png\",\"contentUrl\":\"http:\/\/carnitec.com\/wp-content\/uploads\/2018\/01\/carnitec_logo_2018.png\",\"width\":180,\"height\":50,\"caption\":\"Carnitec - food processing equipment\"},\"image\":{\"@id\":\"https:\/\/carnitec.com\/lv\/#\/schema\/logo\/image\/\"}}]}<\/script>\n<!-- \/ Yoast SEO plugin. -->","yoast_head_json":{"title":"Pusautom\u0101tiska hamburgeru ra\u017eo\u0161anas iek\u0101rta CT1100 - Carnitec","robots":{"index":"index","follow":"follow","max-snippet":"max-snippet:-1","max-image-preview":"max-image-preview:large","max-video-preview":"max-video-preview:-1"},"canonical":"https:\/\/carnitec.com\/lv\/products\/pusautomatiska-hamburgeru-razosanas-iekarta-ct1100\/","og_locale":"lv_LV","og_type":"article","og_title":"Pusautom\u0101tiska hamburgeru ra\u017eo\u0161anas iek\u0101rta CT1100 - Carnitec","og_description":"Ra\u017eotsp\u0113ja no 20 l\u012bdz 40 gab. \/ min (atkar\u012bgi no pild\u012bt\u0101ja darba \u0101truma un operatora iema\u0146as).","og_url":"https:\/\/carnitec.com\/lv\/products\/pusautomatiska-hamburgeru-razosanas-iekarta-ct1100\/","og_site_name":"Carnitec","article_publisher":"https:\/\/facebook.com\/carnitec1","og_image":[{"width":400,"height":500,"url":"https:\/\/carnitec.com\/wp-content\/uploads\/2015\/10\/5051f784954b4.jpg","type":"image\/jpeg"}],"twitter_card":"summary","twitter_site":"@carnitec_","twitter_misc":{"Est. reading time":"1 min\u016b\u0161u"},"schema":{"@context":"https:\/\/schema.org","@graph":[{"@type":"WebPage","@id":"https:\/\/carnitec.com\/lv\/products\/pusautomatiska-hamburgeru-razosanas-iekarta-ct1100\/","url":"https:\/\/carnitec.com\/lv\/products\/pusautomatiska-hamburgeru-razosanas-iekarta-ct1100\/","name":"Pusautom\u0101tiska hamburgeru ra\u017eo\u0161anas iek\u0101rta CT1100 - Carnitec","isPartOf":{"@id":"https:\/\/carnitec.com\/lv\/#website"},"datePublished":"2016-05-18T11:29:01+00:00","dateModified":"2016-05-18T11:29:01+00:00","breadcrumb":{"@id":"https:\/\/carnitec.com\/lv\/products\/pusautomatiska-hamburgeru-razosanas-iekarta-ct1100\/#breadcrumb"},"inLanguage":"lv-LV","potentialAction":[{"@type":"ReadAction","target":["https:\/\/carnitec.com\/lv\/products\/pusautomatiska-hamburgeru-razosanas-iekarta-ct1100\/"]}]},{"@type":"BreadcrumbList","@id":"https:\/\/carnitec.com\/lv\/products\/pusautomatiska-hamburgeru-razosanas-iekarta-ct1100\/#breadcrumb","itemListElement":[{"@type":"ListItem","position":1,"name":"\u0413\u043b\u0430\u0432\u043d\u0430\u044f \u0441\u0442\u0440\u0430\u043d\u0438\u0446\u0430","item":"https:\/\/carnitec.com\/lv\/"},{"@type":"ListItem","position":2,"name":"\u0422\u043e\u0432\u0430\u0440\u044b","item":"https:\/\/carnitec.com\/shop\/"},{"@type":"ListItem","position":3,"name":"Pusautom\u0101tiska hamburgeru ra\u017eo\u0161anas iek\u0101rta CT1100"}]},{"@type":"WebSite","@id":"https:\/\/carnitec.com\/lv\/#website","url":"https:\/\/carnitec.com\/lv\/","name":"Carnitec","description":"P\u0101rtikas r\u016bpniec\u012bbas iek\u0101rtas","publisher":{"@id":"https:\/\/carnitec.com\/lv\/#organization"},"potentialAction":[{"@type":"SearchAction","target":{"@type":"EntryPoint","urlTemplate":"https:\/\/carnitec.com\/lv\/?s={search_term_string}"},"query-input":"required name=search_term_string"}],"inLanguage":"lv-LV"},{"@type":"Organization","@id":"https:\/\/carnitec.com\/lv\/#organization","name":"Carnitec - food processing equipment","url":"https:\/\/carnitec.com\/lv\/","sameAs":["https:\/\/www.instagram.com\/carnitec\/?hl=en","https:\/\/www.linkedin.com\/company\/carnitec-ltd\/","https:\/\/www.youtube.com\/channel\/UCwfiuJujkF2QxPPZAqB0T2w","https:\/\/facebook.com\/carnitec1","https:\/\/twitter.com\/carnitec_"],"logo":{"@type":"ImageObject","inLanguage":"lv-LV","@id":"https:\/\/carnitec.com\/lv\/#\/schema\/logo\/image\/","url":"http:\/\/carnitec.com\/wp-content\/uploads\/2018\/01\/carnitec_logo_2018.png","contentUrl":"http:\/\/carnitec.com\/wp-content\/uploads\/2018\/01\/carnitec_logo_2018.png","width":180,"height":50,"caption":"Carnitec - food processing equipment"},"image":{"@id":"https:\/\/carnitec.com\/lv\/#\/schema\/logo\/image\/"}}]}},"_links":{"self":[{"href":"https:\/\/carnitec.com\/lv\/wp-json\/wp\/v2\/product\/9732"}],"collection":[{"href":"https:\/\/carnitec.com\/lv\/wp-json\/wp\/v2\/product"}],"about":[{"href":"https:\/\/carnitec.com\/lv\/wp-json\/wp\/v2\/types\/product"}],"wp:featuredmedia":[{"embeddable":true,"href":"https:\/\/carnitec.com\/lv\/wp-json\/wp\/v2\/media\/9736"}],"wp:attachment":[{"href":"https:\/\/carnitec.com\/lv\/wp-json\/wp\/v2\/media?parent=9732"}],"wp:term":[{"taxonomy":"product_cat","embeddable":true,"href":"https:\/\/carnitec.com\/lv\/wp-json\/wp\/v2\/product_cat?post=9732"},{"taxonomy":"product_tag","embeddable":true,"href":"https:\/\/carnitec.com\/lv\/wp-json\/wp\/v2\/product_tag?post=9732"}],"curies":[{"name":"wp","href":"https:\/\/api.w.org\/{rel}","templated":true}]}}