{"id":9729,"date":"2016-03-24T14:55:07","date_gmt":"2016-05-18T11:16:28","guid":{"rendered":"http:\/\/staging1.carnitec.com\/lv\/?post_type=product&#038;p=9729"},"modified":"2016-05-18T13:16:28","modified_gmt":"2016-05-18T11:16:28","slug":"automatiska-hamburgeru-razosanas-iekarta-ctr2000","status":"publish","type":"product","link":"https:\/\/carnitec.com\/lv\/products\/automatiska-hamburgeru-razosanas-iekarta-ctr2000\/","title":{"rendered":"Autom\u0101tiska hamburgeru ra\u017eo\u0161anas iek\u0101rta CTR2000"},"content":{"rendered":"<h2><strong>Autom\u0101tiska hamburgeru ra\u017eo\u0161anas iek\u0101rta CTR2000<\/strong><\/h2>\n<p>Ra\u017eotsp\u0113ja: no 50 l\u012bdz 75 hamb.\/min., atkar\u012bgi no pild\u012bt\u0101ja darba \u0101truma un maltas ga\u013cas tipa.<br \/>\n<img class=\"alignnone size-medium wp-image-7912\" style=\"font-weight: 300;\" src=\"http:\/\/carnitec.com\/wp-content\/uploads\/2016\/03\/2000-279x300.jpg\" alt=\"2000\" width=\"279\" height=\"300\" \/><img class=\"alignnone size-medium wp-image-7915\" style=\"font-weight: 300;\" src=\"http:\/\/carnitec.com\/wp-content\/uploads\/2016\/03\/2000_1-300x294.jpg\" alt=\"2000_1\" width=\"300\" height=\"294\" \/><\/p>\n<p><img class=\"alignnone size-medium wp-image-7918\" src=\"http:\/\/carnitec.com\/wp-content\/uploads\/2016\/03\/burger_panc-300x294.jpg\" alt=\"burger_panc\" width=\"300\" height=\"294\" \/><\/p>\n<p>&nbsp;<\/p>\n<p>Var funkcion\u0113t kop\u0101 ar jebk\u0101du pild\u012bt\u0101ju (vakuuma, hidraulisks un citi). Izvadcauruma \u0101r\u0113js diametrs &#8211; 30 mm).<br \/>\nAutom\u0101tiski uzkl\u0101ta celof\u0101na pamatni no ab\u0101m pus\u0113m un apgrie\u017e celof\u0101nu p\u0113c hamburgera formas vai kvadr\u0101ta (p\u0113c v\u0113l\u0113\u0161an\u0101s).<br \/>\nRa\u017eotsp\u0113ja: no 50 l\u012bdz 75 hamb.\/min., atkar\u012bgi no pild\u012bt\u0101ja darba \u0101truma un maltas ga\u013cas tipa.<br \/>\nHamburgera forma ir apa\u013ca 108 mm vai ov\u0101la 122 x 90 mm (p\u0113c v\u0113l\u0113\u0161an\u0101s).<br \/>\nHamburgera svars no 70 l\u012bdz 130 g (biezums viegli regul\u0113jams).<br \/>\nTiek izmantotas spoles ar celof\u0101nu (jebk\u0101ds ra\u017eot\u0101js).<br \/>\nDarb\u012bbas princips &#8211; pneimatisks (6 kg \/ cm2).<br \/>\nGaisa pat\u0113ri\u0146\u0161 100 l \/ min.<br \/>\nPat\u0113r\u0113ta jauda 100 W<br \/>\nViegla kop\u0161ana.<br \/>\nIzm\u0113rs: 850 x 580 x 1300 mm<br \/>\nIek\u0101rtas svars (bez transport\u0113\u0161anas lentas) : 70 kg<br \/>\nMateri\u0101ls &#8211; ner\u016bs\u0113jo\u0161s t\u0113rauds.<\/p>\n<p>Tehniskas ier\u012bces vienk\u0101r\u0161\u012bba, efektivit\u0101te un ekonomiskums.<\/p>\n<div class=\"embed-responsive embed-responsive-16by9\"><iframe loading=\"lazy\" title=\"Automatic hamburger production machine CTR2000\" width=\"640\" height=\"360\" src=\"https:\/\/www.youtube.com\/embed\/n6i0WA6Wbjs?feature=oembed\" frameborder=\"0\" allow=\"accelerometer; autoplay; clipboard-write; encrypted-media; gyroscope; picture-in-picture\" allowfullscreen><\/iframe><\/div>\n","protected":false},"excerpt":{"rendered":"<p>Ra\u017eotsp\u0113ja: no 50 l\u012bdz 75 hamb.\/min., atkar\u012bgi no pild\u012bt\u0101ja darba \u0101truma un maltas ga\u013cas tipa.<\/p>\n","protected":false},"featured_media":7911,"template":"","meta":{"content-type":"","_monsterinsights_skip_tracking":false,"_monsterinsights_sitenote_active":false,"_monsterinsights_sitenote_note":"","_monsterinsights_sitenote_category":0},"product_cat":[1613],"product_tag":[],"yoast_head":"<!-- This site is optimized with the Yoast SEO plugin v19.5.1 - https:\/\/yoast.com\/wordpress\/plugins\/seo\/ -->\n<title>Autom\u0101tiska hamburgeru ra\u017eo\u0161anas iek\u0101rta CTR2000 - Carnitec<\/title>\n<meta name=\"robots\" content=\"index, follow, max-snippet:-1, max-image-preview:large, max-video-preview:-1\" \/>\n<link rel=\"canonical\" href=\"https:\/\/carnitec.com\/lv\/products\/automatiska-hamburgeru-razosanas-iekarta-ctr2000\/\" \/>\n<meta property=\"og:locale\" content=\"lv_LV\" \/>\n<meta property=\"og:type\" content=\"article\" \/>\n<meta property=\"og:title\" content=\"Autom\u0101tiska hamburgeru ra\u017eo\u0161anas iek\u0101rta CTR2000 - Carnitec\" \/>\n<meta property=\"og:description\" content=\"Ra\u017eotsp\u0113ja: no 50 l\u012bdz 75 hamb.\/min., atkar\u012bgi no pild\u012bt\u0101ja darba \u0101truma un maltas ga\u013cas tipa.\" \/>\n<meta property=\"og:url\" content=\"https:\/\/carnitec.com\/lv\/products\/automatiska-hamburgeru-razosanas-iekarta-ctr2000\/\" \/>\n<meta property=\"og:site_name\" content=\"Carnitec\" \/>\n<meta property=\"article:publisher\" content=\"https:\/\/facebook.com\/carnitec1\" \/>\n<meta property=\"og:image\" content=\"https:\/\/carnitec.com\/wp-content\/uploads\/2016\/03\/ctr2000.jpg\" \/>\n\t<meta property=\"og:image:width\" content=\"380\" \/>\n\t<meta property=\"og:image:height\" content=\"550\" \/>\n\t<meta property=\"og:image:type\" content=\"image\/jpeg\" \/>\n<meta name=\"twitter:card\" content=\"summary\" \/>\n<meta name=\"twitter:site\" content=\"@carnitec_\" \/>\n<meta name=\"twitter:label1\" content=\"Est. reading time\" \/>\n\t<meta name=\"twitter:data1\" content=\"1 min\u016b\u0161u\" \/>\n<script type=\"application\/ld+json\" class=\"yoast-schema-graph\">{\"@context\":\"https:\/\/schema.org\",\"@graph\":[{\"@type\":\"WebPage\",\"@id\":\"https:\/\/carnitec.com\/lv\/products\/automatiska-hamburgeru-razosanas-iekarta-ctr2000\/\",\"url\":\"https:\/\/carnitec.com\/lv\/products\/automatiska-hamburgeru-razosanas-iekarta-ctr2000\/\",\"name\":\"Autom\u0101tiska hamburgeru ra\u017eo\u0161anas iek\u0101rta CTR2000 - Carnitec\",\"isPartOf\":{\"@id\":\"https:\/\/carnitec.com\/lv\/#website\"},\"datePublished\":\"2016-05-18T11:16:28+00:00\",\"dateModified\":\"2016-05-18T11:16:28+00:00\",\"breadcrumb\":{\"@id\":\"https:\/\/carnitec.com\/lv\/products\/automatiska-hamburgeru-razosanas-iekarta-ctr2000\/#breadcrumb\"},\"inLanguage\":\"lv-LV\",\"potentialAction\":[{\"@type\":\"ReadAction\",\"target\":[\"https:\/\/carnitec.com\/lv\/products\/automatiska-hamburgeru-razosanas-iekarta-ctr2000\/\"]}]},{\"@type\":\"BreadcrumbList\",\"@id\":\"https:\/\/carnitec.com\/lv\/products\/automatiska-hamburgeru-razosanas-iekarta-ctr2000\/#breadcrumb\",\"itemListElement\":[{\"@type\":\"ListItem\",\"position\":1,\"name\":\"\u0413\u043b\u0430\u0432\u043d\u0430\u044f \u0441\u0442\u0440\u0430\u043d\u0438\u0446\u0430\",\"item\":\"https:\/\/carnitec.com\/lv\/\"},{\"@type\":\"ListItem\",\"position\":2,\"name\":\"\u0422\u043e\u0432\u0430\u0440\u044b\",\"item\":\"https:\/\/carnitec.com\/shop\/\"},{\"@type\":\"ListItem\",\"position\":3,\"name\":\"Autom\u0101tiska hamburgeru ra\u017eo\u0161anas iek\u0101rta CTR2000\"}]},{\"@type\":\"WebSite\",\"@id\":\"https:\/\/carnitec.com\/lv\/#website\",\"url\":\"https:\/\/carnitec.com\/lv\/\",\"name\":\"Carnitec\",\"description\":\"P\u0101rtikas r\u016bpniec\u012bbas iek\u0101rtas\",\"publisher\":{\"@id\":\"https:\/\/carnitec.com\/lv\/#organization\"},\"potentialAction\":[{\"@type\":\"SearchAction\",\"target\":{\"@type\":\"EntryPoint\",\"urlTemplate\":\"https:\/\/carnitec.com\/lv\/?s={search_term_string}\"},\"query-input\":\"required name=search_term_string\"}],\"inLanguage\":\"lv-LV\"},{\"@type\":\"Organization\",\"@id\":\"https:\/\/carnitec.com\/lv\/#organization\",\"name\":\"Carnitec - food processing equipment\",\"url\":\"https:\/\/carnitec.com\/lv\/\",\"sameAs\":[\"https:\/\/www.instagram.com\/carnitec\/?hl=en\",\"https:\/\/www.linkedin.com\/company\/carnitec-ltd\/\",\"https:\/\/www.youtube.com\/channel\/UCwfiuJujkF2QxPPZAqB0T2w\",\"https:\/\/facebook.com\/carnitec1\",\"https:\/\/twitter.com\/carnitec_\"],\"logo\":{\"@type\":\"ImageObject\",\"inLanguage\":\"lv-LV\",\"@id\":\"https:\/\/carnitec.com\/lv\/#\/schema\/logo\/image\/\",\"url\":\"http:\/\/carnitec.com\/wp-content\/uploads\/2018\/01\/carnitec_logo_2018.png\",\"contentUrl\":\"http:\/\/carnitec.com\/wp-content\/uploads\/2018\/01\/carnitec_logo_2018.png\",\"width\":180,\"height\":50,\"caption\":\"Carnitec - food processing equipment\"},\"image\":{\"@id\":\"https:\/\/carnitec.com\/lv\/#\/schema\/logo\/image\/\"}}]}<\/script>\n<!-- \/ Yoast SEO plugin. -->","yoast_head_json":{"title":"Autom\u0101tiska hamburgeru ra\u017eo\u0161anas iek\u0101rta CTR2000 - Carnitec","robots":{"index":"index","follow":"follow","max-snippet":"max-snippet:-1","max-image-preview":"max-image-preview:large","max-video-preview":"max-video-preview:-1"},"canonical":"https:\/\/carnitec.com\/lv\/products\/automatiska-hamburgeru-razosanas-iekarta-ctr2000\/","og_locale":"lv_LV","og_type":"article","og_title":"Autom\u0101tiska hamburgeru ra\u017eo\u0161anas iek\u0101rta CTR2000 - Carnitec","og_description":"Ra\u017eotsp\u0113ja: no 50 l\u012bdz 75 hamb.\/min., atkar\u012bgi no pild\u012bt\u0101ja darba \u0101truma un maltas ga\u013cas tipa.","og_url":"https:\/\/carnitec.com\/lv\/products\/automatiska-hamburgeru-razosanas-iekarta-ctr2000\/","og_site_name":"Carnitec","article_publisher":"https:\/\/facebook.com\/carnitec1","og_image":[{"width":380,"height":550,"url":"https:\/\/carnitec.com\/wp-content\/uploads\/2016\/03\/ctr2000.jpg","type":"image\/jpeg"}],"twitter_card":"summary","twitter_site":"@carnitec_","twitter_misc":{"Est. reading time":"1 min\u016b\u0161u"},"schema":{"@context":"https:\/\/schema.org","@graph":[{"@type":"WebPage","@id":"https:\/\/carnitec.com\/lv\/products\/automatiska-hamburgeru-razosanas-iekarta-ctr2000\/","url":"https:\/\/carnitec.com\/lv\/products\/automatiska-hamburgeru-razosanas-iekarta-ctr2000\/","name":"Autom\u0101tiska hamburgeru ra\u017eo\u0161anas iek\u0101rta CTR2000 - Carnitec","isPartOf":{"@id":"https:\/\/carnitec.com\/lv\/#website"},"datePublished":"2016-05-18T11:16:28+00:00","dateModified":"2016-05-18T11:16:28+00:00","breadcrumb":{"@id":"https:\/\/carnitec.com\/lv\/products\/automatiska-hamburgeru-razosanas-iekarta-ctr2000\/#breadcrumb"},"inLanguage":"lv-LV","potentialAction":[{"@type":"ReadAction","target":["https:\/\/carnitec.com\/lv\/products\/automatiska-hamburgeru-razosanas-iekarta-ctr2000\/"]}]},{"@type":"BreadcrumbList","@id":"https:\/\/carnitec.com\/lv\/products\/automatiska-hamburgeru-razosanas-iekarta-ctr2000\/#breadcrumb","itemListElement":[{"@type":"ListItem","position":1,"name":"\u0413\u043b\u0430\u0432\u043d\u0430\u044f \u0441\u0442\u0440\u0430\u043d\u0438\u0446\u0430","item":"https:\/\/carnitec.com\/lv\/"},{"@type":"ListItem","position":2,"name":"\u0422\u043e\u0432\u0430\u0440\u044b","item":"https:\/\/carnitec.com\/shop\/"},{"@type":"ListItem","position":3,"name":"Autom\u0101tiska hamburgeru ra\u017eo\u0161anas iek\u0101rta CTR2000"}]},{"@type":"WebSite","@id":"https:\/\/carnitec.com\/lv\/#website","url":"https:\/\/carnitec.com\/lv\/","name":"Carnitec","description":"P\u0101rtikas r\u016bpniec\u012bbas iek\u0101rtas","publisher":{"@id":"https:\/\/carnitec.com\/lv\/#organization"},"potentialAction":[{"@type":"SearchAction","target":{"@type":"EntryPoint","urlTemplate":"https:\/\/carnitec.com\/lv\/?s={search_term_string}"},"query-input":"required name=search_term_string"}],"inLanguage":"lv-LV"},{"@type":"Organization","@id":"https:\/\/carnitec.com\/lv\/#organization","name":"Carnitec - food processing equipment","url":"https:\/\/carnitec.com\/lv\/","sameAs":["https:\/\/www.instagram.com\/carnitec\/?hl=en","https:\/\/www.linkedin.com\/company\/carnitec-ltd\/","https:\/\/www.youtube.com\/channel\/UCwfiuJujkF2QxPPZAqB0T2w","https:\/\/facebook.com\/carnitec1","https:\/\/twitter.com\/carnitec_"],"logo":{"@type":"ImageObject","inLanguage":"lv-LV","@id":"https:\/\/carnitec.com\/lv\/#\/schema\/logo\/image\/","url":"http:\/\/carnitec.com\/wp-content\/uploads\/2018\/01\/carnitec_logo_2018.png","contentUrl":"http:\/\/carnitec.com\/wp-content\/uploads\/2018\/01\/carnitec_logo_2018.png","width":180,"height":50,"caption":"Carnitec - food processing equipment"},"image":{"@id":"https:\/\/carnitec.com\/lv\/#\/schema\/logo\/image\/"}}]}},"_links":{"self":[{"href":"https:\/\/carnitec.com\/lv\/wp-json\/wp\/v2\/product\/9729"}],"collection":[{"href":"https:\/\/carnitec.com\/lv\/wp-json\/wp\/v2\/product"}],"about":[{"href":"https:\/\/carnitec.com\/lv\/wp-json\/wp\/v2\/types\/product"}],"wp:featuredmedia":[{"embeddable":true,"href":"https:\/\/carnitec.com\/lv\/wp-json\/wp\/v2\/media\/7911"}],"wp:attachment":[{"href":"https:\/\/carnitec.com\/lv\/wp-json\/wp\/v2\/media?parent=9729"}],"wp:term":[{"taxonomy":"product_cat","embeddable":true,"href":"https:\/\/carnitec.com\/lv\/wp-json\/wp\/v2\/product_cat?post=9729"},{"taxonomy":"product_tag","embeddable":true,"href":"https:\/\/carnitec.com\/lv\/wp-json\/wp\/v2\/product_tag?post=9729"}],"curies":[{"name":"wp","href":"https:\/\/api.w.org\/{rel}","templated":true}]}}