{"id":9702,"date":"2016-03-25T23:23:23","date_gmt":"2016-05-18T05:32:47","guid":{"rendered":"http:\/\/staging1.carnitec.com\/lv\/?post_type=product&#038;p=9702"},"modified":"2016-05-18T07:32:47","modified_gmt":"2016-05-18T05:32:47","slug":"nazu-asinasanas-iekarta-sm-111","status":"publish","type":"product","link":"https:\/\/carnitec.com\/lv\/products\/nazu-asinasanas-iekarta-sm-111\/","title":{"rendered":"Na\u017eu asin\u0101\u0161anas iek\u0101rta SM-111"},"content":{"rendered":"<p>Naz\u016b asin\u0101\u0161anas iek\u0101rta SM-111 Fr.DICK<\/p>\n<div class=\"embed-responsive embed-responsive-16by9\"><iframe loading=\"lazy\" title=\"SM-111 Schleifen, Abziehen &amp; Polieren \/ Grinding, Honing &amp; Polishing\" width=\"640\" height=\"360\" src=\"https:\/\/www.youtube.com\/embed\/yrKRAirMPP8?feature=oembed\" frameborder=\"0\" allow=\"accelerometer; autoplay; clipboard-write; encrypted-media; gyroscope; picture-in-picture\" allowfullscreen><\/iframe><\/div>\n<p>Na\u017eu asin\u0101\u0161ana ar \u016bdens atdzes\u0113\u0161anu<br \/>\nProfesion\u0101lai un \u0101trai na\u017eu asin\u0101\u0161anai. Atdzes\u0113ti ar \u016bdeni asin\u0101\u0161anas rite\u0146iem \u2013 na\u017eu tur\u0113\u0161anas magn\u0113ti nodro\u0161ina pilnu kontroli un \u0101tru restaur\u0101ciju na\u017ea ori\u0123in\u0101la le\u0146\u0137i.<br \/>\nTur\u0113\u0161anas magn\u0113ti absol\u016btai dro\u0161ai un prec\u012bzai asin\u0101\u0161anai<br \/>\nPazemin\u0101ta na\u017ea pat\u0113r\u0113\u0161ana<br \/>\nZemas asin\u0101\u0161anas izdevumi<\/p>\n<p>Art. No. sada\u013ca elektrisks piesl\u0113gums<br \/>\n98210000 D = 17 3\/4\u2033 \/ W = 12\u2033 \/ H = 11 3\/4\u2033 1~230V \/ 50\/60Hz \/ 130W<br \/>\n98210010 D = 17 3\/4\u2033 \/ W = 12\u2033 \/ H = 11 3\/4\u2033 1~115 V \/ 60Hz \/ 130W<\/p>\n","protected":false},"excerpt":{"rendered":"<p>Na\u017eu asin\u0101\u0161anas iek\u0101rta SM-111 DICK<\/p>\n","protected":false},"featured_media":8234,"template":"","meta":{"content-type":"","_monsterinsights_skip_tracking":false,"_monsterinsights_sitenote_active":false,"_monsterinsights_sitenote_note":"","_monsterinsights_sitenote_category":0},"product_cat":[],"product_tag":[],"yoast_head":"<!-- This site is optimized with the Yoast SEO plugin v19.5.1 - https:\/\/yoast.com\/wordpress\/plugins\/seo\/ -->\n<title>Na\u017eu asin\u0101\u0161anas iek\u0101rta SM-111 - Carnitec<\/title>\n<meta name=\"robots\" content=\"index, follow, max-snippet:-1, max-image-preview:large, max-video-preview:-1\" \/>\n<link rel=\"canonical\" href=\"https:\/\/carnitec.com\/lv\/products\/nazu-asinasanas-iekarta-sm-111\/\" \/>\n<meta property=\"og:locale\" content=\"lv_LV\" \/>\n<meta property=\"og:type\" content=\"article\" \/>\n<meta property=\"og:title\" content=\"Na\u017eu asin\u0101\u0161anas iek\u0101rta SM-111 - Carnitec\" \/>\n<meta property=\"og:description\" content=\"Na\u017eu asin\u0101\u0161anas iek\u0101rta SM-111 DICK\" \/>\n<meta property=\"og:url\" content=\"https:\/\/carnitec.com\/lv\/products\/nazu-asinasanas-iekarta-sm-111\/\" \/>\n<meta property=\"og:site_name\" content=\"Carnitec\" \/>\n<meta property=\"article:publisher\" content=\"https:\/\/facebook.com\/carnitec1\" \/>\n<meta property=\"og:image\" content=\"https:\/\/carnitec.com\/wp-content\/uploads\/2016\/03\/SM_111_Grinding.jpg\" \/>\n\t<meta property=\"og:image:width\" content=\"400\" \/>\n\t<meta property=\"og:image:height\" content=\"307\" \/>\n\t<meta property=\"og:image:type\" content=\"image\/jpeg\" \/>\n<meta name=\"twitter:card\" content=\"summary\" \/>\n<meta name=\"twitter:site\" content=\"@carnitec_\" \/>\n<meta name=\"twitter:label1\" content=\"Est. reading time\" \/>\n\t<meta name=\"twitter:data1\" content=\"1 min\u016b\u0161u\" \/>\n<script type=\"application\/ld+json\" class=\"yoast-schema-graph\">{\"@context\":\"https:\/\/schema.org\",\"@graph\":[{\"@type\":\"WebPage\",\"@id\":\"https:\/\/carnitec.com\/lv\/products\/nazu-asinasanas-iekarta-sm-111\/\",\"url\":\"https:\/\/carnitec.com\/lv\/products\/nazu-asinasanas-iekarta-sm-111\/\",\"name\":\"Na\u017eu asin\u0101\u0161anas iek\u0101rta SM-111 - Carnitec\",\"isPartOf\":{\"@id\":\"https:\/\/carnitec.com\/lv\/#website\"},\"datePublished\":\"2016-05-18T05:32:47+00:00\",\"dateModified\":\"2016-05-18T05:32:47+00:00\",\"breadcrumb\":{\"@id\":\"https:\/\/carnitec.com\/lv\/products\/nazu-asinasanas-iekarta-sm-111\/#breadcrumb\"},\"inLanguage\":\"lv-LV\",\"potentialAction\":[{\"@type\":\"ReadAction\",\"target\":[\"https:\/\/carnitec.com\/lv\/products\/nazu-asinasanas-iekarta-sm-111\/\"]}]},{\"@type\":\"BreadcrumbList\",\"@id\":\"https:\/\/carnitec.com\/lv\/products\/nazu-asinasanas-iekarta-sm-111\/#breadcrumb\",\"itemListElement\":[{\"@type\":\"ListItem\",\"position\":1,\"name\":\"\u0413\u043b\u0430\u0432\u043d\u0430\u044f \u0441\u0442\u0440\u0430\u043d\u0438\u0446\u0430\",\"item\":\"https:\/\/carnitec.com\/lv\/\"},{\"@type\":\"ListItem\",\"position\":2,\"name\":\"\u0422\u043e\u0432\u0430\u0440\u044b\",\"item\":\"https:\/\/carnitec.com\/shop\/\"},{\"@type\":\"ListItem\",\"position\":3,\"name\":\"Na\u017eu asin\u0101\u0161anas iek\u0101rta SM-111\"}]},{\"@type\":\"WebSite\",\"@id\":\"https:\/\/carnitec.com\/lv\/#website\",\"url\":\"https:\/\/carnitec.com\/lv\/\",\"name\":\"Carnitec\",\"description\":\"P\u0101rtikas r\u016bpniec\u012bbas iek\u0101rtas\",\"publisher\":{\"@id\":\"https:\/\/carnitec.com\/lv\/#organization\"},\"potentialAction\":[{\"@type\":\"SearchAction\",\"target\":{\"@type\":\"EntryPoint\",\"urlTemplate\":\"https:\/\/carnitec.com\/lv\/?s={search_term_string}\"},\"query-input\":\"required name=search_term_string\"}],\"inLanguage\":\"lv-LV\"},{\"@type\":\"Organization\",\"@id\":\"https:\/\/carnitec.com\/lv\/#organization\",\"name\":\"Carnitec - food processing equipment\",\"url\":\"https:\/\/carnitec.com\/lv\/\",\"sameAs\":[\"https:\/\/www.instagram.com\/carnitec\/?hl=en\",\"https:\/\/www.linkedin.com\/company\/carnitec-ltd\/\",\"https:\/\/www.youtube.com\/channel\/UCwfiuJujkF2QxPPZAqB0T2w\",\"https:\/\/facebook.com\/carnitec1\",\"https:\/\/twitter.com\/carnitec_\"],\"logo\":{\"@type\":\"ImageObject\",\"inLanguage\":\"lv-LV\",\"@id\":\"https:\/\/carnitec.com\/lv\/#\/schema\/logo\/image\/\",\"url\":\"http:\/\/carnitec.com\/wp-content\/uploads\/2018\/01\/carnitec_logo_2018.png\",\"contentUrl\":\"http:\/\/carnitec.com\/wp-content\/uploads\/2018\/01\/carnitec_logo_2018.png\",\"width\":180,\"height\":50,\"caption\":\"Carnitec - food processing equipment\"},\"image\":{\"@id\":\"https:\/\/carnitec.com\/lv\/#\/schema\/logo\/image\/\"}}]}<\/script>\n<!-- \/ Yoast SEO plugin. -->","yoast_head_json":{"title":"Na\u017eu asin\u0101\u0161anas iek\u0101rta SM-111 - Carnitec","robots":{"index":"index","follow":"follow","max-snippet":"max-snippet:-1","max-image-preview":"max-image-preview:large","max-video-preview":"max-video-preview:-1"},"canonical":"https:\/\/carnitec.com\/lv\/products\/nazu-asinasanas-iekarta-sm-111\/","og_locale":"lv_LV","og_type":"article","og_title":"Na\u017eu asin\u0101\u0161anas iek\u0101rta SM-111 - Carnitec","og_description":"Na\u017eu asin\u0101\u0161anas iek\u0101rta SM-111 DICK","og_url":"https:\/\/carnitec.com\/lv\/products\/nazu-asinasanas-iekarta-sm-111\/","og_site_name":"Carnitec","article_publisher":"https:\/\/facebook.com\/carnitec1","og_image":[{"width":400,"height":307,"url":"https:\/\/carnitec.com\/wp-content\/uploads\/2016\/03\/SM_111_Grinding.jpg","type":"image\/jpeg"}],"twitter_card":"summary","twitter_site":"@carnitec_","twitter_misc":{"Est. reading time":"1 min\u016b\u0161u"},"schema":{"@context":"https:\/\/schema.org","@graph":[{"@type":"WebPage","@id":"https:\/\/carnitec.com\/lv\/products\/nazu-asinasanas-iekarta-sm-111\/","url":"https:\/\/carnitec.com\/lv\/products\/nazu-asinasanas-iekarta-sm-111\/","name":"Na\u017eu asin\u0101\u0161anas iek\u0101rta SM-111 - Carnitec","isPartOf":{"@id":"https:\/\/carnitec.com\/lv\/#website"},"datePublished":"2016-05-18T05:32:47+00:00","dateModified":"2016-05-18T05:32:47+00:00","breadcrumb":{"@id":"https:\/\/carnitec.com\/lv\/products\/nazu-asinasanas-iekarta-sm-111\/#breadcrumb"},"inLanguage":"lv-LV","potentialAction":[{"@type":"ReadAction","target":["https:\/\/carnitec.com\/lv\/products\/nazu-asinasanas-iekarta-sm-111\/"]}]},{"@type":"BreadcrumbList","@id":"https:\/\/carnitec.com\/lv\/products\/nazu-asinasanas-iekarta-sm-111\/#breadcrumb","itemListElement":[{"@type":"ListItem","position":1,"name":"\u0413\u043b\u0430\u0432\u043d\u0430\u044f \u0441\u0442\u0440\u0430\u043d\u0438\u0446\u0430","item":"https:\/\/carnitec.com\/lv\/"},{"@type":"ListItem","position":2,"name":"\u0422\u043e\u0432\u0430\u0440\u044b","item":"https:\/\/carnitec.com\/shop\/"},{"@type":"ListItem","position":3,"name":"Na\u017eu asin\u0101\u0161anas iek\u0101rta SM-111"}]},{"@type":"WebSite","@id":"https:\/\/carnitec.com\/lv\/#website","url":"https:\/\/carnitec.com\/lv\/","name":"Carnitec","description":"P\u0101rtikas r\u016bpniec\u012bbas iek\u0101rtas","publisher":{"@id":"https:\/\/carnitec.com\/lv\/#organization"},"potentialAction":[{"@type":"SearchAction","target":{"@type":"EntryPoint","urlTemplate":"https:\/\/carnitec.com\/lv\/?s={search_term_string}"},"query-input":"required name=search_term_string"}],"inLanguage":"lv-LV"},{"@type":"Organization","@id":"https:\/\/carnitec.com\/lv\/#organization","name":"Carnitec - food processing equipment","url":"https:\/\/carnitec.com\/lv\/","sameAs":["https:\/\/www.instagram.com\/carnitec\/?hl=en","https:\/\/www.linkedin.com\/company\/carnitec-ltd\/","https:\/\/www.youtube.com\/channel\/UCwfiuJujkF2QxPPZAqB0T2w","https:\/\/facebook.com\/carnitec1","https:\/\/twitter.com\/carnitec_"],"logo":{"@type":"ImageObject","inLanguage":"lv-LV","@id":"https:\/\/carnitec.com\/lv\/#\/schema\/logo\/image\/","url":"http:\/\/carnitec.com\/wp-content\/uploads\/2018\/01\/carnitec_logo_2018.png","contentUrl":"http:\/\/carnitec.com\/wp-content\/uploads\/2018\/01\/carnitec_logo_2018.png","width":180,"height":50,"caption":"Carnitec - food processing equipment"},"image":{"@id":"https:\/\/carnitec.com\/lv\/#\/schema\/logo\/image\/"}}]}},"_links":{"self":[{"href":"https:\/\/carnitec.com\/lv\/wp-json\/wp\/v2\/product\/9702"}],"collection":[{"href":"https:\/\/carnitec.com\/lv\/wp-json\/wp\/v2\/product"}],"about":[{"href":"https:\/\/carnitec.com\/lv\/wp-json\/wp\/v2\/types\/product"}],"wp:featuredmedia":[{"embeddable":true,"href":"https:\/\/carnitec.com\/lv\/wp-json\/wp\/v2\/media\/8234"}],"wp:attachment":[{"href":"https:\/\/carnitec.com\/lv\/wp-json\/wp\/v2\/media?parent=9702"}],"wp:term":[{"taxonomy":"product_cat","embeddable":true,"href":"https:\/\/carnitec.com\/lv\/wp-json\/wp\/v2\/product_cat?post=9702"},{"taxonomy":"product_tag","embeddable":true,"href":"https:\/\/carnitec.com\/lv\/wp-json\/wp\/v2\/product_tag?post=9702"}],"curies":[{"name":"wp","href":"https:\/\/api.w.org\/{rel}","templated":true}]}}