{"id":9548,"date":"2016-03-21T12:15:12","date_gmt":"2016-04-27T16:25:32","guid":{"rendered":"http:\/\/staging1.carnitec.com\/lv\/?post_type=product&#038;p=9548"},"modified":"2016-04-27T18:25:32","modified_gmt":"2016-04-27T16:25:32","slug":"dozators-dpa-1500-lidz-1500-iepakojumiem-stunda","status":"publish","type":"product","link":"https:\/\/carnitec.com\/lv\/products\/dozators-dpa-1500-lidz-1500-iepakojumiem-stunda\/","title":{"rendered":"Dozators DPA-1500 l\u012bdz 1500 iepakojumiem stund\u0101"},"content":{"rendered":"<p>\u0160\u0137idro produktu dozators ar ra\u017eotsp\u0113ju l\u012bdz 1500 iepakojumiem stund\u0101.<\/p>\n<h3>Apr\u012bko\u0161ana<\/h3>\n<p>Telpisks uzpild\u012b\u0161anas virzulis \u0161\u0137idram produktam un pastam ar regul\u0113jamo uzpild\u012b\u0161anas apjomu no 50 cm\u00b3 l\u012bdz 550 cm\u00b3.<br \/>\nPiltuve produkta iekrau\u0161anai ar tilpumu 25 l.<br \/>\nKonveijera lenta 3000 mm \u0445 82 mm<br \/>\nPret- pil\u0113\u0161anas sist\u0113ma apr\u012bkota ar pneimatisko v\u0101ku, adapt\u0113to produktam<\/p>\n<h3>Tehniskie dati<\/h3>\n<p>augstums 1800 mm<br \/>\nplatums 1500 mm<br \/>\ngarums 3000 mm<br \/>\nspriegums 380V 50 Hz<br \/>\npneimatiska piesl\u0113g\u0161ana 6 bar<br \/>\nra\u017eotsp\u0113ja l\u012bdz 1500 tilpum.<\/p>\n<p><iframe loading=\"lazy\" title=\"Butter filling in tines\" width=\"640\" height=\"360\" src=\"https:\/\/www.youtube.com\/embed\/QqNtl-e1YHM?feature=oembed\" frameborder=\"0\" allow=\"accelerometer; autoplay; clipboard-write; encrypted-media; gyroscope; picture-in-picture\" allowfullscreen><\/iframe><\/p>\n","protected":false},"excerpt":{"rendered":"<p>\u0160\u0137idro produktu dozators ar ra\u017eotsp\u0113ju l\u012bdz 1500 iepakojumiem stund\u0101.<\/p>\n","protected":false},"featured_media":7720,"template":"","meta":{"content-type":"","_monsterinsights_skip_tracking":false,"_monsterinsights_sitenote_active":false,"_monsterinsights_sitenote_note":"","_monsterinsights_sitenote_category":0},"product_cat":[1349],"product_tag":[],"yoast_head":"<!-- This site is optimized with the Yoast SEO plugin v19.5.1 - https:\/\/yoast.com\/wordpress\/plugins\/seo\/ -->\n<title>Dozators DPA-1500 l\u012bdz 1500 iepakojumiem stund\u0101 - Carnitec<\/title>\n<meta name=\"robots\" content=\"index, follow, max-snippet:-1, max-image-preview:large, max-video-preview:-1\" \/>\n<link rel=\"canonical\" href=\"https:\/\/carnitec.com\/lv\/products\/dozators-dpa-1500-lidz-1500-iepakojumiem-stunda\/\" \/>\n<meta property=\"og:locale\" content=\"lv_LV\" \/>\n<meta property=\"og:type\" content=\"article\" \/>\n<meta property=\"og:title\" content=\"Dozators DPA-1500 l\u012bdz 1500 iepakojumiem stund\u0101 - Carnitec\" \/>\n<meta property=\"og:description\" content=\"\u0160\u0137idro produktu dozators ar ra\u017eotsp\u0113ju l\u012bdz 1500 iepakojumiem stund\u0101.\" \/>\n<meta property=\"og:url\" content=\"https:\/\/carnitec.com\/lv\/products\/dozators-dpa-1500-lidz-1500-iepakojumiem-stunda\/\" \/>\n<meta property=\"og:site_name\" content=\"Carnitec\" \/>\n<meta property=\"article:publisher\" content=\"https:\/\/facebook.com\/carnitec1\" \/>\n<meta property=\"og:image\" content=\"https:\/\/carnitec.com\/wp-content\/uploads\/2016\/03\/dap1500.jpg\" \/>\n\t<meta property=\"og:image:width\" content=\"900\" \/>\n\t<meta property=\"og:image:height\" content=\"605\" \/>\n\t<meta property=\"og:image:type\" content=\"image\/jpeg\" \/>\n<meta name=\"twitter:card\" content=\"summary\" \/>\n<meta name=\"twitter:site\" content=\"@carnitec_\" \/>\n<script type=\"application\/ld+json\" class=\"yoast-schema-graph\">{\"@context\":\"https:\/\/schema.org\",\"@graph\":[{\"@type\":\"WebPage\",\"@id\":\"https:\/\/carnitec.com\/lv\/products\/dozators-dpa-1500-lidz-1500-iepakojumiem-stunda\/\",\"url\":\"https:\/\/carnitec.com\/lv\/products\/dozators-dpa-1500-lidz-1500-iepakojumiem-stunda\/\",\"name\":\"Dozators DPA-1500 l\u012bdz 1500 iepakojumiem stund\u0101 - Carnitec\",\"isPartOf\":{\"@id\":\"https:\/\/carnitec.com\/lv\/#website\"},\"datePublished\":\"2016-04-27T16:25:32+00:00\",\"dateModified\":\"2016-04-27T16:25:32+00:00\",\"breadcrumb\":{\"@id\":\"https:\/\/carnitec.com\/lv\/products\/dozators-dpa-1500-lidz-1500-iepakojumiem-stunda\/#breadcrumb\"},\"inLanguage\":\"lv-LV\",\"potentialAction\":[{\"@type\":\"ReadAction\",\"target\":[\"https:\/\/carnitec.com\/lv\/products\/dozators-dpa-1500-lidz-1500-iepakojumiem-stunda\/\"]}]},{\"@type\":\"BreadcrumbList\",\"@id\":\"https:\/\/carnitec.com\/lv\/products\/dozators-dpa-1500-lidz-1500-iepakojumiem-stunda\/#breadcrumb\",\"itemListElement\":[{\"@type\":\"ListItem\",\"position\":1,\"name\":\"\u0413\u043b\u0430\u0432\u043d\u0430\u044f \u0441\u0442\u0440\u0430\u043d\u0438\u0446\u0430\",\"item\":\"https:\/\/carnitec.com\/lv\/\"},{\"@type\":\"ListItem\",\"position\":2,\"name\":\"\u0422\u043e\u0432\u0430\u0440\u044b\",\"item\":\"https:\/\/carnitec.com\/shop\/\"},{\"@type\":\"ListItem\",\"position\":3,\"name\":\"Dozators DPA-1500 l\u012bdz 1500 iepakojumiem stund\u0101\"}]},{\"@type\":\"WebSite\",\"@id\":\"https:\/\/carnitec.com\/lv\/#website\",\"url\":\"https:\/\/carnitec.com\/lv\/\",\"name\":\"Carnitec\",\"description\":\"P\u0101rtikas r\u016bpniec\u012bbas iek\u0101rtas\",\"publisher\":{\"@id\":\"https:\/\/carnitec.com\/lv\/#organization\"},\"potentialAction\":[{\"@type\":\"SearchAction\",\"target\":{\"@type\":\"EntryPoint\",\"urlTemplate\":\"https:\/\/carnitec.com\/lv\/?s={search_term_string}\"},\"query-input\":\"required name=search_term_string\"}],\"inLanguage\":\"lv-LV\"},{\"@type\":\"Organization\",\"@id\":\"https:\/\/carnitec.com\/lv\/#organization\",\"name\":\"Carnitec - food processing equipment\",\"url\":\"https:\/\/carnitec.com\/lv\/\",\"sameAs\":[\"https:\/\/www.instagram.com\/carnitec\/?hl=en\",\"https:\/\/www.linkedin.com\/company\/carnitec-ltd\/\",\"https:\/\/www.youtube.com\/channel\/UCwfiuJujkF2QxPPZAqB0T2w\",\"https:\/\/facebook.com\/carnitec1\",\"https:\/\/twitter.com\/carnitec_\"],\"logo\":{\"@type\":\"ImageObject\",\"inLanguage\":\"lv-LV\",\"@id\":\"https:\/\/carnitec.com\/lv\/#\/schema\/logo\/image\/\",\"url\":\"http:\/\/carnitec.com\/wp-content\/uploads\/2018\/01\/carnitec_logo_2018.png\",\"contentUrl\":\"http:\/\/carnitec.com\/wp-content\/uploads\/2018\/01\/carnitec_logo_2018.png\",\"width\":180,\"height\":50,\"caption\":\"Carnitec - food processing equipment\"},\"image\":{\"@id\":\"https:\/\/carnitec.com\/lv\/#\/schema\/logo\/image\/\"}}]}<\/script>\n<!-- \/ Yoast SEO plugin. -->","yoast_head_json":{"title":"Dozators DPA-1500 l\u012bdz 1500 iepakojumiem stund\u0101 - Carnitec","robots":{"index":"index","follow":"follow","max-snippet":"max-snippet:-1","max-image-preview":"max-image-preview:large","max-video-preview":"max-video-preview:-1"},"canonical":"https:\/\/carnitec.com\/lv\/products\/dozators-dpa-1500-lidz-1500-iepakojumiem-stunda\/","og_locale":"lv_LV","og_type":"article","og_title":"Dozators DPA-1500 l\u012bdz 1500 iepakojumiem stund\u0101 - Carnitec","og_description":"\u0160\u0137idro produktu dozators ar ra\u017eotsp\u0113ju l\u012bdz 1500 iepakojumiem stund\u0101.","og_url":"https:\/\/carnitec.com\/lv\/products\/dozators-dpa-1500-lidz-1500-iepakojumiem-stunda\/","og_site_name":"Carnitec","article_publisher":"https:\/\/facebook.com\/carnitec1","og_image":[{"width":900,"height":605,"url":"https:\/\/carnitec.com\/wp-content\/uploads\/2016\/03\/dap1500.jpg","type":"image\/jpeg"}],"twitter_card":"summary","twitter_site":"@carnitec_","schema":{"@context":"https:\/\/schema.org","@graph":[{"@type":"WebPage","@id":"https:\/\/carnitec.com\/lv\/products\/dozators-dpa-1500-lidz-1500-iepakojumiem-stunda\/","url":"https:\/\/carnitec.com\/lv\/products\/dozators-dpa-1500-lidz-1500-iepakojumiem-stunda\/","name":"Dozators DPA-1500 l\u012bdz 1500 iepakojumiem stund\u0101 - Carnitec","isPartOf":{"@id":"https:\/\/carnitec.com\/lv\/#website"},"datePublished":"2016-04-27T16:25:32+00:00","dateModified":"2016-04-27T16:25:32+00:00","breadcrumb":{"@id":"https:\/\/carnitec.com\/lv\/products\/dozators-dpa-1500-lidz-1500-iepakojumiem-stunda\/#breadcrumb"},"inLanguage":"lv-LV","potentialAction":[{"@type":"ReadAction","target":["https:\/\/carnitec.com\/lv\/products\/dozators-dpa-1500-lidz-1500-iepakojumiem-stunda\/"]}]},{"@type":"BreadcrumbList","@id":"https:\/\/carnitec.com\/lv\/products\/dozators-dpa-1500-lidz-1500-iepakojumiem-stunda\/#breadcrumb","itemListElement":[{"@type":"ListItem","position":1,"name":"\u0413\u043b\u0430\u0432\u043d\u0430\u044f \u0441\u0442\u0440\u0430\u043d\u0438\u0446\u0430","item":"https:\/\/carnitec.com\/lv\/"},{"@type":"ListItem","position":2,"name":"\u0422\u043e\u0432\u0430\u0440\u044b","item":"https:\/\/carnitec.com\/shop\/"},{"@type":"ListItem","position":3,"name":"Dozators DPA-1500 l\u012bdz 1500 iepakojumiem stund\u0101"}]},{"@type":"WebSite","@id":"https:\/\/carnitec.com\/lv\/#website","url":"https:\/\/carnitec.com\/lv\/","name":"Carnitec","description":"P\u0101rtikas r\u016bpniec\u012bbas iek\u0101rtas","publisher":{"@id":"https:\/\/carnitec.com\/lv\/#organization"},"potentialAction":[{"@type":"SearchAction","target":{"@type":"EntryPoint","urlTemplate":"https:\/\/carnitec.com\/lv\/?s={search_term_string}"},"query-input":"required name=search_term_string"}],"inLanguage":"lv-LV"},{"@type":"Organization","@id":"https:\/\/carnitec.com\/lv\/#organization","name":"Carnitec - food processing equipment","url":"https:\/\/carnitec.com\/lv\/","sameAs":["https:\/\/www.instagram.com\/carnitec\/?hl=en","https:\/\/www.linkedin.com\/company\/carnitec-ltd\/","https:\/\/www.youtube.com\/channel\/UCwfiuJujkF2QxPPZAqB0T2w","https:\/\/facebook.com\/carnitec1","https:\/\/twitter.com\/carnitec_"],"logo":{"@type":"ImageObject","inLanguage":"lv-LV","@id":"https:\/\/carnitec.com\/lv\/#\/schema\/logo\/image\/","url":"http:\/\/carnitec.com\/wp-content\/uploads\/2018\/01\/carnitec_logo_2018.png","contentUrl":"http:\/\/carnitec.com\/wp-content\/uploads\/2018\/01\/carnitec_logo_2018.png","width":180,"height":50,"caption":"Carnitec - food processing equipment"},"image":{"@id":"https:\/\/carnitec.com\/lv\/#\/schema\/logo\/image\/"}}]}},"_links":{"self":[{"href":"https:\/\/carnitec.com\/lv\/wp-json\/wp\/v2\/product\/9548"}],"collection":[{"href":"https:\/\/carnitec.com\/lv\/wp-json\/wp\/v2\/product"}],"about":[{"href":"https:\/\/carnitec.com\/lv\/wp-json\/wp\/v2\/types\/product"}],"wp:featuredmedia":[{"embeddable":true,"href":"https:\/\/carnitec.com\/lv\/wp-json\/wp\/v2\/media\/7720"}],"wp:attachment":[{"href":"https:\/\/carnitec.com\/lv\/wp-json\/wp\/v2\/media?parent=9548"}],"wp:term":[{"taxonomy":"product_cat","embeddable":true,"href":"https:\/\/carnitec.com\/lv\/wp-json\/wp\/v2\/product_cat?post=9548"},{"taxonomy":"product_tag","embeddable":true,"href":"https:\/\/carnitec.com\/lv\/wp-json\/wp\/v2\/product_tag?post=9548"}],"curies":[{"name":"wp","href":"https:\/\/api.w.org\/{rel}","templated":true}]}}