{"id":9462,"date":"2016-02-22T19:07:37","date_gmt":"2016-04-26T12:07:46","guid":{"rendered":"http:\/\/staging1.carnitec.com\/lv\/?post_type=product&#038;p=9462"},"modified":"2016-04-26T14:16:59","modified_gmt":"2016-04-26T12:16:59","slug":"autoklavi-universal-sterilizacijai-varisanai-pasterizacijai","status":"publish","type":"product","link":"https:\/\/carnitec.com\/lv\/products\/autoklavi-universal-sterilizacijai-varisanai-pasterizacijai\/","title":{"rendered":"Autokl\u0101vi \u201cUniversal\u201d steriliz\u0101cijai, v\u0101r\u012b\u0161anai, pasteriz\u0101cijai"},"content":{"rendered":"<p>Industri\u0101lie autokl\u0101vi UNIVERSAL firmas Panini (It\u0101lija) steriliz\u0101cijai, pasteriz\u0101cijai un v\u0101r\u012b\u0161anai<\/p>\n<p><strong>raksturojums<\/strong><\/p>\n<p>steriliz\u0101cija, pasteriz\u0101cija vai v\u0101r\u012b\u0161ana<br \/>\nIzgatavots piln\u012bgi no AISI 304 vai 316 ner\u016bs\u0113jo\u0161a t\u0113rauda<br \/>\nlietder\u012bgs garums no 1000 l\u012bdz 6000 mm<br \/>\ndiametrs no 1200 l\u012bdz 2000 mm<br \/>\nstatisks vai rot\u0101cijas<br \/>\n1 vai 2 horizont\u0101lie \/ vertik\u0101lie durvis<br \/>\niek\u0161\u0113js iekrau\u0161anas \/ izkrau\u0161anas konveijers (p\u0113c pas\u016bt\u012bjuma)<br \/>\nsiltummain\u012bt\u0101js \u016bdens maksim\u0101li efekt\u012bvai izmanto\u0161anai (p\u0113c pas\u016bt\u012bjuma)<\/p>\n<p>apsild\u012b\u0161ana ar tvaiku izmantojot ventilatoru vai ar cirkul\u0113jo\u0161a karsta \u016bdeni ie\u0161\u013circin\u0101jumu<br \/>\natdzes\u0113\u0161ana ar cirkul\u0113jo\u0161a auksta \u016bdeni ie\u0161\u013circin\u0101jumu<br \/>\npretspiediens ar saspiesto gaisu visa cikla laik\u0101<br \/>\nautokl\u0101vs tiek pieg\u0101d\u0101ts ar vienk\u0101r\u0161u vad\u012bbas sist\u0113mu, ar programmatoru vai ar datora sist\u0113mu piesl\u0113gumam centr\u0101lai vad\u012bbas sist\u0113mai<\/p>\n<p><a href=\"http:\/\/carnitec.com\/wp-content\/uploads\/2016\/02\/izmeri.png\" data-rel=\"lightbox-image-0\" data-rl_title=\"\" data-rl_caption=\"\" title=\"\"><img class=\"alignnone size-medium wp-image-9470\" src=\"http:\/\/carnitec.com\/wp-content\/uploads\/2016\/02\/izmeri-246x300.png\" alt=\"izmeri\" width=\"246\" height=\"300\" \/><\/a><\/p>\n","protected":false},"excerpt":{"rendered":"<p>Industri\u0101lie autokl\u0101vi UNIVERSAL firmas Panini (It\u0101lija) steriliz\u0101cijai, pasteriz\u0101cijai un v\u0101r\u012b\u0161anai<\/p>\n","protected":false},"featured_media":6373,"template":"","meta":{"content-type":"","_monsterinsights_skip_tracking":false,"_monsterinsights_sitenote_active":false,"_monsterinsights_sitenote_note":"","_monsterinsights_sitenote_category":0},"product_cat":[],"product_tag":[],"yoast_head":"<!-- This site is optimized with the Yoast SEO plugin v19.5.1 - https:\/\/yoast.com\/wordpress\/plugins\/seo\/ -->\n<title>Autokl\u0101vi \u201cUniversal\u201d steriliz\u0101cijai, v\u0101r\u012b\u0161anai, pasteriz\u0101cijai - Carnitec<\/title>\n<meta name=\"robots\" content=\"index, follow, max-snippet:-1, max-image-preview:large, max-video-preview:-1\" \/>\n<link rel=\"canonical\" href=\"https:\/\/carnitec.com\/lv\/products\/autoklavi-universal-sterilizacijai-varisanai-pasterizacijai\/\" \/>\n<meta property=\"og:locale\" content=\"lv_LV\" \/>\n<meta property=\"og:type\" content=\"article\" \/>\n<meta property=\"og:title\" content=\"Autokl\u0101vi \u201cUniversal\u201d steriliz\u0101cijai, v\u0101r\u012b\u0161anai, pasteriz\u0101cijai - Carnitec\" \/>\n<meta property=\"og:description\" content=\"Industri\u0101lie autokl\u0101vi UNIVERSAL firmas Panini (It\u0101lija) steriliz\u0101cijai, pasteriz\u0101cijai un v\u0101r\u012b\u0161anai\" \/>\n<meta property=\"og:url\" content=\"https:\/\/carnitec.com\/lv\/products\/autoklavi-universal-sterilizacijai-varisanai-pasterizacijai\/\" \/>\n<meta property=\"og:site_name\" content=\"Carnitec\" \/>\n<meta property=\"article:publisher\" content=\"https:\/\/facebook.com\/carnitec1\" \/>\n<meta property=\"article:modified_time\" content=\"2016-04-26T12:16:59+00:00\" \/>\n<meta property=\"og:image\" content=\"https:\/\/carnitec.com\/wp-content\/uploads\/2016\/02\/autoklav1.jpg\" \/>\n\t<meta property=\"og:image:width\" content=\"454\" \/>\n\t<meta property=\"og:image:height\" content=\"350\" \/>\n\t<meta property=\"og:image:type\" content=\"image\/jpeg\" \/>\n<meta name=\"twitter:card\" content=\"summary\" \/>\n<meta name=\"twitter:site\" content=\"@carnitec_\" \/>\n<meta name=\"twitter:label1\" content=\"Est. reading time\" \/>\n\t<meta name=\"twitter:data1\" content=\"1 min\u016b\u0161u\" \/>\n<script type=\"application\/ld+json\" class=\"yoast-schema-graph\">{\"@context\":\"https:\/\/schema.org\",\"@graph\":[{\"@type\":\"WebPage\",\"@id\":\"https:\/\/carnitec.com\/lv\/products\/autoklavi-universal-sterilizacijai-varisanai-pasterizacijai\/\",\"url\":\"https:\/\/carnitec.com\/lv\/products\/autoklavi-universal-sterilizacijai-varisanai-pasterizacijai\/\",\"name\":\"Autokl\u0101vi \u201cUniversal\u201d steriliz\u0101cijai, v\u0101r\u012b\u0161anai, pasteriz\u0101cijai - Carnitec\",\"isPartOf\":{\"@id\":\"https:\/\/carnitec.com\/lv\/#website\"},\"datePublished\":\"2016-04-26T12:07:46+00:00\",\"dateModified\":\"2016-04-26T12:16:59+00:00\",\"breadcrumb\":{\"@id\":\"https:\/\/carnitec.com\/lv\/products\/autoklavi-universal-sterilizacijai-varisanai-pasterizacijai\/#breadcrumb\"},\"inLanguage\":\"lv-LV\",\"potentialAction\":[{\"@type\":\"ReadAction\",\"target\":[\"https:\/\/carnitec.com\/lv\/products\/autoklavi-universal-sterilizacijai-varisanai-pasterizacijai\/\"]}]},{\"@type\":\"BreadcrumbList\",\"@id\":\"https:\/\/carnitec.com\/lv\/products\/autoklavi-universal-sterilizacijai-varisanai-pasterizacijai\/#breadcrumb\",\"itemListElement\":[{\"@type\":\"ListItem\",\"position\":1,\"name\":\"\u0413\u043b\u0430\u0432\u043d\u0430\u044f \u0441\u0442\u0440\u0430\u043d\u0438\u0446\u0430\",\"item\":\"https:\/\/carnitec.com\/lv\/\"},{\"@type\":\"ListItem\",\"position\":2,\"name\":\"\u0422\u043e\u0432\u0430\u0440\u044b\",\"item\":\"https:\/\/carnitec.com\/shop\/\"},{\"@type\":\"ListItem\",\"position\":3,\"name\":\"Autokl\u0101vi \u201cUniversal\u201d steriliz\u0101cijai, v\u0101r\u012b\u0161anai, pasteriz\u0101cijai\"}]},{\"@type\":\"WebSite\",\"@id\":\"https:\/\/carnitec.com\/lv\/#website\",\"url\":\"https:\/\/carnitec.com\/lv\/\",\"name\":\"Carnitec\",\"description\":\"P\u0101rtikas r\u016bpniec\u012bbas iek\u0101rtas\",\"publisher\":{\"@id\":\"https:\/\/carnitec.com\/lv\/#organization\"},\"potentialAction\":[{\"@type\":\"SearchAction\",\"target\":{\"@type\":\"EntryPoint\",\"urlTemplate\":\"https:\/\/carnitec.com\/lv\/?s={search_term_string}\"},\"query-input\":\"required name=search_term_string\"}],\"inLanguage\":\"lv-LV\"},{\"@type\":\"Organization\",\"@id\":\"https:\/\/carnitec.com\/lv\/#organization\",\"name\":\"Carnitec - food processing equipment\",\"url\":\"https:\/\/carnitec.com\/lv\/\",\"sameAs\":[\"https:\/\/www.instagram.com\/carnitec\/?hl=en\",\"https:\/\/www.linkedin.com\/company\/carnitec-ltd\/\",\"https:\/\/www.youtube.com\/channel\/UCwfiuJujkF2QxPPZAqB0T2w\",\"https:\/\/facebook.com\/carnitec1\",\"https:\/\/twitter.com\/carnitec_\"],\"logo\":{\"@type\":\"ImageObject\",\"inLanguage\":\"lv-LV\",\"@id\":\"https:\/\/carnitec.com\/lv\/#\/schema\/logo\/image\/\",\"url\":\"http:\/\/carnitec.com\/wp-content\/uploads\/2018\/01\/carnitec_logo_2018.png\",\"contentUrl\":\"http:\/\/carnitec.com\/wp-content\/uploads\/2018\/01\/carnitec_logo_2018.png\",\"width\":180,\"height\":50,\"caption\":\"Carnitec - food processing equipment\"},\"image\":{\"@id\":\"https:\/\/carnitec.com\/lv\/#\/schema\/logo\/image\/\"}}]}<\/script>\n<!-- \/ Yoast SEO plugin. -->","yoast_head_json":{"title":"Autokl\u0101vi \u201cUniversal\u201d steriliz\u0101cijai, v\u0101r\u012b\u0161anai, pasteriz\u0101cijai - Carnitec","robots":{"index":"index","follow":"follow","max-snippet":"max-snippet:-1","max-image-preview":"max-image-preview:large","max-video-preview":"max-video-preview:-1"},"canonical":"https:\/\/carnitec.com\/lv\/products\/autoklavi-universal-sterilizacijai-varisanai-pasterizacijai\/","og_locale":"lv_LV","og_type":"article","og_title":"Autokl\u0101vi \u201cUniversal\u201d steriliz\u0101cijai, v\u0101r\u012b\u0161anai, pasteriz\u0101cijai - Carnitec","og_description":"Industri\u0101lie autokl\u0101vi UNIVERSAL firmas Panini (It\u0101lija) steriliz\u0101cijai, pasteriz\u0101cijai un v\u0101r\u012b\u0161anai","og_url":"https:\/\/carnitec.com\/lv\/products\/autoklavi-universal-sterilizacijai-varisanai-pasterizacijai\/","og_site_name":"Carnitec","article_publisher":"https:\/\/facebook.com\/carnitec1","article_modified_time":"2016-04-26T12:16:59+00:00","og_image":[{"width":454,"height":350,"url":"https:\/\/carnitec.com\/wp-content\/uploads\/2016\/02\/autoklav1.jpg","type":"image\/jpeg"}],"twitter_card":"summary","twitter_site":"@carnitec_","twitter_misc":{"Est. reading time":"1 min\u016b\u0161u"},"schema":{"@context":"https:\/\/schema.org","@graph":[{"@type":"WebPage","@id":"https:\/\/carnitec.com\/lv\/products\/autoklavi-universal-sterilizacijai-varisanai-pasterizacijai\/","url":"https:\/\/carnitec.com\/lv\/products\/autoklavi-universal-sterilizacijai-varisanai-pasterizacijai\/","name":"Autokl\u0101vi \u201cUniversal\u201d steriliz\u0101cijai, v\u0101r\u012b\u0161anai, pasteriz\u0101cijai - Carnitec","isPartOf":{"@id":"https:\/\/carnitec.com\/lv\/#website"},"datePublished":"2016-04-26T12:07:46+00:00","dateModified":"2016-04-26T12:16:59+00:00","breadcrumb":{"@id":"https:\/\/carnitec.com\/lv\/products\/autoklavi-universal-sterilizacijai-varisanai-pasterizacijai\/#breadcrumb"},"inLanguage":"lv-LV","potentialAction":[{"@type":"ReadAction","target":["https:\/\/carnitec.com\/lv\/products\/autoklavi-universal-sterilizacijai-varisanai-pasterizacijai\/"]}]},{"@type":"BreadcrumbList","@id":"https:\/\/carnitec.com\/lv\/products\/autoklavi-universal-sterilizacijai-varisanai-pasterizacijai\/#breadcrumb","itemListElement":[{"@type":"ListItem","position":1,"name":"\u0413\u043b\u0430\u0432\u043d\u0430\u044f \u0441\u0442\u0440\u0430\u043d\u0438\u0446\u0430","item":"https:\/\/carnitec.com\/lv\/"},{"@type":"ListItem","position":2,"name":"\u0422\u043e\u0432\u0430\u0440\u044b","item":"https:\/\/carnitec.com\/shop\/"},{"@type":"ListItem","position":3,"name":"Autokl\u0101vi \u201cUniversal\u201d steriliz\u0101cijai, v\u0101r\u012b\u0161anai, pasteriz\u0101cijai"}]},{"@type":"WebSite","@id":"https:\/\/carnitec.com\/lv\/#website","url":"https:\/\/carnitec.com\/lv\/","name":"Carnitec","description":"P\u0101rtikas r\u016bpniec\u012bbas iek\u0101rtas","publisher":{"@id":"https:\/\/carnitec.com\/lv\/#organization"},"potentialAction":[{"@type":"SearchAction","target":{"@type":"EntryPoint","urlTemplate":"https:\/\/carnitec.com\/lv\/?s={search_term_string}"},"query-input":"required name=search_term_string"}],"inLanguage":"lv-LV"},{"@type":"Organization","@id":"https:\/\/carnitec.com\/lv\/#organization","name":"Carnitec - food processing equipment","url":"https:\/\/carnitec.com\/lv\/","sameAs":["https:\/\/www.instagram.com\/carnitec\/?hl=en","https:\/\/www.linkedin.com\/company\/carnitec-ltd\/","https:\/\/www.youtube.com\/channel\/UCwfiuJujkF2QxPPZAqB0T2w","https:\/\/facebook.com\/carnitec1","https:\/\/twitter.com\/carnitec_"],"logo":{"@type":"ImageObject","inLanguage":"lv-LV","@id":"https:\/\/carnitec.com\/lv\/#\/schema\/logo\/image\/","url":"http:\/\/carnitec.com\/wp-content\/uploads\/2018\/01\/carnitec_logo_2018.png","contentUrl":"http:\/\/carnitec.com\/wp-content\/uploads\/2018\/01\/carnitec_logo_2018.png","width":180,"height":50,"caption":"Carnitec - food processing equipment"},"image":{"@id":"https:\/\/carnitec.com\/lv\/#\/schema\/logo\/image\/"}}]}},"_links":{"self":[{"href":"https:\/\/carnitec.com\/lv\/wp-json\/wp\/v2\/product\/9462"}],"collection":[{"href":"https:\/\/carnitec.com\/lv\/wp-json\/wp\/v2\/product"}],"about":[{"href":"https:\/\/carnitec.com\/lv\/wp-json\/wp\/v2\/types\/product"}],"wp:featuredmedia":[{"embeddable":true,"href":"https:\/\/carnitec.com\/lv\/wp-json\/wp\/v2\/media\/6373"}],"wp:attachment":[{"href":"https:\/\/carnitec.com\/lv\/wp-json\/wp\/v2\/media?parent=9462"}],"wp:term":[{"taxonomy":"product_cat","embeddable":true,"href":"https:\/\/carnitec.com\/lv\/wp-json\/wp\/v2\/product_cat?post=9462"},{"taxonomy":"product_tag","embeddable":true,"href":"https:\/\/carnitec.com\/lv\/wp-json\/wp\/v2\/product_tag?post=9462"}],"curies":[{"name":"wp","href":"https:\/\/api.w.org\/{rel}","templated":true}]}}