{"id":91749,"date":"2022-09-05T17:59:02","date_gmt":"2022-09-05T15:59:02","guid":{"rendered":"https:\/\/carnitec.com\/?post_type=product&#038;p=91749"},"modified":"2022-09-05T17:59:03","modified_gmt":"2022-09-05T15:59:03","slug":"automatisks-inerces-slutenu-turetajs-ar-piedzinu-ner-ter-av-2000","status":"publish","type":"product","link":"https:\/\/carnitec.com\/lv\/products\/automatisks-inerces-slutenu-turetajs-ar-piedzinu-ner-ter-av-2000\/","title":{"rendered":"Autom\u0101tisks inerces \u0161\u013c\u016bte\u0146u tur\u0113t\u0101js ar piedzi\u0146u (ner.t\u0113r) AV 2000"},"content":{"rendered":"<p>M\u016bsu \u0161\u013c\u016bte\u0146u tur\u0113t\u0101ji paredz\u0113ti jebk\u0101dam \u0161\u013c\u016bte\u0146u tipam un izmantoti da\u017e\u0101das sf\u0113r\u0101s:<\/p>\n<p><strong>P\u0100RTIKAS R\u016aPNIEC\u012aBA:<\/strong><br \/>\nMazg\u0101\u0161ana, p\u016btu uzlik\u0161ana, sanit\u0101ra apstr\u0101de, produkcijas p\u0101rs\u016bkn\u0113\u0161ana\u2026<\/p>\n<p><strong>R\u016aPNIEC\u012aBA:<\/strong><br \/>\nDarbs ar saspiestu gaisu, \u016bdeni, naftas produktiem un ar e\u013c\u013co\u0161anas materi\u0101liem\u2026<\/p>\n<p><strong>LAUKSAIMNIEC\u012aBA:<\/strong><br \/>\nMazg\u0101\u0161ana, darbs ar degvielu (d\u012bzelis un t.t.), m\u0113sliem\u2026<\/p>\n<p><strong>AUTO MAZG\u0100\u0160ANA:<\/strong><br \/>\nAugstspiediena mazg\u0101\u0161ana, p\u016btu uzlik\u0161ana\u2026<\/p>\n<p><strong>RESTOR\u0100NI\/\u0112DIN\u0100\u0160ANAS UZ\u0145\u0112MUMI:<\/strong><br \/>\nMazg\u0101\u0161ana, p\u016btu uzlik\u0161ana, sanit\u0101ra apstr\u0101de\u2026<\/p>\n<p><strong>TRANSPORTS:<\/strong><br \/>\nDarbs ar naftu, e\u013c\u013co\u0161anas materi\u0101liem, d\u012bze\u013cdegvielu, karbam\u012bdu\u2026<\/p>\n<p><strong>KALNR\u016aPNIEC\u012aBA:<\/strong><br \/>\nE\u013c\u013co\u0161ana, augsts spiediens, gaiss\u2026<\/p>\n<p><strong>KU\u0122NIEC\u012aBA:<\/strong><br \/>\nMazg\u0101\u0161ana, e\u013c\u013co\u0161ana\u2026<\/p>\n<p>Speci\u0101lie \u0161\u013c\u016bte\u0146u tur\u0113t\u0101ji<br \/>\nIesp\u0113jams pas\u016bt\u012bt speci\u0101lus bl\u012bv\u0113jumus<\/p>\n<div class=\"embed-responsive embed-responsive-16by9\"><iframe loading=\"lazy\" title=\"Ramex Hose Reels - Applications concept Video\" width=\"640\" height=\"360\" src=\"https:\/\/www.youtube.com\/embed\/fYBZASp_onc?feature=oembed\" frameborder=\"0\" allow=\"accelerometer; autoplay; clipboard-write; encrypted-media; gyroscope; picture-in-picture\" allowfullscreen><\/iframe><\/div>\n<p><strong>AV 2000<\/strong><\/p>\n<p>AV 2000 \u2013 Ner\u016bs\u0113jo\u0161s t\u0113rauds<br \/>\nAV 2000 316 \u2013 Ner\u016bs\u0113jo\u0161s t\u0113rauds AISI 316<br \/>\nAV 2000 FE \u2013 Kr\u0101sots oglek\u013ca t\u0113rauds<br \/>\nAV 2000 CA \u2013 T\u0113rauds ar termisko uzsmidzin\u0101\u0161anu<\/p>\n<p>\u0160\u013c\u016btenes pie\u013caujamie diametri: \u00bc\u201d- 3\/8\u201d- \u00bd\u201d<br \/>\n\u0160\u013c\u016btenes garums metros: l\u012bdz 20 m\u00a0 \u00bd\u201d<br \/>\nDarba spiediens: 200 bar<\/p>\n<p>&nbsp;<\/p>\n","protected":false},"excerpt":{"rendered":"<p>M\u016bsu \u0161\u013c\u016bte\u0146u tur\u0113t\u0101ji paredz\u0113ti jebk\u0101dam \u0161\u013c\u016bte\u0146u tipam un izmantoti da\u017e\u0101das sf\u0113r\u0101s: P\u0100RTIKAS R\u016aPNIEC\u012aBA: Mazg\u0101\u0161ana, p\u016btu uzlik\u0161ana, sanit\u0101ra apstr\u0101de, produkcijas p\u0101rs\u016bkn\u0113\u0161ana\u2026 R\u016aPNIEC\u012aBA: Darbs ar saspiestu gaisu, \u016bdeni, naftas produktiem un ar e\u013c\u013co\u0161anas materi\u0101liem\u2026 LAUKSAIMNIEC\u012aBA: Mazg\u0101\u0161ana, darbs ar degvielu (d\u012bzelis un t.t.), m\u0113sliem\u2026 AUTO MAZG\u0100\u0160ANA: Augstspiediena mazg\u0101\u0161ana, p\u016btu uzlik\u0161ana\u2026 RESTOR\u0100NI\/\u0112DIN\u0100\u0160ANAS UZ\u0145\u0112MUMI: Mazg\u0101\u0161ana, p\u016btu uzlik\u0161ana, sanit\u0101ra apstr\u0101de\u2026 TRANSPORTS: Darbs ar naftu, e\u013c\u013co\u0161anas materi\u0101liem, d\u012bze\u013cdegvielu, karbam\u012bdu\u2026 KALNR\u016aPNIEC\u012aBA: E\u013c\u013co\u0161ana, augsts spiediens, gaiss\u2026 KU\u0122NIEC\u012aBA: Mazg\u0101\u0161ana, e\u013c\u013co\u0161ana\u2026 Speci\u0101lie \u0161\u013c\u016bte\u0146u tur\u0113t\u0101ji Iesp\u0113jams pas\u016bt\u012bt speci\u0101lus bl\u012bv\u0113jumus AV 2000 AV 2000 \u2013 Ner\u016bs\u0113jo\u0161s t\u0113rauds AV 2000 316 \u2013 Ner\u016bs\u0113jo\u0161s t\u0113rauds AISI 316 AV 2000 FE \u2013 Kr\u0101sots oglek\u013ca t\u0113rauds AV 2000 CA \u2013 T\u0113rauds ar termisko uzsmidzin\u0101\u0161anu \u0160\u013c\u016btenes pie\u013caujamie diametri: \u00bc\u201d- 3\/8\u201d- \u00bd\u201d \u0160\u013c\u016btenes garums metros: l\u012bdz 20 m\u00a0 \u00bd\u201d Darba spiediens: 200 bar &nbsp;<\/p>\n","protected":false},"featured_media":91742,"template":"","meta":{"content-type":"","_monsterinsights_skip_tracking":false,"_monsterinsights_sitenote_active":false,"_monsterinsights_sitenote_note":"","_monsterinsights_sitenote_category":0},"product_cat":[874],"product_tag":[1130,4448,4445,4446,4447,4449],"yoast_head":"<!-- This site is optimized with the Yoast SEO plugin v19.5.1 - https:\/\/yoast.com\/wordpress\/plugins\/seo\/ -->\n<title>Autom\u0101tisks inerces \u0161\u013c\u016bte\u0146u tur\u0113t\u0101js ar piedzi\u0146u (ner.t\u0113r) AV 2000 - Carnitec<\/title>\n<meta name=\"description\" content=\"Iztur\u012bgs \u0161\u013c\u016bte\u0146u tur\u0113t\u0101js, var piemont\u0113t pie sienas. Inerces \u0161\u013c\u016bte\u0146u tur\u0113t\u0101ji. Ner\u016bs\u0113jo\u0161ais t\u0113rauds.\" \/>\n<meta name=\"robots\" content=\"index, follow, max-snippet:-1, max-image-preview:large, max-video-preview:-1\" \/>\n<link rel=\"canonical\" href=\"https:\/\/carnitec.com\/lv\/products\/automatisks-inerces-slutenu-turetajs-ar-piedzinu-ner-ter-av-2000\/\" \/>\n<meta property=\"og:locale\" content=\"lv_LV\" \/>\n<meta property=\"og:type\" content=\"article\" \/>\n<meta property=\"og:title\" content=\"Autom\u0101tisks inerces \u0161\u013c\u016bte\u0146u tur\u0113t\u0101js ar piedzi\u0146u (ner.t\u0113r) AV 2000 - Carnitec\" \/>\n<meta property=\"og:description\" content=\"Iztur\u012bgs \u0161\u013c\u016bte\u0146u tur\u0113t\u0101js, var piemont\u0113t pie sienas. Inerces \u0161\u013c\u016bte\u0146u tur\u0113t\u0101ji. Ner\u016bs\u0113jo\u0161ais t\u0113rauds.\" \/>\n<meta property=\"og:url\" content=\"https:\/\/carnitec.com\/lv\/products\/automatisks-inerces-slutenu-turetajs-ar-piedzinu-ner-ter-av-2000\/\" \/>\n<meta property=\"og:site_name\" content=\"Carnitec\" \/>\n<meta property=\"article:publisher\" content=\"https:\/\/facebook.com\/carnitec1\" \/>\n<meta property=\"article:modified_time\" content=\"2022-09-05T15:59:03+00:00\" \/>\n<meta property=\"og:image\" content=\"https:\/\/carnitec.com\/wp-content\/uploads\/2022\/09\/av2000.jpeg\" \/>\n\t<meta property=\"og:image:width\" content=\"1224\" \/>\n\t<meta property=\"og:image:height\" content=\"1301\" \/>\n\t<meta property=\"og:image:type\" content=\"image\/jpeg\" \/>\n<meta name=\"twitter:card\" content=\"summary\" \/>\n<meta name=\"twitter:site\" content=\"@carnitec_\" \/>\n<meta name=\"twitter:label1\" content=\"Est. reading time\" \/>\n\t<meta name=\"twitter:data1\" content=\"1 min\u016b\u0161u\" \/>\n<script type=\"application\/ld+json\" class=\"yoast-schema-graph\">{\"@context\":\"https:\/\/schema.org\",\"@graph\":[{\"@type\":\"WebPage\",\"@id\":\"https:\/\/carnitec.com\/lv\/products\/automatisks-inerces-slutenu-turetajs-ar-piedzinu-ner-ter-av-2000\/\",\"url\":\"https:\/\/carnitec.com\/lv\/products\/automatisks-inerces-slutenu-turetajs-ar-piedzinu-ner-ter-av-2000\/\",\"name\":\"Autom\u0101tisks inerces \u0161\u013c\u016bte\u0146u tur\u0113t\u0101js ar piedzi\u0146u (ner.t\u0113r) AV 2000 - Carnitec\",\"isPartOf\":{\"@id\":\"https:\/\/carnitec.com\/lv\/#website\"},\"datePublished\":\"2022-09-05T15:59:02+00:00\",\"dateModified\":\"2022-09-05T15:59:03+00:00\",\"description\":\"Iztur\u012bgs \u0161\u013c\u016bte\u0146u tur\u0113t\u0101js, var piemont\u0113t pie sienas. Inerces \u0161\u013c\u016bte\u0146u tur\u0113t\u0101ji. Ner\u016bs\u0113jo\u0161ais t\u0113rauds.\",\"breadcrumb\":{\"@id\":\"https:\/\/carnitec.com\/lv\/products\/automatisks-inerces-slutenu-turetajs-ar-piedzinu-ner-ter-av-2000\/#breadcrumb\"},\"inLanguage\":\"lv-LV\",\"potentialAction\":[{\"@type\":\"ReadAction\",\"target\":[\"https:\/\/carnitec.com\/lv\/products\/automatisks-inerces-slutenu-turetajs-ar-piedzinu-ner-ter-av-2000\/\"]}]},{\"@type\":\"BreadcrumbList\",\"@id\":\"https:\/\/carnitec.com\/lv\/products\/automatisks-inerces-slutenu-turetajs-ar-piedzinu-ner-ter-av-2000\/#breadcrumb\",\"itemListElement\":[{\"@type\":\"ListItem\",\"position\":1,\"name\":\"\u0413\u043b\u0430\u0432\u043d\u0430\u044f \u0441\u0442\u0440\u0430\u043d\u0438\u0446\u0430\",\"item\":\"https:\/\/carnitec.com\/lv\/\"},{\"@type\":\"ListItem\",\"position\":2,\"name\":\"\u0422\u043e\u0432\u0430\u0440\u044b\",\"item\":\"https:\/\/carnitec.com\/shop\/\"},{\"@type\":\"ListItem\",\"position\":3,\"name\":\"Autom\u0101tisks inerces \u0161\u013c\u016bte\u0146u tur\u0113t\u0101js ar piedzi\u0146u (ner.t\u0113r) AV 2000\"}]},{\"@type\":\"WebSite\",\"@id\":\"https:\/\/carnitec.com\/lv\/#website\",\"url\":\"https:\/\/carnitec.com\/lv\/\",\"name\":\"Carnitec\",\"description\":\"P\u0101rtikas r\u016bpniec\u012bbas iek\u0101rtas\",\"publisher\":{\"@id\":\"https:\/\/carnitec.com\/lv\/#organization\"},\"potentialAction\":[{\"@type\":\"SearchAction\",\"target\":{\"@type\":\"EntryPoint\",\"urlTemplate\":\"https:\/\/carnitec.com\/lv\/?s={search_term_string}\"},\"query-input\":\"required name=search_term_string\"}],\"inLanguage\":\"lv-LV\"},{\"@type\":\"Organization\",\"@id\":\"https:\/\/carnitec.com\/lv\/#organization\",\"name\":\"Carnitec - food processing equipment\",\"url\":\"https:\/\/carnitec.com\/lv\/\",\"sameAs\":[\"https:\/\/www.instagram.com\/carnitec\/?hl=en\",\"https:\/\/www.linkedin.com\/company\/carnitec-ltd\/\",\"https:\/\/www.youtube.com\/channel\/UCwfiuJujkF2QxPPZAqB0T2w\",\"https:\/\/facebook.com\/carnitec1\",\"https:\/\/twitter.com\/carnitec_\"],\"logo\":{\"@type\":\"ImageObject\",\"inLanguage\":\"lv-LV\",\"@id\":\"https:\/\/carnitec.com\/lv\/#\/schema\/logo\/image\/\",\"url\":\"http:\/\/carnitec.com\/wp-content\/uploads\/2018\/01\/carnitec_logo_2018.png\",\"contentUrl\":\"http:\/\/carnitec.com\/wp-content\/uploads\/2018\/01\/carnitec_logo_2018.png\",\"width\":180,\"height\":50,\"caption\":\"Carnitec - food processing equipment\"},\"image\":{\"@id\":\"https:\/\/carnitec.com\/lv\/#\/schema\/logo\/image\/\"}}]}<\/script>\n<!-- \/ Yoast SEO plugin. -->","yoast_head_json":{"title":"Autom\u0101tisks inerces \u0161\u013c\u016bte\u0146u tur\u0113t\u0101js ar piedzi\u0146u (ner.t\u0113r) AV 2000 - Carnitec","description":"Iztur\u012bgs \u0161\u013c\u016bte\u0146u tur\u0113t\u0101js, var piemont\u0113t pie sienas. Inerces \u0161\u013c\u016bte\u0146u tur\u0113t\u0101ji. Ner\u016bs\u0113jo\u0161ais t\u0113rauds.","robots":{"index":"index","follow":"follow","max-snippet":"max-snippet:-1","max-image-preview":"max-image-preview:large","max-video-preview":"max-video-preview:-1"},"canonical":"https:\/\/carnitec.com\/lv\/products\/automatisks-inerces-slutenu-turetajs-ar-piedzinu-ner-ter-av-2000\/","og_locale":"lv_LV","og_type":"article","og_title":"Autom\u0101tisks inerces \u0161\u013c\u016bte\u0146u tur\u0113t\u0101js ar piedzi\u0146u (ner.t\u0113r) AV 2000 - Carnitec","og_description":"Iztur\u012bgs \u0161\u013c\u016bte\u0146u tur\u0113t\u0101js, var piemont\u0113t pie sienas. Inerces \u0161\u013c\u016bte\u0146u tur\u0113t\u0101ji. Ner\u016bs\u0113jo\u0161ais t\u0113rauds.","og_url":"https:\/\/carnitec.com\/lv\/products\/automatisks-inerces-slutenu-turetajs-ar-piedzinu-ner-ter-av-2000\/","og_site_name":"Carnitec","article_publisher":"https:\/\/facebook.com\/carnitec1","article_modified_time":"2022-09-05T15:59:03+00:00","og_image":[{"width":1224,"height":1301,"url":"https:\/\/carnitec.com\/wp-content\/uploads\/2022\/09\/av2000.jpeg","type":"image\/jpeg"}],"twitter_card":"summary","twitter_site":"@carnitec_","twitter_misc":{"Est. reading time":"1 min\u016b\u0161u"},"schema":{"@context":"https:\/\/schema.org","@graph":[{"@type":"WebPage","@id":"https:\/\/carnitec.com\/lv\/products\/automatisks-inerces-slutenu-turetajs-ar-piedzinu-ner-ter-av-2000\/","url":"https:\/\/carnitec.com\/lv\/products\/automatisks-inerces-slutenu-turetajs-ar-piedzinu-ner-ter-av-2000\/","name":"Autom\u0101tisks inerces \u0161\u013c\u016bte\u0146u tur\u0113t\u0101js ar piedzi\u0146u (ner.t\u0113r) AV 2000 - Carnitec","isPartOf":{"@id":"https:\/\/carnitec.com\/lv\/#website"},"datePublished":"2022-09-05T15:59:02+00:00","dateModified":"2022-09-05T15:59:03+00:00","description":"Iztur\u012bgs \u0161\u013c\u016bte\u0146u tur\u0113t\u0101js, var piemont\u0113t pie sienas. Inerces \u0161\u013c\u016bte\u0146u tur\u0113t\u0101ji. Ner\u016bs\u0113jo\u0161ais t\u0113rauds.","breadcrumb":{"@id":"https:\/\/carnitec.com\/lv\/products\/automatisks-inerces-slutenu-turetajs-ar-piedzinu-ner-ter-av-2000\/#breadcrumb"},"inLanguage":"lv-LV","potentialAction":[{"@type":"ReadAction","target":["https:\/\/carnitec.com\/lv\/products\/automatisks-inerces-slutenu-turetajs-ar-piedzinu-ner-ter-av-2000\/"]}]},{"@type":"BreadcrumbList","@id":"https:\/\/carnitec.com\/lv\/products\/automatisks-inerces-slutenu-turetajs-ar-piedzinu-ner-ter-av-2000\/#breadcrumb","itemListElement":[{"@type":"ListItem","position":1,"name":"\u0413\u043b\u0430\u0432\u043d\u0430\u044f \u0441\u0442\u0440\u0430\u043d\u0438\u0446\u0430","item":"https:\/\/carnitec.com\/lv\/"},{"@type":"ListItem","position":2,"name":"\u0422\u043e\u0432\u0430\u0440\u044b","item":"https:\/\/carnitec.com\/shop\/"},{"@type":"ListItem","position":3,"name":"Autom\u0101tisks inerces \u0161\u013c\u016bte\u0146u tur\u0113t\u0101js ar piedzi\u0146u (ner.t\u0113r) AV 2000"}]},{"@type":"WebSite","@id":"https:\/\/carnitec.com\/lv\/#website","url":"https:\/\/carnitec.com\/lv\/","name":"Carnitec","description":"P\u0101rtikas r\u016bpniec\u012bbas iek\u0101rtas","publisher":{"@id":"https:\/\/carnitec.com\/lv\/#organization"},"potentialAction":[{"@type":"SearchAction","target":{"@type":"EntryPoint","urlTemplate":"https:\/\/carnitec.com\/lv\/?s={search_term_string}"},"query-input":"required name=search_term_string"}],"inLanguage":"lv-LV"},{"@type":"Organization","@id":"https:\/\/carnitec.com\/lv\/#organization","name":"Carnitec - food processing equipment","url":"https:\/\/carnitec.com\/lv\/","sameAs":["https:\/\/www.instagram.com\/carnitec\/?hl=en","https:\/\/www.linkedin.com\/company\/carnitec-ltd\/","https:\/\/www.youtube.com\/channel\/UCwfiuJujkF2QxPPZAqB0T2w","https:\/\/facebook.com\/carnitec1","https:\/\/twitter.com\/carnitec_"],"logo":{"@type":"ImageObject","inLanguage":"lv-LV","@id":"https:\/\/carnitec.com\/lv\/#\/schema\/logo\/image\/","url":"http:\/\/carnitec.com\/wp-content\/uploads\/2018\/01\/carnitec_logo_2018.png","contentUrl":"http:\/\/carnitec.com\/wp-content\/uploads\/2018\/01\/carnitec_logo_2018.png","width":180,"height":50,"caption":"Carnitec - food processing equipment"},"image":{"@id":"https:\/\/carnitec.com\/lv\/#\/schema\/logo\/image\/"}}]}},"_links":{"self":[{"href":"https:\/\/carnitec.com\/lv\/wp-json\/wp\/v2\/product\/91749"}],"collection":[{"href":"https:\/\/carnitec.com\/lv\/wp-json\/wp\/v2\/product"}],"about":[{"href":"https:\/\/carnitec.com\/lv\/wp-json\/wp\/v2\/types\/product"}],"wp:featuredmedia":[{"embeddable":true,"href":"https:\/\/carnitec.com\/lv\/wp-json\/wp\/v2\/media\/91742"}],"wp:attachment":[{"href":"https:\/\/carnitec.com\/lv\/wp-json\/wp\/v2\/media?parent=91749"}],"wp:term":[{"taxonomy":"product_cat","embeddable":true,"href":"https:\/\/carnitec.com\/lv\/wp-json\/wp\/v2\/product_cat?post=91749"},{"taxonomy":"product_tag","embeddable":true,"href":"https:\/\/carnitec.com\/lv\/wp-json\/wp\/v2\/product_tag?post=91749"}],"curies":[{"name":"wp","href":"https:\/\/api.w.org\/{rel}","templated":true}]}}