{"id":9084,"date":"2016-04-15T19:07:58","date_gmt":"2016-04-15T17:12:41","guid":{"rendered":"http:\/\/carnitec.com\/lv\/?post_type=product&#038;p=9084"},"modified":"2016-04-15T19:12:41","modified_gmt":"2016-04-15T17:12:41","slug":"sistema-rs-916-maltas-galas-razosanai","status":"publish","type":"product","link":"https:\/\/carnitec.com\/lv\/products\/sistema-rs-916-maltas-galas-razosanai\/","title":{"rendered":"Sist\u0113ma RS 916 maltas ga\u013cas ra\u017eo\u0161anai"},"content":{"rendered":"<p>Sist\u0113ma RS 916 ra\u017eo maltas ga\u013cas prec\u012bzu porcija sadali. Sist\u0113ma nodro\u0161ina augstu ra\u017eo\u0161anas l\u012bmeni un prec\u012bzu porcijas svaru. Dota sist\u0113ma sast\u0101v no sl\u012bp\u0113tas galvi\u0146as 200 mm, kuru baro vakuuma pild\u012btais.<\/p>\n<p>Grie\u0161anas sist\u0113ma prec\u012bzi sadala ga\u013cas pl\u016bdumu, kas nodro\u0161ina porcijas precizit\u0101ti un augstas kvalit\u0101tes produktu.<br \/>\nDotu sist\u0113mu var viegli piesegt pie paplatas sist\u0113mas. Rezult\u0101t\u0101 produkts b\u016bs nep\u0101rtraukti ra\u017eots ar autom\u0101tisko papl\u0101tes sist\u0113mas padevi.<\/p>\n<p>Risko sist\u0113ma ir piln\u012bgi automatiz\u0113ta un ra\u017eo augstas kvalit\u0101tes c\u012bsi\u0146us natur\u0101l\u0101, celuloz\u0113 vai kologen\u0101 apvalk\u0101. Dota sist\u0113ma ir pieejama ar autom\u0101tisko pakarin\u0101\u0161anas sist\u0113mu un ar grie\u0161anas sist\u0113mu.<\/p>\n<div id='gallery-1' class='gallery galleryid-9084 gallery-columns-4 gallery-size-thumbnail'><figure class='gallery-item'>\n\t\t\t<div class='gallery-icon landscape'>\n\t\t\t\t<a href='https:\/\/carnitec.com\/wp-content\/uploads\/2016\/04\/grinding.jpg' title=\"\" data-rl_title=\"\" class=\"rl-gallery-link\" data-rl_caption=\"\" data-rel=\"lightbox-gallery-1\"><img width=\"150\" height=\"87\" src=\"https:\/\/carnitec.com\/wp-content\/uploads\/2016\/04\/grinding.jpg\" class=\"attachment-thumbnail size-thumbnail\" alt=\"\" \/><\/a>\n\t\t\t<\/div><\/figure><figure class='gallery-item'>\n\t\t\t<div class='gallery-icon landscape'>\n\t\t\t\t<a href='https:\/\/carnitec.com\/wp-content\/uploads\/2016\/04\/cut.jpg' title=\"\" data-rl_title=\"\" class=\"rl-gallery-link\" data-rl_caption=\"\" data-rel=\"lightbox-gallery-1\"><img width=\"150\" height=\"82\" src=\"https:\/\/carnitec.com\/wp-content\/uploads\/2016\/04\/cut.jpg\" class=\"attachment-thumbnail size-thumbnail\" alt=\"\" \/><\/a>\n\t\t\t<\/div><\/figure><figure class='gallery-item'>\n\t\t\t<div class='gallery-icon landscape'>\n\t\t\t\t<a href='https:\/\/carnitec.com\/wp-content\/uploads\/2016\/04\/denest.jpg' title=\"\" data-rl_title=\"\" class=\"rl-gallery-link\" data-rl_caption=\"\" data-rel=\"lightbox-gallery-1\"><img width=\"150\" height=\"84\" src=\"https:\/\/carnitec.com\/wp-content\/uploads\/2016\/04\/denest.jpg\" class=\"attachment-thumbnail size-thumbnail\" alt=\"\" \/><\/a>\n\t\t\t<\/div><\/figure><figure class='gallery-item'>\n\t\t\t<div class='gallery-icon landscape'>\n\t\t\t\t<a href='https:\/\/carnitec.com\/wp-content\/uploads\/2016\/04\/depositing.jpg' title=\"\" data-rl_title=\"\" class=\"rl-gallery-link\" data-rl_caption=\"\" data-rel=\"lightbox-gallery-1\"><img width=\"150\" height=\"82\" src=\"https:\/\/carnitec.com\/wp-content\/uploads\/2016\/04\/depositing.jpg\" class=\"attachment-thumbnail size-thumbnail\" alt=\"\" \/><\/a>\n\t\t\t<\/div><\/figure>\n\t\t<\/div>\n\n","protected":false},"excerpt":{"rendered":"<p>Sist\u0113ma RS 916 ra\u017eo maltas ga\u013cas prec\u012bzu porcija sadali. Sist\u0113ma nodro\u0161ina augstu ra\u017eo\u0161anas l\u012bmeni un prec\u012bzu porcijas svaru. Dota sist\u0113ma sast\u0101v no sl\u012bp\u0113tas galvi\u0146as 200 mm, kuru baro vakuuma pild\u012btais. Grie\u0161anas sist\u0113ma prec\u012bzi sadala ga\u013cas pl\u016bdumu, kas nodro\u0161ina porcijas precizit\u0101ti un augstas kvalit\u0101tes produktu. Dotu sist\u0113mu var viegli piesegt pie paplatas sist\u0113mas. Rezult\u0101t\u0101 produkts b\u016bs nep\u0101rtraukti ra\u017eots ar autom\u0101tisko papl\u0101tes sist\u0113mas padevi.<\/p>\n","protected":false},"featured_media":9076,"template":"","meta":{"content-type":"","_monsterinsights_skip_tracking":false,"_monsterinsights_sitenote_active":false,"_monsterinsights_sitenote_note":"","_monsterinsights_sitenote_category":0},"product_cat":[1578],"product_tag":[],"yoast_head":"<!-- This site is optimized with the Yoast SEO plugin v19.5.1 - https:\/\/yoast.com\/wordpress\/plugins\/seo\/ -->\n<title>Sist\u0113ma RS 916 maltas ga\u013cas ra\u017eo\u0161anai - Carnitec<\/title>\n<meta name=\"robots\" content=\"index, follow, max-snippet:-1, max-image-preview:large, max-video-preview:-1\" \/>\n<link rel=\"canonical\" href=\"https:\/\/carnitec.com\/lv\/products\/sistema-rs-916-maltas-galas-razosanai\/\" \/>\n<meta property=\"og:locale\" content=\"lv_LV\" \/>\n<meta property=\"og:type\" content=\"article\" \/>\n<meta property=\"og:title\" content=\"Sist\u0113ma RS 916 maltas ga\u013cas ra\u017eo\u0161anai - Carnitec\" \/>\n<meta property=\"og:description\" content=\"Sist\u0113ma RS 916 ra\u017eo maltas ga\u013cas prec\u012bzu porcija sadali. Sist\u0113ma nodro\u0161ina augstu ra\u017eo\u0161anas l\u012bmeni un prec\u012bzu porcijas svaru. Dota sist\u0113ma sast\u0101v no sl\u012bp\u0113tas galvi\u0146as 200 mm, kuru baro vakuuma pild\u012btais. Grie\u0161anas sist\u0113ma prec\u012bzi sadala ga\u013cas pl\u016bdumu, kas nodro\u0161ina porcijas precizit\u0101ti un augstas kvalit\u0101tes produktu. Dotu sist\u0113mu var viegli piesegt pie paplatas sist\u0113mas. Rezult\u0101t\u0101 produkts b\u016bs nep\u0101rtraukti ra\u017eots ar autom\u0101tisko papl\u0101tes sist\u0113mas padevi.\" \/>\n<meta property=\"og:url\" content=\"https:\/\/carnitec.com\/lv\/products\/sistema-rs-916-maltas-galas-razosanai\/\" \/>\n<meta property=\"og:site_name\" content=\"Carnitec\" \/>\n<meta property=\"article:publisher\" content=\"https:\/\/facebook.com\/carnitec1\" \/>\n<meta property=\"og:image\" content=\"https:\/\/carnitec.com\/wp-content\/uploads\/2016\/04\/RS_916.jpg\" \/>\n\t<meta property=\"og:image:width\" content=\"397\" \/>\n\t<meta property=\"og:image:height\" content=\"250\" \/>\n\t<meta property=\"og:image:type\" content=\"image\/jpeg\" \/>\n<meta name=\"twitter:card\" content=\"summary\" \/>\n<meta name=\"twitter:site\" content=\"@carnitec_\" \/>\n<meta name=\"twitter:label1\" content=\"Est. reading time\" \/>\n\t<meta name=\"twitter:data1\" content=\"1 min\u016b\u0161u\" \/>\n<script type=\"application\/ld+json\" class=\"yoast-schema-graph\">{\"@context\":\"https:\/\/schema.org\",\"@graph\":[{\"@type\":\"WebPage\",\"@id\":\"https:\/\/carnitec.com\/lv\/products\/sistema-rs-916-maltas-galas-razosanai\/\",\"url\":\"https:\/\/carnitec.com\/lv\/products\/sistema-rs-916-maltas-galas-razosanai\/\",\"name\":\"Sist\u0113ma RS 916 maltas ga\u013cas ra\u017eo\u0161anai - Carnitec\",\"isPartOf\":{\"@id\":\"https:\/\/carnitec.com\/lv\/#website\"},\"datePublished\":\"2016-04-15T17:12:41+00:00\",\"dateModified\":\"2016-04-15T17:12:41+00:00\",\"breadcrumb\":{\"@id\":\"https:\/\/carnitec.com\/lv\/products\/sistema-rs-916-maltas-galas-razosanai\/#breadcrumb\"},\"inLanguage\":\"lv-LV\",\"potentialAction\":[{\"@type\":\"ReadAction\",\"target\":[\"https:\/\/carnitec.com\/lv\/products\/sistema-rs-916-maltas-galas-razosanai\/\"]}]},{\"@type\":\"BreadcrumbList\",\"@id\":\"https:\/\/carnitec.com\/lv\/products\/sistema-rs-916-maltas-galas-razosanai\/#breadcrumb\",\"itemListElement\":[{\"@type\":\"ListItem\",\"position\":1,\"name\":\"\u0413\u043b\u0430\u0432\u043d\u0430\u044f \u0441\u0442\u0440\u0430\u043d\u0438\u0446\u0430\",\"item\":\"https:\/\/carnitec.com\/lv\/\"},{\"@type\":\"ListItem\",\"position\":2,\"name\":\"\u0422\u043e\u0432\u0430\u0440\u044b\",\"item\":\"https:\/\/carnitec.com\/shop\/\"},{\"@type\":\"ListItem\",\"position\":3,\"name\":\"Sist\u0113ma RS 916 maltas ga\u013cas ra\u017eo\u0161anai\"}]},{\"@type\":\"WebSite\",\"@id\":\"https:\/\/carnitec.com\/lv\/#website\",\"url\":\"https:\/\/carnitec.com\/lv\/\",\"name\":\"Carnitec\",\"description\":\"P\u0101rtikas r\u016bpniec\u012bbas iek\u0101rtas\",\"publisher\":{\"@id\":\"https:\/\/carnitec.com\/lv\/#organization\"},\"potentialAction\":[{\"@type\":\"SearchAction\",\"target\":{\"@type\":\"EntryPoint\",\"urlTemplate\":\"https:\/\/carnitec.com\/lv\/?s={search_term_string}\"},\"query-input\":\"required name=search_term_string\"}],\"inLanguage\":\"lv-LV\"},{\"@type\":\"Organization\",\"@id\":\"https:\/\/carnitec.com\/lv\/#organization\",\"name\":\"Carnitec - food processing equipment\",\"url\":\"https:\/\/carnitec.com\/lv\/\",\"sameAs\":[\"https:\/\/www.instagram.com\/carnitec\/?hl=en\",\"https:\/\/www.linkedin.com\/company\/carnitec-ltd\/\",\"https:\/\/www.youtube.com\/channel\/UCwfiuJujkF2QxPPZAqB0T2w\",\"https:\/\/facebook.com\/carnitec1\",\"https:\/\/twitter.com\/carnitec_\"],\"logo\":{\"@type\":\"ImageObject\",\"inLanguage\":\"lv-LV\",\"@id\":\"https:\/\/carnitec.com\/lv\/#\/schema\/logo\/image\/\",\"url\":\"http:\/\/carnitec.com\/wp-content\/uploads\/2018\/01\/carnitec_logo_2018.png\",\"contentUrl\":\"http:\/\/carnitec.com\/wp-content\/uploads\/2018\/01\/carnitec_logo_2018.png\",\"width\":180,\"height\":50,\"caption\":\"Carnitec - food processing equipment\"},\"image\":{\"@id\":\"https:\/\/carnitec.com\/lv\/#\/schema\/logo\/image\/\"}}]}<\/script>\n<!-- \/ Yoast SEO plugin. -->","yoast_head_json":{"title":"Sist\u0113ma RS 916 maltas ga\u013cas ra\u017eo\u0161anai - Carnitec","robots":{"index":"index","follow":"follow","max-snippet":"max-snippet:-1","max-image-preview":"max-image-preview:large","max-video-preview":"max-video-preview:-1"},"canonical":"https:\/\/carnitec.com\/lv\/products\/sistema-rs-916-maltas-galas-razosanai\/","og_locale":"lv_LV","og_type":"article","og_title":"Sist\u0113ma RS 916 maltas ga\u013cas ra\u017eo\u0161anai - Carnitec","og_description":"Sist\u0113ma RS 916 ra\u017eo maltas ga\u013cas prec\u012bzu porcija sadali. Sist\u0113ma nodro\u0161ina augstu ra\u017eo\u0161anas l\u012bmeni un prec\u012bzu porcijas svaru. Dota sist\u0113ma sast\u0101v no sl\u012bp\u0113tas galvi\u0146as 200 mm, kuru baro vakuuma pild\u012btais. Grie\u0161anas sist\u0113ma prec\u012bzi sadala ga\u013cas pl\u016bdumu, kas nodro\u0161ina porcijas precizit\u0101ti un augstas kvalit\u0101tes produktu. Dotu sist\u0113mu var viegli piesegt pie paplatas sist\u0113mas. Rezult\u0101t\u0101 produkts b\u016bs nep\u0101rtraukti ra\u017eots ar autom\u0101tisko papl\u0101tes sist\u0113mas padevi.","og_url":"https:\/\/carnitec.com\/lv\/products\/sistema-rs-916-maltas-galas-razosanai\/","og_site_name":"Carnitec","article_publisher":"https:\/\/facebook.com\/carnitec1","og_image":[{"width":397,"height":250,"url":"https:\/\/carnitec.com\/wp-content\/uploads\/2016\/04\/RS_916.jpg","type":"image\/jpeg"}],"twitter_card":"summary","twitter_site":"@carnitec_","twitter_misc":{"Est. reading time":"1 min\u016b\u0161u"},"schema":{"@context":"https:\/\/schema.org","@graph":[{"@type":"WebPage","@id":"https:\/\/carnitec.com\/lv\/products\/sistema-rs-916-maltas-galas-razosanai\/","url":"https:\/\/carnitec.com\/lv\/products\/sistema-rs-916-maltas-galas-razosanai\/","name":"Sist\u0113ma RS 916 maltas ga\u013cas ra\u017eo\u0161anai - Carnitec","isPartOf":{"@id":"https:\/\/carnitec.com\/lv\/#website"},"datePublished":"2016-04-15T17:12:41+00:00","dateModified":"2016-04-15T17:12:41+00:00","breadcrumb":{"@id":"https:\/\/carnitec.com\/lv\/products\/sistema-rs-916-maltas-galas-razosanai\/#breadcrumb"},"inLanguage":"lv-LV","potentialAction":[{"@type":"ReadAction","target":["https:\/\/carnitec.com\/lv\/products\/sistema-rs-916-maltas-galas-razosanai\/"]}]},{"@type":"BreadcrumbList","@id":"https:\/\/carnitec.com\/lv\/products\/sistema-rs-916-maltas-galas-razosanai\/#breadcrumb","itemListElement":[{"@type":"ListItem","position":1,"name":"\u0413\u043b\u0430\u0432\u043d\u0430\u044f \u0441\u0442\u0440\u0430\u043d\u0438\u0446\u0430","item":"https:\/\/carnitec.com\/lv\/"},{"@type":"ListItem","position":2,"name":"\u0422\u043e\u0432\u0430\u0440\u044b","item":"https:\/\/carnitec.com\/shop\/"},{"@type":"ListItem","position":3,"name":"Sist\u0113ma RS 916 maltas ga\u013cas ra\u017eo\u0161anai"}]},{"@type":"WebSite","@id":"https:\/\/carnitec.com\/lv\/#website","url":"https:\/\/carnitec.com\/lv\/","name":"Carnitec","description":"P\u0101rtikas r\u016bpniec\u012bbas iek\u0101rtas","publisher":{"@id":"https:\/\/carnitec.com\/lv\/#organization"},"potentialAction":[{"@type":"SearchAction","target":{"@type":"EntryPoint","urlTemplate":"https:\/\/carnitec.com\/lv\/?s={search_term_string}"},"query-input":"required name=search_term_string"}],"inLanguage":"lv-LV"},{"@type":"Organization","@id":"https:\/\/carnitec.com\/lv\/#organization","name":"Carnitec - food processing equipment","url":"https:\/\/carnitec.com\/lv\/","sameAs":["https:\/\/www.instagram.com\/carnitec\/?hl=en","https:\/\/www.linkedin.com\/company\/carnitec-ltd\/","https:\/\/www.youtube.com\/channel\/UCwfiuJujkF2QxPPZAqB0T2w","https:\/\/facebook.com\/carnitec1","https:\/\/twitter.com\/carnitec_"],"logo":{"@type":"ImageObject","inLanguage":"lv-LV","@id":"https:\/\/carnitec.com\/lv\/#\/schema\/logo\/image\/","url":"http:\/\/carnitec.com\/wp-content\/uploads\/2018\/01\/carnitec_logo_2018.png","contentUrl":"http:\/\/carnitec.com\/wp-content\/uploads\/2018\/01\/carnitec_logo_2018.png","width":180,"height":50,"caption":"Carnitec - food processing equipment"},"image":{"@id":"https:\/\/carnitec.com\/lv\/#\/schema\/logo\/image\/"}}]}},"_links":{"self":[{"href":"https:\/\/carnitec.com\/lv\/wp-json\/wp\/v2\/product\/9084"}],"collection":[{"href":"https:\/\/carnitec.com\/lv\/wp-json\/wp\/v2\/product"}],"about":[{"href":"https:\/\/carnitec.com\/lv\/wp-json\/wp\/v2\/types\/product"}],"wp:featuredmedia":[{"embeddable":true,"href":"https:\/\/carnitec.com\/lv\/wp-json\/wp\/v2\/media\/9076"}],"wp:attachment":[{"href":"https:\/\/carnitec.com\/lv\/wp-json\/wp\/v2\/media?parent=9084"}],"wp:term":[{"taxonomy":"product_cat","embeddable":true,"href":"https:\/\/carnitec.com\/lv\/wp-json\/wp\/v2\/product_cat?post=9084"},{"taxonomy":"product_tag","embeddable":true,"href":"https:\/\/carnitec.com\/lv\/wp-json\/wp\/v2\/product_tag?post=9084"}],"curies":[{"name":"wp","href":"https:\/\/api.w.org\/{rel}","templated":true}]}}