{"id":8852,"date":"2016-03-25T23:11:13","date_gmt":"2016-04-08T18:07:06","guid":{"rendered":"http:\/\/carnitec.com\/lv\/?post_type=product&#038;p=8852"},"modified":"2016-07-18T16:23:24","modified_gmt":"2016-07-18T14:23:24","slug":"cirkulars-sadalisanas-zagis-sk28-03l","status":"publish","type":"product","link":"https:\/\/carnitec.com\/lv\/products\/cirkulars-sadalisanas-zagis-sk28-03l\/","title":{"rendered":"Cirkul\u0101rs sadal\u012b\u0161anas z\u0101\u0123is SK28-03L"},"content":{"rendered":"<p>Cirkul\u0101rais z\u0101\u0123is c\u016bku sadalei (bez galvas), maziem un vidiem uz\u0146\u0113mumiem.<\/p>\n<p>Cirkul\u0101rais zobu disks KGZ<br \/>\nSpir\u0101les kabelis SK<br \/>\nTie\u0161s rokturis GH<br \/>\n\u016adens padeve ar spir\u0101les kabeli grie\u0161anas virsmas atdzes\u0113\u0161anai<br \/>\nSvars 14 kg<br \/>\nDiametrs 280 mm<br \/>\nGrie\u0161anas dzi\u013cums 100 mm<br \/>\nElektriska pievade<br \/>\nF\u0101zes 3<br \/>\nSpriegums 42 V<br \/>\nAizsardz\u012bbas pak\u0101pe (IP) IP 65<\/p>\n<p>\u016adens padeve<br \/>\n\u016adens piesl\u0113gums 20\u00b0C 3\/8<br \/>\nElektriskais izvads<br \/>\nJauda 1300 Watt (50Hz)\/VA 1,77 hp (50Hz)<\/p>\n<p>* F14-2SK Spring Balancer<\/p>\n<p>KHGZ320SPGA Cirkul\u0101rais grie\u0161anas disks<br \/>\nKSZ320SPGA Cirkul\u0101rais grie\u0161anas disks<br \/>\nF20-3SK Atsperes balansieris<\/p>\n","protected":false},"excerpt":{"rendered":"<p>Cirkul\u0101rais z\u0101\u0123is c\u016bku sadalei (bez galvas), maziem un vidiem uz\u0146\u0113mumiem.<\/p>\n","protected":false},"featured_media":8230,"template":"","meta":{"content-type":"","_monsterinsights_skip_tracking":false,"_monsterinsights_sitenote_active":false,"_monsterinsights_sitenote_note":"","_monsterinsights_sitenote_category":0},"product_cat":[951,1963],"product_tag":[],"yoast_head":"<!-- This site is optimized with the Yoast SEO plugin v19.5.1 - https:\/\/yoast.com\/wordpress\/plugins\/seo\/ -->\n<title>Cirkul\u0101rs sadal\u012b\u0161anas z\u0101\u0123is SK28-03L - Carnitec<\/title>\n<meta name=\"robots\" content=\"index, follow, max-snippet:-1, max-image-preview:large, max-video-preview:-1\" \/>\n<link rel=\"canonical\" href=\"https:\/\/carnitec.com\/lv\/products\/cirkulars-sadalisanas-zagis-sk28-03l\/\" \/>\n<meta property=\"og:locale\" content=\"lv_LV\" \/>\n<meta property=\"og:type\" content=\"article\" \/>\n<meta property=\"og:title\" content=\"Cirkul\u0101rs sadal\u012b\u0161anas z\u0101\u0123is SK28-03L - Carnitec\" \/>\n<meta property=\"og:description\" content=\"Cirkul\u0101rais z\u0101\u0123is c\u016bku sadalei (bez galvas), maziem un vidiem uz\u0146\u0113mumiem.\" \/>\n<meta property=\"og:url\" content=\"https:\/\/carnitec.com\/lv\/products\/cirkulars-sadalisanas-zagis-sk28-03l\/\" \/>\n<meta property=\"og:site_name\" content=\"Carnitec\" \/>\n<meta property=\"article:publisher\" content=\"https:\/\/facebook.com\/carnitec1\" \/>\n<meta property=\"article:modified_time\" content=\"2016-07-18T14:23:24+00:00\" \/>\n<meta property=\"og:image\" content=\"https:\/\/carnitec.com\/wp-content\/uploads\/2016\/03\/SK28_03L_Circula_49b6567800ab1.jpg\" \/>\n\t<meta property=\"og:image:width\" content=\"450\" \/>\n\t<meta property=\"og:image:height\" content=\"320\" \/>\n\t<meta property=\"og:image:type\" content=\"image\/jpeg\" \/>\n<meta name=\"twitter:card\" content=\"summary\" \/>\n<meta name=\"twitter:site\" content=\"@carnitec_\" \/>\n<script type=\"application\/ld+json\" class=\"yoast-schema-graph\">{\"@context\":\"https:\/\/schema.org\",\"@graph\":[{\"@type\":\"WebPage\",\"@id\":\"https:\/\/carnitec.com\/lv\/products\/cirkulars-sadalisanas-zagis-sk28-03l\/\",\"url\":\"https:\/\/carnitec.com\/lv\/products\/cirkulars-sadalisanas-zagis-sk28-03l\/\",\"name\":\"Cirkul\u0101rs sadal\u012b\u0161anas z\u0101\u0123is SK28-03L - Carnitec\",\"isPartOf\":{\"@id\":\"https:\/\/carnitec.com\/lv\/#website\"},\"datePublished\":\"2016-04-08T18:07:06+00:00\",\"dateModified\":\"2016-07-18T14:23:24+00:00\",\"breadcrumb\":{\"@id\":\"https:\/\/carnitec.com\/lv\/products\/cirkulars-sadalisanas-zagis-sk28-03l\/#breadcrumb\"},\"inLanguage\":\"lv-LV\",\"potentialAction\":[{\"@type\":\"ReadAction\",\"target\":[\"https:\/\/carnitec.com\/lv\/products\/cirkulars-sadalisanas-zagis-sk28-03l\/\"]}]},{\"@type\":\"BreadcrumbList\",\"@id\":\"https:\/\/carnitec.com\/lv\/products\/cirkulars-sadalisanas-zagis-sk28-03l\/#breadcrumb\",\"itemListElement\":[{\"@type\":\"ListItem\",\"position\":1,\"name\":\"\u0413\u043b\u0430\u0432\u043d\u0430\u044f \u0441\u0442\u0440\u0430\u043d\u0438\u0446\u0430\",\"item\":\"https:\/\/carnitec.com\/lv\/\"},{\"@type\":\"ListItem\",\"position\":2,\"name\":\"\u0422\u043e\u0432\u0430\u0440\u044b\",\"item\":\"https:\/\/carnitec.com\/shop\/\"},{\"@type\":\"ListItem\",\"position\":3,\"name\":\"Cirkul\u0101rs sadal\u012b\u0161anas z\u0101\u0123is SK28-03L\"}]},{\"@type\":\"WebSite\",\"@id\":\"https:\/\/carnitec.com\/lv\/#website\",\"url\":\"https:\/\/carnitec.com\/lv\/\",\"name\":\"Carnitec\",\"description\":\"P\u0101rtikas r\u016bpniec\u012bbas iek\u0101rtas\",\"publisher\":{\"@id\":\"https:\/\/carnitec.com\/lv\/#organization\"},\"potentialAction\":[{\"@type\":\"SearchAction\",\"target\":{\"@type\":\"EntryPoint\",\"urlTemplate\":\"https:\/\/carnitec.com\/lv\/?s={search_term_string}\"},\"query-input\":\"required name=search_term_string\"}],\"inLanguage\":\"lv-LV\"},{\"@type\":\"Organization\",\"@id\":\"https:\/\/carnitec.com\/lv\/#organization\",\"name\":\"Carnitec - food processing equipment\",\"url\":\"https:\/\/carnitec.com\/lv\/\",\"sameAs\":[\"https:\/\/www.instagram.com\/carnitec\/?hl=en\",\"https:\/\/www.linkedin.com\/company\/carnitec-ltd\/\",\"https:\/\/www.youtube.com\/channel\/UCwfiuJujkF2QxPPZAqB0T2w\",\"https:\/\/facebook.com\/carnitec1\",\"https:\/\/twitter.com\/carnitec_\"],\"logo\":{\"@type\":\"ImageObject\",\"inLanguage\":\"lv-LV\",\"@id\":\"https:\/\/carnitec.com\/lv\/#\/schema\/logo\/image\/\",\"url\":\"http:\/\/carnitec.com\/wp-content\/uploads\/2018\/01\/carnitec_logo_2018.png\",\"contentUrl\":\"http:\/\/carnitec.com\/wp-content\/uploads\/2018\/01\/carnitec_logo_2018.png\",\"width\":180,\"height\":50,\"caption\":\"Carnitec - food processing equipment\"},\"image\":{\"@id\":\"https:\/\/carnitec.com\/lv\/#\/schema\/logo\/image\/\"}}]}<\/script>\n<!-- \/ Yoast SEO plugin. -->","yoast_head_json":{"title":"Cirkul\u0101rs sadal\u012b\u0161anas z\u0101\u0123is SK28-03L - Carnitec","robots":{"index":"index","follow":"follow","max-snippet":"max-snippet:-1","max-image-preview":"max-image-preview:large","max-video-preview":"max-video-preview:-1"},"canonical":"https:\/\/carnitec.com\/lv\/products\/cirkulars-sadalisanas-zagis-sk28-03l\/","og_locale":"lv_LV","og_type":"article","og_title":"Cirkul\u0101rs sadal\u012b\u0161anas z\u0101\u0123is SK28-03L - Carnitec","og_description":"Cirkul\u0101rais z\u0101\u0123is c\u016bku sadalei (bez galvas), maziem un vidiem uz\u0146\u0113mumiem.","og_url":"https:\/\/carnitec.com\/lv\/products\/cirkulars-sadalisanas-zagis-sk28-03l\/","og_site_name":"Carnitec","article_publisher":"https:\/\/facebook.com\/carnitec1","article_modified_time":"2016-07-18T14:23:24+00:00","og_image":[{"width":450,"height":320,"url":"https:\/\/carnitec.com\/wp-content\/uploads\/2016\/03\/SK28_03L_Circula_49b6567800ab1.jpg","type":"image\/jpeg"}],"twitter_card":"summary","twitter_site":"@carnitec_","schema":{"@context":"https:\/\/schema.org","@graph":[{"@type":"WebPage","@id":"https:\/\/carnitec.com\/lv\/products\/cirkulars-sadalisanas-zagis-sk28-03l\/","url":"https:\/\/carnitec.com\/lv\/products\/cirkulars-sadalisanas-zagis-sk28-03l\/","name":"Cirkul\u0101rs sadal\u012b\u0161anas z\u0101\u0123is SK28-03L - Carnitec","isPartOf":{"@id":"https:\/\/carnitec.com\/lv\/#website"},"datePublished":"2016-04-08T18:07:06+00:00","dateModified":"2016-07-18T14:23:24+00:00","breadcrumb":{"@id":"https:\/\/carnitec.com\/lv\/products\/cirkulars-sadalisanas-zagis-sk28-03l\/#breadcrumb"},"inLanguage":"lv-LV","potentialAction":[{"@type":"ReadAction","target":["https:\/\/carnitec.com\/lv\/products\/cirkulars-sadalisanas-zagis-sk28-03l\/"]}]},{"@type":"BreadcrumbList","@id":"https:\/\/carnitec.com\/lv\/products\/cirkulars-sadalisanas-zagis-sk28-03l\/#breadcrumb","itemListElement":[{"@type":"ListItem","position":1,"name":"\u0413\u043b\u0430\u0432\u043d\u0430\u044f \u0441\u0442\u0440\u0430\u043d\u0438\u0446\u0430","item":"https:\/\/carnitec.com\/lv\/"},{"@type":"ListItem","position":2,"name":"\u0422\u043e\u0432\u0430\u0440\u044b","item":"https:\/\/carnitec.com\/shop\/"},{"@type":"ListItem","position":3,"name":"Cirkul\u0101rs sadal\u012b\u0161anas z\u0101\u0123is SK28-03L"}]},{"@type":"WebSite","@id":"https:\/\/carnitec.com\/lv\/#website","url":"https:\/\/carnitec.com\/lv\/","name":"Carnitec","description":"P\u0101rtikas r\u016bpniec\u012bbas iek\u0101rtas","publisher":{"@id":"https:\/\/carnitec.com\/lv\/#organization"},"potentialAction":[{"@type":"SearchAction","target":{"@type":"EntryPoint","urlTemplate":"https:\/\/carnitec.com\/lv\/?s={search_term_string}"},"query-input":"required name=search_term_string"}],"inLanguage":"lv-LV"},{"@type":"Organization","@id":"https:\/\/carnitec.com\/lv\/#organization","name":"Carnitec - food processing equipment","url":"https:\/\/carnitec.com\/lv\/","sameAs":["https:\/\/www.instagram.com\/carnitec\/?hl=en","https:\/\/www.linkedin.com\/company\/carnitec-ltd\/","https:\/\/www.youtube.com\/channel\/UCwfiuJujkF2QxPPZAqB0T2w","https:\/\/facebook.com\/carnitec1","https:\/\/twitter.com\/carnitec_"],"logo":{"@type":"ImageObject","inLanguage":"lv-LV","@id":"https:\/\/carnitec.com\/lv\/#\/schema\/logo\/image\/","url":"http:\/\/carnitec.com\/wp-content\/uploads\/2018\/01\/carnitec_logo_2018.png","contentUrl":"http:\/\/carnitec.com\/wp-content\/uploads\/2018\/01\/carnitec_logo_2018.png","width":180,"height":50,"caption":"Carnitec - food processing equipment"},"image":{"@id":"https:\/\/carnitec.com\/lv\/#\/schema\/logo\/image\/"}}]}},"_links":{"self":[{"href":"https:\/\/carnitec.com\/lv\/wp-json\/wp\/v2\/product\/8852"}],"collection":[{"href":"https:\/\/carnitec.com\/lv\/wp-json\/wp\/v2\/product"}],"about":[{"href":"https:\/\/carnitec.com\/lv\/wp-json\/wp\/v2\/types\/product"}],"wp:featuredmedia":[{"embeddable":true,"href":"https:\/\/carnitec.com\/lv\/wp-json\/wp\/v2\/media\/8230"}],"wp:attachment":[{"href":"https:\/\/carnitec.com\/lv\/wp-json\/wp\/v2\/media?parent=8852"}],"wp:term":[{"taxonomy":"product_cat","embeddable":true,"href":"https:\/\/carnitec.com\/lv\/wp-json\/wp\/v2\/product_cat?post=8852"},{"taxonomy":"product_tag","embeddable":true,"href":"https:\/\/carnitec.com\/lv\/wp-json\/wp\/v2\/product_tag?post=8852"}],"curies":[{"name":"wp","href":"https:\/\/api.w.org\/{rel}","templated":true}]}}