{"id":8844,"date":"2015-11-23T15:02:01","date_gmt":"2016-04-08T17:51:03","guid":{"rendered":"http:\/\/carnitec.com\/lv\/?post_type=product&#038;p=8844"},"modified":"2016-06-16T09:59:41","modified_gmt":"2016-06-16T07:59:41","slug":"mix-180-lapstinu-maisitajs","status":"publish","type":"product","link":"https:\/\/carnitec.com\/lv\/products\/mix-180-lapstinu-maisitajs\/","title":{"rendered":"MIX-180 L\u0101psti\u0146u mais\u012bt\u0101js"},"content":{"rendered":"<p>Viegla un \u0113rta apkalpo\u0161ana.<br \/>\nMais\u012b\u0161anas process notiek pateicoties div\u0101m krusto\u0161an\u0101s l\u0101psti\u0146\u0101m, kas atrodas da\u017e\u0101da augstum\u0101.<\/p>\n<div class=\"embed-responsive embed-responsive-16by9\"><iframe loading=\"lazy\" title=\"Paddle mixer MIX 180 - Rice bubble bars - N&amp;N Nadratowski  - www.nadratowski.com\" width=\"640\" height=\"480\" src=\"https:\/\/www.youtube.com\/embed\/bij635n8vR0?feature=oembed\" frameborder=\"0\" allow=\"accelerometer; autoplay; clipboard-write; encrypted-media; gyroscope; picture-in-picture\" allowfullscreen><\/iframe><\/div>\n<p>* iekrau\u0161ana,<br \/>\n* mikroprocesora vad\u012bba,<br \/>\n* svari,<br \/>\n* atdzes\u0113\u0161ana.<\/p>\n<p>Tilpums [litri] 180<br \/>\nJauda [kW] 2,4<br \/>\nApgriezieni [1\/min] 30\/60<br \/>\nIzm\u0113ri [cm] 136\/68\/105<br \/>\nPadeves ier\u012bces jauda: 0,75 kW<br \/>\nSvars neto [kg] 367<br \/>\nIek\u0101rtas svars ar iekr\u0101v\u0113ju PZ-2\/250 (opcija) 641 kg<br \/>\nIzkrau\u0161ana 200 L rati\u0146os (opcija 120 L)<br \/>\nV\u0101ku atv\u0113r\u0161ana \/ aizv\u0113r\u0161ana ar rokam.<\/p>\n","protected":false},"excerpt":{"rendered":"<p>Viegla un \u0113rta apkalpo\u0161ana.<br \/>\nMais\u012b\u0161anas process notiek pateicoties div\u0101m krusto\u0161an\u0101s l\u0101psti\u0146\u0101m, kas atrodas da\u017e\u0101da augstum\u0101.<\/p>\n","protected":false},"featured_media":8845,"template":"","meta":{"content-type":"","_monsterinsights_skip_tracking":false,"_monsterinsights_sitenote_active":false,"_monsterinsights_sitenote_note":"","_monsterinsights_sitenote_category":0},"product_cat":[931,942],"product_tag":[],"yoast_head":"<!-- This site is optimized with the Yoast SEO plugin v19.5.1 - https:\/\/yoast.com\/wordpress\/plugins\/seo\/ -->\n<title>MIX-180 L\u0101psti\u0146u mais\u012bt\u0101js - Carnitec<\/title>\n<meta name=\"robots\" content=\"index, follow, max-snippet:-1, max-image-preview:large, max-video-preview:-1\" \/>\n<link rel=\"canonical\" href=\"https:\/\/carnitec.com\/lv\/products\/mix-180-lapstinu-maisitajs\/\" \/>\n<meta property=\"og:locale\" content=\"lv_LV\" \/>\n<meta property=\"og:type\" content=\"article\" \/>\n<meta property=\"og:title\" content=\"MIX-180 L\u0101psti\u0146u mais\u012bt\u0101js - Carnitec\" \/>\n<meta property=\"og:description\" content=\"Viegla un \u0113rta apkalpo\u0161ana. Mais\u012b\u0161anas process notiek pateicoties div\u0101m krusto\u0161an\u0101s l\u0101psti\u0146\u0101m, kas atrodas da\u017e\u0101da augstum\u0101.\" \/>\n<meta property=\"og:url\" content=\"https:\/\/carnitec.com\/lv\/products\/mix-180-lapstinu-maisitajs\/\" \/>\n<meta property=\"og:site_name\" content=\"Carnitec\" \/>\n<meta property=\"article:publisher\" content=\"https:\/\/facebook.com\/carnitec1\" \/>\n<meta property=\"article:modified_time\" content=\"2016-06-16T07:59:41+00:00\" \/>\n<meta property=\"og:image\" content=\"https:\/\/carnitec.com\/wp-content\/uploads\/2015\/11\/180.jpg\" \/>\n\t<meta property=\"og:image:width\" content=\"637\" \/>\n\t<meta property=\"og:image:height\" content=\"721\" \/>\n\t<meta property=\"og:image:type\" content=\"image\/jpeg\" \/>\n<meta name=\"twitter:card\" content=\"summary\" \/>\n<meta name=\"twitter:site\" content=\"@carnitec_\" \/>\n<script type=\"application\/ld+json\" class=\"yoast-schema-graph\">{\"@context\":\"https:\/\/schema.org\",\"@graph\":[{\"@type\":\"WebPage\",\"@id\":\"https:\/\/carnitec.com\/lv\/products\/mix-180-lapstinu-maisitajs\/\",\"url\":\"https:\/\/carnitec.com\/lv\/products\/mix-180-lapstinu-maisitajs\/\",\"name\":\"MIX-180 L\u0101psti\u0146u mais\u012bt\u0101js - Carnitec\",\"isPartOf\":{\"@id\":\"https:\/\/carnitec.com\/lv\/#website\"},\"datePublished\":\"2016-04-08T17:51:03+00:00\",\"dateModified\":\"2016-06-16T07:59:41+00:00\",\"breadcrumb\":{\"@id\":\"https:\/\/carnitec.com\/lv\/products\/mix-180-lapstinu-maisitajs\/#breadcrumb\"},\"inLanguage\":\"lv-LV\",\"potentialAction\":[{\"@type\":\"ReadAction\",\"target\":[\"https:\/\/carnitec.com\/lv\/products\/mix-180-lapstinu-maisitajs\/\"]}]},{\"@type\":\"BreadcrumbList\",\"@id\":\"https:\/\/carnitec.com\/lv\/products\/mix-180-lapstinu-maisitajs\/#breadcrumb\",\"itemListElement\":[{\"@type\":\"ListItem\",\"position\":1,\"name\":\"\u0413\u043b\u0430\u0432\u043d\u0430\u044f \u0441\u0442\u0440\u0430\u043d\u0438\u0446\u0430\",\"item\":\"https:\/\/carnitec.com\/lv\/\"},{\"@type\":\"ListItem\",\"position\":2,\"name\":\"\u0422\u043e\u0432\u0430\u0440\u044b\",\"item\":\"https:\/\/carnitec.com\/shop\/\"},{\"@type\":\"ListItem\",\"position\":3,\"name\":\"MIX-180 L\u0101psti\u0146u mais\u012bt\u0101js\"}]},{\"@type\":\"WebSite\",\"@id\":\"https:\/\/carnitec.com\/lv\/#website\",\"url\":\"https:\/\/carnitec.com\/lv\/\",\"name\":\"Carnitec\",\"description\":\"P\u0101rtikas r\u016bpniec\u012bbas iek\u0101rtas\",\"publisher\":{\"@id\":\"https:\/\/carnitec.com\/lv\/#organization\"},\"potentialAction\":[{\"@type\":\"SearchAction\",\"target\":{\"@type\":\"EntryPoint\",\"urlTemplate\":\"https:\/\/carnitec.com\/lv\/?s={search_term_string}\"},\"query-input\":\"required name=search_term_string\"}],\"inLanguage\":\"lv-LV\"},{\"@type\":\"Organization\",\"@id\":\"https:\/\/carnitec.com\/lv\/#organization\",\"name\":\"Carnitec - food processing equipment\",\"url\":\"https:\/\/carnitec.com\/lv\/\",\"sameAs\":[\"https:\/\/www.instagram.com\/carnitec\/?hl=en\",\"https:\/\/www.linkedin.com\/company\/carnitec-ltd\/\",\"https:\/\/www.youtube.com\/channel\/UCwfiuJujkF2QxPPZAqB0T2w\",\"https:\/\/facebook.com\/carnitec1\",\"https:\/\/twitter.com\/carnitec_\"],\"logo\":{\"@type\":\"ImageObject\",\"inLanguage\":\"lv-LV\",\"@id\":\"https:\/\/carnitec.com\/lv\/#\/schema\/logo\/image\/\",\"url\":\"http:\/\/carnitec.com\/wp-content\/uploads\/2018\/01\/carnitec_logo_2018.png\",\"contentUrl\":\"http:\/\/carnitec.com\/wp-content\/uploads\/2018\/01\/carnitec_logo_2018.png\",\"width\":180,\"height\":50,\"caption\":\"Carnitec - food processing equipment\"},\"image\":{\"@id\":\"https:\/\/carnitec.com\/lv\/#\/schema\/logo\/image\/\"}}]}<\/script>\n<!-- \/ Yoast SEO plugin. -->","yoast_head_json":{"title":"MIX-180 L\u0101psti\u0146u mais\u012bt\u0101js - Carnitec","robots":{"index":"index","follow":"follow","max-snippet":"max-snippet:-1","max-image-preview":"max-image-preview:large","max-video-preview":"max-video-preview:-1"},"canonical":"https:\/\/carnitec.com\/lv\/products\/mix-180-lapstinu-maisitajs\/","og_locale":"lv_LV","og_type":"article","og_title":"MIX-180 L\u0101psti\u0146u mais\u012bt\u0101js - Carnitec","og_description":"Viegla un \u0113rta apkalpo\u0161ana. Mais\u012b\u0161anas process notiek pateicoties div\u0101m krusto\u0161an\u0101s l\u0101psti\u0146\u0101m, kas atrodas da\u017e\u0101da augstum\u0101.","og_url":"https:\/\/carnitec.com\/lv\/products\/mix-180-lapstinu-maisitajs\/","og_site_name":"Carnitec","article_publisher":"https:\/\/facebook.com\/carnitec1","article_modified_time":"2016-06-16T07:59:41+00:00","og_image":[{"width":637,"height":721,"url":"https:\/\/carnitec.com\/wp-content\/uploads\/2015\/11\/180.jpg","type":"image\/jpeg"}],"twitter_card":"summary","twitter_site":"@carnitec_","schema":{"@context":"https:\/\/schema.org","@graph":[{"@type":"WebPage","@id":"https:\/\/carnitec.com\/lv\/products\/mix-180-lapstinu-maisitajs\/","url":"https:\/\/carnitec.com\/lv\/products\/mix-180-lapstinu-maisitajs\/","name":"MIX-180 L\u0101psti\u0146u mais\u012bt\u0101js - Carnitec","isPartOf":{"@id":"https:\/\/carnitec.com\/lv\/#website"},"datePublished":"2016-04-08T17:51:03+00:00","dateModified":"2016-06-16T07:59:41+00:00","breadcrumb":{"@id":"https:\/\/carnitec.com\/lv\/products\/mix-180-lapstinu-maisitajs\/#breadcrumb"},"inLanguage":"lv-LV","potentialAction":[{"@type":"ReadAction","target":["https:\/\/carnitec.com\/lv\/products\/mix-180-lapstinu-maisitajs\/"]}]},{"@type":"BreadcrumbList","@id":"https:\/\/carnitec.com\/lv\/products\/mix-180-lapstinu-maisitajs\/#breadcrumb","itemListElement":[{"@type":"ListItem","position":1,"name":"\u0413\u043b\u0430\u0432\u043d\u0430\u044f \u0441\u0442\u0440\u0430\u043d\u0438\u0446\u0430","item":"https:\/\/carnitec.com\/lv\/"},{"@type":"ListItem","position":2,"name":"\u0422\u043e\u0432\u0430\u0440\u044b","item":"https:\/\/carnitec.com\/shop\/"},{"@type":"ListItem","position":3,"name":"MIX-180 L\u0101psti\u0146u mais\u012bt\u0101js"}]},{"@type":"WebSite","@id":"https:\/\/carnitec.com\/lv\/#website","url":"https:\/\/carnitec.com\/lv\/","name":"Carnitec","description":"P\u0101rtikas r\u016bpniec\u012bbas iek\u0101rtas","publisher":{"@id":"https:\/\/carnitec.com\/lv\/#organization"},"potentialAction":[{"@type":"SearchAction","target":{"@type":"EntryPoint","urlTemplate":"https:\/\/carnitec.com\/lv\/?s={search_term_string}"},"query-input":"required name=search_term_string"}],"inLanguage":"lv-LV"},{"@type":"Organization","@id":"https:\/\/carnitec.com\/lv\/#organization","name":"Carnitec - food processing equipment","url":"https:\/\/carnitec.com\/lv\/","sameAs":["https:\/\/www.instagram.com\/carnitec\/?hl=en","https:\/\/www.linkedin.com\/company\/carnitec-ltd\/","https:\/\/www.youtube.com\/channel\/UCwfiuJujkF2QxPPZAqB0T2w","https:\/\/facebook.com\/carnitec1","https:\/\/twitter.com\/carnitec_"],"logo":{"@type":"ImageObject","inLanguage":"lv-LV","@id":"https:\/\/carnitec.com\/lv\/#\/schema\/logo\/image\/","url":"http:\/\/carnitec.com\/wp-content\/uploads\/2018\/01\/carnitec_logo_2018.png","contentUrl":"http:\/\/carnitec.com\/wp-content\/uploads\/2018\/01\/carnitec_logo_2018.png","width":180,"height":50,"caption":"Carnitec - food processing equipment"},"image":{"@id":"https:\/\/carnitec.com\/lv\/#\/schema\/logo\/image\/"}}]}},"_links":{"self":[{"href":"https:\/\/carnitec.com\/lv\/wp-json\/wp\/v2\/product\/8844"}],"collection":[{"href":"https:\/\/carnitec.com\/lv\/wp-json\/wp\/v2\/product"}],"about":[{"href":"https:\/\/carnitec.com\/lv\/wp-json\/wp\/v2\/types\/product"}],"wp:featuredmedia":[{"embeddable":true,"href":"https:\/\/carnitec.com\/lv\/wp-json\/wp\/v2\/media\/8845"}],"wp:attachment":[{"href":"https:\/\/carnitec.com\/lv\/wp-json\/wp\/v2\/media?parent=8844"}],"wp:term":[{"taxonomy":"product_cat","embeddable":true,"href":"https:\/\/carnitec.com\/lv\/wp-json\/wp\/v2\/product_cat?post=8844"},{"taxonomy":"product_tag","embeddable":true,"href":"https:\/\/carnitec.com\/lv\/wp-json\/wp\/v2\/product_tag?post=8844"}],"curies":[{"name":"wp","href":"https:\/\/api.w.org\/{rel}","templated":true}]}}