{"id":8799,"date":"2016-04-08T17:58:33","date_gmt":"2016-04-08T15:58:33","guid":{"rendered":"http:\/\/carnitec.com\/lv\/?post_type=product&#038;p=8799"},"modified":"2016-04-08T17:58:33","modified_gmt":"2016-04-08T15:58:33","slug":"mazgasanas-galds-ar-aizsargsienu","status":"publish","type":"product","link":"https:\/\/carnitec.com\/lv\/products\/mazgasanas-galds-ar-aizsargsienu\/","title":{"rendered":"Mazg\u0101\u0161anas galds ar aizsargsienu"},"content":{"rendered":"<p class=\"p1\"><span class=\"s1\"><b>Mazg\u0101\u0161anas galds ar aizsargsienu<\/b><\/span><\/p>\n<p class=\"p2\"><span class=\"s1\"><b>Apraksts<\/b><\/span><\/p>\n<ul class=\"ul1\">\n<li class=\"li2\"><span class=\"s1\">mont\u0113jams sien\u0101<\/span><\/li>\n<li class=\"li2\"><span class=\"s1\">ner\u016bs\u0113jo\u0161a t\u0113rauda aizsargm\u016bris<\/span><\/li>\n<li class=\"li2\"><span class=\"s1\">sl\u0113dzis ar fotoelementi priek\u0161\u0113j\u0101 sien\u0101<\/span><\/li>\n<li class=\"li2\"><span class=\"s1\">baro\u0161ana 230 V<\/span><\/li>\n<li class=\"li2\"><span class=\"s1\">vad\u012bbas spriegums (opcijas: 24 V vai 230 V)<\/span><\/li>\n<li class=\"li2\"><span class=\"s1\">\u043dsienas v\u0101ks ar 525 mm augstumu<\/span><\/li>\n<\/ul>\n<table class=\"t1\" cellspacing=\"0\" cellpadding=\"0\">\n<tbody>\n<tr>\n<td class=\"td1\" valign=\"baseline\">\n<p class=\"p2\"><span class=\"s1\"><b>Art.nr<\/b><\/span><\/p>\n<\/td>\n<td class=\"td2\" valign=\"baseline\">\n<p class=\"p2\"><span class=\"s1\"><b>B\u013codas izm\u0113rs<\/b><\/span><\/p>\n<\/td>\n<td class=\"td3\" valign=\"baseline\">\n<p class=\"p2\"><span class=\"s1\"><b>Opcijas<\/b><\/span><\/p>\n<\/td>\n<td class=\"td2\" valign=\"baseline\">\n<p class=\"p2\"><span class=\"s1\"><b>Izm\u0113ri<\/b><\/span><\/p>\n<\/td>\n<\/tr>\n<tr>\n<td class=\"td4\" colspan=\"4\" valign=\"baseline\"><\/td>\n<\/tr>\n<tr>\n<td class=\"td5\" valign=\"baseline\">\n<p class=\"p2\"><span class=\"s1\">NMG5310700<\/span><\/p>\n<\/td>\n<td class=\"td6\" valign=\"baseline\">\n<p class=\"p2\"><span class=\"s1\">370 x 340 x 150 mm<\/span><\/p>\n<\/td>\n<td class=\"td7\" valign=\"baseline\">\n<p class=\"p2\"><span class=\"s1\">baro\u0161ana 230 V<\/span><\/p>\n<p class=\"p2\"><span class=\"s1\">vad\u012bbas spriegums 24 V<\/span><\/p>\n<\/td>\n<td class=\"td6\" valign=\"baseline\">\n<p class=\"p2\"><span class=\"s1\">450 x 490 x 795 mm<\/span><\/p>\n<\/td>\n<\/tr>\n<tr>\n<td class=\"td5\" valign=\"baseline\">\n<p class=\"p2\"><span class=\"s1\">NMG5310723<\/span><\/p>\n<\/td>\n<td class=\"td6\" valign=\"baseline\">\n<p class=\"p2\"><span class=\"s1\">370 x 340 x 150 mm<\/span><\/p>\n<\/td>\n<td class=\"td7\" valign=\"baseline\">\n<p class=\"p2\"><span class=\"s1\">baro\u0161ana\u00a0230 V<\/span><\/p>\n<p class=\"p2\"><span class=\"s1\">vad\u012bbas spriegums230 V<\/span><\/p>\n<\/td>\n<td class=\"td6\" valign=\"baseline\">\n<p class=\"p2\"><span class=\"s1\">450 x 490 x 795 mm<\/span><\/p>\n<\/td>\n<\/tr>\n<\/tbody>\n<\/table>\n<p><\/p>\n","protected":false},"excerpt":{"rendered":"<p class=\"p1\"><span class=\"s1\"><b>Mazg\u0101\u0161anas galds ar aizsargsienu<\/b><\/span><\/p>\n","protected":false},"featured_media":8800,"template":"","meta":{"content-type":"","_monsterinsights_skip_tracking":false,"_monsterinsights_sitenote_active":false,"_monsterinsights_sitenote_note":"","_monsterinsights_sitenote_category":0},"product_cat":[893],"product_tag":[1510,1518],"yoast_head":"<!-- This site is optimized with the Yoast SEO plugin v19.5.1 - https:\/\/yoast.com\/wordpress\/plugins\/seo\/ -->\n<title>Mazg\u0101\u0161anas galds ar aizsargsienu - Carnitec<\/title>\n<meta name=\"robots\" content=\"index, follow, max-snippet:-1, max-image-preview:large, max-video-preview:-1\" \/>\n<link rel=\"canonical\" href=\"https:\/\/carnitec.com\/lv\/products\/mazgasanas-galds-ar-aizsargsienu\/\" \/>\n<meta property=\"og:locale\" content=\"lv_LV\" \/>\n<meta property=\"og:type\" content=\"article\" \/>\n<meta property=\"og:title\" content=\"Mazg\u0101\u0161anas galds ar aizsargsienu - Carnitec\" \/>\n<meta property=\"og:description\" content=\"Mazg\u0101\u0161anas galds ar aizsargsienu\" \/>\n<meta property=\"og:url\" content=\"https:\/\/carnitec.com\/lv\/products\/mazgasanas-galds-ar-aizsargsienu\/\" \/>\n<meta property=\"og:site_name\" content=\"Carnitec\" \/>\n<meta property=\"article:publisher\" content=\"https:\/\/facebook.com\/carnitec1\" \/>\n<meta property=\"og:image\" content=\"https:\/\/carnitec.com\/wp-content\/uploads\/2016\/04\/backwall_basin.jpg\" \/>\n\t<meta property=\"og:image:width\" content=\"250\" \/>\n\t<meta property=\"og:image:height\" content=\"370\" \/>\n\t<meta property=\"og:image:type\" content=\"image\/jpeg\" \/>\n<meta name=\"twitter:card\" content=\"summary\" \/>\n<meta name=\"twitter:site\" content=\"@carnitec_\" \/>\n<script type=\"application\/ld+json\" class=\"yoast-schema-graph\">{\"@context\":\"https:\/\/schema.org\",\"@graph\":[{\"@type\":\"WebPage\",\"@id\":\"https:\/\/carnitec.com\/lv\/products\/mazgasanas-galds-ar-aizsargsienu\/\",\"url\":\"https:\/\/carnitec.com\/lv\/products\/mazgasanas-galds-ar-aizsargsienu\/\",\"name\":\"Mazg\u0101\u0161anas galds ar aizsargsienu - Carnitec\",\"isPartOf\":{\"@id\":\"https:\/\/carnitec.com\/lv\/#website\"},\"datePublished\":\"2016-04-08T15:58:33+00:00\",\"dateModified\":\"2016-04-08T15:58:33+00:00\",\"breadcrumb\":{\"@id\":\"https:\/\/carnitec.com\/lv\/products\/mazgasanas-galds-ar-aizsargsienu\/#breadcrumb\"},\"inLanguage\":\"lv-LV\",\"potentialAction\":[{\"@type\":\"ReadAction\",\"target\":[\"https:\/\/carnitec.com\/lv\/products\/mazgasanas-galds-ar-aizsargsienu\/\"]}]},{\"@type\":\"BreadcrumbList\",\"@id\":\"https:\/\/carnitec.com\/lv\/products\/mazgasanas-galds-ar-aizsargsienu\/#breadcrumb\",\"itemListElement\":[{\"@type\":\"ListItem\",\"position\":1,\"name\":\"\u0413\u043b\u0430\u0432\u043d\u0430\u044f \u0441\u0442\u0440\u0430\u043d\u0438\u0446\u0430\",\"item\":\"https:\/\/carnitec.com\/lv\/\"},{\"@type\":\"ListItem\",\"position\":2,\"name\":\"\u0422\u043e\u0432\u0430\u0440\u044b\",\"item\":\"https:\/\/carnitec.com\/shop\/\"},{\"@type\":\"ListItem\",\"position\":3,\"name\":\"Mazg\u0101\u0161anas galds ar aizsargsienu\"}]},{\"@type\":\"WebSite\",\"@id\":\"https:\/\/carnitec.com\/lv\/#website\",\"url\":\"https:\/\/carnitec.com\/lv\/\",\"name\":\"Carnitec\",\"description\":\"P\u0101rtikas r\u016bpniec\u012bbas iek\u0101rtas\",\"publisher\":{\"@id\":\"https:\/\/carnitec.com\/lv\/#organization\"},\"potentialAction\":[{\"@type\":\"SearchAction\",\"target\":{\"@type\":\"EntryPoint\",\"urlTemplate\":\"https:\/\/carnitec.com\/lv\/?s={search_term_string}\"},\"query-input\":\"required name=search_term_string\"}],\"inLanguage\":\"lv-LV\"},{\"@type\":\"Organization\",\"@id\":\"https:\/\/carnitec.com\/lv\/#organization\",\"name\":\"Carnitec - food processing equipment\",\"url\":\"https:\/\/carnitec.com\/lv\/\",\"sameAs\":[\"https:\/\/www.instagram.com\/carnitec\/?hl=en\",\"https:\/\/www.linkedin.com\/company\/carnitec-ltd\/\",\"https:\/\/www.youtube.com\/channel\/UCwfiuJujkF2QxPPZAqB0T2w\",\"https:\/\/facebook.com\/carnitec1\",\"https:\/\/twitter.com\/carnitec_\"],\"logo\":{\"@type\":\"ImageObject\",\"inLanguage\":\"lv-LV\",\"@id\":\"https:\/\/carnitec.com\/lv\/#\/schema\/logo\/image\/\",\"url\":\"http:\/\/carnitec.com\/wp-content\/uploads\/2018\/01\/carnitec_logo_2018.png\",\"contentUrl\":\"http:\/\/carnitec.com\/wp-content\/uploads\/2018\/01\/carnitec_logo_2018.png\",\"width\":180,\"height\":50,\"caption\":\"Carnitec - food processing equipment\"},\"image\":{\"@id\":\"https:\/\/carnitec.com\/lv\/#\/schema\/logo\/image\/\"}}]}<\/script>\n<!-- \/ Yoast SEO plugin. -->","yoast_head_json":{"title":"Mazg\u0101\u0161anas galds ar aizsargsienu - Carnitec","robots":{"index":"index","follow":"follow","max-snippet":"max-snippet:-1","max-image-preview":"max-image-preview:large","max-video-preview":"max-video-preview:-1"},"canonical":"https:\/\/carnitec.com\/lv\/products\/mazgasanas-galds-ar-aizsargsienu\/","og_locale":"lv_LV","og_type":"article","og_title":"Mazg\u0101\u0161anas galds ar aizsargsienu - Carnitec","og_description":"Mazg\u0101\u0161anas galds ar aizsargsienu","og_url":"https:\/\/carnitec.com\/lv\/products\/mazgasanas-galds-ar-aizsargsienu\/","og_site_name":"Carnitec","article_publisher":"https:\/\/facebook.com\/carnitec1","og_image":[{"width":250,"height":370,"url":"https:\/\/carnitec.com\/wp-content\/uploads\/2016\/04\/backwall_basin.jpg","type":"image\/jpeg"}],"twitter_card":"summary","twitter_site":"@carnitec_","schema":{"@context":"https:\/\/schema.org","@graph":[{"@type":"WebPage","@id":"https:\/\/carnitec.com\/lv\/products\/mazgasanas-galds-ar-aizsargsienu\/","url":"https:\/\/carnitec.com\/lv\/products\/mazgasanas-galds-ar-aizsargsienu\/","name":"Mazg\u0101\u0161anas galds ar aizsargsienu - Carnitec","isPartOf":{"@id":"https:\/\/carnitec.com\/lv\/#website"},"datePublished":"2016-04-08T15:58:33+00:00","dateModified":"2016-04-08T15:58:33+00:00","breadcrumb":{"@id":"https:\/\/carnitec.com\/lv\/products\/mazgasanas-galds-ar-aizsargsienu\/#breadcrumb"},"inLanguage":"lv-LV","potentialAction":[{"@type":"ReadAction","target":["https:\/\/carnitec.com\/lv\/products\/mazgasanas-galds-ar-aizsargsienu\/"]}]},{"@type":"BreadcrumbList","@id":"https:\/\/carnitec.com\/lv\/products\/mazgasanas-galds-ar-aizsargsienu\/#breadcrumb","itemListElement":[{"@type":"ListItem","position":1,"name":"\u0413\u043b\u0430\u0432\u043d\u0430\u044f \u0441\u0442\u0440\u0430\u043d\u0438\u0446\u0430","item":"https:\/\/carnitec.com\/lv\/"},{"@type":"ListItem","position":2,"name":"\u0422\u043e\u0432\u0430\u0440\u044b","item":"https:\/\/carnitec.com\/shop\/"},{"@type":"ListItem","position":3,"name":"Mazg\u0101\u0161anas galds ar aizsargsienu"}]},{"@type":"WebSite","@id":"https:\/\/carnitec.com\/lv\/#website","url":"https:\/\/carnitec.com\/lv\/","name":"Carnitec","description":"P\u0101rtikas r\u016bpniec\u012bbas iek\u0101rtas","publisher":{"@id":"https:\/\/carnitec.com\/lv\/#organization"},"potentialAction":[{"@type":"SearchAction","target":{"@type":"EntryPoint","urlTemplate":"https:\/\/carnitec.com\/lv\/?s={search_term_string}"},"query-input":"required name=search_term_string"}],"inLanguage":"lv-LV"},{"@type":"Organization","@id":"https:\/\/carnitec.com\/lv\/#organization","name":"Carnitec - food processing equipment","url":"https:\/\/carnitec.com\/lv\/","sameAs":["https:\/\/www.instagram.com\/carnitec\/?hl=en","https:\/\/www.linkedin.com\/company\/carnitec-ltd\/","https:\/\/www.youtube.com\/channel\/UCwfiuJujkF2QxPPZAqB0T2w","https:\/\/facebook.com\/carnitec1","https:\/\/twitter.com\/carnitec_"],"logo":{"@type":"ImageObject","inLanguage":"lv-LV","@id":"https:\/\/carnitec.com\/lv\/#\/schema\/logo\/image\/","url":"http:\/\/carnitec.com\/wp-content\/uploads\/2018\/01\/carnitec_logo_2018.png","contentUrl":"http:\/\/carnitec.com\/wp-content\/uploads\/2018\/01\/carnitec_logo_2018.png","width":180,"height":50,"caption":"Carnitec - food processing equipment"},"image":{"@id":"https:\/\/carnitec.com\/lv\/#\/schema\/logo\/image\/"}}]}},"_links":{"self":[{"href":"https:\/\/carnitec.com\/lv\/wp-json\/wp\/v2\/product\/8799"}],"collection":[{"href":"https:\/\/carnitec.com\/lv\/wp-json\/wp\/v2\/product"}],"about":[{"href":"https:\/\/carnitec.com\/lv\/wp-json\/wp\/v2\/types\/product"}],"wp:featuredmedia":[{"embeddable":true,"href":"https:\/\/carnitec.com\/lv\/wp-json\/wp\/v2\/media\/8800"}],"wp:attachment":[{"href":"https:\/\/carnitec.com\/lv\/wp-json\/wp\/v2\/media?parent=8799"}],"wp:term":[{"taxonomy":"product_cat","embeddable":true,"href":"https:\/\/carnitec.com\/lv\/wp-json\/wp\/v2\/product_cat?post=8799"},{"taxonomy":"product_tag","embeddable":true,"href":"https:\/\/carnitec.com\/lv\/wp-json\/wp\/v2\/product_tag?post=8799"}],"curies":[{"name":"wp","href":"https:\/\/api.w.org\/{rel}","templated":true}]}}