{"id":8677,"date":"2016-04-07T09:05:22","date_gmt":"2016-04-07T07:09:43","guid":{"rendered":"http:\/\/carnitec.com\/lv\/?post_type=product&#038;p=8677"},"modified":"2016-04-07T09:09:43","modified_gmt":"2016-04-07T07:09:43","slug":"pelmenu-aparats-ekstro","status":"publish","type":"product","link":"https:\/\/carnitec.com\/lv\/products\/pelmenu-aparats-ekstro\/","title":{"rendered":"Pelme\u0146u apar\u0101ts EKSTRO"},"content":{"rendered":"<p><strong>M\u0112R\u0136IS UN KOMPLEKT\u0100CIJA<\/strong><br \/>\nPelme\u0146u apar\u0101ts \u201eEkstro\u201d nodro\u0161ina nep\u0101rtrauktu autom\u0101tisku m\u012bklas izstr\u0101d\u0101jumu form\u0113\u0161anu un to pild\u012b\u0161anu. Pelme\u0146u apar\u0101t\u0101 var izgatavot da\u017e\u0101dus izstr\u0101d\u0101jumus: pelme\u0146us, khinkali, \u010deburekus, bulci\u0146as ar pild\u012bjumu utt. K\u0101 pild\u012bjumu var izmantot malto ga\u013cu, j\u016bras produktus un d\u0101rze\u0146us. Pelme\u0146u apar\u0101tam nav nepiecie\u0161ams kvalific\u0113ts regul\u0113t\u0101js, jo katrai ma\u0161\u012bnas mezgla piedzi\u0146ai (m\u012bklas padeves mezgls, pild\u012bjuma padeves s\u016bknis un form\u0113jo\u0161\u0101 galvi\u0146a) ir savs neatkar\u012bgs \u0101truma regul\u0113jums. Pelme\u0146u apar\u0101t\u0101 ieb\u016bv\u0113ta atsevi\u0161\u0137a dzes\u0113\u0161anas sist\u0113ma, kas \u013cauj atdzes\u0113t m\u012bklas sagatavi ekstr\u016bzijas proces\u0101, neie\u013caujot olbaltumvielu koagul\u0101ciju.<\/p>\n<p><strong>Pelme\u0146u apar\u0101ta priek\u0161roc\u012bbas:<\/strong><\/p>\n<ul>\n<li>var izmantot m\u012bkstu, sal\u012bdzino\u0161i mitru m\u012bklu;<\/li>\n<li>pl\u016bsto\u0161s visu mezglu piedzi\u0146as \u0101trumu regul\u0113jums;<\/li>\n<li>regul\u0113ta m\u012bklas\/pild\u012bjuma attiec\u012bba;<\/li>\n<li>iesp\u0113jams piemekl\u0113t nepiecie\u0161amo m\u012bklas biezumu;<\/li>\n<li>\u012bpa\u0161a m\u012bklas padeves mezgla konstrukcija (m\u012bklu var likt gabalos, nav nepiecie\u0161ams piepal\u012bdz\u0113t ar rok\u0101m);<\/li>\n<li>dzes\u0113\u0161anas sist\u0113mas ar teko\u0161u \u016bdeni viet\u0101 ir autonoma \u010daul\u012btes atdzes\u0113\u0161anas sist\u0113ma;<\/li>\n<li>pelme\u0146u apar\u0101ta zobratu s\u016bknis \u013cauj izmantot kuskusa pild\u012bjumu;<\/li>\n<li>izstr\u0101d\u0101jumam ir l\u012bdzenas kont\u016bras, k\u0101 ar\u012b k\u0101rt\u012bgi saspiestas malas, jo tiek izmantota daudz m\u012bkst\u0101ka m\u012bkla, kas b\u016btiski palielina produkta kvalit\u0101ti;<\/li>\n<li>programmat\u016bra, kas \u013cauj izstr\u0101d\u0101t receptes da\u017e\u0101diem produkcijas veidiem un atcer\u0113ties t\u0101s pelme\u0146u apar\u0101ta kontrollera atmi\u0146\u0101.<\/li>\n<\/ul>\n<p><strong>TEHNISKAIS RAKSTUROJUMS<\/strong><br \/>\nProduktivit\u0101te, kg\/stund\u0101, l\u012bdz 250<br \/>\nForm\u0113\u0161anas rindu skaits 1<br \/>\nForm\u0113\u0161anas precizit\u0101te, g +2<br \/>\nBaro\u0161ana 380 V, 50Hz<br \/>\nUzst\u0101d\u012bt\u0101 jauda, kW 4,5<br \/>\nGabar\u012bta izm\u0113ri (Garums x Platums x Augstums), ne vair\u0101k, mm\u00a01580\u00d7610\u04451300<br \/>\nMasa, ne vair\u0101k, kg 400<\/p>\n<p><strong>PAPILDUS APR\u012aKOJUMS<\/strong><br \/>\nMain\u0101ms uzgalis pelme\u0146iem<br \/>\nMain\u0101ms uzgalis p\u012br\u0101giem<br \/>\nMain\u0101ms uzgalis \u010deburekiem<br \/>\nDiafragmas grie\u0161ana<br \/>\nNovadkonveijers<\/p>\n","protected":false},"excerpt":{"rendered":"<p>Pelme\u0146u apar\u0101ts \u201eEkstro\u201d nodro\u0161ina nep\u0101rtrauktu autom\u0101tisku m\u012bklas izstr\u0101d\u0101jumu form\u0113\u0161anu un to pild\u012b\u0161anu. Pelme\u0146u apar\u0101t\u0101 var izgatavot da\u017e\u0101dus izstr\u0101d\u0101jumus: pelme\u0146us, khinkali, \u010deburekus, bulci\u0146as ar pild\u012bjumu utt. K\u0101 pild\u012bjumu var izmantot malto ga\u013cu, j\u016bras produktus un d\u0101rze\u0146us. Pelme\u0146u apar\u0101tam nav nepiecie\u0161ams kvalific\u0113ts regul\u0113t\u0101js, jo katrai ma\u0161\u012bnas mezgla piedzi\u0146ai (m\u012bklas padeves mezgls, pild\u012bjuma padeves s\u016bknis un form\u0113jo\u0161\u0101 galvi\u0146a) ir savs neatkar\u012bgs \u0101truma regul\u0113jums. Pelme\u0146u apar\u0101t\u0101 ieb\u016bv\u0113ta atsevi\u0161\u0137a dzes\u0113\u0161anas sist\u0113ma, kas \u013cauj atdzes\u0113t m\u012bklas sagatavi ekstr\u016bzijas proces\u0101, neie\u013caujot olbaltumvielu koagul\u0101ciju.<\/p>\n","protected":false},"featured_media":8676,"template":"","meta":{"content-type":"","_monsterinsights_skip_tracking":false,"_monsterinsights_sitenote_active":false,"_monsterinsights_sitenote_note":"","_monsterinsights_sitenote_category":0},"product_cat":[1203],"product_tag":[],"yoast_head":"<!-- This site is optimized with the Yoast SEO plugin v19.5.1 - https:\/\/yoast.com\/wordpress\/plugins\/seo\/ -->\n<title>Pelme\u0146u apar\u0101ts EKSTRO - Carnitec<\/title>\n<meta name=\"description\" content=\"Pelme\u0146u apar\u0101ts \u201eEkstro\u201d nodro\u0161ina nep\u0101rtrauktu autom\u0101tisku m\u012bklas izstr\u0101d\u0101jumu form\u0113\u0161anu un to pild\u012b\u0161anu.\" \/>\n<meta name=\"robots\" content=\"index, follow, max-snippet:-1, max-image-preview:large, max-video-preview:-1\" \/>\n<link rel=\"canonical\" href=\"https:\/\/carnitec.com\/lv\/products\/pelmenu-aparats-ekstro\/\" \/>\n<meta property=\"og:locale\" content=\"lv_LV\" \/>\n<meta property=\"og:type\" content=\"article\" \/>\n<meta property=\"og:title\" content=\"Pelme\u0146u apar\u0101ts EKSTRO - Carnitec\" \/>\n<meta property=\"og:description\" content=\"Pelme\u0146u apar\u0101ts \u201eEkstro\u201d nodro\u0161ina nep\u0101rtrauktu autom\u0101tisku m\u012bklas izstr\u0101d\u0101jumu form\u0113\u0161anu un to pild\u012b\u0161anu.\" \/>\n<meta property=\"og:url\" content=\"https:\/\/carnitec.com\/lv\/products\/pelmenu-aparats-ekstro\/\" \/>\n<meta property=\"og:site_name\" content=\"Carnitec\" \/>\n<meta property=\"article:publisher\" content=\"https:\/\/facebook.com\/carnitec1\" \/>\n<meta property=\"og:image\" content=\"https:\/\/carnitec.com\/wp-content\/uploads\/2016\/04\/ekstro1.jpg\" \/>\n\t<meta property=\"og:image:width\" content=\"424\" \/>\n\t<meta property=\"og:image:height\" content=\"600\" \/>\n\t<meta property=\"og:image:type\" content=\"image\/jpeg\" \/>\n<meta name=\"twitter:card\" content=\"summary\" \/>\n<meta name=\"twitter:site\" content=\"@carnitec_\" \/>\n<meta name=\"twitter:label1\" content=\"Est. reading time\" \/>\n\t<meta name=\"twitter:data1\" content=\"2 min\u016btes\" \/>\n<script type=\"application\/ld+json\" class=\"yoast-schema-graph\">{\"@context\":\"https:\/\/schema.org\",\"@graph\":[{\"@type\":\"WebPage\",\"@id\":\"https:\/\/carnitec.com\/lv\/products\/pelmenu-aparats-ekstro\/\",\"url\":\"https:\/\/carnitec.com\/lv\/products\/pelmenu-aparats-ekstro\/\",\"name\":\"Pelme\u0146u apar\u0101ts EKSTRO - Carnitec\",\"isPartOf\":{\"@id\":\"https:\/\/carnitec.com\/lv\/#website\"},\"datePublished\":\"2016-04-07T07:09:43+00:00\",\"dateModified\":\"2016-04-07T07:09:43+00:00\",\"description\":\"Pelme\u0146u apar\u0101ts \u201eEkstro\u201d nodro\u0161ina nep\u0101rtrauktu autom\u0101tisku m\u012bklas izstr\u0101d\u0101jumu form\u0113\u0161anu un to pild\u012b\u0161anu.\",\"breadcrumb\":{\"@id\":\"https:\/\/carnitec.com\/lv\/products\/pelmenu-aparats-ekstro\/#breadcrumb\"},\"inLanguage\":\"lv-LV\",\"potentialAction\":[{\"@type\":\"ReadAction\",\"target\":[\"https:\/\/carnitec.com\/lv\/products\/pelmenu-aparats-ekstro\/\"]}]},{\"@type\":\"BreadcrumbList\",\"@id\":\"https:\/\/carnitec.com\/lv\/products\/pelmenu-aparats-ekstro\/#breadcrumb\",\"itemListElement\":[{\"@type\":\"ListItem\",\"position\":1,\"name\":\"\u0413\u043b\u0430\u0432\u043d\u0430\u044f \u0441\u0442\u0440\u0430\u043d\u0438\u0446\u0430\",\"item\":\"https:\/\/carnitec.com\/lv\/\"},{\"@type\":\"ListItem\",\"position\":2,\"name\":\"\u0422\u043e\u0432\u0430\u0440\u044b\",\"item\":\"https:\/\/carnitec.com\/shop\/\"},{\"@type\":\"ListItem\",\"position\":3,\"name\":\"Pelme\u0146u apar\u0101ts EKSTRO\"}]},{\"@type\":\"WebSite\",\"@id\":\"https:\/\/carnitec.com\/lv\/#website\",\"url\":\"https:\/\/carnitec.com\/lv\/\",\"name\":\"Carnitec\",\"description\":\"P\u0101rtikas r\u016bpniec\u012bbas iek\u0101rtas\",\"publisher\":{\"@id\":\"https:\/\/carnitec.com\/lv\/#organization\"},\"potentialAction\":[{\"@type\":\"SearchAction\",\"target\":{\"@type\":\"EntryPoint\",\"urlTemplate\":\"https:\/\/carnitec.com\/lv\/?s={search_term_string}\"},\"query-input\":\"required name=search_term_string\"}],\"inLanguage\":\"lv-LV\"},{\"@type\":\"Organization\",\"@id\":\"https:\/\/carnitec.com\/lv\/#organization\",\"name\":\"Carnitec - food processing equipment\",\"url\":\"https:\/\/carnitec.com\/lv\/\",\"sameAs\":[\"https:\/\/www.instagram.com\/carnitec\/?hl=en\",\"https:\/\/www.linkedin.com\/company\/carnitec-ltd\/\",\"https:\/\/www.youtube.com\/channel\/UCwfiuJujkF2QxPPZAqB0T2w\",\"https:\/\/facebook.com\/carnitec1\",\"https:\/\/twitter.com\/carnitec_\"],\"logo\":{\"@type\":\"ImageObject\",\"inLanguage\":\"lv-LV\",\"@id\":\"https:\/\/carnitec.com\/lv\/#\/schema\/logo\/image\/\",\"url\":\"http:\/\/carnitec.com\/wp-content\/uploads\/2018\/01\/carnitec_logo_2018.png\",\"contentUrl\":\"http:\/\/carnitec.com\/wp-content\/uploads\/2018\/01\/carnitec_logo_2018.png\",\"width\":180,\"height\":50,\"caption\":\"Carnitec - food processing equipment\"},\"image\":{\"@id\":\"https:\/\/carnitec.com\/lv\/#\/schema\/logo\/image\/\"}}]}<\/script>\n<!-- \/ Yoast SEO plugin. -->","yoast_head_json":{"title":"Pelme\u0146u apar\u0101ts EKSTRO - Carnitec","description":"Pelme\u0146u apar\u0101ts \u201eEkstro\u201d nodro\u0161ina nep\u0101rtrauktu autom\u0101tisku m\u012bklas izstr\u0101d\u0101jumu form\u0113\u0161anu un to pild\u012b\u0161anu.","robots":{"index":"index","follow":"follow","max-snippet":"max-snippet:-1","max-image-preview":"max-image-preview:large","max-video-preview":"max-video-preview:-1"},"canonical":"https:\/\/carnitec.com\/lv\/products\/pelmenu-aparats-ekstro\/","og_locale":"lv_LV","og_type":"article","og_title":"Pelme\u0146u apar\u0101ts EKSTRO - Carnitec","og_description":"Pelme\u0146u apar\u0101ts \u201eEkstro\u201d nodro\u0161ina nep\u0101rtrauktu autom\u0101tisku m\u012bklas izstr\u0101d\u0101jumu form\u0113\u0161anu un to pild\u012b\u0161anu.","og_url":"https:\/\/carnitec.com\/lv\/products\/pelmenu-aparats-ekstro\/","og_site_name":"Carnitec","article_publisher":"https:\/\/facebook.com\/carnitec1","og_image":[{"width":424,"height":600,"url":"https:\/\/carnitec.com\/wp-content\/uploads\/2016\/04\/ekstro1.jpg","type":"image\/jpeg"}],"twitter_card":"summary","twitter_site":"@carnitec_","twitter_misc":{"Est. reading time":"2 min\u016btes"},"schema":{"@context":"https:\/\/schema.org","@graph":[{"@type":"WebPage","@id":"https:\/\/carnitec.com\/lv\/products\/pelmenu-aparats-ekstro\/","url":"https:\/\/carnitec.com\/lv\/products\/pelmenu-aparats-ekstro\/","name":"Pelme\u0146u apar\u0101ts EKSTRO - Carnitec","isPartOf":{"@id":"https:\/\/carnitec.com\/lv\/#website"},"datePublished":"2016-04-07T07:09:43+00:00","dateModified":"2016-04-07T07:09:43+00:00","description":"Pelme\u0146u apar\u0101ts \u201eEkstro\u201d nodro\u0161ina nep\u0101rtrauktu autom\u0101tisku m\u012bklas izstr\u0101d\u0101jumu form\u0113\u0161anu un to pild\u012b\u0161anu.","breadcrumb":{"@id":"https:\/\/carnitec.com\/lv\/products\/pelmenu-aparats-ekstro\/#breadcrumb"},"inLanguage":"lv-LV","potentialAction":[{"@type":"ReadAction","target":["https:\/\/carnitec.com\/lv\/products\/pelmenu-aparats-ekstro\/"]}]},{"@type":"BreadcrumbList","@id":"https:\/\/carnitec.com\/lv\/products\/pelmenu-aparats-ekstro\/#breadcrumb","itemListElement":[{"@type":"ListItem","position":1,"name":"\u0413\u043b\u0430\u0432\u043d\u0430\u044f \u0441\u0442\u0440\u0430\u043d\u0438\u0446\u0430","item":"https:\/\/carnitec.com\/lv\/"},{"@type":"ListItem","position":2,"name":"\u0422\u043e\u0432\u0430\u0440\u044b","item":"https:\/\/carnitec.com\/shop\/"},{"@type":"ListItem","position":3,"name":"Pelme\u0146u apar\u0101ts EKSTRO"}]},{"@type":"WebSite","@id":"https:\/\/carnitec.com\/lv\/#website","url":"https:\/\/carnitec.com\/lv\/","name":"Carnitec","description":"P\u0101rtikas r\u016bpniec\u012bbas iek\u0101rtas","publisher":{"@id":"https:\/\/carnitec.com\/lv\/#organization"},"potentialAction":[{"@type":"SearchAction","target":{"@type":"EntryPoint","urlTemplate":"https:\/\/carnitec.com\/lv\/?s={search_term_string}"},"query-input":"required name=search_term_string"}],"inLanguage":"lv-LV"},{"@type":"Organization","@id":"https:\/\/carnitec.com\/lv\/#organization","name":"Carnitec - food processing equipment","url":"https:\/\/carnitec.com\/lv\/","sameAs":["https:\/\/www.instagram.com\/carnitec\/?hl=en","https:\/\/www.linkedin.com\/company\/carnitec-ltd\/","https:\/\/www.youtube.com\/channel\/UCwfiuJujkF2QxPPZAqB0T2w","https:\/\/facebook.com\/carnitec1","https:\/\/twitter.com\/carnitec_"],"logo":{"@type":"ImageObject","inLanguage":"lv-LV","@id":"https:\/\/carnitec.com\/lv\/#\/schema\/logo\/image\/","url":"http:\/\/carnitec.com\/wp-content\/uploads\/2018\/01\/carnitec_logo_2018.png","contentUrl":"http:\/\/carnitec.com\/wp-content\/uploads\/2018\/01\/carnitec_logo_2018.png","width":180,"height":50,"caption":"Carnitec - food processing equipment"},"image":{"@id":"https:\/\/carnitec.com\/lv\/#\/schema\/logo\/image\/"}}]}},"_links":{"self":[{"href":"https:\/\/carnitec.com\/lv\/wp-json\/wp\/v2\/product\/8677"}],"collection":[{"href":"https:\/\/carnitec.com\/lv\/wp-json\/wp\/v2\/product"}],"about":[{"href":"https:\/\/carnitec.com\/lv\/wp-json\/wp\/v2\/types\/product"}],"wp:featuredmedia":[{"embeddable":true,"href":"https:\/\/carnitec.com\/lv\/wp-json\/wp\/v2\/media\/8676"}],"wp:attachment":[{"href":"https:\/\/carnitec.com\/lv\/wp-json\/wp\/v2\/media?parent=8677"}],"wp:term":[{"taxonomy":"product_cat","embeddable":true,"href":"https:\/\/carnitec.com\/lv\/wp-json\/wp\/v2\/product_cat?post=8677"},{"taxonomy":"product_tag","embeddable":true,"href":"https:\/\/carnitec.com\/lv\/wp-json\/wp\/v2\/product_tag?post=8677"}],"curies":[{"name":"wp","href":"https:\/\/api.w.org\/{rel}","templated":true}]}}