{"id":8659,"date":"2016-04-06T20:21:53","date_gmt":"2016-04-06T18:28:48","guid":{"rendered":"http:\/\/carnitec.com\/lv\/?post_type=product&#038;p=8659"},"modified":"2016-04-06T20:28:48","modified_gmt":"2016-04-06T18:28:48","slug":"fasesanas-masina-sgf-2-150-500","status":"publish","type":"product","link":"https:\/\/carnitec.com\/lv\/products\/fasesanas-masina-sgf-2-150-500\/","title":{"rendered":"Fas\u0113\u0161anas ma\u0161\u012bna  SGF 2 150-500"},"content":{"rendered":"<h2><strong>Fas\u0113\u0161anas ma\u0161\u012bna SGF 2 150-500<\/strong><\/h2>\n<p><iframe loading=\"lazy\" title=\"Milky Filling Machine SGF 2\" width=\"640\" height=\"360\" src=\"https:\/\/www.youtube.com\/embed\/S4rfopOS58M?feature=oembed\" frameborder=\"0\" allow=\"accelerometer; autoplay; clipboard-write; encrypted-media; gyroscope; picture-in-picture\" allowfullscreen><\/iframe><\/p>\n<h4>Tehniskais raksturojums:<\/h4>\n<p>Uzpildes sprauslu skaits: 2<br \/>\nUzpildes (fas\u0113\u0161anas) diapazons: 150 \u2014 500 ml<br \/>\nMaksim\u0101lais uzpildes (fas\u0113\u0161anas) \u0101trums stund\u0101: 1200 gab.<br \/>\nDarba spriegums: 230 V<br \/>\nSpiediens: 4-6 b\u0101ri, tolerance \u00b1 1%<br \/>\nIzm\u0113ri: 1050 x 440 \u0445 850 mm<\/p>\n<p>Daudzfunkcion\u0101l\u0101 ier\u012bce izgatavota no ner\u016bs\u0113jo\u0161a t\u0113rauda SS304.<br \/>\nMa\u0161\u012bna paredz\u0113ta \u0161\u0137idrumu uzpild\u012b\u0161anai (fas\u0113\u0161anai) burk\u0101s, pudel\u0113s, tas\u012bt\u0113s vai tetrapak\u0101s.<br \/>\n2 uzpildes cilindri nodro\u0161ina individu\u0101lu uzpildes apjoma (fas\u0113\u0161anas) noregul\u0113\u0161anu.<br \/>\nUzpildes \u0101trums tiek regul\u0113ts autom\u0101tiski vai manu\u0101li.<\/p>\n<p>Nodro\u0161ina \u0101tru, efekt\u012bvu un ekonomiski izdev\u012bgu fas\u0113\u0161anu.<\/p>\n<p>Jauns, inovat\u012bvs, pieejams un ide\u0101ls risin\u0101jums profesion\u0101liem lietot\u0101jiem, maz\u0101m un vid\u0113j\u0101m saimniec\u012bb\u0101m. Piem\u0113rots tilpumiem no 150 ml l\u012bdz 500 ml.<br \/>\nViegla un \u0101tra piena, jogurta (ar aug\u013ciem un bez), tom\u0101tu pastas, aug\u013cu sulu, kr\u0113ma izstr\u0101d\u0101jumu u.tml. fas\u0113\u0161ana (maks. l\u012bdz 600 litriem\/stund\u0101).<br \/>\nUzpildes (fas\u0113\u0161anas) \u0101trums ir atkar\u012bgs no materi\u0101la ciet\u012bbas.<br \/>\nUzpildes (fas\u0113\u0161anas) \u0101trums regul\u0113jams autom\u0101tiski vai individu\u0101li ar ped\u0101li.<br \/>\nPal\u012bgkompresors 300 l\/min.<\/p>\n","protected":false},"excerpt":{"rendered":"<p>Daudzfunkcion\u0101l\u0101 ier\u012bce izgatavota no ner\u016bs\u0113jo\u0161a t\u0113rauda SS304.<br \/>\nMa\u0161\u012bna paredz\u0113ta \u0161\u0137idrumu uzpild\u012b\u0161anai (fas\u0113\u0161anai) burk\u0101s, pudel\u0113s, tas\u012bt\u0113s vai tetrapak\u0101s.<\/p>\n","protected":false},"featured_media":8658,"template":"","meta":{"content-type":"","_monsterinsights_skip_tracking":false,"_monsterinsights_sitenote_active":false,"_monsterinsights_sitenote_note":"","_monsterinsights_sitenote_category":0},"product_cat":[1405],"product_tag":[],"yoast_head":"<!-- This site is optimized with the Yoast SEO plugin v19.5.1 - https:\/\/yoast.com\/wordpress\/plugins\/seo\/ -->\n<title>Fas\u0113\u0161anas ma\u0161\u012bna SGF 2 150-500 - Carnitec<\/title>\n<meta name=\"description\" content=\"Fas\u0113\u0161anas ma\u0161\u012bna SGF 2 150-500 Daudzfunkcion\u0101l\u0101 ier\u012bce izgatavota no ner\u016bs\u0113jo\u0161a t\u0113rauda SS304. Ma\u0161\u012bna paredz\u0113ta \u0161\u0137idrumu uzpild\u012b\u0161anai (fas\u0113\u0161anai) burk\u0101s,\" \/>\n<meta name=\"robots\" content=\"index, follow, max-snippet:-1, max-image-preview:large, max-video-preview:-1\" \/>\n<link rel=\"canonical\" href=\"https:\/\/carnitec.com\/lv\/products\/fasesanas-masina-sgf-2-150-500\/\" \/>\n<meta property=\"og:locale\" content=\"lv_LV\" \/>\n<meta property=\"og:type\" content=\"article\" \/>\n<meta property=\"og:title\" content=\"Fas\u0113\u0161anas ma\u0161\u012bna SGF 2 150-500 - Carnitec\" \/>\n<meta property=\"og:description\" content=\"Fas\u0113\u0161anas ma\u0161\u012bna SGF 2 150-500 Daudzfunkcion\u0101l\u0101 ier\u012bce izgatavota no ner\u016bs\u0113jo\u0161a t\u0113rauda SS304. Ma\u0161\u012bna paredz\u0113ta \u0161\u0137idrumu uzpild\u012b\u0161anai (fas\u0113\u0161anai) burk\u0101s,\" \/>\n<meta property=\"og:url\" content=\"https:\/\/carnitec.com\/lv\/products\/fasesanas-masina-sgf-2-150-500\/\" \/>\n<meta property=\"og:site_name\" content=\"Carnitec\" \/>\n<meta property=\"article:publisher\" content=\"https:\/\/facebook.com\/carnitec1\" \/>\n<meta property=\"og:image\" content=\"https:\/\/carnitec.com\/wp-content\/uploads\/2016\/04\/SGF-2-150-500.jpg\" \/>\n\t<meta property=\"og:image:width\" content=\"737\" \/>\n\t<meta property=\"og:image:height\" content=\"592\" \/>\n\t<meta property=\"og:image:type\" content=\"image\/jpeg\" \/>\n<meta name=\"twitter:card\" content=\"summary\" \/>\n<meta name=\"twitter:site\" content=\"@carnitec_\" \/>\n<meta name=\"twitter:label1\" content=\"Est. reading time\" \/>\n\t<meta name=\"twitter:data1\" content=\"1 min\u016b\u0161u\" \/>\n<script type=\"application\/ld+json\" class=\"yoast-schema-graph\">{\"@context\":\"https:\/\/schema.org\",\"@graph\":[{\"@type\":\"WebPage\",\"@id\":\"https:\/\/carnitec.com\/lv\/products\/fasesanas-masina-sgf-2-150-500\/\",\"url\":\"https:\/\/carnitec.com\/lv\/products\/fasesanas-masina-sgf-2-150-500\/\",\"name\":\"Fas\u0113\u0161anas ma\u0161\u012bna SGF 2 150-500 - Carnitec\",\"isPartOf\":{\"@id\":\"https:\/\/carnitec.com\/lv\/#website\"},\"datePublished\":\"2016-04-06T18:28:48+00:00\",\"dateModified\":\"2016-04-06T18:28:48+00:00\",\"description\":\"Fas\u0113\u0161anas ma\u0161\u012bna SGF 2 150-500 Daudzfunkcion\u0101l\u0101 ier\u012bce izgatavota no ner\u016bs\u0113jo\u0161a t\u0113rauda SS304. Ma\u0161\u012bna paredz\u0113ta \u0161\u0137idrumu uzpild\u012b\u0161anai (fas\u0113\u0161anai) burk\u0101s,\",\"breadcrumb\":{\"@id\":\"https:\/\/carnitec.com\/lv\/products\/fasesanas-masina-sgf-2-150-500\/#breadcrumb\"},\"inLanguage\":\"lv-LV\",\"potentialAction\":[{\"@type\":\"ReadAction\",\"target\":[\"https:\/\/carnitec.com\/lv\/products\/fasesanas-masina-sgf-2-150-500\/\"]}]},{\"@type\":\"BreadcrumbList\",\"@id\":\"https:\/\/carnitec.com\/lv\/products\/fasesanas-masina-sgf-2-150-500\/#breadcrumb\",\"itemListElement\":[{\"@type\":\"ListItem\",\"position\":1,\"name\":\"\u0413\u043b\u0430\u0432\u043d\u0430\u044f \u0441\u0442\u0440\u0430\u043d\u0438\u0446\u0430\",\"item\":\"https:\/\/carnitec.com\/lv\/\"},{\"@type\":\"ListItem\",\"position\":2,\"name\":\"\u0422\u043e\u0432\u0430\u0440\u044b\",\"item\":\"https:\/\/carnitec.com\/shop\/\"},{\"@type\":\"ListItem\",\"position\":3,\"name\":\"Fas\u0113\u0161anas ma\u0161\u012bna SGF 2 150-500\"}]},{\"@type\":\"WebSite\",\"@id\":\"https:\/\/carnitec.com\/lv\/#website\",\"url\":\"https:\/\/carnitec.com\/lv\/\",\"name\":\"Carnitec\",\"description\":\"P\u0101rtikas r\u016bpniec\u012bbas iek\u0101rtas\",\"publisher\":{\"@id\":\"https:\/\/carnitec.com\/lv\/#organization\"},\"potentialAction\":[{\"@type\":\"SearchAction\",\"target\":{\"@type\":\"EntryPoint\",\"urlTemplate\":\"https:\/\/carnitec.com\/lv\/?s={search_term_string}\"},\"query-input\":\"required name=search_term_string\"}],\"inLanguage\":\"lv-LV\"},{\"@type\":\"Organization\",\"@id\":\"https:\/\/carnitec.com\/lv\/#organization\",\"name\":\"Carnitec - food processing equipment\",\"url\":\"https:\/\/carnitec.com\/lv\/\",\"sameAs\":[\"https:\/\/www.instagram.com\/carnitec\/?hl=en\",\"https:\/\/www.linkedin.com\/company\/carnitec-ltd\/\",\"https:\/\/www.youtube.com\/channel\/UCwfiuJujkF2QxPPZAqB0T2w\",\"https:\/\/facebook.com\/carnitec1\",\"https:\/\/twitter.com\/carnitec_\"],\"logo\":{\"@type\":\"ImageObject\",\"inLanguage\":\"lv-LV\",\"@id\":\"https:\/\/carnitec.com\/lv\/#\/schema\/logo\/image\/\",\"url\":\"http:\/\/carnitec.com\/wp-content\/uploads\/2018\/01\/carnitec_logo_2018.png\",\"contentUrl\":\"http:\/\/carnitec.com\/wp-content\/uploads\/2018\/01\/carnitec_logo_2018.png\",\"width\":180,\"height\":50,\"caption\":\"Carnitec - food processing equipment\"},\"image\":{\"@id\":\"https:\/\/carnitec.com\/lv\/#\/schema\/logo\/image\/\"}}]}<\/script>\n<!-- \/ Yoast SEO plugin. -->","yoast_head_json":{"title":"Fas\u0113\u0161anas ma\u0161\u012bna SGF 2 150-500 - Carnitec","description":"Fas\u0113\u0161anas ma\u0161\u012bna SGF 2 150-500 Daudzfunkcion\u0101l\u0101 ier\u012bce izgatavota no ner\u016bs\u0113jo\u0161a t\u0113rauda SS304. Ma\u0161\u012bna paredz\u0113ta \u0161\u0137idrumu uzpild\u012b\u0161anai (fas\u0113\u0161anai) burk\u0101s,","robots":{"index":"index","follow":"follow","max-snippet":"max-snippet:-1","max-image-preview":"max-image-preview:large","max-video-preview":"max-video-preview:-1"},"canonical":"https:\/\/carnitec.com\/lv\/products\/fasesanas-masina-sgf-2-150-500\/","og_locale":"lv_LV","og_type":"article","og_title":"Fas\u0113\u0161anas ma\u0161\u012bna SGF 2 150-500 - Carnitec","og_description":"Fas\u0113\u0161anas ma\u0161\u012bna SGF 2 150-500 Daudzfunkcion\u0101l\u0101 ier\u012bce izgatavota no ner\u016bs\u0113jo\u0161a t\u0113rauda SS304. Ma\u0161\u012bna paredz\u0113ta \u0161\u0137idrumu uzpild\u012b\u0161anai (fas\u0113\u0161anai) burk\u0101s,","og_url":"https:\/\/carnitec.com\/lv\/products\/fasesanas-masina-sgf-2-150-500\/","og_site_name":"Carnitec","article_publisher":"https:\/\/facebook.com\/carnitec1","og_image":[{"width":737,"height":592,"url":"https:\/\/carnitec.com\/wp-content\/uploads\/2016\/04\/SGF-2-150-500.jpg","type":"image\/jpeg"}],"twitter_card":"summary","twitter_site":"@carnitec_","twitter_misc":{"Est. reading time":"1 min\u016b\u0161u"},"schema":{"@context":"https:\/\/schema.org","@graph":[{"@type":"WebPage","@id":"https:\/\/carnitec.com\/lv\/products\/fasesanas-masina-sgf-2-150-500\/","url":"https:\/\/carnitec.com\/lv\/products\/fasesanas-masina-sgf-2-150-500\/","name":"Fas\u0113\u0161anas ma\u0161\u012bna SGF 2 150-500 - Carnitec","isPartOf":{"@id":"https:\/\/carnitec.com\/lv\/#website"},"datePublished":"2016-04-06T18:28:48+00:00","dateModified":"2016-04-06T18:28:48+00:00","description":"Fas\u0113\u0161anas ma\u0161\u012bna SGF 2 150-500 Daudzfunkcion\u0101l\u0101 ier\u012bce izgatavota no ner\u016bs\u0113jo\u0161a t\u0113rauda SS304. Ma\u0161\u012bna paredz\u0113ta \u0161\u0137idrumu uzpild\u012b\u0161anai (fas\u0113\u0161anai) burk\u0101s,","breadcrumb":{"@id":"https:\/\/carnitec.com\/lv\/products\/fasesanas-masina-sgf-2-150-500\/#breadcrumb"},"inLanguage":"lv-LV","potentialAction":[{"@type":"ReadAction","target":["https:\/\/carnitec.com\/lv\/products\/fasesanas-masina-sgf-2-150-500\/"]}]},{"@type":"BreadcrumbList","@id":"https:\/\/carnitec.com\/lv\/products\/fasesanas-masina-sgf-2-150-500\/#breadcrumb","itemListElement":[{"@type":"ListItem","position":1,"name":"\u0413\u043b\u0430\u0432\u043d\u0430\u044f \u0441\u0442\u0440\u0430\u043d\u0438\u0446\u0430","item":"https:\/\/carnitec.com\/lv\/"},{"@type":"ListItem","position":2,"name":"\u0422\u043e\u0432\u0430\u0440\u044b","item":"https:\/\/carnitec.com\/shop\/"},{"@type":"ListItem","position":3,"name":"Fas\u0113\u0161anas ma\u0161\u012bna SGF 2 150-500"}]},{"@type":"WebSite","@id":"https:\/\/carnitec.com\/lv\/#website","url":"https:\/\/carnitec.com\/lv\/","name":"Carnitec","description":"P\u0101rtikas r\u016bpniec\u012bbas iek\u0101rtas","publisher":{"@id":"https:\/\/carnitec.com\/lv\/#organization"},"potentialAction":[{"@type":"SearchAction","target":{"@type":"EntryPoint","urlTemplate":"https:\/\/carnitec.com\/lv\/?s={search_term_string}"},"query-input":"required name=search_term_string"}],"inLanguage":"lv-LV"},{"@type":"Organization","@id":"https:\/\/carnitec.com\/lv\/#organization","name":"Carnitec - food processing equipment","url":"https:\/\/carnitec.com\/lv\/","sameAs":["https:\/\/www.instagram.com\/carnitec\/?hl=en","https:\/\/www.linkedin.com\/company\/carnitec-ltd\/","https:\/\/www.youtube.com\/channel\/UCwfiuJujkF2QxPPZAqB0T2w","https:\/\/facebook.com\/carnitec1","https:\/\/twitter.com\/carnitec_"],"logo":{"@type":"ImageObject","inLanguage":"lv-LV","@id":"https:\/\/carnitec.com\/lv\/#\/schema\/logo\/image\/","url":"http:\/\/carnitec.com\/wp-content\/uploads\/2018\/01\/carnitec_logo_2018.png","contentUrl":"http:\/\/carnitec.com\/wp-content\/uploads\/2018\/01\/carnitec_logo_2018.png","width":180,"height":50,"caption":"Carnitec - food processing equipment"},"image":{"@id":"https:\/\/carnitec.com\/lv\/#\/schema\/logo\/image\/"}}]}},"_links":{"self":[{"href":"https:\/\/carnitec.com\/lv\/wp-json\/wp\/v2\/product\/8659"}],"collection":[{"href":"https:\/\/carnitec.com\/lv\/wp-json\/wp\/v2\/product"}],"about":[{"href":"https:\/\/carnitec.com\/lv\/wp-json\/wp\/v2\/types\/product"}],"wp:featuredmedia":[{"embeddable":true,"href":"https:\/\/carnitec.com\/lv\/wp-json\/wp\/v2\/media\/8658"}],"wp:attachment":[{"href":"https:\/\/carnitec.com\/lv\/wp-json\/wp\/v2\/media?parent=8659"}],"wp:term":[{"taxonomy":"product_cat","embeddable":true,"href":"https:\/\/carnitec.com\/lv\/wp-json\/wp\/v2\/product_cat?post=8659"},{"taxonomy":"product_tag","embeddable":true,"href":"https:\/\/carnitec.com\/lv\/wp-json\/wp\/v2\/product_tag?post=8659"}],"curies":[{"name":"wp","href":"https:\/\/api.w.org\/{rel}","templated":true}]}}