{"id":8646,"date":"2016-04-06T19:58:51","date_gmt":"2016-04-06T18:02:24","guid":{"rendered":"http:\/\/carnitec.com\/lv\/?post_type=product&#038;p=8646"},"modified":"2016-04-08T13:54:40","modified_gmt":"2016-04-08T11:54:40","slug":"mini-pasterizetajs-siernica-fj-15","status":"publish","type":"product","link":"https:\/\/carnitec.com\/lv\/products\/mini-pasterizetajs-siernica-fj-15\/","title":{"rendered":"MINI PASTERIZ\u0112T\u0100JS \u2013 SIERN\u012aCA FJ 15"},"content":{"rendered":"<h2><strong>MINI PASTERIZ\u0112T\u0100JS \u2013 SIERN\u012aCA FJ 15<br \/>\n<\/strong><\/h2>\n<p>MINI PASTERIZ\u0112T\u0100JS \u2013 SIERN\u012aCA FJ 15 &#8211; Vien\u012bgais pasaul\u0113 nelielais piena pasteriz\u0113t\u0101js, paredz\u0113ts ar\u012b siera un jogurta ra\u017eo\u0161anai.<br \/>\n\u016adens temperat\u016bru var uzsild\u012bt l\u012bdz 100\u00b0\u0421, bet produkta temperat\u016bru l\u012bdz 91\u00b0\u0421. Pateicoties jaunai inovat\u012bvai elektronikai, siera vai jogurta ra\u017eo\u0161anas un pasteriz\u0113\u0161anas laiku var ieprogramm\u0113t individu\u0101li atbilsto\u0161i pras\u012bb\u0101m.<\/p>\n<p>Papildus termometrs produkta temperat\u016bras m\u0113r\u012b\u0161anai.<\/p>\n<p>Siera un jogurta ra\u017eo\u0161ana, pasteriz\u0113\u0161ana vien\u0101 ier\u012bc\u0113.<\/p>\n<p>Daudzfunkcion\u0101l\u0101 ier\u012bce ir ide\u0101li piem\u0113rota piena, aug\u013cu, aug\u013cu sulu pasteriz\u0113\u0161anai, k\u0101 ar\u012b siera un jogurta pagatavo\u0161anai. \u0100r\u0113jais konteiners, k\u0101 ar\u012b iek\u0161\u0113jais no\u0146emamais konteiners ir izgatavoti no ner\u016bs\u0113jo\u0161a t\u0113rauda.<br \/>\nAr 2,8 kW sild\u012bt\u0101ja pal\u012bdz\u012bbu \u0161\u0137idrums ar s\u0101kuma temperat\u016bru 4\u00b0\u0421 aptuveni stundas laik\u0101 tiek uzsild\u012bts l\u012bdz maksim\u0101lajai temperat\u016brai 91\u00b0\u0421.<\/p>\n<p>Atiestates poga \u013cauj p\u0101rrestart\u0113t ier\u012bci k\u013c\u016bmes gad\u012bjum\u0101.<br \/>\nCiparu displejs autom\u0101tiski uztur noteikto temperat\u016bru.<\/p>\n<p>https:\/\/www.youtube.com\/watch?v=v23Zpnpdr4w<\/p>\n","protected":false},"excerpt":{"rendered":"<p>MINI PASTERIZ\u0112T\u0100JS \u2013 SIERN\u012aCA FJ 15 &#8211; Vien\u012bgais pasaul\u0113 nelielais piena pasteriz\u0113t\u0101js, paredz\u0113ts ar\u012b siera un jogurta ra\u017eo\u0161anai.<\/p>\n","protected":false},"featured_media":8645,"template":"","meta":{"content-type":"","_monsterinsights_skip_tracking":false,"_monsterinsights_sitenote_active":false,"_monsterinsights_sitenote_note":"","_monsterinsights_sitenote_category":0},"product_cat":[1405],"product_tag":[],"yoast_head":"<!-- This site is optimized with the Yoast SEO plugin v19.5.1 - https:\/\/yoast.com\/wordpress\/plugins\/seo\/ -->\n<title>MINI PASTERIZ\u0112T\u0100JS \u2013 SIERN\u012aCA FJ 15 - Carnitec<\/title>\n<meta name=\"description\" content=\"MINI PASTERIZ\u0112T\u0100JS \u2013 SIERN\u012aCA FJ 15 - Vien\u012bgais pasaul\u0113 nelielais piena pasteriz\u0113t\u0101js, paredz\u0113ts ar\u012b siera un jogurta ra\u017eo\u0161anai.\" \/>\n<meta name=\"robots\" content=\"index, follow, max-snippet:-1, max-image-preview:large, max-video-preview:-1\" \/>\n<link rel=\"canonical\" href=\"https:\/\/carnitec.com\/lv\/products\/mini-pasterizetajs-siernica-fj-15\/\" \/>\n<meta property=\"og:locale\" content=\"lv_LV\" \/>\n<meta property=\"og:type\" content=\"article\" \/>\n<meta property=\"og:title\" content=\"MINI PASTERIZ\u0112T\u0100JS \u2013 SIERN\u012aCA FJ 15 - Carnitec\" \/>\n<meta property=\"og:description\" content=\"MINI PASTERIZ\u0112T\u0100JS \u2013 SIERN\u012aCA FJ 15 - Vien\u012bgais pasaul\u0113 nelielais piena pasteriz\u0113t\u0101js, paredz\u0113ts ar\u012b siera un jogurta ra\u017eo\u0161anai.\" \/>\n<meta property=\"og:url\" content=\"https:\/\/carnitec.com\/lv\/products\/mini-pasterizetajs-siernica-fj-15\/\" \/>\n<meta property=\"og:site_name\" content=\"Carnitec\" \/>\n<meta property=\"article:publisher\" content=\"https:\/\/facebook.com\/carnitec1\" \/>\n<meta property=\"article:modified_time\" content=\"2016-04-08T11:54:40+00:00\" \/>\n<meta property=\"og:image\" content=\"https:\/\/carnitec.com\/wp-content\/uploads\/2016\/04\/pasteriza.jpg\" \/>\n\t<meta property=\"og:image:width\" content=\"629\" \/>\n\t<meta property=\"og:image:height\" content=\"747\" \/>\n\t<meta property=\"og:image:type\" content=\"image\/jpeg\" \/>\n<meta name=\"twitter:card\" content=\"summary\" \/>\n<meta name=\"twitter:site\" content=\"@carnitec_\" \/>\n<meta name=\"twitter:label1\" content=\"Est. reading time\" \/>\n\t<meta name=\"twitter:data1\" content=\"1 min\u016b\u0161u\" \/>\n<script type=\"application\/ld+json\" class=\"yoast-schema-graph\">{\"@context\":\"https:\/\/schema.org\",\"@graph\":[{\"@type\":\"WebPage\",\"@id\":\"https:\/\/carnitec.com\/lv\/products\/mini-pasterizetajs-siernica-fj-15\/\",\"url\":\"https:\/\/carnitec.com\/lv\/products\/mini-pasterizetajs-siernica-fj-15\/\",\"name\":\"MINI PASTERIZ\u0112T\u0100JS \u2013 SIERN\u012aCA FJ 15 - Carnitec\",\"isPartOf\":{\"@id\":\"https:\/\/carnitec.com\/lv\/#website\"},\"datePublished\":\"2016-04-06T18:02:24+00:00\",\"dateModified\":\"2016-04-08T11:54:40+00:00\",\"description\":\"MINI PASTERIZ\u0112T\u0100JS \u2013 SIERN\u012aCA FJ 15 - Vien\u012bgais pasaul\u0113 nelielais piena pasteriz\u0113t\u0101js, paredz\u0113ts ar\u012b siera un jogurta ra\u017eo\u0161anai.\",\"breadcrumb\":{\"@id\":\"https:\/\/carnitec.com\/lv\/products\/mini-pasterizetajs-siernica-fj-15\/#breadcrumb\"},\"inLanguage\":\"lv-LV\",\"potentialAction\":[{\"@type\":\"ReadAction\",\"target\":[\"https:\/\/carnitec.com\/lv\/products\/mini-pasterizetajs-siernica-fj-15\/\"]}]},{\"@type\":\"BreadcrumbList\",\"@id\":\"https:\/\/carnitec.com\/lv\/products\/mini-pasterizetajs-siernica-fj-15\/#breadcrumb\",\"itemListElement\":[{\"@type\":\"ListItem\",\"position\":1,\"name\":\"\u0413\u043b\u0430\u0432\u043d\u0430\u044f \u0441\u0442\u0440\u0430\u043d\u0438\u0446\u0430\",\"item\":\"https:\/\/carnitec.com\/lv\/\"},{\"@type\":\"ListItem\",\"position\":2,\"name\":\"\u0422\u043e\u0432\u0430\u0440\u044b\",\"item\":\"https:\/\/carnitec.com\/shop\/\"},{\"@type\":\"ListItem\",\"position\":3,\"name\":\"MINI PASTERIZ\u0112T\u0100JS \u2013 SIERN\u012aCA FJ 15\"}]},{\"@type\":\"WebSite\",\"@id\":\"https:\/\/carnitec.com\/lv\/#website\",\"url\":\"https:\/\/carnitec.com\/lv\/\",\"name\":\"Carnitec\",\"description\":\"P\u0101rtikas r\u016bpniec\u012bbas iek\u0101rtas\",\"publisher\":{\"@id\":\"https:\/\/carnitec.com\/lv\/#organization\"},\"potentialAction\":[{\"@type\":\"SearchAction\",\"target\":{\"@type\":\"EntryPoint\",\"urlTemplate\":\"https:\/\/carnitec.com\/lv\/?s={search_term_string}\"},\"query-input\":\"required name=search_term_string\"}],\"inLanguage\":\"lv-LV\"},{\"@type\":\"Organization\",\"@id\":\"https:\/\/carnitec.com\/lv\/#organization\",\"name\":\"Carnitec - food processing equipment\",\"url\":\"https:\/\/carnitec.com\/lv\/\",\"sameAs\":[\"https:\/\/www.instagram.com\/carnitec\/?hl=en\",\"https:\/\/www.linkedin.com\/company\/carnitec-ltd\/\",\"https:\/\/www.youtube.com\/channel\/UCwfiuJujkF2QxPPZAqB0T2w\",\"https:\/\/facebook.com\/carnitec1\",\"https:\/\/twitter.com\/carnitec_\"],\"logo\":{\"@type\":\"ImageObject\",\"inLanguage\":\"lv-LV\",\"@id\":\"https:\/\/carnitec.com\/lv\/#\/schema\/logo\/image\/\",\"url\":\"http:\/\/carnitec.com\/wp-content\/uploads\/2018\/01\/carnitec_logo_2018.png\",\"contentUrl\":\"http:\/\/carnitec.com\/wp-content\/uploads\/2018\/01\/carnitec_logo_2018.png\",\"width\":180,\"height\":50,\"caption\":\"Carnitec - food processing equipment\"},\"image\":{\"@id\":\"https:\/\/carnitec.com\/lv\/#\/schema\/logo\/image\/\"}}]}<\/script>\n<!-- \/ Yoast SEO plugin. -->","yoast_head_json":{"title":"MINI PASTERIZ\u0112T\u0100JS \u2013 SIERN\u012aCA FJ 15 - Carnitec","description":"MINI PASTERIZ\u0112T\u0100JS \u2013 SIERN\u012aCA FJ 15 - Vien\u012bgais pasaul\u0113 nelielais piena pasteriz\u0113t\u0101js, paredz\u0113ts ar\u012b siera un jogurta ra\u017eo\u0161anai.","robots":{"index":"index","follow":"follow","max-snippet":"max-snippet:-1","max-image-preview":"max-image-preview:large","max-video-preview":"max-video-preview:-1"},"canonical":"https:\/\/carnitec.com\/lv\/products\/mini-pasterizetajs-siernica-fj-15\/","og_locale":"lv_LV","og_type":"article","og_title":"MINI PASTERIZ\u0112T\u0100JS \u2013 SIERN\u012aCA FJ 15 - Carnitec","og_description":"MINI PASTERIZ\u0112T\u0100JS \u2013 SIERN\u012aCA FJ 15 - Vien\u012bgais pasaul\u0113 nelielais piena pasteriz\u0113t\u0101js, paredz\u0113ts ar\u012b siera un jogurta ra\u017eo\u0161anai.","og_url":"https:\/\/carnitec.com\/lv\/products\/mini-pasterizetajs-siernica-fj-15\/","og_site_name":"Carnitec","article_publisher":"https:\/\/facebook.com\/carnitec1","article_modified_time":"2016-04-08T11:54:40+00:00","og_image":[{"width":629,"height":747,"url":"https:\/\/carnitec.com\/wp-content\/uploads\/2016\/04\/pasteriza.jpg","type":"image\/jpeg"}],"twitter_card":"summary","twitter_site":"@carnitec_","twitter_misc":{"Est. reading time":"1 min\u016b\u0161u"},"schema":{"@context":"https:\/\/schema.org","@graph":[{"@type":"WebPage","@id":"https:\/\/carnitec.com\/lv\/products\/mini-pasterizetajs-siernica-fj-15\/","url":"https:\/\/carnitec.com\/lv\/products\/mini-pasterizetajs-siernica-fj-15\/","name":"MINI PASTERIZ\u0112T\u0100JS \u2013 SIERN\u012aCA FJ 15 - Carnitec","isPartOf":{"@id":"https:\/\/carnitec.com\/lv\/#website"},"datePublished":"2016-04-06T18:02:24+00:00","dateModified":"2016-04-08T11:54:40+00:00","description":"MINI PASTERIZ\u0112T\u0100JS \u2013 SIERN\u012aCA FJ 15 - Vien\u012bgais pasaul\u0113 nelielais piena pasteriz\u0113t\u0101js, paredz\u0113ts ar\u012b siera un jogurta ra\u017eo\u0161anai.","breadcrumb":{"@id":"https:\/\/carnitec.com\/lv\/products\/mini-pasterizetajs-siernica-fj-15\/#breadcrumb"},"inLanguage":"lv-LV","potentialAction":[{"@type":"ReadAction","target":["https:\/\/carnitec.com\/lv\/products\/mini-pasterizetajs-siernica-fj-15\/"]}]},{"@type":"BreadcrumbList","@id":"https:\/\/carnitec.com\/lv\/products\/mini-pasterizetajs-siernica-fj-15\/#breadcrumb","itemListElement":[{"@type":"ListItem","position":1,"name":"\u0413\u043b\u0430\u0432\u043d\u0430\u044f \u0441\u0442\u0440\u0430\u043d\u0438\u0446\u0430","item":"https:\/\/carnitec.com\/lv\/"},{"@type":"ListItem","position":2,"name":"\u0422\u043e\u0432\u0430\u0440\u044b","item":"https:\/\/carnitec.com\/shop\/"},{"@type":"ListItem","position":3,"name":"MINI PASTERIZ\u0112T\u0100JS \u2013 SIERN\u012aCA FJ 15"}]},{"@type":"WebSite","@id":"https:\/\/carnitec.com\/lv\/#website","url":"https:\/\/carnitec.com\/lv\/","name":"Carnitec","description":"P\u0101rtikas r\u016bpniec\u012bbas iek\u0101rtas","publisher":{"@id":"https:\/\/carnitec.com\/lv\/#organization"},"potentialAction":[{"@type":"SearchAction","target":{"@type":"EntryPoint","urlTemplate":"https:\/\/carnitec.com\/lv\/?s={search_term_string}"},"query-input":"required name=search_term_string"}],"inLanguage":"lv-LV"},{"@type":"Organization","@id":"https:\/\/carnitec.com\/lv\/#organization","name":"Carnitec - food processing equipment","url":"https:\/\/carnitec.com\/lv\/","sameAs":["https:\/\/www.instagram.com\/carnitec\/?hl=en","https:\/\/www.linkedin.com\/company\/carnitec-ltd\/","https:\/\/www.youtube.com\/channel\/UCwfiuJujkF2QxPPZAqB0T2w","https:\/\/facebook.com\/carnitec1","https:\/\/twitter.com\/carnitec_"],"logo":{"@type":"ImageObject","inLanguage":"lv-LV","@id":"https:\/\/carnitec.com\/lv\/#\/schema\/logo\/image\/","url":"http:\/\/carnitec.com\/wp-content\/uploads\/2018\/01\/carnitec_logo_2018.png","contentUrl":"http:\/\/carnitec.com\/wp-content\/uploads\/2018\/01\/carnitec_logo_2018.png","width":180,"height":50,"caption":"Carnitec - food processing equipment"},"image":{"@id":"https:\/\/carnitec.com\/lv\/#\/schema\/logo\/image\/"}}]}},"_links":{"self":[{"href":"https:\/\/carnitec.com\/lv\/wp-json\/wp\/v2\/product\/8646"}],"collection":[{"href":"https:\/\/carnitec.com\/lv\/wp-json\/wp\/v2\/product"}],"about":[{"href":"https:\/\/carnitec.com\/lv\/wp-json\/wp\/v2\/types\/product"}],"wp:featuredmedia":[{"embeddable":true,"href":"https:\/\/carnitec.com\/lv\/wp-json\/wp\/v2\/media\/8645"}],"wp:attachment":[{"href":"https:\/\/carnitec.com\/lv\/wp-json\/wp\/v2\/media?parent=8646"}],"wp:term":[{"taxonomy":"product_cat","embeddable":true,"href":"https:\/\/carnitec.com\/lv\/wp-json\/wp\/v2\/product_cat?post=8646"},{"taxonomy":"product_tag","embeddable":true,"href":"https:\/\/carnitec.com\/lv\/wp-json\/wp\/v2\/product_tag?post=8646"}],"curies":[{"name":"wp","href":"https:\/\/api.w.org\/{rel}","templated":true}]}}