{"id":8633,"date":"2016-04-06T14:56:32","date_gmt":"2016-04-06T13:00:29","guid":{"rendered":"http:\/\/carnitec.com\/lv\/?post_type=product&#038;p=8633"},"modified":"2016-04-06T15:00:29","modified_gmt":"2016-04-06T13:00:29","slug":"pasterizators-siera-razotajs","status":"publish","type":"product","link":"https:\/\/carnitec.com\/lv\/products\/pasterizators-siera-razotajs\/","title":{"rendered":"Pasterizators \u2013 siera ra\u017eot\u0101js FJ 45"},"content":{"rendered":"<h2><strong>Pasterizators \u2013 siera ra\u017eot\u0101js FJ 45<\/strong><\/h2>\n<p>Pasterizators \u2013 siera ra\u017eot\u0101js FJ 45 &#8211; 45 litru katls piena pasteriz\u0113\u0161anai, siera un jogurta ra\u017eo\u0161anai vid\u0113jos apjomos.<\/p>\n<p>Jauns, inovat\u012bvs, pieejams un ide\u0101ls risin\u0101jums profesion\u0101liem lietot\u0101jiem, maz\u0101m un vid\u0113j\u0101m saimniec\u012bb\u0101m. Daudzfunkcion\u0101l\u0101 ier\u012bce ir ide\u0101li piem\u0113rota piena, aug\u013cu, aug\u013cu sulu pasteriz\u0113\u0161anai, k\u0101 ar\u012b siera un jogurta gatavo\u0161anai.<br \/>\n\u016adens uzsild\u012b\u0161ana 80 min\u016b\u0161u laik\u0101 no 4\u00b0C l\u012bdz 90\u00b0\u0421.<br \/>\nAtdzes\u0113\u0161ana ar \u016bdens apmai\u0146as pal\u012bdz\u012bbu.<br \/>\nPiesl\u0113g\u0161ana 380 V \u2022 6 kW, 3\u00d7400 V, 3 * 6 \u0410 dro\u0161in\u0101t\u0101ji<br \/>\nIzlai\u0161anas kr\u0101ns DN40 (tauri\u0146veida v\u0101rsts)<\/p>\n","protected":false},"excerpt":{"rendered":"<p>Pasterizators \u2013 siera ra\u017eot\u0101js FJ 45 &#8211; 45 litru katls piena pasteriz\u0113\u0161anai, siera un jogurta ra\u017eo\u0161anai vid\u0113jos apjomos.<\/p>\n","protected":false},"featured_media":8632,"template":"","meta":{"content-type":"","_monsterinsights_skip_tracking":false,"_monsterinsights_sitenote_active":false,"_monsterinsights_sitenote_note":"","_monsterinsights_sitenote_category":0},"product_cat":[1405],"product_tag":[],"yoast_head":"<!-- This site is optimized with the Yoast SEO plugin v19.5.1 - https:\/\/yoast.com\/wordpress\/plugins\/seo\/ -->\n<title>Pasterizators \u2013 siera ra\u017eot\u0101js FJ 45 - Carnitec<\/title>\n<meta name=\"description\" content=\"Pasterizators \u2013 siera ra\u017eot\u0101js FJ 45 - 45 litru katls piena pasteriz\u0113\u0161anai, siera un jogurta ra\u017eo\u0161anai vid\u0113jos apjomos. Jauns, inovat\u012bvs, pieejams\" \/>\n<meta name=\"robots\" content=\"index, follow, max-snippet:-1, max-image-preview:large, max-video-preview:-1\" \/>\n<link rel=\"canonical\" href=\"https:\/\/carnitec.com\/lv\/products\/pasterizators-siera-razotajs\/\" \/>\n<meta property=\"og:locale\" content=\"lv_LV\" \/>\n<meta property=\"og:type\" content=\"article\" \/>\n<meta property=\"og:title\" content=\"Pasterizators \u2013 siera ra\u017eot\u0101js FJ 45 - Carnitec\" \/>\n<meta property=\"og:description\" content=\"Pasterizators \u2013 siera ra\u017eot\u0101js FJ 45 - 45 litru katls piena pasteriz\u0113\u0161anai, siera un jogurta ra\u017eo\u0161anai vid\u0113jos apjomos. Jauns, inovat\u012bvs, pieejams\" \/>\n<meta property=\"og:url\" content=\"https:\/\/carnitec.com\/lv\/products\/pasterizators-siera-razotajs\/\" \/>\n<meta property=\"og:site_name\" content=\"Carnitec\" \/>\n<meta property=\"article:publisher\" content=\"https:\/\/facebook.com\/carnitec1\" \/>\n<meta property=\"og:image\" content=\"https:\/\/carnitec.com\/wp-content\/uploads\/2016\/04\/FJ-45.jpg\" \/>\n\t<meta property=\"og:image:width\" content=\"612\" \/>\n\t<meta property=\"og:image:height\" content=\"690\" \/>\n\t<meta property=\"og:image:type\" content=\"image\/jpeg\" \/>\n<meta name=\"twitter:card\" content=\"summary\" \/>\n<meta name=\"twitter:site\" content=\"@carnitec_\" \/>\n<meta name=\"twitter:label1\" content=\"Est. reading time\" \/>\n\t<meta name=\"twitter:data1\" content=\"1 min\u016b\u0161u\" \/>\n<script type=\"application\/ld+json\" class=\"yoast-schema-graph\">{\"@context\":\"https:\/\/schema.org\",\"@graph\":[{\"@type\":\"WebPage\",\"@id\":\"https:\/\/carnitec.com\/lv\/products\/pasterizators-siera-razotajs\/\",\"url\":\"https:\/\/carnitec.com\/lv\/products\/pasterizators-siera-razotajs\/\",\"name\":\"Pasterizators \u2013 siera ra\u017eot\u0101js FJ 45 - Carnitec\",\"isPartOf\":{\"@id\":\"https:\/\/carnitec.com\/lv\/#website\"},\"datePublished\":\"2016-04-06T13:00:29+00:00\",\"dateModified\":\"2016-04-06T13:00:29+00:00\",\"description\":\"Pasterizators \u2013 siera ra\u017eot\u0101js FJ 45 - 45 litru katls piena pasteriz\u0113\u0161anai, siera un jogurta ra\u017eo\u0161anai vid\u0113jos apjomos. Jauns, inovat\u012bvs, pieejams\",\"breadcrumb\":{\"@id\":\"https:\/\/carnitec.com\/lv\/products\/pasterizators-siera-razotajs\/#breadcrumb\"},\"inLanguage\":\"lv-LV\",\"potentialAction\":[{\"@type\":\"ReadAction\",\"target\":[\"https:\/\/carnitec.com\/lv\/products\/pasterizators-siera-razotajs\/\"]}]},{\"@type\":\"BreadcrumbList\",\"@id\":\"https:\/\/carnitec.com\/lv\/products\/pasterizators-siera-razotajs\/#breadcrumb\",\"itemListElement\":[{\"@type\":\"ListItem\",\"position\":1,\"name\":\"\u0413\u043b\u0430\u0432\u043d\u0430\u044f \u0441\u0442\u0440\u0430\u043d\u0438\u0446\u0430\",\"item\":\"https:\/\/carnitec.com\/lv\/\"},{\"@type\":\"ListItem\",\"position\":2,\"name\":\"\u0422\u043e\u0432\u0430\u0440\u044b\",\"item\":\"https:\/\/carnitec.com\/shop\/\"},{\"@type\":\"ListItem\",\"position\":3,\"name\":\"Pasterizators \u2013 siera ra\u017eot\u0101js FJ 45\"}]},{\"@type\":\"WebSite\",\"@id\":\"https:\/\/carnitec.com\/lv\/#website\",\"url\":\"https:\/\/carnitec.com\/lv\/\",\"name\":\"Carnitec\",\"description\":\"P\u0101rtikas r\u016bpniec\u012bbas iek\u0101rtas\",\"publisher\":{\"@id\":\"https:\/\/carnitec.com\/lv\/#organization\"},\"potentialAction\":[{\"@type\":\"SearchAction\",\"target\":{\"@type\":\"EntryPoint\",\"urlTemplate\":\"https:\/\/carnitec.com\/lv\/?s={search_term_string}\"},\"query-input\":\"required name=search_term_string\"}],\"inLanguage\":\"lv-LV\"},{\"@type\":\"Organization\",\"@id\":\"https:\/\/carnitec.com\/lv\/#organization\",\"name\":\"Carnitec - food processing equipment\",\"url\":\"https:\/\/carnitec.com\/lv\/\",\"sameAs\":[\"https:\/\/www.instagram.com\/carnitec\/?hl=en\",\"https:\/\/www.linkedin.com\/company\/carnitec-ltd\/\",\"https:\/\/www.youtube.com\/channel\/UCwfiuJujkF2QxPPZAqB0T2w\",\"https:\/\/facebook.com\/carnitec1\",\"https:\/\/twitter.com\/carnitec_\"],\"logo\":{\"@type\":\"ImageObject\",\"inLanguage\":\"lv-LV\",\"@id\":\"https:\/\/carnitec.com\/lv\/#\/schema\/logo\/image\/\",\"url\":\"http:\/\/carnitec.com\/wp-content\/uploads\/2018\/01\/carnitec_logo_2018.png\",\"contentUrl\":\"http:\/\/carnitec.com\/wp-content\/uploads\/2018\/01\/carnitec_logo_2018.png\",\"width\":180,\"height\":50,\"caption\":\"Carnitec - food processing equipment\"},\"image\":{\"@id\":\"https:\/\/carnitec.com\/lv\/#\/schema\/logo\/image\/\"}}]}<\/script>\n<!-- \/ Yoast SEO plugin. -->","yoast_head_json":{"title":"Pasterizators \u2013 siera ra\u017eot\u0101js FJ 45 - Carnitec","description":"Pasterizators \u2013 siera ra\u017eot\u0101js FJ 45 - 45 litru katls piena pasteriz\u0113\u0161anai, siera un jogurta ra\u017eo\u0161anai vid\u0113jos apjomos. Jauns, inovat\u012bvs, pieejams","robots":{"index":"index","follow":"follow","max-snippet":"max-snippet:-1","max-image-preview":"max-image-preview:large","max-video-preview":"max-video-preview:-1"},"canonical":"https:\/\/carnitec.com\/lv\/products\/pasterizators-siera-razotajs\/","og_locale":"lv_LV","og_type":"article","og_title":"Pasterizators \u2013 siera ra\u017eot\u0101js FJ 45 - Carnitec","og_description":"Pasterizators \u2013 siera ra\u017eot\u0101js FJ 45 - 45 litru katls piena pasteriz\u0113\u0161anai, siera un jogurta ra\u017eo\u0161anai vid\u0113jos apjomos. Jauns, inovat\u012bvs, pieejams","og_url":"https:\/\/carnitec.com\/lv\/products\/pasterizators-siera-razotajs\/","og_site_name":"Carnitec","article_publisher":"https:\/\/facebook.com\/carnitec1","og_image":[{"width":612,"height":690,"url":"https:\/\/carnitec.com\/wp-content\/uploads\/2016\/04\/FJ-45.jpg","type":"image\/jpeg"}],"twitter_card":"summary","twitter_site":"@carnitec_","twitter_misc":{"Est. reading time":"1 min\u016b\u0161u"},"schema":{"@context":"https:\/\/schema.org","@graph":[{"@type":"WebPage","@id":"https:\/\/carnitec.com\/lv\/products\/pasterizators-siera-razotajs\/","url":"https:\/\/carnitec.com\/lv\/products\/pasterizators-siera-razotajs\/","name":"Pasterizators \u2013 siera ra\u017eot\u0101js FJ 45 - Carnitec","isPartOf":{"@id":"https:\/\/carnitec.com\/lv\/#website"},"datePublished":"2016-04-06T13:00:29+00:00","dateModified":"2016-04-06T13:00:29+00:00","description":"Pasterizators \u2013 siera ra\u017eot\u0101js FJ 45 - 45 litru katls piena pasteriz\u0113\u0161anai, siera un jogurta ra\u017eo\u0161anai vid\u0113jos apjomos. Jauns, inovat\u012bvs, pieejams","breadcrumb":{"@id":"https:\/\/carnitec.com\/lv\/products\/pasterizators-siera-razotajs\/#breadcrumb"},"inLanguage":"lv-LV","potentialAction":[{"@type":"ReadAction","target":["https:\/\/carnitec.com\/lv\/products\/pasterizators-siera-razotajs\/"]}]},{"@type":"BreadcrumbList","@id":"https:\/\/carnitec.com\/lv\/products\/pasterizators-siera-razotajs\/#breadcrumb","itemListElement":[{"@type":"ListItem","position":1,"name":"\u0413\u043b\u0430\u0432\u043d\u0430\u044f \u0441\u0442\u0440\u0430\u043d\u0438\u0446\u0430","item":"https:\/\/carnitec.com\/lv\/"},{"@type":"ListItem","position":2,"name":"\u0422\u043e\u0432\u0430\u0440\u044b","item":"https:\/\/carnitec.com\/shop\/"},{"@type":"ListItem","position":3,"name":"Pasterizators \u2013 siera ra\u017eot\u0101js FJ 45"}]},{"@type":"WebSite","@id":"https:\/\/carnitec.com\/lv\/#website","url":"https:\/\/carnitec.com\/lv\/","name":"Carnitec","description":"P\u0101rtikas r\u016bpniec\u012bbas iek\u0101rtas","publisher":{"@id":"https:\/\/carnitec.com\/lv\/#organization"},"potentialAction":[{"@type":"SearchAction","target":{"@type":"EntryPoint","urlTemplate":"https:\/\/carnitec.com\/lv\/?s={search_term_string}"},"query-input":"required name=search_term_string"}],"inLanguage":"lv-LV"},{"@type":"Organization","@id":"https:\/\/carnitec.com\/lv\/#organization","name":"Carnitec - food processing equipment","url":"https:\/\/carnitec.com\/lv\/","sameAs":["https:\/\/www.instagram.com\/carnitec\/?hl=en","https:\/\/www.linkedin.com\/company\/carnitec-ltd\/","https:\/\/www.youtube.com\/channel\/UCwfiuJujkF2QxPPZAqB0T2w","https:\/\/facebook.com\/carnitec1","https:\/\/twitter.com\/carnitec_"],"logo":{"@type":"ImageObject","inLanguage":"lv-LV","@id":"https:\/\/carnitec.com\/lv\/#\/schema\/logo\/image\/","url":"http:\/\/carnitec.com\/wp-content\/uploads\/2018\/01\/carnitec_logo_2018.png","contentUrl":"http:\/\/carnitec.com\/wp-content\/uploads\/2018\/01\/carnitec_logo_2018.png","width":180,"height":50,"caption":"Carnitec - food processing equipment"},"image":{"@id":"https:\/\/carnitec.com\/lv\/#\/schema\/logo\/image\/"}}]}},"_links":{"self":[{"href":"https:\/\/carnitec.com\/lv\/wp-json\/wp\/v2\/product\/8633"}],"collection":[{"href":"https:\/\/carnitec.com\/lv\/wp-json\/wp\/v2\/product"}],"about":[{"href":"https:\/\/carnitec.com\/lv\/wp-json\/wp\/v2\/types\/product"}],"wp:featuredmedia":[{"embeddable":true,"href":"https:\/\/carnitec.com\/lv\/wp-json\/wp\/v2\/media\/8632"}],"wp:attachment":[{"href":"https:\/\/carnitec.com\/lv\/wp-json\/wp\/v2\/media?parent=8633"}],"wp:term":[{"taxonomy":"product_cat","embeddable":true,"href":"https:\/\/carnitec.com\/lv\/wp-json\/wp\/v2\/product_cat?post=8633"},{"taxonomy":"product_tag","embeddable":true,"href":"https:\/\/carnitec.com\/lv\/wp-json\/wp\/v2\/product_tag?post=8633"}],"curies":[{"name":"wp","href":"https:\/\/api.w.org\/{rel}","templated":true}]}}