{"id":8625,"date":"2016-04-06T14:39:31","date_gmt":"2016-04-06T12:44:07","guid":{"rendered":"http:\/\/carnitec.com\/lv\/?post_type=product&#038;p=8625"},"modified":"2016-04-06T14:44:07","modified_gmt":"2016-04-06T12:44:07","slug":"iepakosanas-un-hermetizacijas-masina-bp-600","status":"publish","type":"product","link":"https:\/\/carnitec.com\/lv\/products\/iepakosanas-un-hermetizacijas-masina-bp-600\/","title":{"rendered":"Iepako\u0161anas un hermetiz\u0101cijas ma\u0161\u012bna BP 600"},"content":{"rendered":"<h2><strong>Iepako\u0161anas un hermetiz\u0101cijas ma\u0161\u012bna BP 600<\/strong><\/h2>\n<p>Gl\u0101z\u012b\u0161u iepako\u0161ana un hermetiz\u0101cija ar alum\u012bnija folijas pal\u012bdz\u012bbu ar BP 600 k\u013cuvusi vienk\u0101r\u0161a.<\/p>\n<p>https:\/\/youtu.be\/OLiC5-cgceE<\/p>\n<h4><strong>Tehniskais raksturojums: <\/strong><br \/>\nRa\u017eo\u0161anas jauda: 600 gl\u0101z\u012btes\/stund\u0101<br \/>\nDarba parametri: 1 kW, 200 V, vienf\u0101zes dro\u0161in\u0101t\u0101js 16A<br \/>\nNepiecie\u0161amais gaisa spiediens ar kompresora pal\u012bdz\u012bbu: 0,3 m3\/min.<br \/>\nVad\u012bba: Omron<br \/>\nSvars: 90 kg<br \/>\nIzm\u0113ri (mm): 800x600x800<\/h4>\n<p>Pusautom\u0101tiska pneimatisk\u0101 ma\u0161\u012bna gl\u0101z\u012b\u0161u iepako\u0161anai un hermetiz\u0101cijai ar alum\u012bnija folijas pal\u012bdz\u012bbu.<br \/>\n4 darba stacijas: 2 alum\u012bnija folijas uzst\u0101d\u012b\u0161anai uz plastmasas gl\u0101z\u012btes un 2 \u2013 gl\u0101z\u012b\u0161u hermetiz\u0101cijai; nodro\u0161ina augstu produktivit\u0101ti.<br \/>\nRegul\u0113jams rot\u0101cijas laiks.<\/p>\n<p>Jauns, inovat\u012bvs, pieejams un ide\u0101ls risin\u0101jums profesion\u0101liem lietot\u0101jiem, maz\u0101m un vid\u0113j\u0101m saimniec\u012bb\u0101m.<br \/>\nGl\u0101z\u012btes ar diametru 75 mm pienam, jogurtam (ar aug\u013ciem un bez), tom\u0101tu pastai, aug\u013cu sul\u0101m u.tml. p\u0113c fas\u0113\u0161anas iesp\u0113jams viegli un \u0101tri aizv\u0113rt.<br \/>\nRa\u017eo\u0161anas jauda: 600 gl\u0101z\u012btes\/stund\u0101 (atkar\u012bb\u0101 no darba \u0101truma).<br \/>\nJa ar BP600 str\u0101d\u0101 2 cilv\u0113ki, produktivit\u0101te var palielin\u0101ties l\u012bdz 1200 gl\u0101z\u012bt\u0113m\/stund\u0101.<br \/>\nPiesl\u0113dzams kompresors (6-7 b\u0101ri).<\/p>\n","protected":false},"excerpt":{"rendered":"<p>Iepako\u0161anas un hermetiz\u0101cijas ma\u0161\u012bna BP 600<\/p>\n","protected":false},"featured_media":8624,"template":"","meta":{"content-type":"","_monsterinsights_skip_tracking":false,"_monsterinsights_sitenote_active":false,"_monsterinsights_sitenote_note":"","_monsterinsights_sitenote_category":0},"product_cat":[1405],"product_tag":[],"yoast_head":"<!-- This site is optimized with the Yoast SEO plugin v19.5.1 - https:\/\/yoast.com\/wordpress\/plugins\/seo\/ -->\n<title>Iepako\u0161anas un hermetiz\u0101cijas ma\u0161\u012bna BP 600 - Carnitec<\/title>\n<meta name=\"description\" content=\"Gl\u0101z\u012b\u0161u iepako\u0161ana un hermetiz\u0101cija ar alum\u012bnija folijas pal\u012bdz\u012bbu ar BP 600 k\u013cuvusi vienk\u0101r\u0161a. Pusautom\u0101tiska pneimatisk\u0101 ma\u0161\u012bna gl\u0101z\u012b\u0161u iepako\u0161anai\" \/>\n<meta name=\"robots\" content=\"index, follow, max-snippet:-1, max-image-preview:large, max-video-preview:-1\" \/>\n<link rel=\"canonical\" href=\"https:\/\/carnitec.com\/lv\/products\/iepakosanas-un-hermetizacijas-masina-bp-600\/\" \/>\n<meta property=\"og:locale\" content=\"lv_LV\" \/>\n<meta property=\"og:type\" content=\"article\" \/>\n<meta property=\"og:title\" content=\"Iepako\u0161anas un hermetiz\u0101cijas ma\u0161\u012bna BP 600 - Carnitec\" \/>\n<meta property=\"og:description\" content=\"Gl\u0101z\u012b\u0161u iepako\u0161ana un hermetiz\u0101cija ar alum\u012bnija folijas pal\u012bdz\u012bbu ar BP 600 k\u013cuvusi vienk\u0101r\u0161a. Pusautom\u0101tiska pneimatisk\u0101 ma\u0161\u012bna gl\u0101z\u012b\u0161u iepako\u0161anai\" \/>\n<meta property=\"og:url\" content=\"https:\/\/carnitec.com\/lv\/products\/iepakosanas-un-hermetizacijas-masina-bp-600\/\" \/>\n<meta property=\"og:site_name\" content=\"Carnitec\" \/>\n<meta property=\"article:publisher\" content=\"https:\/\/facebook.com\/carnitec1\" \/>\n<meta property=\"og:image\" content=\"https:\/\/carnitec.com\/wp-content\/uploads\/2016\/04\/bp600.jpg\" \/>\n\t<meta property=\"og:image:width\" content=\"736\" \/>\n\t<meta property=\"og:image:height\" content=\"489\" \/>\n\t<meta property=\"og:image:type\" content=\"image\/jpeg\" \/>\n<meta name=\"twitter:card\" content=\"summary\" \/>\n<meta name=\"twitter:site\" content=\"@carnitec_\" \/>\n<meta name=\"twitter:label1\" content=\"Est. reading time\" \/>\n\t<meta name=\"twitter:data1\" content=\"1 min\u016b\u0161u\" \/>\n<script type=\"application\/ld+json\" class=\"yoast-schema-graph\">{\"@context\":\"https:\/\/schema.org\",\"@graph\":[{\"@type\":\"WebPage\",\"@id\":\"https:\/\/carnitec.com\/lv\/products\/iepakosanas-un-hermetizacijas-masina-bp-600\/\",\"url\":\"https:\/\/carnitec.com\/lv\/products\/iepakosanas-un-hermetizacijas-masina-bp-600\/\",\"name\":\"Iepako\u0161anas un hermetiz\u0101cijas ma\u0161\u012bna BP 600 - Carnitec\",\"isPartOf\":{\"@id\":\"https:\/\/carnitec.com\/lv\/#website\"},\"datePublished\":\"2016-04-06T12:44:07+00:00\",\"dateModified\":\"2016-04-06T12:44:07+00:00\",\"description\":\"Gl\u0101z\u012b\u0161u iepako\u0161ana un hermetiz\u0101cija ar alum\u012bnija folijas pal\u012bdz\u012bbu ar BP 600 k\u013cuvusi vienk\u0101r\u0161a. Pusautom\u0101tiska pneimatisk\u0101 ma\u0161\u012bna gl\u0101z\u012b\u0161u iepako\u0161anai\",\"breadcrumb\":{\"@id\":\"https:\/\/carnitec.com\/lv\/products\/iepakosanas-un-hermetizacijas-masina-bp-600\/#breadcrumb\"},\"inLanguage\":\"lv-LV\",\"potentialAction\":[{\"@type\":\"ReadAction\",\"target\":[\"https:\/\/carnitec.com\/lv\/products\/iepakosanas-un-hermetizacijas-masina-bp-600\/\"]}]},{\"@type\":\"BreadcrumbList\",\"@id\":\"https:\/\/carnitec.com\/lv\/products\/iepakosanas-un-hermetizacijas-masina-bp-600\/#breadcrumb\",\"itemListElement\":[{\"@type\":\"ListItem\",\"position\":1,\"name\":\"\u0413\u043b\u0430\u0432\u043d\u0430\u044f \u0441\u0442\u0440\u0430\u043d\u0438\u0446\u0430\",\"item\":\"https:\/\/carnitec.com\/lv\/\"},{\"@type\":\"ListItem\",\"position\":2,\"name\":\"\u0422\u043e\u0432\u0430\u0440\u044b\",\"item\":\"https:\/\/carnitec.com\/shop\/\"},{\"@type\":\"ListItem\",\"position\":3,\"name\":\"Iepako\u0161anas un hermetiz\u0101cijas ma\u0161\u012bna BP 600\"}]},{\"@type\":\"WebSite\",\"@id\":\"https:\/\/carnitec.com\/lv\/#website\",\"url\":\"https:\/\/carnitec.com\/lv\/\",\"name\":\"Carnitec\",\"description\":\"P\u0101rtikas r\u016bpniec\u012bbas iek\u0101rtas\",\"publisher\":{\"@id\":\"https:\/\/carnitec.com\/lv\/#organization\"},\"potentialAction\":[{\"@type\":\"SearchAction\",\"target\":{\"@type\":\"EntryPoint\",\"urlTemplate\":\"https:\/\/carnitec.com\/lv\/?s={search_term_string}\"},\"query-input\":\"required name=search_term_string\"}],\"inLanguage\":\"lv-LV\"},{\"@type\":\"Organization\",\"@id\":\"https:\/\/carnitec.com\/lv\/#organization\",\"name\":\"Carnitec - food processing equipment\",\"url\":\"https:\/\/carnitec.com\/lv\/\",\"sameAs\":[\"https:\/\/www.instagram.com\/carnitec\/?hl=en\",\"https:\/\/www.linkedin.com\/company\/carnitec-ltd\/\",\"https:\/\/www.youtube.com\/channel\/UCwfiuJujkF2QxPPZAqB0T2w\",\"https:\/\/facebook.com\/carnitec1\",\"https:\/\/twitter.com\/carnitec_\"],\"logo\":{\"@type\":\"ImageObject\",\"inLanguage\":\"lv-LV\",\"@id\":\"https:\/\/carnitec.com\/lv\/#\/schema\/logo\/image\/\",\"url\":\"http:\/\/carnitec.com\/wp-content\/uploads\/2018\/01\/carnitec_logo_2018.png\",\"contentUrl\":\"http:\/\/carnitec.com\/wp-content\/uploads\/2018\/01\/carnitec_logo_2018.png\",\"width\":180,\"height\":50,\"caption\":\"Carnitec - food processing equipment\"},\"image\":{\"@id\":\"https:\/\/carnitec.com\/lv\/#\/schema\/logo\/image\/\"}}]}<\/script>\n<!-- \/ Yoast SEO plugin. -->","yoast_head_json":{"title":"Iepako\u0161anas un hermetiz\u0101cijas ma\u0161\u012bna BP 600 - Carnitec","description":"Gl\u0101z\u012b\u0161u iepako\u0161ana un hermetiz\u0101cija ar alum\u012bnija folijas pal\u012bdz\u012bbu ar BP 600 k\u013cuvusi vienk\u0101r\u0161a. Pusautom\u0101tiska pneimatisk\u0101 ma\u0161\u012bna gl\u0101z\u012b\u0161u iepako\u0161anai","robots":{"index":"index","follow":"follow","max-snippet":"max-snippet:-1","max-image-preview":"max-image-preview:large","max-video-preview":"max-video-preview:-1"},"canonical":"https:\/\/carnitec.com\/lv\/products\/iepakosanas-un-hermetizacijas-masina-bp-600\/","og_locale":"lv_LV","og_type":"article","og_title":"Iepako\u0161anas un hermetiz\u0101cijas ma\u0161\u012bna BP 600 - Carnitec","og_description":"Gl\u0101z\u012b\u0161u iepako\u0161ana un hermetiz\u0101cija ar alum\u012bnija folijas pal\u012bdz\u012bbu ar BP 600 k\u013cuvusi vienk\u0101r\u0161a. Pusautom\u0101tiska pneimatisk\u0101 ma\u0161\u012bna gl\u0101z\u012b\u0161u iepako\u0161anai","og_url":"https:\/\/carnitec.com\/lv\/products\/iepakosanas-un-hermetizacijas-masina-bp-600\/","og_site_name":"Carnitec","article_publisher":"https:\/\/facebook.com\/carnitec1","og_image":[{"width":736,"height":489,"url":"https:\/\/carnitec.com\/wp-content\/uploads\/2016\/04\/bp600.jpg","type":"image\/jpeg"}],"twitter_card":"summary","twitter_site":"@carnitec_","twitter_misc":{"Est. reading time":"1 min\u016b\u0161u"},"schema":{"@context":"https:\/\/schema.org","@graph":[{"@type":"WebPage","@id":"https:\/\/carnitec.com\/lv\/products\/iepakosanas-un-hermetizacijas-masina-bp-600\/","url":"https:\/\/carnitec.com\/lv\/products\/iepakosanas-un-hermetizacijas-masina-bp-600\/","name":"Iepako\u0161anas un hermetiz\u0101cijas ma\u0161\u012bna BP 600 - Carnitec","isPartOf":{"@id":"https:\/\/carnitec.com\/lv\/#website"},"datePublished":"2016-04-06T12:44:07+00:00","dateModified":"2016-04-06T12:44:07+00:00","description":"Gl\u0101z\u012b\u0161u iepako\u0161ana un hermetiz\u0101cija ar alum\u012bnija folijas pal\u012bdz\u012bbu ar BP 600 k\u013cuvusi vienk\u0101r\u0161a. Pusautom\u0101tiska pneimatisk\u0101 ma\u0161\u012bna gl\u0101z\u012b\u0161u iepako\u0161anai","breadcrumb":{"@id":"https:\/\/carnitec.com\/lv\/products\/iepakosanas-un-hermetizacijas-masina-bp-600\/#breadcrumb"},"inLanguage":"lv-LV","potentialAction":[{"@type":"ReadAction","target":["https:\/\/carnitec.com\/lv\/products\/iepakosanas-un-hermetizacijas-masina-bp-600\/"]}]},{"@type":"BreadcrumbList","@id":"https:\/\/carnitec.com\/lv\/products\/iepakosanas-un-hermetizacijas-masina-bp-600\/#breadcrumb","itemListElement":[{"@type":"ListItem","position":1,"name":"\u0413\u043b\u0430\u0432\u043d\u0430\u044f \u0441\u0442\u0440\u0430\u043d\u0438\u0446\u0430","item":"https:\/\/carnitec.com\/lv\/"},{"@type":"ListItem","position":2,"name":"\u0422\u043e\u0432\u0430\u0440\u044b","item":"https:\/\/carnitec.com\/shop\/"},{"@type":"ListItem","position":3,"name":"Iepako\u0161anas un hermetiz\u0101cijas ma\u0161\u012bna BP 600"}]},{"@type":"WebSite","@id":"https:\/\/carnitec.com\/lv\/#website","url":"https:\/\/carnitec.com\/lv\/","name":"Carnitec","description":"P\u0101rtikas r\u016bpniec\u012bbas iek\u0101rtas","publisher":{"@id":"https:\/\/carnitec.com\/lv\/#organization"},"potentialAction":[{"@type":"SearchAction","target":{"@type":"EntryPoint","urlTemplate":"https:\/\/carnitec.com\/lv\/?s={search_term_string}"},"query-input":"required name=search_term_string"}],"inLanguage":"lv-LV"},{"@type":"Organization","@id":"https:\/\/carnitec.com\/lv\/#organization","name":"Carnitec - food processing equipment","url":"https:\/\/carnitec.com\/lv\/","sameAs":["https:\/\/www.instagram.com\/carnitec\/?hl=en","https:\/\/www.linkedin.com\/company\/carnitec-ltd\/","https:\/\/www.youtube.com\/channel\/UCwfiuJujkF2QxPPZAqB0T2w","https:\/\/facebook.com\/carnitec1","https:\/\/twitter.com\/carnitec_"],"logo":{"@type":"ImageObject","inLanguage":"lv-LV","@id":"https:\/\/carnitec.com\/lv\/#\/schema\/logo\/image\/","url":"http:\/\/carnitec.com\/wp-content\/uploads\/2018\/01\/carnitec_logo_2018.png","contentUrl":"http:\/\/carnitec.com\/wp-content\/uploads\/2018\/01\/carnitec_logo_2018.png","width":180,"height":50,"caption":"Carnitec - food processing equipment"},"image":{"@id":"https:\/\/carnitec.com\/lv\/#\/schema\/logo\/image\/"}}]}},"_links":{"self":[{"href":"https:\/\/carnitec.com\/lv\/wp-json\/wp\/v2\/product\/8625"}],"collection":[{"href":"https:\/\/carnitec.com\/lv\/wp-json\/wp\/v2\/product"}],"about":[{"href":"https:\/\/carnitec.com\/lv\/wp-json\/wp\/v2\/types\/product"}],"wp:featuredmedia":[{"embeddable":true,"href":"https:\/\/carnitec.com\/lv\/wp-json\/wp\/v2\/media\/8624"}],"wp:attachment":[{"href":"https:\/\/carnitec.com\/lv\/wp-json\/wp\/v2\/media?parent=8625"}],"wp:term":[{"taxonomy":"product_cat","embeddable":true,"href":"https:\/\/carnitec.com\/lv\/wp-json\/wp\/v2\/product_cat?post=8625"},{"taxonomy":"product_tag","embeddable":true,"href":"https:\/\/carnitec.com\/lv\/wp-json\/wp\/v2\/product_tag?post=8625"}],"curies":[{"name":"wp","href":"https:\/\/api.w.org\/{rel}","templated":true}]}}