{"id":8474,"date":"2016-03-21T15:15:15","date_gmt":"2016-04-05T11:14:31","guid":{"rendered":"http:\/\/carnitec.com\/lv\/?post_type=product&#038;p=8474"},"modified":"2016-04-05T13:14:31","modified_gmt":"2016-04-05T11:14:31","slug":"automatiska-uzpildisanas-iekarta-dpa-6500","status":"publish","type":"product","link":"https:\/\/carnitec.com\/lv\/products\/automatiska-uzpildisanas-iekarta-dpa-6500\/","title":{"rendered":"Autom\u0101tisk\u0101 uzpild\u012b\u0161anas iek\u0101rta DPA-6500"},"content":{"rendered":"<p>Autom\u0101tisk\u0101 uzpild\u012b\u0161anas iek\u0101rta \u2013 \u0161\u0137idro produktu dozators DPA-6500, apr\u012bkota ar 6 telpiskam virzu\u013ciem ar regul\u0113jamo uzpild\u012b\u0161anas apjomu no 50 cm\u00b3 l\u012bdz 550 cm\u00b3.<\/p>\n<p><!--more--><\/p>\n<p>Lentes konveijers ar dubultam slied\u0113m dod priek\u0161roc\u012bbu iepakojuma uzpild\u012b\u0161anai ar vienu sliedi, un taj\u0101 pa\u0161a laik\u0101, sagatavo jauno grupu otr\u0101 slied\u0113.<br \/>\nPateicoties \u0161\u0101dam meh\u0101nismam ma\u0161\u012bna DPA-6500 ir unik\u0101la line\u0101ra uzpild\u012b\u0161anas iek\u0101rta ar ra\u017eotsp\u0113ju l\u012bdz 9000 iepakojumiem stund\u0101.<\/p>\n<p>Daudzvirzu\u013cu uzpild\u012b\u0161anas ier\u012bce ar 6 telpiskam virzu\u013ciem<br \/>\n4 m konveijera lente ar platumu no 200 mm l\u012bdz 500 mm.<br \/>\nLentes konveijers uz 40% ir ar tuk\u0161u vidu \u0113rtai tr\u012b\u0161anai.<br \/>\nPiltuve produkta iekrau\u0161anai<br \/>\nPiltuve \u016bdens notekai tr\u012b\u0161anas laik\u0101<br \/>\nRegul\u0113jams p\u0113c augstuma atbalsts pret-pil\u0113\u0161anas ier\u012bc\u0113m<br \/>\nRegul\u0113jamas p\u0113c augstuma pret-pil\u0113\u0161anas ier\u012bces<br \/>\nTehniskie dati<br \/>\naugstums 2200 mm<br \/>\nplatums 2500 mm<br \/>\ngarums 4000 mm<br \/>\nspriegums 380V 50 Hz<br \/>\npneimatiska piesl\u0113g\u0161ana 6 bar<br \/>\nra\u017eotsp\u0113ja l\u012bdz 6000 tilpum.<\/p>\n<p><iframe loading=\"lazy\" src=\"https:\/\/www.youtube.com\/embed\/jv6zz_j1apQ\" width=\"500\" height=\"281\" frameborder=\"0\" allowfullscreen=\"allowfullscreen\"><\/iframe><\/p>\n","protected":false},"excerpt":{"rendered":"<p>Autom\u0101tisk\u0101 uzpild\u012b\u0161anas iek\u0101rta \u2013 \u0161\u0137idro produktu dozators DPA-6500, apr\u012bkota ar 6 telpiskam virzu\u013ciem ar regul\u0113jamo uzpild\u012b\u0161anas apjomu no 50 cm\u00b3 l\u012bdz 550 cm\u00b3.<\/p>\n","protected":false},"featured_media":7733,"template":"","meta":{"content-type":"","_monsterinsights_skip_tracking":false,"_monsterinsights_sitenote_active":false,"_monsterinsights_sitenote_note":"","_monsterinsights_sitenote_category":0},"product_cat":[1349],"product_tag":[],"yoast_head":"<!-- This site is optimized with the Yoast SEO plugin v19.5.1 - https:\/\/yoast.com\/wordpress\/plugins\/seo\/ -->\n<title>Autom\u0101tisk\u0101 uzpild\u012b\u0161anas iek\u0101rta DPA-6500 - Carnitec<\/title>\n<meta name=\"robots\" content=\"index, follow, max-snippet:-1, max-image-preview:large, max-video-preview:-1\" \/>\n<link rel=\"canonical\" href=\"https:\/\/carnitec.com\/lv\/products\/automatiska-uzpildisanas-iekarta-dpa-6500\/\" \/>\n<meta property=\"og:locale\" content=\"lv_LV\" \/>\n<meta property=\"og:type\" content=\"article\" \/>\n<meta property=\"og:title\" content=\"Autom\u0101tisk\u0101 uzpild\u012b\u0161anas iek\u0101rta DPA-6500 - Carnitec\" \/>\n<meta property=\"og:description\" content=\"Autom\u0101tisk\u0101 uzpild\u012b\u0161anas iek\u0101rta \u2013 \u0161\u0137idro produktu dozators DPA-6500, apr\u012bkota ar 6 telpiskam virzu\u013ciem ar regul\u0113jamo uzpild\u012b\u0161anas apjomu no 50 cm\u00b3 l\u012bdz 550 cm\u00b3.\" \/>\n<meta property=\"og:url\" content=\"https:\/\/carnitec.com\/lv\/products\/automatiska-uzpildisanas-iekarta-dpa-6500\/\" \/>\n<meta property=\"og:site_name\" content=\"Carnitec\" \/>\n<meta property=\"article:publisher\" content=\"https:\/\/facebook.com\/carnitec1\" \/>\n<meta property=\"og:image\" content=\"https:\/\/carnitec.com\/wp-content\/uploads\/2016\/03\/dpa6500.jpg\" \/>\n\t<meta property=\"og:image:width\" content=\"900\" \/>\n\t<meta property=\"og:image:height\" content=\"605\" \/>\n\t<meta property=\"og:image:type\" content=\"image\/jpeg\" \/>\n<meta name=\"twitter:card\" content=\"summary\" \/>\n<meta name=\"twitter:site\" content=\"@carnitec_\" \/>\n<meta name=\"twitter:label1\" content=\"Est. reading time\" \/>\n\t<meta name=\"twitter:data1\" content=\"1 min\u016b\u0161u\" \/>\n<script type=\"application\/ld+json\" class=\"yoast-schema-graph\">{\"@context\":\"https:\/\/schema.org\",\"@graph\":[{\"@type\":\"WebPage\",\"@id\":\"https:\/\/carnitec.com\/lv\/products\/automatiska-uzpildisanas-iekarta-dpa-6500\/\",\"url\":\"https:\/\/carnitec.com\/lv\/products\/automatiska-uzpildisanas-iekarta-dpa-6500\/\",\"name\":\"Autom\u0101tisk\u0101 uzpild\u012b\u0161anas iek\u0101rta DPA-6500 - Carnitec\",\"isPartOf\":{\"@id\":\"https:\/\/carnitec.com\/lv\/#website\"},\"datePublished\":\"2016-04-05T11:14:31+00:00\",\"dateModified\":\"2016-04-05T11:14:31+00:00\",\"breadcrumb\":{\"@id\":\"https:\/\/carnitec.com\/lv\/products\/automatiska-uzpildisanas-iekarta-dpa-6500\/#breadcrumb\"},\"inLanguage\":\"lv-LV\",\"potentialAction\":[{\"@type\":\"ReadAction\",\"target\":[\"https:\/\/carnitec.com\/lv\/products\/automatiska-uzpildisanas-iekarta-dpa-6500\/\"]}]},{\"@type\":\"BreadcrumbList\",\"@id\":\"https:\/\/carnitec.com\/lv\/products\/automatiska-uzpildisanas-iekarta-dpa-6500\/#breadcrumb\",\"itemListElement\":[{\"@type\":\"ListItem\",\"position\":1,\"name\":\"\u0413\u043b\u0430\u0432\u043d\u0430\u044f \u0441\u0442\u0440\u0430\u043d\u0438\u0446\u0430\",\"item\":\"https:\/\/carnitec.com\/lv\/\"},{\"@type\":\"ListItem\",\"position\":2,\"name\":\"\u0422\u043e\u0432\u0430\u0440\u044b\",\"item\":\"https:\/\/carnitec.com\/shop\/\"},{\"@type\":\"ListItem\",\"position\":3,\"name\":\"Autom\u0101tisk\u0101 uzpild\u012b\u0161anas iek\u0101rta DPA-6500\"}]},{\"@type\":\"WebSite\",\"@id\":\"https:\/\/carnitec.com\/lv\/#website\",\"url\":\"https:\/\/carnitec.com\/lv\/\",\"name\":\"Carnitec\",\"description\":\"P\u0101rtikas r\u016bpniec\u012bbas iek\u0101rtas\",\"publisher\":{\"@id\":\"https:\/\/carnitec.com\/lv\/#organization\"},\"potentialAction\":[{\"@type\":\"SearchAction\",\"target\":{\"@type\":\"EntryPoint\",\"urlTemplate\":\"https:\/\/carnitec.com\/lv\/?s={search_term_string}\"},\"query-input\":\"required name=search_term_string\"}],\"inLanguage\":\"lv-LV\"},{\"@type\":\"Organization\",\"@id\":\"https:\/\/carnitec.com\/lv\/#organization\",\"name\":\"Carnitec - food processing equipment\",\"url\":\"https:\/\/carnitec.com\/lv\/\",\"sameAs\":[\"https:\/\/www.instagram.com\/carnitec\/?hl=en\",\"https:\/\/www.linkedin.com\/company\/carnitec-ltd\/\",\"https:\/\/www.youtube.com\/channel\/UCwfiuJujkF2QxPPZAqB0T2w\",\"https:\/\/facebook.com\/carnitec1\",\"https:\/\/twitter.com\/carnitec_\"],\"logo\":{\"@type\":\"ImageObject\",\"inLanguage\":\"lv-LV\",\"@id\":\"https:\/\/carnitec.com\/lv\/#\/schema\/logo\/image\/\",\"url\":\"http:\/\/carnitec.com\/wp-content\/uploads\/2018\/01\/carnitec_logo_2018.png\",\"contentUrl\":\"http:\/\/carnitec.com\/wp-content\/uploads\/2018\/01\/carnitec_logo_2018.png\",\"width\":180,\"height\":50,\"caption\":\"Carnitec - food processing equipment\"},\"image\":{\"@id\":\"https:\/\/carnitec.com\/lv\/#\/schema\/logo\/image\/\"}}]}<\/script>\n<!-- \/ Yoast SEO plugin. -->","yoast_head_json":{"title":"Autom\u0101tisk\u0101 uzpild\u012b\u0161anas iek\u0101rta DPA-6500 - Carnitec","robots":{"index":"index","follow":"follow","max-snippet":"max-snippet:-1","max-image-preview":"max-image-preview:large","max-video-preview":"max-video-preview:-1"},"canonical":"https:\/\/carnitec.com\/lv\/products\/automatiska-uzpildisanas-iekarta-dpa-6500\/","og_locale":"lv_LV","og_type":"article","og_title":"Autom\u0101tisk\u0101 uzpild\u012b\u0161anas iek\u0101rta DPA-6500 - Carnitec","og_description":"Autom\u0101tisk\u0101 uzpild\u012b\u0161anas iek\u0101rta \u2013 \u0161\u0137idro produktu dozators DPA-6500, apr\u012bkota ar 6 telpiskam virzu\u013ciem ar regul\u0113jamo uzpild\u012b\u0161anas apjomu no 50 cm\u00b3 l\u012bdz 550 cm\u00b3.","og_url":"https:\/\/carnitec.com\/lv\/products\/automatiska-uzpildisanas-iekarta-dpa-6500\/","og_site_name":"Carnitec","article_publisher":"https:\/\/facebook.com\/carnitec1","og_image":[{"width":900,"height":605,"url":"https:\/\/carnitec.com\/wp-content\/uploads\/2016\/03\/dpa6500.jpg","type":"image\/jpeg"}],"twitter_card":"summary","twitter_site":"@carnitec_","twitter_misc":{"Est. reading time":"1 min\u016b\u0161u"},"schema":{"@context":"https:\/\/schema.org","@graph":[{"@type":"WebPage","@id":"https:\/\/carnitec.com\/lv\/products\/automatiska-uzpildisanas-iekarta-dpa-6500\/","url":"https:\/\/carnitec.com\/lv\/products\/automatiska-uzpildisanas-iekarta-dpa-6500\/","name":"Autom\u0101tisk\u0101 uzpild\u012b\u0161anas iek\u0101rta DPA-6500 - Carnitec","isPartOf":{"@id":"https:\/\/carnitec.com\/lv\/#website"},"datePublished":"2016-04-05T11:14:31+00:00","dateModified":"2016-04-05T11:14:31+00:00","breadcrumb":{"@id":"https:\/\/carnitec.com\/lv\/products\/automatiska-uzpildisanas-iekarta-dpa-6500\/#breadcrumb"},"inLanguage":"lv-LV","potentialAction":[{"@type":"ReadAction","target":["https:\/\/carnitec.com\/lv\/products\/automatiska-uzpildisanas-iekarta-dpa-6500\/"]}]},{"@type":"BreadcrumbList","@id":"https:\/\/carnitec.com\/lv\/products\/automatiska-uzpildisanas-iekarta-dpa-6500\/#breadcrumb","itemListElement":[{"@type":"ListItem","position":1,"name":"\u0413\u043b\u0430\u0432\u043d\u0430\u044f \u0441\u0442\u0440\u0430\u043d\u0438\u0446\u0430","item":"https:\/\/carnitec.com\/lv\/"},{"@type":"ListItem","position":2,"name":"\u0422\u043e\u0432\u0430\u0440\u044b","item":"https:\/\/carnitec.com\/shop\/"},{"@type":"ListItem","position":3,"name":"Autom\u0101tisk\u0101 uzpild\u012b\u0161anas iek\u0101rta DPA-6500"}]},{"@type":"WebSite","@id":"https:\/\/carnitec.com\/lv\/#website","url":"https:\/\/carnitec.com\/lv\/","name":"Carnitec","description":"P\u0101rtikas r\u016bpniec\u012bbas iek\u0101rtas","publisher":{"@id":"https:\/\/carnitec.com\/lv\/#organization"},"potentialAction":[{"@type":"SearchAction","target":{"@type":"EntryPoint","urlTemplate":"https:\/\/carnitec.com\/lv\/?s={search_term_string}"},"query-input":"required name=search_term_string"}],"inLanguage":"lv-LV"},{"@type":"Organization","@id":"https:\/\/carnitec.com\/lv\/#organization","name":"Carnitec - food processing equipment","url":"https:\/\/carnitec.com\/lv\/","sameAs":["https:\/\/www.instagram.com\/carnitec\/?hl=en","https:\/\/www.linkedin.com\/company\/carnitec-ltd\/","https:\/\/www.youtube.com\/channel\/UCwfiuJujkF2QxPPZAqB0T2w","https:\/\/facebook.com\/carnitec1","https:\/\/twitter.com\/carnitec_"],"logo":{"@type":"ImageObject","inLanguage":"lv-LV","@id":"https:\/\/carnitec.com\/lv\/#\/schema\/logo\/image\/","url":"http:\/\/carnitec.com\/wp-content\/uploads\/2018\/01\/carnitec_logo_2018.png","contentUrl":"http:\/\/carnitec.com\/wp-content\/uploads\/2018\/01\/carnitec_logo_2018.png","width":180,"height":50,"caption":"Carnitec - food processing equipment"},"image":{"@id":"https:\/\/carnitec.com\/lv\/#\/schema\/logo\/image\/"}}]}},"_links":{"self":[{"href":"https:\/\/carnitec.com\/lv\/wp-json\/wp\/v2\/product\/8474"}],"collection":[{"href":"https:\/\/carnitec.com\/lv\/wp-json\/wp\/v2\/product"}],"about":[{"href":"https:\/\/carnitec.com\/lv\/wp-json\/wp\/v2\/types\/product"}],"wp:featuredmedia":[{"embeddable":true,"href":"https:\/\/carnitec.com\/lv\/wp-json\/wp\/v2\/media\/7733"}],"wp:attachment":[{"href":"https:\/\/carnitec.com\/lv\/wp-json\/wp\/v2\/media?parent=8474"}],"wp:term":[{"taxonomy":"product_cat","embeddable":true,"href":"https:\/\/carnitec.com\/lv\/wp-json\/wp\/v2\/product_cat?post=8474"},{"taxonomy":"product_tag","embeddable":true,"href":"https:\/\/carnitec.com\/lv\/wp-json\/wp\/v2\/product_tag?post=8474"}],"curies":[{"name":"wp","href":"https:\/\/api.w.org\/{rel}","templated":true}]}}