{"id":8186,"date":"2016-03-25T21:32:36","date_gmt":"2016-03-25T19:32:36","guid":{"rendered":"http:\/\/carnitec.com\/lv\/?post_type=product&#038;p=8186"},"modified":"2016-03-25T21:38:48","modified_gmt":"2016-03-25T19:38:48","slug":"roku-aparati-traucinu-aizkausesanai","status":"publish","type":"product","link":"https:\/\/carnitec.com\/lv\/products\/roku-aparati-traucinu-aizkausesanai\/","title":{"rendered":"Roku apar\u0101ti trauci\u0146u aizkaus\u0113\u0161anai"},"content":{"rendered":"<p>Kompaktas ner\u016bs\u0113jo\u0161a t\u0113rauda iek\u0101rtas \u0101trai un \u0113rtai iepako\u0161anai. Ide\u0101ls risin\u0101jums j\u016bsu produktu prezent\u0101cijai veikala plaukt\u0101 vai gatavo \u0113dienu pasnieg\u0161anai.<\/p>\n<h2><a href=\"http:\/\/carnitec.com\/wp-content\/uploads\/2016\/03\/va_1.jpg\" rel=\"attachment wp-att-8187\" data-rel=\"lightbox-image-0\" data-rl_title=\"\" data-rl_caption=\"\" title=\"\"><img class=\"alignright size-thumbnail wp-image-8187\" src=\"http:\/\/carnitec.com\/wp-content\/uploads\/2016\/03\/va_1-150x150.jpg\" alt=\"va_1\" width=\"150\" height=\"150\" \/><\/a><a href=\"http:\/\/carnitec.com\/wp-content\/uploads\/2016\/03\/siegelflaeche_va1_01.png\" rel=\"attachment wp-att-8191\" data-rel=\"lightbox-image-1\" data-rl_title=\"\" data-rl_caption=\"\" title=\"\"><img class=\"alignright size-full wp-image-8191\" src=\"http:\/\/carnitec.com\/wp-content\/uploads\/2016\/03\/siegelflaeche_va1_01.png\" alt=\"siegelflaeche_va1_01\" width=\"72\" height=\"72\" \/><\/a>Trauci\u0146u aizkaus\u0113t\u0101js VA1<\/h2>\n<p>Tas ir kompakts apar\u0101ts no ner\u016bs\u0113jo\u0161a t\u0113rauda \u0101trai un \u0113rtai, herm\u0113tiskai p\u0101rtikas un nep\u0101rtikas produktu iepako\u0161anai plastmasas trauci\u0146os. \u013bauj fas\u0113t gatavo, sasald\u0113to vai atdzes\u0113to produkciju. Aizkaus\u0113t\u0101ja produktivit\u0101te ir l\u012bdz 400 trauci\u0146iem stund\u0101.<\/p>\n<h4>Tehniskie dati<\/h4>\n<table class=\"contenttable contenttable-0\">\n<tbody>\n<tr class=\"tr-even tr-0\">\n<td class=\"td-0\">Aizlod\u0113\u0161anas pl\u0101ksnes maksim\u0101ls laukums:<\/td>\n<td class=\"td-last td-1\">250 x 230 mm<\/td>\n<\/tr>\n<tr class=\"tr-odd tr-1\">\n<td class=\"td-0\">Trauka maksim\u0101ls dzi\u013cums: 58 mm (iesp\u0113jams individu\u0101ls izpild\u012bjums\u00ad)<\/td>\n<td class=\"td-last td-1\">58 mm<\/td>\n<\/tr>\n<tr class=\"tr-even tr-2\">\n<td class=\"td-0\">\u0100r\u0113ji izm\u0113ri:<\/td>\n<td class=\"td-last td-1\">500 x 340 mm<\/td>\n<\/tr>\n<tr class=\"tr-odd tr-3\">\n<td class=\"td-0\">Svars:<\/td>\n<td class=\"td-last td-1\">14 kg<\/td>\n<\/tr>\n<tr class=\"tr-even tr-last\">\n<td class=\"td-0\">Piesl\u0113gums<\/td>\n<td class=\"td-last td-1\">230 V, 50 Hz, 850 W<\/td>\n<\/tr>\n<\/tbody>\n<\/table>\n<hr \/>\n<h2><a href=\"http:\/\/carnitec.com\/wp-content\/uploads\/2016\/03\/siegelflaeche_va1_01-1.png\" rel=\"attachment wp-att-8194\" data-rel=\"lightbox-image-2\" data-rl_title=\"\" data-rl_caption=\"\" title=\"\"><img class=\"alignright size-full wp-image-8194\" src=\"http:\/\/carnitec.com\/wp-content\/uploads\/2016\/03\/siegelflaeche_va1_01-1.png\" alt=\"siegelflaeche_va1_01 (1)\" width=\"72\" height=\"72\" \/><\/a> <a href=\"http:\/\/carnitec.com\/wp-content\/uploads\/2016\/03\/va_3-150x150.jpg\" rel=\"attachment wp-att-8197\" data-rel=\"lightbox-image-3\" data-rl_title=\"\" data-rl_caption=\"\" title=\"\"><img class=\"alignright size-thumbnail wp-image-8197\" src=\"http:\/\/carnitec.com\/wp-content\/uploads\/2016\/03\/va_3-150x150.jpg\" alt=\"va_3-150x150\" width=\"150\" height=\"150\" srcset=\"https:\/\/carnitec.com\/wp-content\/uploads\/2016\/03\/va_3-150x150.jpg 150w, https:\/\/carnitec.com\/wp-content\/uploads\/2016\/03\/va_3-150x150-100x100.jpg 100w\" sizes=\"(max-width: 150px) 100vw, 150px\" \/><\/a>Manu\u0101ls trauci\u0146u aizkaus\u0113t\u0101js VA 1\/2<\/h2>\n<p>Dro\u0161\u0101 aizl\u012bm\u0113\u0161anas iek\u0101rta ir piln\u012bb\u0101 izgatavota no ner\u016bs\u0113jo\u0161a t\u0113rauda. Ide\u0101li piem\u0113rota lielu trauci\u0146u aizl\u012bm\u0113\u0161anai form\u0101t\u0101 l\u012bdz 1\/2GN. Ergonomisk\u0101 konstrukcija prec\u012bzi atbilst m\u016bsu klientu v\u0113lm\u0113m. Iek\u0101rta ir viegli mazg\u0101jama un to var uzst\u0101d\u012bt pat neliel\u0101 telp\u0101. Alum\u012bnija formas ir izvietotas t\u0101m paredz\u0113taj\u0101s uz\u0146em\u0161anas sekcij\u0101s. Aizkaus\u0113\u0161anas meh\u0101nisms ir piem\u0113rots k\u0101 krei\u013ciem, t\u0101 ar\u012b labro\u010diem. \u0112rta formu nomai\u0146a ar iekrau\u0161anu l\u012bdz 4 kg.<\/p>\n<p><strong>Tehniskie dati<\/strong><\/p>\n<table class=\"contenttable contenttable-0\" width=\"453\">\n<tbody>\n<tr class=\"tr-even tr-0\">\n<td class=\"td-0\">Aizlod\u0113\u0161anas pl\u0101ksnes maksim\u0101ls laukums:<\/td>\n<td class=\"td-last td-1\">250 x 230 mm<\/td>\n<\/tr>\n<tr class=\"tr-odd tr-1\">\n<td class=\"td-0\">Trauka maksim\u0101ls dzi\u013cums:<\/td>\n<td class=\"td-last td-1\">58 mm<\/td>\n<\/tr>\n<tr class=\"tr-even tr-2\">\n<td class=\"td-0\">\u0100r\u0113ji izm\u0113ri:<\/td>\n<td class=\"td-last td-1\">500 x 340 mm<\/td>\n<\/tr>\n<tr class=\"tr-odd tr-3\">\n<td class=\"td-0\">Svars:<\/td>\n<td class=\"td-last td-1\">14 kg<\/td>\n<\/tr>\n<tr class=\"tr-even tr-4\">\n<td class=\"td-0\">Piesl\u0113gums:<\/td>\n<td class=\"td-last td-1\">230 V, 50 Hz, 850 W<\/td>\n<\/tr>\n<tr class=\"tr-odd tr-last\">\n<td class=\"td-0\">Temperat\u016bra:<\/td>\n<td class=\"td-last td-1\">bezgal\u012bgi main\u012bga<\/td>\n<\/tr>\n<\/tbody>\n<\/table>\n<hr \/>\n<h2><a href=\"http:\/\/carnitec.com\/wp-content\/uploads\/2016\/03\/siegelflaeche-va-3_01.png\" rel=\"attachment wp-att-8200\" data-rel=\"lightbox-image-4\" data-rl_title=\"\" data-rl_caption=\"\" title=\"\"><img class=\"alignright size-full wp-image-8200\" src=\"http:\/\/carnitec.com\/wp-content\/uploads\/2016\/03\/siegelflaeche-va-3_01.png\" alt=\"siegelflaeche-va-3_01\" width=\"72\" height=\"72\" \/><\/a> <a href=\"http:\/\/carnitec.com\/wp-content\/uploads\/2016\/03\/va_31-150x150.jpg\" rel=\"attachment wp-att-8203\" data-rel=\"lightbox-image-5\" data-rl_title=\"\" data-rl_caption=\"\" title=\"\"><img class=\"alignright size-thumbnail wp-image-8203\" src=\"http:\/\/carnitec.com\/wp-content\/uploads\/2016\/03\/va_31-150x150.jpg\" alt=\"va_31-150x150\" width=\"150\" height=\"150\" srcset=\"https:\/\/carnitec.com\/wp-content\/uploads\/2016\/03\/va_31-150x150.jpg 150w, https:\/\/carnitec.com\/wp-content\/uploads\/2016\/03\/va_31-150x150-100x100.jpg 100w\" sizes=\"(max-width: 150px) 100vw, 150px\" \/><\/a>Manu\u0101ls trauci\u0146u aizkaus\u0113t\u0101js VA 3<\/h2>\n<p>Dro\u0161\u0101 aizl\u012bm\u0113\u0161anas iek\u0101rta ir piln\u012bb\u0101 izgatavota no ner\u016bs\u0113jo\u0161a t\u0113rauda. Ide\u0101li piem\u0113rota lielu trauci\u0146u aizl\u012bm\u0113\u0161anai form\u0101t\u0101 l\u012bdz 1\/2GN. Ergonomisk\u0101 konstrukcija prec\u012bzi atbilst m\u016bsu klientu v\u0113lm\u0113m. Iek\u0101rta ir \u013coti viegli mazg\u0101jama un to var uzst\u0101d\u012bt pat neliel\u0101 telp\u0101. Alum\u012bnija formas ir izvietotas t\u0101m paredz\u0113taj\u0101s uz\u0146em\u0161anas sekcij\u0101s. Aizkaus\u0113\u0161anas meh\u0101nisms ir piem\u0113rots k\u0101 krei\u013ciem, t\u0101 ar\u012b labro\u010diem. \u0112rta formu nomai\u0146a ar iekrau\u0161anu l\u012bdz 4 kg.<br \/>\nPiem\u0113rota BS-ISO un CPET, HDPE, k\u0101 ar\u012b PP trauci\u0146iem.<\/p>\n<h4>Tehniskie dati<\/h4>\n<table class=\"contenttable contenttable-0\" width=\"469\">\n<tbody>\n<tr class=\"tr-even tr-0\">\n<td class=\"td-0\">Aizlod\u0113\u0161anas pl\u0101ksnes maksim\u0101ls laukums:<\/td>\n<td class=\"td-last td-1\">265 x 335 mm<\/td>\n<\/tr>\n<tr class=\"tr-odd tr-1\">\n<td class=\"td-0\">Trauka maksim\u0101ls dzi\u013cums:<\/td>\n<td class=\"td-last td-1\">150 mm<\/td>\n<\/tr>\n<tr class=\"tr-even tr-2\">\n<td class=\"td-0\">\u0100r\u0113ji izm\u0113ri:<\/td>\n<td class=\"td-last td-1\">800 x 370 mm<\/td>\n<\/tr>\n<tr class=\"tr-odd tr-3\">\n<td class=\"td-0\">Vieta gr\u012bd\u0101:<\/td>\n<td class=\"td-last td-1\">630 x 320 mm<\/td>\n<\/tr>\n<tr class=\"tr-even tr-4\">\n<td class=\"td-0\">Svars:<\/td>\n<td class=\"td-last td-1\">24 kg<\/td>\n<\/tr>\n<tr class=\"tr-odd tr-5\">\n<td class=\"td-0\">Piesl\u0113gums:<\/td>\n<td class=\"td-last td-1\">230 V, 50 Hz, 1000 W<\/td>\n<\/tr>\n<tr class=\"tr-even tr-last\">\n<td class=\"td-0\">Temperat\u016bra:<\/td>\n<td class=\"td-last td-1\">bezgal\u012bgi main\u012bga<\/td>\n<\/tr>\n<\/tbody>\n<\/table>\n<p>&nbsp;<\/p>\n<p><iframe loading=\"lazy\" src=\"https:\/\/www.youtube.com\/embed\/sPmNrOIFqAU\" width=\"1170\" height=\"655\" frameborder=\"0\" allowfullscreen=\"allowfullscreen\"><\/iframe><\/p>\n","protected":false},"excerpt":{"rendered":"<p>Kompaktas ner\u016bs\u0113jo\u0161a t\u0113rauda iek\u0101rtas \u0101trai un \u0113rtai iepako\u0161anai. Ide\u0101ls risin\u0101jums j\u016bsu produktu prezent\u0101cijai veikala plaukt\u0101 vai gatavo \u0113dienu pasnieg\u0161anai.<\/p>\n","protected":false},"featured_media":8187,"template":"","meta":{"content-type":"","_monsterinsights_skip_tracking":false,"_monsterinsights_sitenote_active":false,"_monsterinsights_sitenote_note":"","_monsterinsights_sitenote_category":0},"product_cat":[971],"product_tag":[1393],"yoast_head":"<!-- This site is optimized with the Yoast SEO plugin v19.5.1 - https:\/\/yoast.com\/wordpress\/plugins\/seo\/ -->\n<title>Roku apar\u0101ti trauci\u0146u aizkaus\u0113\u0161anai - Carnitec<\/title>\n<meta name=\"robots\" content=\"index, follow, max-snippet:-1, max-image-preview:large, max-video-preview:-1\" \/>\n<link rel=\"canonical\" href=\"https:\/\/carnitec.com\/lv\/products\/roku-aparati-traucinu-aizkausesanai\/\" \/>\n<meta property=\"og:locale\" content=\"lv_LV\" \/>\n<meta property=\"og:type\" content=\"article\" \/>\n<meta property=\"og:title\" content=\"Roku apar\u0101ti trauci\u0146u aizkaus\u0113\u0161anai - Carnitec\" \/>\n<meta property=\"og:description\" content=\"Kompaktas ner\u016bs\u0113jo\u0161a t\u0113rauda iek\u0101rtas \u0101trai un \u0113rtai iepako\u0161anai. Ide\u0101ls risin\u0101jums j\u016bsu produktu prezent\u0101cijai veikala plaukt\u0101 vai gatavo \u0113dienu pasnieg\u0161anai.\" \/>\n<meta property=\"og:url\" content=\"https:\/\/carnitec.com\/lv\/products\/roku-aparati-traucinu-aizkausesanai\/\" \/>\n<meta property=\"og:site_name\" content=\"Carnitec\" \/>\n<meta property=\"article:publisher\" content=\"https:\/\/facebook.com\/carnitec1\" \/>\n<meta property=\"article:modified_time\" content=\"2016-03-25T19:38:48+00:00\" \/>\n<meta property=\"og:image\" content=\"https:\/\/carnitec.com\/wp-content\/uploads\/2016\/03\/va_1.jpg\" \/>\n\t<meta property=\"og:image:width\" content=\"240\" \/>\n\t<meta property=\"og:image:height\" content=\"247\" \/>\n\t<meta property=\"og:image:type\" content=\"image\/jpeg\" \/>\n<meta name=\"twitter:card\" content=\"summary\" \/>\n<meta name=\"twitter:site\" content=\"@carnitec_\" \/>\n<meta name=\"twitter:label1\" content=\"Est. reading time\" \/>\n\t<meta name=\"twitter:data1\" content=\"2 min\u016btes\" \/>\n<script type=\"application\/ld+json\" class=\"yoast-schema-graph\">{\"@context\":\"https:\/\/schema.org\",\"@graph\":[{\"@type\":\"WebPage\",\"@id\":\"https:\/\/carnitec.com\/lv\/products\/roku-aparati-traucinu-aizkausesanai\/\",\"url\":\"https:\/\/carnitec.com\/lv\/products\/roku-aparati-traucinu-aizkausesanai\/\",\"name\":\"Roku apar\u0101ti trauci\u0146u aizkaus\u0113\u0161anai - Carnitec\",\"isPartOf\":{\"@id\":\"https:\/\/carnitec.com\/lv\/#website\"},\"datePublished\":\"2016-03-25T19:32:36+00:00\",\"dateModified\":\"2016-03-25T19:38:48+00:00\",\"breadcrumb\":{\"@id\":\"https:\/\/carnitec.com\/lv\/products\/roku-aparati-traucinu-aizkausesanai\/#breadcrumb\"},\"inLanguage\":\"lv-LV\",\"potentialAction\":[{\"@type\":\"ReadAction\",\"target\":[\"https:\/\/carnitec.com\/lv\/products\/roku-aparati-traucinu-aizkausesanai\/\"]}]},{\"@type\":\"BreadcrumbList\",\"@id\":\"https:\/\/carnitec.com\/lv\/products\/roku-aparati-traucinu-aizkausesanai\/#breadcrumb\",\"itemListElement\":[{\"@type\":\"ListItem\",\"position\":1,\"name\":\"\u0413\u043b\u0430\u0432\u043d\u0430\u044f \u0441\u0442\u0440\u0430\u043d\u0438\u0446\u0430\",\"item\":\"https:\/\/carnitec.com\/lv\/\"},{\"@type\":\"ListItem\",\"position\":2,\"name\":\"\u0422\u043e\u0432\u0430\u0440\u044b\",\"item\":\"https:\/\/carnitec.com\/shop\/\"},{\"@type\":\"ListItem\",\"position\":3,\"name\":\"Roku apar\u0101ti trauci\u0146u aizkaus\u0113\u0161anai\"}]},{\"@type\":\"WebSite\",\"@id\":\"https:\/\/carnitec.com\/lv\/#website\",\"url\":\"https:\/\/carnitec.com\/lv\/\",\"name\":\"Carnitec\",\"description\":\"P\u0101rtikas r\u016bpniec\u012bbas iek\u0101rtas\",\"publisher\":{\"@id\":\"https:\/\/carnitec.com\/lv\/#organization\"},\"potentialAction\":[{\"@type\":\"SearchAction\",\"target\":{\"@type\":\"EntryPoint\",\"urlTemplate\":\"https:\/\/carnitec.com\/lv\/?s={search_term_string}\"},\"query-input\":\"required name=search_term_string\"}],\"inLanguage\":\"lv-LV\"},{\"@type\":\"Organization\",\"@id\":\"https:\/\/carnitec.com\/lv\/#organization\",\"name\":\"Carnitec - food processing equipment\",\"url\":\"https:\/\/carnitec.com\/lv\/\",\"sameAs\":[\"https:\/\/www.instagram.com\/carnitec\/?hl=en\",\"https:\/\/www.linkedin.com\/company\/carnitec-ltd\/\",\"https:\/\/www.youtube.com\/channel\/UCwfiuJujkF2QxPPZAqB0T2w\",\"https:\/\/facebook.com\/carnitec1\",\"https:\/\/twitter.com\/carnitec_\"],\"logo\":{\"@type\":\"ImageObject\",\"inLanguage\":\"lv-LV\",\"@id\":\"https:\/\/carnitec.com\/lv\/#\/schema\/logo\/image\/\",\"url\":\"http:\/\/carnitec.com\/wp-content\/uploads\/2018\/01\/carnitec_logo_2018.png\",\"contentUrl\":\"http:\/\/carnitec.com\/wp-content\/uploads\/2018\/01\/carnitec_logo_2018.png\",\"width\":180,\"height\":50,\"caption\":\"Carnitec - food processing equipment\"},\"image\":{\"@id\":\"https:\/\/carnitec.com\/lv\/#\/schema\/logo\/image\/\"}}]}<\/script>\n<!-- \/ Yoast SEO plugin. -->","yoast_head_json":{"title":"Roku apar\u0101ti trauci\u0146u aizkaus\u0113\u0161anai - Carnitec","robots":{"index":"index","follow":"follow","max-snippet":"max-snippet:-1","max-image-preview":"max-image-preview:large","max-video-preview":"max-video-preview:-1"},"canonical":"https:\/\/carnitec.com\/lv\/products\/roku-aparati-traucinu-aizkausesanai\/","og_locale":"lv_LV","og_type":"article","og_title":"Roku apar\u0101ti trauci\u0146u aizkaus\u0113\u0161anai - Carnitec","og_description":"Kompaktas ner\u016bs\u0113jo\u0161a t\u0113rauda iek\u0101rtas \u0101trai un \u0113rtai iepako\u0161anai. Ide\u0101ls risin\u0101jums j\u016bsu produktu prezent\u0101cijai veikala plaukt\u0101 vai gatavo \u0113dienu pasnieg\u0161anai.","og_url":"https:\/\/carnitec.com\/lv\/products\/roku-aparati-traucinu-aizkausesanai\/","og_site_name":"Carnitec","article_publisher":"https:\/\/facebook.com\/carnitec1","article_modified_time":"2016-03-25T19:38:48+00:00","og_image":[{"width":240,"height":247,"url":"https:\/\/carnitec.com\/wp-content\/uploads\/2016\/03\/va_1.jpg","type":"image\/jpeg"}],"twitter_card":"summary","twitter_site":"@carnitec_","twitter_misc":{"Est. reading time":"2 min\u016btes"},"schema":{"@context":"https:\/\/schema.org","@graph":[{"@type":"WebPage","@id":"https:\/\/carnitec.com\/lv\/products\/roku-aparati-traucinu-aizkausesanai\/","url":"https:\/\/carnitec.com\/lv\/products\/roku-aparati-traucinu-aizkausesanai\/","name":"Roku apar\u0101ti trauci\u0146u aizkaus\u0113\u0161anai - Carnitec","isPartOf":{"@id":"https:\/\/carnitec.com\/lv\/#website"},"datePublished":"2016-03-25T19:32:36+00:00","dateModified":"2016-03-25T19:38:48+00:00","breadcrumb":{"@id":"https:\/\/carnitec.com\/lv\/products\/roku-aparati-traucinu-aizkausesanai\/#breadcrumb"},"inLanguage":"lv-LV","potentialAction":[{"@type":"ReadAction","target":["https:\/\/carnitec.com\/lv\/products\/roku-aparati-traucinu-aizkausesanai\/"]}]},{"@type":"BreadcrumbList","@id":"https:\/\/carnitec.com\/lv\/products\/roku-aparati-traucinu-aizkausesanai\/#breadcrumb","itemListElement":[{"@type":"ListItem","position":1,"name":"\u0413\u043b\u0430\u0432\u043d\u0430\u044f \u0441\u0442\u0440\u0430\u043d\u0438\u0446\u0430","item":"https:\/\/carnitec.com\/lv\/"},{"@type":"ListItem","position":2,"name":"\u0422\u043e\u0432\u0430\u0440\u044b","item":"https:\/\/carnitec.com\/shop\/"},{"@type":"ListItem","position":3,"name":"Roku apar\u0101ti trauci\u0146u aizkaus\u0113\u0161anai"}]},{"@type":"WebSite","@id":"https:\/\/carnitec.com\/lv\/#website","url":"https:\/\/carnitec.com\/lv\/","name":"Carnitec","description":"P\u0101rtikas r\u016bpniec\u012bbas iek\u0101rtas","publisher":{"@id":"https:\/\/carnitec.com\/lv\/#organization"},"potentialAction":[{"@type":"SearchAction","target":{"@type":"EntryPoint","urlTemplate":"https:\/\/carnitec.com\/lv\/?s={search_term_string}"},"query-input":"required name=search_term_string"}],"inLanguage":"lv-LV"},{"@type":"Organization","@id":"https:\/\/carnitec.com\/lv\/#organization","name":"Carnitec - food processing equipment","url":"https:\/\/carnitec.com\/lv\/","sameAs":["https:\/\/www.instagram.com\/carnitec\/?hl=en","https:\/\/www.linkedin.com\/company\/carnitec-ltd\/","https:\/\/www.youtube.com\/channel\/UCwfiuJujkF2QxPPZAqB0T2w","https:\/\/facebook.com\/carnitec1","https:\/\/twitter.com\/carnitec_"],"logo":{"@type":"ImageObject","inLanguage":"lv-LV","@id":"https:\/\/carnitec.com\/lv\/#\/schema\/logo\/image\/","url":"http:\/\/carnitec.com\/wp-content\/uploads\/2018\/01\/carnitec_logo_2018.png","contentUrl":"http:\/\/carnitec.com\/wp-content\/uploads\/2018\/01\/carnitec_logo_2018.png","width":180,"height":50,"caption":"Carnitec - food processing equipment"},"image":{"@id":"https:\/\/carnitec.com\/lv\/#\/schema\/logo\/image\/"}}]}},"_links":{"self":[{"href":"https:\/\/carnitec.com\/lv\/wp-json\/wp\/v2\/product\/8186"}],"collection":[{"href":"https:\/\/carnitec.com\/lv\/wp-json\/wp\/v2\/product"}],"about":[{"href":"https:\/\/carnitec.com\/lv\/wp-json\/wp\/v2\/types\/product"}],"wp:featuredmedia":[{"embeddable":true,"href":"https:\/\/carnitec.com\/lv\/wp-json\/wp\/v2\/media\/8187"}],"wp:attachment":[{"href":"https:\/\/carnitec.com\/lv\/wp-json\/wp\/v2\/media?parent=8186"}],"wp:term":[{"taxonomy":"product_cat","embeddable":true,"href":"https:\/\/carnitec.com\/lv\/wp-json\/wp\/v2\/product_cat?post=8186"},{"taxonomy":"product_tag","embeddable":true,"href":"https:\/\/carnitec.com\/lv\/wp-json\/wp\/v2\/product_tag?post=8186"}],"curies":[{"name":"wp","href":"https:\/\/api.w.org\/{rel}","templated":true}]}}