{"id":8107,"date":"2015-07-25T20:56:11","date_gmt":"2015-07-25T18:56:11","guid":{"rendered":"http:\/\/carnitec.com\/lv\/?post_type=product&#038;p=8107"},"modified":"2016-03-25T21:15:21","modified_gmt":"2016-03-25T19:15:21","slug":"aizkausejamie-traucini","status":"publish","type":"product","link":"https:\/\/carnitec.com\/lv\/products\/aizkausejamie-traucini\/","title":{"rendered":"Aizkaus\u0113jamie trauci\u0146i"},"content":{"rendered":"<div id='gallery-1' class='gallery galleryid-8107 gallery-columns-3 gallery-size-thumbnail'><figure class='gallery-item'>\n\t\t\t<div class='gallery-icon landscape'>\n\t\t\t\t<a href='https:\/\/carnitec.com\/wp-content\/uploads\/2015\/07\/38_805.jpg' title=\"\" data-rl_title=\"\" class=\"rl-gallery-link\" data-rl_caption=\"\" data-rel=\"lightbox-gallery-1\"><img width=\"150\" height=\"93\" src=\"https:\/\/carnitec.com\/wp-content\/uploads\/2015\/07\/38_805.jpg\" class=\"attachment-thumbnail size-thumbnail\" alt=\"Ga\u013cas trauci\u0146\u0161 NMG38\/805\" aria-describedby=\"gallery-1-8162\" \/><\/a>\n\t\t\t<\/div>\n\t\t\t\t<figcaption class='wp-caption-text gallery-caption' id='gallery-1-8162'>\n\t\t\t\tGa\u013cas trauci\u0146\u0161 NMG38\/805\n\nIzm\u0113ri:     165x178x38mm\nKr\u0101sa:     caursp\u012bd\u012bgs (melns, balts)\nApjoms:     \u2013\nMateri\u0101ls:     PP (polipropil\u0113ns)\nKastes palet\u0113:     3\nTrauci\u0146i kast\u0113:     1260\n\t\t\t\t<\/figcaption><\/figure><figure class='gallery-item'>\n\t\t\t<div class='gallery-icon landscape'>\n\t\t\t\t<a href='https:\/\/carnitec.com\/wp-content\/uploads\/2015\/07\/45_1005.jpg' title=\"\" data-rl_title=\"\" class=\"rl-gallery-link\" data-rl_caption=\"\" data-rel=\"lightbox-gallery-1\"><img width=\"150\" height=\"93\" src=\"https:\/\/carnitec.com\/wp-content\/uploads\/2015\/07\/45_1005.jpg\" class=\"attachment-thumbnail size-thumbnail\" alt=\"\" aria-describedby=\"gallery-1-8159\" \/><\/a>\n\t\t\t<\/div>\n\t\t\t\t<figcaption class='wp-caption-text gallery-caption' id='gallery-1-8159'>\n\t\t\t\tGa\u013cas trauci\u0146\u0161 NMG45\/1005\n\nIzm\u0113ri:     165x178x45mm\nKr\u0101sa:     caursp\u012bd\u012bgs (melns, balts)\nApjoms:     \u2013\nMateri\u0101ls:     PP (polipropil\u0113ns)\nKastes palet\u0113:     3\nTrauci\u0146i kast\u0113:     1260\n\t\t\t\t<\/figcaption><\/figure><figure class='gallery-item'>\n\t\t\t<div class='gallery-icon landscape'>\n\t\t\t\t<a href='https:\/\/carnitec.com\/wp-content\/uploads\/2015\/07\/54_1105.jpg' title=\"\" data-rl_title=\"\" class=\"rl-gallery-link\" data-rl_caption=\"\" data-rel=\"lightbox-gallery-1\"><img width=\"150\" height=\"102\" src=\"https:\/\/carnitec.com\/wp-content\/uploads\/2015\/07\/54_1105.jpg\" class=\"attachment-thumbnail size-thumbnail\" alt=\"54_1105\" aria-describedby=\"gallery-1-8156\" \/><\/a>\n\t\t\t<\/div>\n\t\t\t\t<figcaption class='wp-caption-text gallery-caption' id='gallery-1-8156'>\n\t\t\t\tGa\u013cas trauci\u0146\u0161 NMG54\/1105\nIzm\u0113ri:     165x178x54mm\nKr\u0101sa:     caursp\u012bd\u012bgs (melns, balts)\nApjoms:     \u2013\nMateri\u0101ls:     PP (polipropil\u0113ns)\nKastes palet\u0113:     3\nTrauci\u0146i kast\u0113:     1080\n\t\t\t\t<\/figcaption><\/figure><figure class='gallery-item'>\n\t\t\t<div class='gallery-icon landscape'>\n\t\t\t\t<a href='https:\/\/carnitec.com\/wp-content\/uploads\/2015\/07\/455.jpg' title=\"\" data-rl_title=\"\" class=\"rl-gallery-link\" data-rl_caption=\"\" data-rel=\"lightbox-gallery-1\"><img width=\"150\" height=\"96\" src=\"https:\/\/carnitec.com\/wp-content\/uploads\/2015\/07\/455.jpg\" class=\"attachment-thumbnail size-thumbnail\" alt=\"\" aria-describedby=\"gallery-1-8150\" \/><\/a>\n\t\t\t<\/div>\n\t\t\t\t<figcaption class='wp-caption-text gallery-caption' id='gallery-1-8150'>\n\t\t\t\tGa\u013cas trauci\u0146\u0161 NMG455\nIzm\u0113ri:     196x145x45mm\nKr\u0101sa:     melns, caursp\u012bd\u012bgs\nApjoms:     900 ml\nMateri\u0101ls:     PP (polipropil\u0113ns) \/ PS (Polistirols)\nKastes palet\u0113:     16\nTrauci\u0146i kast\u0113:     600\n\t\t\t\t<\/figcaption><\/figure><figure class='gallery-item'>\n\t\t\t<div class='gallery-icon landscape'>\n\t\t\t\t<a href='https:\/\/carnitec.com\/wp-content\/uploads\/2015\/07\/NMG555.jpg' title=\"\" data-rl_title=\"\" class=\"rl-gallery-link\" data-rl_caption=\"\" data-rel=\"lightbox-gallery-1\"><img width=\"150\" height=\"100\" src=\"https:\/\/carnitec.com\/wp-content\/uploads\/2015\/07\/NMG555.jpg\" class=\"attachment-thumbnail size-thumbnail\" alt=\"\" aria-describedby=\"gallery-1-8132\" \/><\/a>\n\t\t\t<\/div>\n\t\t\t\t<figcaption class='wp-caption-text gallery-caption' id='gallery-1-8132'>\n\t\t\t\tGa\u013cas trauci\u0146\u0161 NMG555\n\nIzm\u0113ri:     196x145x55mm\nKr\u0101sa:     melns\nApjoms:     1100 ml\nMateri\u0101ls:     PP (polipropil\u0113ns) \/ PS (Polistirols)\nKastes palet\u0113:     16\nTrauci\u0146i kast\u0113:     600\n\t\t\t\t<\/figcaption><\/figure><figure class='gallery-item'>\n\t\t\t<div class='gallery-icon landscape'>\n\t\t\t\t<a href='https:\/\/carnitec.com\/wp-content\/uploads\/2015\/07\/755.jpg' title=\"\" data-rl_title=\"\" class=\"rl-gallery-link\" data-rl_caption=\"\" data-rel=\"lightbox-gallery-1\"><img width=\"150\" height=\"100\" src=\"https:\/\/carnitec.com\/wp-content\/uploads\/2015\/07\/755.jpg\" class=\"attachment-thumbnail size-thumbnail\" alt=\"\" aria-describedby=\"gallery-1-8153\" \/><\/a>\n\t\t\t<\/div>\n\t\t\t\t<figcaption class='wp-caption-text gallery-caption' id='gallery-1-8153'>\n\t\t\t\tGa\u013cas trauci\u0146\u0161 NMG755\nIzm\u0113ri:     196x145x75mm\nKr\u0101sa:     melns\nApjoms:     1500 ml\nMateri\u0101ls:     PP (polipropil\u0113ns) \/ PS (Polistirols)\nKastes palet\u0113:     16\nTrauci\u0146i kast\u0113:     540\n\t\t\t\t<\/figcaption><\/figure><figure class='gallery-item'>\n\t\t\t<div class='gallery-icon landscape'>\n\t\t\t\t<a href='https:\/\/carnitec.com\/wp-content\/uploads\/2015\/07\/900.jpg' title=\"\" data-rl_title=\"\" class=\"rl-gallery-link\" data-rl_caption=\"\" data-rel=\"lightbox-gallery-1\"><img width=\"150\" height=\"106\" src=\"https:\/\/carnitec.com\/wp-content\/uploads\/2015\/07\/900.jpg\" class=\"attachment-thumbnail size-thumbnail\" alt=\"\" aria-describedby=\"gallery-1-8147\" \/><\/a>\n\t\t\t<\/div>\n\t\t\t\t<figcaption class='wp-caption-text gallery-caption' id='gallery-1-8147'>\n\t\t\t\tGa\u013cas trauci\u0146\u0161 NMG900\nIzm\u0113ri:     210x148x40mm\nKr\u0101sa:     melna kr\u0101sa\nApjoms:     800ml\nMateri\u0101ls:     PP (polipropil\u0113ns)\nKastes palet\u0113:     24\nTrauci\u0146i kast\u0113:     300\n\t\t\t\t<\/figcaption><\/figure><figure class='gallery-item'>\n\t\t\t<div class='gallery-icon landscape'>\n\t\t\t\t<a href='https:\/\/carnitec.com\/wp-content\/uploads\/2015\/07\/2505.jpg' title=\"\" data-rl_title=\"\" class=\"rl-gallery-link\" data-rl_caption=\"\" data-rel=\"lightbox-gallery-1\"><img width=\"150\" height=\"100\" src=\"https:\/\/carnitec.com\/wp-content\/uploads\/2015\/07\/2505.jpg\" class=\"attachment-thumbnail size-thumbnail\" alt=\"\" aria-describedby=\"gallery-1-8144\" \/><\/a>\n\t\t\t<\/div>\n\t\t\t\t<figcaption class='wp-caption-text gallery-caption' id='gallery-1-8144'>\n\t\t\t\tHoReCa trauci\u0146\u0161 NMG2505\nIzm\u0113ri:     245x310x55mm\nKr\u0101sa:     melns\nApjoms:     2500 ml\nMateri\u0101ls:     PP (polipropil\u0113ns)\nKastes palet\u0113:     3\nTrauci\u0146i kast\u0113:     544\n\t\t\t\t<\/figcaption><\/figure><figure class='gallery-item'>\n\t\t\t<div class='gallery-icon landscape'>\n\t\t\t\t<a href='https:\/\/carnitec.com\/wp-content\/uploads\/2015\/07\/3005.jpg' title=\"\" data-rl_title=\"\" class=\"rl-gallery-link\" data-rl_caption=\"\" data-rel=\"lightbox-gallery-1\"><img width=\"150\" height=\"88\" src=\"https:\/\/carnitec.com\/wp-content\/uploads\/2015\/07\/3005.jpg\" class=\"attachment-thumbnail size-thumbnail\" alt=\"\" aria-describedby=\"gallery-1-8138\" \/><\/a>\n\t\t\t<\/div>\n\t\t\t\t<figcaption class='wp-caption-text gallery-caption' id='gallery-1-8138'>\n\t\t\t\tHoReCa ga\u013cas trauci\u0146\u0161 NMG3005\n\nIzm\u0113ri:     245x310x65mm\nKr\u0101sa:     melns, balts\nApjoms:     3000 ml\nMateri\u0101ls:     PP (polipropil\u0113ns)\nKastes palet\u0113:     3\nTrauci\u0146i kast\u0113:     546\n\t\t\t\t<\/figcaption><\/figure><figure class='gallery-item'>\n\t\t\t<div class='gallery-icon landscape'>\n\t\t\t\t<a href='https:\/\/carnitec.com\/wp-content\/uploads\/2015\/07\/5005.jpg' title=\"\" data-rl_title=\"\" class=\"rl-gallery-link\" data-rl_caption=\"\" data-rel=\"lightbox-gallery-1\"><img width=\"150\" height=\"100\" src=\"https:\/\/carnitec.com\/wp-content\/uploads\/2015\/07\/5005.jpg\" class=\"attachment-thumbnail size-thumbnail\" alt=\"\" aria-describedby=\"gallery-1-8141\" \/><\/a>\n\t\t\t<\/div>\n\t\t\t\t<figcaption class='wp-caption-text gallery-caption' id='gallery-1-8141'>\n\t\t\t\tHoReCa trauci\u0146\u0161 NMG5005\nIzm\u0113ri:     245x310x100mm\nKr\u0101sa:     balta\nApjoms:     5000 ml\nMateri\u0101ls:     PP (polipropil\u0113ns)\nKastes palet\u0113:     3\nTrauci\u0146i kast\u0113:     512\n\t\t\t\t<\/figcaption><\/figure><figure class='gallery-item'>\n\t\t\t<div class='gallery-icon landscape'>\n\t\t\t\t<a href='https:\/\/carnitec.com\/wp-content\/uploads\/2015\/07\/NMG1655.jpg' title=\"\" data-rl_title=\"\" class=\"rl-gallery-link\" data-rl_caption=\"\" data-rel=\"lightbox-gallery-1\"><img width=\"150\" height=\"106\" src=\"https:\/\/carnitec.com\/wp-content\/uploads\/2015\/07\/NMG1655.jpg\" class=\"attachment-thumbnail size-thumbnail\" alt=\"\" aria-describedby=\"gallery-1-8120\" \/><\/a>\n\t\t\t<\/div>\n\t\t\t\t<figcaption class='wp-caption-text gallery-caption' id='gallery-1-8120'>\n\t\t\t\tGa\u013cas trauci\u0146\u0161 NMG1655\nIzm\u0113ri:     265x165x54mm\nKr\u0101sa:     caursp\u012bd\u012bgs (melna, balta kr\u0101sa)\nApjoms:\nMateri\u0101ls:     PP (polipropil\u0113ns)\nKastes palet\u0113:     6\nTrauci\u0146i kast\u0113:     720\n\t\t\t\t<\/figcaption><\/figure>\n\t\t<\/div>\n\n","protected":false},"excerpt":{"rendered":"<p>Augstas kvalit\u0101tes aizkaus\u0113ti polipropil\u0113na (PP) trauci\u0146i.<br \/>\nAizkaus\u0113jamie trauci\u0146i PET, PET_PE p\u0101rtikas produktiem. Ga\u013cas un zivju iepako\u0161ana. Trauki siera pako\u0161anai. Trauki ir pieejami da\u017e\u0101dos tilpumos un izm\u0113ra.<\/p>\n","protected":false},"featured_media":8108,"template":"","meta":{"content-type":"","_monsterinsights_skip_tracking":false,"_monsterinsights_sitenote_active":false,"_monsterinsights_sitenote_note":"","_monsterinsights_sitenote_category":0},"product_cat":[1388],"product_tag":[1389],"yoast_head":"<!-- This site is optimized with the Yoast SEO plugin v19.5.1 - https:\/\/yoast.com\/wordpress\/plugins\/seo\/ -->\n<title>Aizkaus\u0113jamie trauci\u0146i - Carnitec<\/title>\n<meta name=\"description\" content=\"Aizkaus\u0113jamie trauci\u0146i PET, PET_PE p\u0101rtikas produktiem. Ga\u013cas un zivju iepako\u0161ana. Trauki siera pako\u0161anai. Trauki ir pieejami da\u017e\u0101dos tilpumos un izm\u0113ra.\" \/>\n<meta name=\"robots\" content=\"index, follow, max-snippet:-1, max-image-preview:large, max-video-preview:-1\" \/>\n<link rel=\"canonical\" href=\"https:\/\/carnitec.com\/lv\/products\/aizkausejamie-traucini\/\" \/>\n<meta property=\"og:locale\" content=\"lv_LV\" \/>\n<meta property=\"og:type\" content=\"article\" \/>\n<meta property=\"og:title\" content=\"Aizkaus\u0113jamie trauci\u0146i - Carnitec\" \/>\n<meta property=\"og:description\" content=\"Aizkaus\u0113jamie trauci\u0146i PET, PET_PE p\u0101rtikas produktiem. Ga\u013cas un zivju iepako\u0161ana. Trauki siera pako\u0161anai. Trauki ir pieejami da\u017e\u0101dos tilpumos un izm\u0113ra.\" \/>\n<meta property=\"og:url\" content=\"https:\/\/carnitec.com\/lv\/products\/aizkausejamie-traucini\/\" \/>\n<meta property=\"og:site_name\" content=\"Carnitec\" \/>\n<meta property=\"article:publisher\" content=\"https:\/\/facebook.com\/carnitec1\" \/>\n<meta property=\"article:modified_time\" content=\"2016-03-25T19:15:21+00:00\" \/>\n<meta property=\"og:image\" content=\"https:\/\/carnitec.com\/wp-content\/uploads\/2016\/03\/trauks.jpg\" \/>\n\t<meta property=\"og:image:width\" content=\"230\" \/>\n\t<meta property=\"og:image:height\" content=\"153\" \/>\n\t<meta property=\"og:image:type\" content=\"image\/jpeg\" \/>\n<meta name=\"twitter:card\" content=\"summary\" \/>\n<meta name=\"twitter:site\" content=\"@carnitec_\" \/>\n<script type=\"application\/ld+json\" class=\"yoast-schema-graph\">{\"@context\":\"https:\/\/schema.org\",\"@graph\":[{\"@type\":\"WebPage\",\"@id\":\"https:\/\/carnitec.com\/lv\/products\/aizkausejamie-traucini\/\",\"url\":\"https:\/\/carnitec.com\/lv\/products\/aizkausejamie-traucini\/\",\"name\":\"Aizkaus\u0113jamie trauci\u0146i - Carnitec\",\"isPartOf\":{\"@id\":\"https:\/\/carnitec.com\/lv\/#website\"},\"datePublished\":\"2015-07-25T18:56:11+00:00\",\"dateModified\":\"2016-03-25T19:15:21+00:00\",\"description\":\"Aizkaus\u0113jamie trauci\u0146i PET, PET_PE p\u0101rtikas produktiem. Ga\u013cas un zivju iepako\u0161ana. Trauki siera pako\u0161anai. Trauki ir pieejami da\u017e\u0101dos tilpumos un izm\u0113ra.\",\"breadcrumb\":{\"@id\":\"https:\/\/carnitec.com\/lv\/products\/aizkausejamie-traucini\/#breadcrumb\"},\"inLanguage\":\"lv-LV\",\"potentialAction\":[{\"@type\":\"ReadAction\",\"target\":[\"https:\/\/carnitec.com\/lv\/products\/aizkausejamie-traucini\/\"]}]},{\"@type\":\"BreadcrumbList\",\"@id\":\"https:\/\/carnitec.com\/lv\/products\/aizkausejamie-traucini\/#breadcrumb\",\"itemListElement\":[{\"@type\":\"ListItem\",\"position\":1,\"name\":\"\u0413\u043b\u0430\u0432\u043d\u0430\u044f \u0441\u0442\u0440\u0430\u043d\u0438\u0446\u0430\",\"item\":\"https:\/\/carnitec.com\/lv\/\"},{\"@type\":\"ListItem\",\"position\":2,\"name\":\"\u0422\u043e\u0432\u0430\u0440\u044b\",\"item\":\"https:\/\/carnitec.com\/shop\/\"},{\"@type\":\"ListItem\",\"position\":3,\"name\":\"Aizkaus\u0113jamie trauci\u0146i\"}]},{\"@type\":\"WebSite\",\"@id\":\"https:\/\/carnitec.com\/lv\/#website\",\"url\":\"https:\/\/carnitec.com\/lv\/\",\"name\":\"Carnitec\",\"description\":\"P\u0101rtikas r\u016bpniec\u012bbas iek\u0101rtas\",\"publisher\":{\"@id\":\"https:\/\/carnitec.com\/lv\/#organization\"},\"potentialAction\":[{\"@type\":\"SearchAction\",\"target\":{\"@type\":\"EntryPoint\",\"urlTemplate\":\"https:\/\/carnitec.com\/lv\/?s={search_term_string}\"},\"query-input\":\"required name=search_term_string\"}],\"inLanguage\":\"lv-LV\"},{\"@type\":\"Organization\",\"@id\":\"https:\/\/carnitec.com\/lv\/#organization\",\"name\":\"Carnitec - food processing equipment\",\"url\":\"https:\/\/carnitec.com\/lv\/\",\"sameAs\":[\"https:\/\/www.instagram.com\/carnitec\/?hl=en\",\"https:\/\/www.linkedin.com\/company\/carnitec-ltd\/\",\"https:\/\/www.youtube.com\/channel\/UCwfiuJujkF2QxPPZAqB0T2w\",\"https:\/\/facebook.com\/carnitec1\",\"https:\/\/twitter.com\/carnitec_\"],\"logo\":{\"@type\":\"ImageObject\",\"inLanguage\":\"lv-LV\",\"@id\":\"https:\/\/carnitec.com\/lv\/#\/schema\/logo\/image\/\",\"url\":\"http:\/\/carnitec.com\/wp-content\/uploads\/2018\/01\/carnitec_logo_2018.png\",\"contentUrl\":\"http:\/\/carnitec.com\/wp-content\/uploads\/2018\/01\/carnitec_logo_2018.png\",\"width\":180,\"height\":50,\"caption\":\"Carnitec - food processing equipment\"},\"image\":{\"@id\":\"https:\/\/carnitec.com\/lv\/#\/schema\/logo\/image\/\"}}]}<\/script>\n<!-- \/ Yoast SEO plugin. -->","yoast_head_json":{"title":"Aizkaus\u0113jamie trauci\u0146i - Carnitec","description":"Aizkaus\u0113jamie trauci\u0146i PET, PET_PE p\u0101rtikas produktiem. Ga\u013cas un zivju iepako\u0161ana. Trauki siera pako\u0161anai. Trauki ir pieejami da\u017e\u0101dos tilpumos un izm\u0113ra.","robots":{"index":"index","follow":"follow","max-snippet":"max-snippet:-1","max-image-preview":"max-image-preview:large","max-video-preview":"max-video-preview:-1"},"canonical":"https:\/\/carnitec.com\/lv\/products\/aizkausejamie-traucini\/","og_locale":"lv_LV","og_type":"article","og_title":"Aizkaus\u0113jamie trauci\u0146i - Carnitec","og_description":"Aizkaus\u0113jamie trauci\u0146i PET, PET_PE p\u0101rtikas produktiem. Ga\u013cas un zivju iepako\u0161ana. Trauki siera pako\u0161anai. Trauki ir pieejami da\u017e\u0101dos tilpumos un izm\u0113ra.","og_url":"https:\/\/carnitec.com\/lv\/products\/aizkausejamie-traucini\/","og_site_name":"Carnitec","article_publisher":"https:\/\/facebook.com\/carnitec1","article_modified_time":"2016-03-25T19:15:21+00:00","og_image":[{"width":230,"height":153,"url":"https:\/\/carnitec.com\/wp-content\/uploads\/2016\/03\/trauks.jpg","type":"image\/jpeg"}],"twitter_card":"summary","twitter_site":"@carnitec_","schema":{"@context":"https:\/\/schema.org","@graph":[{"@type":"WebPage","@id":"https:\/\/carnitec.com\/lv\/products\/aizkausejamie-traucini\/","url":"https:\/\/carnitec.com\/lv\/products\/aizkausejamie-traucini\/","name":"Aizkaus\u0113jamie trauci\u0146i - Carnitec","isPartOf":{"@id":"https:\/\/carnitec.com\/lv\/#website"},"datePublished":"2015-07-25T18:56:11+00:00","dateModified":"2016-03-25T19:15:21+00:00","description":"Aizkaus\u0113jamie trauci\u0146i PET, PET_PE p\u0101rtikas produktiem. Ga\u013cas un zivju iepako\u0161ana. Trauki siera pako\u0161anai. Trauki ir pieejami da\u017e\u0101dos tilpumos un izm\u0113ra.","breadcrumb":{"@id":"https:\/\/carnitec.com\/lv\/products\/aizkausejamie-traucini\/#breadcrumb"},"inLanguage":"lv-LV","potentialAction":[{"@type":"ReadAction","target":["https:\/\/carnitec.com\/lv\/products\/aizkausejamie-traucini\/"]}]},{"@type":"BreadcrumbList","@id":"https:\/\/carnitec.com\/lv\/products\/aizkausejamie-traucini\/#breadcrumb","itemListElement":[{"@type":"ListItem","position":1,"name":"\u0413\u043b\u0430\u0432\u043d\u0430\u044f \u0441\u0442\u0440\u0430\u043d\u0438\u0446\u0430","item":"https:\/\/carnitec.com\/lv\/"},{"@type":"ListItem","position":2,"name":"\u0422\u043e\u0432\u0430\u0440\u044b","item":"https:\/\/carnitec.com\/shop\/"},{"@type":"ListItem","position":3,"name":"Aizkaus\u0113jamie trauci\u0146i"}]},{"@type":"WebSite","@id":"https:\/\/carnitec.com\/lv\/#website","url":"https:\/\/carnitec.com\/lv\/","name":"Carnitec","description":"P\u0101rtikas r\u016bpniec\u012bbas iek\u0101rtas","publisher":{"@id":"https:\/\/carnitec.com\/lv\/#organization"},"potentialAction":[{"@type":"SearchAction","target":{"@type":"EntryPoint","urlTemplate":"https:\/\/carnitec.com\/lv\/?s={search_term_string}"},"query-input":"required name=search_term_string"}],"inLanguage":"lv-LV"},{"@type":"Organization","@id":"https:\/\/carnitec.com\/lv\/#organization","name":"Carnitec - food processing equipment","url":"https:\/\/carnitec.com\/lv\/","sameAs":["https:\/\/www.instagram.com\/carnitec\/?hl=en","https:\/\/www.linkedin.com\/company\/carnitec-ltd\/","https:\/\/www.youtube.com\/channel\/UCwfiuJujkF2QxPPZAqB0T2w","https:\/\/facebook.com\/carnitec1","https:\/\/twitter.com\/carnitec_"],"logo":{"@type":"ImageObject","inLanguage":"lv-LV","@id":"https:\/\/carnitec.com\/lv\/#\/schema\/logo\/image\/","url":"http:\/\/carnitec.com\/wp-content\/uploads\/2018\/01\/carnitec_logo_2018.png","contentUrl":"http:\/\/carnitec.com\/wp-content\/uploads\/2018\/01\/carnitec_logo_2018.png","width":180,"height":50,"caption":"Carnitec - food processing equipment"},"image":{"@id":"https:\/\/carnitec.com\/lv\/#\/schema\/logo\/image\/"}}]}},"_links":{"self":[{"href":"https:\/\/carnitec.com\/lv\/wp-json\/wp\/v2\/product\/8107"}],"collection":[{"href":"https:\/\/carnitec.com\/lv\/wp-json\/wp\/v2\/product"}],"about":[{"href":"https:\/\/carnitec.com\/lv\/wp-json\/wp\/v2\/types\/product"}],"wp:featuredmedia":[{"embeddable":true,"href":"https:\/\/carnitec.com\/lv\/wp-json\/wp\/v2\/media\/8108"}],"wp:attachment":[{"href":"https:\/\/carnitec.com\/lv\/wp-json\/wp\/v2\/media?parent=8107"}],"wp:term":[{"taxonomy":"product_cat","embeddable":true,"href":"https:\/\/carnitec.com\/lv\/wp-json\/wp\/v2\/product_cat?post=8107"},{"taxonomy":"product_tag","embeddable":true,"href":"https:\/\/carnitec.com\/lv\/wp-json\/wp\/v2\/product_tag?post=8107"}],"curies":[{"name":"wp","href":"https:\/\/api.w.org\/{rel}","templated":true}]}}