{"id":7979,"date":"2016-03-24T21:53:07","date_gmt":"2016-03-24T19:59:16","guid":{"rendered":"http:\/\/staging1.carnitec.com\/lv\/?post_type=product&#038;p=7979"},"modified":"2016-03-24T21:59:16","modified_gmt":"2016-03-24T19:59:16","slug":"lentzagi","status":"publish","type":"product","link":"https:\/\/carnitec.com\/lv\/products\/lentzagi\/","title":{"rendered":"Lentz\u0101\u0123i"},"content":{"rendered":"<h2><strong>Lentz\u0101\u0123i Medoc STL-350 \/ STL-390 \/ STL-430 \/ STL-480 <\/strong><\/h2>\n<p>Len\u0161u z\u0101\u0123is priek\u0161 ga\u013cas un zivju r\u016bpniec\u012bbai. Speci\u0101ls iztur\u012bgs priek\u0161 lieliem ga\u013cas p\u0101rstr\u0101des uz\u0146\u0113mumiem un viegli str\u0101d\u0101t.<\/p>\n<p>Dizains at\u013cauj viegli ievietot ma\u0161\u012bnu jau eso\u0161aj\u0101 l\u012bnij\u0101 \u0101trai.<br \/>\nStingra 18\/10 konstrukcija no ner\u016bs\u0113jo\u0161\u0101 t\u0113rauda.<br \/>\nSkrieme\u013ci apstr\u0101d\u0101ti ar speci\u0101lu 400 brin.<br \/>\nAutom\u0101tisks process pievilk\u0161anas kontrole.<br \/>\nAizsardz\u012bbas ier\u012bce, lentas apst\u0101din\u0101\u0161anai 4 sekun\u017eu laik\u0101<br \/>\nSl\u0113dzis ,av\u0101rijas poga STOP, IP65.<br \/>\nAizsardz\u012bbas ier\u012bce pie durvju attver\u0161anas.<br \/>\nLenta var but lab\u0101 vai kreis\u0101 pus\u0113.<br \/>\nViegla mazg\u0101\u0161ana ar \u016bdeni zem spiediena.<br \/>\nViengabala konstrukcija priek\u0161 \u0113rtas t\u012br\u012b\u0161anas platformas.<br \/>\nNo\u0146emam\u0101s da\u013cas \u0113rti mazg\u0101t neizmantojot instrumentus.<br \/>\nSkr\u0101pis priek\u0161 skrieme\u013cu t\u012br\u012b\u0161anas.<\/p>\n<h4><strong>Galdi<\/strong><\/h4>\n<p>BGR-F fiks\u0113ts galds (1).<br \/>\nBGR-M BEARING TABLE (2)<br \/>\nRoller top table system.(3)<br \/>\nThe roller top table converts to fix table easily. (4)<br \/>\nBGR-R RAMP TABLE (5)<br \/>\nRod ramp table to cut slices. Lid for fix table.<br \/>\nBGR-B BANKED TABLE (6)<br \/>\nBanked table, to ease the product exit cut.<\/p>\n","protected":false},"excerpt":{"rendered":"<p>Len\u0161u z\u0101\u0123is priek\u0161 ga\u013cas un zivju r\u016bpniec\u012bbai. Speci\u0101ls iztur\u012bgs priek\u0161 lieliem ga\u013cas p\u0101rstr\u0101des uz\u0146\u0113mumiem un viegli str\u0101d\u0101t.<\/p>\n","protected":false},"featured_media":7978,"template":"","meta":{"content-type":"","_monsterinsights_skip_tracking":false,"_monsterinsights_sitenote_active":false,"_monsterinsights_sitenote_note":"","_monsterinsights_sitenote_category":0},"product_cat":[921],"product_tag":[],"yoast_head":"<!-- This site is optimized with the Yoast SEO plugin v19.5.1 - https:\/\/yoast.com\/wordpress\/plugins\/seo\/ -->\n<title>Lentz\u0101\u0123i - Carnitec<\/title>\n<meta name=\"description\" content=\"Lentz\u0101\u0123i - Len\u0161u z\u0101\u0123is priek\u0161 ga\u013cas un zivju r\u016bpniec\u012bbai. Speci\u0101ls iztur\u012bgs priek\u0161 lieliem ga\u013cas p\u0101rstr\u0101des uz\u0146\u0113mumiem un viegli str\u0101d\u0101t.\" \/>\n<meta name=\"robots\" content=\"index, follow, max-snippet:-1, max-image-preview:large, max-video-preview:-1\" \/>\n<link rel=\"canonical\" href=\"https:\/\/carnitec.com\/lv\/products\/lentzagi\/\" \/>\n<meta property=\"og:locale\" content=\"lv_LV\" \/>\n<meta property=\"og:type\" content=\"article\" \/>\n<meta property=\"og:title\" content=\"Lentz\u0101\u0123i - Carnitec\" \/>\n<meta property=\"og:description\" content=\"Lentz\u0101\u0123i - Len\u0161u z\u0101\u0123is priek\u0161 ga\u013cas un zivju r\u016bpniec\u012bbai. Speci\u0101ls iztur\u012bgs priek\u0161 lieliem ga\u013cas p\u0101rstr\u0101des uz\u0146\u0113mumiem un viegli str\u0101d\u0101t.\" \/>\n<meta property=\"og:url\" content=\"https:\/\/carnitec.com\/lv\/products\/lentzagi\/\" \/>\n<meta property=\"og:site_name\" content=\"Carnitec\" \/>\n<meta property=\"article:publisher\" content=\"https:\/\/facebook.com\/carnitec1\" \/>\n<meta property=\"og:image\" content=\"https:\/\/carnitec.com\/wp-content\/uploads\/2016\/03\/stl_f_i_350_390_430_480.jpg\" \/>\n\t<meta property=\"og:image:width\" content=\"732\" \/>\n\t<meta property=\"og:image:height\" content=\"1280\" \/>\n\t<meta property=\"og:image:type\" content=\"image\/jpeg\" \/>\n<meta name=\"twitter:card\" content=\"summary\" \/>\n<meta name=\"twitter:site\" content=\"@carnitec_\" \/>\n<meta name=\"twitter:label1\" content=\"Est. reading time\" \/>\n\t<meta name=\"twitter:data1\" content=\"1 min\u016b\u0161u\" \/>\n<script type=\"application\/ld+json\" class=\"yoast-schema-graph\">{\"@context\":\"https:\/\/schema.org\",\"@graph\":[{\"@type\":\"WebPage\",\"@id\":\"https:\/\/carnitec.com\/lv\/products\/lentzagi\/\",\"url\":\"https:\/\/carnitec.com\/lv\/products\/lentzagi\/\",\"name\":\"Lentz\u0101\u0123i - Carnitec\",\"isPartOf\":{\"@id\":\"https:\/\/carnitec.com\/lv\/#website\"},\"datePublished\":\"2016-03-24T19:59:16+00:00\",\"dateModified\":\"2016-03-24T19:59:16+00:00\",\"description\":\"Lentz\u0101\u0123i - Len\u0161u z\u0101\u0123is priek\u0161 ga\u013cas un zivju r\u016bpniec\u012bbai. Speci\u0101ls iztur\u012bgs priek\u0161 lieliem ga\u013cas p\u0101rstr\u0101des uz\u0146\u0113mumiem un viegli str\u0101d\u0101t.\",\"breadcrumb\":{\"@id\":\"https:\/\/carnitec.com\/lv\/products\/lentzagi\/#breadcrumb\"},\"inLanguage\":\"lv-LV\",\"potentialAction\":[{\"@type\":\"ReadAction\",\"target\":[\"https:\/\/carnitec.com\/lv\/products\/lentzagi\/\"]}]},{\"@type\":\"BreadcrumbList\",\"@id\":\"https:\/\/carnitec.com\/lv\/products\/lentzagi\/#breadcrumb\",\"itemListElement\":[{\"@type\":\"ListItem\",\"position\":1,\"name\":\"\u0413\u043b\u0430\u0432\u043d\u0430\u044f \u0441\u0442\u0440\u0430\u043d\u0438\u0446\u0430\",\"item\":\"https:\/\/carnitec.com\/lv\/\"},{\"@type\":\"ListItem\",\"position\":2,\"name\":\"\u0422\u043e\u0432\u0430\u0440\u044b\",\"item\":\"https:\/\/carnitec.com\/shop\/\"},{\"@type\":\"ListItem\",\"position\":3,\"name\":\"Lentz\u0101\u0123i\"}]},{\"@type\":\"WebSite\",\"@id\":\"https:\/\/carnitec.com\/lv\/#website\",\"url\":\"https:\/\/carnitec.com\/lv\/\",\"name\":\"Carnitec\",\"description\":\"P\u0101rtikas r\u016bpniec\u012bbas iek\u0101rtas\",\"publisher\":{\"@id\":\"https:\/\/carnitec.com\/lv\/#organization\"},\"potentialAction\":[{\"@type\":\"SearchAction\",\"target\":{\"@type\":\"EntryPoint\",\"urlTemplate\":\"https:\/\/carnitec.com\/lv\/?s={search_term_string}\"},\"query-input\":\"required name=search_term_string\"}],\"inLanguage\":\"lv-LV\"},{\"@type\":\"Organization\",\"@id\":\"https:\/\/carnitec.com\/lv\/#organization\",\"name\":\"Carnitec - food processing equipment\",\"url\":\"https:\/\/carnitec.com\/lv\/\",\"sameAs\":[\"https:\/\/www.instagram.com\/carnitec\/?hl=en\",\"https:\/\/www.linkedin.com\/company\/carnitec-ltd\/\",\"https:\/\/www.youtube.com\/channel\/UCwfiuJujkF2QxPPZAqB0T2w\",\"https:\/\/facebook.com\/carnitec1\",\"https:\/\/twitter.com\/carnitec_\"],\"logo\":{\"@type\":\"ImageObject\",\"inLanguage\":\"lv-LV\",\"@id\":\"https:\/\/carnitec.com\/lv\/#\/schema\/logo\/image\/\",\"url\":\"http:\/\/carnitec.com\/wp-content\/uploads\/2018\/01\/carnitec_logo_2018.png\",\"contentUrl\":\"http:\/\/carnitec.com\/wp-content\/uploads\/2018\/01\/carnitec_logo_2018.png\",\"width\":180,\"height\":50,\"caption\":\"Carnitec - food processing equipment\"},\"image\":{\"@id\":\"https:\/\/carnitec.com\/lv\/#\/schema\/logo\/image\/\"}}]}<\/script>\n<!-- \/ Yoast SEO plugin. -->","yoast_head_json":{"title":"Lentz\u0101\u0123i - Carnitec","description":"Lentz\u0101\u0123i - Len\u0161u z\u0101\u0123is priek\u0161 ga\u013cas un zivju r\u016bpniec\u012bbai. Speci\u0101ls iztur\u012bgs priek\u0161 lieliem ga\u013cas p\u0101rstr\u0101des uz\u0146\u0113mumiem un viegli str\u0101d\u0101t.","robots":{"index":"index","follow":"follow","max-snippet":"max-snippet:-1","max-image-preview":"max-image-preview:large","max-video-preview":"max-video-preview:-1"},"canonical":"https:\/\/carnitec.com\/lv\/products\/lentzagi\/","og_locale":"lv_LV","og_type":"article","og_title":"Lentz\u0101\u0123i - Carnitec","og_description":"Lentz\u0101\u0123i - Len\u0161u z\u0101\u0123is priek\u0161 ga\u013cas un zivju r\u016bpniec\u012bbai. Speci\u0101ls iztur\u012bgs priek\u0161 lieliem ga\u013cas p\u0101rstr\u0101des uz\u0146\u0113mumiem un viegli str\u0101d\u0101t.","og_url":"https:\/\/carnitec.com\/lv\/products\/lentzagi\/","og_site_name":"Carnitec","article_publisher":"https:\/\/facebook.com\/carnitec1","og_image":[{"width":732,"height":1280,"url":"https:\/\/carnitec.com\/wp-content\/uploads\/2016\/03\/stl_f_i_350_390_430_480.jpg","type":"image\/jpeg"}],"twitter_card":"summary","twitter_site":"@carnitec_","twitter_misc":{"Est. reading time":"1 min\u016b\u0161u"},"schema":{"@context":"https:\/\/schema.org","@graph":[{"@type":"WebPage","@id":"https:\/\/carnitec.com\/lv\/products\/lentzagi\/","url":"https:\/\/carnitec.com\/lv\/products\/lentzagi\/","name":"Lentz\u0101\u0123i - Carnitec","isPartOf":{"@id":"https:\/\/carnitec.com\/lv\/#website"},"datePublished":"2016-03-24T19:59:16+00:00","dateModified":"2016-03-24T19:59:16+00:00","description":"Lentz\u0101\u0123i - Len\u0161u z\u0101\u0123is priek\u0161 ga\u013cas un zivju r\u016bpniec\u012bbai. Speci\u0101ls iztur\u012bgs priek\u0161 lieliem ga\u013cas p\u0101rstr\u0101des uz\u0146\u0113mumiem un viegli str\u0101d\u0101t.","breadcrumb":{"@id":"https:\/\/carnitec.com\/lv\/products\/lentzagi\/#breadcrumb"},"inLanguage":"lv-LV","potentialAction":[{"@type":"ReadAction","target":["https:\/\/carnitec.com\/lv\/products\/lentzagi\/"]}]},{"@type":"BreadcrumbList","@id":"https:\/\/carnitec.com\/lv\/products\/lentzagi\/#breadcrumb","itemListElement":[{"@type":"ListItem","position":1,"name":"\u0413\u043b\u0430\u0432\u043d\u0430\u044f \u0441\u0442\u0440\u0430\u043d\u0438\u0446\u0430","item":"https:\/\/carnitec.com\/lv\/"},{"@type":"ListItem","position":2,"name":"\u0422\u043e\u0432\u0430\u0440\u044b","item":"https:\/\/carnitec.com\/shop\/"},{"@type":"ListItem","position":3,"name":"Lentz\u0101\u0123i"}]},{"@type":"WebSite","@id":"https:\/\/carnitec.com\/lv\/#website","url":"https:\/\/carnitec.com\/lv\/","name":"Carnitec","description":"P\u0101rtikas r\u016bpniec\u012bbas iek\u0101rtas","publisher":{"@id":"https:\/\/carnitec.com\/lv\/#organization"},"potentialAction":[{"@type":"SearchAction","target":{"@type":"EntryPoint","urlTemplate":"https:\/\/carnitec.com\/lv\/?s={search_term_string}"},"query-input":"required name=search_term_string"}],"inLanguage":"lv-LV"},{"@type":"Organization","@id":"https:\/\/carnitec.com\/lv\/#organization","name":"Carnitec - food processing equipment","url":"https:\/\/carnitec.com\/lv\/","sameAs":["https:\/\/www.instagram.com\/carnitec\/?hl=en","https:\/\/www.linkedin.com\/company\/carnitec-ltd\/","https:\/\/www.youtube.com\/channel\/UCwfiuJujkF2QxPPZAqB0T2w","https:\/\/facebook.com\/carnitec1","https:\/\/twitter.com\/carnitec_"],"logo":{"@type":"ImageObject","inLanguage":"lv-LV","@id":"https:\/\/carnitec.com\/lv\/#\/schema\/logo\/image\/","url":"http:\/\/carnitec.com\/wp-content\/uploads\/2018\/01\/carnitec_logo_2018.png","contentUrl":"http:\/\/carnitec.com\/wp-content\/uploads\/2018\/01\/carnitec_logo_2018.png","width":180,"height":50,"caption":"Carnitec - food processing equipment"},"image":{"@id":"https:\/\/carnitec.com\/lv\/#\/schema\/logo\/image\/"}}]}},"_links":{"self":[{"href":"https:\/\/carnitec.com\/lv\/wp-json\/wp\/v2\/product\/7979"}],"collection":[{"href":"https:\/\/carnitec.com\/lv\/wp-json\/wp\/v2\/product"}],"about":[{"href":"https:\/\/carnitec.com\/lv\/wp-json\/wp\/v2\/types\/product"}],"wp:featuredmedia":[{"embeddable":true,"href":"https:\/\/carnitec.com\/lv\/wp-json\/wp\/v2\/media\/7978"}],"wp:attachment":[{"href":"https:\/\/carnitec.com\/lv\/wp-json\/wp\/v2\/media?parent=7979"}],"wp:term":[{"taxonomy":"product_cat","embeddable":true,"href":"https:\/\/carnitec.com\/lv\/wp-json\/wp\/v2\/product_cat?post=7979"},{"taxonomy":"product_tag","embeddable":true,"href":"https:\/\/carnitec.com\/lv\/wp-json\/wp\/v2\/product_tag?post=7979"}],"curies":[{"name":"wp","href":"https:\/\/api.w.org\/{rel}","templated":true}]}}