{"id":7788,"date":"2015-12-10T20:37:24","date_gmt":"2016-03-23T07:43:18","guid":{"rendered":"http:\/\/staging1.carnitec.com\/lv\/?post_type=product&#038;p=7788"},"modified":"2022-05-31T11:06:27","modified_gmt":"2022-05-31T09:06:27","slug":"masina-apvalku-nonemsanai-no-cisiniem","status":"publish","type":"product","link":"https:\/\/carnitec.com\/lv\/products\/masina-apvalku-nonemsanai-no-cisiniem\/","title":{"rendered":"Ma\u0161\u012bna apvalku no\u0146em\u0161anai no c\u012bsi\u0146iem"},"content":{"rendered":"<p>Ma\u0161\u012bna apvalku no\u0146em\u0161anai no c\u012bsi\u0146iem. Pilleris c\u012bsi\u0146iem. Visjaun\u0101k\u0101s v\u0101cu in\u017eenieru izstr\u0101des. Kompakta un uzticama ma\u0161\u012bna par \u012bpa\u0161u cenu.<\/p>\n<p>Pilleris c\u012bsi\u0146iem akur\u0101ti no\u0146em celulozes v\u0101ci\u0146u no gataviem un atdzes\u0113tiem c\u012bsi\u0146iem, neboj\u0101jot pa\u0161u c\u012bsi\u0146u.<\/p>\n<p>Ma\u0161\u012bna var b\u016bt viegli un \u0101tri p\u0101rb\u016bv\u0113jama darbam ar jebkuru c\u012bsi\u0146u garumu un diametru, s\u0101kot no 16-34 mm.<\/p>\n<p><iframe loading=\"lazy\" title=\"Fully Automatic Sausage Peeling Machine\" width=\"640\" height=\"360\" src=\"https:\/\/www.youtube.com\/embed\/w3PWP7lSujE?feature=oembed\" frameborder=\"0\" allow=\"accelerometer; autoplay; clipboard-write; encrypted-media; gyroscope; picture-in-picture\" allowfullscreen><\/iframe><\/p>\n<h2>Priek\u0161roc\u012bbas<\/h2>\n<ul>\n<li>&#8211; Materi\u0101ls izgatavots no augstas kvalit\u0101tes plastmasas un ner\u016bs\u0113jo\u0161\u0101 t\u0113rauda<br \/>\n&#8211; var str\u0101d\u0101t bez tvaika<br \/>\n&#8211; viegli izmantot<br \/>\n&#8211; nav noteiktas vietas (mobila)<br \/>\n&#8211; Individu\u0101la izstr\u0101d\u0101juma piel\u0101go\u0161ana no kalibra 12mm &#8211; 40mm no 4cm garuma<br \/>\n&#8211; noteik\u0161anas sensors produktu noteik\u0161anai<br \/>\n&#8211; Atkritumu konteineri<br \/>\n&#8211; vienk\u0101r\u0161a izjauk\u0161ana t\u012br\u012b\u0161anai bez instrumentiem<br \/>\n&#8211; produkta pl\u016bsma l\u012bdz 352 m\/min (atkar\u012bb\u0101 no izstr\u0101d\u0101juma)<br \/>\n&#8211; vakuums -180mbar; 370m3\/h<br \/>\n&#8211; gaisa pat\u0113ri\u0146\u0161 35m3\/h pie 6 bar spiediena<br \/>\n&#8211; 50 Hz: 2,75 kW 380-420 V 3 f\u0101zes 6,8 A<br \/>\n&#8211; 60 Hz: 2,55 kW 380-480 V 3 f\u0101zes 8,15 A<br \/>\n&#8211; 580-2120 apgr.\/min dzin\u0113ja apgriezieni<br \/>\n&#8211; ma\u0161\u012bnas svars 230kg<\/li>\n<\/ul>\n<h2>2022 gada jaunais modelis<\/h2>\n<p>&nbsp;<\/p>\n","protected":false},"excerpt":{"rendered":"<p class=\"p1\"><span class=\"s1\">Pilleris c\u012bsi\u0146iem akur\u0101ti no\u0146em celulozes v\u0101ci\u0146u no gataviem un atdzes\u0113tiem c\u012bsi\u0146iem, neboj\u0101jot pa\u0161u c\u012bsi\u0146u.<\/span><\/p>\n","protected":false},"featured_media":78348,"template":"","meta":{"content-type":"","_monsterinsights_skip_tracking":false,"_monsterinsights_sitenote_active":false,"_monsterinsights_sitenote_note":"","_monsterinsights_sitenote_category":0},"product_cat":[927],"product_tag":[],"yoast_head":"<!-- This site is optimized with the Yoast SEO plugin v19.5.1 - https:\/\/yoast.com\/wordpress\/plugins\/seo\/ -->\n<title>Ma\u0161\u012bna apvalku no\u0146em\u0161anai no c\u012bsi\u0146iem - Carnitec<\/title>\n<meta name=\"description\" content=\"Ma\u0161\u012bna apvalku no\u0146em\u0161anai no c\u012bsi\u0146iem. Pilleris c\u012bsi\u0146iem. Visjaun\u0101k\u0101s v\u0101cu in\u017eenieru izstr\u0101des. Kompakta un uzticama ma\u0161\u012bna par \u012bpa\u0161u cenu.\" \/>\n<meta name=\"robots\" content=\"index, follow, max-snippet:-1, max-image-preview:large, max-video-preview:-1\" \/>\n<link rel=\"canonical\" href=\"https:\/\/carnitec.com\/lv\/products\/masina-apvalku-nonemsanai-no-cisiniem\/\" \/>\n<meta property=\"og:locale\" content=\"lv_LV\" \/>\n<meta property=\"og:type\" content=\"article\" \/>\n<meta property=\"og:title\" content=\"Ma\u0161\u012bna apvalku no\u0146em\u0161anai no c\u012bsi\u0146iem - Carnitec\" \/>\n<meta property=\"og:description\" content=\"Ma\u0161\u012bna apvalku no\u0146em\u0161anai no c\u012bsi\u0146iem. Pilleris c\u012bsi\u0146iem. Visjaun\u0101k\u0101s v\u0101cu in\u017eenieru izstr\u0101des. Kompakta un uzticama ma\u0161\u012bna par \u012bpa\u0161u cenu.\" \/>\n<meta property=\"og:url\" content=\"https:\/\/carnitec.com\/lv\/products\/masina-apvalku-nonemsanai-no-cisiniem\/\" \/>\n<meta property=\"og:site_name\" content=\"Carnitec\" \/>\n<meta property=\"article:publisher\" content=\"https:\/\/facebook.com\/carnitec1\" \/>\n<meta property=\"article:modified_time\" content=\"2022-05-31T09:06:27+00:00\" \/>\n<meta property=\"og:image\" content=\"https:\/\/carnitec.com\/wp-content\/uploads\/2015\/12\/2022_peeler.jpg\" \/>\n\t<meta property=\"og:image:width\" content=\"1200\" \/>\n\t<meta property=\"og:image:height\" content=\"1200\" \/>\n\t<meta property=\"og:image:type\" content=\"image\/jpeg\" \/>\n<meta name=\"twitter:card\" content=\"summary\" \/>\n<meta name=\"twitter:site\" content=\"@carnitec_\" \/>\n<meta name=\"twitter:label1\" content=\"Est. reading time\" \/>\n\t<meta name=\"twitter:data1\" content=\"1 min\u016b\u0161u\" \/>\n<script type=\"application\/ld+json\" class=\"yoast-schema-graph\">{\"@context\":\"https:\/\/schema.org\",\"@graph\":[{\"@type\":\"WebPage\",\"@id\":\"https:\/\/carnitec.com\/lv\/products\/masina-apvalku-nonemsanai-no-cisiniem\/\",\"url\":\"https:\/\/carnitec.com\/lv\/products\/masina-apvalku-nonemsanai-no-cisiniem\/\",\"name\":\"Ma\u0161\u012bna apvalku no\u0146em\u0161anai no c\u012bsi\u0146iem - Carnitec\",\"isPartOf\":{\"@id\":\"https:\/\/carnitec.com\/lv\/#website\"},\"datePublished\":\"2016-03-23T07:43:18+00:00\",\"dateModified\":\"2022-05-31T09:06:27+00:00\",\"description\":\"Ma\u0161\u012bna apvalku no\u0146em\u0161anai no c\u012bsi\u0146iem. Pilleris c\u012bsi\u0146iem. Visjaun\u0101k\u0101s v\u0101cu in\u017eenieru izstr\u0101des. Kompakta un uzticama ma\u0161\u012bna par \u012bpa\u0161u cenu.\",\"breadcrumb\":{\"@id\":\"https:\/\/carnitec.com\/lv\/products\/masina-apvalku-nonemsanai-no-cisiniem\/#breadcrumb\"},\"inLanguage\":\"lv-LV\",\"potentialAction\":[{\"@type\":\"ReadAction\",\"target\":[\"https:\/\/carnitec.com\/lv\/products\/masina-apvalku-nonemsanai-no-cisiniem\/\"]}]},{\"@type\":\"BreadcrumbList\",\"@id\":\"https:\/\/carnitec.com\/lv\/products\/masina-apvalku-nonemsanai-no-cisiniem\/#breadcrumb\",\"itemListElement\":[{\"@type\":\"ListItem\",\"position\":1,\"name\":\"\u0413\u043b\u0430\u0432\u043d\u0430\u044f \u0441\u0442\u0440\u0430\u043d\u0438\u0446\u0430\",\"item\":\"https:\/\/carnitec.com\/lv\/\"},{\"@type\":\"ListItem\",\"position\":2,\"name\":\"\u0422\u043e\u0432\u0430\u0440\u044b\",\"item\":\"https:\/\/carnitec.com\/shop\/\"},{\"@type\":\"ListItem\",\"position\":3,\"name\":\"Ma\u0161\u012bna apvalku no\u0146em\u0161anai no c\u012bsi\u0146iem\"}]},{\"@type\":\"WebSite\",\"@id\":\"https:\/\/carnitec.com\/lv\/#website\",\"url\":\"https:\/\/carnitec.com\/lv\/\",\"name\":\"Carnitec\",\"description\":\"P\u0101rtikas r\u016bpniec\u012bbas iek\u0101rtas\",\"publisher\":{\"@id\":\"https:\/\/carnitec.com\/lv\/#organization\"},\"potentialAction\":[{\"@type\":\"SearchAction\",\"target\":{\"@type\":\"EntryPoint\",\"urlTemplate\":\"https:\/\/carnitec.com\/lv\/?s={search_term_string}\"},\"query-input\":\"required name=search_term_string\"}],\"inLanguage\":\"lv-LV\"},{\"@type\":\"Organization\",\"@id\":\"https:\/\/carnitec.com\/lv\/#organization\",\"name\":\"Carnitec - food processing equipment\",\"url\":\"https:\/\/carnitec.com\/lv\/\",\"sameAs\":[\"https:\/\/www.instagram.com\/carnitec\/?hl=en\",\"https:\/\/www.linkedin.com\/company\/carnitec-ltd\/\",\"https:\/\/www.youtube.com\/channel\/UCwfiuJujkF2QxPPZAqB0T2w\",\"https:\/\/facebook.com\/carnitec1\",\"https:\/\/twitter.com\/carnitec_\"],\"logo\":{\"@type\":\"ImageObject\",\"inLanguage\":\"lv-LV\",\"@id\":\"https:\/\/carnitec.com\/lv\/#\/schema\/logo\/image\/\",\"url\":\"http:\/\/carnitec.com\/wp-content\/uploads\/2018\/01\/carnitec_logo_2018.png\",\"contentUrl\":\"http:\/\/carnitec.com\/wp-content\/uploads\/2018\/01\/carnitec_logo_2018.png\",\"width\":180,\"height\":50,\"caption\":\"Carnitec - food processing equipment\"},\"image\":{\"@id\":\"https:\/\/carnitec.com\/lv\/#\/schema\/logo\/image\/\"}}]}<\/script>\n<!-- \/ Yoast SEO plugin. -->","yoast_head_json":{"title":"Ma\u0161\u012bna apvalku no\u0146em\u0161anai no c\u012bsi\u0146iem - Carnitec","description":"Ma\u0161\u012bna apvalku no\u0146em\u0161anai no c\u012bsi\u0146iem. Pilleris c\u012bsi\u0146iem. Visjaun\u0101k\u0101s v\u0101cu in\u017eenieru izstr\u0101des. Kompakta un uzticama ma\u0161\u012bna par \u012bpa\u0161u cenu.","robots":{"index":"index","follow":"follow","max-snippet":"max-snippet:-1","max-image-preview":"max-image-preview:large","max-video-preview":"max-video-preview:-1"},"canonical":"https:\/\/carnitec.com\/lv\/products\/masina-apvalku-nonemsanai-no-cisiniem\/","og_locale":"lv_LV","og_type":"article","og_title":"Ma\u0161\u012bna apvalku no\u0146em\u0161anai no c\u012bsi\u0146iem - Carnitec","og_description":"Ma\u0161\u012bna apvalku no\u0146em\u0161anai no c\u012bsi\u0146iem. Pilleris c\u012bsi\u0146iem. Visjaun\u0101k\u0101s v\u0101cu in\u017eenieru izstr\u0101des. Kompakta un uzticama ma\u0161\u012bna par \u012bpa\u0161u cenu.","og_url":"https:\/\/carnitec.com\/lv\/products\/masina-apvalku-nonemsanai-no-cisiniem\/","og_site_name":"Carnitec","article_publisher":"https:\/\/facebook.com\/carnitec1","article_modified_time":"2022-05-31T09:06:27+00:00","og_image":[{"width":1200,"height":1200,"url":"https:\/\/carnitec.com\/wp-content\/uploads\/2015\/12\/2022_peeler.jpg","type":"image\/jpeg"}],"twitter_card":"summary","twitter_site":"@carnitec_","twitter_misc":{"Est. reading time":"1 min\u016b\u0161u"},"schema":{"@context":"https:\/\/schema.org","@graph":[{"@type":"WebPage","@id":"https:\/\/carnitec.com\/lv\/products\/masina-apvalku-nonemsanai-no-cisiniem\/","url":"https:\/\/carnitec.com\/lv\/products\/masina-apvalku-nonemsanai-no-cisiniem\/","name":"Ma\u0161\u012bna apvalku no\u0146em\u0161anai no c\u012bsi\u0146iem - Carnitec","isPartOf":{"@id":"https:\/\/carnitec.com\/lv\/#website"},"datePublished":"2016-03-23T07:43:18+00:00","dateModified":"2022-05-31T09:06:27+00:00","description":"Ma\u0161\u012bna apvalku no\u0146em\u0161anai no c\u012bsi\u0146iem. Pilleris c\u012bsi\u0146iem. Visjaun\u0101k\u0101s v\u0101cu in\u017eenieru izstr\u0101des. Kompakta un uzticama ma\u0161\u012bna par \u012bpa\u0161u cenu.","breadcrumb":{"@id":"https:\/\/carnitec.com\/lv\/products\/masina-apvalku-nonemsanai-no-cisiniem\/#breadcrumb"},"inLanguage":"lv-LV","potentialAction":[{"@type":"ReadAction","target":["https:\/\/carnitec.com\/lv\/products\/masina-apvalku-nonemsanai-no-cisiniem\/"]}]},{"@type":"BreadcrumbList","@id":"https:\/\/carnitec.com\/lv\/products\/masina-apvalku-nonemsanai-no-cisiniem\/#breadcrumb","itemListElement":[{"@type":"ListItem","position":1,"name":"\u0413\u043b\u0430\u0432\u043d\u0430\u044f \u0441\u0442\u0440\u0430\u043d\u0438\u0446\u0430","item":"https:\/\/carnitec.com\/lv\/"},{"@type":"ListItem","position":2,"name":"\u0422\u043e\u0432\u0430\u0440\u044b","item":"https:\/\/carnitec.com\/shop\/"},{"@type":"ListItem","position":3,"name":"Ma\u0161\u012bna apvalku no\u0146em\u0161anai no c\u012bsi\u0146iem"}]},{"@type":"WebSite","@id":"https:\/\/carnitec.com\/lv\/#website","url":"https:\/\/carnitec.com\/lv\/","name":"Carnitec","description":"P\u0101rtikas r\u016bpniec\u012bbas iek\u0101rtas","publisher":{"@id":"https:\/\/carnitec.com\/lv\/#organization"},"potentialAction":[{"@type":"SearchAction","target":{"@type":"EntryPoint","urlTemplate":"https:\/\/carnitec.com\/lv\/?s={search_term_string}"},"query-input":"required name=search_term_string"}],"inLanguage":"lv-LV"},{"@type":"Organization","@id":"https:\/\/carnitec.com\/lv\/#organization","name":"Carnitec - food processing equipment","url":"https:\/\/carnitec.com\/lv\/","sameAs":["https:\/\/www.instagram.com\/carnitec\/?hl=en","https:\/\/www.linkedin.com\/company\/carnitec-ltd\/","https:\/\/www.youtube.com\/channel\/UCwfiuJujkF2QxPPZAqB0T2w","https:\/\/facebook.com\/carnitec1","https:\/\/twitter.com\/carnitec_"],"logo":{"@type":"ImageObject","inLanguage":"lv-LV","@id":"https:\/\/carnitec.com\/lv\/#\/schema\/logo\/image\/","url":"http:\/\/carnitec.com\/wp-content\/uploads\/2018\/01\/carnitec_logo_2018.png","contentUrl":"http:\/\/carnitec.com\/wp-content\/uploads\/2018\/01\/carnitec_logo_2018.png","width":180,"height":50,"caption":"Carnitec - food processing equipment"},"image":{"@id":"https:\/\/carnitec.com\/lv\/#\/schema\/logo\/image\/"}}]}},"_links":{"self":[{"href":"https:\/\/carnitec.com\/lv\/wp-json\/wp\/v2\/product\/7788"}],"collection":[{"href":"https:\/\/carnitec.com\/lv\/wp-json\/wp\/v2\/product"}],"about":[{"href":"https:\/\/carnitec.com\/lv\/wp-json\/wp\/v2\/types\/product"}],"wp:featuredmedia":[{"embeddable":true,"href":"https:\/\/carnitec.com\/lv\/wp-json\/wp\/v2\/media\/78348"}],"wp:attachment":[{"href":"https:\/\/carnitec.com\/lv\/wp-json\/wp\/v2\/media?parent=7788"}],"wp:term":[{"taxonomy":"product_cat","embeddable":true,"href":"https:\/\/carnitec.com\/lv\/wp-json\/wp\/v2\/product_cat?post=7788"},{"taxonomy":"product_tag","embeddable":true,"href":"https:\/\/carnitec.com\/lv\/wp-json\/wp\/v2\/product_tag?post=7788"}],"curies":[{"name":"wp","href":"https:\/\/api.w.org\/{rel}","templated":true}]}}