{"id":7074,"date":"2015-10-02T21:39:05","date_gmt":"2016-03-13T12:34:28","guid":{"rendered":"http:\/\/staging1.carnitec.com\/lv\/?post_type=product&#038;p=7074"},"modified":"2023-09-18T11:20:20","modified_gmt":"2023-09-18T09:20:20","slug":"kupinasanas-kameras-reich-airmaster-uk","status":"publish","type":"product","link":"https:\/\/carnitec.com\/lv\/products\/kupinasanas-kameras-reich-airmaster-uk\/","title":{"rendered":"K\u016bpin\u0101\u0161anas kameras Reich AIRMASTER\u00ae UK"},"content":{"rendered":"<p>Viena no pasaules vado\u0161\u0101 ra\u017eot\u0101ja \u2013 v\u0101cu kopm\u0101nijas Reich \u2013 univers\u0101l\u0101s AIRMASTER\u00ae termokameras.<\/p>\n<p><!--more--><br \/>\nJau vair\u0101k k\u0101 simt gadus REICH v\u0101rds ir viskvalitat\u012bv\u0101k\u0101s un uzticam\u0101k\u0101s tehnikas simbols, ja runa iet par desu un citu ga\u013cas produkcijas veidu termoapstr\u0101des tehniku.<\/p>\n<p>Termokameras ir paredz\u0113tas visa veida izstr\u0101d\u0101jumu karstajai k\u016bpin\u0101\u0161anai un v\u0101r\u012b\u0161anai, piem\u0113ram: ga\u013ca, putni, zivis un j\u016bras produkti, sieri, c\u012bsi\u0146i, desas. Termokameras ietver k\u0101 vienr\u0101mja termokameras neliel\u0101m ra\u017eotn\u0113m, t\u0101 ar\u012b daudzr\u0101mju agreg\u0101tus, kas paredz\u0113ti r\u016bpnieciskai pielieto\u0161anai.<\/p>\n<h2>AIRMASTER\u00ae UK termokameras ar izcilu vertik\u0101lu gaisa cirkul\u0101cijas sist\u0113mu.<\/h2>\n<div id='gallery-1' class='gallery galleryid-7074 gallery-columns-4 gallery-size-thumbnail'><figure class='gallery-item'>\n\t\t\t<div class='gallery-icon landscape'>\n\t\t\t\t<a href='https:\/\/carnitec.com\/wp-content\/uploads\/2016\/01\/uk-8-g.jpg' title=\"\" data-rl_title=\"\" class=\"rl-gallery-link\" data-rl_caption=\"\" data-rel=\"lightbox-gallery-1\"><img width=\"150\" height=\"113\" src=\"https:\/\/carnitec.com\/wp-content\/uploads\/2016\/01\/uk-8-g.jpg\" class=\"attachment-thumbnail size-thumbnail\" alt=\"\" srcset=\"https:\/\/carnitec.com\/wp-content\/uploads\/2016\/01\/uk-8-g.jpg 800w, https:\/\/carnitec.com\/wp-content\/uploads\/2016\/01\/uk-8-g-600x450.jpg 600w\" sizes=\"(max-width: 150px) 100vw, 150px\" \/><\/a>\n\t\t\t<\/div><\/figure><figure class='gallery-item'>\n\t\t\t<div class='gallery-icon landscape'>\n\t\t\t\t<a href='https:\/\/carnitec.com\/wp-content\/uploads\/2016\/01\/uk-6-g.jpg' title=\"\" data-rl_title=\"\" class=\"rl-gallery-link\" data-rl_caption=\"\" data-rel=\"lightbox-gallery-1\"><img width=\"150\" height=\"113\" src=\"https:\/\/carnitec.com\/wp-content\/uploads\/2016\/01\/uk-6-g.jpg\" class=\"attachment-thumbnail size-thumbnail\" alt=\"\" srcset=\"https:\/\/carnitec.com\/wp-content\/uploads\/2016\/01\/uk-6-g.jpg 800w, https:\/\/carnitec.com\/wp-content\/uploads\/2016\/01\/uk-6-g-600x450.jpg 600w\" sizes=\"(max-width: 150px) 100vw, 150px\" \/><\/a>\n\t\t\t<\/div><\/figure><figure class='gallery-item'>\n\t\t\t<div class='gallery-icon landscape'>\n\t\t\t\t<a href='https:\/\/carnitec.com\/wp-content\/uploads\/2016\/01\/uk-4-g.jpg' title=\"\" data-rl_title=\"\" class=\"rl-gallery-link\" data-rl_caption=\"\" data-rel=\"lightbox-gallery-1\"><img width=\"150\" height=\"113\" src=\"https:\/\/carnitec.com\/wp-content\/uploads\/2016\/01\/uk-4-g.jpg\" class=\"attachment-thumbnail size-thumbnail\" alt=\"\" srcset=\"https:\/\/carnitec.com\/wp-content\/uploads\/2016\/01\/uk-4-g.jpg 800w, https:\/\/carnitec.com\/wp-content\/uploads\/2016\/01\/uk-4-g-600x450.jpg 600w\" sizes=\"(max-width: 150px) 100vw, 150px\" \/><\/a>\n\t\t\t<\/div><\/figure><figure class='gallery-item'>\n\t\t\t<div class='gallery-icon landscape'>\n\t\t\t\t<a href='https:\/\/carnitec.com\/wp-content\/uploads\/2016\/01\/uk-2-g.jpg' title=\"\" data-rl_title=\"\" class=\"rl-gallery-link\" data-rl_caption=\"\" data-rel=\"lightbox-gallery-1\"><img width=\"150\" height=\"113\" src=\"https:\/\/carnitec.com\/wp-content\/uploads\/2016\/01\/uk-2-g.jpg\" class=\"attachment-thumbnail size-thumbnail\" alt=\"\" srcset=\"https:\/\/carnitec.com\/wp-content\/uploads\/2016\/01\/uk-2-g.jpg 800w, https:\/\/carnitec.com\/wp-content\/uploads\/2016\/01\/uk-2-g-600x450.jpg 600w\" sizes=\"(max-width: 150px) 100vw, 150px\" \/><\/a>\n\t\t\t<\/div><\/figure>\n\t\t<\/div>\n\n<p>\u0160\u012b univers\u0101l\u0101 kamera ir neaizvietojama, ja runa iet par saudz\u0113jo\u0161u produkta apstr\u0101di \u2013 \u017e\u0101v\u0113\u0161anu, k\u016bpin\u0101\u0161anu vai v\u0101r\u012b\u0161anu \u2013 termokamera AIRMASTER\u00ae UK nodro\u0161ina stabili augstu kvalit\u0101ti \u012bs\u0101 laika period\u0101 \u2013 ar vertik\u0101lu gaisa cirkul\u0101cijas sist\u0113mu.<\/p>\n<h2>Darba princips:<\/h2>\n<p>Gaisa pl\u016bsma tiek virz\u012bta no produkta apstr\u0101des zonas uz kameras griestu da\u013cu, kur t\u0101 tiek uzsild\u012bta vai mitrin\u0101ta. Atbilsto\u0161i apstr\u0101des procesam tai tiek pievienots svaigs gaiss vai d\u016bmi. \u0160\u0101d\u0101 veid\u0101 sagatavotais gaiss tiek padots atpaka\u013c produkta apstr\u0101des zon\u0101 caur izp\u016b\u0161anas sprausl\u0101m ar jaud\u012bgu ventilatoru pal\u012bdz\u012bbu, kas atrodas zem iekrau\u0161anas rati\u0146iem.<\/p>\n<h2>REICH d\u016bmu \u0123eneratori aukstajai un karstajai desu, c\u012bsi\u0146u, ga\u013cas un zivju k\u016bpin\u0101\u0161anai<\/h2>\n<p>Firma REICH pieg\u0101d\u0101 k\u016bpin\u0101\u0161anas sist\u0113mas, kur\u0101s tiek izmantoti da\u017e\u0101di d\u016bmus veidojo\u0161i materi\u0101li. D\u016bmu \u0123eneratori var tikt pieg\u0101d\u0101ti atsevi\u0161\u0137i no kameras vai tie var b\u016bt ieb\u016bv\u0113ti kameras durv\u012bs.<\/p>\n<p><img class=\"alignnone size-full wp-image-202018\" src=\"https:\/\/carnitec.com\/wp-content\/uploads\/2023\/09\/REICH_SMOKERoverview.jpg\" alt=\"SMOKEGENERATORS\" width=\"1000\" height=\"563\" srcset=\"https:\/\/carnitec.com\/wp-content\/uploads\/2023\/09\/REICH_SMOKERoverview.jpg 1000w, https:\/\/carnitec.com\/wp-content\/uploads\/2023\/09\/REICH_SMOKERoverview-300x169.jpg 300w, https:\/\/carnitec.com\/wp-content\/uploads\/2023\/09\/REICH_SMOKERoverview-800x450.jpg 800w, https:\/\/carnitec.com\/wp-content\/uploads\/2023\/09\/REICH_SMOKERoverview-500x282.jpg 500w, https:\/\/carnitec.com\/wp-content\/uploads\/2023\/09\/REICH_SMOKERoverview-600x338.jpg 600w\" sizes=\"(max-width: 1000px) 100vw, 1000px\" \/><\/p>\n<h2>Firmas REICH datorvad\u012bbas bloki<\/h2>\n<p>Firmas REICH datorvad\u012bbas bloki jau \u0161odien ir sp\u0113j\u012bgi apkalpot visda\u017e\u0101d\u0101k\u0101s m\u016bsdienu termoapstr\u0101des un k\u016bpin\u0101\u0161anas tehnolo\u0123ijas. Tie ir orient\u0113ti uz J\u016bsu vajadz\u012bb\u0101m un ir piel\u0101goti moderniz\u0101cijai.<\/p>\n<div id='gallery-2' class='gallery galleryid-7074 gallery-columns-3 gallery-size-medium'><figure class='gallery-item'>\n\t\t\t<div class='gallery-icon landscape'>\n\t\t\t\t<a href='https:\/\/carnitec.com\/wp-content\/uploads\/2015\/10\/16521791767Ax7ayP7.jpg' title=\"\" data-rl_title=\"\" class=\"rl-gallery-link\" data-rl_caption=\"\" data-rel=\"lightbox-gallery-2\"><img width=\"300\" height=\"300\" src=\"https:\/\/carnitec.com\/wp-content\/uploads\/2015\/10\/16521791767Ax7ayP7-300x300.jpg\" class=\"attachment-medium size-medium\" alt=\"\" srcset=\"https:\/\/carnitec.com\/wp-content\/uploads\/2015\/10\/16521791767Ax7ayP7-300x300.jpg 300w, https:\/\/carnitec.com\/wp-content\/uploads\/2015\/10\/16521791767Ax7ayP7-150x150.jpg 150w, https:\/\/carnitec.com\/wp-content\/uploads\/2015\/10\/16521791767Ax7ayP7.jpg 500w, https:\/\/carnitec.com\/wp-content\/uploads\/2015\/10\/16521791767Ax7ayP7-100x100.jpg 100w\" sizes=\"(max-width: 300px) 100vw, 300px\" \/><\/a>\n\t\t\t<\/div><\/figure><figure class='gallery-item'>\n\t\t\t<div class='gallery-icon landscape'>\n\t\t\t\t<a href='https:\/\/carnitec.com\/wp-content\/uploads\/2015\/10\/16019644803ChZ11r2.jpg' title=\"\" data-rl_title=\"\" class=\"rl-gallery-link\" data-rl_caption=\"\" data-rel=\"lightbox-gallery-2\"><img width=\"300\" height=\"300\" src=\"https:\/\/carnitec.com\/wp-content\/uploads\/2015\/10\/16019644803ChZ11r2-300x300.jpg\" class=\"attachment-medium size-medium\" alt=\"\" srcset=\"https:\/\/carnitec.com\/wp-content\/uploads\/2015\/10\/16019644803ChZ11r2-300x300.jpg 300w, https:\/\/carnitec.com\/wp-content\/uploads\/2015\/10\/16019644803ChZ11r2-150x150.jpg 150w, https:\/\/carnitec.com\/wp-content\/uploads\/2015\/10\/16019644803ChZ11r2.jpg 500w, https:\/\/carnitec.com\/wp-content\/uploads\/2015\/10\/16019644803ChZ11r2-100x100.jpg 100w\" sizes=\"(max-width: 300px) 100vw, 300px\" \/><\/a>\n\t\t\t<\/div><\/figure><figure class='gallery-item'>\n\t\t\t<div class='gallery-icon landscape'>\n\t\t\t\t<a href='https:\/\/carnitec.com\/wp-content\/uploads\/2015\/10\/160196443028KXMuXz.jpg' title=\"\" data-rl_title=\"\" class=\"rl-gallery-link\" data-rl_caption=\"\" data-rel=\"lightbox-gallery-2\"><img width=\"300\" height=\"300\" src=\"https:\/\/carnitec.com\/wp-content\/uploads\/2015\/10\/160196443028KXMuXz-300x300.jpg\" class=\"attachment-medium size-medium\" alt=\"\" srcset=\"https:\/\/carnitec.com\/wp-content\/uploads\/2015\/10\/160196443028KXMuXz-300x300.jpg 300w, https:\/\/carnitec.com\/wp-content\/uploads\/2015\/10\/160196443028KXMuXz-150x150.jpg 150w, https:\/\/carnitec.com\/wp-content\/uploads\/2015\/10\/160196443028KXMuXz.jpg 500w, https:\/\/carnitec.com\/wp-content\/uploads\/2015\/10\/160196443028KXMuXz-100x100.jpg 100w\" sizes=\"(max-width: 300px) 100vw, 300px\" \/><\/a>\n\t\t\t<\/div><\/figure>\n\t\t<\/div>\n\n<h2>REICH apkalpo\u0161ana un tehniska pal\u012bdz\u012bba<\/h2>\n<p><img class=\"alignnone size-full wp-image-6442\" src=\"http:\/\/carnitec.com\/wp-content\/uploads\/2015\/05\/service-premium-small.png\" alt=\"service-premium-small\" width=\"150\" height=\"200\" \/> <img class=\"alignnone size-full wp-image-6445\" src=\"http:\/\/carnitec.com\/wp-content\/uploads\/2015\/05\/service-basic-small.png\" alt=\"SERVICECARD BASIC\" width=\"150\" height=\"200\" \/> <img class=\"alignnone size-full wp-image-6448\" src=\"http:\/\/carnitec.com\/wp-content\/uploads\/2015\/05\/service-classic-small.png\" alt=\"SERVICECARD CLASSIC\" width=\"150\" height=\"200\" \/><\/p>\n","protected":false},"excerpt":{"rendered":"<p>Viena no pasaules vado\u0161\u0101 ra\u017eot\u0101ja \u2013 v\u0101cu kopm\u0101nijas Reich \u2013 univers\u0101l\u0101s AIRMASTER\u00ae termokameras.<br \/>\nJau vair\u0101k k\u0101 simt gadus REICH v\u0101rds ir viskvalitat\u012bv\u0101k\u0101s un uzticam\u0101k\u0101s tehnikas simbols, ja runa iet par desu un citu ga\u013cas produkcijas veidu termoapstr\u0101des tehniku.<br \/>\nTermokameras ir paredz\u0113tas visa veida izstr\u0101d\u0101jumu karstajai k\u016bpin\u0101\u0161anai un v\u0101r\u012b\u0161anai, piem\u0113ram: ga\u013ca, putni, zivis un j\u016bras produkti, sieri, c\u012bsi\u0146i, desas.<\/p>\n","protected":false},"featured_media":202069,"template":"","meta":{"content-type":"","_monsterinsights_skip_tracking":false,"_monsterinsights_sitenote_active":false,"_monsterinsights_sitenote_note":"","_monsterinsights_sitenote_category":0},"product_cat":[917],"product_tag":[],"yoast_head":"<!-- This site is optimized with the Yoast SEO plugin v19.5.1 - https:\/\/yoast.com\/wordpress\/plugins\/seo\/ -->\n<title>K\u016bpin\u0101\u0161anas kameras Reich AIRMASTER\u00ae UK - Carnitec<\/title>\n<meta name=\"description\" content=\"Kameras REICH ir paredz\u0113tas visa veida izstr\u0101d\u0101jumu karstajai k\u016bpin\u0101\u0161anai un v\u0101r\u012b\u0161anai, piem\u0113ram: ga\u013ca, putni, zivis un j\u016bras produkti, sieri, c\u012bsi\u0146i, desas\" \/>\n<meta name=\"robots\" content=\"index, follow, max-snippet:-1, max-image-preview:large, max-video-preview:-1\" \/>\n<link rel=\"canonical\" href=\"https:\/\/carnitec.com\/lv\/products\/kupinasanas-kameras-reich-airmaster-uk\/\" \/>\n<meta property=\"og:locale\" content=\"lv_LV\" \/>\n<meta property=\"og:type\" content=\"article\" \/>\n<meta property=\"og:title\" content=\"K\u016bpin\u0101\u0161anas kameras Reich AIRMASTER\u00ae UK - Carnitec\" \/>\n<meta property=\"og:description\" content=\"Kameras REICH ir paredz\u0113tas visa veida izstr\u0101d\u0101jumu karstajai k\u016bpin\u0101\u0161anai un v\u0101r\u012b\u0161anai, piem\u0113ram: ga\u013ca, putni, zivis un j\u016bras produkti, sieri, c\u012bsi\u0146i, desas\" \/>\n<meta property=\"og:url\" content=\"https:\/\/carnitec.com\/lv\/products\/kupinasanas-kameras-reich-airmaster-uk\/\" \/>\n<meta property=\"og:site_name\" content=\"Carnitec\" \/>\n<meta property=\"article:publisher\" content=\"https:\/\/facebook.com\/carnitec1\" \/>\n<meta property=\"article:modified_time\" content=\"2023-09-18T09:20:20+00:00\" \/>\n<meta property=\"og:image\" content=\"https:\/\/carnitec.com\/wp-content\/uploads\/2015\/10\/1651811280tzIybyrt.jpg\" \/>\n\t<meta property=\"og:image:width\" content=\"500\" \/>\n\t<meta property=\"og:image:height\" content=\"500\" \/>\n\t<meta property=\"og:image:type\" content=\"image\/jpeg\" \/>\n<meta name=\"twitter:card\" content=\"summary\" \/>\n<meta name=\"twitter:site\" content=\"@carnitec_\" \/>\n<meta name=\"twitter:label1\" content=\"Est. reading time\" \/>\n\t<meta name=\"twitter:data1\" content=\"3 min\u016btes\" \/>\n<script type=\"application\/ld+json\" class=\"yoast-schema-graph\">{\"@context\":\"https:\/\/schema.org\",\"@graph\":[{\"@type\":\"WebPage\",\"@id\":\"https:\/\/carnitec.com\/lv\/products\/kupinasanas-kameras-reich-airmaster-uk\/\",\"url\":\"https:\/\/carnitec.com\/lv\/products\/kupinasanas-kameras-reich-airmaster-uk\/\",\"name\":\"K\u016bpin\u0101\u0161anas kameras Reich AIRMASTER\u00ae UK - Carnitec\",\"isPartOf\":{\"@id\":\"https:\/\/carnitec.com\/lv\/#website\"},\"datePublished\":\"2016-03-13T12:34:28+00:00\",\"dateModified\":\"2023-09-18T09:20:20+00:00\",\"description\":\"Kameras REICH ir paredz\u0113tas visa veida izstr\u0101d\u0101jumu karstajai k\u016bpin\u0101\u0161anai un v\u0101r\u012b\u0161anai, piem\u0113ram: ga\u013ca, putni, zivis un j\u016bras produkti, sieri, c\u012bsi\u0146i, desas\",\"breadcrumb\":{\"@id\":\"https:\/\/carnitec.com\/lv\/products\/kupinasanas-kameras-reich-airmaster-uk\/#breadcrumb\"},\"inLanguage\":\"lv-LV\",\"potentialAction\":[{\"@type\":\"ReadAction\",\"target\":[\"https:\/\/carnitec.com\/lv\/products\/kupinasanas-kameras-reich-airmaster-uk\/\"]}]},{\"@type\":\"BreadcrumbList\",\"@id\":\"https:\/\/carnitec.com\/lv\/products\/kupinasanas-kameras-reich-airmaster-uk\/#breadcrumb\",\"itemListElement\":[{\"@type\":\"ListItem\",\"position\":1,\"name\":\"\u0413\u043b\u0430\u0432\u043d\u0430\u044f \u0441\u0442\u0440\u0430\u043d\u0438\u0446\u0430\",\"item\":\"https:\/\/carnitec.com\/lv\/\"},{\"@type\":\"ListItem\",\"position\":2,\"name\":\"\u0422\u043e\u0432\u0430\u0440\u044b\",\"item\":\"https:\/\/carnitec.com\/shop\/\"},{\"@type\":\"ListItem\",\"position\":3,\"name\":\"K\u016bpin\u0101\u0161anas kameras Reich AIRMASTER\u00ae UK\"}]},{\"@type\":\"WebSite\",\"@id\":\"https:\/\/carnitec.com\/lv\/#website\",\"url\":\"https:\/\/carnitec.com\/lv\/\",\"name\":\"Carnitec\",\"description\":\"P\u0101rtikas r\u016bpniec\u012bbas iek\u0101rtas\",\"publisher\":{\"@id\":\"https:\/\/carnitec.com\/lv\/#organization\"},\"potentialAction\":[{\"@type\":\"SearchAction\",\"target\":{\"@type\":\"EntryPoint\",\"urlTemplate\":\"https:\/\/carnitec.com\/lv\/?s={search_term_string}\"},\"query-input\":\"required name=search_term_string\"}],\"inLanguage\":\"lv-LV\"},{\"@type\":\"Organization\",\"@id\":\"https:\/\/carnitec.com\/lv\/#organization\",\"name\":\"Carnitec - food processing equipment\",\"url\":\"https:\/\/carnitec.com\/lv\/\",\"sameAs\":[\"https:\/\/www.instagram.com\/carnitec\/?hl=en\",\"https:\/\/www.linkedin.com\/company\/carnitec-ltd\/\",\"https:\/\/www.youtube.com\/channel\/UCwfiuJujkF2QxPPZAqB0T2w\",\"https:\/\/facebook.com\/carnitec1\",\"https:\/\/twitter.com\/carnitec_\"],\"logo\":{\"@type\":\"ImageObject\",\"inLanguage\":\"lv-LV\",\"@id\":\"https:\/\/carnitec.com\/lv\/#\/schema\/logo\/image\/\",\"url\":\"http:\/\/carnitec.com\/wp-content\/uploads\/2018\/01\/carnitec_logo_2018.png\",\"contentUrl\":\"http:\/\/carnitec.com\/wp-content\/uploads\/2018\/01\/carnitec_logo_2018.png\",\"width\":180,\"height\":50,\"caption\":\"Carnitec - food processing equipment\"},\"image\":{\"@id\":\"https:\/\/carnitec.com\/lv\/#\/schema\/logo\/image\/\"}}]}<\/script>\n<!-- \/ Yoast SEO plugin. -->","yoast_head_json":{"title":"K\u016bpin\u0101\u0161anas kameras Reich AIRMASTER\u00ae UK - Carnitec","description":"Kameras REICH ir paredz\u0113tas visa veida izstr\u0101d\u0101jumu karstajai k\u016bpin\u0101\u0161anai un v\u0101r\u012b\u0161anai, piem\u0113ram: ga\u013ca, putni, zivis un j\u016bras produkti, sieri, c\u012bsi\u0146i, desas","robots":{"index":"index","follow":"follow","max-snippet":"max-snippet:-1","max-image-preview":"max-image-preview:large","max-video-preview":"max-video-preview:-1"},"canonical":"https:\/\/carnitec.com\/lv\/products\/kupinasanas-kameras-reich-airmaster-uk\/","og_locale":"lv_LV","og_type":"article","og_title":"K\u016bpin\u0101\u0161anas kameras Reich AIRMASTER\u00ae UK - Carnitec","og_description":"Kameras REICH ir paredz\u0113tas visa veida izstr\u0101d\u0101jumu karstajai k\u016bpin\u0101\u0161anai un v\u0101r\u012b\u0161anai, piem\u0113ram: ga\u013ca, putni, zivis un j\u016bras produkti, sieri, c\u012bsi\u0146i, desas","og_url":"https:\/\/carnitec.com\/lv\/products\/kupinasanas-kameras-reich-airmaster-uk\/","og_site_name":"Carnitec","article_publisher":"https:\/\/facebook.com\/carnitec1","article_modified_time":"2023-09-18T09:20:20+00:00","og_image":[{"width":500,"height":500,"url":"https:\/\/carnitec.com\/wp-content\/uploads\/2015\/10\/1651811280tzIybyrt.jpg","type":"image\/jpeg"}],"twitter_card":"summary","twitter_site":"@carnitec_","twitter_misc":{"Est. reading time":"3 min\u016btes"},"schema":{"@context":"https:\/\/schema.org","@graph":[{"@type":"WebPage","@id":"https:\/\/carnitec.com\/lv\/products\/kupinasanas-kameras-reich-airmaster-uk\/","url":"https:\/\/carnitec.com\/lv\/products\/kupinasanas-kameras-reich-airmaster-uk\/","name":"K\u016bpin\u0101\u0161anas kameras Reich AIRMASTER\u00ae UK - Carnitec","isPartOf":{"@id":"https:\/\/carnitec.com\/lv\/#website"},"datePublished":"2016-03-13T12:34:28+00:00","dateModified":"2023-09-18T09:20:20+00:00","description":"Kameras REICH ir paredz\u0113tas visa veida izstr\u0101d\u0101jumu karstajai k\u016bpin\u0101\u0161anai un v\u0101r\u012b\u0161anai, piem\u0113ram: ga\u013ca, putni, zivis un j\u016bras produkti, sieri, c\u012bsi\u0146i, desas","breadcrumb":{"@id":"https:\/\/carnitec.com\/lv\/products\/kupinasanas-kameras-reich-airmaster-uk\/#breadcrumb"},"inLanguage":"lv-LV","potentialAction":[{"@type":"ReadAction","target":["https:\/\/carnitec.com\/lv\/products\/kupinasanas-kameras-reich-airmaster-uk\/"]}]},{"@type":"BreadcrumbList","@id":"https:\/\/carnitec.com\/lv\/products\/kupinasanas-kameras-reich-airmaster-uk\/#breadcrumb","itemListElement":[{"@type":"ListItem","position":1,"name":"\u0413\u043b\u0430\u0432\u043d\u0430\u044f \u0441\u0442\u0440\u0430\u043d\u0438\u0446\u0430","item":"https:\/\/carnitec.com\/lv\/"},{"@type":"ListItem","position":2,"name":"\u0422\u043e\u0432\u0430\u0440\u044b","item":"https:\/\/carnitec.com\/shop\/"},{"@type":"ListItem","position":3,"name":"K\u016bpin\u0101\u0161anas kameras Reich AIRMASTER\u00ae UK"}]},{"@type":"WebSite","@id":"https:\/\/carnitec.com\/lv\/#website","url":"https:\/\/carnitec.com\/lv\/","name":"Carnitec","description":"P\u0101rtikas r\u016bpniec\u012bbas iek\u0101rtas","publisher":{"@id":"https:\/\/carnitec.com\/lv\/#organization"},"potentialAction":[{"@type":"SearchAction","target":{"@type":"EntryPoint","urlTemplate":"https:\/\/carnitec.com\/lv\/?s={search_term_string}"},"query-input":"required name=search_term_string"}],"inLanguage":"lv-LV"},{"@type":"Organization","@id":"https:\/\/carnitec.com\/lv\/#organization","name":"Carnitec - food processing equipment","url":"https:\/\/carnitec.com\/lv\/","sameAs":["https:\/\/www.instagram.com\/carnitec\/?hl=en","https:\/\/www.linkedin.com\/company\/carnitec-ltd\/","https:\/\/www.youtube.com\/channel\/UCwfiuJujkF2QxPPZAqB0T2w","https:\/\/facebook.com\/carnitec1","https:\/\/twitter.com\/carnitec_"],"logo":{"@type":"ImageObject","inLanguage":"lv-LV","@id":"https:\/\/carnitec.com\/lv\/#\/schema\/logo\/image\/","url":"http:\/\/carnitec.com\/wp-content\/uploads\/2018\/01\/carnitec_logo_2018.png","contentUrl":"http:\/\/carnitec.com\/wp-content\/uploads\/2018\/01\/carnitec_logo_2018.png","width":180,"height":50,"caption":"Carnitec - food processing equipment"},"image":{"@id":"https:\/\/carnitec.com\/lv\/#\/schema\/logo\/image\/"}}]}},"_links":{"self":[{"href":"https:\/\/carnitec.com\/lv\/wp-json\/wp\/v2\/product\/7074"}],"collection":[{"href":"https:\/\/carnitec.com\/lv\/wp-json\/wp\/v2\/product"}],"about":[{"href":"https:\/\/carnitec.com\/lv\/wp-json\/wp\/v2\/types\/product"}],"wp:featuredmedia":[{"embeddable":true,"href":"https:\/\/carnitec.com\/lv\/wp-json\/wp\/v2\/media\/202069"}],"wp:attachment":[{"href":"https:\/\/carnitec.com\/lv\/wp-json\/wp\/v2\/media?parent=7074"}],"wp:term":[{"taxonomy":"product_cat","embeddable":true,"href":"https:\/\/carnitec.com\/lv\/wp-json\/wp\/v2\/product_cat?post=7074"},{"taxonomy":"product_tag","embeddable":true,"href":"https:\/\/carnitec.com\/lv\/wp-json\/wp\/v2\/product_tag?post=7074"}],"curies":[{"name":"wp","href":"https:\/\/api.w.org\/{rel}","templated":true}]}}