{"id":7062,"date":"2016-03-13T13:44:13","date_gmt":"2016-03-13T11:52:31","guid":{"rendered":"http:\/\/staging1.carnitec.com\/lv\/?post_type=product&#038;p=7062"},"modified":"2016-03-13T13:52:57","modified_gmt":"2016-03-13T11:52:57","slug":"klimatiskas-nobriedinasanas-kameras-climastar","status":"publish","type":"product","link":"https:\/\/carnitec.com\/lv\/products\/klimatiskas-nobriedinasanas-kameras-climastar\/","title":{"rendered":"Klimatisk\u0101s nobriedin\u0101\u0161anas kameras CLIMASTAR\u00ae"},"content":{"rendered":"<p>CLIMASTAR\u00ae klimatisk\u0101s nobriedin\u0101\u0161anas kameras garant\u0113 saudz\u012bgu J\u016bsu auksti k\u016bpin\u0101to un cieti k\u016bpin\u0101to izstr\u0101d\u0101jumu nobriedin\u0101\u0161anu.<\/p>\n<p><!--more--><\/p>\n<p>V\u012btin\u0101t\u0101m vai k\u016bpin\u0101t\u0101m salami, izstr\u0101d\u0101jumiem ar labo pel\u0113jumu vai auksti k\u016bpin\u0101tam \u0161\u0137i\u0146\u0137im \u2013 m\u0113s pieg\u0101d\u0101jam CLIMASTAR\u00ae klimatisk\u0101s nobriedin\u0101\u0161anas kameras, kas prec\u012bzi konstru\u0113tas J\u016bsu vajadz\u012bb\u0101m. Speci\u0101lais CLIMACONTROL vad\u012bbas bloks vada apstr\u0101des procesus, lai ieg\u016btu visaugst\u0101ko kvalit\u0101ti.<\/p>\n<p>AIRMASTER\u00ae \u2014 ClimaStar: visaugst\u0101kais standarts. Firmas REICH klimatisk\u0101s kameras ClimaStar ar speci\u0101li izstr\u0101d\u0101tu CLIMACONTROL vad\u012bbu pied\u0101v\u0101 dro\u0161u un saudz\u0113jo\u0161u apstr\u0101di ar augstu produkta standartiz\u0101cijas l\u012bmeni, kas nov\u0113r\u0161 j\u0113lumu vai pel\u0113juma veido\u0161anos nobriedin\u0101\u0161anas laik\u0101. Pateicoties cirkul\u0113jo\u0161\u0101 gaisa mitruma regul\u0101cijai un optim\u0101lam, prec\u012bzi apr\u0113\u0137in\u0101tam svaiga gaisa piepl\u016bdumam, var pan\u0101kt ener\u0123ijas pat\u0113ri\u0146a samazin\u0101\u0161anos par 60%. Apstr\u0101des process kamer\u0101s tiek veikts autom\u0101tisk\u0101 re\u017e\u012bm\u0101 p\u0113c iepriek\u0161 noteiktas programmas ar mikroprocesoru vad\u012bbas sist\u0113mas CLIMACONTROL pal\u012bdz\u012bbu, kas prec\u012bzi regul\u0113 temperat\u016bru un mitrumu. Gaisa cirkul\u0101cijas \u0101trums autom\u0101tiski piel\u0101gojas mitruma daudzumam produkt\u0101. Sist\u0113mas atmi\u0146\u0101 iesp\u0113jams saglab\u0101t l\u012bdz 99 programm\u0101m.<\/p>\n<p>Kameras var komplekt\u0113t ar k\u016bpin\u0101\u0161anas sist\u0113m\u0101m, izmantojot da\u017e\u0101dus d\u016bmu veidojo\u0161us materi\u0101lus \u2013 frikcijas d\u016bmu \u0123eneratorus (FrictionSmoker), z\u0101\u0123skaidu d\u016bmu \u0123eneratorus (NaturalSmoker), d\u016bmu \u0123eneratorus ar koksnes skaid\u0101m (MaxxSmoker), k\u0101 ar\u012b \u0161\u0137idro d\u016bmu izsmidzin\u0101\u0161anas sist\u0113mas (TradiSmoker).<\/p>\n<p><img class=\"alignnone wp-image-6743 size-full\" src=\"http:\/\/carnitec.com\/wp-content\/uploads\/2015\/06\/klima-pfefferbeisser.gif\" alt=\"klima-pfefferbeisser\" width=\"150\" height=\"200\" \/> <img class=\"alignnone wp-image-6737 size-full\" src=\"http:\/\/carnitec.com\/wp-content\/uploads\/2015\/06\/klima-seranoschinken.gif\" alt=\"klima-seranoschinken\" width=\"150\" height=\"200\" \/> <img class=\"alignnone size-full wp-image-6734\" src=\"http:\/\/carnitec.com\/wp-content\/uploads\/2015\/06\/klima-salami.gif\" alt=\"klima-salami\" width=\"150\" height=\"200\" \/><\/p>\n<p><strong>CLIMASTAR\u00ae KRAI<\/strong><\/p>\n<p>Iepriek\u0161\u0113j\u0101s nobriedin\u0101\u0161anas klimatisk\u0101s iek\u0101rtas r\u016bpnieciskai ra\u017eo\u0161anai 4-100 r\u0101mjiem uzst\u0101d\u012b\u0161anai izol\u0113t\u0101s apstr\u0101des telp\u0101s.<\/p>\n<p><strong>CLIMASTAR\u00ae KKRI<\/strong><\/p>\n<p>Aukst\u0101s k\u016bpin\u0101\u0161anas un nobriedin\u0101\u0161anas klimatisk\u0101s kameras r\u016bpnieciskai ra\u017eo\u0161anai 4-100 r\u0101mjiem uzst\u0101d\u012b\u0161anai izol\u0113t\u0101s apstr\u0101des telp\u0101s vai k\u0101 met\u0101la kamera.<\/p>\n<p><strong>CLIMASTAR\u00ae KNRI<\/strong><\/p>\n<p>Klimatisk\u0101s nobriedin\u0101\u0161anas iek\u0101rtas 6-200 r\u0101mjiem uzst\u0101d\u012b\u0161anai izol\u0113tas apstr\u0101des telp\u0101s.<\/p>\n<p><strong>CLIMASTAR\u00ae KRAD\/KNRD<\/strong><\/p>\n<p>Klimatisk\u0101s griestu iek\u0101rtas 2-6 r\u0101mjiem maz\u0101m klimatiskaj\u0101m telp\u0101m.<\/p>\n<p><strong>CLIMASTAR\u00ae KRK<\/strong><\/p>\n<p>Klimatisk\u0101s nobriedin\u0101\u0161anas kameras \u2013 met\u0101la konstrukcija 1-10 r\u0101mjiem.<\/p>\n<p><strong>CLIMASTAR\u00ae KKRK<\/strong><\/p>\n<p>Aukst\u0101s k\u016bpin\u0101\u0161anas un nobriedin\u0101\u0161anas klimatisk\u0101s kameras \u2013 met\u0101la konstrukcija 1 \u2013 10 r\u0101mjiem ar gruzd\u0113\u0161anas d\u016bmu \u0123eneratoru vai frikcijas d\u016bmu \u0123eneratoru.<\/p>\n<p>\u013boti svar\u012bgi ne tikai labi pagatavot produktu, bet ar\u012b izdar\u012bt to ar viszem\u0101kaj\u0101m izmaks\u0101m. Pareiza visu klimatiskaj\u0101 kamer\u0101 notieko\u0161o procesu vad\u012bba \u013cauj ieekonom\u0113t l\u012bdz 40% ener\u0123iju, bet dzes\u0113\u0161anas a\u0123enta karsto tvaiku izmanto\u0161ana vides uzsild\u012b\u0161an\u0101 paaugstina ekonomiju l\u012bdz 60%. Auksti k\u016bpin\u0101tie produkti nobriest tikai ide\u0101los apst\u0101k\u013cos, t\u0101p\u0113c klimatisk\u0101s nobriedin\u0101\u0161anas sist\u0113m\u0101m tiek izvirz\u012btas augstas pras\u012bbas. Vislab\u0101ko auksti k\u016bpin\u0101to produktu ra\u017eot\u0101ji uzticas \u201eREICH\u201dfirmas klimatisk\u0101s nobriedin\u0101\u0161anas iek\u0101rt\u0101m.<\/p>\n<div id='gallery-1' class='gallery galleryid-7062 gallery-columns-4 gallery-size-thumbnail'><figure class='gallery-item'>\n\t\t\t<div class='gallery-icon landscape'>\n\t\t\t\t<a href='https:\/\/carnitec.com\/wp-content\/uploads\/2016\/01\/reifeanlagen-7-g.jpg' title=\"\" data-rl_title=\"\" class=\"rl-gallery-link\" data-rl_caption=\"\" data-rel=\"lightbox-gallery-1\"><img width=\"150\" height=\"113\" src=\"https:\/\/carnitec.com\/wp-content\/uploads\/2016\/01\/reifeanlagen-7-g.jpg\" class=\"attachment-thumbnail size-thumbnail\" alt=\"\" srcset=\"https:\/\/carnitec.com\/wp-content\/uploads\/2016\/01\/reifeanlagen-7-g.jpg 800w, https:\/\/carnitec.com\/wp-content\/uploads\/2016\/01\/reifeanlagen-7-g-600x450.jpg 600w\" sizes=\"(max-width: 150px) 100vw, 150px\" \/><\/a>\n\t\t\t<\/div><\/figure><figure class='gallery-item'>\n\t\t\t<div class='gallery-icon portrait'>\n\t\t\t\t<a href='https:\/\/carnitec.com\/wp-content\/uploads\/2016\/01\/reifeanlagen-5-g.jpg' title=\"\" data-rl_title=\"\" class=\"rl-gallery-link\" data-rl_caption=\"\" data-rel=\"lightbox-gallery-1\"><img width=\"93\" height=\"150\" src=\"https:\/\/carnitec.com\/wp-content\/uploads\/2016\/01\/reifeanlagen-5-g.jpg\" class=\"attachment-thumbnail size-thumbnail\" alt=\"\" \/><\/a>\n\t\t\t<\/div><\/figure><figure class='gallery-item'>\n\t\t\t<div class='gallery-icon landscape'>\n\t\t\t\t<a href='https:\/\/carnitec.com\/wp-content\/uploads\/2016\/01\/reifeanlagen-4-g.jpg' title=\"\" data-rl_title=\"\" class=\"rl-gallery-link\" data-rl_caption=\"\" data-rel=\"lightbox-gallery-1\"><img width=\"150\" height=\"113\" src=\"https:\/\/carnitec.com\/wp-content\/uploads\/2016\/01\/reifeanlagen-4-g.jpg\" class=\"attachment-thumbnail size-thumbnail\" alt=\"\" srcset=\"https:\/\/carnitec.com\/wp-content\/uploads\/2016\/01\/reifeanlagen-4-g.jpg 800w, https:\/\/carnitec.com\/wp-content\/uploads\/2016\/01\/reifeanlagen-4-g-600x450.jpg 600w\" sizes=\"(max-width: 150px) 100vw, 150px\" \/><\/a>\n\t\t\t<\/div><\/figure><figure class='gallery-item'>\n\t\t\t<div class='gallery-icon portrait'>\n\t\t\t\t<a href='https:\/\/carnitec.com\/wp-content\/uploads\/2016\/01\/reifeanlagen-2-g.jpg' title=\"\" data-rl_title=\"\" class=\"rl-gallery-link\" data-rl_caption=\"\" data-rel=\"lightbox-gallery-1\"><img width=\"113\" height=\"150\" src=\"https:\/\/carnitec.com\/wp-content\/uploads\/2016\/01\/reifeanlagen-2-g.jpg\" class=\"attachment-thumbnail size-thumbnail\" alt=\"\" \/><\/a>\n\t\t\t<\/div><\/figure>\n\t\t<\/div>\n\n<p>&nbsp;<\/p>\n<blockquote><p>&nbsp;<\/p>\n<p><img class=\"alignright size-full wp-image-7051\" src=\"http:\/\/carnitec.com\/wp-content\/uploads\/2015\/10\/reich.jpg\" alt=\"reich\" width=\"180\" height=\"180\" srcset=\"https:\/\/carnitec.com\/wp-content\/uploads\/2015\/10\/reich.jpg 180w, https:\/\/carnitec.com\/wp-content\/uploads\/2015\/10\/reich-100x100.jpg 100w\" sizes=\"(max-width: 180px) 100vw, 180px\" \/>\u00abReich Klima-Rauchertechnik\u00bb \u2014 tas ir lieliski sevi pozicion\u0113jis \u0123imenes uz\u0146\u0113mums, kas izstr\u0101d\u0101, ra\u017eo un vis\u0101 pasaul\u0113 p\u0101rdod inovat\u012bvu k\u016bpin\u0101\u0161anas, apcep\u0161anas un klimatiz\u0113\u0161anas tehniku ga\u013cas p\u0101rstr\u0101des un p\u0101rtikas r\u016bpniec\u012bbas uz\u0146\u0113mumiem. Komp\u0101nija \u201cReich\u201d pied\u0101v\u0101 vism\u016bsdien\u012bg\u0101k\u0101s, ekolo\u0123isk\u0101k\u0101s, ar datoru vad\u0101mas univers\u0101las k\u016bpin\u0101\u0161anas iek\u0101rtas, klimatisk\u0101s nobriedin\u0101\u0161anas iek\u0101rtas jebk\u0101da apm\u0113ra auksti k\u016bpin\u0101to desu ra\u017eo\u0161anas uz\u0146\u0113mumiem un jebkur\u0101m ra\u017eo\u0161anas tehnolo\u0123ij\u0101m.<\/p>\n<p>Firmai \u201cReich\u201d ir senas k\u016bpin\u0101\u0161anas tehnikas trad\u012bcijas. Jau 1893.gad\u0101 komp\u0101nija \u201cReich\u201d aizs\u0101ka vienk\u0101r\u0161o k\u016bpin\u0101\u0161anas kameru un v\u0101r\u012b\u0161anas katlu ra\u017eo\u0161anu. Augsti kvalitat\u012bv\u0101s iek\u0101rtas bija pamats firmas \u201cReich\u201d apr\u012bkojuma pan\u0101kumiem, kas jau vair\u0101k k\u0101 100 gadus att\u012bst\u0101s vis\u0101s \u0123imenes paaudz\u0113s. Nep\u0101rtraukt\u0101s inov\u0101cijas nodro\u0161ina firmas pan\u0101kumus. Konstruktoru noda\u013ca ar pieredz\u0113ju\u0161iem speci\u0101listiem uzlabo tehnolo\u0123ijas un izstr\u0101d\u0101 jaunu \u201cReich\u201d apr\u012bkojumu\u00bb.<\/p>\n<p>&nbsp;<\/p><\/blockquote>\n","protected":false},"excerpt":{"rendered":"<p>V\u012btin\u0101t\u0101m vai k\u016bpin\u0101t\u0101m salami, izstr\u0101d\u0101jumiem ar labo pel\u0113jumu vai auksti k\u016bpin\u0101tam \u0161\u0137i\u0146\u0137im \u2013 m\u0113s pieg\u0101d\u0101jam CLIMASTAR\u00ae klimatisk\u0101s nobriedin\u0101\u0161anas kameras, kas prec\u012bzi konstru\u0113tas J\u016bsu vajadz\u012bb\u0101m. Speci\u0101lais CLIMACONTROL vad\u012bbas bloks vada apstr\u0101des procesus, lai ieg\u016btu visaugst\u0101ko kvalit\u0101ti.<\/p>\n","protected":false},"featured_media":0,"template":"","meta":{"content-type":"","_monsterinsights_skip_tracking":false,"_monsterinsights_sitenote_active":false,"_monsterinsights_sitenote_note":"","_monsterinsights_sitenote_category":0},"product_cat":[917],"product_tag":[],"yoast_head":"<!-- This site is optimized with the Yoast SEO plugin v19.5.1 - https:\/\/yoast.com\/wordpress\/plugins\/seo\/ -->\n<title>Klimatisk\u0101s nobriedin\u0101\u0161anas kameras CLIMASTAR\u00ae - Carnitec<\/title>\n<meta name=\"robots\" content=\"index, follow, max-snippet:-1, max-image-preview:large, max-video-preview:-1\" \/>\n<link rel=\"canonical\" href=\"https:\/\/carnitec.com\/lv\/products\/klimatiskas-nobriedinasanas-kameras-climastar\/\" \/>\n<meta property=\"og:locale\" content=\"lv_LV\" \/>\n<meta property=\"og:type\" content=\"article\" \/>\n<meta property=\"og:title\" content=\"Klimatisk\u0101s nobriedin\u0101\u0161anas kameras CLIMASTAR\u00ae - Carnitec\" \/>\n<meta property=\"og:description\" content=\"V\u012btin\u0101t\u0101m vai k\u016bpin\u0101t\u0101m salami, izstr\u0101d\u0101jumiem ar labo pel\u0113jumu vai auksti k\u016bpin\u0101tam \u0161\u0137i\u0146\u0137im \u2013 m\u0113s pieg\u0101d\u0101jam CLIMASTAR\u00ae klimatisk\u0101s nobriedin\u0101\u0161anas kameras, kas prec\u012bzi konstru\u0113tas J\u016bsu vajadz\u012bb\u0101m. Speci\u0101lais CLIMACONTROL vad\u012bbas bloks vada apstr\u0101des procesus, lai ieg\u016btu visaugst\u0101ko kvalit\u0101ti.\" \/>\n<meta property=\"og:url\" content=\"https:\/\/carnitec.com\/lv\/products\/klimatiskas-nobriedinasanas-kameras-climastar\/\" \/>\n<meta property=\"og:site_name\" content=\"Carnitec\" \/>\n<meta property=\"article:publisher\" content=\"https:\/\/facebook.com\/carnitec1\" \/>\n<meta property=\"article:modified_time\" content=\"2016-03-13T11:52:57+00:00\" \/>\n<meta property=\"og:image\" content=\"https:\/\/carnitec.com\/wp-content\/uploads\/2016\/01\/reifeanlagen-7-g.jpg\" \/>\n<meta name=\"twitter:card\" content=\"summary\" \/>\n<meta name=\"twitter:site\" content=\"@carnitec_\" \/>\n<meta name=\"twitter:label1\" content=\"Est. reading time\" \/>\n\t<meta name=\"twitter:data1\" content=\"4 min\u016btes\" \/>\n<script type=\"application\/ld+json\" class=\"yoast-schema-graph\">{\"@context\":\"https:\/\/schema.org\",\"@graph\":[{\"@type\":\"WebPage\",\"@id\":\"https:\/\/carnitec.com\/lv\/products\/klimatiskas-nobriedinasanas-kameras-climastar\/\",\"url\":\"https:\/\/carnitec.com\/lv\/products\/klimatiskas-nobriedinasanas-kameras-climastar\/\",\"name\":\"Klimatisk\u0101s nobriedin\u0101\u0161anas kameras CLIMASTAR\u00ae - Carnitec\",\"isPartOf\":{\"@id\":\"https:\/\/carnitec.com\/lv\/#website\"},\"datePublished\":\"2016-03-13T11:52:31+00:00\",\"dateModified\":\"2016-03-13T11:52:57+00:00\",\"breadcrumb\":{\"@id\":\"https:\/\/carnitec.com\/lv\/products\/klimatiskas-nobriedinasanas-kameras-climastar\/#breadcrumb\"},\"inLanguage\":\"lv-LV\",\"potentialAction\":[{\"@type\":\"ReadAction\",\"target\":[\"https:\/\/carnitec.com\/lv\/products\/klimatiskas-nobriedinasanas-kameras-climastar\/\"]}]},{\"@type\":\"BreadcrumbList\",\"@id\":\"https:\/\/carnitec.com\/lv\/products\/klimatiskas-nobriedinasanas-kameras-climastar\/#breadcrumb\",\"itemListElement\":[{\"@type\":\"ListItem\",\"position\":1,\"name\":\"\u0413\u043b\u0430\u0432\u043d\u0430\u044f \u0441\u0442\u0440\u0430\u043d\u0438\u0446\u0430\",\"item\":\"https:\/\/carnitec.com\/lv\/\"},{\"@type\":\"ListItem\",\"position\":2,\"name\":\"\u0422\u043e\u0432\u0430\u0440\u044b\",\"item\":\"https:\/\/carnitec.com\/shop\/\"},{\"@type\":\"ListItem\",\"position\":3,\"name\":\"Klimatisk\u0101s nobriedin\u0101\u0161anas kameras CLIMASTAR\u00ae\"}]},{\"@type\":\"WebSite\",\"@id\":\"https:\/\/carnitec.com\/lv\/#website\",\"url\":\"https:\/\/carnitec.com\/lv\/\",\"name\":\"Carnitec\",\"description\":\"P\u0101rtikas r\u016bpniec\u012bbas iek\u0101rtas\",\"publisher\":{\"@id\":\"https:\/\/carnitec.com\/lv\/#organization\"},\"potentialAction\":[{\"@type\":\"SearchAction\",\"target\":{\"@type\":\"EntryPoint\",\"urlTemplate\":\"https:\/\/carnitec.com\/lv\/?s={search_term_string}\"},\"query-input\":\"required name=search_term_string\"}],\"inLanguage\":\"lv-LV\"},{\"@type\":\"Organization\",\"@id\":\"https:\/\/carnitec.com\/lv\/#organization\",\"name\":\"Carnitec - food processing equipment\",\"url\":\"https:\/\/carnitec.com\/lv\/\",\"sameAs\":[\"https:\/\/www.instagram.com\/carnitec\/?hl=en\",\"https:\/\/www.linkedin.com\/company\/carnitec-ltd\/\",\"https:\/\/www.youtube.com\/channel\/UCwfiuJujkF2QxPPZAqB0T2w\",\"https:\/\/facebook.com\/carnitec1\",\"https:\/\/twitter.com\/carnitec_\"],\"logo\":{\"@type\":\"ImageObject\",\"inLanguage\":\"lv-LV\",\"@id\":\"https:\/\/carnitec.com\/lv\/#\/schema\/logo\/image\/\",\"url\":\"http:\/\/carnitec.com\/wp-content\/uploads\/2018\/01\/carnitec_logo_2018.png\",\"contentUrl\":\"http:\/\/carnitec.com\/wp-content\/uploads\/2018\/01\/carnitec_logo_2018.png\",\"width\":180,\"height\":50,\"caption\":\"Carnitec - food processing equipment\"},\"image\":{\"@id\":\"https:\/\/carnitec.com\/lv\/#\/schema\/logo\/image\/\"}}]}<\/script>\n<!-- \/ Yoast SEO plugin. -->","yoast_head_json":{"title":"Klimatisk\u0101s nobriedin\u0101\u0161anas kameras CLIMASTAR\u00ae - Carnitec","robots":{"index":"index","follow":"follow","max-snippet":"max-snippet:-1","max-image-preview":"max-image-preview:large","max-video-preview":"max-video-preview:-1"},"canonical":"https:\/\/carnitec.com\/lv\/products\/klimatiskas-nobriedinasanas-kameras-climastar\/","og_locale":"lv_LV","og_type":"article","og_title":"Klimatisk\u0101s nobriedin\u0101\u0161anas kameras CLIMASTAR\u00ae - Carnitec","og_description":"V\u012btin\u0101t\u0101m vai k\u016bpin\u0101t\u0101m salami, izstr\u0101d\u0101jumiem ar labo pel\u0113jumu vai auksti k\u016bpin\u0101tam \u0161\u0137i\u0146\u0137im \u2013 m\u0113s pieg\u0101d\u0101jam CLIMASTAR\u00ae klimatisk\u0101s nobriedin\u0101\u0161anas kameras, kas prec\u012bzi konstru\u0113tas J\u016bsu vajadz\u012bb\u0101m. Speci\u0101lais CLIMACONTROL vad\u012bbas bloks vada apstr\u0101des procesus, lai ieg\u016btu visaugst\u0101ko kvalit\u0101ti.","og_url":"https:\/\/carnitec.com\/lv\/products\/klimatiskas-nobriedinasanas-kameras-climastar\/","og_site_name":"Carnitec","article_publisher":"https:\/\/facebook.com\/carnitec1","article_modified_time":"2016-03-13T11:52:57+00:00","og_image":[{"url":"https:\/\/carnitec.com\/wp-content\/uploads\/2016\/01\/reifeanlagen-7-g.jpg"}],"twitter_card":"summary","twitter_site":"@carnitec_","twitter_misc":{"Est. reading time":"4 min\u016btes"},"schema":{"@context":"https:\/\/schema.org","@graph":[{"@type":"WebPage","@id":"https:\/\/carnitec.com\/lv\/products\/klimatiskas-nobriedinasanas-kameras-climastar\/","url":"https:\/\/carnitec.com\/lv\/products\/klimatiskas-nobriedinasanas-kameras-climastar\/","name":"Klimatisk\u0101s nobriedin\u0101\u0161anas kameras CLIMASTAR\u00ae - Carnitec","isPartOf":{"@id":"https:\/\/carnitec.com\/lv\/#website"},"datePublished":"2016-03-13T11:52:31+00:00","dateModified":"2016-03-13T11:52:57+00:00","breadcrumb":{"@id":"https:\/\/carnitec.com\/lv\/products\/klimatiskas-nobriedinasanas-kameras-climastar\/#breadcrumb"},"inLanguage":"lv-LV","potentialAction":[{"@type":"ReadAction","target":["https:\/\/carnitec.com\/lv\/products\/klimatiskas-nobriedinasanas-kameras-climastar\/"]}]},{"@type":"BreadcrumbList","@id":"https:\/\/carnitec.com\/lv\/products\/klimatiskas-nobriedinasanas-kameras-climastar\/#breadcrumb","itemListElement":[{"@type":"ListItem","position":1,"name":"\u0413\u043b\u0430\u0432\u043d\u0430\u044f \u0441\u0442\u0440\u0430\u043d\u0438\u0446\u0430","item":"https:\/\/carnitec.com\/lv\/"},{"@type":"ListItem","position":2,"name":"\u0422\u043e\u0432\u0430\u0440\u044b","item":"https:\/\/carnitec.com\/shop\/"},{"@type":"ListItem","position":3,"name":"Klimatisk\u0101s nobriedin\u0101\u0161anas kameras CLIMASTAR\u00ae"}]},{"@type":"WebSite","@id":"https:\/\/carnitec.com\/lv\/#website","url":"https:\/\/carnitec.com\/lv\/","name":"Carnitec","description":"P\u0101rtikas r\u016bpniec\u012bbas iek\u0101rtas","publisher":{"@id":"https:\/\/carnitec.com\/lv\/#organization"},"potentialAction":[{"@type":"SearchAction","target":{"@type":"EntryPoint","urlTemplate":"https:\/\/carnitec.com\/lv\/?s={search_term_string}"},"query-input":"required name=search_term_string"}],"inLanguage":"lv-LV"},{"@type":"Organization","@id":"https:\/\/carnitec.com\/lv\/#organization","name":"Carnitec - food processing equipment","url":"https:\/\/carnitec.com\/lv\/","sameAs":["https:\/\/www.instagram.com\/carnitec\/?hl=en","https:\/\/www.linkedin.com\/company\/carnitec-ltd\/","https:\/\/www.youtube.com\/channel\/UCwfiuJujkF2QxPPZAqB0T2w","https:\/\/facebook.com\/carnitec1","https:\/\/twitter.com\/carnitec_"],"logo":{"@type":"ImageObject","inLanguage":"lv-LV","@id":"https:\/\/carnitec.com\/lv\/#\/schema\/logo\/image\/","url":"http:\/\/carnitec.com\/wp-content\/uploads\/2018\/01\/carnitec_logo_2018.png","contentUrl":"http:\/\/carnitec.com\/wp-content\/uploads\/2018\/01\/carnitec_logo_2018.png","width":180,"height":50,"caption":"Carnitec - food processing equipment"},"image":{"@id":"https:\/\/carnitec.com\/lv\/#\/schema\/logo\/image\/"}}]}},"_links":{"self":[{"href":"https:\/\/carnitec.com\/lv\/wp-json\/wp\/v2\/product\/7062"}],"collection":[{"href":"https:\/\/carnitec.com\/lv\/wp-json\/wp\/v2\/product"}],"about":[{"href":"https:\/\/carnitec.com\/lv\/wp-json\/wp\/v2\/types\/product"}],"wp:attachment":[{"href":"https:\/\/carnitec.com\/lv\/wp-json\/wp\/v2\/media?parent=7062"}],"wp:term":[{"taxonomy":"product_cat","embeddable":true,"href":"https:\/\/carnitec.com\/lv\/wp-json\/wp\/v2\/product_cat?post=7062"},{"taxonomy":"product_tag","embeddable":true,"href":"https:\/\/carnitec.com\/lv\/wp-json\/wp\/v2\/product_tag?post=7062"}],"curies":[{"name":"wp","href":"https:\/\/api.w.org\/{rel}","templated":true}]}}