{"id":6924,"date":"2016-03-09T22:09:05","date_gmt":"2016-03-09T20:09:05","guid":{"rendered":"http:\/\/staging1.carnitec.com\/lv\/?post_type=product&#038;p=6924"},"modified":"2022-02-11T19:00:19","modified_gmt":"2022-02-11T17:00:19","slug":"pelmenu-aparats-hlt-700xl","status":"publish","type":"product","link":"https:\/\/carnitec.com\/lv\/products\/pelmenu-aparats-hlt-700xl\/","title":{"rendered":"Pelme\u0146u apar\u0101ts HLT-700XL"},"content":{"rendered":"<p>M\u016bsu komp\u0101nija pieg\u0101d\u0101 pelme\u0146u iek\u0101rtu HLT-700XL pelme\u0146u, khinkali, \u010debureku, vare\u0146iku, ravioli ra\u017eo\u0161anai par viszem\u0101ko cenu Latvij\u0101.<\/p>\n<p><!--more--><\/p>\n<p>Pelme\u0146u autom\u0101tu HLT-700, HLT-700XL, EA-100K mont\u0101\u017eas un izmantoto materi\u0101lu lielisk\u0101 kvalit\u0101te sasniegta, pateicoties jap\u0101\u0146u gult\u0146iem, it\u0101\u013cu motorreduktoriem, pasaules vado\u0161\u0101 ra\u017eot\u0101ja Delta Taiv\u0101nas frekven\u010du p\u0101rveidot\u0101jiem, Taiv\u0101nas SUS 304 markas ner\u016bs\u0113jo\u0161ajam 7 mm biezajam t\u0113raudam, l\u012bdz s\u012bk\u0101kaj\u0101m deta\u013c\u0101m p\u0101rdom\u0101tai konstrukcijai.<\/p>\n<p>Pelme\u0146u apar\u0101ts &#8211; Ra\u017eot\u0101js: Anko (Anko Food Machine), Taiv\u0101na (vado\u0161ais Taiv\u0101nas ra\u017eot\u0101js ar 30 gadu pieredzi pelme\u0146u iek\u0101rtu ra\u017eo\u0161an\u0101).<\/p>\n<p>Viena no \u0161\u012b pelme\u0146u autom\u0101ta priek\u0161roc\u012bb\u0101m ir faktiski simtprocent\u012bga br\u0101\u0137a neesam\u012bba pirmaj\u0101 palai\u0161anas reiz\u0113 un, p\u0101rk\u0101rtojot produktu uz produktu (ne vair\u0101k k\u0101 nelielas gl\u0101zes apjom\u0101). Da\u017eiem citiem analogiem l\u012bdz pat 15% no pelme\u0146u, vare\u0146iku pa\u0161izmaksas ir br\u0101\u0137is. Produkta p\u0101rk\u0101rto\u0161ana no produkta uz produktu aiz\u0146em 2-3 min\u016btes.<\/p>\n<p>Autom\u0101tisk\u0101 ma\u0161\u012bna pelme\u0146u, vare\u0146iku, khinkali, \u010debureku, mantu ra\u017eo\u0161anai piln\u012bb\u0101 izgatavota no 7 MM BIEZA ner\u016bs\u0113jo\u0161a t\u0113rauda.<\/p>\n<p>Pelme\u0146u, vare\u0146iku, khinkali, \u010debureku, mantu ra\u017eo\u0161anas apar\u0101tam ir \u010detri neatkar\u012bgi pievadi, kas \u013cauj ra\u017eot lielu m\u012bklas izstr\u0101d\u0101jumu asortimentu ar da\u017e\u0101diem pild\u012bjumiem.<\/p>\n<p>M\u012bklu nav nepiecie\u0161ams izrull\u0113t. Ielieciet labi samais\u012btu m\u012bklu pelme\u0146u un vare\u0146iku apar\u0101t\u0101, ievietojiet pild\u012bjumu un iesl\u0113dziet pelme\u0146u un vare\u0146iku autom\u0101tu. Pelme\u0146i, cepamie pelme\u0146i, vare\u0146iki, pavasara rull\u012b\u0161i, p\u012br\u0101gi ar olu, \u0101bolu pild\u012bjumu, samsa, makaroni vai ravioli tiks nekav\u0113joties pagatavoti.<\/p>\n<p><strong>Patenti Taiv\u0101n\u0101: 138136,139367<\/strong><\/p>\n<p>Izm\u0113ri 1150(G) X 570(P) X1700(A) mm<br \/>\nBaro\u0161ana 220\/380\/415V, 50\/60 Hz, viena\/3 f\u0101zes, 3.5 kW<br \/>\nMaks. e\u013c\u013cas saturs 30% (MARGAR\u012aNS)<br \/>\nProdukta svars MIN. 6 g\/ gab. Maks. 100 g\/gab.<\/p>\n<p><strong>Augsta produktivit\u0101te<\/strong><br \/>\nProduktivit\u0101te (gab.\/stund\u0101) Produkcija Produktivit\u0101te (gab.\/stund\u0101) Produkcija<br \/>\nPelme\u0146i 12,000-20,000 Samsa 7000 &#8211; 12000<br \/>\nPavasara rull\u012b\u0161i 7000 \u2013 8400 Makaroni 420 kg\/h<br \/>\nCurry Puff\/Empanadas6300 Ravioli 9000 \u2013 16000<\/p>\n<h4><strong><a href=\"http:\/\/carnitec.com\/wp-content\/uploads\/2016\/03\/pelmeni2.jpg\" rel=\"attachment wp-att-6934\" data-rel=\"lightbox-image-0\" data-rl_title=\"\" data-rl_caption=\"\" title=\"\"><img class=\"alignnone size-thumbnail wp-image-6934\" src=\"http:\/\/carnitec.com\/wp-content\/uploads\/2016\/03\/pelmeni2-150x106.jpg\" alt=\"pelmeni2\" width=\"150\" height=\"106\" \/><\/a><img class=\"alignnone wp-image-6207 size-full\" src=\"http:\/\/carnitec.com\/wp-content\/uploads\/2015\/03\/pelmeni.jpg\" alt=\"pelmeni\" width=\"156\" height=\"106\" \/><a href=\"http:\/\/carnitec.com\/wp-content\/uploads\/2016\/03\/pelmeni3.jpg\" rel=\"attachment wp-att-6925\" data-rel=\"lightbox-image-1\" data-rl_title=\"\" data-rl_caption=\"\" title=\"\"><img class=\"alignnone size-thumbnail wp-image-6925\" src=\"http:\/\/carnitec.com\/wp-content\/uploads\/2016\/03\/pelmeni3-150x106.jpg\" alt=\"pelmeni3\" width=\"150\" height=\"106\" \/><\/a><\/strong><\/h4>\n<h4><\/h4>\n<p>2 glieme\u017eskr\u016bves m\u012bklas pa\u0146em\u0161anai<\/p>\n<p>Zobrats\u016bknis<\/p>\n<p>4 frekven\u010du regul\u0113jama elektropiedzi\u0146a (1 m\u012bklai, 1 form\u0113jo\u0161am modulim, 2 pild\u012bjumam, t.i. 1 glieme\u017eskr\u016bvei un 1 zobrats\u016bknim)<\/p>\n<p>Elektr\u012bbas skapis (ieskaitot ledusskapi ar regul\u0113jumu \u016bdens temperat\u016bru \u010daulas atdzes\u0113\u0161anai)<\/p>\n<p>Pild\u012bjuma veselo gabali\u0146u izm\u0113ri:<br \/>\nPelme\u0146u un vare\u0146iku l\u012bnijas HLT-700 \u2013 l\u012bdz 8 mm<br \/>\nPelme\u0146u un vare\u0146iku autom\u0101ti HLT-700 XL \u2013 l\u012bdz 10 mm, zobrats\u016bknis \u013cauj izmantot savstarp\u0113ji nesaist\u012btus pild\u012bjumus<\/p>\n<h4>Pelme\u0146u, vare\u0146iku u.c. ra\u017eo\u0161anas autom\u0101tu HLT-700 un HLT-700XL priek\u0161roc\u012bbas:<\/h4>\n<p>Var tik izmantota m\u012bkla, daudz mitr\u0101ka m\u012bkla.<br \/>\nAnalogos \u2013 cieta m\u012bkla.<br \/>\nPl\u016bsto\u0161s visu mezglu \u0101trumu regul\u0113jums (l\u012bdz pat desmitda\u013c\u0101m):<br \/>\nM\u012bklas\/pild\u012bjuma sam\u0113ra regul\u0113jums, iesp\u0113ja izv\u0113l\u0113ties nepiecie\u0161amo m\u012bklas biezumu.<\/p>\n<p><iframe loading=\"lazy\" title=\"ANKO HLT-700XL Multipurpose Filling &amp; Forming Machine\" width=\"640\" height=\"480\" src=\"https:\/\/www.youtube.com\/embed\/74zJyW6lnbQ?feature=oembed\" frameborder=\"0\" allow=\"accelerometer; autoplay; clipboard-write; encrypted-media; gyroscope; picture-in-picture\" allowfullscreen><\/iframe><\/p>\n<p>&nbsp;<\/p>\n<p>Revers\u012bv\u0101 glieme\u017eskr\u016bve m\u012bklas pa\u0146em\u0161anas viet\u0101, kas izsl\u0113dz iesp\u0113jam\u0101s probl\u0113mas ar m\u012bklas padevi. M\u012bklu var mest pa gabaliem, nav nepiecie\u0161ams pastumt ar rok\u0101m.<\/p>\n<p>\u010caulas autonom\u0101s dzes\u0113\u0161anas sist\u0113ma teko\u0161a \u016bdens dzes\u0113\u0161anas sist\u0113mas viet\u0101, kas tiek izmantota citos iek\u0101rtu veidos:<br \/>\nNav atkar\u012bga no teko\u0161a \u016bdens temperat\u016bras, nav nepiecie\u0161ama oblig\u0101ta \u016bdens notece telp\u0101.<br \/>\nGlieme\u017eskr\u016bves kompresors pild\u012bjuma padeves stacij\u0101, kur\u0161 tiek regul\u0113ts p\u0113c \u0101truma, kas \u013cauj izmantot daudz pla\u0161\u0101ku pild\u012bjumu diapazonu (daudz bl\u012bv\u0101ka malt\u0101 ga\u013ca, citi pild\u012bjumi ar maz\u0101ku \u016bdens saturu, kas nepie\u013cauj izstr\u0101d\u0101juma apvalka saplais\u0101\u0161anu \u0161oka sasald\u0113\u0161anas laik\u0101.<br \/>\nPelme\u0146u apar\u0101ta HLT-700XL zobrats\u016bknis \u013cauj izmantot savstarp\u0113ji nesaist\u012btu pild\u012bjumu gabalos l\u012bdz 10 mm).<\/p>\n<p>Form\u0113jo\u0161\u0101s tvertnes augsti kvalitat\u012bvais speci\u0101lais teflona p\u0101rkl\u0101jums \u013cauj minimiz\u0113t kais\u012b\u0161anu ar miltiem, kas ir milz\u012bga priek\u0161roc\u012bba turpm\u0101kaj\u0101 autom\u0101tiskaj\u0101 fas\u0113\u0161an\u0101.<\/p>\n<p>Ide\u0101li iez\u012bm\u0113tas izstr\u0101d\u0101juma kont\u016bras, k\u0101 ar\u012b 100% izstr\u0101d\u0101juma malu salip\u0161ana, izmantojot daudz m\u012bkst\u0101ku m\u012bklu, iev\u0113rojami paaugstina produkta pat\u0113ri\u0146a kvalit\u0101ti.<\/p>\n<p>Vesel\u0101 pild\u012bjuma izm\u0113rs var b\u016bt l\u012bdz 10 mm.<br \/>\nMinim\u0101lais pelme\u0146a svars \u2013 3 grami, maksim\u0101lais izstr\u0101d\u0101juma svars \u2013 100 grami.<\/p>\n<p>Programmat\u016bra, kura \u013cauj izveidot programmas da\u017e\u0101diem produkcijas veidiem, kas izsl\u0113dz br\u0101\u0137a iesp\u0113jam\u012bbu, veicot p\u0101reju no vienas produkcijas veida uz citu, k\u0101 ar\u012b pirmo reizi iedarbinot ma\u0161\u012bnu.<\/p>\n<p>Pelme\u0146u, vare\u0146iku, khinkali, mantu, ravioli HLT -700XL ra\u017eo\u0161anas l\u012bniju papildus priek\u0161roc\u012bbas.<\/p>\n<p>Pelme\u0146u un vare\u0146iku autom\u0101ts HLT-700XL pie\u0146em jebkuru pild\u012bjumu, piem\u0113ram, Hortex po\u013cu \u0137ir\u0161us ar kauli\u0146u, kuru izm\u0113rs ir liel\u0101ks par 10 m, kartupe\u013cu biezeni (parastais, kuram nav pievienots \u016bdens), biezpienu ar roz\u012bn\u0113m, kap\u0101tus k\u0101postus, malto ga\u013cu ar k\u016bpin\u0101ta spe\u0137a gabali\u0146iem l\u012bdz 10 mm, s\u0101l\u012btu spe\u0137i utt. Pild\u012bjums var b\u016bt \u0161\u0137idrs, sauss, da\u017e\u0101da bl\u012bvuma, ar gabali\u0146iem utt.<\/p>\n<p>Pild\u012bjuma pado\u0161anas \u0101truma palielin\u0101\u0161ana \u013cauj proporcion\u0101li palielin\u0101t form\u0113jo\u0161\u0101s tvertnes un m\u012bklu padodo\u0161\u0101s glieme\u017eskr\u016bves grie\u0161an\u0101s \u0101trumu, kas palielin\u0101s produktivit\u0101ti aptuveni 1,3- 1,5 reizes sal\u012bdzin\u0101jum\u0101 ar pelme\u0146u apar\u0101tiem HLT-700.<\/p>\n<p>Zobrats\u016bknis piln\u012bb\u0101 izsl\u0113dz gaisa piek\u013c\u016b\u0161anu malt\u0101s ga\u013cas un citiem pild\u012bjumiem.<\/p>\n<p>Pild\u012bjuma pado\u0161anas glieme\u017eskr\u016bves un zobrats\u016bk\u0146a atsevi\u0161\u0137a regul\u0113\u0161ana.<\/p>\n<table border=\"0\" width=\"600\" cellspacing=\"0\" cellpadding=\"0\">\n<tbody>\n<tr>\n<td colspan=\"6\">\n<h3 align=\"center\">Formas saraksts<strong><br \/>\n<\/strong><\/h3>\n<\/td>\n<\/tr>\n<tr>\n<td width=\"112\"><\/td>\n<td width=\"70\">\n<div align=\"center\"><strong>Svars<\/strong><\/div>\n<\/td>\n<td width=\"94\">\n<div align=\"center\"><strong>Garums<\/strong><\/div>\n<\/td>\n<td width=\"91\">\n<div align=\"center\"><strong>Platums<\/strong><\/div>\n<\/td>\n<td width=\"94\">\n<div align=\"center\"><strong>Forma<\/strong><\/div>\n<\/td>\n<td width=\"139\">\n<div align=\"center\"><strong>Ra\u017e\u012bba (gab\/h)<\/strong><\/div>\n<\/td>\n<\/tr>\n<tr>\n<td><img src=\"http:\/\/www.anko.com.tw\/Templates\/pic\/custom-made-1.jpg\" alt=\"\" width=\"110\" height=\"73\" \/><\/td>\n<td>\n<div align=\"center\">2~80g<\/div>\n<\/td>\n<td>\n<div align=\"center\">15~125mm<\/div>\n<\/td>\n<td>\n<div align=\"center\">10~50mm<\/div>\n<\/td>\n<td>\n<div align=\"center\">Half Moom<\/div>\n<\/td>\n<td>\n<div align=\"center\">3000~30000<\/div>\n<\/td>\n<\/tr>\n<tr>\n<td><img src=\"http:\/\/www.anko.com.tw\/Templates\/pic\/custom-made-2.jpg\" alt=\"\" width=\"110\" height=\"73\" \/><\/td>\n<td>\n<div align=\"center\">15~100g<\/div>\n<\/td>\n<td>\n<div align=\"center\">60~120mm<\/div>\n<\/td>\n<td>\n<div align=\"center\">50~85mm<\/div>\n<\/td>\n<td>\n<div align=\"center\">Triangle<\/div>\n<\/td>\n<td>\n<div align=\"center\">3000~15000<\/div>\n<\/td>\n<\/tr>\n<tr>\n<td><img src=\"http:\/\/www.anko.com.tw\/Templates\/pic\/custom-made-3.jpg\" alt=\"\" width=\"110\" height=\"73\" \/><\/td>\n<td>\n<div align=\"center\">200g<\/div>\n<\/td>\n<td>\n<div align=\"center\">200mm<\/div>\n<\/td>\n<td>\n<div align=\"center\">100mm<\/div>\n<\/td>\n<td>\n<div align=\"center\">Half Moon<\/div>\n<\/td>\n<td>\n<div align=\"center\">1800<\/div>\n<\/td>\n<\/tr>\n<tr>\n<td><img src=\"http:\/\/www.anko.com.tw\/Templates\/pic\/custom-made-4.jpg\" alt=\"\" width=\"110\" height=\"73\" \/><\/td>\n<td>\n<div align=\"center\">12~75g<\/div>\n<\/td>\n<td>\n<div align=\"center\">30~125mm<\/div>\n<\/td>\n<td>\n<div align=\"center\">30,45mm<\/div>\n<\/td>\n<td>\n<div align=\"center\">Rectangular<\/div>\n<\/td>\n<td>\n<div align=\"center\">3000~15000<\/div>\n<\/td>\n<\/tr>\n<tr>\n<td><img src=\"http:\/\/www.anko.com.tw\/Templates\/pic\/custom-made-5-1.jpg\" alt=\"\" width=\"110\" height=\"73\" \/><\/td>\n<td>\n<div align=\"center\">25g<\/div>\n<\/td>\n<td>\n<div align=\"center\">45~55mm<\/div>\n<\/td>\n<td>\n<div align=\"center\">30~35mm<\/div>\n<\/td>\n<td>\n<div align=\"center\">Irregular<\/div>\n<\/td>\n<td>\n<div align=\"center\">2000<\/div>\n<\/td>\n<\/tr>\n<tr>\n<td><img src=\"http:\/\/www.anko.com.tw\/Templates\/pic\/custom-made-6.jpg\" alt=\"\" width=\"110\" height=\"73\" \/><\/td>\n<td colspan=\"3\">\n<div align=\"center\">p\u0113c individu\u0101la pas\u016bt\u012bjuma<\/div>\n<\/td>\n<td>\n<div align=\"center\">ap\u013cveida<\/div>\n<\/td>\n<td>\n<div align=\"center\">5000~15000<\/div>\n<\/td>\n<\/tr>\n<tr>\n<td><img src=\"http:\/\/www.anko.com.tw\/Templates\/pic\/custom-made-7.jpg\" alt=\"\" width=\"110\" height=\"73\" \/><\/td>\n<td>\n<div align=\"center\">12,16g<\/div>\n<\/td>\n<td>\n<div align=\"center\">45,60g<\/div>\n<\/td>\n<td>\n<div align=\"center\">45,50g<\/div>\n<\/td>\n<td>\n<div align=\"center\">kvadr\u0101ta<\/div>\n<\/td>\n<td>\n<div align=\"center\">5000~15000<\/div>\n<\/td>\n<\/tr>\n<tr>\n<td><img src=\"http:\/\/www.anko.com.tw\/Templates\/pic\/custom-made-8.jpg\" alt=\"\" width=\"110\" height=\"73\" \/><\/td>\n<td colspan=\"3\">\n<div align=\"center\">\n<div align=\"center\">p\u0113c individu\u0101la pas\u016bt\u012bjuma<\/div>\n<\/div>\n<\/td>\n<td>\n<div align=\"center\">dz\u012bvnieku forma<\/div>\n<\/td>\n<td>\n<div align=\"center\">atkar\u012bgi no produkta izm\u0113ra<\/div>\n<\/td>\n<\/tr>\n<\/tbody>\n<\/table>\n<h3><\/h3>\n<h3><\/h3>\n","protected":false},"excerpt":{"rendered":"<p>Pelme\u0146u autom\u0101tu HLT-700, HLT-700XL, EA-100K mont\u0101\u017eas un izmantoto materi\u0101lu lielisk\u0101 kvalit\u0101te sasniegta, pateicoties jap\u0101\u0146u gult\u0146iem, it\u0101\u013cu motorreduktoriem, pasaules vado\u0161\u0101 ra\u017eot\u0101ja Delta Taiv\u0101nas frekven\u010du p\u0101rveidot\u0101jiem, Taiv\u0101nas SUS 304 markas ner\u016bs\u0113jo\u0161ajam 7 mm biezajam t\u0113raudam, l\u012bdz s\u012bk\u0101kaj\u0101m deta\u013c\u0101m p\u0101rdom\u0101tai konstrukcijai.<\/p>\n","protected":false},"featured_media":58311,"template":"","meta":{"content-type":"","_monsterinsights_skip_tracking":false,"_monsterinsights_sitenote_active":false,"_monsterinsights_sitenote_note":"","_monsterinsights_sitenote_category":0},"product_cat":[1203],"product_tag":[1207,1205,1206,1209,1208],"yoast_head":"<!-- This site is optimized with the Yoast SEO plugin v19.5.1 - https:\/\/yoast.com\/wordpress\/plugins\/seo\/ -->\n<title>Pelme\u0146u apar\u0101ts HLT-700XL - Carnitec<\/title>\n<meta name=\"description\" content=\"Pelme\u0146u apar\u0101ts HLT-700XL. Lab\u0101k\u0101s cenas \u2713 Elast\u012bgi noteikumi \u2713 Tehniskais atbalsts Latvij\u0101 Pieg\u0101de vis\u0101 Latvij\u0101 \u260e +371 29579056\" \/>\n<meta name=\"robots\" content=\"index, follow, max-snippet:-1, max-image-preview:large, max-video-preview:-1\" \/>\n<link rel=\"canonical\" href=\"https:\/\/carnitec.com\/lv\/products\/pelmenu-aparats-hlt-700xl\/\" \/>\n<meta property=\"og:locale\" content=\"lv_LV\" \/>\n<meta property=\"og:type\" content=\"article\" \/>\n<meta property=\"og:title\" content=\"Pelme\u0146u apar\u0101ts HLT-700XL - Carnitec\" \/>\n<meta property=\"og:description\" content=\"Pelme\u0146u apar\u0101ts HLT-700XL. Lab\u0101k\u0101s cenas \u2713 Elast\u012bgi noteikumi \u2713 Tehniskais atbalsts Latvij\u0101 Pieg\u0101de vis\u0101 Latvij\u0101 \u260e +371 29579056\" \/>\n<meta property=\"og:url\" content=\"https:\/\/carnitec.com\/lv\/products\/pelmenu-aparats-hlt-700xl\/\" \/>\n<meta property=\"og:site_name\" content=\"Carnitec\" \/>\n<meta property=\"article:publisher\" content=\"https:\/\/facebook.com\/carnitec1\" \/>\n<meta property=\"article:modified_time\" content=\"2022-02-11T17:00:19+00:00\" \/>\n<meta property=\"og:image\" content=\"https:\/\/carnitec.com\/wp-content\/uploads\/2016\/03\/hlt700xl.jpg\" \/>\n\t<meta property=\"og:image:width\" content=\"700\" \/>\n\t<meta property=\"og:image:height\" content=\"700\" \/>\n\t<meta property=\"og:image:type\" content=\"image\/jpeg\" \/>\n<meta name=\"twitter:card\" content=\"summary\" \/>\n<meta name=\"twitter:site\" content=\"@carnitec_\" \/>\n<meta name=\"twitter:label1\" content=\"Est. reading time\" \/>\n\t<meta name=\"twitter:data1\" content=\"5 min\u016btes\" \/>\n<script type=\"application\/ld+json\" class=\"yoast-schema-graph\">{\"@context\":\"https:\/\/schema.org\",\"@graph\":[{\"@type\":\"WebPage\",\"@id\":\"https:\/\/carnitec.com\/lv\/products\/pelmenu-aparats-hlt-700xl\/\",\"url\":\"https:\/\/carnitec.com\/lv\/products\/pelmenu-aparats-hlt-700xl\/\",\"name\":\"Pelme\u0146u apar\u0101ts HLT-700XL - Carnitec\",\"isPartOf\":{\"@id\":\"https:\/\/carnitec.com\/lv\/#website\"},\"datePublished\":\"2016-03-09T20:09:05+00:00\",\"dateModified\":\"2022-02-11T17:00:19+00:00\",\"description\":\"Pelme\u0146u apar\u0101ts HLT-700XL. Lab\u0101k\u0101s cenas \u2713 Elast\u012bgi noteikumi \u2713 Tehniskais atbalsts Latvij\u0101 Pieg\u0101de vis\u0101 Latvij\u0101 \u260e +371 29579056\",\"breadcrumb\":{\"@id\":\"https:\/\/carnitec.com\/lv\/products\/pelmenu-aparats-hlt-700xl\/#breadcrumb\"},\"inLanguage\":\"lv-LV\",\"potentialAction\":[{\"@type\":\"ReadAction\",\"target\":[\"https:\/\/carnitec.com\/lv\/products\/pelmenu-aparats-hlt-700xl\/\"]}]},{\"@type\":\"BreadcrumbList\",\"@id\":\"https:\/\/carnitec.com\/lv\/products\/pelmenu-aparats-hlt-700xl\/#breadcrumb\",\"itemListElement\":[{\"@type\":\"ListItem\",\"position\":1,\"name\":\"\u0413\u043b\u0430\u0432\u043d\u0430\u044f \u0441\u0442\u0440\u0430\u043d\u0438\u0446\u0430\",\"item\":\"https:\/\/carnitec.com\/lv\/\"},{\"@type\":\"ListItem\",\"position\":2,\"name\":\"\u0422\u043e\u0432\u0430\u0440\u044b\",\"item\":\"https:\/\/carnitec.com\/shop\/\"},{\"@type\":\"ListItem\",\"position\":3,\"name\":\"Pelme\u0146u apar\u0101ts HLT-700XL\"}]},{\"@type\":\"WebSite\",\"@id\":\"https:\/\/carnitec.com\/lv\/#website\",\"url\":\"https:\/\/carnitec.com\/lv\/\",\"name\":\"Carnitec\",\"description\":\"P\u0101rtikas r\u016bpniec\u012bbas iek\u0101rtas\",\"publisher\":{\"@id\":\"https:\/\/carnitec.com\/lv\/#organization\"},\"potentialAction\":[{\"@type\":\"SearchAction\",\"target\":{\"@type\":\"EntryPoint\",\"urlTemplate\":\"https:\/\/carnitec.com\/lv\/?s={search_term_string}\"},\"query-input\":\"required name=search_term_string\"}],\"inLanguage\":\"lv-LV\"},{\"@type\":\"Organization\",\"@id\":\"https:\/\/carnitec.com\/lv\/#organization\",\"name\":\"Carnitec - food processing equipment\",\"url\":\"https:\/\/carnitec.com\/lv\/\",\"sameAs\":[\"https:\/\/www.instagram.com\/carnitec\/?hl=en\",\"https:\/\/www.linkedin.com\/company\/carnitec-ltd\/\",\"https:\/\/www.youtube.com\/channel\/UCwfiuJujkF2QxPPZAqB0T2w\",\"https:\/\/facebook.com\/carnitec1\",\"https:\/\/twitter.com\/carnitec_\"],\"logo\":{\"@type\":\"ImageObject\",\"inLanguage\":\"lv-LV\",\"@id\":\"https:\/\/carnitec.com\/lv\/#\/schema\/logo\/image\/\",\"url\":\"http:\/\/carnitec.com\/wp-content\/uploads\/2018\/01\/carnitec_logo_2018.png\",\"contentUrl\":\"http:\/\/carnitec.com\/wp-content\/uploads\/2018\/01\/carnitec_logo_2018.png\",\"width\":180,\"height\":50,\"caption\":\"Carnitec - food processing equipment\"},\"image\":{\"@id\":\"https:\/\/carnitec.com\/lv\/#\/schema\/logo\/image\/\"}}]}<\/script>\n<!-- \/ Yoast SEO plugin. -->","yoast_head_json":{"title":"Pelme\u0146u apar\u0101ts HLT-700XL - Carnitec","description":"Pelme\u0146u apar\u0101ts HLT-700XL. Lab\u0101k\u0101s cenas \u2713 Elast\u012bgi noteikumi \u2713 Tehniskais atbalsts Latvij\u0101 Pieg\u0101de vis\u0101 Latvij\u0101 \u260e +371 29579056","robots":{"index":"index","follow":"follow","max-snippet":"max-snippet:-1","max-image-preview":"max-image-preview:large","max-video-preview":"max-video-preview:-1"},"canonical":"https:\/\/carnitec.com\/lv\/products\/pelmenu-aparats-hlt-700xl\/","og_locale":"lv_LV","og_type":"article","og_title":"Pelme\u0146u apar\u0101ts HLT-700XL - Carnitec","og_description":"Pelme\u0146u apar\u0101ts HLT-700XL. Lab\u0101k\u0101s cenas \u2713 Elast\u012bgi noteikumi \u2713 Tehniskais atbalsts Latvij\u0101 Pieg\u0101de vis\u0101 Latvij\u0101 \u260e +371 29579056","og_url":"https:\/\/carnitec.com\/lv\/products\/pelmenu-aparats-hlt-700xl\/","og_site_name":"Carnitec","article_publisher":"https:\/\/facebook.com\/carnitec1","article_modified_time":"2022-02-11T17:00:19+00:00","og_image":[{"width":700,"height":700,"url":"https:\/\/carnitec.com\/wp-content\/uploads\/2016\/03\/hlt700xl.jpg","type":"image\/jpeg"}],"twitter_card":"summary","twitter_site":"@carnitec_","twitter_misc":{"Est. reading time":"5 min\u016btes"},"schema":{"@context":"https:\/\/schema.org","@graph":[{"@type":"WebPage","@id":"https:\/\/carnitec.com\/lv\/products\/pelmenu-aparats-hlt-700xl\/","url":"https:\/\/carnitec.com\/lv\/products\/pelmenu-aparats-hlt-700xl\/","name":"Pelme\u0146u apar\u0101ts HLT-700XL - Carnitec","isPartOf":{"@id":"https:\/\/carnitec.com\/lv\/#website"},"datePublished":"2016-03-09T20:09:05+00:00","dateModified":"2022-02-11T17:00:19+00:00","description":"Pelme\u0146u apar\u0101ts HLT-700XL. Lab\u0101k\u0101s cenas \u2713 Elast\u012bgi noteikumi \u2713 Tehniskais atbalsts Latvij\u0101 Pieg\u0101de vis\u0101 Latvij\u0101 \u260e +371 29579056","breadcrumb":{"@id":"https:\/\/carnitec.com\/lv\/products\/pelmenu-aparats-hlt-700xl\/#breadcrumb"},"inLanguage":"lv-LV","potentialAction":[{"@type":"ReadAction","target":["https:\/\/carnitec.com\/lv\/products\/pelmenu-aparats-hlt-700xl\/"]}]},{"@type":"BreadcrumbList","@id":"https:\/\/carnitec.com\/lv\/products\/pelmenu-aparats-hlt-700xl\/#breadcrumb","itemListElement":[{"@type":"ListItem","position":1,"name":"\u0413\u043b\u0430\u0432\u043d\u0430\u044f \u0441\u0442\u0440\u0430\u043d\u0438\u0446\u0430","item":"https:\/\/carnitec.com\/lv\/"},{"@type":"ListItem","position":2,"name":"\u0422\u043e\u0432\u0430\u0440\u044b","item":"https:\/\/carnitec.com\/shop\/"},{"@type":"ListItem","position":3,"name":"Pelme\u0146u apar\u0101ts HLT-700XL"}]},{"@type":"WebSite","@id":"https:\/\/carnitec.com\/lv\/#website","url":"https:\/\/carnitec.com\/lv\/","name":"Carnitec","description":"P\u0101rtikas r\u016bpniec\u012bbas iek\u0101rtas","publisher":{"@id":"https:\/\/carnitec.com\/lv\/#organization"},"potentialAction":[{"@type":"SearchAction","target":{"@type":"EntryPoint","urlTemplate":"https:\/\/carnitec.com\/lv\/?s={search_term_string}"},"query-input":"required name=search_term_string"}],"inLanguage":"lv-LV"},{"@type":"Organization","@id":"https:\/\/carnitec.com\/lv\/#organization","name":"Carnitec - food processing equipment","url":"https:\/\/carnitec.com\/lv\/","sameAs":["https:\/\/www.instagram.com\/carnitec\/?hl=en","https:\/\/www.linkedin.com\/company\/carnitec-ltd\/","https:\/\/www.youtube.com\/channel\/UCwfiuJujkF2QxPPZAqB0T2w","https:\/\/facebook.com\/carnitec1","https:\/\/twitter.com\/carnitec_"],"logo":{"@type":"ImageObject","inLanguage":"lv-LV","@id":"https:\/\/carnitec.com\/lv\/#\/schema\/logo\/image\/","url":"http:\/\/carnitec.com\/wp-content\/uploads\/2018\/01\/carnitec_logo_2018.png","contentUrl":"http:\/\/carnitec.com\/wp-content\/uploads\/2018\/01\/carnitec_logo_2018.png","width":180,"height":50,"caption":"Carnitec - food processing equipment"},"image":{"@id":"https:\/\/carnitec.com\/lv\/#\/schema\/logo\/image\/"}}]}},"_links":{"self":[{"href":"https:\/\/carnitec.com\/lv\/wp-json\/wp\/v2\/product\/6924"}],"collection":[{"href":"https:\/\/carnitec.com\/lv\/wp-json\/wp\/v2\/product"}],"about":[{"href":"https:\/\/carnitec.com\/lv\/wp-json\/wp\/v2\/types\/product"}],"wp:featuredmedia":[{"embeddable":true,"href":"https:\/\/carnitec.com\/lv\/wp-json\/wp\/v2\/media\/58311"}],"wp:attachment":[{"href":"https:\/\/carnitec.com\/lv\/wp-json\/wp\/v2\/media?parent=6924"}],"wp:term":[{"taxonomy":"product_cat","embeddable":true,"href":"https:\/\/carnitec.com\/lv\/wp-json\/wp\/v2\/product_cat?post=6924"},{"taxonomy":"product_tag","embeddable":true,"href":"https:\/\/carnitec.com\/lv\/wp-json\/wp\/v2\/product_tag?post=6924"}],"curies":[{"name":"wp","href":"https:\/\/api.w.org\/{rel}","templated":true}]}}