{"id":6855,"date":"2016-01-10T18:12:47","date_gmt":"2016-03-08T13:51:16","guid":{"rendered":"http:\/\/staging1.carnitec.com\/lv\/?post_type=product&#038;p=6855"},"modified":"2016-07-18T16:25:18","modified_gmt":"2016-07-18T14:25:18","slug":"krutsgabala-zagis-efa-66","status":"publish","type":"product","link":"https:\/\/carnitec.com\/lv\/products\/krutsgabala-zagis-efa-66\/","title":{"rendered":"Kr\u016btsgabala z\u0101\u0123is EFA 66"},"content":{"rendered":"<h2>Kr\u016btsgabala z\u0101\u0123is EFA 66<\/h2>\n<p><a href=\"http:\/\/carnitec.com\/wp-content\/uploads\/2015\/04\/icon_kamel.png\" data-rel=\"lightbox-image-0\" data-rl_title=\"\" data-rl_caption=\"\" title=\"\"><img class=\"alignnone size-full wp-image-5179\" src=\"http:\/\/carnitec.com\/wp-content\/uploads\/2015\/04\/icon_kamel.png\" alt=\"icon_kamel\" width=\"30\" height=\"30\" \/><\/a> <a href=\"http:\/\/carnitec.com\/wp-content\/uploads\/2015\/04\/icon_kalb.png\" data-rel=\"lightbox-image-1\" data-rl_title=\"\" data-rl_caption=\"\" title=\"\"><img class=\"alignnone size-medium wp-image-5182\" src=\"http:\/\/carnitec.com\/wp-content\/uploads\/2015\/04\/icon_kalb.png\" alt=\"icon_kalb\" width=\"30\" height=\"30\" \/><\/a> <a href=\"http:\/\/carnitec.com\/wp-content\/uploads\/2015\/04\/icon_pferd.png\" data-rel=\"lightbox-image-2\" data-rl_title=\"\" data-rl_caption=\"\" title=\"\"><img class=\"alignnone size-medium wp-image-5185\" src=\"http:\/\/carnitec.com\/wp-content\/uploads\/2015\/04\/icon_pferd.png\" alt=\"icon_pferd\" width=\"30\" height=\"30\" \/><\/a> <a href=\"http:\/\/carnitec.com\/wp-content\/uploads\/2015\/04\/icon_schwein.png\" data-rel=\"lightbox-image-3\" data-rl_title=\"\" data-rl_caption=\"\" title=\"\"><img class=\"alignnone size-medium wp-image-5188\" src=\"http:\/\/carnitec.com\/wp-content\/uploads\/2015\/04\/icon_schwein.png\" alt=\"icon_schwein\" width=\"30\" height=\"30\" \/><\/a> <a href=\"http:\/\/carnitec.com\/wp-content\/uploads\/2015\/04\/icon_rind.png\" data-rel=\"lightbox-image-4\" data-rl_title=\"\" data-rl_caption=\"\" title=\"\"><img class=\"alignnone size-medium wp-image-5191\" src=\"http:\/\/carnitec.com\/wp-content\/uploads\/2015\/04\/icon_rind.png\" alt=\"icon_rind\" width=\"30\" height=\"30\" \/><\/a><\/p>\n<p><strong>Kr\u016btsgabala z\u0101\u0123is EFA 66 pielieto\u0161ana:<\/strong><\/p>\n<p>liellopu, c\u016bku , aunu , zirgu, med\u012bbu kr\u016b\u0161u kaula atv\u0113r\u0161ana<\/p>\n<p>Svars 25 kg<\/p>\n<p>&nbsp;<\/p>\n<p>Z\u0101\u0123a pl\u0101tnes garums 312 mm<\/p>\n<p>&nbsp;<\/p>\n<p>Motora jauda 1.800 W<\/p>\n<p>&nbsp;<\/p>\n<p>Elektriska piedzi\u0146a 3x42V 50Hz<\/p>\n<p>L\u0113cienu daudzums min\u016bt\u0113 2.800<br \/>\nAizsardz\u012bbas pak\u0101pe IP65\u00a0 IEC529<\/p>\n<p>&nbsp;<\/p>\n<p><a href=\"http:\/\/carnitec.com\/wp-content\/uploads\/2015\/04\/EFA66.jpg\" data-rel=\"lightbox-image-5\" data-rl_title=\"\" data-rl_caption=\"\" title=\"\"><img class=\"alignnone size-medium wp-image-5176\" src=\"http:\/\/carnitec.com\/wp-content\/uploads\/2015\/04\/EFA66-300x194.jpg\" alt=\"EFA66\" width=\"300\" height=\"194\" \/><\/a><\/p>\n<div style=\"width: 640px;\" class=\"wp-video\"><!--[if lt IE 9]><script>document.createElement('video');<\/script><![endif]-->\n<video class=\"wp-video-shortcode\" id=\"video-6855-1\" width=\"640\" height=\"360\" preload=\"metadata\" controls=\"controls\"><source type=\"video\/mp4\" src=\"http:\/\/efa-germany.com\/efa-wAssets\/videos\/EFA-66-57.mp4?_=1\" \/><a href=\"http:\/\/efa-germany.com\/efa-wAssets\/videos\/EFA-66-57.mp4\">http:\/\/efa-germany.com\/efa-wAssets\/videos\/EFA-66-57.mp4<\/a><\/video><\/div>\n<p>&nbsp;<\/p>\n","protected":false},"excerpt":{"rendered":"<p>Kr\u016btsgabala z\u0101\u0123is EFA 66<\/p>\n","protected":false},"featured_media":6856,"template":"","meta":{"content-type":"","_monsterinsights_skip_tracking":false,"_monsterinsights_sitenote_active":false,"_monsterinsights_sitenote_note":"","_monsterinsights_sitenote_category":0},"product_cat":[951],"product_tag":[],"yoast_head":"<!-- This site is optimized with the Yoast SEO plugin v19.5.1 - https:\/\/yoast.com\/wordpress\/plugins\/seo\/ -->\n<title>Kr\u016btsgabala z\u0101\u0123is EFA 66 - Carnitec<\/title>\n<meta name=\"robots\" content=\"index, follow, max-snippet:-1, max-image-preview:large, max-video-preview:-1\" \/>\n<link rel=\"canonical\" href=\"https:\/\/carnitec.com\/lv\/products\/krutsgabala-zagis-efa-66\/\" \/>\n<meta property=\"og:locale\" content=\"lv_LV\" \/>\n<meta property=\"og:type\" content=\"article\" \/>\n<meta property=\"og:title\" content=\"Kr\u016btsgabala z\u0101\u0123is EFA 66 - Carnitec\" \/>\n<meta property=\"og:description\" content=\"Kr\u016btsgabala z\u0101\u0123is EFA 66\" \/>\n<meta property=\"og:url\" content=\"https:\/\/carnitec.com\/lv\/products\/krutsgabala-zagis-efa-66\/\" \/>\n<meta property=\"og:site_name\" content=\"Carnitec\" \/>\n<meta property=\"article:publisher\" content=\"https:\/\/facebook.com\/carnitec1\" \/>\n<meta property=\"article:modified_time\" content=\"2016-07-18T14:25:18+00:00\" \/>\n<meta property=\"og:image\" content=\"https:\/\/carnitec.com\/wp-content\/uploads\/2016\/01\/EFA66.jpg\" \/>\n\t<meta property=\"og:image:width\" content=\"600\" \/>\n\t<meta property=\"og:image:height\" content=\"389\" \/>\n\t<meta property=\"og:image:type\" content=\"image\/jpeg\" \/>\n<meta name=\"twitter:card\" content=\"summary\" \/>\n<meta name=\"twitter:site\" content=\"@carnitec_\" \/>\n<script type=\"application\/ld+json\" class=\"yoast-schema-graph\">{\"@context\":\"https:\/\/schema.org\",\"@graph\":[{\"@type\":\"WebPage\",\"@id\":\"https:\/\/carnitec.com\/lv\/products\/krutsgabala-zagis-efa-66\/\",\"url\":\"https:\/\/carnitec.com\/lv\/products\/krutsgabala-zagis-efa-66\/\",\"name\":\"Kr\u016btsgabala z\u0101\u0123is EFA 66 - Carnitec\",\"isPartOf\":{\"@id\":\"https:\/\/carnitec.com\/lv\/#website\"},\"datePublished\":\"2016-03-08T13:51:16+00:00\",\"dateModified\":\"2016-07-18T14:25:18+00:00\",\"breadcrumb\":{\"@id\":\"https:\/\/carnitec.com\/lv\/products\/krutsgabala-zagis-efa-66\/#breadcrumb\"},\"inLanguage\":\"lv-LV\",\"potentialAction\":[{\"@type\":\"ReadAction\",\"target\":[\"https:\/\/carnitec.com\/lv\/products\/krutsgabala-zagis-efa-66\/\"]}]},{\"@type\":\"BreadcrumbList\",\"@id\":\"https:\/\/carnitec.com\/lv\/products\/krutsgabala-zagis-efa-66\/#breadcrumb\",\"itemListElement\":[{\"@type\":\"ListItem\",\"position\":1,\"name\":\"\u0413\u043b\u0430\u0432\u043d\u0430\u044f \u0441\u0442\u0440\u0430\u043d\u0438\u0446\u0430\",\"item\":\"https:\/\/carnitec.com\/lv\/\"},{\"@type\":\"ListItem\",\"position\":2,\"name\":\"\u0422\u043e\u0432\u0430\u0440\u044b\",\"item\":\"https:\/\/carnitec.com\/shop\/\"},{\"@type\":\"ListItem\",\"position\":3,\"name\":\"Kr\u016btsgabala z\u0101\u0123is EFA 66\"}]},{\"@type\":\"WebSite\",\"@id\":\"https:\/\/carnitec.com\/lv\/#website\",\"url\":\"https:\/\/carnitec.com\/lv\/\",\"name\":\"Carnitec\",\"description\":\"P\u0101rtikas r\u016bpniec\u012bbas iek\u0101rtas\",\"publisher\":{\"@id\":\"https:\/\/carnitec.com\/lv\/#organization\"},\"potentialAction\":[{\"@type\":\"SearchAction\",\"target\":{\"@type\":\"EntryPoint\",\"urlTemplate\":\"https:\/\/carnitec.com\/lv\/?s={search_term_string}\"},\"query-input\":\"required name=search_term_string\"}],\"inLanguage\":\"lv-LV\"},{\"@type\":\"Organization\",\"@id\":\"https:\/\/carnitec.com\/lv\/#organization\",\"name\":\"Carnitec - food processing equipment\",\"url\":\"https:\/\/carnitec.com\/lv\/\",\"sameAs\":[\"https:\/\/www.instagram.com\/carnitec\/?hl=en\",\"https:\/\/www.linkedin.com\/company\/carnitec-ltd\/\",\"https:\/\/www.youtube.com\/channel\/UCwfiuJujkF2QxPPZAqB0T2w\",\"https:\/\/facebook.com\/carnitec1\",\"https:\/\/twitter.com\/carnitec_\"],\"logo\":{\"@type\":\"ImageObject\",\"inLanguage\":\"lv-LV\",\"@id\":\"https:\/\/carnitec.com\/lv\/#\/schema\/logo\/image\/\",\"url\":\"http:\/\/carnitec.com\/wp-content\/uploads\/2018\/01\/carnitec_logo_2018.png\",\"contentUrl\":\"http:\/\/carnitec.com\/wp-content\/uploads\/2018\/01\/carnitec_logo_2018.png\",\"width\":180,\"height\":50,\"caption\":\"Carnitec - food processing equipment\"},\"image\":{\"@id\":\"https:\/\/carnitec.com\/lv\/#\/schema\/logo\/image\/\"}}]}<\/script>\n<!-- \/ Yoast SEO plugin. -->","yoast_head_json":{"title":"Kr\u016btsgabala z\u0101\u0123is EFA 66 - Carnitec","robots":{"index":"index","follow":"follow","max-snippet":"max-snippet:-1","max-image-preview":"max-image-preview:large","max-video-preview":"max-video-preview:-1"},"canonical":"https:\/\/carnitec.com\/lv\/products\/krutsgabala-zagis-efa-66\/","og_locale":"lv_LV","og_type":"article","og_title":"Kr\u016btsgabala z\u0101\u0123is EFA 66 - Carnitec","og_description":"Kr\u016btsgabala z\u0101\u0123is EFA 66","og_url":"https:\/\/carnitec.com\/lv\/products\/krutsgabala-zagis-efa-66\/","og_site_name":"Carnitec","article_publisher":"https:\/\/facebook.com\/carnitec1","article_modified_time":"2016-07-18T14:25:18+00:00","og_image":[{"width":600,"height":389,"url":"https:\/\/carnitec.com\/wp-content\/uploads\/2016\/01\/EFA66.jpg","type":"image\/jpeg"}],"twitter_card":"summary","twitter_site":"@carnitec_","schema":{"@context":"https:\/\/schema.org","@graph":[{"@type":"WebPage","@id":"https:\/\/carnitec.com\/lv\/products\/krutsgabala-zagis-efa-66\/","url":"https:\/\/carnitec.com\/lv\/products\/krutsgabala-zagis-efa-66\/","name":"Kr\u016btsgabala z\u0101\u0123is EFA 66 - Carnitec","isPartOf":{"@id":"https:\/\/carnitec.com\/lv\/#website"},"datePublished":"2016-03-08T13:51:16+00:00","dateModified":"2016-07-18T14:25:18+00:00","breadcrumb":{"@id":"https:\/\/carnitec.com\/lv\/products\/krutsgabala-zagis-efa-66\/#breadcrumb"},"inLanguage":"lv-LV","potentialAction":[{"@type":"ReadAction","target":["https:\/\/carnitec.com\/lv\/products\/krutsgabala-zagis-efa-66\/"]}]},{"@type":"BreadcrumbList","@id":"https:\/\/carnitec.com\/lv\/products\/krutsgabala-zagis-efa-66\/#breadcrumb","itemListElement":[{"@type":"ListItem","position":1,"name":"\u0413\u043b\u0430\u0432\u043d\u0430\u044f \u0441\u0442\u0440\u0430\u043d\u0438\u0446\u0430","item":"https:\/\/carnitec.com\/lv\/"},{"@type":"ListItem","position":2,"name":"\u0422\u043e\u0432\u0430\u0440\u044b","item":"https:\/\/carnitec.com\/shop\/"},{"@type":"ListItem","position":3,"name":"Kr\u016btsgabala z\u0101\u0123is EFA 66"}]},{"@type":"WebSite","@id":"https:\/\/carnitec.com\/lv\/#website","url":"https:\/\/carnitec.com\/lv\/","name":"Carnitec","description":"P\u0101rtikas r\u016bpniec\u012bbas iek\u0101rtas","publisher":{"@id":"https:\/\/carnitec.com\/lv\/#organization"},"potentialAction":[{"@type":"SearchAction","target":{"@type":"EntryPoint","urlTemplate":"https:\/\/carnitec.com\/lv\/?s={search_term_string}"},"query-input":"required name=search_term_string"}],"inLanguage":"lv-LV"},{"@type":"Organization","@id":"https:\/\/carnitec.com\/lv\/#organization","name":"Carnitec - food processing equipment","url":"https:\/\/carnitec.com\/lv\/","sameAs":["https:\/\/www.instagram.com\/carnitec\/?hl=en","https:\/\/www.linkedin.com\/company\/carnitec-ltd\/","https:\/\/www.youtube.com\/channel\/UCwfiuJujkF2QxPPZAqB0T2w","https:\/\/facebook.com\/carnitec1","https:\/\/twitter.com\/carnitec_"],"logo":{"@type":"ImageObject","inLanguage":"lv-LV","@id":"https:\/\/carnitec.com\/lv\/#\/schema\/logo\/image\/","url":"http:\/\/carnitec.com\/wp-content\/uploads\/2018\/01\/carnitec_logo_2018.png","contentUrl":"http:\/\/carnitec.com\/wp-content\/uploads\/2018\/01\/carnitec_logo_2018.png","width":180,"height":50,"caption":"Carnitec - food processing equipment"},"image":{"@id":"https:\/\/carnitec.com\/lv\/#\/schema\/logo\/image\/"}}]}},"_links":{"self":[{"href":"https:\/\/carnitec.com\/lv\/wp-json\/wp\/v2\/product\/6855"}],"collection":[{"href":"https:\/\/carnitec.com\/lv\/wp-json\/wp\/v2\/product"}],"about":[{"href":"https:\/\/carnitec.com\/lv\/wp-json\/wp\/v2\/types\/product"}],"wp:featuredmedia":[{"embeddable":true,"href":"https:\/\/carnitec.com\/lv\/wp-json\/wp\/v2\/media\/6856"}],"wp:attachment":[{"href":"https:\/\/carnitec.com\/lv\/wp-json\/wp\/v2\/media?parent=6855"}],"wp:term":[{"taxonomy":"product_cat","embeddable":true,"href":"https:\/\/carnitec.com\/lv\/wp-json\/wp\/v2\/product_cat?post=6855"},{"taxonomy":"product_tag","embeddable":true,"href":"https:\/\/carnitec.com\/lv\/wp-json\/wp\/v2\/product_tag?post=6855"}],"curies":[{"name":"wp","href":"https:\/\/api.w.org\/{rel}","templated":true}]}}