{"id":6844,"date":"2016-01-29T17:40:19","date_gmt":"2016-03-08T13:38:59","guid":{"rendered":"http:\/\/staging1.carnitec.com\/lv\/?post_type=product&#038;p=6844"},"modified":"2017-03-25T13:25:10","modified_gmt":"2017-03-25T11:25:10","slug":"geneglace-zvinu-ledus-generatori","status":"publish","type":"product","link":"https:\/\/carnitec.com\/lv\/products\/geneglace-zvinu-ledus-generatori\/","title":{"rendered":"GEA Geneglace zv\u012b\u0146u ledus \u0123eneratori"},"content":{"rendered":"<p>Geneglace zv\u012b\u0146u ledus \u0123eneratori bez sald\u0113\u0161anas iek\u0101rtas ar produktivit\u0101tes diapazonu no 500 kg l\u012bdz 50 tonn\u0101m dien\u0101.<\/p>\n<p><!--more--><br \/>\nGeneglace ledus \u0123eneratora ra\u017eotais p\u0101rdzes\u0113t\u0101 zv\u012b\u0146u ledus pl\u0113k\u0161\u0146u biezums ir no 1 l\u012bdz 2,2 mm ar temperat\u016bru aptuveni -5C. Sara\u017eotajam ledum ir liela virsmas plat\u012bba, tam ir augsta absorbcijas un dzes\u0113\u0161anas sp\u0113ja. \u0145emot v\u0113r\u0101 to, ka griezuma viet\u0101 netiek padots \u016bdens, rezult\u0101t\u0101 san\u0101k sauss drupans produkts, kas nesal\u012bp blokos. Tas kvalitat\u012bvi absorb\u0113 siltumu un \u0101tri atdzes\u0113 produktus, uz ilgu laiku saglab\u0101jot tos svaigus. Tam nav \u0161\u0137aut\u0146u un asu st\u016bru, kas boj\u0101tu produktu un iepakojuma \u0101r\u0113jo izskatu.<\/p>\n<p>F s\u0113rija pied\u0101v\u0101 Geneglace ledus \u0123eneratorus bez sald\u0113\u0161anas iek\u0101rtas. To produktivit\u0101te ir no 300 l\u012bdz 36\u00a0000 kg ledus diennakt\u012b ar gaisa temperat\u016bru +25C. Vid\u0113j\u0101 \u016bdens temperat\u016bra izej\u0101 uz apar\u0101tu ir +15C. Iek\u0101rtas \u016bdens pat\u0113ri\u0146\u0161 ir no 0,3 l\u012bdz 30 kubikmetriem diennakt\u012b.<\/p>\n<p><strong>Pielieto\u0161ana<\/strong>:<\/p>\n<ul>\n<li>zivsaimniec\u012bb\u0101 \u2013 svaigu zivju pieg\u0101dei no ku\u0123iem vai ostas ledusskapjiem l\u012bdz veikaliem, nezaud\u0113jot uzglab\u0101\u0161anas kvalit\u0101ti (zv\u012b\u0146u ledus pielieto\u0161ana palielina svaigu zivju uzglab\u0101\u0161anas termi\u0146u no 1 l\u012bdz 10 dien\u0101m), atdzes\u0113\u0161anai (1 t svaigu zivju atdzes\u0113\u0161anai no 26\u00b0\u0421 l\u012bdz 0 \u00b0\u0421 ir nepiecie\u0161ami 250 kg ledus);<\/li>\n<li>desu ra\u017eo\u0161an\u0101 malt\u0101s masas atdzes\u0113\u0161anai (maltajai masai pievienotais ledus sasmalcin\u0101\u0161anas proces\u0101 nov\u0113r\u0161 mais\u012bjuma temperat\u016bras paaugstin\u0101\u0161anos un pievieno tai \u016bdeni, kas nepiecie\u0161ams \u013coti kvalitat\u012bvas malt\u0101s masas pagatavo\u0161anai);<\/li>\n<li>tirdzniec\u012bb\u0101 produktu kvalitat\u012bv\u0101 izskata saglab\u0101\u0161anai;<\/li>\n<li>medic\u012bn\u0101 un daudz\u0101s cit\u0101s r\u016bpniec\u012bbas nozar\u0113s<\/li>\n<\/ul>\n<p><strong>Geneglace ledus \u0123eneratoru individu\u0101l\u0101s \u012bpatn\u012bbas ir:<\/strong><\/p>\n<ul>\n<li>sara\u017eotais ledus ir sauss un p\u0101ratdzes\u0113ts, kas nosaka t\u0101 augsto dzes\u0113\u0161anas un absorbcijas sp\u0113ju;<\/li>\n<li>sara\u017eotais ledus ir drupans, tas nesal\u012bp blokos;<\/li>\n<li>ledus tiek izstr\u0101d\u0101ts bez asiem le\u0146\u0137iem un \u0161\u0137autn\u0113m, t\u0101p\u0113c tas neboj\u0101 produktu un iepakojuma \u0101r\u0113jo izskatu.<\/li>\n<\/ul>\n<h2>Ledus veido\u0161an\u0101s process<\/h2>\n<p><a href=\"http:\/\/carnitec.com\/wp-content\/uploads\/2015\/10\/Geneglace_process2.jpg\" rel=\"attachment wp-att-4752\" data-rel=\"lightbox-image-0\" data-rl_title=\"\" data-rl_caption=\"\" title=\"\"><img class=\"alignnone size-thumbnail wp-image-4752\" src=\"http:\/\/carnitec.com\/wp-content\/uploads\/2015\/10\/Geneglace_process2-150x150.jpg\" alt=\"Geneglace_process2\" width=\"150\" height=\"150\" \/><\/a>\u00a0\u00a0<a href=\"http:\/\/carnitec.com\/wp-content\/uploads\/2016\/03\/geneglace_process1.jpg\" rel=\"attachment wp-att-6847\" data-rel=\"lightbox-image-1\" data-rl_title=\"\" data-rl_caption=\"\" title=\"\"><img class=\"alignnone size-thumbnail wp-image-6847\" src=\"http:\/\/carnitec.com\/wp-content\/uploads\/2016\/03\/geneglace_process1-150x150.jpg\" alt=\"geneglace_proces\" width=\"150\" height=\"150\" \/><\/a><\/p>\n<p><em>\u016adens no palikt\u0146a (3) ar s\u016bkni (2) tiek padots caur atver\u0113m (4) uz cilindra iek\u0161\u0113j\u0101m sien\u0101m (1), kuras atdzes\u0113 aukstuma a\u0123ents R-22 (R-404A, R-717), kas iztvaiko starpsienu telp\u0101 (6). Uz cilindra sien\u0101m sasalu\u0161o ledu grie\u017e fr\u0113ze (7), kuru darbina elektromotors (8).<\/em><\/p>\n<h2>Pied\u0101v\u0101juma diapazons<\/h2>\n<table style=\"width: 80%;\" cellspacing=\"1\" cellpadding=\"1\">\n<tbody>\n<tr>\n<td width=\"105\"><strong>Modelis<\/strong><\/td>\n<td width=\"99\"><strong>\u00a0ra\u017eo\u0161anas jauda<\/strong> tonnas \/ 24 h<\/td>\n<\/tr>\n<tr>\n<td width=\"105\">F15<\/td>\n<td width=\"99\">0.5<\/td>\n<\/tr>\n<tr>\n<td width=\"105\">F30<\/td>\n<td width=\"99\">0.65 l\u012bdz 1<\/td>\n<\/tr>\n<tr>\n<td width=\"105\">F90 H<\/td>\n<td width=\"99\">1.6\u00a0l\u012bdz 3<\/td>\n<\/tr>\n<tr>\n<td width=\"105\">F90 V<\/td>\n<td width=\"99\">3\u00a0l\u012bdz 3.5<\/td>\n<\/tr>\n<tr>\n<td width=\"105\">F90 SBF<\/td>\n<td width=\"99\">1.6\u00a0l\u012bdz 3.5<\/td>\n<\/tr>\n<tr>\n<td width=\"105\">F90 SW Seawater<\/td>\n<td width=\"99\">2\u00a0l\u012bdz 3<\/td>\n<\/tr>\n<\/tbody>\n<\/table>\n<p>&nbsp;<\/p>\n<hr \/>\n<h2>Vid\u0113ja ra\u017eotsp\u0113ja<\/h2>\n<table style=\"width: 80%;\" cellspacing=\"1\" cellpadding=\"1\">\n<tbody>\n<tr>\n<td width=\"121\"><strong>Modelis<\/strong><\/td>\n<td width=\"151\"><strong>ra\u017eo\u0161anas jauda<\/strong> tonnas \/ 24 h\u00a0\u00a0Atkar\u012bgi no lieto\u0161anas<\/td>\n<\/tr>\n<tr>\n<td width=\"121\">F200 ABF R404A\/R22<\/td>\n<td width=\"151\">4.5\u00a0l\u012bdz 6.5<\/td>\n<\/tr>\n<tr>\n<td width=\"121\">F200 ABF R717<\/td>\n<td width=\"151\">4.5\u00a0l\u012bdz 6.5<\/td>\n<\/tr>\n<tr>\n<td width=\"121\">F200 SBF<\/td>\n<td width=\"151\">4.5\u00a0l\u012bdz 6.5<\/td>\n<\/tr>\n<tr>\n<td width=\"121\">F250 ABF R404A\/R22<\/td>\n<td width=\"151\">6.5\u00a0l\u012bdz 10<\/td>\n<\/tr>\n<tr>\n<td width=\"121\">F250 ABF R717<\/td>\n<td width=\"151\">6.5\u00a0l\u012bdz 10<\/td>\n<\/tr>\n<tr>\n<td width=\"121\">F250 SBF<\/td>\n<td width=\"151\">6.5\u00a0l\u012bdz 10<\/td>\n<\/tr>\n<\/tbody>\n<\/table>\n<p>SBF : without flood bottle ABF : with flood bottle<\/p>\n<hr \/>\n<h2>Industri\u0101la lieto\u0161ana<\/h2>\n<table style=\"width: 80%;\" cellspacing=\"1\" cellpadding=\"1\">\n<tbody>\n<tr>\n<td width=\"121\"><strong>Modelis<\/strong><\/td>\n<td width=\"151\"><strong>ra\u017eo\u0161anas jauda<\/strong> tonnas \/ 24 h\u00a0\u00a0Atkar\u012bgi no lieto\u0161anas<\/td>\n<\/tr>\n<tr>\n<td width=\"121\">F600 ABF<\/td>\n<td width=\"151\">10\u00a0l\u012bdz 14<\/td>\n<\/tr>\n<tr>\n<td width=\"121\">F600 SBF<\/td>\n<td width=\"151\">10\u00a0l\u012bdz 14<\/td>\n<\/tr>\n<tr>\n<td width=\"121\">F800 ABF<\/td>\n<td width=\"151\">15\u00a0l\u012bdz 20<\/td>\n<\/tr>\n<tr>\n<td width=\"121\">F800 SBF<\/td>\n<td width=\"151\">15\u00a0l\u012bdz 20<\/td>\n<\/tr>\n<tr>\n<td width=\"121\">F900 ABF<\/td>\n<td width=\"151\">20\u00a0l\u012bdz 30<\/td>\n<\/tr>\n<tr>\n<td width=\"121\">F900 SBF<\/td>\n<td width=\"151\">20\u00a0l\u012bdz 30<\/td>\n<\/tr>\n<tr>\n<td width=\"121\">F800-2 ABF<\/td>\n<td width=\"151\">30\u00a0l\u012bdz 36<\/td>\n<\/tr>\n<tr>\n<td width=\"121\">F2000 ABF<\/td>\n<td width=\"151\">30\u00a0l\u012bdz 50<\/td>\n<\/tr>\n<tr>\n<td width=\"121\">F2000 SBF<\/td>\n<td width=\"151\">30\u00a0l\u012bdz 50<\/td>\n<\/tr>\n<\/tbody>\n<\/table>\n<p>SBF : without flood bottle ABF : with flood bottle R22 &#8211; R404A &#8211; R717<\/p>\n<hr \/>\n<h4>Ku\u0123a modeli<\/h4>\n<table style=\"width: 80%;\" cellspacing=\"1\" cellpadding=\"1\">\n<tbody>\n<tr>\n<td width=\"121\"><strong>Modelis<\/strong><\/td>\n<td width=\"151\"><strong>ra\u017eo\u0161anas jauda<\/strong> tonnas \/ 24 h\u00a0\u00a0Atkar\u012bgi no lieto\u0161anas<\/td>\n<\/tr>\n<tr>\n<td width=\"121\">F30M TRI (sald\u016bde\u0146im)<\/td>\n<td width=\"151\">1<\/td>\n<\/tr>\n<tr>\n<td width=\"121\">F100M TRI (sald\u016bde\u0146im)<\/td>\n<td width=\"151\">2.7<\/td>\n<\/tr>\n<tr>\n<td width=\"121\">F100SW TRI (j\u016bras \u016bdens)<\/td>\n<td width=\"151\">2.7<\/td>\n<\/tr>\n<\/tbody>\n<\/table>\n<hr \/>\n<p><a href=\"http:\/\/www.geneglace.fr\/fr-fr\/Components\/Ice%20Machines\/Documents\/Flake%20Ice%20Generators.pdf\" target=\"_blank\"><img class=\"alignleft size-full wp-image-4153\" src=\"http:\/\/carnitec.com\/wp-content\/uploads\/2014\/12\/pdf.png\" alt=\"pdf\" width=\"32\" height=\"32\" \/>PDF Katalogs<\/a><\/p>\n","protected":false},"excerpt":{"rendered":"<p>Geneglace zv\u012b\u0146u ledus \u0123eneratori bez sald\u0113\u0161anas iek\u0101rtas ar produktivit\u0101tes diapazonu no 500 kg l\u012bdz 50 tonn\u0101m dien\u0101.<\/p>\n","protected":false},"featured_media":6851,"template":"","meta":{"content-type":"","_monsterinsights_skip_tracking":false,"_monsterinsights_sitenote_active":false,"_monsterinsights_sitenote_note":"","_monsterinsights_sitenote_category":0},"product_cat":[925],"product_tag":[],"yoast_head":"<!-- This site is optimized with the Yoast SEO plugin v19.5.1 - https:\/\/yoast.com\/wordpress\/plugins\/seo\/ -->\n<title>GEA Geneglace zv\u012b\u0146u ledus \u0123eneratori - Carnitec<\/title>\n<meta name=\"robots\" content=\"index, follow, max-snippet:-1, max-image-preview:large, max-video-preview:-1\" \/>\n<link rel=\"canonical\" href=\"https:\/\/carnitec.com\/lv\/products\/geneglace-zvinu-ledus-generatori\/\" \/>\n<meta property=\"og:locale\" content=\"lv_LV\" \/>\n<meta property=\"og:type\" content=\"article\" \/>\n<meta property=\"og:title\" content=\"GEA Geneglace zv\u012b\u0146u ledus \u0123eneratori - Carnitec\" \/>\n<meta property=\"og:description\" content=\"Geneglace zv\u012b\u0146u ledus \u0123eneratori bez sald\u0113\u0161anas iek\u0101rtas ar produktivit\u0101tes diapazonu no 500 kg l\u012bdz 50 tonn\u0101m dien\u0101.\" \/>\n<meta property=\"og:url\" content=\"https:\/\/carnitec.com\/lv\/products\/geneglace-zvinu-ledus-generatori\/\" \/>\n<meta property=\"og:site_name\" content=\"Carnitec\" \/>\n<meta property=\"article:publisher\" content=\"https:\/\/facebook.com\/carnitec1\" \/>\n<meta property=\"article:modified_time\" content=\"2017-03-25T11:25:10+00:00\" \/>\n<meta property=\"og:image\" content=\"https:\/\/carnitec.com\/wp-content\/uploads\/2016\/01\/GEA_F600-1.jpg\" \/>\n\t<meta property=\"og:image:width\" content=\"827\" \/>\n\t<meta property=\"og:image:height\" content=\"1181\" \/>\n\t<meta property=\"og:image:type\" content=\"image\/jpeg\" \/>\n<meta name=\"twitter:card\" content=\"summary\" \/>\n<meta name=\"twitter:site\" content=\"@carnitec_\" \/>\n<meta name=\"twitter:label1\" content=\"Est. reading time\" \/>\n\t<meta name=\"twitter:data1\" content=\"3 min\u016btes\" \/>\n<script type=\"application\/ld+json\" class=\"yoast-schema-graph\">{\"@context\":\"https:\/\/schema.org\",\"@graph\":[{\"@type\":\"WebPage\",\"@id\":\"https:\/\/carnitec.com\/lv\/products\/geneglace-zvinu-ledus-generatori\/\",\"url\":\"https:\/\/carnitec.com\/lv\/products\/geneglace-zvinu-ledus-generatori\/\",\"name\":\"GEA Geneglace zv\u012b\u0146u ledus \u0123eneratori - Carnitec\",\"isPartOf\":{\"@id\":\"https:\/\/carnitec.com\/lv\/#website\"},\"datePublished\":\"2016-03-08T13:38:59+00:00\",\"dateModified\":\"2017-03-25T11:25:10+00:00\",\"breadcrumb\":{\"@id\":\"https:\/\/carnitec.com\/lv\/products\/geneglace-zvinu-ledus-generatori\/#breadcrumb\"},\"inLanguage\":\"lv-LV\",\"potentialAction\":[{\"@type\":\"ReadAction\",\"target\":[\"https:\/\/carnitec.com\/lv\/products\/geneglace-zvinu-ledus-generatori\/\"]}]},{\"@type\":\"BreadcrumbList\",\"@id\":\"https:\/\/carnitec.com\/lv\/products\/geneglace-zvinu-ledus-generatori\/#breadcrumb\",\"itemListElement\":[{\"@type\":\"ListItem\",\"position\":1,\"name\":\"\u0413\u043b\u0430\u0432\u043d\u0430\u044f \u0441\u0442\u0440\u0430\u043d\u0438\u0446\u0430\",\"item\":\"https:\/\/carnitec.com\/lv\/\"},{\"@type\":\"ListItem\",\"position\":2,\"name\":\"\u0422\u043e\u0432\u0430\u0440\u044b\",\"item\":\"https:\/\/carnitec.com\/shop\/\"},{\"@type\":\"ListItem\",\"position\":3,\"name\":\"GEA Geneglace zv\u012b\u0146u ledus \u0123eneratori\"}]},{\"@type\":\"WebSite\",\"@id\":\"https:\/\/carnitec.com\/lv\/#website\",\"url\":\"https:\/\/carnitec.com\/lv\/\",\"name\":\"Carnitec\",\"description\":\"P\u0101rtikas r\u016bpniec\u012bbas iek\u0101rtas\",\"publisher\":{\"@id\":\"https:\/\/carnitec.com\/lv\/#organization\"},\"potentialAction\":[{\"@type\":\"SearchAction\",\"target\":{\"@type\":\"EntryPoint\",\"urlTemplate\":\"https:\/\/carnitec.com\/lv\/?s={search_term_string}\"},\"query-input\":\"required name=search_term_string\"}],\"inLanguage\":\"lv-LV\"},{\"@type\":\"Organization\",\"@id\":\"https:\/\/carnitec.com\/lv\/#organization\",\"name\":\"Carnitec - food processing equipment\",\"url\":\"https:\/\/carnitec.com\/lv\/\",\"sameAs\":[\"https:\/\/www.instagram.com\/carnitec\/?hl=en\",\"https:\/\/www.linkedin.com\/company\/carnitec-ltd\/\",\"https:\/\/www.youtube.com\/channel\/UCwfiuJujkF2QxPPZAqB0T2w\",\"https:\/\/facebook.com\/carnitec1\",\"https:\/\/twitter.com\/carnitec_\"],\"logo\":{\"@type\":\"ImageObject\",\"inLanguage\":\"lv-LV\",\"@id\":\"https:\/\/carnitec.com\/lv\/#\/schema\/logo\/image\/\",\"url\":\"http:\/\/carnitec.com\/wp-content\/uploads\/2018\/01\/carnitec_logo_2018.png\",\"contentUrl\":\"http:\/\/carnitec.com\/wp-content\/uploads\/2018\/01\/carnitec_logo_2018.png\",\"width\":180,\"height\":50,\"caption\":\"Carnitec - food processing equipment\"},\"image\":{\"@id\":\"https:\/\/carnitec.com\/lv\/#\/schema\/logo\/image\/\"}}]}<\/script>\n<!-- \/ Yoast SEO plugin. -->","yoast_head_json":{"title":"GEA Geneglace zv\u012b\u0146u ledus \u0123eneratori - Carnitec","robots":{"index":"index","follow":"follow","max-snippet":"max-snippet:-1","max-image-preview":"max-image-preview:large","max-video-preview":"max-video-preview:-1"},"canonical":"https:\/\/carnitec.com\/lv\/products\/geneglace-zvinu-ledus-generatori\/","og_locale":"lv_LV","og_type":"article","og_title":"GEA Geneglace zv\u012b\u0146u ledus \u0123eneratori - Carnitec","og_description":"Geneglace zv\u012b\u0146u ledus \u0123eneratori bez sald\u0113\u0161anas iek\u0101rtas ar produktivit\u0101tes diapazonu no 500 kg l\u012bdz 50 tonn\u0101m dien\u0101.","og_url":"https:\/\/carnitec.com\/lv\/products\/geneglace-zvinu-ledus-generatori\/","og_site_name":"Carnitec","article_publisher":"https:\/\/facebook.com\/carnitec1","article_modified_time":"2017-03-25T11:25:10+00:00","og_image":[{"width":827,"height":1181,"url":"https:\/\/carnitec.com\/wp-content\/uploads\/2016\/01\/GEA_F600-1.jpg","type":"image\/jpeg"}],"twitter_card":"summary","twitter_site":"@carnitec_","twitter_misc":{"Est. reading time":"3 min\u016btes"},"schema":{"@context":"https:\/\/schema.org","@graph":[{"@type":"WebPage","@id":"https:\/\/carnitec.com\/lv\/products\/geneglace-zvinu-ledus-generatori\/","url":"https:\/\/carnitec.com\/lv\/products\/geneglace-zvinu-ledus-generatori\/","name":"GEA Geneglace zv\u012b\u0146u ledus \u0123eneratori - Carnitec","isPartOf":{"@id":"https:\/\/carnitec.com\/lv\/#website"},"datePublished":"2016-03-08T13:38:59+00:00","dateModified":"2017-03-25T11:25:10+00:00","breadcrumb":{"@id":"https:\/\/carnitec.com\/lv\/products\/geneglace-zvinu-ledus-generatori\/#breadcrumb"},"inLanguage":"lv-LV","potentialAction":[{"@type":"ReadAction","target":["https:\/\/carnitec.com\/lv\/products\/geneglace-zvinu-ledus-generatori\/"]}]},{"@type":"BreadcrumbList","@id":"https:\/\/carnitec.com\/lv\/products\/geneglace-zvinu-ledus-generatori\/#breadcrumb","itemListElement":[{"@type":"ListItem","position":1,"name":"\u0413\u043b\u0430\u0432\u043d\u0430\u044f \u0441\u0442\u0440\u0430\u043d\u0438\u0446\u0430","item":"https:\/\/carnitec.com\/lv\/"},{"@type":"ListItem","position":2,"name":"\u0422\u043e\u0432\u0430\u0440\u044b","item":"https:\/\/carnitec.com\/shop\/"},{"@type":"ListItem","position":3,"name":"GEA Geneglace zv\u012b\u0146u ledus \u0123eneratori"}]},{"@type":"WebSite","@id":"https:\/\/carnitec.com\/lv\/#website","url":"https:\/\/carnitec.com\/lv\/","name":"Carnitec","description":"P\u0101rtikas r\u016bpniec\u012bbas iek\u0101rtas","publisher":{"@id":"https:\/\/carnitec.com\/lv\/#organization"},"potentialAction":[{"@type":"SearchAction","target":{"@type":"EntryPoint","urlTemplate":"https:\/\/carnitec.com\/lv\/?s={search_term_string}"},"query-input":"required name=search_term_string"}],"inLanguage":"lv-LV"},{"@type":"Organization","@id":"https:\/\/carnitec.com\/lv\/#organization","name":"Carnitec - food processing equipment","url":"https:\/\/carnitec.com\/lv\/","sameAs":["https:\/\/www.instagram.com\/carnitec\/?hl=en","https:\/\/www.linkedin.com\/company\/carnitec-ltd\/","https:\/\/www.youtube.com\/channel\/UCwfiuJujkF2QxPPZAqB0T2w","https:\/\/facebook.com\/carnitec1","https:\/\/twitter.com\/carnitec_"],"logo":{"@type":"ImageObject","inLanguage":"lv-LV","@id":"https:\/\/carnitec.com\/lv\/#\/schema\/logo\/image\/","url":"http:\/\/carnitec.com\/wp-content\/uploads\/2018\/01\/carnitec_logo_2018.png","contentUrl":"http:\/\/carnitec.com\/wp-content\/uploads\/2018\/01\/carnitec_logo_2018.png","width":180,"height":50,"caption":"Carnitec - food processing equipment"},"image":{"@id":"https:\/\/carnitec.com\/lv\/#\/schema\/logo\/image\/"}}]}},"_links":{"self":[{"href":"https:\/\/carnitec.com\/lv\/wp-json\/wp\/v2\/product\/6844"}],"collection":[{"href":"https:\/\/carnitec.com\/lv\/wp-json\/wp\/v2\/product"}],"about":[{"href":"https:\/\/carnitec.com\/lv\/wp-json\/wp\/v2\/types\/product"}],"wp:featuredmedia":[{"embeddable":true,"href":"https:\/\/carnitec.com\/lv\/wp-json\/wp\/v2\/media\/6851"}],"wp:attachment":[{"href":"https:\/\/carnitec.com\/lv\/wp-json\/wp\/v2\/media?parent=6844"}],"wp:term":[{"taxonomy":"product_cat","embeddable":true,"href":"https:\/\/carnitec.com\/lv\/wp-json\/wp\/v2\/product_cat?post=6844"},{"taxonomy":"product_tag","embeddable":true,"href":"https:\/\/carnitec.com\/lv\/wp-json\/wp\/v2\/product_tag?post=6844"}],"curies":[{"name":"wp","href":"https:\/\/api.w.org\/{rel}","templated":true}]}}