{"id":6514,"date":"2016-02-25T20:03:56","date_gmt":"2016-02-25T18:03:56","guid":{"rendered":"http:\/\/carnitec.com\/lv\/?post_type=product&#038;p=6514"},"modified":"2016-04-04T10:48:25","modified_gmt":"2016-04-04T08:48:25","slug":"siera-griezejs-ak-4","status":"publish","type":"product","link":"https:\/\/carnitec.com\/lv\/products\/siera-griezejs-ak-4\/","title":{"rendered":"Siera griez\u0113js AK 4"},"content":{"rendered":"<h2>Siera griez\u0113js AK 4<\/h2>\n<p>Cieta un pus-cieta siera ar apa\u013cu vai kubisku formu \u0113rta grie\u0161ana un porcion\u0113\u0161ana<br \/>\nLaika ekonomija, pilna grie\u0161anas proced\u016bra aiz\u0146em tikai 30 sekundas.<br \/>\n\u0112rta lieto\u0161ana, \u0101tra un viegla t\u012br\u012b\u0161ana.<\/p>\n<h3><strong>TEHNISKIE DATI<\/strong><\/h3>\n<p>(l x w): 771 x 545 mm<br \/>\naugstums ar sl\u0113gto v\u0101ku 545 mm<br \/>\naugstums ar atv\u0113rto v\u0101ku 885 mm<br \/>\nsvars ap. 35 kg<br \/>\nspriegums 230 V, 1 f\u0101ze<br \/>\nnepiecie\u0161ama jauda 0,6 kW<br \/>\nska\u0146a l\u012bmenis izgatavots no ner\u016bs\u0113jo\u0161a t\u0113rauda<br \/>\nteflons, O 420 mm<br \/>\nstandart\u0101 na\u017eu komplekts ar 23 gab.<br \/>\nPieejami papildus grie\u0161anas komplekti, speci\u0101la izpild\u012b\u0161ana p\u0113c pas\u016bt\u012bjuma.<br \/>\nMaksim\u0101lais grie\u0161anas apjoms<br \/>\nap. 300 x 300 mm (kvadr\u0101ta forma)<br \/>\nap. 400 mm (apa\u013ca forma)<br \/>\nSiera grie\u0161anas proced\u016bra tik kontrol\u0113ta elektroniski.<br \/>\nGrie\u0161ana aktiviz\u0113ta ar pogu.<br \/>\nGrie\u0161anas laiks ap. 30 sek.<\/p>\n<h3><\/h3>\n<div class=\"embed-responsive embed-responsive-16by9\"><iframe loading=\"lazy\" title=\"\u0421\u044b\u0440\u043e\u0440\u0435\u0437\u043a\u0430 Scharfen Ak4.avi\" width=\"640\" height=\"480\" src=\"https:\/\/www.youtube.com\/embed\/WMqr_7w32oQ?feature=oembed\" frameborder=\"0\" allow=\"accelerometer; autoplay; clipboard-write; encrypted-media; gyroscope; picture-in-picture\" allowfullscreen><\/iframe><\/div>\n","protected":false},"excerpt":{"rendered":"<p>Cieta un pus-cieta siera ar apa\u013cu vai kubisku formu \u0113rta grie\u0161ana un porcion\u0113\u0161ana<br \/>\nLaika ekonomija, pilna grie\u0161anas proced\u016bra aiz\u0146em tikai 30 sekundas.<br \/>\n\u0112rta lieto\u0161ana, \u0101tra un viegla t\u012br\u012b\u0161ana.<\/p>\n","protected":false},"featured_media":6515,"template":"","meta":{"content-type":"","_monsterinsights_skip_tracking":false,"_monsterinsights_sitenote_active":false,"_monsterinsights_sitenote_note":"","_monsterinsights_sitenote_category":0},"product_cat":[1407],"product_tag":[1127],"yoast_head":"<!-- This site is optimized with the Yoast SEO plugin v19.5.1 - https:\/\/yoast.com\/wordpress\/plugins\/seo\/ -->\n<title>Siera griez\u0113js AK 4 - Carnitec<\/title>\n<meta name=\"description\" content=\"Cieta un pus-cieta siera ar apa\u013cu vai kubisku formu \u0113rta grie\u0161ana un porcion\u0113\u0161ana.\u00a0Laika ekonomija, pilna grie\u0161anas proced\u016bra aiz\u0146em tikai 30 sekundas.\" \/>\n<meta name=\"robots\" content=\"index, follow, max-snippet:-1, max-image-preview:large, max-video-preview:-1\" \/>\n<link rel=\"canonical\" href=\"https:\/\/carnitec.com\/lv\/products\/siera-griezejs-ak-4\/\" \/>\n<meta property=\"og:locale\" content=\"lv_LV\" \/>\n<meta property=\"og:type\" content=\"article\" \/>\n<meta property=\"og:title\" content=\"Siera griez\u0113js AK 4 - Carnitec\" \/>\n<meta property=\"og:description\" content=\"Cieta un pus-cieta siera ar apa\u013cu vai kubisku formu \u0113rta grie\u0161ana un porcion\u0113\u0161ana.\u00a0Laika ekonomija, pilna grie\u0161anas proced\u016bra aiz\u0146em tikai 30 sekundas.\" \/>\n<meta property=\"og:url\" content=\"https:\/\/carnitec.com\/lv\/products\/siera-griezejs-ak-4\/\" \/>\n<meta property=\"og:site_name\" content=\"Carnitec\" \/>\n<meta property=\"article:publisher\" content=\"https:\/\/facebook.com\/carnitec1\" \/>\n<meta property=\"article:modified_time\" content=\"2016-04-04T08:48:25+00:00\" \/>\n<meta property=\"og:image\" content=\"https:\/\/carnitec.com\/wp-content\/uploads\/2016\/02\/Cheese_Cutter.jpg\" \/>\n\t<meta property=\"og:image:width\" content=\"413\" \/>\n\t<meta property=\"og:image:height\" content=\"480\" \/>\n\t<meta property=\"og:image:type\" content=\"image\/jpeg\" \/>\n<meta name=\"twitter:card\" content=\"summary\" \/>\n<meta name=\"twitter:site\" content=\"@carnitec_\" \/>\n<meta name=\"twitter:label1\" content=\"Est. reading time\" \/>\n\t<meta name=\"twitter:data1\" content=\"1 min\u016b\u0161u\" \/>\n<script type=\"application\/ld+json\" class=\"yoast-schema-graph\">{\"@context\":\"https:\/\/schema.org\",\"@graph\":[{\"@type\":\"WebPage\",\"@id\":\"https:\/\/carnitec.com\/lv\/products\/siera-griezejs-ak-4\/\",\"url\":\"https:\/\/carnitec.com\/lv\/products\/siera-griezejs-ak-4\/\",\"name\":\"Siera griez\u0113js AK 4 - Carnitec\",\"isPartOf\":{\"@id\":\"https:\/\/carnitec.com\/lv\/#website\"},\"datePublished\":\"2016-02-25T18:03:56+00:00\",\"dateModified\":\"2016-04-04T08:48:25+00:00\",\"description\":\"Cieta un pus-cieta siera ar apa\u013cu vai kubisku formu \u0113rta grie\u0161ana un porcion\u0113\u0161ana.\u00a0Laika ekonomija, pilna grie\u0161anas proced\u016bra aiz\u0146em tikai 30 sekundas.\",\"breadcrumb\":{\"@id\":\"https:\/\/carnitec.com\/lv\/products\/siera-griezejs-ak-4\/#breadcrumb\"},\"inLanguage\":\"lv-LV\",\"potentialAction\":[{\"@type\":\"ReadAction\",\"target\":[\"https:\/\/carnitec.com\/lv\/products\/siera-griezejs-ak-4\/\"]}]},{\"@type\":\"BreadcrumbList\",\"@id\":\"https:\/\/carnitec.com\/lv\/products\/siera-griezejs-ak-4\/#breadcrumb\",\"itemListElement\":[{\"@type\":\"ListItem\",\"position\":1,\"name\":\"\u0413\u043b\u0430\u0432\u043d\u0430\u044f \u0441\u0442\u0440\u0430\u043d\u0438\u0446\u0430\",\"item\":\"https:\/\/carnitec.com\/lv\/\"},{\"@type\":\"ListItem\",\"position\":2,\"name\":\"\u0422\u043e\u0432\u0430\u0440\u044b\",\"item\":\"https:\/\/carnitec.com\/shop\/\"},{\"@type\":\"ListItem\",\"position\":3,\"name\":\"Siera griez\u0113js AK 4\"}]},{\"@type\":\"WebSite\",\"@id\":\"https:\/\/carnitec.com\/lv\/#website\",\"url\":\"https:\/\/carnitec.com\/lv\/\",\"name\":\"Carnitec\",\"description\":\"P\u0101rtikas r\u016bpniec\u012bbas iek\u0101rtas\",\"publisher\":{\"@id\":\"https:\/\/carnitec.com\/lv\/#organization\"},\"potentialAction\":[{\"@type\":\"SearchAction\",\"target\":{\"@type\":\"EntryPoint\",\"urlTemplate\":\"https:\/\/carnitec.com\/lv\/?s={search_term_string}\"},\"query-input\":\"required name=search_term_string\"}],\"inLanguage\":\"lv-LV\"},{\"@type\":\"Organization\",\"@id\":\"https:\/\/carnitec.com\/lv\/#organization\",\"name\":\"Carnitec - food processing equipment\",\"url\":\"https:\/\/carnitec.com\/lv\/\",\"sameAs\":[\"https:\/\/www.instagram.com\/carnitec\/?hl=en\",\"https:\/\/www.linkedin.com\/company\/carnitec-ltd\/\",\"https:\/\/www.youtube.com\/channel\/UCwfiuJujkF2QxPPZAqB0T2w\",\"https:\/\/facebook.com\/carnitec1\",\"https:\/\/twitter.com\/carnitec_\"],\"logo\":{\"@type\":\"ImageObject\",\"inLanguage\":\"lv-LV\",\"@id\":\"https:\/\/carnitec.com\/lv\/#\/schema\/logo\/image\/\",\"url\":\"http:\/\/carnitec.com\/wp-content\/uploads\/2018\/01\/carnitec_logo_2018.png\",\"contentUrl\":\"http:\/\/carnitec.com\/wp-content\/uploads\/2018\/01\/carnitec_logo_2018.png\",\"width\":180,\"height\":50,\"caption\":\"Carnitec - food processing equipment\"},\"image\":{\"@id\":\"https:\/\/carnitec.com\/lv\/#\/schema\/logo\/image\/\"}}]}<\/script>\n<!-- \/ Yoast SEO plugin. -->","yoast_head_json":{"title":"Siera griez\u0113js AK 4 - Carnitec","description":"Cieta un pus-cieta siera ar apa\u013cu vai kubisku formu \u0113rta grie\u0161ana un porcion\u0113\u0161ana.\u00a0Laika ekonomija, pilna grie\u0161anas proced\u016bra aiz\u0146em tikai 30 sekundas.","robots":{"index":"index","follow":"follow","max-snippet":"max-snippet:-1","max-image-preview":"max-image-preview:large","max-video-preview":"max-video-preview:-1"},"canonical":"https:\/\/carnitec.com\/lv\/products\/siera-griezejs-ak-4\/","og_locale":"lv_LV","og_type":"article","og_title":"Siera griez\u0113js AK 4 - Carnitec","og_description":"Cieta un pus-cieta siera ar apa\u013cu vai kubisku formu \u0113rta grie\u0161ana un porcion\u0113\u0161ana.\u00a0Laika ekonomija, pilna grie\u0161anas proced\u016bra aiz\u0146em tikai 30 sekundas.","og_url":"https:\/\/carnitec.com\/lv\/products\/siera-griezejs-ak-4\/","og_site_name":"Carnitec","article_publisher":"https:\/\/facebook.com\/carnitec1","article_modified_time":"2016-04-04T08:48:25+00:00","og_image":[{"width":413,"height":480,"url":"https:\/\/carnitec.com\/wp-content\/uploads\/2016\/02\/Cheese_Cutter.jpg","type":"image\/jpeg"}],"twitter_card":"summary","twitter_site":"@carnitec_","twitter_misc":{"Est. reading time":"1 min\u016b\u0161u"},"schema":{"@context":"https:\/\/schema.org","@graph":[{"@type":"WebPage","@id":"https:\/\/carnitec.com\/lv\/products\/siera-griezejs-ak-4\/","url":"https:\/\/carnitec.com\/lv\/products\/siera-griezejs-ak-4\/","name":"Siera griez\u0113js AK 4 - Carnitec","isPartOf":{"@id":"https:\/\/carnitec.com\/lv\/#website"},"datePublished":"2016-02-25T18:03:56+00:00","dateModified":"2016-04-04T08:48:25+00:00","description":"Cieta un pus-cieta siera ar apa\u013cu vai kubisku formu \u0113rta grie\u0161ana un porcion\u0113\u0161ana.\u00a0Laika ekonomija, pilna grie\u0161anas proced\u016bra aiz\u0146em tikai 30 sekundas.","breadcrumb":{"@id":"https:\/\/carnitec.com\/lv\/products\/siera-griezejs-ak-4\/#breadcrumb"},"inLanguage":"lv-LV","potentialAction":[{"@type":"ReadAction","target":["https:\/\/carnitec.com\/lv\/products\/siera-griezejs-ak-4\/"]}]},{"@type":"BreadcrumbList","@id":"https:\/\/carnitec.com\/lv\/products\/siera-griezejs-ak-4\/#breadcrumb","itemListElement":[{"@type":"ListItem","position":1,"name":"\u0413\u043b\u0430\u0432\u043d\u0430\u044f \u0441\u0442\u0440\u0430\u043d\u0438\u0446\u0430","item":"https:\/\/carnitec.com\/lv\/"},{"@type":"ListItem","position":2,"name":"\u0422\u043e\u0432\u0430\u0440\u044b","item":"https:\/\/carnitec.com\/shop\/"},{"@type":"ListItem","position":3,"name":"Siera griez\u0113js AK 4"}]},{"@type":"WebSite","@id":"https:\/\/carnitec.com\/lv\/#website","url":"https:\/\/carnitec.com\/lv\/","name":"Carnitec","description":"P\u0101rtikas r\u016bpniec\u012bbas iek\u0101rtas","publisher":{"@id":"https:\/\/carnitec.com\/lv\/#organization"},"potentialAction":[{"@type":"SearchAction","target":{"@type":"EntryPoint","urlTemplate":"https:\/\/carnitec.com\/lv\/?s={search_term_string}"},"query-input":"required name=search_term_string"}],"inLanguage":"lv-LV"},{"@type":"Organization","@id":"https:\/\/carnitec.com\/lv\/#organization","name":"Carnitec - food processing equipment","url":"https:\/\/carnitec.com\/lv\/","sameAs":["https:\/\/www.instagram.com\/carnitec\/?hl=en","https:\/\/www.linkedin.com\/company\/carnitec-ltd\/","https:\/\/www.youtube.com\/channel\/UCwfiuJujkF2QxPPZAqB0T2w","https:\/\/facebook.com\/carnitec1","https:\/\/twitter.com\/carnitec_"],"logo":{"@type":"ImageObject","inLanguage":"lv-LV","@id":"https:\/\/carnitec.com\/lv\/#\/schema\/logo\/image\/","url":"http:\/\/carnitec.com\/wp-content\/uploads\/2018\/01\/carnitec_logo_2018.png","contentUrl":"http:\/\/carnitec.com\/wp-content\/uploads\/2018\/01\/carnitec_logo_2018.png","width":180,"height":50,"caption":"Carnitec - food processing equipment"},"image":{"@id":"https:\/\/carnitec.com\/lv\/#\/schema\/logo\/image\/"}}]}},"_links":{"self":[{"href":"https:\/\/carnitec.com\/lv\/wp-json\/wp\/v2\/product\/6514"}],"collection":[{"href":"https:\/\/carnitec.com\/lv\/wp-json\/wp\/v2\/product"}],"about":[{"href":"https:\/\/carnitec.com\/lv\/wp-json\/wp\/v2\/types\/product"}],"wp:featuredmedia":[{"embeddable":true,"href":"https:\/\/carnitec.com\/lv\/wp-json\/wp\/v2\/media\/6515"}],"wp:attachment":[{"href":"https:\/\/carnitec.com\/lv\/wp-json\/wp\/v2\/media?parent=6514"}],"wp:term":[{"taxonomy":"product_cat","embeddable":true,"href":"https:\/\/carnitec.com\/lv\/wp-json\/wp\/v2\/product_cat?post=6514"},{"taxonomy":"product_tag","embeddable":true,"href":"https:\/\/carnitec.com\/lv\/wp-json\/wp\/v2\/product_tag?post=6514"}],"curies":[{"name":"wp","href":"https:\/\/api.w.org\/{rel}","templated":true}]}}