{"id":6502,"date":"2016-02-25T19:44:08","date_gmt":"2016-02-25T17:50:36","guid":{"rendered":"http:\/\/carnitec.com\/lv\/?post_type=product&#038;p=6502"},"modified":"2016-02-25T19:50:36","modified_gmt":"2016-02-25T17:50:36","slug":"udens-un-gaisa-pistoles","status":"publish","type":"product","link":"https:\/\/carnitec.com\/lv\/products\/udens-un-gaisa-pistoles\/","title":{"rendered":"\u016adens un gaisa pistoles"},"content":{"rendered":"<table border=\"0\" width=\"90%\" cellspacing=\"1\" cellpadding=\"1\">\n<tbody>\n<tr>\n<td valign=\"top\" width=\"213\"><strong>Polipropil\u0113na pistole mod. 7000<\/strong><br \/>\nieeja 1\/2\u201d uzgrieznis + izpl\u016bde 1\/2\u201d uzgrieznis, maks. 25 bar, 60\u00b0C.<\/td>\n<td valign=\"top\" width=\"213\">\n<div><strong>Alum\u012bnija gaisa pistole, mod. 4808<\/strong><\/div>\n<\/td>\n<\/tr>\n<tr>\n<td valign=\"top\" width=\"213\">\n<div>\u00a0<a href=\"http:\/\/carnitec.com\/wp-content\/uploads\/2016\/02\/7000-250x291.jpg\" rel=\"attachment wp-att-6493\" data-rel=\"lightbox-image-0\" data-rl_title=\"\" data-rl_caption=\"\" title=\"\"><img class=\"alignnone size-thumbnail wp-image-6493\" src=\"http:\/\/carnitec.com\/wp-content\/uploads\/2016\/02\/7000-250x291-135x150.jpg\" alt=\"7000\" width=\"135\" height=\"150\" \/><\/a><\/div>\n<\/td>\n<td valign=\"top\" width=\"213\">\n<div>\u00a0<a href=\"http:\/\/carnitec.com\/wp-content\/uploads\/2016\/02\/48082-250x291.jpg\" rel=\"attachment wp-att-6490\" data-rel=\"lightbox-image-1\" data-rl_title=\"\" data-rl_caption=\"\" title=\"\"><img class=\"alignnone size-thumbnail wp-image-6490\" src=\"http:\/\/carnitec.com\/wp-content\/uploads\/2016\/02\/48082-250x291-150x150.jpg\" alt=\"48082\" width=\"150\" height=\"150\" \/><\/a><\/div>\n<\/td>\n<\/tr>\n<tr>\n<td valign=\"top\" width=\"213\"><\/td>\n<td valign=\"top\" width=\"213\"><\/td>\n<\/tr>\n<tr>\n<td valign=\"top\" width=\"213\">\n<div><strong>Profesion\u0101la pistole, mod. 7401<br \/>\n<\/strong>bronzas, ar regul\u0113jamo izsmidzin\u0101\u0161anu, maks. 24 bar, 95\u00b0C EPDM bl\u012bv\u0113t\u0101js, svars 900 g, ar bronzas rot\u0113jo\u0161o savienojumu, ieeja 1\/2\u201d uzgrieznis.<\/div>\n<\/td>\n<td valign=\"top\" width=\"213\">\n<div><strong>Profesion\u0101la \u016bdens pistole, mod. 7401 INOX<\/strong>, ner\u016bs\u0113jo\u0161a t\u0113rauda AISI 316, ar regul\u0113jamo izsmidzin\u0101\u0161anu, maks. 24 bar, 95\u00b0C VITON bl\u012bv\u0113t\u0101js, svars 950 g, bronzas rot\u0113jo\u0161o savienojumu, ieeja 1\/2\u201d uzgrieznis.<\/div>\n<\/td>\n<\/tr>\n<tr>\n<td valign=\"top\" width=\"213\">\n<div>\u00a0<a href=\"http:\/\/carnitec.com\/wp-content\/uploads\/2016\/02\/74012-250x291.jpg\" rel=\"attachment wp-att-6487\" data-rel=\"lightbox-image-2\" data-rl_title=\"\" data-rl_caption=\"\" title=\"\"><img class=\"alignnone size-thumbnail wp-image-6487\" src=\"http:\/\/carnitec.com\/wp-content\/uploads\/2016\/02\/74012-250x291-150x150.jpg\" alt=\"74012\" width=\"150\" height=\"150\" \/><\/a><\/div>\n<\/td>\n<td valign=\"top\" width=\"213\">\n<div>\u00a0<a href=\"http:\/\/carnitec.com\/wp-content\/uploads\/2016\/02\/74012-250x2911.jpg\" rel=\"attachment wp-att-6484\" data-rel=\"lightbox-image-3\" data-rl_title=\"\" data-rl_caption=\"\" title=\"\"><img class=\"alignnone size-thumbnail wp-image-6484\" src=\"http:\/\/carnitec.com\/wp-content\/uploads\/2016\/02\/74012-250x2911-150x150.jpg\" alt=\"74012-\" width=\"150\" height=\"150\" \/><\/a><\/div>\n<\/td>\n<\/tr>\n<tr>\n<td valign=\"top\" width=\"213\"><\/td>\n<td valign=\"top\" width=\"213\"><\/td>\n<\/tr>\n<tr>\n<td valign=\"top\" width=\"213\">\n<div><strong>Profesion\u0101la \u016bdens pistole, mod. 7401 STERIL<\/strong>, ner\u016bs\u0113jo\u0161s t\u0113rauds AISI 316,<br \/>\nar regul\u0113jamo izsmidzin\u0101\u0161anu, maks. 24 bar, 95\u00b0C VITON bl\u012bv\u0113t\u0101js, svars 950 g, ar bronzas rot\u0113jo\u0161o savienojumu, ieeja 1\/2\u201d uzgrieznis.<br \/>\nIesp\u0113jams steriliz\u0113t 160\u00b0 C temperat\u016br\u0101.<\/div>\n<\/td>\n<td valign=\"top\" width=\"213\">\n<div><strong>Profesion\u0101la \u016bdens pistole, mod. 7401 EX<\/strong>ner\u016bs\u0113jo\u0161s t\u0113rauds AISI 316,<br \/>\nar regul\u0113jamo izsmidzin\u0101\u0161anu, maks. 24 bar, 95\u00b0C VITON bl\u012bv\u0113t\u0101js, svars 950 g, ar regul\u0113jamo izsmidzin\u0101\u0161anu, maks. 24 bar, 95\u00b0C VITON bl\u012bv\u0113t\u0101js, svars 950 g, ar bronzas rot\u0113jo\u0161o savienojumu, ieeja 1\/2\u201d uzgrieznis.<br \/>\nUgunsiztur\u012bgs un ar spr\u0101dziendro\u0161\u012bbu.<\/div>\n<\/td>\n<\/tr>\n<tr>\n<td valign=\"top\" width=\"213\">\n<div>\u00a0<a href=\"http:\/\/carnitec.com\/wp-content\/uploads\/2016\/02\/74012-250x291-1.jpg\" rel=\"attachment wp-att-6481\" data-rel=\"lightbox-image-4\" data-rl_title=\"\" data-rl_caption=\"\" title=\"\"><img class=\"alignnone size-thumbnail wp-image-6481\" src=\"http:\/\/carnitec.com\/wp-content\/uploads\/2016\/02\/74012-250x291-1-150x150.jpg\" alt=\"74012-\" width=\"150\" height=\"150\" \/><\/a><\/div>\n<\/td>\n<td valign=\"top\" width=\"213\">\n<div>\u00a0<a href=\"http:\/\/carnitec.com\/wp-content\/uploads\/2016\/02\/7401.jpeg\" rel=\"attachment wp-att-6496\" data-rel=\"lightbox-image-5\" data-rl_title=\"\" data-rl_caption=\"\" title=\"\"><img class=\"alignnone size-thumbnail wp-image-6496\" src=\"http:\/\/carnitec.com\/wp-content\/uploads\/2016\/02\/7401-150x150.jpeg\" alt=\"7401\" width=\"150\" height=\"150\" \/><\/a><\/div>\n<\/td>\n<\/tr>\n<tr>\n<td valign=\"top\" width=\"213\"><\/td>\n<td valign=\"top\" width=\"213\"><\/td>\n<\/tr>\n<tr>\n<td valign=\"top\" width=\"213\">\n<div><strong>Profesion\u0101la viegla \u016bdens pistole, mod. 7401 FOOD<\/strong>, ar regul\u0113jamo izsmidzin\u0101\u0161anu, maks. 12 bar, 50\u00b0C, ieeja 1\/2\u201d uzgrieznis.<br \/>\nDzeramajam \u016bdenim.<\/div>\n<\/td>\n<td valign=\"top\" width=\"213\">\n<div><strong>Profesion\u0101la \u016bdens pistole no hrom\u0113tas bronzas, mod. 7401 T<\/strong>, ar izeju p\u012b\u0137im 1\/2\u201d, maks. 24 bar, 95\u00b0C EPDM bl\u012bv\u0113t\u0101js, svars 900 g, ieeja 1\/2\u201d uzgrieznis, ar bronzas rot\u0113jo\u0161o savienojumu 4925.<\/div>\n<\/td>\n<\/tr>\n<tr>\n<td valign=\"top\" width=\"213\">\n<div>\u00a0<a href=\"http:\/\/carnitec.com\/wp-content\/uploads\/2016\/02\/7401FOOD-250x291.jpg\" rel=\"attachment wp-att-6475\" data-rel=\"lightbox-image-6\" data-rl_title=\"\" data-rl_caption=\"\" title=\"\"><img class=\"alignnone size-thumbnail wp-image-6475\" src=\"http:\/\/carnitec.com\/wp-content\/uploads\/2016\/02\/7401FOOD-250x291-150x150.jpg\" alt=\"7401FOOD\" width=\"150\" height=\"150\" \/><\/a><\/div>\n<\/td>\n<td valign=\"top\" width=\"213\">\n<div>\u00a0<a href=\"http:\/\/carnitec.com\/wp-content\/uploads\/2016\/02\/74012-250x2911-1.jpg\" rel=\"attachment wp-att-6472\" data-rel=\"lightbox-image-7\" data-rl_title=\"\" data-rl_caption=\"\" title=\"\"><img class=\"alignnone size-thumbnail wp-image-6472\" src=\"http:\/\/carnitec.com\/wp-content\/uploads\/2016\/02\/74012-250x2911-1-150x150.jpg\" alt=\"74012\" width=\"150\" height=\"150\" \/><\/a><\/div>\n<\/td>\n<\/tr>\n<tr>\n<td valign=\"top\" width=\"213\"><\/td>\n<td valign=\"top\" width=\"213\"><\/td>\n<\/tr>\n<tr>\n<td valign=\"top\" width=\"213\">\n<div><strong>Viegla mazg\u0101\u0161anas pistole, mod. 7402,<br \/>\n<\/strong>ar regul\u0113jamo izsmidzin\u0101\u0161anu, maks. 10 \u0431\u0430\u0440, 50\u00b0C, svars 400 \u0433, ieeja 1\/2\u201d uzgrieznis, ar bronzas rot\u0113jo\u0161o savienojumu 4925.<\/div>\n<\/td>\n<td valign=\"top\" width=\"213\"><strong>Viegla mazg\u0101\u0161anas pistole. 7402 FOAM\u00a0<\/strong>puto\u0161anai, maks. 10 bar, 50\u00b0C, svars 450 g, ieeja 1\/2\u201d uzgrieznis<\/td>\n<\/tr>\n<tr>\n<td valign=\"top\" width=\"213\">\n<div>\u00a0<a href=\"http:\/\/carnitec.com\/wp-content\/uploads\/2016\/02\/7402LIGHT-OTT1-250x291.jpg\" rel=\"attachment wp-att-6469\" data-rel=\"lightbox-image-8\" data-rl_title=\"\" data-rl_caption=\"\" title=\"\"><img class=\"alignnone size-thumbnail wp-image-6469\" src=\"http:\/\/carnitec.com\/wp-content\/uploads\/2016\/02\/7402LIGHT-OTT1-250x291-150x146.jpg\" alt=\"7402LIGHT\" width=\"150\" height=\"146\" \/><\/a><\/div>\n<\/td>\n<td valign=\"top\" width=\"213\">\n<div>\u00a0<a href=\"http:\/\/carnitec.com\/wp-content\/uploads\/2016\/02\/7402FOAM-250x291.jpg\" rel=\"attachment wp-att-6466\" data-rel=\"lightbox-image-9\" data-rl_title=\"\" data-rl_caption=\"\" title=\"\"><img class=\"alignnone size-thumbnail wp-image-6466\" src=\"http:\/\/carnitec.com\/wp-content\/uploads\/2016\/02\/7402FOAM-250x291-150x150.jpg\" alt=\"7402FOAM\" width=\"150\" height=\"150\" \/><\/a><\/div>\n<\/td>\n<\/tr>\n<tr>\n<td valign=\"top\" width=\"213\"><\/td>\n<td valign=\"top\" width=\"213\"><\/td>\n<\/tr>\n<tr>\n<td valign=\"top\" width=\"213\">\n<div><strong>Viegla mazg\u0101\u0161anas pistole, mod. 7402 OTT, <\/strong>ar regul\u0113jamo izsmidzin\u0101\u0161anu, maks. 10 bar, 50\u00b0C, svars 500 g, ieeja 1\/2\u201d uzgrieznis.<\/div>\n<\/td>\n<td valign=\"top\" width=\"213\"><strong>Viegla mazg\u0101\u0161anas pistole, mod. 7403, <\/strong>ar regul\u0113jamo izsmidzin\u0101\u0161anu, maks. 10 bar, 50\u00b0C, svars 450 g, ieeja 1\/2\u201d uzgrieznis<\/td>\n<\/tr>\n<tr>\n<td valign=\"top\" width=\"213\">\n<div>\u00a0<a href=\"http:\/\/carnitec.com\/wp-content\/uploads\/2016\/02\/7402LIGHT-OTT1-250x291-1.jpg\" rel=\"attachment wp-att-6463\" data-rel=\"lightbox-image-10\" data-rl_title=\"\" data-rl_caption=\"\" title=\"\"><img class=\"alignnone size-thumbnail wp-image-6463\" src=\"http:\/\/carnitec.com\/wp-content\/uploads\/2016\/02\/7402LIGHT-OTT1-250x291-1-150x146.jpg\" alt=\"7402LIGHT-OTT\" width=\"150\" height=\"146\" \/><\/a><\/div>\n<\/td>\n<td valign=\"top\" width=\"213\">\n<div>\u00a0<a href=\"http:\/\/carnitec.com\/wp-content\/uploads\/2016\/02\/74031-250x291.jpg\" rel=\"attachment wp-att-6460\" data-rel=\"lightbox-image-11\" data-rl_title=\"\" data-rl_caption=\"\" title=\"\"><img class=\"alignnone size-thumbnail wp-image-6460\" src=\"http:\/\/carnitec.com\/wp-content\/uploads\/2016\/02\/74031-250x291-150x150.jpg\" alt=\"7403\" width=\"150\" height=\"150\" \/><\/a><\/div>\n<\/td>\n<\/tr>\n<tr>\n<td valign=\"top\" width=\"213\"><\/td>\n<td valign=\"top\" width=\"213\"><\/td>\n<\/tr>\n<tr>\n<td valign=\"top\" width=\"213\"><strong>Profesion\u0101la \u016bdens pistole, mod. 7401 P, <\/strong>ar regul\u0113jamo izsmidzin\u0101\u0161anu, maks. 24 bar, 90\u00b0C, svars 950 g, ieeja 1\/2\u201d uzgrieznis<\/td>\n<td valign=\"top\" width=\"213\">\n<div><strong>Ner\u016bs\u0113jo\u0161a t\u0113rauda pistole, mod. 7013,<\/strong>rot\u0113jo\u0161o savienojumu 1\/2\u201d ieej\u0101, puto\u0161anai un skalo\u0161anai, maks. 80 bar, 80 l\/min, 160\u00b0C, ieeja-\u00adizeja uzgrieznis + uzgrieznis 1\/2\u201d.<\/div>\n<\/td>\n<\/tr>\n<tr>\n<td valign=\"top\" width=\"213\"><\/td>\n<td valign=\"top\" width=\"213\"><\/td>\n<\/tr>\n<tr>\n<td valign=\"top\" width=\"213\">\u00a0<a href=\"http:\/\/carnitec.com\/wp-content\/uploads\/2016\/02\/7401P1-250x291.jpg\" rel=\"attachment wp-att-6457\" data-rel=\"lightbox-image-12\" data-rl_title=\"\" data-rl_caption=\"\" title=\"\"><img class=\"alignnone size-thumbnail wp-image-6457\" src=\"http:\/\/carnitec.com\/wp-content\/uploads\/2016\/02\/7401P1-250x291-150x150.jpg\" alt=\"7401P\" width=\"150\" height=\"150\" \/><\/a><\/td>\n<td valign=\"top\" width=\"213\">\u00a0<a href=\"http:\/\/carnitec.com\/wp-content\/uploads\/2016\/02\/7013-14-162-250x291.jpg\" rel=\"attachment wp-att-6454\" data-rel=\"lightbox-image-13\" data-rl_title=\"\" data-rl_caption=\"\" title=\"\"><img class=\"alignnone size-thumbnail wp-image-6454\" src=\"http:\/\/carnitec.com\/wp-content\/uploads\/2016\/02\/7013-14-162-250x291-150x150.jpg\" alt=\"7013\" width=\"150\" height=\"150\" \/><\/a><\/td>\n<\/tr>\n<tr>\n<td valign=\"top\" width=\"213\">\n<div><strong>Bronzas \u016bdens pistole, mod. 7016, <\/strong>rot\u0113jo\u0161o savienojumu 1\/2\u201d ieej\u0101,<br \/>\nputo\u0161anai un skalo\u0161anai, maks. 80 bar, 80 l\/min, 160\u00b0C, ieeja-\u00adizeja uzgrieznis + uzgrieznis 1\/2\u201d.<\/div>\n<\/td>\n<td valign=\"top\" width=\"213\">\n<div><strong>Ner\u016bs\u0113jo\u0161a t\u0113rauda pistole, mod. 7014,<\/strong>rot\u0113jo\u0161o savienojumu 1\/2\u201d ieej\u0101, puto\u0161anai un skalo\u0161anai, maks. 80 bar, 80 l\/min, 160\u00b0C, ieeja-\u00adizeja uzgrieznis + uzgrieznis 1\/2\u201d.<\/div>\n<\/td>\n<\/tr>\n<tr>\n<td valign=\"top\" width=\"213\">\u00a0<a href=\"http:\/\/carnitec.com\/wp-content\/uploads\/2016\/02\/7013-14-162-250x291-1.jpg\" rel=\"attachment wp-att-6451\" data-rel=\"lightbox-image-14\" data-rl_title=\"\" data-rl_caption=\"\" title=\"\"><img class=\"alignnone size-thumbnail wp-image-6451\" src=\"http:\/\/carnitec.com\/wp-content\/uploads\/2016\/02\/7013-14-162-250x291-1-150x150.jpg\" alt=\"7013\" width=\"150\" height=\"150\" \/><\/a><\/td>\n<td valign=\"top\" width=\"213\">\u00a0<a href=\"http:\/\/carnitec.com\/wp-content\/uploads\/2016\/02\/7013-14-162-250x291-2.jpg\" rel=\"attachment wp-att-6448\" data-rel=\"lightbox-image-15\" data-rl_title=\"\" data-rl_caption=\"\" title=\"\"><img class=\"alignnone size-thumbnail wp-image-6448\" src=\"http:\/\/carnitec.com\/wp-content\/uploads\/2016\/02\/7013-14-162-250x291-2-150x150.jpg\" alt=\"7013\" width=\"150\" height=\"150\" \/><\/a><\/td>\n<\/tr>\n<tr>\n<td valign=\"top\" width=\"213\"><\/td>\n<td valign=\"top\" width=\"213\"><\/td>\n<\/tr>\n<\/tbody>\n<\/table>\n<p>\u016adens un gaisa pistoles<\/p>\n","protected":false},"excerpt":{"rendered":"<p>\u016adens un gaisa pistoles<\/p>\n","protected":false},"featured_media":6501,"template":"","meta":{"content-type":"","_monsterinsights_skip_tracking":false,"_monsterinsights_sitenote_active":false,"_monsterinsights_sitenote_note":"","_monsterinsights_sitenote_category":0},"product_cat":[886,874],"product_tag":[],"yoast_head":"<!-- This site is optimized with the Yoast SEO plugin v19.5.1 - https:\/\/yoast.com\/wordpress\/plugins\/seo\/ -->\n<title>\u016adens un gaisa pistoles - Carnitec<\/title>\n<meta name=\"robots\" content=\"index, follow, max-snippet:-1, max-image-preview:large, max-video-preview:-1\" \/>\n<link rel=\"canonical\" href=\"https:\/\/carnitec.com\/lv\/products\/udens-un-gaisa-pistoles\/\" \/>\n<meta property=\"og:locale\" content=\"lv_LV\" \/>\n<meta property=\"og:type\" content=\"article\" \/>\n<meta property=\"og:title\" content=\"\u016adens un gaisa pistoles - Carnitec\" \/>\n<meta property=\"og:description\" content=\"\u016adens un gaisa pistoles\" \/>\n<meta property=\"og:url\" content=\"https:\/\/carnitec.com\/lv\/products\/udens-un-gaisa-pistoles\/\" \/>\n<meta property=\"og:site_name\" content=\"Carnitec\" \/>\n<meta property=\"article:publisher\" content=\"https:\/\/facebook.com\/carnitec1\" \/>\n<meta property=\"og:image\" content=\"https:\/\/carnitec.com\/wp-content\/uploads\/2016\/02\/download.jpeg\" \/>\n\t<meta property=\"og:image:width\" content=\"208\" \/>\n\t<meta property=\"og:image:height\" content=\"243\" \/>\n\t<meta property=\"og:image:type\" content=\"image\/jpeg\" \/>\n<meta name=\"twitter:card\" content=\"summary\" \/>\n<meta name=\"twitter:site\" content=\"@carnitec_\" \/>\n<meta name=\"twitter:label1\" content=\"Est. reading time\" \/>\n\t<meta name=\"twitter:data1\" content=\"2 min\u016btes\" \/>\n<script type=\"application\/ld+json\" class=\"yoast-schema-graph\">{\"@context\":\"https:\/\/schema.org\",\"@graph\":[{\"@type\":\"WebPage\",\"@id\":\"https:\/\/carnitec.com\/lv\/products\/udens-un-gaisa-pistoles\/\",\"url\":\"https:\/\/carnitec.com\/lv\/products\/udens-un-gaisa-pistoles\/\",\"name\":\"\u016adens un gaisa pistoles - Carnitec\",\"isPartOf\":{\"@id\":\"https:\/\/carnitec.com\/lv\/#website\"},\"datePublished\":\"2016-02-25T17:50:36+00:00\",\"dateModified\":\"2016-02-25T17:50:36+00:00\",\"breadcrumb\":{\"@id\":\"https:\/\/carnitec.com\/lv\/products\/udens-un-gaisa-pistoles\/#breadcrumb\"},\"inLanguage\":\"lv-LV\",\"potentialAction\":[{\"@type\":\"ReadAction\",\"target\":[\"https:\/\/carnitec.com\/lv\/products\/udens-un-gaisa-pistoles\/\"]}]},{\"@type\":\"BreadcrumbList\",\"@id\":\"https:\/\/carnitec.com\/lv\/products\/udens-un-gaisa-pistoles\/#breadcrumb\",\"itemListElement\":[{\"@type\":\"ListItem\",\"position\":1,\"name\":\"\u0413\u043b\u0430\u0432\u043d\u0430\u044f \u0441\u0442\u0440\u0430\u043d\u0438\u0446\u0430\",\"item\":\"https:\/\/carnitec.com\/lv\/\"},{\"@type\":\"ListItem\",\"position\":2,\"name\":\"\u0422\u043e\u0432\u0430\u0440\u044b\",\"item\":\"https:\/\/carnitec.com\/shop\/\"},{\"@type\":\"ListItem\",\"position\":3,\"name\":\"\u016adens un gaisa pistoles\"}]},{\"@type\":\"WebSite\",\"@id\":\"https:\/\/carnitec.com\/lv\/#website\",\"url\":\"https:\/\/carnitec.com\/lv\/\",\"name\":\"Carnitec\",\"description\":\"P\u0101rtikas r\u016bpniec\u012bbas iek\u0101rtas\",\"publisher\":{\"@id\":\"https:\/\/carnitec.com\/lv\/#organization\"},\"potentialAction\":[{\"@type\":\"SearchAction\",\"target\":{\"@type\":\"EntryPoint\",\"urlTemplate\":\"https:\/\/carnitec.com\/lv\/?s={search_term_string}\"},\"query-input\":\"required name=search_term_string\"}],\"inLanguage\":\"lv-LV\"},{\"@type\":\"Organization\",\"@id\":\"https:\/\/carnitec.com\/lv\/#organization\",\"name\":\"Carnitec - food processing equipment\",\"url\":\"https:\/\/carnitec.com\/lv\/\",\"sameAs\":[\"https:\/\/www.instagram.com\/carnitec\/?hl=en\",\"https:\/\/www.linkedin.com\/company\/carnitec-ltd\/\",\"https:\/\/www.youtube.com\/channel\/UCwfiuJujkF2QxPPZAqB0T2w\",\"https:\/\/facebook.com\/carnitec1\",\"https:\/\/twitter.com\/carnitec_\"],\"logo\":{\"@type\":\"ImageObject\",\"inLanguage\":\"lv-LV\",\"@id\":\"https:\/\/carnitec.com\/lv\/#\/schema\/logo\/image\/\",\"url\":\"http:\/\/carnitec.com\/wp-content\/uploads\/2018\/01\/carnitec_logo_2018.png\",\"contentUrl\":\"http:\/\/carnitec.com\/wp-content\/uploads\/2018\/01\/carnitec_logo_2018.png\",\"width\":180,\"height\":50,\"caption\":\"Carnitec - food processing equipment\"},\"image\":{\"@id\":\"https:\/\/carnitec.com\/lv\/#\/schema\/logo\/image\/\"}}]}<\/script>\n<!-- \/ Yoast SEO plugin. -->","yoast_head_json":{"title":"\u016adens un gaisa pistoles - Carnitec","robots":{"index":"index","follow":"follow","max-snippet":"max-snippet:-1","max-image-preview":"max-image-preview:large","max-video-preview":"max-video-preview:-1"},"canonical":"https:\/\/carnitec.com\/lv\/products\/udens-un-gaisa-pistoles\/","og_locale":"lv_LV","og_type":"article","og_title":"\u016adens un gaisa pistoles - Carnitec","og_description":"\u016adens un gaisa pistoles","og_url":"https:\/\/carnitec.com\/lv\/products\/udens-un-gaisa-pistoles\/","og_site_name":"Carnitec","article_publisher":"https:\/\/facebook.com\/carnitec1","og_image":[{"width":208,"height":243,"url":"https:\/\/carnitec.com\/wp-content\/uploads\/2016\/02\/download.jpeg","type":"image\/jpeg"}],"twitter_card":"summary","twitter_site":"@carnitec_","twitter_misc":{"Est. reading time":"2 min\u016btes"},"schema":{"@context":"https:\/\/schema.org","@graph":[{"@type":"WebPage","@id":"https:\/\/carnitec.com\/lv\/products\/udens-un-gaisa-pistoles\/","url":"https:\/\/carnitec.com\/lv\/products\/udens-un-gaisa-pistoles\/","name":"\u016adens un gaisa pistoles - Carnitec","isPartOf":{"@id":"https:\/\/carnitec.com\/lv\/#website"},"datePublished":"2016-02-25T17:50:36+00:00","dateModified":"2016-02-25T17:50:36+00:00","breadcrumb":{"@id":"https:\/\/carnitec.com\/lv\/products\/udens-un-gaisa-pistoles\/#breadcrumb"},"inLanguage":"lv-LV","potentialAction":[{"@type":"ReadAction","target":["https:\/\/carnitec.com\/lv\/products\/udens-un-gaisa-pistoles\/"]}]},{"@type":"BreadcrumbList","@id":"https:\/\/carnitec.com\/lv\/products\/udens-un-gaisa-pistoles\/#breadcrumb","itemListElement":[{"@type":"ListItem","position":1,"name":"\u0413\u043b\u0430\u0432\u043d\u0430\u044f \u0441\u0442\u0440\u0430\u043d\u0438\u0446\u0430","item":"https:\/\/carnitec.com\/lv\/"},{"@type":"ListItem","position":2,"name":"\u0422\u043e\u0432\u0430\u0440\u044b","item":"https:\/\/carnitec.com\/shop\/"},{"@type":"ListItem","position":3,"name":"\u016adens un gaisa pistoles"}]},{"@type":"WebSite","@id":"https:\/\/carnitec.com\/lv\/#website","url":"https:\/\/carnitec.com\/lv\/","name":"Carnitec","description":"P\u0101rtikas r\u016bpniec\u012bbas iek\u0101rtas","publisher":{"@id":"https:\/\/carnitec.com\/lv\/#organization"},"potentialAction":[{"@type":"SearchAction","target":{"@type":"EntryPoint","urlTemplate":"https:\/\/carnitec.com\/lv\/?s={search_term_string}"},"query-input":"required name=search_term_string"}],"inLanguage":"lv-LV"},{"@type":"Organization","@id":"https:\/\/carnitec.com\/lv\/#organization","name":"Carnitec - food processing equipment","url":"https:\/\/carnitec.com\/lv\/","sameAs":["https:\/\/www.instagram.com\/carnitec\/?hl=en","https:\/\/www.linkedin.com\/company\/carnitec-ltd\/","https:\/\/www.youtube.com\/channel\/UCwfiuJujkF2QxPPZAqB0T2w","https:\/\/facebook.com\/carnitec1","https:\/\/twitter.com\/carnitec_"],"logo":{"@type":"ImageObject","inLanguage":"lv-LV","@id":"https:\/\/carnitec.com\/lv\/#\/schema\/logo\/image\/","url":"http:\/\/carnitec.com\/wp-content\/uploads\/2018\/01\/carnitec_logo_2018.png","contentUrl":"http:\/\/carnitec.com\/wp-content\/uploads\/2018\/01\/carnitec_logo_2018.png","width":180,"height":50,"caption":"Carnitec - food processing equipment"},"image":{"@id":"https:\/\/carnitec.com\/lv\/#\/schema\/logo\/image\/"}}]}},"_links":{"self":[{"href":"https:\/\/carnitec.com\/lv\/wp-json\/wp\/v2\/product\/6502"}],"collection":[{"href":"https:\/\/carnitec.com\/lv\/wp-json\/wp\/v2\/product"}],"about":[{"href":"https:\/\/carnitec.com\/lv\/wp-json\/wp\/v2\/types\/product"}],"wp:featuredmedia":[{"embeddable":true,"href":"https:\/\/carnitec.com\/lv\/wp-json\/wp\/v2\/media\/6501"}],"wp:attachment":[{"href":"https:\/\/carnitec.com\/lv\/wp-json\/wp\/v2\/media?parent=6502"}],"wp:term":[{"taxonomy":"product_cat","embeddable":true,"href":"https:\/\/carnitec.com\/lv\/wp-json\/wp\/v2\/product_cat?post=6502"},{"taxonomy":"product_tag","embeddable":true,"href":"https:\/\/carnitec.com\/lv\/wp-json\/wp\/v2\/product_tag?post=6502"}],"curies":[{"name":"wp","href":"https:\/\/api.w.org\/{rel}","templated":true}]}}