{"id":6165,"date":"2016-02-20T11:14:25","date_gmt":"2016-02-20T09:25:59","guid":{"rendered":"http:\/\/carnitec.com\/lv\/?post_type=product&#038;p=6165"},"modified":"2016-02-20T11:29:46","modified_gmt":"2016-02-20T09:29:46","slug":"iepakojuma-apsiesanas-iekarta-ro-m-fusion","status":"publish","type":"product","link":"https:\/\/carnitec.com\/lv\/products\/iepakojuma-apsiesanas-iekarta-ro-m-fusion\/","title":{"rendered":"Iepakojuma apsie\u0161anas iek\u0101rta RO-M FUSION"},"content":{"rendered":"<p>Pusautom\u0101tiska iepakojuma apsie\u0161anas iek\u0101rta RO-M FUSION \u2013 jauna ekonomiska spriego\u0161anas ma\u0161\u012bna, kas paredz\u0113ta kastu, k\u0101rbu, paku apsie\u0161anai ar polipropil\u0113na lenti ar \u0101trumu l\u012bdz 55 cikli min\u016bt\u0113.<br \/>\nIek\u0101rta paredz\u0113ta izmanto\u0161anai da\u017e\u0101das jomas: farm\u0101cij\u0101,\u00a0 auto piederumu un rezerves da\u013cu pako\u0161an\u0101, kurjeru un pasta dienestiem, lo\u0123istikai,\u00a0 tipogr\u0101fij\u0101m, p\u0101rtikas ra\u017eotn\u0113m, kartona un pap\u012bra ra\u017eotn\u0113m, b\u016bvmateri\u0101lu pako\u0161anai, banku sektoriem,\u00a0 smagu vai \u013coti vieglu produktu pako\u0161anai u.c.<\/p>\n<h2>Iepakojuma apsie\u0161anas iek\u0101rta RO-M FUSION<\/h2>\n<div id='gallery-1' class='gallery galleryid-6165 gallery-columns-4 gallery-size-thumbnail'><figure class='gallery-item'>\n\t\t\t<div class='gallery-icon landscape'>\n\t\t\t\t<a href='https:\/\/carnitec.com\/wp-content\/uploads\/2016\/02\/ROM-fusion-1.jpg' title=\"\" data-rl_title=\"\" class=\"rl-gallery-link\" data-rl_caption=\"\" data-rel=\"lightbox-gallery-1\"><img width=\"150\" height=\"113\" src=\"https:\/\/carnitec.com\/wp-content\/uploads\/2016\/02\/ROM-fusion-1.jpg\" class=\"attachment-thumbnail size-thumbnail\" alt=\"\" srcset=\"https:\/\/carnitec.com\/wp-content\/uploads\/2016\/02\/ROM-fusion-1.jpg 800w, https:\/\/carnitec.com\/wp-content\/uploads\/2016\/02\/ROM-fusion-1-600x450.jpg 600w\" sizes=\"(max-width: 150px) 100vw, 150px\" \/><\/a>\n\t\t\t<\/div><\/figure><figure class='gallery-item'>\n\t\t\t<div class='gallery-icon landscape'>\n\t\t\t\t<a href='https:\/\/carnitec.com\/wp-content\/uploads\/2016\/02\/Fusion-Pivoting-Controls.jpg' title=\"\" data-rl_title=\"\" class=\"rl-gallery-link\" data-rl_caption=\"\" data-rel=\"lightbox-gallery-1\"><img width=\"150\" height=\"113\" src=\"https:\/\/carnitec.com\/wp-content\/uploads\/2016\/02\/Fusion-Pivoting-Controls.jpg\" class=\"attachment-thumbnail size-thumbnail\" alt=\"\" srcset=\"https:\/\/carnitec.com\/wp-content\/uploads\/2016\/02\/Fusion-Pivoting-Controls.jpg 800w, https:\/\/carnitec.com\/wp-content\/uploads\/2016\/02\/Fusion-Pivoting-Controls-600x450.jpg 600w\" sizes=\"(max-width: 150px) 100vw, 150px\" \/><\/a>\n\t\t\t<\/div><\/figure><figure class='gallery-item'>\n\t\t\t<div class='gallery-icon landscape'>\n\t\t\t\t<a href='https:\/\/carnitec.com\/wp-content\/uploads\/2016\/02\/Fusion-Easy-Tension.jpg' title=\"\" data-rl_title=\"\" class=\"rl-gallery-link\" data-rl_caption=\"\" data-rel=\"lightbox-gallery-1\"><img width=\"150\" height=\"113\" src=\"https:\/\/carnitec.com\/wp-content\/uploads\/2016\/02\/Fusion-Easy-Tension.jpg\" class=\"attachment-thumbnail size-thumbnail\" alt=\"\" srcset=\"https:\/\/carnitec.com\/wp-content\/uploads\/2016\/02\/Fusion-Easy-Tension.jpg 800w, https:\/\/carnitec.com\/wp-content\/uploads\/2016\/02\/Fusion-Easy-Tension-600x450.jpg 600w\" sizes=\"(max-width: 150px) 100vw, 150px\" \/><\/a>\n\t\t\t<\/div><\/figure><figure class='gallery-item'>\n\t\t\t<div class='gallery-icon landscape'>\n\t\t\t\t<a href='https:\/\/carnitec.com\/wp-content\/uploads\/2016\/02\/Fusion-Photo-Eye-1.jpg' title=\"\" data-rl_title=\"\" class=\"rl-gallery-link\" data-rl_caption=\"\" data-rel=\"lightbox-gallery-1\"><img width=\"150\" height=\"113\" src=\"https:\/\/carnitec.com\/wp-content\/uploads\/2016\/02\/Fusion-Photo-Eye-1.jpg\" class=\"attachment-thumbnail size-thumbnail\" alt=\"\" srcset=\"https:\/\/carnitec.com\/wp-content\/uploads\/2016\/02\/Fusion-Photo-Eye-1.jpg 800w, https:\/\/carnitec.com\/wp-content\/uploads\/2016\/02\/Fusion-Photo-Eye-1-600x450.jpg 600w\" sizes=\"(max-width: 150px) 100vw, 150px\" \/><\/a>\n\t\t\t<\/div><\/figure><figure class='gallery-item'>\n\t\t\t<div class='gallery-icon landscape'>\n\t\t\t\t<a href='https:\/\/carnitec.com\/wp-content\/uploads\/2016\/02\/Fusion-Photo-Eye.jpg' title=\"\" data-rl_title=\"\" class=\"rl-gallery-link\" data-rl_caption=\"\" data-rel=\"lightbox-gallery-1\"><img width=\"150\" height=\"113\" src=\"https:\/\/carnitec.com\/wp-content\/uploads\/2016\/02\/Fusion-Photo-Eye.jpg\" class=\"attachment-thumbnail size-thumbnail\" alt=\"\" srcset=\"https:\/\/carnitec.com\/wp-content\/uploads\/2016\/02\/Fusion-Photo-Eye.jpg 800w, https:\/\/carnitec.com\/wp-content\/uploads\/2016\/02\/Fusion-Photo-Eye-600x450.jpg 600w\" sizes=\"(max-width: 150px) 100vw, 150px\" \/><\/a>\n\t\t\t<\/div><\/figure><figure class='gallery-item'>\n\t\t\t<div class='gallery-icon landscape'>\n\t\t\t\t<a href='https:\/\/carnitec.com\/wp-content\/uploads\/2016\/02\/image.jpeg' title=\"\" data-rl_title=\"\" class=\"rl-gallery-link\" data-rl_caption=\"\" data-rel=\"lightbox-gallery-1\"><img width=\"150\" height=\"140\" src=\"https:\/\/carnitec.com\/wp-content\/uploads\/2016\/02\/image.jpeg\" class=\"attachment-thumbnail size-thumbnail\" alt=\"\" srcset=\"https:\/\/carnitec.com\/wp-content\/uploads\/2016\/02\/image.jpeg 800w, https:\/\/carnitec.com\/wp-content\/uploads\/2016\/02\/image-600x561.jpeg 600w\" sizes=\"(max-width: 150px) 100vw, 150px\" \/><\/a>\n\t\t\t<\/div><\/figure><figure class='gallery-item'>\n\t\t\t<div class='gallery-icon landscape'>\n\t\t\t\t<a href='https:\/\/carnitec.com\/wp-content\/uploads\/2016\/02\/Fusion-Coil-Placement.jpg' title=\"\" data-rl_title=\"\" class=\"rl-gallery-link\" data-rl_caption=\"\" data-rel=\"lightbox-gallery-1\"><img width=\"150\" height=\"113\" src=\"https:\/\/carnitec.com\/wp-content\/uploads\/2016\/02\/Fusion-Coil-Placement.jpg\" class=\"attachment-thumbnail size-thumbnail\" alt=\"\" srcset=\"https:\/\/carnitec.com\/wp-content\/uploads\/2016\/02\/Fusion-Coil-Placement.jpg 800w, https:\/\/carnitec.com\/wp-content\/uploads\/2016\/02\/Fusion-Coil-Placement-600x450.jpg 600w\" sizes=\"(max-width: 150px) 100vw, 150px\" \/><\/a>\n\t\t\t<\/div><\/figure><figure class='gallery-item'>\n\t\t\t<div class='gallery-icon landscape'>\n\t\t\t\t<a href='https:\/\/carnitec.com\/wp-content\/uploads\/2016\/02\/Fusion-Foot-Bar-Start.jpg' title=\"\" data-rl_title=\"\" class=\"rl-gallery-link\" data-rl_caption=\"\" data-rel=\"lightbox-gallery-1\"><img width=\"150\" height=\"113\" src=\"https:\/\/carnitec.com\/wp-content\/uploads\/2016\/02\/Fusion-Foot-Bar-Start.jpg\" class=\"attachment-thumbnail size-thumbnail\" alt=\"\" srcset=\"https:\/\/carnitec.com\/wp-content\/uploads\/2016\/02\/Fusion-Foot-Bar-Start.jpg 800w, https:\/\/carnitec.com\/wp-content\/uploads\/2016\/02\/Fusion-Foot-Bar-Start-600x450.jpg 600w\" sizes=\"(max-width: 150px) 100vw, 150px\" \/><\/a>\n\t\t\t<\/div><\/figure>\n\t\t<\/div>\n\n<p>&nbsp;<\/p>\n<p>Iepakojuma\u00a0spriego\u0161anas iek\u0101rta RO-M FUSION kartona kastu un cita ieapkojuma apsie\u0161anai un nospriego\u0161anai.<\/p>\n<ul>\n<li>Aizlod\u0113\u0161anas sist\u0113ma ar k\u0101rstu metin\u0101\u0161anu ar termostata vad\u012bbu<\/li>\n<li>Bez nolietojuma past\u0101v\u012bgas str\u0101vas piedzi\u0146a (DC drive), bez suku motora tehnolo\u0123ija<\/li>\n<li>Lentes gala detektors ar lentes atlikuma izme\u0161anu<\/li>\n<li>Autom\u0101tiska lentes cilpu izme\u0161ana<\/li>\n<li>Groz\u0101ms tablo 90\u00b0 \u2014 0\u00b0 \u2014 90\u00b0<\/li>\n<li>Lentes spoles viegla apmai\u0146a un lentes pielik\u0161anas sist\u0113ma<\/li>\n<li>Bez nolietojuma, kontrol\u0113ta lentes kust\u012bbas sist\u0113ma<\/li>\n<li>Regul\u0113jama sasprieg\u0161anas sist\u0113ma ar potenciometru<\/li>\n<li>P\u0101rsl\u0113dz\u0113js m\u012bkstai delik\u0101ta iepakojuma apsie\u0161anai<\/li>\n<li>Energoekonomisk\u0101s piedzi\u0146as<\/li>\n<li>Elektroniskie regulatori<\/li>\n<li>K\u0101\u0161u galda virsa<\/li>\n<li>Iztur\u012bgs ped\u0101lis no ab\u0101m pus\u0113m<\/li>\n<li>4 rite\u0146i no tiem 2 ar blo\u0137\u0113\u0161anu<\/li>\n<li>Struktur\u0113s segums RAL 5010, zila kr\u0101sa<\/li>\n<li>Galda garums 813 (600 mm p\u0113c pas\u016bt\u012bjuma)<\/li>\n<li>Opcija: E-pakete<\/li>\n<\/ul>\n<h2><\/h2>\n<h2>Tehniskie dati<\/h2>\n<p>Meh\u0101nisks\u00a0\u0101trums\u00a0l\u012bdz\u00a055\u00a0cikl.\/min<br \/>\nLentes platums\u00a05-12\u00a0mm<br \/>\nLentes biezums\u00a00,4-0,8\u00a0mm<br \/>\nPakotas\u00a0preces\u00a0izm\u0113ri\u00a0(L\u0445W) min\u00a080 \u0445 80\u00a0mm<br \/>\nMax.\u00a0800 \u0445 600\u00a0mm<\/p>\n<p><iframe loading=\"lazy\" title=\"ROM Fusion\" width=\"640\" height=\"360\" src=\"https:\/\/www.youtube.com\/embed\/Ox1uw10Ei88?feature=oembed\" frameborder=\"0\" allow=\"accelerometer; autoplay; clipboard-write; encrypted-media; gyroscope; picture-in-picture\" allowfullscreen><\/iframe><\/p>\n<p>&nbsp;<\/p>\n","protected":false},"excerpt":{"rendered":"<p>Pusautom\u0101tiska iepakojuma apsie\u0161anas iek\u0101rta RO-M FUSION \u2013 jauna ekonomiska spriego\u0161anas ma\u0161\u012bna, kas paredz\u0113ta kastu, k\u0101rbu, paku apsie\u0161anai ar polipropil\u0113na lenti ar \u0101trumu l\u012bdz 55 cikli min\u016bt\u0113.<\/p>\n","protected":false},"featured_media":6160,"template":"","meta":{"content-type":"","_monsterinsights_skip_tracking":false,"_monsterinsights_sitenote_active":false,"_monsterinsights_sitenote_note":"","_monsterinsights_sitenote_category":0},"product_cat":[964],"product_tag":[1031],"yoast_head":"<!-- This site is optimized with the Yoast SEO plugin v19.5.1 - https:\/\/yoast.com\/wordpress\/plugins\/seo\/ -->\n<title>Iepakojuma apsie\u0161anas iek\u0101rta RO-M FUSION - Carnitec<\/title>\n<meta name=\"description\" content=\"Pusautom\u0101tiska iepakojuma apsie\u0161anas iek\u0101rta RO-M FUSION \u2013 jauna ekonomiska spriego\u0161anas ma\u0161\u012bna, kas paredz\u0113ta kastu, k\u0101rbu, paku apsie\u0161anai ar polipropil\u0113na lenti ar \u0101trumu l\u012bdz 55 cikli min\u016bt\u0113.\" \/>\n<meta name=\"robots\" content=\"index, follow, max-snippet:-1, max-image-preview:large, max-video-preview:-1\" \/>\n<link rel=\"canonical\" href=\"https:\/\/carnitec.com\/lv\/products\/iepakojuma-apsiesanas-iekarta-ro-m-fusion\/\" \/>\n<meta property=\"og:locale\" content=\"lv_LV\" \/>\n<meta property=\"og:type\" content=\"article\" \/>\n<meta property=\"og:title\" content=\"Iepakojuma apsie\u0161anas iek\u0101rta RO-M FUSION - Carnitec\" \/>\n<meta property=\"og:description\" content=\"Pusautom\u0101tiska iepakojuma apsie\u0161anas iek\u0101rta RO-M FUSION \u2013 jauna ekonomiska spriego\u0161anas ma\u0161\u012bna, kas paredz\u0113ta kastu, k\u0101rbu, paku apsie\u0161anai ar polipropil\u0113na lenti ar \u0101trumu l\u012bdz 55 cikli min\u016bt\u0113.\" \/>\n<meta property=\"og:url\" content=\"https:\/\/carnitec.com\/lv\/products\/iepakojuma-apsiesanas-iekarta-ro-m-fusion\/\" \/>\n<meta property=\"og:site_name\" content=\"Carnitec\" \/>\n<meta property=\"article:publisher\" content=\"https:\/\/facebook.com\/carnitec1\" \/>\n<meta property=\"article:modified_time\" content=\"2016-02-20T09:29:46+00:00\" \/>\n<meta property=\"og:image\" content=\"https:\/\/carnitec.com\/wp-content\/uploads\/2016\/02\/ro_m_fusion1.jpg\" \/>\n\t<meta property=\"og:image:width\" content=\"270\" \/>\n\t<meta property=\"og:image:height\" content=\"360\" \/>\n\t<meta property=\"og:image:type\" content=\"image\/jpeg\" \/>\n<meta name=\"twitter:card\" content=\"summary\" \/>\n<meta name=\"twitter:site\" content=\"@carnitec_\" \/>\n<meta name=\"twitter:label1\" content=\"Est. reading time\" \/>\n\t<meta name=\"twitter:data1\" content=\"1 min\u016b\u0161u\" \/>\n<script type=\"application\/ld+json\" class=\"yoast-schema-graph\">{\"@context\":\"https:\/\/schema.org\",\"@graph\":[{\"@type\":\"WebPage\",\"@id\":\"https:\/\/carnitec.com\/lv\/products\/iepakojuma-apsiesanas-iekarta-ro-m-fusion\/\",\"url\":\"https:\/\/carnitec.com\/lv\/products\/iepakojuma-apsiesanas-iekarta-ro-m-fusion\/\",\"name\":\"Iepakojuma apsie\u0161anas iek\u0101rta RO-M FUSION - Carnitec\",\"isPartOf\":{\"@id\":\"https:\/\/carnitec.com\/lv\/#website\"},\"datePublished\":\"2016-02-20T09:25:59+00:00\",\"dateModified\":\"2016-02-20T09:29:46+00:00\",\"description\":\"Pusautom\u0101tiska iepakojuma apsie\u0161anas iek\u0101rta RO-M FUSION \u2013 jauna ekonomiska spriego\u0161anas ma\u0161\u012bna, kas paredz\u0113ta kastu, k\u0101rbu, paku apsie\u0161anai ar polipropil\u0113na lenti ar \u0101trumu l\u012bdz 55 cikli min\u016bt\u0113.\",\"breadcrumb\":{\"@id\":\"https:\/\/carnitec.com\/lv\/products\/iepakojuma-apsiesanas-iekarta-ro-m-fusion\/#breadcrumb\"},\"inLanguage\":\"lv-LV\",\"potentialAction\":[{\"@type\":\"ReadAction\",\"target\":[\"https:\/\/carnitec.com\/lv\/products\/iepakojuma-apsiesanas-iekarta-ro-m-fusion\/\"]}]},{\"@type\":\"BreadcrumbList\",\"@id\":\"https:\/\/carnitec.com\/lv\/products\/iepakojuma-apsiesanas-iekarta-ro-m-fusion\/#breadcrumb\",\"itemListElement\":[{\"@type\":\"ListItem\",\"position\":1,\"name\":\"\u0413\u043b\u0430\u0432\u043d\u0430\u044f \u0441\u0442\u0440\u0430\u043d\u0438\u0446\u0430\",\"item\":\"https:\/\/carnitec.com\/lv\/\"},{\"@type\":\"ListItem\",\"position\":2,\"name\":\"\u0422\u043e\u0432\u0430\u0440\u044b\",\"item\":\"https:\/\/carnitec.com\/shop\/\"},{\"@type\":\"ListItem\",\"position\":3,\"name\":\"Iepakojuma apsie\u0161anas iek\u0101rta RO-M FUSION\"}]},{\"@type\":\"WebSite\",\"@id\":\"https:\/\/carnitec.com\/lv\/#website\",\"url\":\"https:\/\/carnitec.com\/lv\/\",\"name\":\"Carnitec\",\"description\":\"P\u0101rtikas r\u016bpniec\u012bbas iek\u0101rtas\",\"publisher\":{\"@id\":\"https:\/\/carnitec.com\/lv\/#organization\"},\"potentialAction\":[{\"@type\":\"SearchAction\",\"target\":{\"@type\":\"EntryPoint\",\"urlTemplate\":\"https:\/\/carnitec.com\/lv\/?s={search_term_string}\"},\"query-input\":\"required name=search_term_string\"}],\"inLanguage\":\"lv-LV\"},{\"@type\":\"Organization\",\"@id\":\"https:\/\/carnitec.com\/lv\/#organization\",\"name\":\"Carnitec - food processing equipment\",\"url\":\"https:\/\/carnitec.com\/lv\/\",\"sameAs\":[\"https:\/\/www.instagram.com\/carnitec\/?hl=en\",\"https:\/\/www.linkedin.com\/company\/carnitec-ltd\/\",\"https:\/\/www.youtube.com\/channel\/UCwfiuJujkF2QxPPZAqB0T2w\",\"https:\/\/facebook.com\/carnitec1\",\"https:\/\/twitter.com\/carnitec_\"],\"logo\":{\"@type\":\"ImageObject\",\"inLanguage\":\"lv-LV\",\"@id\":\"https:\/\/carnitec.com\/lv\/#\/schema\/logo\/image\/\",\"url\":\"http:\/\/carnitec.com\/wp-content\/uploads\/2018\/01\/carnitec_logo_2018.png\",\"contentUrl\":\"http:\/\/carnitec.com\/wp-content\/uploads\/2018\/01\/carnitec_logo_2018.png\",\"width\":180,\"height\":50,\"caption\":\"Carnitec - food processing equipment\"},\"image\":{\"@id\":\"https:\/\/carnitec.com\/lv\/#\/schema\/logo\/image\/\"}}]}<\/script>\n<!-- \/ Yoast SEO plugin. -->","yoast_head_json":{"title":"Iepakojuma apsie\u0161anas iek\u0101rta RO-M FUSION - Carnitec","description":"Pusautom\u0101tiska iepakojuma apsie\u0161anas iek\u0101rta RO-M FUSION \u2013 jauna ekonomiska spriego\u0161anas ma\u0161\u012bna, kas paredz\u0113ta kastu, k\u0101rbu, paku apsie\u0161anai ar polipropil\u0113na lenti ar \u0101trumu l\u012bdz 55 cikli min\u016bt\u0113.","robots":{"index":"index","follow":"follow","max-snippet":"max-snippet:-1","max-image-preview":"max-image-preview:large","max-video-preview":"max-video-preview:-1"},"canonical":"https:\/\/carnitec.com\/lv\/products\/iepakojuma-apsiesanas-iekarta-ro-m-fusion\/","og_locale":"lv_LV","og_type":"article","og_title":"Iepakojuma apsie\u0161anas iek\u0101rta RO-M FUSION - Carnitec","og_description":"Pusautom\u0101tiska iepakojuma apsie\u0161anas iek\u0101rta RO-M FUSION \u2013 jauna ekonomiska spriego\u0161anas ma\u0161\u012bna, kas paredz\u0113ta kastu, k\u0101rbu, paku apsie\u0161anai ar polipropil\u0113na lenti ar \u0101trumu l\u012bdz 55 cikli min\u016bt\u0113.","og_url":"https:\/\/carnitec.com\/lv\/products\/iepakojuma-apsiesanas-iekarta-ro-m-fusion\/","og_site_name":"Carnitec","article_publisher":"https:\/\/facebook.com\/carnitec1","article_modified_time":"2016-02-20T09:29:46+00:00","og_image":[{"width":270,"height":360,"url":"https:\/\/carnitec.com\/wp-content\/uploads\/2016\/02\/ro_m_fusion1.jpg","type":"image\/jpeg"}],"twitter_card":"summary","twitter_site":"@carnitec_","twitter_misc":{"Est. reading time":"1 min\u016b\u0161u"},"schema":{"@context":"https:\/\/schema.org","@graph":[{"@type":"WebPage","@id":"https:\/\/carnitec.com\/lv\/products\/iepakojuma-apsiesanas-iekarta-ro-m-fusion\/","url":"https:\/\/carnitec.com\/lv\/products\/iepakojuma-apsiesanas-iekarta-ro-m-fusion\/","name":"Iepakojuma apsie\u0161anas iek\u0101rta RO-M FUSION - Carnitec","isPartOf":{"@id":"https:\/\/carnitec.com\/lv\/#website"},"datePublished":"2016-02-20T09:25:59+00:00","dateModified":"2016-02-20T09:29:46+00:00","description":"Pusautom\u0101tiska iepakojuma apsie\u0161anas iek\u0101rta RO-M FUSION \u2013 jauna ekonomiska spriego\u0161anas ma\u0161\u012bna, kas paredz\u0113ta kastu, k\u0101rbu, paku apsie\u0161anai ar polipropil\u0113na lenti ar \u0101trumu l\u012bdz 55 cikli min\u016bt\u0113.","breadcrumb":{"@id":"https:\/\/carnitec.com\/lv\/products\/iepakojuma-apsiesanas-iekarta-ro-m-fusion\/#breadcrumb"},"inLanguage":"lv-LV","potentialAction":[{"@type":"ReadAction","target":["https:\/\/carnitec.com\/lv\/products\/iepakojuma-apsiesanas-iekarta-ro-m-fusion\/"]}]},{"@type":"BreadcrumbList","@id":"https:\/\/carnitec.com\/lv\/products\/iepakojuma-apsiesanas-iekarta-ro-m-fusion\/#breadcrumb","itemListElement":[{"@type":"ListItem","position":1,"name":"\u0413\u043b\u0430\u0432\u043d\u0430\u044f \u0441\u0442\u0440\u0430\u043d\u0438\u0446\u0430","item":"https:\/\/carnitec.com\/lv\/"},{"@type":"ListItem","position":2,"name":"\u0422\u043e\u0432\u0430\u0440\u044b","item":"https:\/\/carnitec.com\/shop\/"},{"@type":"ListItem","position":3,"name":"Iepakojuma apsie\u0161anas iek\u0101rta RO-M FUSION"}]},{"@type":"WebSite","@id":"https:\/\/carnitec.com\/lv\/#website","url":"https:\/\/carnitec.com\/lv\/","name":"Carnitec","description":"P\u0101rtikas r\u016bpniec\u012bbas iek\u0101rtas","publisher":{"@id":"https:\/\/carnitec.com\/lv\/#organization"},"potentialAction":[{"@type":"SearchAction","target":{"@type":"EntryPoint","urlTemplate":"https:\/\/carnitec.com\/lv\/?s={search_term_string}"},"query-input":"required name=search_term_string"}],"inLanguage":"lv-LV"},{"@type":"Organization","@id":"https:\/\/carnitec.com\/lv\/#organization","name":"Carnitec - food processing equipment","url":"https:\/\/carnitec.com\/lv\/","sameAs":["https:\/\/www.instagram.com\/carnitec\/?hl=en","https:\/\/www.linkedin.com\/company\/carnitec-ltd\/","https:\/\/www.youtube.com\/channel\/UCwfiuJujkF2QxPPZAqB0T2w","https:\/\/facebook.com\/carnitec1","https:\/\/twitter.com\/carnitec_"],"logo":{"@type":"ImageObject","inLanguage":"lv-LV","@id":"https:\/\/carnitec.com\/lv\/#\/schema\/logo\/image\/","url":"http:\/\/carnitec.com\/wp-content\/uploads\/2018\/01\/carnitec_logo_2018.png","contentUrl":"http:\/\/carnitec.com\/wp-content\/uploads\/2018\/01\/carnitec_logo_2018.png","width":180,"height":50,"caption":"Carnitec - food processing equipment"},"image":{"@id":"https:\/\/carnitec.com\/lv\/#\/schema\/logo\/image\/"}}]}},"_links":{"self":[{"href":"https:\/\/carnitec.com\/lv\/wp-json\/wp\/v2\/product\/6165"}],"collection":[{"href":"https:\/\/carnitec.com\/lv\/wp-json\/wp\/v2\/product"}],"about":[{"href":"https:\/\/carnitec.com\/lv\/wp-json\/wp\/v2\/types\/product"}],"wp:featuredmedia":[{"embeddable":true,"href":"https:\/\/carnitec.com\/lv\/wp-json\/wp\/v2\/media\/6160"}],"wp:attachment":[{"href":"https:\/\/carnitec.com\/lv\/wp-json\/wp\/v2\/media?parent=6165"}],"wp:term":[{"taxonomy":"product_cat","embeddable":true,"href":"https:\/\/carnitec.com\/lv\/wp-json\/wp\/v2\/product_cat?post=6165"},{"taxonomy":"product_tag","embeddable":true,"href":"https:\/\/carnitec.com\/lv\/wp-json\/wp\/v2\/product_tag?post=6165"}],"curies":[{"name":"wp","href":"https:\/\/api.w.org\/{rel}","templated":true}]}}