{"id":6089,"date":"2015-07-19T22:12:29","date_gmt":"2016-02-19T20:25:40","guid":{"rendered":"http:\/\/carnitec.com\/lv\/?post_type=product&#038;p=6089"},"modified":"2016-04-04T19:26:37","modified_gmt":"2016-04-04T17:26:37","slug":"maja-esb-4434-v","status":"publish","type":"product","link":"https:\/\/carnitec.com\/lv\/products\/maja-esb-4434-v\/","title":{"rendered":"Kombin\u0113t\u0101 ma\u0161\u012bna \u0101das un pl\u0113vju atdal\u012b\u0161anai Maja ESB 4434 V"},"content":{"rendered":"<p>Divas funkcijas vien\u0101 ma\u0161\u012bn\u0101: kombin\u0113tais modelis <strong>Maja ESB 4434 V<\/strong> ir piem\u0113rots k\u0101 \u0101das no\u0146em\u0161anai, t\u0101 ar\u012b pl\u0113ves atdal\u012b\u0161anai. Dubult\u0101s funkcijas priek\u0161roc\u012bbas: liela elast\u012bba, vietas ekonomija, mazas invest\u012bciju izmaksas, \u0101tra t\u012br\u012b\u0161ana! Plakanie ga\u013cas gabali tiek apstr\u0101d\u0101ti piln\u012bb\u0101 autom\u0101tiski, padodot tos pa transportieri, neradot nek\u0101du risku operatora traum\u0113\u0161anai. Elast\u012bgais piespied\u0113jveltn\u012btis autom\u0101tiski piel\u0101gojas augsto ga\u013cas gabalu individu\u0101lajam biezumam.<\/p>\n<p><!--more--><\/p>\n<p>Turkl\u0101t iesp\u0113jams apstr\u0101d\u0101t ar\u012b apa\u013cus produkta gabalus atkl\u0101t\u0101 manu\u0101l\u0101 re\u017e\u012bm\u0101. Lai to izdar\u012btu, tikai j\u0101pace\u013c piespied\u0113jveltn\u012btis, j\u0101pagarina padeves transportieris un j\u0101ier\u012bko t\u0113rauda darba galds \u2013 un tas viss, neizmantojot nek\u0101dus instrumentus! Apstr\u0101d\u0101tie gabali tiek izvad\u012bti no ma\u0161\u012bnas pa ieb\u016bv\u0113tu izkrau\u0161anas leti, bet modelis ESB 4434 V\/1 ir s\u0113rijveid\u0101 apr\u012bkots ar novad\u012bt\u0101jtransportieri\u044e<\/p>\n<h2>Izpild\u012bjums un raksturojums<\/h2>\n<p>Liela produktu daudzveid\u012bba \u2013 pla\u0161a pielieto\u0161anas sf\u0113ra Piem\u0113ram, kr\u016bti\u0146a, muguras spe\u0137is, vaigi, l\u0101psti\u0146as aug\u0161\u0113j\u0101s da\u013cas, \u0161\u0137i\u0146\u0137is, k\u0101 ar\u012b aizmugur\u0113jais \u0161\u0137i\u0146\u0137is bez aug\u0161\u0113j\u0101s da\u013cas, katr\u0101 gad\u012bjum\u0101 bez kaula, turkl\u0101t pl\u0113vju no\u0146em\u0161anai no c\u016bkga\u013cas, te\u013ca ga\u013cas, j\u0113ra ga\u013cas un putnu ga\u013cas gabaliem.<\/p>\n<div id='gallery-1' class='gallery galleryid-6089 gallery-columns-4 gallery-size-thumbnail'><figure class='gallery-item'>\n\t\t\t<div class='gallery-icon landscape'>\n\t\t\t\t<a href='https:\/\/carnitec.com\/wp-content\/uploads\/2016\/02\/ESB_4434V_1981.jpg' title=\"\" data-rl_title=\"\" class=\"rl-gallery-link\" data-rl_caption=\"\" data-rel=\"lightbox-gallery-1\"><img width=\"150\" height=\"107\" src=\"https:\/\/carnitec.com\/wp-content\/uploads\/2016\/02\/ESB_4434V_1981.jpg\" class=\"attachment-thumbnail size-thumbnail\" alt=\"\" \/><\/a>\n\t\t\t<\/div><\/figure><figure class='gallery-item'>\n\t\t\t<div class='gallery-icon landscape'>\n\t\t\t\t<a href='https:\/\/carnitec.com\/wp-content\/uploads\/2016\/02\/ESB4434V_ManuellEntschwarten.jpg' title=\"\" data-rl_title=\"\" class=\"rl-gallery-link\" data-rl_caption=\"\" data-rel=\"lightbox-gallery-1\"><img width=\"150\" height=\"107\" src=\"https:\/\/carnitec.com\/wp-content\/uploads\/2016\/02\/ESB4434V_ManuellEntschwarten.jpg\" class=\"attachment-thumbnail size-thumbnail\" alt=\"\" \/><\/a>\n\t\t\t<\/div><\/figure><figure class='gallery-item'>\n\t\t\t<div class='gallery-icon landscape'>\n\t\t\t\t<a href='https:\/\/carnitec.com\/wp-content\/uploads\/2016\/02\/ESB_V_manuelles_Entvliese.jpg' title=\"\" data-rl_title=\"\" class=\"rl-gallery-link\" data-rl_caption=\"\" data-rel=\"lightbox-gallery-1\"><img width=\"150\" height=\"107\" src=\"https:\/\/carnitec.com\/wp-content\/uploads\/2016\/02\/ESB_V_manuelles_Entvliese.jpg\" class=\"attachment-thumbnail size-thumbnail\" alt=\"\" \/><\/a>\n\t\t\t<\/div><\/figure><figure class='gallery-item'>\n\t\t\t<div class='gallery-icon landscape'>\n\t\t\t\t<a href='https:\/\/carnitec.com\/wp-content\/uploads\/2016\/02\/ESB_4434V_Appli3_Bandentvlie.jpg' title=\"\" data-rl_title=\"\" class=\"rl-gallery-link\" data-rl_caption=\"\" data-rel=\"lightbox-gallery-1\"><img width=\"150\" height=\"107\" src=\"https:\/\/carnitec.com\/wp-content\/uploads\/2016\/02\/ESB_4434V_Appli3_Bandentvlie.jpg\" class=\"attachment-thumbnail size-thumbnail\" alt=\"\" \/><\/a>\n\t\t\t<\/div><\/figure>\n\t\t<\/div>\n\n<p><strong>\u0100tra p\u0101rapr\u012bko\u0161ana<\/strong><\/p>\n<p>No autom\u0101tisk\u0101 darba re\u017e\u012bma uz manu\u0101lo, neizmantojot instrumentus!<\/p>\n<p><strong> <a href=\"http:\/\/carnitec.com\/wp-content\/uploads\/2016\/02\/Rutschblech_300.jpg\" rel=\"attachment wp-att-6083\" data-rel=\"lightbox-image-4\" data-rl_title=\"\" data-rl_caption=\"\" title=\"\"><img class=\"alignright size-medium wp-image-6083\" src=\"http:\/\/carnitec.com\/wp-content\/uploads\/2016\/02\/Rutschblech_300-300x214.jpg\" alt=\"Rutschblech_300\" width=\"300\" height=\"214\" \/><\/a>\u0100das no\u0146em\u0161anas biezums ir da\u017e\u0101di regul\u0113jams<\/strong><br \/>\nIndividu\u0101la \u0101das biezuma regul\u0113\u0161ana atkar\u012bb\u0101 no produkta veida<\/p>\n<p><strong>Augsts higi\u0113nas l\u012bmenis<\/strong><br \/>\nViegla t\u012br\u0101mo deta\u013cu demont\u0101\u017ea\/mont\u0101\u017ea<\/p>\n<p><strong>Iesl\u0113g\u0161ana manu\u0101l\u0101 re\u017e\u012bm\u0101 ar k\u0101jas ped\u0101\u013ca pal\u012bdz\u012bbu<\/strong><br \/>\nT\u0101d\u0101 veid\u0101 tiek nodro\u0161in\u0101ta kust\u012bbu br\u012bv\u012bba operatoram<br \/>\n<strong>2-\u0101trumu izpild\u012bjums<\/strong><\/p>\n<p>Nep\u0101rtraukta ies\u016bco\u0161\u0101 veltn\u012b\u0161a t\u012br\u012b\u0161ana ar saspiesta gaisa pal\u012bdz\u012bbu nemain\u012bgi labam rezult\u0101tam<br \/>\n<strong>Lete<\/strong><\/p>\n<p>Apstr\u0101d\u0101to gabalu izkrau\u0161anai pie\u0146em\u0161anas kast\u0113 vai sagrie\u0161anas rati\u0146os ma\u0161\u012bn\u0101m bez novad\u012bt\u0101jtransportiera<\/p>\n<div style=\"width: 640px;\" class=\"wp-video\"><!--[if lt IE 9]><script>document.createElement('video');<\/script><![endif]-->\n<video class=\"wp-video-shortcode\" id=\"video-6089-1\" width=\"640\" height=\"360\" preload=\"metadata\" controls=\"controls\"><source type=\"video\/mp4\" src=\"http:\/\/www.maja.de\/import\/video\/ESB%204434V_HD_12051.org.mp4?_=1\" \/><a href=\"http:\/\/www.maja.de\/import\/video\/ESB%204434V_HD_12051.org.mp4\">http:\/\/www.maja.de\/import\/video\/ESB%204434V_HD_12051.org.mp4<\/a><\/video><\/div>\n<h4><\/h4>\n<h2>Tehniskie dati<\/h2>\n<p>MAJA Art.-Nr.\u00a0\u00a0 \u00a0\u00a0\u00a0 \u00a0100-0137<br \/>\nGriezuma platums 434 mm<br \/>\nMa\u0161\u012bnas platums 849 mm<br \/>\nMa\u0161\u012bnas dzi\u013cums ar novad\u012bt\u0101jtransportieri 1356 mm<br \/>\nAugstums 1242 mm<br \/>\nElektropiesl\u0113gums ZAS \/ 50Hz\/ 400V\u00a0\u00a0 \u00a0\u00a0\u00a0 \u00a00,55 \/ 0,88 kW<br \/>\nSaspiesta gaisa piesl\u0113gums 4 \u2014 6 bar, 3\/8\u00bb<br \/>\n\u0100tri izjaucama uzmava<br \/>\nSvars\u00a0\u00a0 \u00a0\u00a0\u00a0 \u00a0280 kg<\/p>\n<hr \/>\n<p><a href=\"http:\/\/www.maja.de\/ru\/app_download_file?sFile=import\/docs\/ESB%204434%20V_2014_DE_5761.pdf\" target=\"_blank\"><img class=\"alignleft size-full wp-image-4154\" src=\"http:\/\/carnitec.com\/wp-content\/uploads\/2014\/12\/pdf.png\" alt=\"pdf\" width=\"32\" height=\"32\" \/>PDF-katalogs ESB 4434 V<\/a> PDF, 436 KB<\/p>\n<h2><\/h2>\n","protected":false},"excerpt":{"rendered":"<p>Divas funkcijas vien\u0101 ma\u0161\u012bn\u0101: kombin\u0113tais modelis <strong>Maja ESB 4434 V<\/strong> ir piem\u0113rots k\u0101 \u0101das no\u0146em\u0161anai, t\u0101 ar\u012b pl\u0113ves atdal\u012b\u0161anai.<\/p>\n","protected":false},"featured_media":6088,"template":"","meta":{"content-type":"","_monsterinsights_skip_tracking":false,"_monsterinsights_sitenote_active":false,"_monsterinsights_sitenote_note":"","_monsterinsights_sitenote_category":0},"product_cat":[1743],"product_tag":[],"yoast_head":"<!-- This site is optimized with the Yoast SEO plugin v19.5.1 - https:\/\/yoast.com\/wordpress\/plugins\/seo\/ -->\n<title>Kombin\u0113t\u0101 ma\u0161\u012bna \u0101das un pl\u0113vju atdal\u012b\u0161anai Maja ESB 4434 V - Carnitec<\/title>\n<meta name=\"robots\" content=\"index, follow, max-snippet:-1, max-image-preview:large, max-video-preview:-1\" \/>\n<link rel=\"canonical\" href=\"https:\/\/carnitec.com\/lv\/products\/maja-esb-4434-v\/\" \/>\n<meta property=\"og:locale\" content=\"lv_LV\" \/>\n<meta property=\"og:type\" content=\"article\" \/>\n<meta property=\"og:title\" content=\"Kombin\u0113t\u0101 ma\u0161\u012bna \u0101das un pl\u0113vju atdal\u012b\u0161anai Maja ESB 4434 V - Carnitec\" \/>\n<meta property=\"og:description\" content=\"Divas funkcijas vien\u0101 ma\u0161\u012bn\u0101: kombin\u0113tais modelis Maja ESB 4434 V ir piem\u0113rots k\u0101 \u0101das no\u0146em\u0161anai, t\u0101 ar\u012b pl\u0113ves atdal\u012b\u0161anai.\" \/>\n<meta property=\"og:url\" content=\"https:\/\/carnitec.com\/lv\/products\/maja-esb-4434-v\/\" \/>\n<meta property=\"og:site_name\" content=\"Carnitec\" \/>\n<meta property=\"article:publisher\" content=\"https:\/\/facebook.com\/carnitec1\" \/>\n<meta property=\"article:modified_time\" content=\"2016-04-04T17:26:37+00:00\" \/>\n<meta property=\"og:image\" content=\"https:\/\/carnitec.com\/wp-content\/uploads\/2016\/02\/ESB_4434V_.jpg\" \/>\n\t<meta property=\"og:image:width\" content=\"210\" \/>\n\t<meta property=\"og:image:height\" content=\"210\" \/>\n\t<meta property=\"og:image:type\" content=\"image\/jpeg\" \/>\n<meta name=\"twitter:card\" content=\"summary\" \/>\n<meta name=\"twitter:site\" content=\"@carnitec_\" \/>\n<meta name=\"twitter:label1\" content=\"Est. reading time\" \/>\n\t<meta name=\"twitter:data1\" content=\"2 min\u016btes\" \/>\n<script type=\"application\/ld+json\" class=\"yoast-schema-graph\">{\"@context\":\"https:\/\/schema.org\",\"@graph\":[{\"@type\":\"WebPage\",\"@id\":\"https:\/\/carnitec.com\/lv\/products\/maja-esb-4434-v\/\",\"url\":\"https:\/\/carnitec.com\/lv\/products\/maja-esb-4434-v\/\",\"name\":\"Kombin\u0113t\u0101 ma\u0161\u012bna \u0101das un pl\u0113vju atdal\u012b\u0161anai Maja ESB 4434 V - Carnitec\",\"isPartOf\":{\"@id\":\"https:\/\/carnitec.com\/lv\/#website\"},\"datePublished\":\"2016-02-19T20:25:40+00:00\",\"dateModified\":\"2016-04-04T17:26:37+00:00\",\"breadcrumb\":{\"@id\":\"https:\/\/carnitec.com\/lv\/products\/maja-esb-4434-v\/#breadcrumb\"},\"inLanguage\":\"lv-LV\",\"potentialAction\":[{\"@type\":\"ReadAction\",\"target\":[\"https:\/\/carnitec.com\/lv\/products\/maja-esb-4434-v\/\"]}]},{\"@type\":\"BreadcrumbList\",\"@id\":\"https:\/\/carnitec.com\/lv\/products\/maja-esb-4434-v\/#breadcrumb\",\"itemListElement\":[{\"@type\":\"ListItem\",\"position\":1,\"name\":\"\u0413\u043b\u0430\u0432\u043d\u0430\u044f \u0441\u0442\u0440\u0430\u043d\u0438\u0446\u0430\",\"item\":\"https:\/\/carnitec.com\/lv\/\"},{\"@type\":\"ListItem\",\"position\":2,\"name\":\"\u0422\u043e\u0432\u0430\u0440\u044b\",\"item\":\"https:\/\/carnitec.com\/shop\/\"},{\"@type\":\"ListItem\",\"position\":3,\"name\":\"Kombin\u0113t\u0101 ma\u0161\u012bna \u0101das un pl\u0113vju atdal\u012b\u0161anai Maja ESB 4434 V\"}]},{\"@type\":\"WebSite\",\"@id\":\"https:\/\/carnitec.com\/lv\/#website\",\"url\":\"https:\/\/carnitec.com\/lv\/\",\"name\":\"Carnitec\",\"description\":\"P\u0101rtikas r\u016bpniec\u012bbas iek\u0101rtas\",\"publisher\":{\"@id\":\"https:\/\/carnitec.com\/lv\/#organization\"},\"potentialAction\":[{\"@type\":\"SearchAction\",\"target\":{\"@type\":\"EntryPoint\",\"urlTemplate\":\"https:\/\/carnitec.com\/lv\/?s={search_term_string}\"},\"query-input\":\"required name=search_term_string\"}],\"inLanguage\":\"lv-LV\"},{\"@type\":\"Organization\",\"@id\":\"https:\/\/carnitec.com\/lv\/#organization\",\"name\":\"Carnitec - food processing equipment\",\"url\":\"https:\/\/carnitec.com\/lv\/\",\"sameAs\":[\"https:\/\/www.instagram.com\/carnitec\/?hl=en\",\"https:\/\/www.linkedin.com\/company\/carnitec-ltd\/\",\"https:\/\/www.youtube.com\/channel\/UCwfiuJujkF2QxPPZAqB0T2w\",\"https:\/\/facebook.com\/carnitec1\",\"https:\/\/twitter.com\/carnitec_\"],\"logo\":{\"@type\":\"ImageObject\",\"inLanguage\":\"lv-LV\",\"@id\":\"https:\/\/carnitec.com\/lv\/#\/schema\/logo\/image\/\",\"url\":\"http:\/\/carnitec.com\/wp-content\/uploads\/2018\/01\/carnitec_logo_2018.png\",\"contentUrl\":\"http:\/\/carnitec.com\/wp-content\/uploads\/2018\/01\/carnitec_logo_2018.png\",\"width\":180,\"height\":50,\"caption\":\"Carnitec - food processing equipment\"},\"image\":{\"@id\":\"https:\/\/carnitec.com\/lv\/#\/schema\/logo\/image\/\"}}]}<\/script>\n<!-- \/ Yoast SEO plugin. -->","yoast_head_json":{"title":"Kombin\u0113t\u0101 ma\u0161\u012bna \u0101das un pl\u0113vju atdal\u012b\u0161anai Maja ESB 4434 V - Carnitec","robots":{"index":"index","follow":"follow","max-snippet":"max-snippet:-1","max-image-preview":"max-image-preview:large","max-video-preview":"max-video-preview:-1"},"canonical":"https:\/\/carnitec.com\/lv\/products\/maja-esb-4434-v\/","og_locale":"lv_LV","og_type":"article","og_title":"Kombin\u0113t\u0101 ma\u0161\u012bna \u0101das un pl\u0113vju atdal\u012b\u0161anai Maja ESB 4434 V - Carnitec","og_description":"Divas funkcijas vien\u0101 ma\u0161\u012bn\u0101: kombin\u0113tais modelis Maja ESB 4434 V ir piem\u0113rots k\u0101 \u0101das no\u0146em\u0161anai, t\u0101 ar\u012b pl\u0113ves atdal\u012b\u0161anai.","og_url":"https:\/\/carnitec.com\/lv\/products\/maja-esb-4434-v\/","og_site_name":"Carnitec","article_publisher":"https:\/\/facebook.com\/carnitec1","article_modified_time":"2016-04-04T17:26:37+00:00","og_image":[{"width":210,"height":210,"url":"https:\/\/carnitec.com\/wp-content\/uploads\/2016\/02\/ESB_4434V_.jpg","type":"image\/jpeg"}],"twitter_card":"summary","twitter_site":"@carnitec_","twitter_misc":{"Est. reading time":"2 min\u016btes"},"schema":{"@context":"https:\/\/schema.org","@graph":[{"@type":"WebPage","@id":"https:\/\/carnitec.com\/lv\/products\/maja-esb-4434-v\/","url":"https:\/\/carnitec.com\/lv\/products\/maja-esb-4434-v\/","name":"Kombin\u0113t\u0101 ma\u0161\u012bna \u0101das un pl\u0113vju atdal\u012b\u0161anai Maja ESB 4434 V - Carnitec","isPartOf":{"@id":"https:\/\/carnitec.com\/lv\/#website"},"datePublished":"2016-02-19T20:25:40+00:00","dateModified":"2016-04-04T17:26:37+00:00","breadcrumb":{"@id":"https:\/\/carnitec.com\/lv\/products\/maja-esb-4434-v\/#breadcrumb"},"inLanguage":"lv-LV","potentialAction":[{"@type":"ReadAction","target":["https:\/\/carnitec.com\/lv\/products\/maja-esb-4434-v\/"]}]},{"@type":"BreadcrumbList","@id":"https:\/\/carnitec.com\/lv\/products\/maja-esb-4434-v\/#breadcrumb","itemListElement":[{"@type":"ListItem","position":1,"name":"\u0413\u043b\u0430\u0432\u043d\u0430\u044f \u0441\u0442\u0440\u0430\u043d\u0438\u0446\u0430","item":"https:\/\/carnitec.com\/lv\/"},{"@type":"ListItem","position":2,"name":"\u0422\u043e\u0432\u0430\u0440\u044b","item":"https:\/\/carnitec.com\/shop\/"},{"@type":"ListItem","position":3,"name":"Kombin\u0113t\u0101 ma\u0161\u012bna \u0101das un pl\u0113vju atdal\u012b\u0161anai Maja ESB 4434 V"}]},{"@type":"WebSite","@id":"https:\/\/carnitec.com\/lv\/#website","url":"https:\/\/carnitec.com\/lv\/","name":"Carnitec","description":"P\u0101rtikas r\u016bpniec\u012bbas iek\u0101rtas","publisher":{"@id":"https:\/\/carnitec.com\/lv\/#organization"},"potentialAction":[{"@type":"SearchAction","target":{"@type":"EntryPoint","urlTemplate":"https:\/\/carnitec.com\/lv\/?s={search_term_string}"},"query-input":"required name=search_term_string"}],"inLanguage":"lv-LV"},{"@type":"Organization","@id":"https:\/\/carnitec.com\/lv\/#organization","name":"Carnitec - food processing equipment","url":"https:\/\/carnitec.com\/lv\/","sameAs":["https:\/\/www.instagram.com\/carnitec\/?hl=en","https:\/\/www.linkedin.com\/company\/carnitec-ltd\/","https:\/\/www.youtube.com\/channel\/UCwfiuJujkF2QxPPZAqB0T2w","https:\/\/facebook.com\/carnitec1","https:\/\/twitter.com\/carnitec_"],"logo":{"@type":"ImageObject","inLanguage":"lv-LV","@id":"https:\/\/carnitec.com\/lv\/#\/schema\/logo\/image\/","url":"http:\/\/carnitec.com\/wp-content\/uploads\/2018\/01\/carnitec_logo_2018.png","contentUrl":"http:\/\/carnitec.com\/wp-content\/uploads\/2018\/01\/carnitec_logo_2018.png","width":180,"height":50,"caption":"Carnitec - food processing equipment"},"image":{"@id":"https:\/\/carnitec.com\/lv\/#\/schema\/logo\/image\/"}}]}},"_links":{"self":[{"href":"https:\/\/carnitec.com\/lv\/wp-json\/wp\/v2\/product\/6089"}],"collection":[{"href":"https:\/\/carnitec.com\/lv\/wp-json\/wp\/v2\/product"}],"about":[{"href":"https:\/\/carnitec.com\/lv\/wp-json\/wp\/v2\/types\/product"}],"wp:featuredmedia":[{"embeddable":true,"href":"https:\/\/carnitec.com\/lv\/wp-json\/wp\/v2\/media\/6088"}],"wp:attachment":[{"href":"https:\/\/carnitec.com\/lv\/wp-json\/wp\/v2\/media?parent=6089"}],"wp:term":[{"taxonomy":"product_cat","embeddable":true,"href":"https:\/\/carnitec.com\/lv\/wp-json\/wp\/v2\/product_cat?post=6089"},{"taxonomy":"product_tag","embeddable":true,"href":"https:\/\/carnitec.com\/lv\/wp-json\/wp\/v2\/product_tag?post=6089"}],"curies":[{"name":"wp","href":"https:\/\/api.w.org\/{rel}","templated":true}]}}