{"id":58298,"date":"2022-02-11T18:41:50","date_gmt":"2022-02-11T16:41:50","guid":{"rendered":"https:\/\/carnitec.com\/?post_type=product&#038;p=58298"},"modified":"2022-02-11T18:48:54","modified_gmt":"2022-02-11T16:48:54","slug":"pelmenu-un-vareniku-razosanas-iekarta-cr150","status":"publish","type":"product","link":"https:\/\/carnitec.com\/lv\/products\/pelmenu-un-vareniku-razosanas-iekarta-cr150\/","title":{"rendered":"Pelme\u0146u un vareniku ra\u017eo\u0161anas iek\u0101rta CR150"},"content":{"rendered":"<p>Iek\u0101rta pelme\u0146u un vareniku pagatavo\u0161anai CR150<\/p>\n<h3>Specifik\u0101cija<\/h3>\n<p>&nbsp;<\/p>\n<table width=\"674\">\n<tbody>\n<tr>\n<td width=\"368\">Vien\u012bbas izm\u0113ri (garums * augstums * platums)<\/td>\n<td width=\"306\">1100 * 1400 * 700mm<\/td>\n<\/tr>\n<tr>\n<td width=\"368\">Ma\u0161\u012bnas svars<\/td>\n<td width=\"306\">330 kg<\/td>\n<\/tr>\n<tr>\n<td width=\"368\">Uzst\u0101d\u012bt\u0101 jauda<\/td>\n<td width=\"306\">1,5 kW<\/td>\n<\/tr>\n<tr>\n<td width=\"368\">Ma\u0161\u012bnas ra\u017eotsp\u0113j\u0101<\/td>\n<td width=\"306\">l\u012bdz 150 kg \/ h<\/td>\n<\/tr>\n<tr>\n<td width=\"368\">Pild\u012bjums (pild\u012bjums \/ m\u012bkla)<\/td>\n<td width=\"306\">50% \/ 50%<\/td>\n<\/tr>\n<tr>\n<td width=\"368\">Pelme\u0146u svars<\/td>\n<td width=\"306\">no 4,5 gr. l\u012bdz 15 gr.<\/td>\n<\/tr>\n<tr>\n<td width=\"368\">Varenika svars<\/td>\n<td width=\"306\">no 6 gr. l\u012bdz 16 gr.<\/td>\n<\/tr>\n<tr>\n<td width=\"368\">Masas starp\u012bba starp pelme\u0146iem<\/td>\n<td width=\"306\">ne vair\u0101k k\u0101 1 gr.<\/td>\n<\/tr>\n<tr>\n<td width=\"368\">Garantija<\/td>\n<td width=\"306\">1 gads<\/td>\n<\/tr>\n<\/tbody>\n<\/table>\n<p>*M\u012bklas biezumu var main\u012bt ar main\u0101miem ru\u013c\u013ciem<\/p>\n<h3>Augstas kvalit\u0101tes NSK gult\u0146i<\/h3>\n<p><a href=\"https:\/\/carnitec.com\/wp-content\/uploads\/2022\/02\/nsk.png\" data-rel=\"lightbox-image-0\" data-rl_title=\"\" data-rl_caption=\"\" title=\"\"><img class=\"alignright size-full wp-image-58299\" src=\"https:\/\/carnitec.com\/wp-content\/uploads\/2022\/02\/nsk.png\" alt=\"NSK\" width=\"244\" height=\"169\" \/><\/a>Uzlabot\u0101 bl\u012bv\u0113jumu tehnolo\u0123ija ietver patent\u0113tas zema kontakta bl\u012bves, kas ir iztur\u012bgas pret vissmag\u0101kajiem pies\u0101r\u0146ot\u0101jiem, vienlaikus saglab\u0101jot zemu rot\u0101cijas pretest\u012bbu<br \/>\nUnik\u0101li izstr\u0101d\u0101ts un izstr\u0101d\u0101ts ar sint\u0113tisku poliam\u012bda materi\u0101lu modern\u0101 apdar\u0113, lai saglab\u0101tu e\u013c\u013co\u0161anu, samazin\u0101tu troksni un jaudas zudumus<br \/>\nM\u016bsdien\u012bg\u0101 mitrumu atgr\u016bdo\u0161\u0101 vides sm\u0113rvielu tehnolo\u0123ija nov\u0113r\u0161 koroziju<br \/>\nT\u0113rauds, kas ra\u017eots ar vakuuma degaz\u0113\u0161anas tehnolo\u0123iju un att\u012br\u012bts no piemais\u012bjumiem, kas pagarina gult\u0146u kalpo\u0161anas laiku par 80% sal\u012bdzin\u0101jum\u0101 ar parastajiem t\u0113raudiem<\/p>\n<p>&nbsp;<\/p>\n<p>&nbsp;<\/p>\n<h2>Produktu veidi un formas<\/h2>\n<div id='gallery-1' class='gallery galleryid-58298 gallery-columns-3 gallery-size-thumbnail'><figure class='gallery-item'>\n\t\t\t<div class='gallery-icon landscape'>\n\t\t\t\t<a href='https:\/\/carnitec.com\/wp-content\/uploads\/2018\/01\/PELM_flower.jpg' title=\"\" data-rl_title=\"\" class=\"rl-gallery-link\" data-rl_caption=\"\" data-rel=\"lightbox-gallery-1\"><img width=\"150\" height=\"150\" src=\"https:\/\/carnitec.com\/wp-content\/uploads\/2018\/01\/PELM_flower.jpg\" class=\"attachment-thumbnail size-thumbnail\" alt=\"Pelme\u0146i \u201cziedi\u0146\u0161\u201d\" srcset=\"https:\/\/carnitec.com\/wp-content\/uploads\/2018\/01\/PELM_flower.jpg 200w, https:\/\/carnitec.com\/wp-content\/uploads\/2018\/01\/PELM_flower-100x100.jpg 100w\" sizes=\"(max-width: 150px) 100vw, 150px\" \/><\/a>\n\t\t\t<\/div><\/figure><figure class='gallery-item'>\n\t\t\t<div class='gallery-icon landscape'>\n\t\t\t\t<a href='https:\/\/carnitec.com\/wp-content\/uploads\/2018\/01\/PELM_label.jpg' title=\"\" data-rl_title=\"\" class=\"rl-gallery-link\" data-rl_caption=\"\" data-rel=\"lightbox-gallery-1\"><img width=\"150\" height=\"150\" src=\"https:\/\/carnitec.com\/wp-content\/uploads\/2018\/01\/PELM_label.jpg\" class=\"attachment-thumbnail size-thumbnail\" alt=\"Pelme\u0146i \u201cAr uzrakstu\u201d\" srcset=\"https:\/\/carnitec.com\/wp-content\/uploads\/2018\/01\/PELM_label.jpg 200w, https:\/\/carnitec.com\/wp-content\/uploads\/2018\/01\/PELM_label-100x100.jpg 100w\" sizes=\"(max-width: 150px) 100vw, 150px\" \/><\/a>\n\t\t\t<\/div><\/figure><figure class='gallery-item'>\n\t\t\t<div class='gallery-icon landscape'>\n\t\t\t\t<a href='https:\/\/carnitec.com\/wp-content\/uploads\/2018\/01\/PELM_S.jpg' title=\"\" data-rl_title=\"\" class=\"rl-gallery-link\" data-rl_caption=\"\" data-rel=\"lightbox-gallery-1\"><img width=\"150\" height=\"150\" src=\"https:\/\/carnitec.com\/wp-content\/uploads\/2018\/01\/PELM_S.jpg\" class=\"attachment-thumbnail size-thumbnail\" alt=\"Pelme\u0146i \u201cAr roku form\u0113\u0161anas imit\u0101ciju\u201d\" srcset=\"https:\/\/carnitec.com\/wp-content\/uploads\/2018\/01\/PELM_S.jpg 200w, https:\/\/carnitec.com\/wp-content\/uploads\/2018\/01\/PELM_S-100x100.jpg 100w\" sizes=\"(max-width: 150px) 100vw, 150px\" \/><\/a>\n\t\t\t<\/div><\/figure><figure class='gallery-item'>\n\t\t\t<div class='gallery-icon landscape'>\n\t\t\t\t<a href='https:\/\/carnitec.com\/wp-content\/uploads\/2018\/01\/PELM_s2.jpg' title=\"\" data-rl_title=\"\" class=\"rl-gallery-link\" data-rl_caption=\"\" data-rel=\"lightbox-gallery-1\"><img width=\"150\" height=\"150\" src=\"https:\/\/carnitec.com\/wp-content\/uploads\/2018\/01\/PELM_s2.jpg\" class=\"attachment-thumbnail size-thumbnail\" alt=\"Pelme\u0146i \u201cAr roku form\u0113\u0161anas imit\u0101ciju\u201d\" srcset=\"https:\/\/carnitec.com\/wp-content\/uploads\/2018\/01\/PELM_s2.jpg 200w, https:\/\/carnitec.com\/wp-content\/uploads\/2018\/01\/PELM_s2-100x100.jpg 100w\" sizes=\"(max-width: 150px) 100vw, 150px\" \/><\/a>\n\t\t\t<\/div><\/figure><figure class='gallery-item'>\n\t\t\t<div class='gallery-icon landscape'>\n\t\t\t\t<a href='https:\/\/carnitec.com\/wp-content\/uploads\/2018\/01\/pelm_s3.jpg' title=\"\" data-rl_title=\"\" class=\"rl-gallery-link\" data-rl_caption=\"\" data-rel=\"lightbox-gallery-1\"><img width=\"150\" height=\"150\" src=\"https:\/\/carnitec.com\/wp-content\/uploads\/2018\/01\/pelm_s3.jpg\" class=\"attachment-thumbnail size-thumbnail\" alt=\"Pelme\u0146i \u201cAr roku form\u0113\u0161anas imit\u0101ciju\u201d\" srcset=\"https:\/\/carnitec.com\/wp-content\/uploads\/2018\/01\/pelm_s3.jpg 200w, https:\/\/carnitec.com\/wp-content\/uploads\/2018\/01\/pelm_s3-100x100.jpg 100w\" sizes=\"(max-width: 150px) 100vw, 150px\" \/><\/a>\n\t\t\t<\/div><\/figure><figure class='gallery-item'>\n\t\t\t<div class='gallery-icon landscape'>\n\t\t\t\t<a href='https:\/\/carnitec.com\/wp-content\/uploads\/2018\/01\/PELM_saturn.jpg' title=\"\" data-rl_title=\"\" class=\"rl-gallery-link\" data-rl_caption=\"\" data-rel=\"lightbox-gallery-1\"><img width=\"150\" height=\"150\" src=\"https:\/\/carnitec.com\/wp-content\/uploads\/2018\/01\/PELM_saturn.jpg\" class=\"attachment-thumbnail size-thumbnail\" alt=\"Pelme\u0146i \u201cSaturns\u201d\" srcset=\"https:\/\/carnitec.com\/wp-content\/uploads\/2018\/01\/PELM_saturn.jpg 200w, https:\/\/carnitec.com\/wp-content\/uploads\/2018\/01\/PELM_saturn-100x100.jpg 100w\" sizes=\"(max-width: 150px) 100vw, 150px\" \/><\/a>\n\t\t\t<\/div><\/figure><figure class='gallery-item'>\n\t\t\t<div class='gallery-icon landscape'>\n\t\t\t\t<a href='https:\/\/carnitec.com\/wp-content\/uploads\/2018\/01\/varen_flower.jpg' title=\"\" data-rl_title=\"\" class=\"rl-gallery-link\" data-rl_caption=\"\" data-rel=\"lightbox-gallery-1\"><img width=\"150\" height=\"150\" src=\"https:\/\/carnitec.com\/wp-content\/uploads\/2018\/01\/varen_flower.jpg\" class=\"attachment-thumbnail size-thumbnail\" alt=\"Vareniks \u201cziedi\u0146\u0161\u201d\" srcset=\"https:\/\/carnitec.com\/wp-content\/uploads\/2018\/01\/varen_flower.jpg 200w, https:\/\/carnitec.com\/wp-content\/uploads\/2018\/01\/varen_flower-100x100.jpg 100w\" sizes=\"(max-width: 150px) 100vw, 150px\" \/><\/a>\n\t\t\t<\/div><\/figure><figure class='gallery-item'>\n\t\t\t<div class='gallery-icon landscape'>\n\t\t\t\t<a href='https:\/\/carnitec.com\/wp-content\/uploads\/2018\/01\/Varen_greb.jpg' title=\"\" data-rl_title=\"\" class=\"rl-gallery-link\" data-rl_caption=\"\" data-rel=\"lightbox-gallery-1\"><img width=\"150\" height=\"150\" src=\"https:\/\/carnitec.com\/wp-content\/uploads\/2018\/01\/Varen_greb.jpg\" class=\"attachment-thumbnail size-thumbnail\" alt=\"Vareniks \u201c\u0137emm\u012bte\u201d\" srcset=\"https:\/\/carnitec.com\/wp-content\/uploads\/2018\/01\/Varen_greb.jpg 200w, https:\/\/carnitec.com\/wp-content\/uploads\/2018\/01\/Varen_greb-100x100.jpg 100w\" sizes=\"(max-width: 150px) 100vw, 150px\" \/><\/a>\n\t\t\t<\/div><\/figure><figure class='gallery-item'>\n\t\t\t<div class='gallery-icon landscape'>\n\t\t\t\t<a href='https:\/\/carnitec.com\/wp-content\/uploads\/2018\/01\/varenik_glad.jpg' title=\"\" data-rl_title=\"\" class=\"rl-gallery-link\" data-rl_caption=\"\" data-rel=\"lightbox-gallery-1\"><img width=\"150\" height=\"150\" src=\"https:\/\/carnitec.com\/wp-content\/uploads\/2018\/01\/varenik_glad.jpg\" class=\"attachment-thumbnail size-thumbnail\" alt=\"Vareniks \u201cgluds\u201d\" srcset=\"https:\/\/carnitec.com\/wp-content\/uploads\/2018\/01\/varenik_glad.jpg 200w, https:\/\/carnitec.com\/wp-content\/uploads\/2018\/01\/varenik_glad-100x100.jpg 100w\" sizes=\"(max-width: 150px) 100vw, 150px\" \/><\/a>\n\t\t\t<\/div><\/figure><figure class='gallery-item'>\n\t\t\t<div class='gallery-icon landscape'>\n\t\t\t\t<a href='https:\/\/carnitec.com\/wp-content\/uploads\/2018\/01\/PELM_dolep1.jpg' title=\"\" data-rl_title=\"\" class=\"rl-gallery-link\" data-rl_caption=\"\" data-rel=\"lightbox-gallery-1\"><img width=\"150\" height=\"150\" src=\"https:\/\/carnitec.com\/wp-content\/uploads\/2018\/01\/PELM_dolep1.jpg\" class=\"attachment-thumbnail size-thumbnail\" alt=\"Papildus salipin\u0101\u0161anai\" srcset=\"https:\/\/carnitec.com\/wp-content\/uploads\/2018\/01\/PELM_dolep1.jpg 200w, https:\/\/carnitec.com\/wp-content\/uploads\/2018\/01\/PELM_dolep1-100x100.jpg 100w\" sizes=\"(max-width: 150px) 100vw, 150px\" \/><\/a>\n\t\t\t<\/div><\/figure>\n\t\t<\/div>\n\n<h3>Video:<\/h3>\n<div class=\"embed-responsive embed-responsive-16by9\"><iframe loading=\"lazy\" title=\"Pelme\u0146u ra\u017eo\u0161anas iek\u0101rta CR150 \/ Dumplings machine\" width=\"640\" height=\"360\" src=\"https:\/\/www.youtube.com\/embed\/o5A7Aei0JD4?start=6&#038;feature=oembed\" frameborder=\"0\" allow=\"accelerometer; autoplay; clipboard-write; encrypted-media; gyroscope; picture-in-picture\" allowfullscreen><\/iframe><\/div>\n<p>&nbsp;<\/p>\n","protected":false},"excerpt":{"rendered":"<p>Pelme\u0146u un vareniku ra\u017eo\u0161anas iek\u0101rta CR150<\/p>\n","protected":false},"featured_media":58303,"template":"","meta":{"content-type":"","_monsterinsights_skip_tracking":false,"_monsterinsights_sitenote_active":false,"_monsterinsights_sitenote_note":"","_monsterinsights_sitenote_category":0},"product_cat":[1203],"product_tag":[4338,4341,2705,4339,4344,1207,2706,1205,1206,2709,4343,1472,2704,2703,4342,4340],"yoast_head":"<!-- This site is optimized with the Yoast SEO plugin v19.5.1 - https:\/\/yoast.com\/wordpress\/plugins\/seo\/ -->\n<title>Pelme\u0146u un vareniku ra\u017eo\u0161anas iek\u0101rta CR150 - Carnitec<\/title>\n<meta name=\"description\" content=\"Pelme\u0146u un vare\u0146iku ra\u017eo\u0161anas iek\u0101rta. Lab\u0101k\u0101s cenas \u2713 Elast\u012bgi noteikumi \u2713 Tehniskais atbalsts Latvij\u0101 \u2713 Pieg\u0101de vis\u0101 Latvij\u0101 \u260e +371 29579056\" \/>\n<meta name=\"robots\" content=\"index, follow, max-snippet:-1, max-image-preview:large, max-video-preview:-1\" \/>\n<link rel=\"canonical\" href=\"https:\/\/carnitec.com\/lv\/products\/pelmenu-un-vareniku-razosanas-iekarta-cr150\/\" \/>\n<meta property=\"og:locale\" content=\"lv_LV\" \/>\n<meta property=\"og:type\" content=\"article\" \/>\n<meta property=\"og:title\" content=\"Pelme\u0146u un vareniku ra\u017eo\u0161anas iek\u0101rta CR150 - Carnitec\" \/>\n<meta property=\"og:description\" content=\"Pelme\u0146u un vare\u0146iku ra\u017eo\u0161anas iek\u0101rta. Lab\u0101k\u0101s cenas \u2713 Elast\u012bgi noteikumi \u2713 Tehniskais atbalsts Latvij\u0101 \u2713 Pieg\u0101de vis\u0101 Latvij\u0101 \u260e +371 29579056\" \/>\n<meta property=\"og:url\" content=\"https:\/\/carnitec.com\/lv\/products\/pelmenu-un-vareniku-razosanas-iekarta-cr150\/\" \/>\n<meta property=\"og:site_name\" content=\"Carnitec\" \/>\n<meta property=\"article:publisher\" content=\"https:\/\/facebook.com\/carnitec1\" \/>\n<meta property=\"article:modified_time\" content=\"2022-02-11T16:48:54+00:00\" \/>\n<meta property=\"og:image\" content=\"https:\/\/carnitec.com\/wp-content\/uploads\/2022\/02\/sd150.jpg\" \/>\n\t<meta property=\"og:image:width\" content=\"900\" \/>\n\t<meta property=\"og:image:height\" content=\"900\" \/>\n\t<meta property=\"og:image:type\" content=\"image\/jpeg\" \/>\n<meta name=\"twitter:card\" content=\"summary\" \/>\n<meta name=\"twitter:site\" content=\"@carnitec_\" \/>\n<meta name=\"twitter:label1\" content=\"Est. reading time\" \/>\n\t<meta name=\"twitter:data1\" content=\"2 min\u016btes\" \/>\n<script type=\"application\/ld+json\" class=\"yoast-schema-graph\">{\"@context\":\"https:\/\/schema.org\",\"@graph\":[{\"@type\":\"WebPage\",\"@id\":\"https:\/\/carnitec.com\/lv\/products\/pelmenu-un-vareniku-razosanas-iekarta-cr150\/\",\"url\":\"https:\/\/carnitec.com\/lv\/products\/pelmenu-un-vareniku-razosanas-iekarta-cr150\/\",\"name\":\"Pelme\u0146u un vareniku ra\u017eo\u0161anas iek\u0101rta CR150 - Carnitec\",\"isPartOf\":{\"@id\":\"https:\/\/carnitec.com\/lv\/#website\"},\"datePublished\":\"2022-02-11T16:41:50+00:00\",\"dateModified\":\"2022-02-11T16:48:54+00:00\",\"description\":\"Pelme\u0146u un vare\u0146iku ra\u017eo\u0161anas iek\u0101rta. Lab\u0101k\u0101s cenas \u2713 Elast\u012bgi noteikumi \u2713 Tehniskais atbalsts Latvij\u0101 \u2713 Pieg\u0101de vis\u0101 Latvij\u0101 \u260e +371 29579056\",\"breadcrumb\":{\"@id\":\"https:\/\/carnitec.com\/lv\/products\/pelmenu-un-vareniku-razosanas-iekarta-cr150\/#breadcrumb\"},\"inLanguage\":\"lv-LV\",\"potentialAction\":[{\"@type\":\"ReadAction\",\"target\":[\"https:\/\/carnitec.com\/lv\/products\/pelmenu-un-vareniku-razosanas-iekarta-cr150\/\"]}]},{\"@type\":\"BreadcrumbList\",\"@id\":\"https:\/\/carnitec.com\/lv\/products\/pelmenu-un-vareniku-razosanas-iekarta-cr150\/#breadcrumb\",\"itemListElement\":[{\"@type\":\"ListItem\",\"position\":1,\"name\":\"\u0413\u043b\u0430\u0432\u043d\u0430\u044f \u0441\u0442\u0440\u0430\u043d\u0438\u0446\u0430\",\"item\":\"https:\/\/carnitec.com\/lv\/\"},{\"@type\":\"ListItem\",\"position\":2,\"name\":\"\u0422\u043e\u0432\u0430\u0440\u044b\",\"item\":\"https:\/\/carnitec.com\/shop\/\"},{\"@type\":\"ListItem\",\"position\":3,\"name\":\"Pelme\u0146u un vareniku ra\u017eo\u0161anas iek\u0101rta CR150\"}]},{\"@type\":\"WebSite\",\"@id\":\"https:\/\/carnitec.com\/lv\/#website\",\"url\":\"https:\/\/carnitec.com\/lv\/\",\"name\":\"Carnitec\",\"description\":\"P\u0101rtikas r\u016bpniec\u012bbas iek\u0101rtas\",\"publisher\":{\"@id\":\"https:\/\/carnitec.com\/lv\/#organization\"},\"potentialAction\":[{\"@type\":\"SearchAction\",\"target\":{\"@type\":\"EntryPoint\",\"urlTemplate\":\"https:\/\/carnitec.com\/lv\/?s={search_term_string}\"},\"query-input\":\"required name=search_term_string\"}],\"inLanguage\":\"lv-LV\"},{\"@type\":\"Organization\",\"@id\":\"https:\/\/carnitec.com\/lv\/#organization\",\"name\":\"Carnitec - food processing equipment\",\"url\":\"https:\/\/carnitec.com\/lv\/\",\"sameAs\":[\"https:\/\/www.instagram.com\/carnitec\/?hl=en\",\"https:\/\/www.linkedin.com\/company\/carnitec-ltd\/\",\"https:\/\/www.youtube.com\/channel\/UCwfiuJujkF2QxPPZAqB0T2w\",\"https:\/\/facebook.com\/carnitec1\",\"https:\/\/twitter.com\/carnitec_\"],\"logo\":{\"@type\":\"ImageObject\",\"inLanguage\":\"lv-LV\",\"@id\":\"https:\/\/carnitec.com\/lv\/#\/schema\/logo\/image\/\",\"url\":\"http:\/\/carnitec.com\/wp-content\/uploads\/2018\/01\/carnitec_logo_2018.png\",\"contentUrl\":\"http:\/\/carnitec.com\/wp-content\/uploads\/2018\/01\/carnitec_logo_2018.png\",\"width\":180,\"height\":50,\"caption\":\"Carnitec - food processing equipment\"},\"image\":{\"@id\":\"https:\/\/carnitec.com\/lv\/#\/schema\/logo\/image\/\"}}]}<\/script>\n<!-- \/ Yoast SEO plugin. -->","yoast_head_json":{"title":"Pelme\u0146u un vareniku ra\u017eo\u0161anas iek\u0101rta CR150 - Carnitec","description":"Pelme\u0146u un vare\u0146iku ra\u017eo\u0161anas iek\u0101rta. Lab\u0101k\u0101s cenas \u2713 Elast\u012bgi noteikumi \u2713 Tehniskais atbalsts Latvij\u0101 \u2713 Pieg\u0101de vis\u0101 Latvij\u0101 \u260e +371 29579056","robots":{"index":"index","follow":"follow","max-snippet":"max-snippet:-1","max-image-preview":"max-image-preview:large","max-video-preview":"max-video-preview:-1"},"canonical":"https:\/\/carnitec.com\/lv\/products\/pelmenu-un-vareniku-razosanas-iekarta-cr150\/","og_locale":"lv_LV","og_type":"article","og_title":"Pelme\u0146u un vareniku ra\u017eo\u0161anas iek\u0101rta CR150 - Carnitec","og_description":"Pelme\u0146u un vare\u0146iku ra\u017eo\u0161anas iek\u0101rta. Lab\u0101k\u0101s cenas \u2713 Elast\u012bgi noteikumi \u2713 Tehniskais atbalsts Latvij\u0101 \u2713 Pieg\u0101de vis\u0101 Latvij\u0101 \u260e +371 29579056","og_url":"https:\/\/carnitec.com\/lv\/products\/pelmenu-un-vareniku-razosanas-iekarta-cr150\/","og_site_name":"Carnitec","article_publisher":"https:\/\/facebook.com\/carnitec1","article_modified_time":"2022-02-11T16:48:54+00:00","og_image":[{"width":900,"height":900,"url":"https:\/\/carnitec.com\/wp-content\/uploads\/2022\/02\/sd150.jpg","type":"image\/jpeg"}],"twitter_card":"summary","twitter_site":"@carnitec_","twitter_misc":{"Est. reading time":"2 min\u016btes"},"schema":{"@context":"https:\/\/schema.org","@graph":[{"@type":"WebPage","@id":"https:\/\/carnitec.com\/lv\/products\/pelmenu-un-vareniku-razosanas-iekarta-cr150\/","url":"https:\/\/carnitec.com\/lv\/products\/pelmenu-un-vareniku-razosanas-iekarta-cr150\/","name":"Pelme\u0146u un vareniku ra\u017eo\u0161anas iek\u0101rta CR150 - Carnitec","isPartOf":{"@id":"https:\/\/carnitec.com\/lv\/#website"},"datePublished":"2022-02-11T16:41:50+00:00","dateModified":"2022-02-11T16:48:54+00:00","description":"Pelme\u0146u un vare\u0146iku ra\u017eo\u0161anas iek\u0101rta. Lab\u0101k\u0101s cenas \u2713 Elast\u012bgi noteikumi \u2713 Tehniskais atbalsts Latvij\u0101 \u2713 Pieg\u0101de vis\u0101 Latvij\u0101 \u260e +371 29579056","breadcrumb":{"@id":"https:\/\/carnitec.com\/lv\/products\/pelmenu-un-vareniku-razosanas-iekarta-cr150\/#breadcrumb"},"inLanguage":"lv-LV","potentialAction":[{"@type":"ReadAction","target":["https:\/\/carnitec.com\/lv\/products\/pelmenu-un-vareniku-razosanas-iekarta-cr150\/"]}]},{"@type":"BreadcrumbList","@id":"https:\/\/carnitec.com\/lv\/products\/pelmenu-un-vareniku-razosanas-iekarta-cr150\/#breadcrumb","itemListElement":[{"@type":"ListItem","position":1,"name":"\u0413\u043b\u0430\u0432\u043d\u0430\u044f \u0441\u0442\u0440\u0430\u043d\u0438\u0446\u0430","item":"https:\/\/carnitec.com\/lv\/"},{"@type":"ListItem","position":2,"name":"\u0422\u043e\u0432\u0430\u0440\u044b","item":"https:\/\/carnitec.com\/shop\/"},{"@type":"ListItem","position":3,"name":"Pelme\u0146u un vareniku ra\u017eo\u0161anas iek\u0101rta CR150"}]},{"@type":"WebSite","@id":"https:\/\/carnitec.com\/lv\/#website","url":"https:\/\/carnitec.com\/lv\/","name":"Carnitec","description":"P\u0101rtikas r\u016bpniec\u012bbas iek\u0101rtas","publisher":{"@id":"https:\/\/carnitec.com\/lv\/#organization"},"potentialAction":[{"@type":"SearchAction","target":{"@type":"EntryPoint","urlTemplate":"https:\/\/carnitec.com\/lv\/?s={search_term_string}"},"query-input":"required name=search_term_string"}],"inLanguage":"lv-LV"},{"@type":"Organization","@id":"https:\/\/carnitec.com\/lv\/#organization","name":"Carnitec - food processing equipment","url":"https:\/\/carnitec.com\/lv\/","sameAs":["https:\/\/www.instagram.com\/carnitec\/?hl=en","https:\/\/www.linkedin.com\/company\/carnitec-ltd\/","https:\/\/www.youtube.com\/channel\/UCwfiuJujkF2QxPPZAqB0T2w","https:\/\/facebook.com\/carnitec1","https:\/\/twitter.com\/carnitec_"],"logo":{"@type":"ImageObject","inLanguage":"lv-LV","@id":"https:\/\/carnitec.com\/lv\/#\/schema\/logo\/image\/","url":"http:\/\/carnitec.com\/wp-content\/uploads\/2018\/01\/carnitec_logo_2018.png","contentUrl":"http:\/\/carnitec.com\/wp-content\/uploads\/2018\/01\/carnitec_logo_2018.png","width":180,"height":50,"caption":"Carnitec - food processing equipment"},"image":{"@id":"https:\/\/carnitec.com\/lv\/#\/schema\/logo\/image\/"}}]}},"_links":{"self":[{"href":"https:\/\/carnitec.com\/lv\/wp-json\/wp\/v2\/product\/58298"}],"collection":[{"href":"https:\/\/carnitec.com\/lv\/wp-json\/wp\/v2\/product"}],"about":[{"href":"https:\/\/carnitec.com\/lv\/wp-json\/wp\/v2\/types\/product"}],"wp:featuredmedia":[{"embeddable":true,"href":"https:\/\/carnitec.com\/lv\/wp-json\/wp\/v2\/media\/58303"}],"wp:attachment":[{"href":"https:\/\/carnitec.com\/lv\/wp-json\/wp\/v2\/media?parent=58298"}],"wp:term":[{"taxonomy":"product_cat","embeddable":true,"href":"https:\/\/carnitec.com\/lv\/wp-json\/wp\/v2\/product_cat?post=58298"},{"taxonomy":"product_tag","embeddable":true,"href":"https:\/\/carnitec.com\/lv\/wp-json\/wp\/v2\/product_tag?post=58298"}],"curies":[{"name":"wp","href":"https:\/\/api.w.org\/{rel}","templated":true}]}}