{"id":55342,"date":"2022-01-30T17:01:16","date_gmt":"2022-01-30T15:01:16","guid":{"rendered":"https:\/\/carnitec.com\/?post_type=product&#038;p=55342"},"modified":"2022-01-30T17:02:29","modified_gmt":"2022-01-30T15:02:29","slug":"automatiska-adu-nonemsanas-iekarta-bxaplus-554","status":"publish","type":"product","link":"https:\/\/carnitec.com\/lv\/products\/automatiska-adu-nonemsanas-iekarta-bxaplus-554\/","title":{"rendered":"Autom\u0101tiska \u0101du no\u0146em\u0161anas iek\u0101rta BXAplus 554"},"content":{"rendered":"<p>Lentes iek\u0101rta \u0101das no\u0146em\u0161anai BXAplus 554 paredz\u0113ta piln\u012bgi autom\u0101tiskam c\u016bku lieme\u0146u gabalu apstr\u0101des procesam \u0101das no\u0146em\u0161anai. MAJA iek\u0101rtas dod iesp\u0113ju ieg\u016bt optim\u0101lo rezult\u0101tu, pirmkart griezum\u0101.<\/p>\n<p>Sakar\u0101 ar \u0161o manu\u0101lo modifik\u0101ciju, papildus darbs lai no\u0146emtu \u0101das atlieku, tiek samazin\u0101ts l\u012bdz minimumam. Tas savuk\u0101rt \u013coti pozit\u012bvi ietekm\u0113 produktu higi\u0113nu (maz\u0101ks bakt\u0113riju pies\u0101r\u0146ojums sakar\u0101 ar saskari ar produktu).<\/p>\n<h3>BXAplus 554 izmanto\u0161ana dod sekojo\u0161as priek\u0161roc\u012bbas:<\/h3>\n<p>Minimala produkta papildus apstrade prasa maz\u0101ku sp\u0113ku un ietaupa person\u0101la izmaksas.<br \/>\nAugsta caurlaidsp\u0113ja palielina kop\u0113jo produktivit\u0101ti.<br \/>\npalielinot pe\u013c\u0146u, \u013cauj ieg\u016bt liel\u0101ku pe\u013c\u0146u.<br \/>\nUzlabot\u0101 produkta kvalit\u0101te piln\u012bb\u0101 atbilst klienta pras\u012bb\u0101m.<\/p>\n<p><strong>Veiktsp\u0113ja un raksturojums<\/strong><br \/>\n\u2022 Augsta produktu daudzveid\u012bba &#8211; pla\u0161a pielieto\u0161ana<br \/>\n\u2022 Transportervien\u012bba \u0101das no\u0146em\u0161anai BXA plakani izstr\u0101d\u0101juma gabali<br \/>\n\u2022 Maja ma\u0161\u012bna BXAplus 554 ir paredz\u0113ta piln\u012bgai c\u016bku lieme\u0146a da\u013cu ar \u0101du apstr\u0101dei:<br \/>\n\u2022 piem\u0113ram, kr\u016b\u0161u gabali\u0146\u0161, mugurkaula skrandis, vaksti\u0146\u0161, spinags, salts, l\u0101psti\u0146as aug\u0161da\u013ca, \u0161\u0137i\u0146\u0137is un \u0161\u0137i\u0146\u0137is bez g\u016b\u017eas, katr\u0101 gad\u012bjum\u0101 bez kauliem.<\/p>\n<h3>MAJA &#8211; autom\u0101tiska pirm\u0101 griezuma piel\u0101go\u0161ana izcilai iz\u0146em\u0161anai<\/h3>\n<p>\u2022 Grie\u0161anas izl\u012bdzin\u0101\u0161anas meh\u0101nisk\u0101 vad\u012bba, neizmantojot foto sensori un pneimatisk\u0101s iek\u0101rtas. autom\u0101tiska piel\u0101go\u0161ana nodro\u0161ina, ka produkta s\u0101kum\u0101 nav atlieku atlikumu.<\/p>\n<h3>Spriegot\u0101ja spiediena optimiz\u0101cija un maksim\u0101lais ra\u017e\u012bgums<\/h3>\n<p>\u2022 Pateicoties prec\u012bzi funkcion\u0113jo\u0161ai autom\u0101tiskai izl\u012bdzin\u0101\u0161anas sist\u0113mai pirmajam griezumam un s\u0113rijveid\u0101 pieg\u0101d\u0101tajiem Belly-Kits, tiek sasniegts maksim\u0101lais ra\u017e\u012bgums visos produktos.<br \/>\n\u2022 &lt;1% produkta \u0101das atlieku, aptuvenie dati, var at\u0161\u0137irties atkar\u012bb\u0101 no ra\u017eo\u0161anas apst\u0101k\u013ciem un izejvielu sagatavo\u0161anas.<br \/>\n\u2022 minim\u0101la manu\u0101la p\u0101rveido\u0161ana &#8211; person\u0101la izmaksu ietaup\u012bjums.<br \/>\n\u2022 Uzlabota produkta kvalit\u0101te, jo maz\u0101k manu\u0101lu \u0101du griezejumu.<\/p>\n<p><iframe loading=\"lazy\" title=\"BXAplus 554 MAJA Band-Entschwartungsmaschine\" width=\"640\" height=\"360\" src=\"https:\/\/www.youtube.com\/embed\/vDyyN9ANvow?feature=oembed\" frameborder=\"0\" allow=\"accelerometer; autoplay; clipboard-write; encrypted-media; gyroscope; picture-in-picture\" allowfullscreen><\/iframe><\/p>\n<p>MAJA Art.-Nr. 101-0056<br \/>\nP\u013cau\u0161anas platums 554 mm<br \/>\nMa\u0161\u012bnas platums 1096 mm<br \/>\nIek\u0101rtas dzi\u013cums incl. izejas papl\u0101te 1912 mm<br \/>\nAugstums 1224 mm<br \/>\nElektriskais piesl\u0113gums 3AC \/ 50Hz \/ 400V 1,1 kW<br \/>\nSvars 367 kg<\/p>\n","protected":false},"excerpt":{"rendered":"<p>Lentes iek\u0101rta \u0101das no\u0146em\u0161anai BXAplus 554 paredz\u0113ta piln\u012bgi autom\u0101tiskam c\u016bku lieme\u0146u gabalu apstr\u0101des procesam \u0101das no\u0146em\u0161anai. MAJA iek\u0101rtas dod iesp\u0113ju ieg\u016bt optim\u0101lo rezult\u0101tu, pirmkart griezum\u0101.<\/p>\n","protected":false},"featured_media":55341,"template":"","meta":{"content-type":"","_monsterinsights_skip_tracking":false,"_monsterinsights_sitenote_active":false,"_monsterinsights_sitenote_note":"","_monsterinsights_sitenote_category":0},"product_cat":[1743],"product_tag":[3130],"yoast_head":"<!-- This site is optimized with the Yoast SEO plugin v19.5.1 - https:\/\/yoast.com\/wordpress\/plugins\/seo\/ -->\n<title>Autom\u0101tiska \u0101du no\u0146em\u0161anas iek\u0101rta BXAplus 554 - Carnitec<\/title>\n<meta name=\"description\" content=\"Lentes iek\u0101rta \u0101das no\u0146em\u0161anai BXAplus 554 paredz\u0113ta piln\u012bgi autom\u0101tiskam c\u016bku lieme\u0146u gabalu apstr\u0101des procesam \u0101das no\u0146em\u0161anai. MAJA iek\u0101rtas dod iesp\u0113ju ieg\u016bt optim\u0101lo rezult\u0101tu, pirmkart griezum\u0101.\" \/>\n<meta name=\"robots\" content=\"index, follow, max-snippet:-1, max-image-preview:large, max-video-preview:-1\" \/>\n<link rel=\"canonical\" href=\"https:\/\/carnitec.com\/lv\/products\/automatiska-adu-nonemsanas-iekarta-bxaplus-554\/\" \/>\n<meta property=\"og:locale\" content=\"lv_LV\" \/>\n<meta property=\"og:type\" content=\"article\" \/>\n<meta property=\"og:title\" content=\"Autom\u0101tiska \u0101du no\u0146em\u0161anas iek\u0101rta BXAplus 554 - Carnitec\" \/>\n<meta property=\"og:description\" content=\"Lentes iek\u0101rta \u0101das no\u0146em\u0161anai BXAplus 554 paredz\u0113ta piln\u012bgi autom\u0101tiskam c\u016bku lieme\u0146u gabalu apstr\u0101des procesam \u0101das no\u0146em\u0161anai. MAJA iek\u0101rtas dod iesp\u0113ju ieg\u016bt optim\u0101lo rezult\u0101tu, pirmkart griezum\u0101.\" \/>\n<meta property=\"og:url\" content=\"https:\/\/carnitec.com\/lv\/products\/automatiska-adu-nonemsanas-iekarta-bxaplus-554\/\" \/>\n<meta property=\"og:site_name\" content=\"Carnitec\" \/>\n<meta property=\"article:publisher\" content=\"https:\/\/facebook.com\/carnitec1\" \/>\n<meta property=\"article:modified_time\" content=\"2022-01-30T15:02:29+00:00\" \/>\n<meta property=\"og:image\" content=\"https:\/\/carnitec.com\/wp-content\/uploads\/2015\/11\/BXAplus_554_2022.jpg\" \/>\n\t<meta property=\"og:image:width\" content=\"900\" \/>\n\t<meta property=\"og:image:height\" content=\"900\" \/>\n\t<meta property=\"og:image:type\" content=\"image\/jpeg\" \/>\n<meta name=\"twitter:card\" content=\"summary\" \/>\n<meta name=\"twitter:site\" content=\"@carnitec_\" \/>\n<meta name=\"twitter:label1\" content=\"Est. reading time\" \/>\n\t<meta name=\"twitter:data1\" content=\"2 min\u016btes\" \/>\n<script type=\"application\/ld+json\" class=\"yoast-schema-graph\">{\"@context\":\"https:\/\/schema.org\",\"@graph\":[{\"@type\":\"WebPage\",\"@id\":\"https:\/\/carnitec.com\/lv\/products\/automatiska-adu-nonemsanas-iekarta-bxaplus-554\/\",\"url\":\"https:\/\/carnitec.com\/lv\/products\/automatiska-adu-nonemsanas-iekarta-bxaplus-554\/\",\"name\":\"Autom\u0101tiska \u0101du no\u0146em\u0161anas iek\u0101rta BXAplus 554 - Carnitec\",\"isPartOf\":{\"@id\":\"https:\/\/carnitec.com\/lv\/#website\"},\"datePublished\":\"2022-01-30T15:01:16+00:00\",\"dateModified\":\"2022-01-30T15:02:29+00:00\",\"description\":\"Lentes iek\u0101rta \u0101das no\u0146em\u0161anai BXAplus 554 paredz\u0113ta piln\u012bgi autom\u0101tiskam c\u016bku lieme\u0146u gabalu apstr\u0101des procesam \u0101das no\u0146em\u0161anai. MAJA iek\u0101rtas dod iesp\u0113ju ieg\u016bt optim\u0101lo rezult\u0101tu, pirmkart griezum\u0101.\",\"breadcrumb\":{\"@id\":\"https:\/\/carnitec.com\/lv\/products\/automatiska-adu-nonemsanas-iekarta-bxaplus-554\/#breadcrumb\"},\"inLanguage\":\"lv-LV\",\"potentialAction\":[{\"@type\":\"ReadAction\",\"target\":[\"https:\/\/carnitec.com\/lv\/products\/automatiska-adu-nonemsanas-iekarta-bxaplus-554\/\"]}]},{\"@type\":\"BreadcrumbList\",\"@id\":\"https:\/\/carnitec.com\/lv\/products\/automatiska-adu-nonemsanas-iekarta-bxaplus-554\/#breadcrumb\",\"itemListElement\":[{\"@type\":\"ListItem\",\"position\":1,\"name\":\"\u0413\u043b\u0430\u0432\u043d\u0430\u044f \u0441\u0442\u0440\u0430\u043d\u0438\u0446\u0430\",\"item\":\"https:\/\/carnitec.com\/lv\/\"},{\"@type\":\"ListItem\",\"position\":2,\"name\":\"\u0422\u043e\u0432\u0430\u0440\u044b\",\"item\":\"https:\/\/carnitec.com\/shop\/\"},{\"@type\":\"ListItem\",\"position\":3,\"name\":\"Autom\u0101tiska \u0101du no\u0146em\u0161anas iek\u0101rta BXAplus 554\"}]},{\"@type\":\"WebSite\",\"@id\":\"https:\/\/carnitec.com\/lv\/#website\",\"url\":\"https:\/\/carnitec.com\/lv\/\",\"name\":\"Carnitec\",\"description\":\"P\u0101rtikas r\u016bpniec\u012bbas iek\u0101rtas\",\"publisher\":{\"@id\":\"https:\/\/carnitec.com\/lv\/#organization\"},\"potentialAction\":[{\"@type\":\"SearchAction\",\"target\":{\"@type\":\"EntryPoint\",\"urlTemplate\":\"https:\/\/carnitec.com\/lv\/?s={search_term_string}\"},\"query-input\":\"required name=search_term_string\"}],\"inLanguage\":\"lv-LV\"},{\"@type\":\"Organization\",\"@id\":\"https:\/\/carnitec.com\/lv\/#organization\",\"name\":\"Carnitec - food processing equipment\",\"url\":\"https:\/\/carnitec.com\/lv\/\",\"sameAs\":[\"https:\/\/www.instagram.com\/carnitec\/?hl=en\",\"https:\/\/www.linkedin.com\/company\/carnitec-ltd\/\",\"https:\/\/www.youtube.com\/channel\/UCwfiuJujkF2QxPPZAqB0T2w\",\"https:\/\/facebook.com\/carnitec1\",\"https:\/\/twitter.com\/carnitec_\"],\"logo\":{\"@type\":\"ImageObject\",\"inLanguage\":\"lv-LV\",\"@id\":\"https:\/\/carnitec.com\/lv\/#\/schema\/logo\/image\/\",\"url\":\"http:\/\/carnitec.com\/wp-content\/uploads\/2018\/01\/carnitec_logo_2018.png\",\"contentUrl\":\"http:\/\/carnitec.com\/wp-content\/uploads\/2018\/01\/carnitec_logo_2018.png\",\"width\":180,\"height\":50,\"caption\":\"Carnitec - food processing equipment\"},\"image\":{\"@id\":\"https:\/\/carnitec.com\/lv\/#\/schema\/logo\/image\/\"}}]}<\/script>\n<!-- \/ Yoast SEO plugin. -->","yoast_head_json":{"title":"Autom\u0101tiska \u0101du no\u0146em\u0161anas iek\u0101rta BXAplus 554 - Carnitec","description":"Lentes iek\u0101rta \u0101das no\u0146em\u0161anai BXAplus 554 paredz\u0113ta piln\u012bgi autom\u0101tiskam c\u016bku lieme\u0146u gabalu apstr\u0101des procesam \u0101das no\u0146em\u0161anai. MAJA iek\u0101rtas dod iesp\u0113ju ieg\u016bt optim\u0101lo rezult\u0101tu, pirmkart griezum\u0101.","robots":{"index":"index","follow":"follow","max-snippet":"max-snippet:-1","max-image-preview":"max-image-preview:large","max-video-preview":"max-video-preview:-1"},"canonical":"https:\/\/carnitec.com\/lv\/products\/automatiska-adu-nonemsanas-iekarta-bxaplus-554\/","og_locale":"lv_LV","og_type":"article","og_title":"Autom\u0101tiska \u0101du no\u0146em\u0161anas iek\u0101rta BXAplus 554 - Carnitec","og_description":"Lentes iek\u0101rta \u0101das no\u0146em\u0161anai BXAplus 554 paredz\u0113ta piln\u012bgi autom\u0101tiskam c\u016bku lieme\u0146u gabalu apstr\u0101des procesam \u0101das no\u0146em\u0161anai. MAJA iek\u0101rtas dod iesp\u0113ju ieg\u016bt optim\u0101lo rezult\u0101tu, pirmkart griezum\u0101.","og_url":"https:\/\/carnitec.com\/lv\/products\/automatiska-adu-nonemsanas-iekarta-bxaplus-554\/","og_site_name":"Carnitec","article_publisher":"https:\/\/facebook.com\/carnitec1","article_modified_time":"2022-01-30T15:02:29+00:00","og_image":[{"width":900,"height":900,"url":"https:\/\/carnitec.com\/wp-content\/uploads\/2015\/11\/BXAplus_554_2022.jpg","type":"image\/jpeg"}],"twitter_card":"summary","twitter_site":"@carnitec_","twitter_misc":{"Est. reading time":"2 min\u016btes"},"schema":{"@context":"https:\/\/schema.org","@graph":[{"@type":"WebPage","@id":"https:\/\/carnitec.com\/lv\/products\/automatiska-adu-nonemsanas-iekarta-bxaplus-554\/","url":"https:\/\/carnitec.com\/lv\/products\/automatiska-adu-nonemsanas-iekarta-bxaplus-554\/","name":"Autom\u0101tiska \u0101du no\u0146em\u0161anas iek\u0101rta BXAplus 554 - Carnitec","isPartOf":{"@id":"https:\/\/carnitec.com\/lv\/#website"},"datePublished":"2022-01-30T15:01:16+00:00","dateModified":"2022-01-30T15:02:29+00:00","description":"Lentes iek\u0101rta \u0101das no\u0146em\u0161anai BXAplus 554 paredz\u0113ta piln\u012bgi autom\u0101tiskam c\u016bku lieme\u0146u gabalu apstr\u0101des procesam \u0101das no\u0146em\u0161anai. MAJA iek\u0101rtas dod iesp\u0113ju ieg\u016bt optim\u0101lo rezult\u0101tu, pirmkart griezum\u0101.","breadcrumb":{"@id":"https:\/\/carnitec.com\/lv\/products\/automatiska-adu-nonemsanas-iekarta-bxaplus-554\/#breadcrumb"},"inLanguage":"lv-LV","potentialAction":[{"@type":"ReadAction","target":["https:\/\/carnitec.com\/lv\/products\/automatiska-adu-nonemsanas-iekarta-bxaplus-554\/"]}]},{"@type":"BreadcrumbList","@id":"https:\/\/carnitec.com\/lv\/products\/automatiska-adu-nonemsanas-iekarta-bxaplus-554\/#breadcrumb","itemListElement":[{"@type":"ListItem","position":1,"name":"\u0413\u043b\u0430\u0432\u043d\u0430\u044f \u0441\u0442\u0440\u0430\u043d\u0438\u0446\u0430","item":"https:\/\/carnitec.com\/lv\/"},{"@type":"ListItem","position":2,"name":"\u0422\u043e\u0432\u0430\u0440\u044b","item":"https:\/\/carnitec.com\/shop\/"},{"@type":"ListItem","position":3,"name":"Autom\u0101tiska \u0101du no\u0146em\u0161anas iek\u0101rta BXAplus 554"}]},{"@type":"WebSite","@id":"https:\/\/carnitec.com\/lv\/#website","url":"https:\/\/carnitec.com\/lv\/","name":"Carnitec","description":"P\u0101rtikas r\u016bpniec\u012bbas iek\u0101rtas","publisher":{"@id":"https:\/\/carnitec.com\/lv\/#organization"},"potentialAction":[{"@type":"SearchAction","target":{"@type":"EntryPoint","urlTemplate":"https:\/\/carnitec.com\/lv\/?s={search_term_string}"},"query-input":"required name=search_term_string"}],"inLanguage":"lv-LV"},{"@type":"Organization","@id":"https:\/\/carnitec.com\/lv\/#organization","name":"Carnitec - food processing equipment","url":"https:\/\/carnitec.com\/lv\/","sameAs":["https:\/\/www.instagram.com\/carnitec\/?hl=en","https:\/\/www.linkedin.com\/company\/carnitec-ltd\/","https:\/\/www.youtube.com\/channel\/UCwfiuJujkF2QxPPZAqB0T2w","https:\/\/facebook.com\/carnitec1","https:\/\/twitter.com\/carnitec_"],"logo":{"@type":"ImageObject","inLanguage":"lv-LV","@id":"https:\/\/carnitec.com\/lv\/#\/schema\/logo\/image\/","url":"http:\/\/carnitec.com\/wp-content\/uploads\/2018\/01\/carnitec_logo_2018.png","contentUrl":"http:\/\/carnitec.com\/wp-content\/uploads\/2018\/01\/carnitec_logo_2018.png","width":180,"height":50,"caption":"Carnitec - food processing equipment"},"image":{"@id":"https:\/\/carnitec.com\/lv\/#\/schema\/logo\/image\/"}}]}},"_links":{"self":[{"href":"https:\/\/carnitec.com\/lv\/wp-json\/wp\/v2\/product\/55342"}],"collection":[{"href":"https:\/\/carnitec.com\/lv\/wp-json\/wp\/v2\/product"}],"about":[{"href":"https:\/\/carnitec.com\/lv\/wp-json\/wp\/v2\/types\/product"}],"wp:featuredmedia":[{"embeddable":true,"href":"https:\/\/carnitec.com\/lv\/wp-json\/wp\/v2\/media\/55341"}],"wp:attachment":[{"href":"https:\/\/carnitec.com\/lv\/wp-json\/wp\/v2\/media?parent=55342"}],"wp:term":[{"taxonomy":"product_cat","embeddable":true,"href":"https:\/\/carnitec.com\/lv\/wp-json\/wp\/v2\/product_cat?post=55342"},{"taxonomy":"product_tag","embeddable":true,"href":"https:\/\/carnitec.com\/lv\/wp-json\/wp\/v2\/product_tag?post=55342"}],"curies":[{"name":"wp","href":"https:\/\/api.w.org\/{rel}","templated":true}]}}