{"id":52963,"date":"2022-01-20T18:02:20","date_gmt":"2022-01-20T16:02:20","guid":{"rendered":"https:\/\/carnitec.com\/?post_type=product&#038;p=52963"},"modified":"2022-01-20T18:02:20","modified_gmt":"2022-01-20T16:02:20","slug":"automatiska-spriegosanas-iekarta-ro-mr-i","status":"publish","type":"product","link":"https:\/\/carnitec.com\/lv\/products\/automatiska-spriegosanas-iekarta-ro-mr-i\/","title":{"rendered":"Autom\u0101tisk\u0101 spriego\u0161anas iek\u0101rta RO-MR-I"},"content":{"rendered":"<h3>Apraksts<\/h3>\n<p>Siltuma metin\u0101\u0161anas bl\u012bv\u0113juma sist\u0113ma ar elektronisku temperat\u016bras kontroli<br \/>\nAutom\u0101tiska siksnu v\u012bt\u0146u sist\u0113ma<br \/>\nSiksnas gala noteik\u0161ana ar atliku\u0161\u0101s siksnas izstum\u0161anu<br \/>\nAutom\u0101tiska siksnas cilpas izme\u0161ana, kad iek\u0101rta darbojas bez komplekta<br \/>\n\u0100tra siksnu spoles mai\u0146a<br \/>\nNenolietojama, kontrol\u0113ta siksnu slie\u017eu sist\u0113ma<br \/>\nRegul\u0113jams siksnas spriegojums, izmantojot potenciometru<br \/>\nEner\u0123ijas taup\u012b\u0161anas piedzi\u0146as<br \/>\n4 ritenti\u0146i, 2 no tiem ir sl\u0113dzami<br \/>\nStruktur\u0101lais p\u0101rkl\u0101jums RAL 5010, genci\u0101nas zils<\/p>\n<h3>Varianti un opcijas<\/h3>\n<p>Atbr\u012bvojiet, izmantojot k\u0101jas ped\u0101li<br \/>\n\u012apa\u0161a siksnas spole, serdes diametrs: 280 mm<br \/>\nPotenci\u0101li br\u012bvi kontakti uz aug\u0161up un lejup iek\u0101rt\u0101m lieto\u0161anai piln\u012bb\u0101 autom\u0101tisk\u0101s l\u012bnij\u0101s<br \/>\n\u012apa\u0161s p\u0101rkl\u0101jums p\u0113c RAL skalas<\/p>\n<h3>Tehniskas deta\u013cas<\/h3>\n<p>Veiktsp\u0113ja:<br \/>\n18 cikli min\u016bt\u0113<\/p>\n<p>Bl\u012bv\u0113\u0161anas vien\u012bba:<br \/>\nStandarta 3 \u0161aurs bl\u012bv\u0113juma bloks<\/p>\n<p>Siksnas:<br \/>\nPP siksnas: 8, 9, 12 mm<br \/>\nMa\u0161\u012bna ir piel\u0101gota vienam no min\u0113tajiem siksnu platumiem.<\/p>\n<p>Siksnas spoles dozators:<br \/>\nSerdes diametrs: 200 mm<br \/>\nSerdes platums: 190 mm<\/p>\n<p>Elektr\u012bba:<br \/>\nSpriegums: 100\u2013240 V, 50\/60 Hz, 1L+N+PE<br \/>\nEner\u0123ijas pat\u0113ri\u0146\u0161: apm. 0,5 kW<\/p>\n<p>Svars:<br \/>\n245 kg<\/p>\n<p><iframe loading=\"lazy\" title=\"RO-M-RI and customer application at H.I.T.\" width=\"640\" height=\"360\" src=\"https:\/\/www.youtube.com\/embed\/jniCMmnSuP4?feature=oembed\" frameborder=\"0\" allow=\"accelerometer; autoplay; clipboard-write; encrypted-media; gyroscope; picture-in-picture\" allowfullscreen><\/iframe><\/p>\n","protected":false},"excerpt":{"rendered":"<p>Apraksts Siltuma metin\u0101\u0161anas bl\u012bv\u0113juma sist\u0113ma ar elektronisku temperat\u016bras kontroli Autom\u0101tiska siksnu v\u012bt\u0146u sist\u0113ma Siksnas gala noteik\u0161ana ar atliku\u0161\u0101s siksnas izstum\u0161anu Autom\u0101tiska siksnas cilpas izme\u0161ana, kad iek\u0101rta darbojas bez komplekta \u0100tra siksnu spoles mai\u0146a Nenolietojama, kontrol\u0113ta siksnu slie\u017eu sist\u0113ma Regul\u0113jams siksnas spriegojums, izmantojot potenciometru Ener\u0123ijas taup\u012b\u0161anas piedzi\u0146as 4 ritenti\u0146i, 2 no tiem ir sl\u0113dzami Struktur\u0101lais p\u0101rkl\u0101jums RAL 5010, genci\u0101nas zils Varianti un opcijas Atbr\u012bvojiet, izmantojot k\u0101jas ped\u0101li \u012apa\u0161a siksnas spole, serdes diametrs: 280 mm Potenci\u0101li br\u012bvi kontakti uz aug\u0161up un lejup iek\u0101rt\u0101m lieto\u0161anai piln\u012bb\u0101 autom\u0101tisk\u0101s l\u012bnij\u0101s \u012apa\u0161s p\u0101rkl\u0101jums p\u0113c RAL skalas Tehniskas deta\u013cas Veiktsp\u0113ja: 18 cikli min\u016bt\u0113 Bl\u012bv\u0113\u0161anas vien\u012bba: Standarta 3 \u0161aurs bl\u012bv\u0113juma bloks Siksnas: PP siksnas: 8, 9, 12 mm Ma\u0161\u012bna ir piel\u0101gota vienam no min\u0113tajiem siksnu platumiem. Siksnas spoles dozators: Serdes diametrs: 200 mm Serdes platums: 190 mm Elektr\u012bba: Spriegums: 100\u2013240 V, 50\/60 Hz, 1L+N+PE Ener\u0123ijas pat\u0113ri\u0146\u0161: apm. 0,5 kW Svars: 245 kg<\/p>\n","protected":false},"featured_media":52960,"template":"","meta":{"content-type":"","_monsterinsights_skip_tracking":false,"_monsterinsights_sitenote_active":false,"_monsterinsights_sitenote_note":"","_monsterinsights_sitenote_category":0},"product_cat":[964],"product_tag":[1031,4292],"yoast_head":"<!-- This site is optimized with the Yoast SEO plugin v19.5.1 - https:\/\/yoast.com\/wordpress\/plugins\/seo\/ -->\n<title>Autom\u0101tisk\u0101 spriego\u0161anas iek\u0101rta RO-MR-I - Carnitec<\/title>\n<meta name=\"robots\" content=\"index, follow, max-snippet:-1, max-image-preview:large, max-video-preview:-1\" \/>\n<link rel=\"canonical\" href=\"https:\/\/carnitec.com\/lv\/products\/automatiska-spriegosanas-iekarta-ro-mr-i\/\" \/>\n<meta property=\"og:locale\" content=\"lv_LV\" \/>\n<meta property=\"og:type\" content=\"article\" \/>\n<meta property=\"og:title\" content=\"Autom\u0101tisk\u0101 spriego\u0161anas iek\u0101rta RO-MR-I - Carnitec\" \/>\n<meta property=\"og:description\" content=\"Apraksts Siltuma metin\u0101\u0161anas bl\u012bv\u0113juma sist\u0113ma ar elektronisku temperat\u016bras kontroli Autom\u0101tiska siksnu v\u012bt\u0146u sist\u0113ma Siksnas gala noteik\u0161ana ar atliku\u0161\u0101s siksnas izstum\u0161anu Autom\u0101tiska siksnas cilpas izme\u0161ana, kad iek\u0101rta darbojas bez komplekta \u0100tra siksnu spoles mai\u0146a Nenolietojama, kontrol\u0113ta siksnu slie\u017eu sist\u0113ma Regul\u0113jams siksnas spriegojums, izmantojot potenciometru Ener\u0123ijas taup\u012b\u0161anas piedzi\u0146as 4 ritenti\u0146i, 2 no tiem ir sl\u0113dzami Struktur\u0101lais p\u0101rkl\u0101jums RAL 5010, genci\u0101nas zils Varianti un opcijas Atbr\u012bvojiet, izmantojot k\u0101jas ped\u0101li \u012apa\u0161a siksnas spole, serdes diametrs: 280 mm Potenci\u0101li br\u012bvi kontakti uz aug\u0161up un lejup iek\u0101rt\u0101m lieto\u0161anai piln\u012bb\u0101 autom\u0101tisk\u0101s l\u012bnij\u0101s \u012apa\u0161s p\u0101rkl\u0101jums p\u0113c RAL skalas Tehniskas deta\u013cas Veiktsp\u0113ja: 18 cikli min\u016bt\u0113 Bl\u012bv\u0113\u0161anas vien\u012bba: Standarta 3 \u0161aurs bl\u012bv\u0113juma bloks Siksnas: PP siksnas: 8, 9, 12 mm Ma\u0161\u012bna ir piel\u0101gota vienam no min\u0113tajiem siksnu platumiem. Siksnas spoles dozators: Serdes diametrs: 200 mm Serdes platums: 190 mm Elektr\u012bba: Spriegums: 100\u2013240 V, 50\/60 Hz, 1L+N+PE Ener\u0123ijas pat\u0113ri\u0146\u0161: apm. 0,5 kW Svars: 245 kg\" \/>\n<meta property=\"og:url\" content=\"https:\/\/carnitec.com\/lv\/products\/automatiska-spriegosanas-iekarta-ro-mr-i\/\" \/>\n<meta property=\"og:site_name\" content=\"Carnitec\" \/>\n<meta property=\"article:publisher\" content=\"https:\/\/facebook.com\/carnitec1\" \/>\n<meta property=\"og:image\" content=\"https:\/\/carnitec.com\/wp-content\/uploads\/2022\/01\/mosca_ro_i_m.jpg\" \/>\n\t<meta property=\"og:image:width\" content=\"800\" \/>\n\t<meta property=\"og:image:height\" content=\"800\" \/>\n\t<meta property=\"og:image:type\" content=\"image\/jpeg\" \/>\n<meta name=\"twitter:card\" content=\"summary\" \/>\n<meta name=\"twitter:site\" content=\"@carnitec_\" \/>\n<meta name=\"twitter:label1\" content=\"Est. reading time\" \/>\n\t<meta name=\"twitter:data1\" content=\"1 min\u016b\u0161u\" \/>\n<script type=\"application\/ld+json\" class=\"yoast-schema-graph\">{\"@context\":\"https:\/\/schema.org\",\"@graph\":[{\"@type\":\"WebPage\",\"@id\":\"https:\/\/carnitec.com\/lv\/products\/automatiska-spriegosanas-iekarta-ro-mr-i\/\",\"url\":\"https:\/\/carnitec.com\/lv\/products\/automatiska-spriegosanas-iekarta-ro-mr-i\/\",\"name\":\"Autom\u0101tisk\u0101 spriego\u0161anas iek\u0101rta RO-MR-I - Carnitec\",\"isPartOf\":{\"@id\":\"https:\/\/carnitec.com\/lv\/#website\"},\"datePublished\":\"2022-01-20T16:02:20+00:00\",\"dateModified\":\"2022-01-20T16:02:20+00:00\",\"breadcrumb\":{\"@id\":\"https:\/\/carnitec.com\/lv\/products\/automatiska-spriegosanas-iekarta-ro-mr-i\/#breadcrumb\"},\"inLanguage\":\"lv-LV\",\"potentialAction\":[{\"@type\":\"ReadAction\",\"target\":[\"https:\/\/carnitec.com\/lv\/products\/automatiska-spriegosanas-iekarta-ro-mr-i\/\"]}]},{\"@type\":\"BreadcrumbList\",\"@id\":\"https:\/\/carnitec.com\/lv\/products\/automatiska-spriegosanas-iekarta-ro-mr-i\/#breadcrumb\",\"itemListElement\":[{\"@type\":\"ListItem\",\"position\":1,\"name\":\"\u0413\u043b\u0430\u0432\u043d\u0430\u044f \u0441\u0442\u0440\u0430\u043d\u0438\u0446\u0430\",\"item\":\"https:\/\/carnitec.com\/lv\/\"},{\"@type\":\"ListItem\",\"position\":2,\"name\":\"\u0422\u043e\u0432\u0430\u0440\u044b\",\"item\":\"https:\/\/carnitec.com\/shop\/\"},{\"@type\":\"ListItem\",\"position\":3,\"name\":\"Autom\u0101tisk\u0101 spriego\u0161anas iek\u0101rta RO-MR-I\"}]},{\"@type\":\"WebSite\",\"@id\":\"https:\/\/carnitec.com\/lv\/#website\",\"url\":\"https:\/\/carnitec.com\/lv\/\",\"name\":\"Carnitec\",\"description\":\"P\u0101rtikas r\u016bpniec\u012bbas iek\u0101rtas\",\"publisher\":{\"@id\":\"https:\/\/carnitec.com\/lv\/#organization\"},\"potentialAction\":[{\"@type\":\"SearchAction\",\"target\":{\"@type\":\"EntryPoint\",\"urlTemplate\":\"https:\/\/carnitec.com\/lv\/?s={search_term_string}\"},\"query-input\":\"required name=search_term_string\"}],\"inLanguage\":\"lv-LV\"},{\"@type\":\"Organization\",\"@id\":\"https:\/\/carnitec.com\/lv\/#organization\",\"name\":\"Carnitec - food processing equipment\",\"url\":\"https:\/\/carnitec.com\/lv\/\",\"sameAs\":[\"https:\/\/www.instagram.com\/carnitec\/?hl=en\",\"https:\/\/www.linkedin.com\/company\/carnitec-ltd\/\",\"https:\/\/www.youtube.com\/channel\/UCwfiuJujkF2QxPPZAqB0T2w\",\"https:\/\/facebook.com\/carnitec1\",\"https:\/\/twitter.com\/carnitec_\"],\"logo\":{\"@type\":\"ImageObject\",\"inLanguage\":\"lv-LV\",\"@id\":\"https:\/\/carnitec.com\/lv\/#\/schema\/logo\/image\/\",\"url\":\"http:\/\/carnitec.com\/wp-content\/uploads\/2018\/01\/carnitec_logo_2018.png\",\"contentUrl\":\"http:\/\/carnitec.com\/wp-content\/uploads\/2018\/01\/carnitec_logo_2018.png\",\"width\":180,\"height\":50,\"caption\":\"Carnitec - food processing equipment\"},\"image\":{\"@id\":\"https:\/\/carnitec.com\/lv\/#\/schema\/logo\/image\/\"}}]}<\/script>\n<!-- \/ Yoast SEO plugin. -->","yoast_head_json":{"title":"Autom\u0101tisk\u0101 spriego\u0161anas iek\u0101rta RO-MR-I - Carnitec","robots":{"index":"index","follow":"follow","max-snippet":"max-snippet:-1","max-image-preview":"max-image-preview:large","max-video-preview":"max-video-preview:-1"},"canonical":"https:\/\/carnitec.com\/lv\/products\/automatiska-spriegosanas-iekarta-ro-mr-i\/","og_locale":"lv_LV","og_type":"article","og_title":"Autom\u0101tisk\u0101 spriego\u0161anas iek\u0101rta RO-MR-I - Carnitec","og_description":"Apraksts Siltuma metin\u0101\u0161anas bl\u012bv\u0113juma sist\u0113ma ar elektronisku temperat\u016bras kontroli Autom\u0101tiska siksnu v\u012bt\u0146u sist\u0113ma Siksnas gala noteik\u0161ana ar atliku\u0161\u0101s siksnas izstum\u0161anu Autom\u0101tiska siksnas cilpas izme\u0161ana, kad iek\u0101rta darbojas bez komplekta \u0100tra siksnu spoles mai\u0146a Nenolietojama, kontrol\u0113ta siksnu slie\u017eu sist\u0113ma Regul\u0113jams siksnas spriegojums, izmantojot potenciometru Ener\u0123ijas taup\u012b\u0161anas piedzi\u0146as 4 ritenti\u0146i, 2 no tiem ir sl\u0113dzami Struktur\u0101lais p\u0101rkl\u0101jums RAL 5010, genci\u0101nas zils Varianti un opcijas Atbr\u012bvojiet, izmantojot k\u0101jas ped\u0101li \u012apa\u0161a siksnas spole, serdes diametrs: 280 mm Potenci\u0101li br\u012bvi kontakti uz aug\u0161up un lejup iek\u0101rt\u0101m lieto\u0161anai piln\u012bb\u0101 autom\u0101tisk\u0101s l\u012bnij\u0101s \u012apa\u0161s p\u0101rkl\u0101jums p\u0113c RAL skalas Tehniskas deta\u013cas Veiktsp\u0113ja: 18 cikli min\u016bt\u0113 Bl\u012bv\u0113\u0161anas vien\u012bba: Standarta 3 \u0161aurs bl\u012bv\u0113juma bloks Siksnas: PP siksnas: 8, 9, 12 mm Ma\u0161\u012bna ir piel\u0101gota vienam no min\u0113tajiem siksnu platumiem. Siksnas spoles dozators: Serdes diametrs: 200 mm Serdes platums: 190 mm Elektr\u012bba: Spriegums: 100\u2013240 V, 50\/60 Hz, 1L+N+PE Ener\u0123ijas pat\u0113ri\u0146\u0161: apm. 0,5 kW Svars: 245 kg","og_url":"https:\/\/carnitec.com\/lv\/products\/automatiska-spriegosanas-iekarta-ro-mr-i\/","og_site_name":"Carnitec","article_publisher":"https:\/\/facebook.com\/carnitec1","og_image":[{"width":800,"height":800,"url":"https:\/\/carnitec.com\/wp-content\/uploads\/2022\/01\/mosca_ro_i_m.jpg","type":"image\/jpeg"}],"twitter_card":"summary","twitter_site":"@carnitec_","twitter_misc":{"Est. reading time":"1 min\u016b\u0161u"},"schema":{"@context":"https:\/\/schema.org","@graph":[{"@type":"WebPage","@id":"https:\/\/carnitec.com\/lv\/products\/automatiska-spriegosanas-iekarta-ro-mr-i\/","url":"https:\/\/carnitec.com\/lv\/products\/automatiska-spriegosanas-iekarta-ro-mr-i\/","name":"Autom\u0101tisk\u0101 spriego\u0161anas iek\u0101rta RO-MR-I - Carnitec","isPartOf":{"@id":"https:\/\/carnitec.com\/lv\/#website"},"datePublished":"2022-01-20T16:02:20+00:00","dateModified":"2022-01-20T16:02:20+00:00","breadcrumb":{"@id":"https:\/\/carnitec.com\/lv\/products\/automatiska-spriegosanas-iekarta-ro-mr-i\/#breadcrumb"},"inLanguage":"lv-LV","potentialAction":[{"@type":"ReadAction","target":["https:\/\/carnitec.com\/lv\/products\/automatiska-spriegosanas-iekarta-ro-mr-i\/"]}]},{"@type":"BreadcrumbList","@id":"https:\/\/carnitec.com\/lv\/products\/automatiska-spriegosanas-iekarta-ro-mr-i\/#breadcrumb","itemListElement":[{"@type":"ListItem","position":1,"name":"\u0413\u043b\u0430\u0432\u043d\u0430\u044f \u0441\u0442\u0440\u0430\u043d\u0438\u0446\u0430","item":"https:\/\/carnitec.com\/lv\/"},{"@type":"ListItem","position":2,"name":"\u0422\u043e\u0432\u0430\u0440\u044b","item":"https:\/\/carnitec.com\/shop\/"},{"@type":"ListItem","position":3,"name":"Autom\u0101tisk\u0101 spriego\u0161anas iek\u0101rta RO-MR-I"}]},{"@type":"WebSite","@id":"https:\/\/carnitec.com\/lv\/#website","url":"https:\/\/carnitec.com\/lv\/","name":"Carnitec","description":"P\u0101rtikas r\u016bpniec\u012bbas iek\u0101rtas","publisher":{"@id":"https:\/\/carnitec.com\/lv\/#organization"},"potentialAction":[{"@type":"SearchAction","target":{"@type":"EntryPoint","urlTemplate":"https:\/\/carnitec.com\/lv\/?s={search_term_string}"},"query-input":"required name=search_term_string"}],"inLanguage":"lv-LV"},{"@type":"Organization","@id":"https:\/\/carnitec.com\/lv\/#organization","name":"Carnitec - food processing equipment","url":"https:\/\/carnitec.com\/lv\/","sameAs":["https:\/\/www.instagram.com\/carnitec\/?hl=en","https:\/\/www.linkedin.com\/company\/carnitec-ltd\/","https:\/\/www.youtube.com\/channel\/UCwfiuJujkF2QxPPZAqB0T2w","https:\/\/facebook.com\/carnitec1","https:\/\/twitter.com\/carnitec_"],"logo":{"@type":"ImageObject","inLanguage":"lv-LV","@id":"https:\/\/carnitec.com\/lv\/#\/schema\/logo\/image\/","url":"http:\/\/carnitec.com\/wp-content\/uploads\/2018\/01\/carnitec_logo_2018.png","contentUrl":"http:\/\/carnitec.com\/wp-content\/uploads\/2018\/01\/carnitec_logo_2018.png","width":180,"height":50,"caption":"Carnitec - food processing equipment"},"image":{"@id":"https:\/\/carnitec.com\/lv\/#\/schema\/logo\/image\/"}}]}},"_links":{"self":[{"href":"https:\/\/carnitec.com\/lv\/wp-json\/wp\/v2\/product\/52963"}],"collection":[{"href":"https:\/\/carnitec.com\/lv\/wp-json\/wp\/v2\/product"}],"about":[{"href":"https:\/\/carnitec.com\/lv\/wp-json\/wp\/v2\/types\/product"}],"wp:featuredmedia":[{"embeddable":true,"href":"https:\/\/carnitec.com\/lv\/wp-json\/wp\/v2\/media\/52960"}],"wp:attachment":[{"href":"https:\/\/carnitec.com\/lv\/wp-json\/wp\/v2\/media?parent=52963"}],"wp:term":[{"taxonomy":"product_cat","embeddable":true,"href":"https:\/\/carnitec.com\/lv\/wp-json\/wp\/v2\/product_cat?post=52963"},{"taxonomy":"product_tag","embeddable":true,"href":"https:\/\/carnitec.com\/lv\/wp-json\/wp\/v2\/product_tag?post=52963"}],"curies":[{"name":"wp","href":"https:\/\/api.w.org\/{rel}","templated":true}]}}