{"id":50408,"date":"2022-01-07T14:05:10","date_gmt":"2022-01-07T12:05:10","guid":{"rendered":"https:\/\/carnitec.com\/?post_type=product&#038;p=50408"},"modified":"2022-01-07T14:05:11","modified_gmt":"2022-01-07T12:05:11","slug":"busch-vakuumsuknis-r-5-ra-0165-0305-d","status":"publish","type":"product","link":"https:\/\/carnitec.com\/lv\/products\/busch-vakuumsuknis-r-5-ra-0165-0305-d\/","title":{"rendered":"Busch vakuums\u016bknis R 5 RA 0165 \u2013 0305 D"},"content":{"rendered":"<p>R 5 RA 0165 &#8211; 0305 D pieder pie Busch p\u0101rbaud\u012bto R 5 rot\u0101cijas l\u0101psti\u0146u vakuums\u016bk\u0146u saimes. Tie ir \u012bpa\u0161i izstr\u0101d\u0101ti lieto\u0161anai neapstr\u0101d\u0101t\u0101 vakuuma sektor\u0101. Pateicoties optimiz\u0113tajai iek\u0161\u0113jai e\u013c\u013cas atdal\u012b\u0161anai, \u0161ie vakuums\u016bk\u0146i garant\u0113 t\u012bru izpl\u016bdi pat vissare\u017e\u0123\u012bt\u0101kajos ekspluat\u0101cijas apst\u0101k\u013cos. Pla\u0161\u0101ku inform\u0101ciju par priek\u0161roc\u012bb\u0101m, tehnolo\u0123ij\u0101m, piederumiem un rezerves da\u013c\u0101m, pielietojumu, k\u0101 ar\u012b pilnu produktu p\u0101rskatu atrad\u012bsiet m\u016bsu R 5 RA s\u0113rijas tipa lap\u0101.<\/p>\n<p>S\u0113rijas tips Lapa R5 RA<\/p>\n<h3>Tehnisk\u0101s specifik\u0101cijas<\/h3>\n<p>Rot\u0101cijas l\u0101psti\u0146u tehnolo\u0123ija ir sinon\u012bms iztur\u012bgai, funkcion\u0101lai konstrukcijai. R 5 rot\u0101cijas l\u0101psti\u0146as vakuums\u016bk\u0146iem ir rakstur\u012bgs optim\u0101ls dizains un perfekti sinhroniz\u0113ti komponenti un materi\u0101li. Past\u0101v\u012bgi augsts vakuuma l\u012bmenis nep\u0101rtraukt\u0101 darb\u012bb\u0101 tiek nodro\u0161in\u0101ts ar recirkul\u0101cijas e\u013c\u013cas e\u013c\u013co\u0161anu un m\u016bsdien\u012bgu precizit\u0101ti. Izsmalcin\u0101ts e\u013c\u013cas separators nodro\u0161ina efekt\u012bvu e\u013c\u013cas izmanto\u0161anu.<\/p>\n<p>Ja tas ir apr\u012bkots ar g\u0101zes balasta v\u0101rstu (p\u0113c izv\u0113les), var izs\u016bkt pat lielu daudzumu tvaiku. Pretv\u0101rsts iepl\u016bdes atlok\u0101 ne\u013cauj s\u016bkn\u0113tajai videi pl\u016bst atpaka\u013c vakuuma proces\u0101 p\u0113c vakuuma s\u016bk\u0146a izsl\u0113g\u0161anas. R 5 RA 0165 \u2013 0305 D darbina tie\u0161i uz atloka uzst\u0101d\u012bts standarta elektromotors, kura efektivit\u0101tes klase ir IE3.<\/p>\n<div class=\"desktop-only\">\n<section class=\"mt-0\">\n<div class=\"pt-40px\">\n<div id=\"technical-data\" class=\"busch-container\">\n<div class=\"position-relative \">\n<div id=\"technical-data-table-0_wrapper\" class=\"dataTables_wrapper no-footer\">\n<table id=\"technical-data-table-0\" class=\"w-100 bd-busch-aubergine bd-busch-solid dataTable no-footer\" role=\"grid\">\n<thead>\n<tr role=\"row\">\n<th class=\"w-27 h6 font-busch-bold text-busch-white bg-busch-aubergine d-px-10px d-py-6px text-left bd-busch-aubergine bd-busch-solid nowrap sorting_disabled\" colspan=\"1\" rowspan=\"1\">Tehniskie dati<\/th>\n<th class=\"h6 font-busch-bold text-busch-white bg-busch-aubergine d-px-10px d-py-6px text-left bd-busch-aubergine bd-busch-solid nowrap technical-data-col-width-4 sorting_disabled\" colspan=\"1\" rowspan=\"1\">R 5 RA 0165 D<\/th>\n<th class=\"h6 font-busch-bold text-busch-white bg-busch-aubergine d-px-10px d-py-6px text-left bd-busch-aubergine bd-busch-solid nowrap technical-data-col-width-4 sorting_disabled\" colspan=\"1\" rowspan=\"1\">R 5 RA 0205 D<\/th>\n<th class=\"h6 font-busch-bold text-busch-white bg-busch-aubergine d-px-10px d-py-6px text-left bd-busch-aubergine bd-busch-solid nowrap technical-data-col-width-4 sorting_disabled\" colspan=\"1\" rowspan=\"1\">R 5 RA 0255 D<\/th>\n<th class=\"h6 font-busch-bold text-busch-white bg-busch-aubergine d-px-10px d-py-6px text-left bd-busch-aubergine bd-busch-solid nowrap technical-data-col-width-4 sorting_disabled\" colspan=\"1\" rowspan=\"1\">R 5 RA 0305 D<\/th>\n<\/tr>\n<\/thead>\n<tbody>\n<tr class=\"odd\" role=\"row\">\n<td class=\"h6 text-busch-black d-px-10px d-py-6px text-left bg-busch-white bdl-none bdb-busch-grey bdb-busch-dashed\">Nomin\u0101lais s\u016bkn\u0113\u0161anas \u0101trums<\/td>\n<td class=\"h6 text-busch-black d-px-10px d-py-6px text-left bg-busch-white bdl-busch-aubergine bdl-busch-solid bdb-busch-grey bdb-busch-dashed\">160 <span class=\"nowrap\">m\u00b3\/h<\/span><\/td>\n<td class=\"h6 text-busch-black d-px-10px d-py-6px text-left bg-busch-white bdl-busch-aubergine bdl-busch-solid bdb-busch-grey bdb-busch-dashed\">200 <span class=\"nowrap\">m\u00b3\/h<\/span><\/td>\n<td class=\"h6 text-busch-black d-px-10px d-py-6px text-left bg-busch-white bdl-busch-aubergine bdl-busch-solid bdb-busch-grey bdb-busch-dashed\">250 <span class=\"nowrap\">m\u00b3\/h<\/span><\/td>\n<td class=\"h6 text-busch-black d-px-10px d-py-6px text-left bg-busch-white bdl-busch-aubergine bdl-busch-solid bdb-busch-grey bdb-busch-dashed\">300 <span class=\"nowrap\">m\u00b3\/h<\/span><\/td>\n<\/tr>\n<tr class=\"even\" role=\"row\">\n<td class=\"h6 text-busch-black d-px-10px d-py-6px text-left bg-busch-white bdl-none bdb-busch-grey bdb-busch-dashed\">Maksim\u0101lais spiediens (g\u0101zes balasta v\u0101rsts aizv\u0113rts)<\/td>\n<td class=\"h6 text-busch-black d-px-10px d-py-6px text-left bg-busch-white bdl-busch-aubergine bdl-busch-solid bdb-busch-grey bdb-busch-dashed\">0.1 <span class=\"nowrap\">hPa (mbar)<\/span><\/td>\n<td class=\"h6 text-busch-black d-px-10px d-py-6px text-left bg-busch-white bdl-busch-aubergine bdl-busch-solid bdb-busch-grey bdb-busch-dashed\">0.1 <span class=\"nowrap\">hPa (mbar)<\/span><\/td>\n<td class=\"h6 text-busch-black d-px-10px d-py-6px text-left bg-busch-white bdl-busch-aubergine bdl-busch-solid bdb-busch-grey bdb-busch-dashed\">0.1 <span class=\"nowrap\">hPa (mbar)<\/span><\/td>\n<td class=\"h6 text-busch-black d-px-10px d-py-6px text-left bg-busch-white bdl-busch-aubergine bdl-busch-solid bdb-busch-grey bdb-busch-dashed\">0.1 <span class=\"nowrap\">hPa (mbar)<\/span><\/td>\n<\/tr>\n<tr class=\"odd\" role=\"row\">\n<td class=\"h6 text-busch-black d-px-10px d-py-6px text-left bg-busch-white bdl-none bdb-busch-grey bdb-busch-dashed\">Maksim\u0101lais spiediens (g\u0101zes balasta v\u0101rsts atv\u0113rts)<\/td>\n<td class=\"h6 text-busch-black d-px-10px d-py-6px text-left bg-busch-white bdl-busch-aubergine bdl-busch-solid bdb-busch-grey bdb-busch-dashed\">0.5 <span class=\"nowrap\">hPa (mbar)<\/span><\/td>\n<td class=\"h6 text-busch-black d-px-10px d-py-6px text-left bg-busch-white bdl-busch-aubergine bdl-busch-solid bdb-busch-grey bdb-busch-dashed\">0.5 <span class=\"nowrap\">hPa (mbar)<\/span><\/td>\n<td class=\"h6 text-busch-black d-px-10px d-py-6px text-left bg-busch-white bdl-busch-aubergine bdl-busch-solid bdb-busch-grey bdb-busch-dashed\">0.5 <span class=\"nowrap\">hPa (mbar)<\/span><\/td>\n<td class=\"h6 text-busch-black d-px-10px d-py-6px text-left bg-busch-white bdl-busch-aubergine bdl-busch-solid bdb-busch-grey bdb-busch-dashed\">0.5 <span class=\"nowrap\">hPa (mbar)<\/span><\/td>\n<\/tr>\n<tr class=\"even\" role=\"row\">\n<td class=\"h6 text-busch-black d-px-10px d-py-6px text-left bg-busch-white bdl-none bdb-busch-grey bdb-busch-dashed\">Motora nomin\u0101lais nov\u0113rt\u0113jums<\/td>\n<td class=\"h6 text-busch-black d-px-10px d-py-6px text-left bg-busch-white bdl-busch-aubergine bdl-busch-solid bdb-busch-grey bdb-busch-dashed\">5.5 <span class=\"nowrap\">kW<\/span><\/td>\n<td class=\"h6 text-busch-black d-px-10px d-py-6px text-left bg-busch-white bdl-busch-aubergine bdl-busch-solid bdb-busch-grey bdb-busch-dashed\">5.5 <span class=\"nowrap\">kW<\/span><\/td>\n<td class=\"h6 text-busch-black d-px-10px d-py-6px text-left bg-busch-white bdl-busch-aubergine bdl-busch-solid bdb-busch-grey bdb-busch-dashed\">7.5 <span class=\"nowrap\">kW<\/span><\/td>\n<td class=\"h6 text-busch-black d-px-10px d-py-6px text-left bg-busch-white bdl-busch-aubergine bdl-busch-solid bdb-busch-grey bdb-busch-dashed\">8.3 <span class=\"nowrap\">kW<\/span><\/td>\n<\/tr>\n<tr class=\"odd\" role=\"row\">\n<td class=\"h6 text-busch-black d-px-10px d-py-6px text-left bg-busch-white bdl-none bdb-busch-grey bdb-busch-dashed\">Motora nomin\u0101lais \u0101trums<\/td>\n<td class=\"h6 text-busch-black d-px-10px d-py-6px text-left bg-busch-white bdl-busch-aubergine bdl-busch-solid bdb-busch-grey bdb-busch-dashed\">1500 <span class=\"nowrap\">min<sup>-1<\/sup><\/span><\/td>\n<td class=\"h6 text-busch-black d-px-10px d-py-6px text-left bg-busch-white bdl-busch-aubergine bdl-busch-solid bdb-busch-grey bdb-busch-dashed\">1500 <span class=\"nowrap\">min<sup>-1<\/sup><\/span><\/td>\n<td class=\"h6 text-busch-black d-px-10px d-py-6px text-left bg-busch-white bdl-busch-aubergine bdl-busch-solid bdb-busch-grey bdb-busch-dashed\">1500 <span class=\"nowrap\">min<sup>-1<\/sup><\/span><\/td>\n<td class=\"h6 text-busch-black d-px-10px d-py-6px text-left bg-busch-white bdl-busch-aubergine bdl-busch-solid bdb-busch-grey bdb-busch-dashed\">1500 <span class=\"nowrap\">min<sup>-1<\/sup><\/span><\/td>\n<\/tr>\n<tr class=\"even\" role=\"row\">\n<td class=\"h6 text-busch-black d-px-10px d-py-6px text-left bg-busch-white bdl-none bdb-busch-grey bdb-busch-dashed\">Ener\u0123ijas pat\u0113ri\u0146\u0161 pie 100 mbar<\/td>\n<td class=\"h6 text-busch-black d-px-10px d-py-6px text-left bg-busch-white bdl-busch-aubergine bdl-busch-solid bdb-busch-grey bdb-busch-dashed\">3.7 <span class=\"nowrap\">kWh<\/span><\/td>\n<td class=\"h6 text-busch-black d-px-10px d-py-6px text-left bg-busch-white bdl-busch-aubergine bdl-busch-solid bdb-busch-grey bdb-busch-dashed\">4.2 <span class=\"nowrap\">kWh<\/span><\/td>\n<td class=\"h6 text-busch-black d-px-10px d-py-6px text-left bg-busch-white bdl-busch-aubergine bdl-busch-solid bdb-busch-grey bdb-busch-dashed\">5.5 <span class=\"nowrap\">kWh<\/span><\/td>\n<td class=\"h6 text-busch-black d-px-10px d-py-6px text-left bg-busch-white bdl-busch-aubergine bdl-busch-solid bdb-busch-grey bdb-busch-dashed\">6.1 <span class=\"nowrap\">kWh<\/span><\/td>\n<\/tr>\n<tr class=\"odd\" role=\"row\">\n<td class=\"h6 text-busch-black d-px-10px d-py-6px text-left bg-busch-white bdl-none bdb-busch-grey bdb-busch-dashed\">Ener\u0123ijas pat\u0113ri\u0146\u0161 pie maksim\u0101l\u0101 spiediena<\/td>\n<td class=\"h6 text-busch-black d-px-10px d-py-6px text-left bg-busch-white bdl-busch-aubergine bdl-busch-solid bdb-busch-grey bdb-busch-dashed\">2.4 <span class=\"nowrap\">kWh<\/span><\/td>\n<td class=\"h6 text-busch-black d-px-10px d-py-6px text-left bg-busch-white bdl-busch-aubergine bdl-busch-solid bdb-busch-grey bdb-busch-dashed\">3.3 <span class=\"nowrap\">kWh<\/span><\/td>\n<td class=\"h6 text-busch-black d-px-10px d-py-6px text-left bg-busch-white bdl-busch-aubergine bdl-busch-solid bdb-busch-grey bdb-busch-dashed\">4.1 <span class=\"nowrap\">kWh<\/span><\/td>\n<td class=\"h6 text-busch-black d-px-10px d-py-6px text-left bg-busch-white bdl-busch-aubergine bdl-busch-solid bdb-busch-grey bdb-busch-dashed\">4.7 <span class=\"nowrap\">kWh<\/span><\/td>\n<\/tr>\n<tr class=\"even\" role=\"row\">\n<td class=\"h6 text-busch-black d-px-10px d-py-6px text-left bg-busch-white bdl-none bdb-busch-grey bdb-busch-dashed\">Trok\u0161\u0146a l\u012bmenis (ISO\u00a02151)<\/td>\n<td class=\"h6 text-busch-black d-px-10px d-py-6px text-left bg-busch-white bdl-busch-aubergine bdl-busch-solid bdb-busch-grey bdb-busch-dashed\">70 <span class=\"nowrap\">dB(A)<\/span><\/td>\n<td class=\"h6 text-busch-black d-px-10px d-py-6px text-left bg-busch-white bdl-busch-aubergine bdl-busch-solid bdb-busch-grey bdb-busch-dashed\">72 <span class=\"nowrap\">dB(A)<\/span><\/td>\n<td class=\"h6 text-busch-black d-px-10px d-py-6px text-left bg-busch-white bdl-busch-aubergine bdl-busch-solid bdb-busch-grey bdb-busch-dashed\">72 <span class=\"nowrap\">dB(A)<\/span><\/td>\n<td class=\"h6 text-busch-black d-px-10px d-py-6px text-left bg-busch-white bdl-busch-aubergine bdl-busch-solid bdb-busch-grey bdb-busch-dashed\">74 <span class=\"nowrap\">dB(A)<\/span><\/td>\n<\/tr>\n<tr class=\"odd\" role=\"row\">\n<td class=\"h6 text-busch-black d-px-10px d-py-6px text-left bg-busch-white bdl-none bdb-busch-grey bdb-busch-dashed\">E\u013c\u013cas ietilp\u012bba<\/td>\n<td class=\"h6 text-busch-black d-px-10px d-py-6px text-left bg-busch-white bdl-busch-aubergine bdl-busch-solid bdb-busch-grey bdb-busch-dashed\">6.5 <span class=\"nowrap\">l<\/span><\/td>\n<td class=\"h6 text-busch-black d-px-10px d-py-6px text-left bg-busch-white bdl-busch-aubergine bdl-busch-solid bdb-busch-grey bdb-busch-dashed\">6.5 <span class=\"nowrap\">l<\/span><\/td>\n<td class=\"h6 text-busch-black d-px-10px d-py-6px text-left bg-busch-white bdl-busch-aubergine bdl-busch-solid bdb-busch-grey bdb-busch-dashed\">6.5 <span class=\"nowrap\">l<\/span><\/td>\n<td class=\"h6 text-busch-black d-px-10px d-py-6px text-left bg-busch-white bdl-busch-aubergine bdl-busch-solid bdb-busch-grey bdb-busch-dashed\">6.5 <span class=\"nowrap\">l<\/span><\/td>\n<\/tr>\n<tr class=\"even\" role=\"row\">\n<td class=\"h6 text-busch-black d-px-10px d-py-6px text-left bg-busch-white bdl-none bdb-busch-grey bdb-busch-dashed\">Svars apm.<\/td>\n<td class=\"h6 text-busch-black d-px-10px d-py-6px text-left bg-busch-white bdl-busch-aubergine bdl-busch-solid bdb-busch-grey bdb-busch-dashed\">160* <span class=\"nowrap\">kg<\/span><\/td>\n<td class=\"h6 text-busch-black d-px-10px d-py-6px text-left bg-busch-white bdl-busch-aubergine bdl-busch-solid bdb-busch-grey bdb-busch-dashed\">160* <span class=\"nowrap\">kg<\/span><\/td>\n<td class=\"h6 text-busch-black d-px-10px d-py-6px text-left bg-busch-white bdl-busch-aubergine bdl-busch-solid bdb-busch-grey bdb-busch-dashed\">195* <span class=\"nowrap\">kg<\/span><\/td>\n<td class=\"h6 text-busch-black d-px-10px d-py-6px text-left bg-busch-white bdl-busch-aubergine bdl-busch-solid bdb-busch-grey bdb-busch-dashed\">195* <span class=\"nowrap\">kg<\/span><\/td>\n<\/tr>\n<tr class=\"odd\" role=\"row\">\n<td class=\"h6 text-busch-black d-px-10px d-py-6px text-left bg-busch-white bdl-none bdb-busch-grey bdb-busch-dashed\">Izm\u0113ri (G x P x A)<\/td>\n<td class=\"h6 text-busch-black d-px-10px d-py-6px text-left bg-busch-white bdl-busch-aubergine bdl-busch-solid bdb-busch-grey bdb-busch-dashed\">977 x 583 x 418* <span class=\"nowrap\">mm<\/span><\/td>\n<td class=\"h6 text-busch-black d-px-10px d-py-6px text-left bg-busch-white bdl-busch-aubergine bdl-busch-solid bdb-busch-grey bdb-busch-dashed\">977 x 583 x 418* <span class=\"nowrap\">mm<\/span><\/td>\n<td class=\"h6 text-busch-black d-px-10px d-py-6px text-left bg-busch-white bdl-busch-aubergine bdl-busch-solid bdb-busch-grey bdb-busch-dashed\">1056 x 583 x 418* <span class=\"nowrap\">mm<\/span><\/td>\n<td class=\"h6 text-busch-black d-px-10px d-py-6px text-left bg-busch-white bdl-busch-aubergine bdl-busch-solid bdb-busch-grey bdb-busch-dashed\">1057 x 583 x 418 <span class=\"nowrap\">mm<\/span>*<\/td>\n<\/tr>\n<tr class=\"even\" role=\"row\">\n<td class=\"h6 text-busch-black d-px-10px d-py-6px text-left bg-busch-white bdl-none bdb-busch-grey bdb-busch-dashed\">G\u0101zes iepl\u016bde \/ izpl\u016bde<\/td>\n<td class=\"h6 text-busch-black d-px-10px d-py-6px text-left bg-busch-white bdl-busch-aubergine bdl-busch-solid bdb-busch-grey bdb-busch-dashed\">G 2&#8243; \/ G 2&#8243;<\/td>\n<td class=\"h6 text-busch-black d-px-10px d-py-6px text-left bg-busch-white bdl-busch-aubergine bdl-busch-solid bdb-busch-grey bdb-busch-dashed\">G 2&#8243; \/ G 2&#8243;<\/td>\n<td class=\"h6 text-busch-black d-px-10px d-py-6px text-left bg-busch-white bdl-busch-aubergine bdl-busch-solid bdb-busch-grey bdb-busch-dashed\">G 2&#8243; \/ G 2&#8243;<\/td>\n<td class=\"h6 text-busch-black d-px-10px d-py-6px text-left bg-busch-white bdl-busch-aubergine bdl-busch-solid bdb-busch-grey bdb-busch-dashed\">G 2&#8243; \/ G 2&#8243;<\/td>\n<\/tr>\n<\/tbody>\n<\/table>\n<\/div>\n<div class=\"technical-data-footnotes\">* v\u0113rt\u012bbas var nedaudz at\u0161\u0137irties da\u017e\u0101du motora versiju d\u0113\u013c<\/p>\n<div><\/div>\n<\/div>\n<div class=\"technical-data-table-overlay gradient\"><\/div>\n<\/div>\n<\/div>\n<\/div>\n<\/section>\n<\/div>\n","protected":false},"excerpt":{"rendered":"<p>Busch vakuums\u016bknis p\u0101rtikas p\u0101rstr\u0101dei, ga\u013cas pildvielas, iepako\u0161ana, naudas iepako\u0161ana, papl\u0101\u0161u aizz\u012bmogo\u0161ana \u2713 Lab\u0101k\u0101s cenas \u2713 Tehniskais atbalsts \u2708 Pieg\u0101de<\/p>\n","protected":false},"featured_media":50406,"template":"","meta":{"content-type":"","_monsterinsights_skip_tracking":false,"_monsterinsights_sitenote_active":false,"_monsterinsights_sitenote_note":"","_monsterinsights_sitenote_category":0},"product_cat":[4197],"product_tag":[4069],"yoast_head":"<!-- This site is optimized with the Yoast SEO plugin v19.5.1 - https:\/\/yoast.com\/wordpress\/plugins\/seo\/ -->\n<title>Busch vakuums\u016bknis R 5 RA 0165 \u2013 0305 D - Carnitec<\/title>\n<meta name=\"description\" content=\"Busch vakuums\u016bknis p\u0101rtikas p\u0101rstr\u0101dei, ga\u013cas pildvielas, iepako\u0161ana, naudas iepako\u0161ana, papl\u0101\u0161u aizz\u012bmogo\u0161ana \u2713 Lab\u0101k\u0101s cenas \u2713 Tehniskais atbalsts \u2708 Pieg\u0101de\" \/>\n<meta name=\"robots\" content=\"index, follow, max-snippet:-1, max-image-preview:large, max-video-preview:-1\" \/>\n<link rel=\"canonical\" href=\"https:\/\/carnitec.com\/lv\/products\/busch-vakuumsuknis-r-5-ra-0165-0305-d\/\" \/>\n<meta property=\"og:locale\" content=\"lv_LV\" \/>\n<meta property=\"og:type\" content=\"article\" \/>\n<meta property=\"og:title\" content=\"Busch vakuums\u016bknis R 5 RA 0165 \u2013 0305 D - Carnitec\" \/>\n<meta property=\"og:description\" content=\"Busch vakuums\u016bknis p\u0101rtikas p\u0101rstr\u0101dei, ga\u013cas pildvielas, iepako\u0161ana, naudas iepako\u0161ana, papl\u0101\u0161u aizz\u012bmogo\u0161ana \u2713 Lab\u0101k\u0101s cenas \u2713 Tehniskais atbalsts \u2708 Pieg\u0101de\" \/>\n<meta property=\"og:url\" content=\"https:\/\/carnitec.com\/lv\/products\/busch-vakuumsuknis-r-5-ra-0165-0305-d\/\" \/>\n<meta property=\"og:site_name\" content=\"Carnitec\" \/>\n<meta property=\"article:publisher\" content=\"https:\/\/facebook.com\/carnitec1\" \/>\n<meta property=\"article:modified_time\" content=\"2022-01-07T12:05:11+00:00\" \/>\n<meta property=\"og:image\" content=\"https:\/\/carnitec.com\/wp-content\/uploads\/2022\/01\/R5-RA-0165-0305-D.jpg\" \/>\n\t<meta property=\"og:image:width\" content=\"800\" \/>\n\t<meta property=\"og:image:height\" content=\"800\" \/>\n\t<meta property=\"og:image:type\" content=\"image\/jpeg\" \/>\n<meta name=\"twitter:card\" content=\"summary\" \/>\n<meta name=\"twitter:site\" content=\"@carnitec_\" \/>\n<meta name=\"twitter:label1\" content=\"Est. reading time\" \/>\n\t<meta name=\"twitter:data1\" content=\"3 min\u016btes\" \/>\n<script type=\"application\/ld+json\" class=\"yoast-schema-graph\">{\"@context\":\"https:\/\/schema.org\",\"@graph\":[{\"@type\":\"WebPage\",\"@id\":\"https:\/\/carnitec.com\/lv\/products\/busch-vakuumsuknis-r-5-ra-0165-0305-d\/\",\"url\":\"https:\/\/carnitec.com\/lv\/products\/busch-vakuumsuknis-r-5-ra-0165-0305-d\/\",\"name\":\"Busch vakuums\u016bknis R 5 RA 0165 \u2013 0305 D - Carnitec\",\"isPartOf\":{\"@id\":\"https:\/\/carnitec.com\/lv\/#website\"},\"datePublished\":\"2022-01-07T12:05:10+00:00\",\"dateModified\":\"2022-01-07T12:05:11+00:00\",\"description\":\"Busch vakuums\u016bknis p\u0101rtikas p\u0101rstr\u0101dei, ga\u013cas pildvielas, iepako\u0161ana, naudas iepako\u0161ana, papl\u0101\u0161u aizz\u012bmogo\u0161ana \u2713 Lab\u0101k\u0101s cenas \u2713 Tehniskais atbalsts \u2708 Pieg\u0101de\",\"breadcrumb\":{\"@id\":\"https:\/\/carnitec.com\/lv\/products\/busch-vakuumsuknis-r-5-ra-0165-0305-d\/#breadcrumb\"},\"inLanguage\":\"lv-LV\",\"potentialAction\":[{\"@type\":\"ReadAction\",\"target\":[\"https:\/\/carnitec.com\/lv\/products\/busch-vakuumsuknis-r-5-ra-0165-0305-d\/\"]}]},{\"@type\":\"BreadcrumbList\",\"@id\":\"https:\/\/carnitec.com\/lv\/products\/busch-vakuumsuknis-r-5-ra-0165-0305-d\/#breadcrumb\",\"itemListElement\":[{\"@type\":\"ListItem\",\"position\":1,\"name\":\"\u0413\u043b\u0430\u0432\u043d\u0430\u044f \u0441\u0442\u0440\u0430\u043d\u0438\u0446\u0430\",\"item\":\"https:\/\/carnitec.com\/lv\/\"},{\"@type\":\"ListItem\",\"position\":2,\"name\":\"\u0422\u043e\u0432\u0430\u0440\u044b\",\"item\":\"https:\/\/carnitec.com\/shop\/\"},{\"@type\":\"ListItem\",\"position\":3,\"name\":\"Busch vakuums\u016bknis R 5 RA 0165 \u2013 0305 D\"}]},{\"@type\":\"WebSite\",\"@id\":\"https:\/\/carnitec.com\/lv\/#website\",\"url\":\"https:\/\/carnitec.com\/lv\/\",\"name\":\"Carnitec\",\"description\":\"P\u0101rtikas r\u016bpniec\u012bbas iek\u0101rtas\",\"publisher\":{\"@id\":\"https:\/\/carnitec.com\/lv\/#organization\"},\"potentialAction\":[{\"@type\":\"SearchAction\",\"target\":{\"@type\":\"EntryPoint\",\"urlTemplate\":\"https:\/\/carnitec.com\/lv\/?s={search_term_string}\"},\"query-input\":\"required name=search_term_string\"}],\"inLanguage\":\"lv-LV\"},{\"@type\":\"Organization\",\"@id\":\"https:\/\/carnitec.com\/lv\/#organization\",\"name\":\"Carnitec - food processing equipment\",\"url\":\"https:\/\/carnitec.com\/lv\/\",\"sameAs\":[\"https:\/\/www.instagram.com\/carnitec\/?hl=en\",\"https:\/\/www.linkedin.com\/company\/carnitec-ltd\/\",\"https:\/\/www.youtube.com\/channel\/UCwfiuJujkF2QxPPZAqB0T2w\",\"https:\/\/facebook.com\/carnitec1\",\"https:\/\/twitter.com\/carnitec_\"],\"logo\":{\"@type\":\"ImageObject\",\"inLanguage\":\"lv-LV\",\"@id\":\"https:\/\/carnitec.com\/lv\/#\/schema\/logo\/image\/\",\"url\":\"http:\/\/carnitec.com\/wp-content\/uploads\/2018\/01\/carnitec_logo_2018.png\",\"contentUrl\":\"http:\/\/carnitec.com\/wp-content\/uploads\/2018\/01\/carnitec_logo_2018.png\",\"width\":180,\"height\":50,\"caption\":\"Carnitec - food processing equipment\"},\"image\":{\"@id\":\"https:\/\/carnitec.com\/lv\/#\/schema\/logo\/image\/\"}}]}<\/script>\n<!-- \/ Yoast SEO plugin. -->","yoast_head_json":{"title":"Busch vakuums\u016bknis R 5 RA 0165 \u2013 0305 D - Carnitec","description":"Busch vakuums\u016bknis p\u0101rtikas p\u0101rstr\u0101dei, ga\u013cas pildvielas, iepako\u0161ana, naudas iepako\u0161ana, papl\u0101\u0161u aizz\u012bmogo\u0161ana \u2713 Lab\u0101k\u0101s cenas \u2713 Tehniskais atbalsts \u2708 Pieg\u0101de","robots":{"index":"index","follow":"follow","max-snippet":"max-snippet:-1","max-image-preview":"max-image-preview:large","max-video-preview":"max-video-preview:-1"},"canonical":"https:\/\/carnitec.com\/lv\/products\/busch-vakuumsuknis-r-5-ra-0165-0305-d\/","og_locale":"lv_LV","og_type":"article","og_title":"Busch vakuums\u016bknis R 5 RA 0165 \u2013 0305 D - Carnitec","og_description":"Busch vakuums\u016bknis p\u0101rtikas p\u0101rstr\u0101dei, ga\u013cas pildvielas, iepako\u0161ana, naudas iepako\u0161ana, papl\u0101\u0161u aizz\u012bmogo\u0161ana \u2713 Lab\u0101k\u0101s cenas \u2713 Tehniskais atbalsts \u2708 Pieg\u0101de","og_url":"https:\/\/carnitec.com\/lv\/products\/busch-vakuumsuknis-r-5-ra-0165-0305-d\/","og_site_name":"Carnitec","article_publisher":"https:\/\/facebook.com\/carnitec1","article_modified_time":"2022-01-07T12:05:11+00:00","og_image":[{"width":800,"height":800,"url":"https:\/\/carnitec.com\/wp-content\/uploads\/2022\/01\/R5-RA-0165-0305-D.jpg","type":"image\/jpeg"}],"twitter_card":"summary","twitter_site":"@carnitec_","twitter_misc":{"Est. reading time":"3 min\u016btes"},"schema":{"@context":"https:\/\/schema.org","@graph":[{"@type":"WebPage","@id":"https:\/\/carnitec.com\/lv\/products\/busch-vakuumsuknis-r-5-ra-0165-0305-d\/","url":"https:\/\/carnitec.com\/lv\/products\/busch-vakuumsuknis-r-5-ra-0165-0305-d\/","name":"Busch vakuums\u016bknis R 5 RA 0165 \u2013 0305 D - Carnitec","isPartOf":{"@id":"https:\/\/carnitec.com\/lv\/#website"},"datePublished":"2022-01-07T12:05:10+00:00","dateModified":"2022-01-07T12:05:11+00:00","description":"Busch vakuums\u016bknis p\u0101rtikas p\u0101rstr\u0101dei, ga\u013cas pildvielas, iepako\u0161ana, naudas iepako\u0161ana, papl\u0101\u0161u aizz\u012bmogo\u0161ana \u2713 Lab\u0101k\u0101s cenas \u2713 Tehniskais atbalsts \u2708 Pieg\u0101de","breadcrumb":{"@id":"https:\/\/carnitec.com\/lv\/products\/busch-vakuumsuknis-r-5-ra-0165-0305-d\/#breadcrumb"},"inLanguage":"lv-LV","potentialAction":[{"@type":"ReadAction","target":["https:\/\/carnitec.com\/lv\/products\/busch-vakuumsuknis-r-5-ra-0165-0305-d\/"]}]},{"@type":"BreadcrumbList","@id":"https:\/\/carnitec.com\/lv\/products\/busch-vakuumsuknis-r-5-ra-0165-0305-d\/#breadcrumb","itemListElement":[{"@type":"ListItem","position":1,"name":"\u0413\u043b\u0430\u0432\u043d\u0430\u044f \u0441\u0442\u0440\u0430\u043d\u0438\u0446\u0430","item":"https:\/\/carnitec.com\/lv\/"},{"@type":"ListItem","position":2,"name":"\u0422\u043e\u0432\u0430\u0440\u044b","item":"https:\/\/carnitec.com\/shop\/"},{"@type":"ListItem","position":3,"name":"Busch vakuums\u016bknis R 5 RA 0165 \u2013 0305 D"}]},{"@type":"WebSite","@id":"https:\/\/carnitec.com\/lv\/#website","url":"https:\/\/carnitec.com\/lv\/","name":"Carnitec","description":"P\u0101rtikas r\u016bpniec\u012bbas iek\u0101rtas","publisher":{"@id":"https:\/\/carnitec.com\/lv\/#organization"},"potentialAction":[{"@type":"SearchAction","target":{"@type":"EntryPoint","urlTemplate":"https:\/\/carnitec.com\/lv\/?s={search_term_string}"},"query-input":"required name=search_term_string"}],"inLanguage":"lv-LV"},{"@type":"Organization","@id":"https:\/\/carnitec.com\/lv\/#organization","name":"Carnitec - food processing equipment","url":"https:\/\/carnitec.com\/lv\/","sameAs":["https:\/\/www.instagram.com\/carnitec\/?hl=en","https:\/\/www.linkedin.com\/company\/carnitec-ltd\/","https:\/\/www.youtube.com\/channel\/UCwfiuJujkF2QxPPZAqB0T2w","https:\/\/facebook.com\/carnitec1","https:\/\/twitter.com\/carnitec_"],"logo":{"@type":"ImageObject","inLanguage":"lv-LV","@id":"https:\/\/carnitec.com\/lv\/#\/schema\/logo\/image\/","url":"http:\/\/carnitec.com\/wp-content\/uploads\/2018\/01\/carnitec_logo_2018.png","contentUrl":"http:\/\/carnitec.com\/wp-content\/uploads\/2018\/01\/carnitec_logo_2018.png","width":180,"height":50,"caption":"Carnitec - food processing equipment"},"image":{"@id":"https:\/\/carnitec.com\/lv\/#\/schema\/logo\/image\/"}}]}},"_links":{"self":[{"href":"https:\/\/carnitec.com\/lv\/wp-json\/wp\/v2\/product\/50408"}],"collection":[{"href":"https:\/\/carnitec.com\/lv\/wp-json\/wp\/v2\/product"}],"about":[{"href":"https:\/\/carnitec.com\/lv\/wp-json\/wp\/v2\/types\/product"}],"wp:featuredmedia":[{"embeddable":true,"href":"https:\/\/carnitec.com\/lv\/wp-json\/wp\/v2\/media\/50406"}],"wp:attachment":[{"href":"https:\/\/carnitec.com\/lv\/wp-json\/wp\/v2\/media?parent=50408"}],"wp:term":[{"taxonomy":"product_cat","embeddable":true,"href":"https:\/\/carnitec.com\/lv\/wp-json\/wp\/v2\/product_cat?post=50408"},{"taxonomy":"product_tag","embeddable":true,"href":"https:\/\/carnitec.com\/lv\/wp-json\/wp\/v2\/product_tag?post=50408"}],"curies":[{"name":"wp","href":"https:\/\/api.w.org\/{rel}","templated":true}]}}