{"id":49876,"date":"2022-01-05T10:12:53","date_gmt":"2022-01-05T08:12:53","guid":{"rendered":"https:\/\/carnitec.com\/?post_type=product&#038;p=49876"},"modified":"2022-01-05T10:12:53","modified_gmt":"2022-01-05T08:12:53","slug":"busch-vakuumsuknis-r5-rb-rc-0021-c","status":"publish","type":"product","link":"https:\/\/carnitec.com\/lv\/products\/busch-vakuumsuknis-r5-rb-rc-0021-c\/","title":{"rendered":"Busch vakuums\u016bknis R5 RB\/RC 0021 C"},"content":{"rendered":"<h2>Busch Rot\u0101cijas l\u0101psti\u0146as vakuums\u016bknis<\/h2>\n<h2>R5 RB\/RC 0021 C<\/h2>\n<h4>Kompakts<\/h4>\n<p>Samazin\u0101ts augstums un svars, ide\u0101li piem\u0113rots uzst\u0101d\u012b\u0161anai \u0161aur\u0101s telp\u0101s<\/p>\n<h4>Uzticams<\/h4>\n<p>Iztur\u012bga konstrukcija, \u013coti iztur\u012bgas ar \u0161\u0137iedru pastiprin\u0101tas epoks\u012bda sve\u0137u l\u0101psti\u0146as, p\u0101rbaud\u012bta rot\u0101cijas l\u0101psti\u0146u tehnolo\u0123ija, ilgs kalpo\u0161anas laiks<\/p>\n<h4>Elast\u012bgs<\/h4>\n<p>Pieejamas da\u017e\u0101das dizaina iesp\u0113jas, vienk\u0101r\u0161a piel\u0101go\u0161ana individu\u0101l\u0101m klientu pras\u012bb\u0101m un procesiem<\/p>\n<h2>Tehnisk\u0101s specifik\u0101cijas<\/h2>\n<div class=\"table\" data-action=\"ISO 50\">\n<table class=\"data-table\">\n<tbody>\n<tr>\n<th>TEHNISKIE DATI<\/th>\n<th>R5 RB 0021 C<\/th>\n<th>R5 RC 0021 C<\/th>\n<\/tr>\n<tr>\n<td>Nomin\u0101lais s\u016bkn\u0113\u0161anas \u0101trums<\/td>\n<td>20 m\u00b3\/h<\/td>\n<td>20 m\u00b3\/h<\/td>\n<\/tr>\n<tr>\n<td>Gal\u0113jais spiediens<\/td>\n<td>1.0 hPa (mbar)<\/td>\n<td>20.0 hPa (mbar)<\/td>\n<\/tr>\n<tr>\n<td>Motora nomin\u0101l\u0101 jauda<\/td>\n<td>0.75 kW<\/td>\n<td>0.75 kW<\/td>\n<\/tr>\n<tr>\n<td>Motora nomin\u0101lais \u0101trums<\/td>\n<td>3000 min\u207b\u00b9<\/td>\n<td>3000 min\u207b\u00b9<\/td>\n<\/tr>\n<tr>\n<td>Trok\u0161\u0146a l\u012bmenis (ISO 2151)<\/td>\n<td>66 dB(A)<\/td>\n<td>66 dB(A)<\/td>\n<\/tr>\n<tr>\n<td>E\u013c\u013cas tilpums<\/td>\n<td>0.45 l<\/td>\n<td>0.45 l<\/td>\n<\/tr>\n<tr>\n<td>Svars apm.<\/td>\n<td>20 kg<\/td>\n<td>20 kg<\/td>\n<\/tr>\n<tr>\n<td>Izm\u0113ri (G x P x A)<\/td>\n<td>401 x 229 x 180 mm<\/td>\n<td>401 x 229 x 180 mm<\/td>\n<\/tr>\n<tr>\n<td>G\u0101zes izvads<\/td>\n<td>\u2013<\/td>\n<td>\u2013<\/td>\n<\/tr>\n<tr>\n<td>G\u0101zes iepl\u016bde<\/td>\n<td>G \u00bd&#8221;<\/td>\n<td>G \u00bd&#8221;<\/td>\n<\/tr>\n<\/tbody>\n<\/table>\n<\/div>\n<div class=\"table-images\" data-action=\"ISO 50\">\n<div class=\"image-wrapper\">\n<h2 class=\"text--5\">Izm\u0113ru ras\u0113jums<\/h2>\n<p>R5 RB\/RC 0021 C<\/p>\n<div class=\"full-size-svg\">\n<div class=\"full-size-svg__inner\">\n<p><img class=\"alignnone size-medium wp-image-49864\" src=\"https:\/\/carnitec.com\/wp-content\/uploads\/2022\/01\/busch121212-300x164.jpeg\" alt=\"Dimensional drawing R5 RB\/RC 0021 C\" width=\"300\" height=\"164\" srcset=\"https:\/\/carnitec.com\/wp-content\/uploads\/2022\/01\/busch121212-300x164.jpeg 300w, https:\/\/carnitec.com\/wp-content\/uploads\/2022\/01\/busch121212-500x273.jpeg 500w, https:\/\/carnitec.com\/wp-content\/uploads\/2022\/01\/busch121212-600x328.jpeg 600w, https:\/\/carnitec.com\/wp-content\/uploads\/2022\/01\/busch121212.jpeg 687w\" sizes=\"(max-width: 300px) 100vw, 300px\" \/><\/p>\n<div class=\"icon-wrapper\"><\/div>\n<div class=\"image-wrapper\"><span style=\"color: #222222; font-size: 22px; font-weight: bold;\">Nozares un pielietojumi<\/span><\/div>\n<\/div>\n<\/div>\n<\/div>\n<\/div>\n<ul>\n<li>P\u0101rtikas p\u0101rstr\u0101de<br \/>\n<a href=\"https:\/\/carnitec.com\/lv\/products\/vakuuma-sprice-risco-rs-501\/\">Ga\u013cas pild\u012bt\u0101ji<\/a><br \/>\n<a href=\"https:\/\/carnitec.com\/lv\/iepakosanas-iekartas\/\">Iepakojums<\/a><br \/>\nForm\u0113\u0161ana ar p\u016b\u0161anu<br \/>\nNaudas iepako\u0161ana<br \/>\nBlistera iepakojums<br \/>\nApgrie\u0161anas iek\u0101rtas<br \/>\n<a href=\"https:\/\/carnitec.com\/lv\/products\/automatiska-sversanas-un-markesanas-sistema-ls-4000\/\">Mar\u0137\u0113\u0161ana<\/a><br \/>\nKartona iepako\u0161anas ma\u0161\u012bnas<br \/>\nPapl\u0101\u0161u iekrau\u0161anas sist\u0113mas<br \/>\nPapl\u0101tes bl\u012bv\u0113t\u0101ji<br \/>\n<a href=\"https:\/\/carnitec.com\/lv\/products\/vakuuma-iepakosanas-iekarta-henkovac-m2\/\">Vakuuma iepako\u0161anas iek\u0101rtas<\/a><\/li>\n<\/ul>\n","protected":false},"excerpt":{"rendered":"<p>Busch vakuums\u016bknis p\u0101rtikas p\u0101rstr\u0101dei, ga\u013cas pildvielas, iepako\u0161ana, naudas iepako\u0161ana, papl\u0101\u0161u aizz\u012bmogo\u0161ana \u2713 Lab\u0101k\u0101s cenas \u2713 Tehniskais atbalsts \u2708 Pieg\u0101de<\/p>\n","protected":false},"featured_media":49869,"template":"","meta":{"content-type":"","_monsterinsights_skip_tracking":false,"_monsterinsights_sitenote_active":false,"_monsterinsights_sitenote_note":"","_monsterinsights_sitenote_category":0},"product_cat":[],"product_tag":[4068,4069],"yoast_head":"<!-- This site is optimized with the Yoast SEO plugin v19.5.1 - https:\/\/yoast.com\/wordpress\/plugins\/seo\/ -->\n<title>Busch vakuums\u016bknis R5 RB\/RC 0021 C - Carnitec<\/title>\n<meta name=\"description\" content=\"Busch vakuums\u016bknis p\u0101rtikas p\u0101rstr\u0101dei, ga\u013cas pildvielas, iepako\u0161ana, naudas iepako\u0161ana, papl\u0101\u0161u aizz\u012bmogo\u0161ana \u2713 Lab\u0101k\u0101s cenas \u2713 Tehniskais atbalsts \u2708 Pieg\u0101de\" \/>\n<meta name=\"robots\" content=\"index, follow, max-snippet:-1, max-image-preview:large, max-video-preview:-1\" \/>\n<link rel=\"canonical\" href=\"https:\/\/carnitec.com\/lv\/products\/busch-vakuumsuknis-r5-rb-rc-0021-c\/\" \/>\n<meta property=\"og:locale\" content=\"lv_LV\" \/>\n<meta property=\"og:type\" content=\"article\" \/>\n<meta property=\"og:title\" content=\"Busch vakuums\u016bknis R5 RB\/RC 0021 C - Carnitec\" \/>\n<meta property=\"og:description\" content=\"Busch vakuums\u016bknis p\u0101rtikas p\u0101rstr\u0101dei, ga\u013cas pildvielas, iepako\u0161ana, naudas iepako\u0161ana, papl\u0101\u0161u aizz\u012bmogo\u0161ana \u2713 Lab\u0101k\u0101s cenas \u2713 Tehniskais atbalsts \u2708 Pieg\u0101de\" \/>\n<meta property=\"og:url\" content=\"https:\/\/carnitec.com\/lv\/products\/busch-vakuumsuknis-r5-rb-rc-0021-c\/\" \/>\n<meta property=\"og:site_name\" content=\"Carnitec\" \/>\n<meta property=\"article:publisher\" content=\"https:\/\/facebook.com\/carnitec1\" \/>\n<meta property=\"og:image\" content=\"https:\/\/carnitec.com\/wp-content\/uploads\/2022\/01\/busch_R5RBRC0021C.jpg\" \/>\n\t<meta property=\"og:image:width\" content=\"800\" \/>\n\t<meta property=\"og:image:height\" content=\"800\" \/>\n\t<meta property=\"og:image:type\" content=\"image\/jpeg\" \/>\n<meta name=\"twitter:card\" content=\"summary\" \/>\n<meta name=\"twitter:site\" content=\"@carnitec_\" \/>\n<meta name=\"twitter:label1\" content=\"Est. reading time\" \/>\n\t<meta name=\"twitter:data1\" content=\"2 min\u016btes\" \/>\n<script type=\"application\/ld+json\" class=\"yoast-schema-graph\">{\"@context\":\"https:\/\/schema.org\",\"@graph\":[{\"@type\":\"WebPage\",\"@id\":\"https:\/\/carnitec.com\/lv\/products\/busch-vakuumsuknis-r5-rb-rc-0021-c\/\",\"url\":\"https:\/\/carnitec.com\/lv\/products\/busch-vakuumsuknis-r5-rb-rc-0021-c\/\",\"name\":\"Busch vakuums\u016bknis R5 RB\/RC 0021 C - Carnitec\",\"isPartOf\":{\"@id\":\"https:\/\/carnitec.com\/lv\/#website\"},\"datePublished\":\"2022-01-05T08:12:53+00:00\",\"dateModified\":\"2022-01-05T08:12:53+00:00\",\"description\":\"Busch vakuums\u016bknis p\u0101rtikas p\u0101rstr\u0101dei, ga\u013cas pildvielas, iepako\u0161ana, naudas iepako\u0161ana, papl\u0101\u0161u aizz\u012bmogo\u0161ana \u2713 Lab\u0101k\u0101s cenas \u2713 Tehniskais atbalsts \u2708 Pieg\u0101de\",\"breadcrumb\":{\"@id\":\"https:\/\/carnitec.com\/lv\/products\/busch-vakuumsuknis-r5-rb-rc-0021-c\/#breadcrumb\"},\"inLanguage\":\"lv-LV\",\"potentialAction\":[{\"@type\":\"ReadAction\",\"target\":[\"https:\/\/carnitec.com\/lv\/products\/busch-vakuumsuknis-r5-rb-rc-0021-c\/\"]}]},{\"@type\":\"BreadcrumbList\",\"@id\":\"https:\/\/carnitec.com\/lv\/products\/busch-vakuumsuknis-r5-rb-rc-0021-c\/#breadcrumb\",\"itemListElement\":[{\"@type\":\"ListItem\",\"position\":1,\"name\":\"\u0413\u043b\u0430\u0432\u043d\u0430\u044f \u0441\u0442\u0440\u0430\u043d\u0438\u0446\u0430\",\"item\":\"https:\/\/carnitec.com\/lv\/\"},{\"@type\":\"ListItem\",\"position\":2,\"name\":\"\u0422\u043e\u0432\u0430\u0440\u044b\",\"item\":\"https:\/\/carnitec.com\/shop\/\"},{\"@type\":\"ListItem\",\"position\":3,\"name\":\"Busch vakuums\u016bknis R5 RB\/RC 0021 C\"}]},{\"@type\":\"WebSite\",\"@id\":\"https:\/\/carnitec.com\/lv\/#website\",\"url\":\"https:\/\/carnitec.com\/lv\/\",\"name\":\"Carnitec\",\"description\":\"P\u0101rtikas r\u016bpniec\u012bbas iek\u0101rtas\",\"publisher\":{\"@id\":\"https:\/\/carnitec.com\/lv\/#organization\"},\"potentialAction\":[{\"@type\":\"SearchAction\",\"target\":{\"@type\":\"EntryPoint\",\"urlTemplate\":\"https:\/\/carnitec.com\/lv\/?s={search_term_string}\"},\"query-input\":\"required name=search_term_string\"}],\"inLanguage\":\"lv-LV\"},{\"@type\":\"Organization\",\"@id\":\"https:\/\/carnitec.com\/lv\/#organization\",\"name\":\"Carnitec - food processing equipment\",\"url\":\"https:\/\/carnitec.com\/lv\/\",\"sameAs\":[\"https:\/\/www.instagram.com\/carnitec\/?hl=en\",\"https:\/\/www.linkedin.com\/company\/carnitec-ltd\/\",\"https:\/\/www.youtube.com\/channel\/UCwfiuJujkF2QxPPZAqB0T2w\",\"https:\/\/facebook.com\/carnitec1\",\"https:\/\/twitter.com\/carnitec_\"],\"logo\":{\"@type\":\"ImageObject\",\"inLanguage\":\"lv-LV\",\"@id\":\"https:\/\/carnitec.com\/lv\/#\/schema\/logo\/image\/\",\"url\":\"http:\/\/carnitec.com\/wp-content\/uploads\/2018\/01\/carnitec_logo_2018.png\",\"contentUrl\":\"http:\/\/carnitec.com\/wp-content\/uploads\/2018\/01\/carnitec_logo_2018.png\",\"width\":180,\"height\":50,\"caption\":\"Carnitec - food processing equipment\"},\"image\":{\"@id\":\"https:\/\/carnitec.com\/lv\/#\/schema\/logo\/image\/\"}}]}<\/script>\n<!-- \/ Yoast SEO plugin. -->","yoast_head_json":{"title":"Busch vakuums\u016bknis R5 RB\/RC 0021 C - Carnitec","description":"Busch vakuums\u016bknis p\u0101rtikas p\u0101rstr\u0101dei, ga\u013cas pildvielas, iepako\u0161ana, naudas iepako\u0161ana, papl\u0101\u0161u aizz\u012bmogo\u0161ana \u2713 Lab\u0101k\u0101s cenas \u2713 Tehniskais atbalsts \u2708 Pieg\u0101de","robots":{"index":"index","follow":"follow","max-snippet":"max-snippet:-1","max-image-preview":"max-image-preview:large","max-video-preview":"max-video-preview:-1"},"canonical":"https:\/\/carnitec.com\/lv\/products\/busch-vakuumsuknis-r5-rb-rc-0021-c\/","og_locale":"lv_LV","og_type":"article","og_title":"Busch vakuums\u016bknis R5 RB\/RC 0021 C - Carnitec","og_description":"Busch vakuums\u016bknis p\u0101rtikas p\u0101rstr\u0101dei, ga\u013cas pildvielas, iepako\u0161ana, naudas iepako\u0161ana, papl\u0101\u0161u aizz\u012bmogo\u0161ana \u2713 Lab\u0101k\u0101s cenas \u2713 Tehniskais atbalsts \u2708 Pieg\u0101de","og_url":"https:\/\/carnitec.com\/lv\/products\/busch-vakuumsuknis-r5-rb-rc-0021-c\/","og_site_name":"Carnitec","article_publisher":"https:\/\/facebook.com\/carnitec1","og_image":[{"width":800,"height":800,"url":"https:\/\/carnitec.com\/wp-content\/uploads\/2022\/01\/busch_R5RBRC0021C.jpg","type":"image\/jpeg"}],"twitter_card":"summary","twitter_site":"@carnitec_","twitter_misc":{"Est. reading time":"2 min\u016btes"},"schema":{"@context":"https:\/\/schema.org","@graph":[{"@type":"WebPage","@id":"https:\/\/carnitec.com\/lv\/products\/busch-vakuumsuknis-r5-rb-rc-0021-c\/","url":"https:\/\/carnitec.com\/lv\/products\/busch-vakuumsuknis-r5-rb-rc-0021-c\/","name":"Busch vakuums\u016bknis R5 RB\/RC 0021 C - Carnitec","isPartOf":{"@id":"https:\/\/carnitec.com\/lv\/#website"},"datePublished":"2022-01-05T08:12:53+00:00","dateModified":"2022-01-05T08:12:53+00:00","description":"Busch vakuums\u016bknis p\u0101rtikas p\u0101rstr\u0101dei, ga\u013cas pildvielas, iepako\u0161ana, naudas iepako\u0161ana, papl\u0101\u0161u aizz\u012bmogo\u0161ana \u2713 Lab\u0101k\u0101s cenas \u2713 Tehniskais atbalsts \u2708 Pieg\u0101de","breadcrumb":{"@id":"https:\/\/carnitec.com\/lv\/products\/busch-vakuumsuknis-r5-rb-rc-0021-c\/#breadcrumb"},"inLanguage":"lv-LV","potentialAction":[{"@type":"ReadAction","target":["https:\/\/carnitec.com\/lv\/products\/busch-vakuumsuknis-r5-rb-rc-0021-c\/"]}]},{"@type":"BreadcrumbList","@id":"https:\/\/carnitec.com\/lv\/products\/busch-vakuumsuknis-r5-rb-rc-0021-c\/#breadcrumb","itemListElement":[{"@type":"ListItem","position":1,"name":"\u0413\u043b\u0430\u0432\u043d\u0430\u044f \u0441\u0442\u0440\u0430\u043d\u0438\u0446\u0430","item":"https:\/\/carnitec.com\/lv\/"},{"@type":"ListItem","position":2,"name":"\u0422\u043e\u0432\u0430\u0440\u044b","item":"https:\/\/carnitec.com\/shop\/"},{"@type":"ListItem","position":3,"name":"Busch vakuums\u016bknis R5 RB\/RC 0021 C"}]},{"@type":"WebSite","@id":"https:\/\/carnitec.com\/lv\/#website","url":"https:\/\/carnitec.com\/lv\/","name":"Carnitec","description":"P\u0101rtikas r\u016bpniec\u012bbas iek\u0101rtas","publisher":{"@id":"https:\/\/carnitec.com\/lv\/#organization"},"potentialAction":[{"@type":"SearchAction","target":{"@type":"EntryPoint","urlTemplate":"https:\/\/carnitec.com\/lv\/?s={search_term_string}"},"query-input":"required name=search_term_string"}],"inLanguage":"lv-LV"},{"@type":"Organization","@id":"https:\/\/carnitec.com\/lv\/#organization","name":"Carnitec - food processing equipment","url":"https:\/\/carnitec.com\/lv\/","sameAs":["https:\/\/www.instagram.com\/carnitec\/?hl=en","https:\/\/www.linkedin.com\/company\/carnitec-ltd\/","https:\/\/www.youtube.com\/channel\/UCwfiuJujkF2QxPPZAqB0T2w","https:\/\/facebook.com\/carnitec1","https:\/\/twitter.com\/carnitec_"],"logo":{"@type":"ImageObject","inLanguage":"lv-LV","@id":"https:\/\/carnitec.com\/lv\/#\/schema\/logo\/image\/","url":"http:\/\/carnitec.com\/wp-content\/uploads\/2018\/01\/carnitec_logo_2018.png","contentUrl":"http:\/\/carnitec.com\/wp-content\/uploads\/2018\/01\/carnitec_logo_2018.png","width":180,"height":50,"caption":"Carnitec - food processing equipment"},"image":{"@id":"https:\/\/carnitec.com\/lv\/#\/schema\/logo\/image\/"}}]}},"_links":{"self":[{"href":"https:\/\/carnitec.com\/lv\/wp-json\/wp\/v2\/product\/49876"}],"collection":[{"href":"https:\/\/carnitec.com\/lv\/wp-json\/wp\/v2\/product"}],"about":[{"href":"https:\/\/carnitec.com\/lv\/wp-json\/wp\/v2\/types\/product"}],"wp:featuredmedia":[{"embeddable":true,"href":"https:\/\/carnitec.com\/lv\/wp-json\/wp\/v2\/media\/49869"}],"wp:attachment":[{"href":"https:\/\/carnitec.com\/lv\/wp-json\/wp\/v2\/media?parent=49876"}],"wp:term":[{"taxonomy":"product_cat","embeddable":true,"href":"https:\/\/carnitec.com\/lv\/wp-json\/wp\/v2\/product_cat?post=49876"},{"taxonomy":"product_tag","embeddable":true,"href":"https:\/\/carnitec.com\/lv\/wp-json\/wp\/v2\/product_tag?post=49876"}],"curies":[{"name":"wp","href":"https:\/\/api.w.org\/{rel}","templated":true}]}}