{"id":47661,"date":"2021-12-27T10:46:11","date_gmt":"2021-12-27T08:46:11","guid":{"rendered":"https:\/\/staging1.carnitec.com\/?post_type=product&#038;p=47661"},"modified":"2021-12-27T10:46:43","modified_gmt":"2021-12-27T08:46:43","slug":"hidrauliskas-knaibles-priekskaju-un-ragu-nogriesanai-efa-z-12","status":"publish","type":"product","link":"https:\/\/carnitec.com\/lv\/products\/hidrauliskas-knaibles-priekskaju-un-ragu-nogriesanai-efa-z-12\/","title":{"rendered":"Hidrauliskas knaibles priek\u0161k\u0101ju un ragu nogrie\u0161anai EFA Z 12"},"content":{"rendered":"<h2>Hidrauliskas knaibles priek\u0161k\u0101ju un ragu nogrie\u0161anai<\/h2>\n<p>\u2022 Ragu un k\u0101ju griez\u0113js ar augstu aizv\u0113r\u0161anas spiedienu liellopiem; vid\u0113ja un liela uz\u0146\u0113mumiem.<br \/>\n\u2022 Augsta efektivit\u0101te<br \/>\n\u2022 Vienk\u0101r\u0161a un dro\u0161a lieto\u0161ana ar pretnostiprin\u0101\u0161anas vad\u012bbas ier\u012bc\u0113m<br \/>\n\u2022 Nogrieziet tuvu galvai, lai bez probl\u0113m\u0101m var\u0113tu noberzt \u0101du<br \/>\n\u2022 Visas \u0101r\u0113j\u0101s da\u013cas ir izgatavotas no ner\u016bs\u0113jo\u0161a materi\u0101la<br \/>\n\u2022 Vislab\u0101k piem\u0113rots priek\u0161\u0113jo k\u0101ju no\u0146em\u0161anai un nogrie\u0161anai<br \/>\n\u2022 Elektrisk\u0101 vai gaisa darbin\u0101m\u0101 hidraulisk\u0101 iek\u0101rta<\/p>\n<p>Griez\u0113ja atv\u0113rums 12 cm<br \/>\nAizv\u0113r\u0161anas laiks 3 sek<br \/>\nS\u016bk\u0146a svars 48 kg<br \/>\nAizv\u0113r\u0161anas spiediens maks. 55,900 N<br \/>\nGriez\u0113ja svars 27 kg<br \/>\ngaisa pat\u0113ri\u0146\u0161 \/ slodze 5-8 bar<br \/>\ndarba spriegums 230\/400 V, 3 f\u0101\u017eu str\u0101va, 50 cikli,<\/p>\n<p>Art. 008004998<\/p>\n<p><strong>Komplekt\u0101:<\/strong><br \/>\n001972463 Hidraulisks agreg\u0101ts 230\/400 V, 50\/60 Hz, 200 b\u0101ri<br \/>\n001365614 Hidrauliska e\u013c\u013ca 20 l<br \/>\n008005181 \u0160\u013c\u016bte\u0146u bloks 5m<br \/>\n001620052 Atsperes piedzi\u0146a, 20-30kg, kabe\u013cu sprauga, 2m<\/p>\n<p><iframe loading=\"lazy\" title=\"EFA Z 12 konv\" width=\"640\" height=\"360\" src=\"https:\/\/www.youtube.com\/embed\/QAhVE_2ihaA?feature=oembed\" frameborder=\"0\" allow=\"accelerometer; autoplay; clipboard-write; encrypted-media; gyroscope; picture-in-picture\" allowfullscreen><\/iframe><\/p>\n<p>&nbsp;<\/p>\n","protected":false},"excerpt":{"rendered":"<div class=\"single-des\">\n<p>\u2022 Ragu un k\u0101ju griez\u0113js ar augstu aizv\u0113r\u0161anas spiedienu liellopiem; vid\u0113ja un liela uz\u0146\u0113mumiem.<br \/>\n\u2022 Augsta efektivit\u0101te<br \/>\n\u2022 Vienk\u0101r\u0161a un dro\u0161a lieto\u0161ana ar pretnostiprin\u0101\u0161anas vad\u012bbas ier\u012bc\u0113m<br \/>\n\u2022 Nogrieziet tuvu galvai, lai bez probl\u0113m\u0101m var\u0113tu noberzt \u0101du<br \/>\n\u2022 Visas \u0101r\u0113j\u0101s da\u013cas ir izgatavotas no ner\u016bs\u0113jo\u0161a materi\u0101la<br \/>\n\u2022 Vislab\u0101k piem\u0113rots priek\u0161\u0113jo k\u0101ju no\u0146em\u0161anai un nogrie\u0161anai<br \/>\n\u2022 Elektrisk\u0101 vai gaisa darbin\u0101m\u0101 hidraulisk\u0101 iek\u0101rta<\/p>\n<\/div>\n","protected":false},"featured_media":47659,"template":"","meta":{"content-type":"","_monsterinsights_skip_tracking":false,"_monsterinsights_sitenote_active":false,"_monsterinsights_sitenote_note":"","_monsterinsights_sitenote_category":0},"product_cat":[951],"product_tag":[4256,1766,4257,2719],"yoast_head":"<!-- This site is optimized with the Yoast SEO plugin v19.5.1 - https:\/\/yoast.com\/wordpress\/plugins\/seo\/ -->\n<title>Hidrauliskas knaibles priek\u0161k\u0101ju un ragu nogrie\u0161anai EFA Z 12 - Carnitec<\/title>\n<meta name=\"description\" content=\"Hidrauliskas knaibles priek\u0161k\u0101ju un ragu nogrie\u0161anai EFA Z 12\" \/>\n<meta name=\"robots\" content=\"index, follow, max-snippet:-1, max-image-preview:large, max-video-preview:-1\" \/>\n<link rel=\"canonical\" href=\"https:\/\/carnitec.com\/lv\/products\/hidrauliskas-knaibles-priekskaju-un-ragu-nogriesanai-efa-z-12\/\" \/>\n<meta property=\"og:locale\" content=\"lv_LV\" \/>\n<meta property=\"og:type\" content=\"article\" \/>\n<meta property=\"og:title\" content=\"Hidrauliskas knaibles priek\u0161k\u0101ju un ragu nogrie\u0161anai EFA Z 12 - Carnitec\" \/>\n<meta property=\"og:description\" content=\"Hidrauliskas knaibles priek\u0161k\u0101ju un ragu nogrie\u0161anai EFA Z 12\" \/>\n<meta property=\"og:url\" content=\"https:\/\/carnitec.com\/lv\/products\/hidrauliskas-knaibles-priekskaju-un-ragu-nogriesanai-efa-z-12\/\" \/>\n<meta property=\"og:site_name\" content=\"Carnitec\" \/>\n<meta property=\"article:publisher\" content=\"https:\/\/facebook.com\/carnitec1\" \/>\n<meta property=\"article:modified_time\" content=\"2021-12-27T08:46:43+00:00\" \/>\n<meta property=\"og:image\" content=\"https:\/\/carnitec.com\/wp-content\/uploads\/2021\/12\/efa_z12.jpeg\" \/>\n\t<meta property=\"og:image:width\" content=\"700\" \/>\n\t<meta property=\"og:image:height\" content=\"700\" \/>\n\t<meta property=\"og:image:type\" content=\"image\/jpeg\" \/>\n<meta name=\"twitter:card\" content=\"summary\" \/>\n<meta name=\"twitter:site\" content=\"@carnitec_\" \/>\n<meta name=\"twitter:label1\" content=\"Est. reading time\" \/>\n\t<meta name=\"twitter:data1\" content=\"1 min\u016b\u0161u\" \/>\n<script type=\"application\/ld+json\" class=\"yoast-schema-graph\">{\"@context\":\"https:\/\/schema.org\",\"@graph\":[{\"@type\":\"WebPage\",\"@id\":\"https:\/\/carnitec.com\/lv\/products\/hidrauliskas-knaibles-priekskaju-un-ragu-nogriesanai-efa-z-12\/\",\"url\":\"https:\/\/carnitec.com\/lv\/products\/hidrauliskas-knaibles-priekskaju-un-ragu-nogriesanai-efa-z-12\/\",\"name\":\"Hidrauliskas knaibles priek\u0161k\u0101ju un ragu nogrie\u0161anai EFA Z 12 - Carnitec\",\"isPartOf\":{\"@id\":\"https:\/\/carnitec.com\/lv\/#website\"},\"datePublished\":\"2021-12-27T08:46:11+00:00\",\"dateModified\":\"2021-12-27T08:46:43+00:00\",\"description\":\"Hidrauliskas knaibles priek\u0161k\u0101ju un ragu nogrie\u0161anai EFA Z 12\",\"breadcrumb\":{\"@id\":\"https:\/\/carnitec.com\/lv\/products\/hidrauliskas-knaibles-priekskaju-un-ragu-nogriesanai-efa-z-12\/#breadcrumb\"},\"inLanguage\":\"lv-LV\",\"potentialAction\":[{\"@type\":\"ReadAction\",\"target\":[\"https:\/\/carnitec.com\/lv\/products\/hidrauliskas-knaibles-priekskaju-un-ragu-nogriesanai-efa-z-12\/\"]}]},{\"@type\":\"BreadcrumbList\",\"@id\":\"https:\/\/carnitec.com\/lv\/products\/hidrauliskas-knaibles-priekskaju-un-ragu-nogriesanai-efa-z-12\/#breadcrumb\",\"itemListElement\":[{\"@type\":\"ListItem\",\"position\":1,\"name\":\"\u0413\u043b\u0430\u0432\u043d\u0430\u044f \u0441\u0442\u0440\u0430\u043d\u0438\u0446\u0430\",\"item\":\"https:\/\/carnitec.com\/lv\/\"},{\"@type\":\"ListItem\",\"position\":2,\"name\":\"\u0422\u043e\u0432\u0430\u0440\u044b\",\"item\":\"https:\/\/carnitec.com\/shop\/\"},{\"@type\":\"ListItem\",\"position\":3,\"name\":\"Hidrauliskas knaibles priek\u0161k\u0101ju un ragu nogrie\u0161anai EFA Z 12\"}]},{\"@type\":\"WebSite\",\"@id\":\"https:\/\/carnitec.com\/lv\/#website\",\"url\":\"https:\/\/carnitec.com\/lv\/\",\"name\":\"Carnitec\",\"description\":\"P\u0101rtikas r\u016bpniec\u012bbas iek\u0101rtas\",\"publisher\":{\"@id\":\"https:\/\/carnitec.com\/lv\/#organization\"},\"potentialAction\":[{\"@type\":\"SearchAction\",\"target\":{\"@type\":\"EntryPoint\",\"urlTemplate\":\"https:\/\/carnitec.com\/lv\/?s={search_term_string}\"},\"query-input\":\"required name=search_term_string\"}],\"inLanguage\":\"lv-LV\"},{\"@type\":\"Organization\",\"@id\":\"https:\/\/carnitec.com\/lv\/#organization\",\"name\":\"Carnitec - food processing equipment\",\"url\":\"https:\/\/carnitec.com\/lv\/\",\"sameAs\":[\"https:\/\/www.instagram.com\/carnitec\/?hl=en\",\"https:\/\/www.linkedin.com\/company\/carnitec-ltd\/\",\"https:\/\/www.youtube.com\/channel\/UCwfiuJujkF2QxPPZAqB0T2w\",\"https:\/\/facebook.com\/carnitec1\",\"https:\/\/twitter.com\/carnitec_\"],\"logo\":{\"@type\":\"ImageObject\",\"inLanguage\":\"lv-LV\",\"@id\":\"https:\/\/carnitec.com\/lv\/#\/schema\/logo\/image\/\",\"url\":\"http:\/\/carnitec.com\/wp-content\/uploads\/2018\/01\/carnitec_logo_2018.png\",\"contentUrl\":\"http:\/\/carnitec.com\/wp-content\/uploads\/2018\/01\/carnitec_logo_2018.png\",\"width\":180,\"height\":50,\"caption\":\"Carnitec - food processing equipment\"},\"image\":{\"@id\":\"https:\/\/carnitec.com\/lv\/#\/schema\/logo\/image\/\"}}]}<\/script>\n<!-- \/ Yoast SEO plugin. -->","yoast_head_json":{"title":"Hidrauliskas knaibles priek\u0161k\u0101ju un ragu nogrie\u0161anai EFA Z 12 - Carnitec","description":"Hidrauliskas knaibles priek\u0161k\u0101ju un ragu nogrie\u0161anai EFA Z 12","robots":{"index":"index","follow":"follow","max-snippet":"max-snippet:-1","max-image-preview":"max-image-preview:large","max-video-preview":"max-video-preview:-1"},"canonical":"https:\/\/carnitec.com\/lv\/products\/hidrauliskas-knaibles-priekskaju-un-ragu-nogriesanai-efa-z-12\/","og_locale":"lv_LV","og_type":"article","og_title":"Hidrauliskas knaibles priek\u0161k\u0101ju un ragu nogrie\u0161anai EFA Z 12 - Carnitec","og_description":"Hidrauliskas knaibles priek\u0161k\u0101ju un ragu nogrie\u0161anai EFA Z 12","og_url":"https:\/\/carnitec.com\/lv\/products\/hidrauliskas-knaibles-priekskaju-un-ragu-nogriesanai-efa-z-12\/","og_site_name":"Carnitec","article_publisher":"https:\/\/facebook.com\/carnitec1","article_modified_time":"2021-12-27T08:46:43+00:00","og_image":[{"width":700,"height":700,"url":"https:\/\/carnitec.com\/wp-content\/uploads\/2021\/12\/efa_z12.jpeg","type":"image\/jpeg"}],"twitter_card":"summary","twitter_site":"@carnitec_","twitter_misc":{"Est. reading time":"1 min\u016b\u0161u"},"schema":{"@context":"https:\/\/schema.org","@graph":[{"@type":"WebPage","@id":"https:\/\/carnitec.com\/lv\/products\/hidrauliskas-knaibles-priekskaju-un-ragu-nogriesanai-efa-z-12\/","url":"https:\/\/carnitec.com\/lv\/products\/hidrauliskas-knaibles-priekskaju-un-ragu-nogriesanai-efa-z-12\/","name":"Hidrauliskas knaibles priek\u0161k\u0101ju un ragu nogrie\u0161anai EFA Z 12 - Carnitec","isPartOf":{"@id":"https:\/\/carnitec.com\/lv\/#website"},"datePublished":"2021-12-27T08:46:11+00:00","dateModified":"2021-12-27T08:46:43+00:00","description":"Hidrauliskas knaibles priek\u0161k\u0101ju un ragu nogrie\u0161anai EFA Z 12","breadcrumb":{"@id":"https:\/\/carnitec.com\/lv\/products\/hidrauliskas-knaibles-priekskaju-un-ragu-nogriesanai-efa-z-12\/#breadcrumb"},"inLanguage":"lv-LV","potentialAction":[{"@type":"ReadAction","target":["https:\/\/carnitec.com\/lv\/products\/hidrauliskas-knaibles-priekskaju-un-ragu-nogriesanai-efa-z-12\/"]}]},{"@type":"BreadcrumbList","@id":"https:\/\/carnitec.com\/lv\/products\/hidrauliskas-knaibles-priekskaju-un-ragu-nogriesanai-efa-z-12\/#breadcrumb","itemListElement":[{"@type":"ListItem","position":1,"name":"\u0413\u043b\u0430\u0432\u043d\u0430\u044f \u0441\u0442\u0440\u0430\u043d\u0438\u0446\u0430","item":"https:\/\/carnitec.com\/lv\/"},{"@type":"ListItem","position":2,"name":"\u0422\u043e\u0432\u0430\u0440\u044b","item":"https:\/\/carnitec.com\/shop\/"},{"@type":"ListItem","position":3,"name":"Hidrauliskas knaibles priek\u0161k\u0101ju un ragu nogrie\u0161anai EFA Z 12"}]},{"@type":"WebSite","@id":"https:\/\/carnitec.com\/lv\/#website","url":"https:\/\/carnitec.com\/lv\/","name":"Carnitec","description":"P\u0101rtikas r\u016bpniec\u012bbas iek\u0101rtas","publisher":{"@id":"https:\/\/carnitec.com\/lv\/#organization"},"potentialAction":[{"@type":"SearchAction","target":{"@type":"EntryPoint","urlTemplate":"https:\/\/carnitec.com\/lv\/?s={search_term_string}"},"query-input":"required name=search_term_string"}],"inLanguage":"lv-LV"},{"@type":"Organization","@id":"https:\/\/carnitec.com\/lv\/#organization","name":"Carnitec - food processing equipment","url":"https:\/\/carnitec.com\/lv\/","sameAs":["https:\/\/www.instagram.com\/carnitec\/?hl=en","https:\/\/www.linkedin.com\/company\/carnitec-ltd\/","https:\/\/www.youtube.com\/channel\/UCwfiuJujkF2QxPPZAqB0T2w","https:\/\/facebook.com\/carnitec1","https:\/\/twitter.com\/carnitec_"],"logo":{"@type":"ImageObject","inLanguage":"lv-LV","@id":"https:\/\/carnitec.com\/lv\/#\/schema\/logo\/image\/","url":"http:\/\/carnitec.com\/wp-content\/uploads\/2018\/01\/carnitec_logo_2018.png","contentUrl":"http:\/\/carnitec.com\/wp-content\/uploads\/2018\/01\/carnitec_logo_2018.png","width":180,"height":50,"caption":"Carnitec - food processing equipment"},"image":{"@id":"https:\/\/carnitec.com\/lv\/#\/schema\/logo\/image\/"}}]}},"_links":{"self":[{"href":"https:\/\/carnitec.com\/lv\/wp-json\/wp\/v2\/product\/47661"}],"collection":[{"href":"https:\/\/carnitec.com\/lv\/wp-json\/wp\/v2\/product"}],"about":[{"href":"https:\/\/carnitec.com\/lv\/wp-json\/wp\/v2\/types\/product"}],"wp:featuredmedia":[{"embeddable":true,"href":"https:\/\/carnitec.com\/lv\/wp-json\/wp\/v2\/media\/47659"}],"wp:attachment":[{"href":"https:\/\/carnitec.com\/lv\/wp-json\/wp\/v2\/media?parent=47661"}],"wp:term":[{"taxonomy":"product_cat","embeddable":true,"href":"https:\/\/carnitec.com\/lv\/wp-json\/wp\/v2\/product_cat?post=47661"},{"taxonomy":"product_tag","embeddable":true,"href":"https:\/\/carnitec.com\/lv\/wp-json\/wp\/v2\/product_tag?post=47661"}],"curies":[{"name":"wp","href":"https:\/\/api.w.org\/{rel}","templated":true}]}}