{"id":46843,"date":"2021-12-19T14:47:01","date_gmt":"2021-12-19T12:47:01","guid":{"rendered":"http:\/\/carnitec.com\/?post_type=product&#038;p=46843"},"modified":"2026-02-04T10:09:23","modified_gmt":"2026-02-04T08:09:23","slug":"automatiska-lasa-ada-nonemsanas-iekarta-esb-4434-2","status":"publish","type":"product","link":"https:\/\/carnitec.com\/lv\/products\/automatiska-lasa-ada-nonemsanas-iekarta-esb-4434-2\/","title":{"rendered":"Autom\u0101tisk\u0101 la\u0161a \u0101da no\u0146em\u0161anas iek\u0101rta ESB 4434\/2"},"content":{"rendered":"<p><strong>MAJA ESB 4434 La\u0161a fileju \u0101das no\u0146\u0113m\u0113js<\/strong><\/p>\n<p>Tehnolo\u0123ija, kas darbojas tie\u0161i zem \u0101das<\/p>\n<p>Ra\u017e\u012bbas palielin\u0101jums ar patent\u0113tu dzi\u013co \u0101das no\u0146em\u0161anu Dro\u0161a fileju \u0101das no\u0146em\u0161ana ar konveijera sist\u0113mu Augsta \u0101das no\u0146em\u0161anas kvalit\u0101te \u2013 nav nepiecie\u0161ama p\u0113capstr\u0101de Saudz\u012bga jut\u012bgu fileju apstr\u0101de<\/p>\n<p><iframe loading=\"lazy\" title=\"MAJA Salmon Skinner ESB 4434\" width=\"640\" height=\"360\" src=\"https:\/\/www.youtube.com\/embed\/UwdldMbLIOE?feature=oembed\" frameborder=\"0\" allow=\"accelerometer; autoplay; clipboard-write; encrypted-media; gyroscope; picture-in-picture; web-share\" referrerpolicy=\"strict-origin-when-cross-origin\" allowfullscreen><\/iframe><\/p>\n<h3 id=\"inform-cija\">Inform\u0101cija<\/h3>\n<p><strong>Daudzpus\u012bgs pielietojums<\/strong><\/p>\n<p>MAJA ESB 4434\/2 s\u0113rijas konveijera tipa la\u0161a \u0101das no\u0146\u0113m\u0113ji ir paredz\u0113ti dro\u0161ai un uz ra\u017e\u012bbu orient\u0113tai svaigu un k\u016bpin\u0101tu la\u0161a fileju \u0101das no\u0146em\u0161anai. Da\u017e\u0101das iek\u0101rtu versijas \u013cauj izv\u0113l\u0113ties optim\u0101lu risin\u0101jumu atbilsto\u0161i konkr\u0113t\u0101m produktu pras\u012bb\u0101m.<\/p>\n<h3 id=\"maja-griezuma-kontrole-versija-a-\">MAJA griezuma kontrole (versija A)<\/h3>\n<p>Autom\u0101tisk\u0101 griezuma kontrole nodro\u0161ina ide\u0101lu \u0101das no\u0146em\u0161anas procesa s\u0101kumu autom\u0101tisk\u0101 l\u012bnijas darb\u012bb\u0101, neatst\u0101jot \u0101das paliekas uz filejas. Tas praktiski nov\u0113r\u0161 manu\u0101lu p\u0113capstr\u0101di, ietaupa laiku, samazina darbasp\u0113ka izmaksas un uzlabo produkta higi\u0113nu.<\/p>\n<h3 id=\"ra-bas-palielin-jums-ar-maja-patent-to-dzi-o-das-no-em-anu-versija-p-\">Ra\u017e\u012bbas palielin\u0101jums ar MAJA patent\u0113to dzi\u013co \u0101das no\u0146em\u0161anu (versija P)<\/h3>\n<p>Ar speci\u0101li izstr\u0101d\u0101to zobu veltni kop\u0101 ar \u0101du tiek no\u0146emta tikai da\u013ca no br\u016bn\u0101 tauku sl\u0101\u0146a. Blakus eso\u0161\u0101 lies\u0101 ga\u013ca filejas labaj\u0101 un kreisaj\u0101 pus\u0113 paliek neskarta. \u0160\u012b tehnolo\u0123ija nodro\u0161ina augst\u0101k\u0101s kvalit\u0101tes filejas un var palielin\u0101t izn\u0101kumu l\u012bdz pat 3%.<\/p>\n<h3 id=\"priek-roc-bas\">Priek\u0161roc\u012bbas<\/h3>\n<ul>\n<li>Produktu caurlaid\u012bba l\u012bdz 10 tonn\u0101m 8 stund\u0101s<\/li>\n<li>\u0100das biezums individu\u0101li regul\u0113jams ar s\u0101nu regul\u0113\u0161anas sviru<\/li>\n<li>Vienk\u0101r\u0161s \u0101das no\u0146em\u0161anas process, iesp\u0113jams ar\u012b neapm\u0101c\u012btam person\u0101lam<\/li>\n<li>Atsperu slodzes, ar gaisu pild\u012bts spiediena veltnis autom\u0101tiski piel\u0101go spiedienu jut\u012bg\u0101m filej\u0101m, \u0146emot v\u0113r\u0101 katra produkta augstumu<\/li>\n<li>\u016adens smidzin\u0101\u0161anas ier\u012bce \u0101das atlieku noskalo\u0161anai no apstr\u0101des zonas p\u0113c nepiecie\u0161am\u012bbas<\/li>\n<li>Univers\u0101la izmanto\u0161ana k\u0101 atsevi\u0161\u0137a iek\u0101rta vai integr\u0101cijai zivju apstr\u0101des l\u012bnij\u0101s<\/li>\n<li>Augsts operatora dro\u0161\u012bbas l\u012bmenis saska\u0146\u0101 ar CE standartu EN 12355 konveijera tipa \u0101das no\u0146\u0113m\u0113jiem<\/li>\n<li>Iztur\u012bga un viegli t\u012br\u0101ma konstrukcija ide\u0101lai higi\u0113nai \u2013 visas t\u012br\u0101m\u0101s deta\u013cas no\u0146emamas \u0101tri un bez instrumentiem<\/li>\n<\/ul>\n<h3 id=\"tehniskie-dati\">Tehniskie dati<\/h3>\n<table>\n<thead>\n<tr>\n<th><\/th>\n<th>MAJA ESB 4434\/2P<\/th>\n<th>MAJA ESB 4434\/2A \/ 2PA<\/th>\n<\/tr>\n<\/thead>\n<tbody>\n<tr>\n<td>Grie\u0161anas platums<\/td>\n<td>434 mm<\/td>\n<td>434 mm<\/td>\n<\/tr>\n<tr>\n<td>Iek\u0101rtas platums (ar regul\u0113\u0161anas rokturiem)<\/td>\n<td>853 mm<\/td>\n<td>853 mm<\/td>\n<\/tr>\n<tr>\n<td>Iek\u0101rtas dzi\u013cums (horizont\u0101la lentes poz\u012bcija)<\/td>\n<td>1687\u20131757 mm<\/td>\n<td>1967\u20132037 mm<\/td>\n<\/tr>\n<tr>\n<td>Iek\u0101rtas augstums<\/td>\n<td>1243 mm<\/td>\n<td>1243 mm<\/td>\n<\/tr>\n<tr>\n<td>Elektriskais piesl\u0113gums<\/td>\n<td>400V \/ 50Hz \/ 3AC<\/td>\n<td>400V \/ 50Hz \/ 3AC<\/td>\n<\/tr>\n<tr>\n<td>Jauda<\/td>\n<td>0,75 kW<\/td>\n<td>0,75 kW<\/td>\n<\/tr>\n<tr>\n<td>Svars<\/td>\n<td>247 kg<\/td>\n<td>255 kg<\/td>\n<\/tr>\n<\/tbody>\n<\/table>\n<hr \/>\n<h3 id=\"versijas\">Versijas<\/h3>\n<p><strong>ESB 4434\/2P<\/strong> \u2013 ar MAJA dzi\u013c\u0101s \u0101das no\u0146em\u0161anas sist\u0113mu uz ra\u017e\u012bbu orient\u0113tai augst\u0101k\u0101s kvalit\u0101tes produktu apstr\u0101dei <strong>ESB 4434\/2A<\/strong> \u2013 ar autom\u0101tisko griezuma kontroli optim\u0101liem \u0101das no\u0146em\u0161anas rezult\u0101tiem l\u012bnij\u0101s, sudrab\u0101das no\u0146em\u0161anai un dzi\u013cai \u0101das no\u0146em\u0161anai pa visu filejas virsmu <strong>ESB 4434\/2PA<\/strong> \u2013 ide\u0101ls risin\u0101jums inline dzi\u013cai la\u0161a \u0101das no\u0146em\u0161anai, apvienojot MAJA dzi\u013c\u0101s \u0101das no\u0146em\u0161anas sist\u0113mu ar autom\u0101tisko griezuma kontroli<\/p>\n<hr \/>\n<h3 id=\"piederumi\">Piederumi<\/h3>\n<p><strong>T\u012br\u012b\u0161anas rati\u0146i<\/strong> \u2013 ar speci\u0101liem stiprin\u0101jumiem \u0113rtai higi\u0113nai noz\u012bm\u012bgo deta\u013cu t\u012br\u012b\u0161anai (piem\u0113ram, konveijera lent\u0113m, spiediena veltnim, na\u017ea tur\u0113t\u0101jam u.c.)<\/p>\n<p><strong>Zobu velt\u0146a m\u0113r\u012bt\u0101js<\/strong> \u2013 \u0113rts instruments, lai regul\u0101ri p\u0101rbaud\u012btu zobu velt\u0146a st\u0101vokli un nodro\u0161in\u0101tu stabilu \u0101das no\u0146em\u0161anas izn\u0101kumu.<\/p>\n","protected":false},"excerpt":{"rendered":"<p>Svaigas un k\u016bpin\u0101tas la\u0161a filejas \u0101das no\u0146em\u0161anai vislab\u0101k piem\u0113rota MAJA la\u0161a \u0101das no\u0146em\u0161anas ma\u0161\u012bna ESB 4434\/2. Ir iesp\u0113jams no\u0146emt tikai mizu vai ar\u012b br\u016bnos taukus no\u0146emt ar k\u0101du sarkanu ga\u013cu (dzi\u013ca \u0101das no\u0146em\u0161ana).<\/p>\n","protected":false},"featured_media":387383,"template":"","meta":{"content-type":"","_monsterinsights_skip_tracking":false,"_monsterinsights_sitenote_active":false,"_monsterinsights_sitenote_note":"","_monsterinsights_sitenote_category":0},"product_cat":[942],"product_tag":[4194],"yoast_head":"<!-- This site is optimized with the Yoast SEO plugin v19.5.1 - https:\/\/yoast.com\/wordpress\/plugins\/seo\/ -->\n<title>Autom\u0101tisk\u0101 la\u0161a \u0101da no\u0146em\u0161anas iek\u0101rta ESB 4434\/2 - Carnitec<\/title>\n<meta name=\"description\" content=\"Svaigas un k\u016bpin\u0101tas la\u0161a filejas \u0101das no\u0146em\u0161anai vislab\u0101k piem\u0113rota MAJA la\u0161a \u0101das no\u0146em\u0161anas ma\u0161\u012bna ESB 4434\/2. Ir iesp\u0113jams no\u0146emt tikai mizu vai ar\u012b br\u016bnos taukus no\u0146emt ar k\u0101du sarkanu ga\u013cu (dzi\u013ca \u0101das no\u0146em\u0161ana).\" \/>\n<meta name=\"robots\" content=\"index, follow, max-snippet:-1, max-image-preview:large, max-video-preview:-1\" \/>\n<link rel=\"canonical\" href=\"https:\/\/carnitec.com\/lv\/products\/automatiska-lasa-ada-nonemsanas-iekarta-esb-4434-2\/\" \/>\n<meta property=\"og:locale\" content=\"lv_LV\" \/>\n<meta property=\"og:type\" content=\"article\" \/>\n<meta property=\"og:title\" content=\"Autom\u0101tisk\u0101 la\u0161a \u0101da no\u0146em\u0161anas iek\u0101rta ESB 4434\/2 - Carnitec\" \/>\n<meta property=\"og:description\" content=\"Svaigas un k\u016bpin\u0101tas la\u0161a filejas \u0101das no\u0146em\u0161anai vislab\u0101k piem\u0113rota MAJA la\u0161a \u0101das no\u0146em\u0161anas ma\u0161\u012bna ESB 4434\/2. Ir iesp\u0113jams no\u0146emt tikai mizu vai ar\u012b br\u016bnos taukus no\u0146emt ar k\u0101du sarkanu ga\u013cu (dzi\u013ca \u0101das no\u0146em\u0161ana).\" \/>\n<meta property=\"og:url\" content=\"https:\/\/carnitec.com\/lv\/products\/automatiska-lasa-ada-nonemsanas-iekarta-esb-4434-2\/\" \/>\n<meta property=\"og:site_name\" content=\"Carnitec\" \/>\n<meta property=\"article:publisher\" content=\"https:\/\/facebook.com\/carnitec1\" \/>\n<meta property=\"article:modified_time\" content=\"2026-02-04T08:09:23+00:00\" \/>\n<meta property=\"og:image\" content=\"https:\/\/carnitec.com\/wp-content\/uploads\/2021\/12\/majaesb2026.jpg\" \/>\n\t<meta property=\"og:image:width\" content=\"800\" \/>\n\t<meta property=\"og:image:height\" content=\"800\" \/>\n\t<meta property=\"og:image:type\" content=\"image\/jpeg\" \/>\n<meta name=\"twitter:card\" content=\"summary\" \/>\n<meta name=\"twitter:site\" content=\"@carnitec_\" \/>\n<meta name=\"twitter:label1\" content=\"Est. reading time\" \/>\n\t<meta name=\"twitter:data1\" content=\"3 min\u016btes\" \/>\n<script type=\"application\/ld+json\" class=\"yoast-schema-graph\">{\"@context\":\"https:\/\/schema.org\",\"@graph\":[{\"@type\":\"WebPage\",\"@id\":\"https:\/\/carnitec.com\/lv\/products\/automatiska-lasa-ada-nonemsanas-iekarta-esb-4434-2\/\",\"url\":\"https:\/\/carnitec.com\/lv\/products\/automatiska-lasa-ada-nonemsanas-iekarta-esb-4434-2\/\",\"name\":\"Autom\u0101tisk\u0101 la\u0161a \u0101da no\u0146em\u0161anas iek\u0101rta ESB 4434\/2 - Carnitec\",\"isPartOf\":{\"@id\":\"https:\/\/carnitec.com\/lv\/#website\"},\"datePublished\":\"2021-12-19T12:47:01+00:00\",\"dateModified\":\"2026-02-04T08:09:23+00:00\",\"description\":\"Svaigas un k\u016bpin\u0101tas la\u0161a filejas \u0101das no\u0146em\u0161anai vislab\u0101k piem\u0113rota MAJA la\u0161a \u0101das no\u0146em\u0161anas ma\u0161\u012bna ESB 4434\/2. Ir iesp\u0113jams no\u0146emt tikai mizu vai ar\u012b br\u016bnos taukus no\u0146emt ar k\u0101du sarkanu ga\u013cu (dzi\u013ca \u0101das no\u0146em\u0161ana).\",\"breadcrumb\":{\"@id\":\"https:\/\/carnitec.com\/lv\/products\/automatiska-lasa-ada-nonemsanas-iekarta-esb-4434-2\/#breadcrumb\"},\"inLanguage\":\"lv-LV\",\"potentialAction\":[{\"@type\":\"ReadAction\",\"target\":[\"https:\/\/carnitec.com\/lv\/products\/automatiska-lasa-ada-nonemsanas-iekarta-esb-4434-2\/\"]}]},{\"@type\":\"BreadcrumbList\",\"@id\":\"https:\/\/carnitec.com\/lv\/products\/automatiska-lasa-ada-nonemsanas-iekarta-esb-4434-2\/#breadcrumb\",\"itemListElement\":[{\"@type\":\"ListItem\",\"position\":1,\"name\":\"\u0413\u043b\u0430\u0432\u043d\u0430\u044f \u0441\u0442\u0440\u0430\u043d\u0438\u0446\u0430\",\"item\":\"https:\/\/carnitec.com\/lv\/\"},{\"@type\":\"ListItem\",\"position\":2,\"name\":\"\u0422\u043e\u0432\u0430\u0440\u044b\",\"item\":\"https:\/\/carnitec.com\/shop\/\"},{\"@type\":\"ListItem\",\"position\":3,\"name\":\"Autom\u0101tisk\u0101 la\u0161a \u0101da no\u0146em\u0161anas iek\u0101rta ESB 4434\/2\"}]},{\"@type\":\"WebSite\",\"@id\":\"https:\/\/carnitec.com\/lv\/#website\",\"url\":\"https:\/\/carnitec.com\/lv\/\",\"name\":\"Carnitec\",\"description\":\"P\u0101rtikas r\u016bpniec\u012bbas iek\u0101rtas\",\"publisher\":{\"@id\":\"https:\/\/carnitec.com\/lv\/#organization\"},\"potentialAction\":[{\"@type\":\"SearchAction\",\"target\":{\"@type\":\"EntryPoint\",\"urlTemplate\":\"https:\/\/carnitec.com\/lv\/?s={search_term_string}\"},\"query-input\":\"required name=search_term_string\"}],\"inLanguage\":\"lv-LV\"},{\"@type\":\"Organization\",\"@id\":\"https:\/\/carnitec.com\/lv\/#organization\",\"name\":\"Carnitec - food processing equipment\",\"url\":\"https:\/\/carnitec.com\/lv\/\",\"sameAs\":[\"https:\/\/www.instagram.com\/carnitec\/?hl=en\",\"https:\/\/www.linkedin.com\/company\/carnitec-ltd\/\",\"https:\/\/www.youtube.com\/channel\/UCwfiuJujkF2QxPPZAqB0T2w\",\"https:\/\/facebook.com\/carnitec1\",\"https:\/\/twitter.com\/carnitec_\"],\"logo\":{\"@type\":\"ImageObject\",\"inLanguage\":\"lv-LV\",\"@id\":\"https:\/\/carnitec.com\/lv\/#\/schema\/logo\/image\/\",\"url\":\"http:\/\/carnitec.com\/wp-content\/uploads\/2018\/01\/carnitec_logo_2018.png\",\"contentUrl\":\"http:\/\/carnitec.com\/wp-content\/uploads\/2018\/01\/carnitec_logo_2018.png\",\"width\":180,\"height\":50,\"caption\":\"Carnitec - food processing equipment\"},\"image\":{\"@id\":\"https:\/\/carnitec.com\/lv\/#\/schema\/logo\/image\/\"}}]}<\/script>\n<!-- \/ Yoast SEO plugin. -->","yoast_head_json":{"title":"Autom\u0101tisk\u0101 la\u0161a \u0101da no\u0146em\u0161anas iek\u0101rta ESB 4434\/2 - Carnitec","description":"Svaigas un k\u016bpin\u0101tas la\u0161a filejas \u0101das no\u0146em\u0161anai vislab\u0101k piem\u0113rota MAJA la\u0161a \u0101das no\u0146em\u0161anas ma\u0161\u012bna ESB 4434\/2. Ir iesp\u0113jams no\u0146emt tikai mizu vai ar\u012b br\u016bnos taukus no\u0146emt ar k\u0101du sarkanu ga\u013cu (dzi\u013ca \u0101das no\u0146em\u0161ana).","robots":{"index":"index","follow":"follow","max-snippet":"max-snippet:-1","max-image-preview":"max-image-preview:large","max-video-preview":"max-video-preview:-1"},"canonical":"https:\/\/carnitec.com\/lv\/products\/automatiska-lasa-ada-nonemsanas-iekarta-esb-4434-2\/","og_locale":"lv_LV","og_type":"article","og_title":"Autom\u0101tisk\u0101 la\u0161a \u0101da no\u0146em\u0161anas iek\u0101rta ESB 4434\/2 - Carnitec","og_description":"Svaigas un k\u016bpin\u0101tas la\u0161a filejas \u0101das no\u0146em\u0161anai vislab\u0101k piem\u0113rota MAJA la\u0161a \u0101das no\u0146em\u0161anas ma\u0161\u012bna ESB 4434\/2. Ir iesp\u0113jams no\u0146emt tikai mizu vai ar\u012b br\u016bnos taukus no\u0146emt ar k\u0101du sarkanu ga\u013cu (dzi\u013ca \u0101das no\u0146em\u0161ana).","og_url":"https:\/\/carnitec.com\/lv\/products\/automatiska-lasa-ada-nonemsanas-iekarta-esb-4434-2\/","og_site_name":"Carnitec","article_publisher":"https:\/\/facebook.com\/carnitec1","article_modified_time":"2026-02-04T08:09:23+00:00","og_image":[{"width":800,"height":800,"url":"https:\/\/carnitec.com\/wp-content\/uploads\/2021\/12\/majaesb2026.jpg","type":"image\/jpeg"}],"twitter_card":"summary","twitter_site":"@carnitec_","twitter_misc":{"Est. reading time":"3 min\u016btes"},"schema":{"@context":"https:\/\/schema.org","@graph":[{"@type":"WebPage","@id":"https:\/\/carnitec.com\/lv\/products\/automatiska-lasa-ada-nonemsanas-iekarta-esb-4434-2\/","url":"https:\/\/carnitec.com\/lv\/products\/automatiska-lasa-ada-nonemsanas-iekarta-esb-4434-2\/","name":"Autom\u0101tisk\u0101 la\u0161a \u0101da no\u0146em\u0161anas iek\u0101rta ESB 4434\/2 - Carnitec","isPartOf":{"@id":"https:\/\/carnitec.com\/lv\/#website"},"datePublished":"2021-12-19T12:47:01+00:00","dateModified":"2026-02-04T08:09:23+00:00","description":"Svaigas un k\u016bpin\u0101tas la\u0161a filejas \u0101das no\u0146em\u0161anai vislab\u0101k piem\u0113rota MAJA la\u0161a \u0101das no\u0146em\u0161anas ma\u0161\u012bna ESB 4434\/2. Ir iesp\u0113jams no\u0146emt tikai mizu vai ar\u012b br\u016bnos taukus no\u0146emt ar k\u0101du sarkanu ga\u013cu (dzi\u013ca \u0101das no\u0146em\u0161ana).","breadcrumb":{"@id":"https:\/\/carnitec.com\/lv\/products\/automatiska-lasa-ada-nonemsanas-iekarta-esb-4434-2\/#breadcrumb"},"inLanguage":"lv-LV","potentialAction":[{"@type":"ReadAction","target":["https:\/\/carnitec.com\/lv\/products\/automatiska-lasa-ada-nonemsanas-iekarta-esb-4434-2\/"]}]},{"@type":"BreadcrumbList","@id":"https:\/\/carnitec.com\/lv\/products\/automatiska-lasa-ada-nonemsanas-iekarta-esb-4434-2\/#breadcrumb","itemListElement":[{"@type":"ListItem","position":1,"name":"\u0413\u043b\u0430\u0432\u043d\u0430\u044f \u0441\u0442\u0440\u0430\u043d\u0438\u0446\u0430","item":"https:\/\/carnitec.com\/lv\/"},{"@type":"ListItem","position":2,"name":"\u0422\u043e\u0432\u0430\u0440\u044b","item":"https:\/\/carnitec.com\/shop\/"},{"@type":"ListItem","position":3,"name":"Autom\u0101tisk\u0101 la\u0161a \u0101da no\u0146em\u0161anas iek\u0101rta ESB 4434\/2"}]},{"@type":"WebSite","@id":"https:\/\/carnitec.com\/lv\/#website","url":"https:\/\/carnitec.com\/lv\/","name":"Carnitec","description":"P\u0101rtikas r\u016bpniec\u012bbas iek\u0101rtas","publisher":{"@id":"https:\/\/carnitec.com\/lv\/#organization"},"potentialAction":[{"@type":"SearchAction","target":{"@type":"EntryPoint","urlTemplate":"https:\/\/carnitec.com\/lv\/?s={search_term_string}"},"query-input":"required name=search_term_string"}],"inLanguage":"lv-LV"},{"@type":"Organization","@id":"https:\/\/carnitec.com\/lv\/#organization","name":"Carnitec - food processing equipment","url":"https:\/\/carnitec.com\/lv\/","sameAs":["https:\/\/www.instagram.com\/carnitec\/?hl=en","https:\/\/www.linkedin.com\/company\/carnitec-ltd\/","https:\/\/www.youtube.com\/channel\/UCwfiuJujkF2QxPPZAqB0T2w","https:\/\/facebook.com\/carnitec1","https:\/\/twitter.com\/carnitec_"],"logo":{"@type":"ImageObject","inLanguage":"lv-LV","@id":"https:\/\/carnitec.com\/lv\/#\/schema\/logo\/image\/","url":"http:\/\/carnitec.com\/wp-content\/uploads\/2018\/01\/carnitec_logo_2018.png","contentUrl":"http:\/\/carnitec.com\/wp-content\/uploads\/2018\/01\/carnitec_logo_2018.png","width":180,"height":50,"caption":"Carnitec - food processing equipment"},"image":{"@id":"https:\/\/carnitec.com\/lv\/#\/schema\/logo\/image\/"}}]}},"_links":{"self":[{"href":"https:\/\/carnitec.com\/lv\/wp-json\/wp\/v2\/product\/46843"}],"collection":[{"href":"https:\/\/carnitec.com\/lv\/wp-json\/wp\/v2\/product"}],"about":[{"href":"https:\/\/carnitec.com\/lv\/wp-json\/wp\/v2\/types\/product"}],"wp:featuredmedia":[{"embeddable":true,"href":"https:\/\/carnitec.com\/lv\/wp-json\/wp\/v2\/media\/387383"}],"wp:attachment":[{"href":"https:\/\/carnitec.com\/lv\/wp-json\/wp\/v2\/media?parent=46843"}],"wp:term":[{"taxonomy":"product_cat","embeddable":true,"href":"https:\/\/carnitec.com\/lv\/wp-json\/wp\/v2\/product_cat?post=46843"},{"taxonomy":"product_tag","embeddable":true,"href":"https:\/\/carnitec.com\/lv\/wp-json\/wp\/v2\/product_tag?post=46843"}],"curies":[{"name":"wp","href":"https:\/\/api.w.org\/{rel}","templated":true}]}}