{"id":46387,"date":"2021-05-28T11:27:34","date_gmt":"2021-05-28T09:27:34","guid":{"rendered":"http:\/\/carnitec.com\/?post_type=product&#038;p=46387"},"modified":"2021-05-28T11:30:26","modified_gmt":"2021-05-28T09:30:26","slug":"aks-slicer-0408-zivju-griesanas-iekarta","status":"publish","type":"product","link":"https:\/\/carnitec.com\/lv\/products\/aks-slicer-0408-zivju-griesanas-iekarta\/","title":{"rendered":"AKS SLICER 0408 &#8211; zivju grie\u0161anas iek\u0101rta"},"content":{"rendered":"<h1>Apraksts<\/h1>\n<ul>\n<li>Piln\u012bb\u0101 autom\u0101tisks \u0101trgaitas zivju griez\u0113js ar konveijeru.<\/li>\n<li>99 viegli programm\u0113jamas grie\u0161anas programmas (PLU).<\/li>\n<li>Lietot\u0101jam draudz\u012bga, pa\u0161saprotama simboliska tastat\u016bra.<\/li>\n<li>Grie\u0161anas programmas grafiskais att\u0113lojums.<\/li>\n<li>Lietot\u0101ja saskarne displej\u0101.<\/li>\n<li>Liela ietilp\u012bba maz\u0101 viet\u0101.<\/li>\n<li>Viegli no\u0146emama konveijera lente<\/li>\n<li>\u0100tra un \u0113rta t\u012br\u012b\u0161ana.<\/li>\n<\/ul>\n<p><iframe loading=\"lazy\" title=\"Frozen salmon slicer: AKS Slicer 0408 | Uni-Food Technic A\/S\" width=\"640\" height=\"360\" src=\"https:\/\/www.youtube.com\/embed\/KQ70eMN3bvY?feature=oembed\" frameborder=\"0\" allow=\"accelerometer; autoplay; clipboard-write; encrypted-media; gyroscope; picture-in-picture\" allowfullscreen><\/iframe><\/p>\n<p>&nbsp;<\/p>\n<h3>KAUDZE<\/h3>\n<p>1-2 kaudzes vien\u0101 porcij\u0101.<\/p>\n<h3>PRIEK\u0160METI GARENISKI<\/h3>\n<p>Objekta att\u0101lums l\u012bdz 30 mm (regul\u0113jams).<br \/>\n1-2 rindas blakus.<\/p>\n<h3>PRIEK\u0160METI \u0160\u0136\u0112RS\u0100M<\/h3>\n<p>Diapazons 1\u20139 porcijas blakus.<\/p>\n<h3>APVIENO\u0160ANA<\/h3>\n<p>Aplis jostas roze ar diametru l\u012bdz 230 mm un l\u012bdz 9 sl\u0101\u0146iem viens virs otra.<\/p>\n<p>99 Programm\u0113jamas sagrie\u0161anas programmas<\/p>\n<p>Saglab\u0101jiet visus nepiecie\u0161amos sagrie\u0161anas datus, piem\u0113ram, izstr\u0101d\u0101juma nosaukumu, p\u0101rvad\u0101\u0161anas \u0101trumu, \u0161\u0137\u0113les biezumu un visus krau\u0161anas, \u0161\u0137embu vai ri\u0146\u0137a \u0161\u0137iedru parametrus.<\/p>\n<h3>DRO\u0160\u012aBA UN HIGI\u0112NA<\/h3>\n<p>AKS Slicer 0408 atbilst dro\u0161\u012bbas un higi\u0113nas pras\u012bb\u0101m. Ma\u0161\u012bnas korpuss un visas met\u0101la da\u013cas, kas non\u0101k saskar\u0113 ar p\u0101rtiku, ir izgatavotas no ner\u016bs\u0113jo\u0161\u0101 t\u0113rauda.<\/p>\n<h3>SPECIFIK\u0100CIJAS<\/h3>\n<p>Nepiecie\u0161am\u0101 letes vieta: 735 x 645 mm<br \/>\nGabar\u012btu izm\u0113ri: 1270 x 853 mm<br \/>\nKonveijera lente: 880 x 280 mm<br \/>\nSvars: 130 kg<br \/>\nAsmens: 330 mm<br \/>\nJaudas pras\u012bba: 3 x 400 V + PE (*)<br \/>\nEner\u0123ijas pat\u0113ri\u0146\u0161: 0,6 kW<br \/>\nSka\u0146as l\u012bmenis: &lt;70 dB (A)<br \/>\n\u0160\u0137\u0113les biezums: 0-10 mm<br \/>\nGrie\u0161anas garums: 255 mm<br \/>\nP\u013cau\u0161anas augstums: 195 mm<br \/>\nJauda: 25-55 sitieni \/ min<\/p>\n","protected":false},"excerpt":{"rendered":"<p>Piln\u012bb\u0101 autom\u0101tisks \u0101trgaitas zivju griez\u0113js ar konveijeru.<br \/>\n99 viegli programm\u0113jamas grie\u0161anas programmas (PLU).<br \/>\nLietot\u0101jam draudz\u012bga, pa\u0161saprotama simboliska tastat\u016bra.<br \/>\nGrie\u0161anas programmas grafiskais att\u0113lojums.<br \/>\nLietot\u0101ja saskarne displej\u0101.<br \/>\nLiela ietilp\u012bba maz\u0101 viet\u0101.<br \/>\nViegli no\u0146emama konveijera lente<br \/>\n\u0100tra un \u0113rta t\u012br\u012b\u0161ana.<\/p>\n","protected":false},"featured_media":46396,"template":"","meta":{"content-type":"","_monsterinsights_skip_tracking":false,"_monsterinsights_sitenote_active":false,"_monsterinsights_sitenote_note":"","_monsterinsights_sitenote_category":0},"product_cat":[4109],"product_tag":[4113,1422,4114,4112,4116,4111,4115,1111,1110],"yoast_head":"<!-- This site is optimized with the Yoast SEO plugin v19.5.1 - https:\/\/yoast.com\/wordpress\/plugins\/seo\/ -->\n<title>AKS SLICER 0408 - zivju grie\u0161anas iek\u0101rta - Carnitec<\/title>\n<meta name=\"description\" content=\"Piln\u012bb\u0101 autom\u0101tisks \u0101trgaitas zivju griez\u0113js ar konveijeru. 99 viegli programm\u0113jamas grie\u0161anas programmas (PLU). AKS Slicer 0408 atbilst dro\u0161\u012bbas un higi\u0113nas pras\u012bb\u0101m. Ma\u0161\u012bnas korpuss un visas met\u0101la da\u013cas, kas non\u0101k saskar\u0113 ar p\u0101rtiku, ir izgatavotas no ner\u016bs\u0113jo\u0161\u0101 t\u0113rauda.\" \/>\n<meta name=\"robots\" content=\"index, follow, max-snippet:-1, max-image-preview:large, max-video-preview:-1\" \/>\n<link rel=\"canonical\" href=\"https:\/\/carnitec.com\/lv\/products\/aks-slicer-0408-zivju-griesanas-iekarta\/\" \/>\n<meta property=\"og:locale\" content=\"lv_LV\" \/>\n<meta property=\"og:type\" content=\"article\" \/>\n<meta property=\"og:title\" content=\"AKS SLICER 0408 - zivju grie\u0161anas iek\u0101rta - Carnitec\" \/>\n<meta property=\"og:description\" content=\"Piln\u012bb\u0101 autom\u0101tisks \u0101trgaitas zivju griez\u0113js ar konveijeru. 99 viegli programm\u0113jamas grie\u0161anas programmas (PLU). AKS Slicer 0408 atbilst dro\u0161\u012bbas un higi\u0113nas pras\u012bb\u0101m. Ma\u0161\u012bnas korpuss un visas met\u0101la da\u013cas, kas non\u0101k saskar\u0113 ar p\u0101rtiku, ir izgatavotas no ner\u016bs\u0113jo\u0161\u0101 t\u0113rauda.\" \/>\n<meta property=\"og:url\" content=\"https:\/\/carnitec.com\/lv\/products\/aks-slicer-0408-zivju-griesanas-iekarta\/\" \/>\n<meta property=\"og:site_name\" content=\"Carnitec\" \/>\n<meta property=\"article:publisher\" content=\"https:\/\/facebook.com\/carnitec1\" \/>\n<meta property=\"article:modified_time\" content=\"2021-05-28T09:30:26+00:00\" \/>\n<meta property=\"og:image\" content=\"https:\/\/carnitec.com\/wp-content\/uploads\/2021\/05\/AKSSLICER0408-.jpg\" \/>\n\t<meta property=\"og:image:width\" content=\"800\" \/>\n\t<meta property=\"og:image:height\" content=\"800\" \/>\n\t<meta property=\"og:image:type\" content=\"image\/jpeg\" \/>\n<meta name=\"twitter:card\" content=\"summary\" \/>\n<meta name=\"twitter:site\" content=\"@carnitec_\" \/>\n<meta name=\"twitter:label1\" content=\"Est. reading time\" \/>\n\t<meta name=\"twitter:data1\" content=\"1 min\u016b\u0161u\" \/>\n<script type=\"application\/ld+json\" class=\"yoast-schema-graph\">{\"@context\":\"https:\/\/schema.org\",\"@graph\":[{\"@type\":\"WebPage\",\"@id\":\"https:\/\/carnitec.com\/lv\/products\/aks-slicer-0408-zivju-griesanas-iekarta\/\",\"url\":\"https:\/\/carnitec.com\/lv\/products\/aks-slicer-0408-zivju-griesanas-iekarta\/\",\"name\":\"AKS SLICER 0408 - zivju grie\u0161anas iek\u0101rta - Carnitec\",\"isPartOf\":{\"@id\":\"https:\/\/carnitec.com\/lv\/#website\"},\"datePublished\":\"2021-05-28T09:27:34+00:00\",\"dateModified\":\"2021-05-28T09:30:26+00:00\",\"description\":\"Piln\u012bb\u0101 autom\u0101tisks \u0101trgaitas zivju griez\u0113js ar konveijeru. 99 viegli programm\u0113jamas grie\u0161anas programmas (PLU). AKS Slicer 0408 atbilst dro\u0161\u012bbas un higi\u0113nas pras\u012bb\u0101m. Ma\u0161\u012bnas korpuss un visas met\u0101la da\u013cas, kas non\u0101k saskar\u0113 ar p\u0101rtiku, ir izgatavotas no ner\u016bs\u0113jo\u0161\u0101 t\u0113rauda.\",\"breadcrumb\":{\"@id\":\"https:\/\/carnitec.com\/lv\/products\/aks-slicer-0408-zivju-griesanas-iekarta\/#breadcrumb\"},\"inLanguage\":\"lv-LV\",\"potentialAction\":[{\"@type\":\"ReadAction\",\"target\":[\"https:\/\/carnitec.com\/lv\/products\/aks-slicer-0408-zivju-griesanas-iekarta\/\"]}]},{\"@type\":\"BreadcrumbList\",\"@id\":\"https:\/\/carnitec.com\/lv\/products\/aks-slicer-0408-zivju-griesanas-iekarta\/#breadcrumb\",\"itemListElement\":[{\"@type\":\"ListItem\",\"position\":1,\"name\":\"\u0413\u043b\u0430\u0432\u043d\u0430\u044f \u0441\u0442\u0440\u0430\u043d\u0438\u0446\u0430\",\"item\":\"https:\/\/carnitec.com\/lv\/\"},{\"@type\":\"ListItem\",\"position\":2,\"name\":\"\u0422\u043e\u0432\u0430\u0440\u044b\",\"item\":\"https:\/\/carnitec.com\/shop\/\"},{\"@type\":\"ListItem\",\"position\":3,\"name\":\"AKS SLICER 0408 &#8211; zivju grie\u0161anas iek\u0101rta\"}]},{\"@type\":\"WebSite\",\"@id\":\"https:\/\/carnitec.com\/lv\/#website\",\"url\":\"https:\/\/carnitec.com\/lv\/\",\"name\":\"Carnitec\",\"description\":\"P\u0101rtikas r\u016bpniec\u012bbas iek\u0101rtas\",\"publisher\":{\"@id\":\"https:\/\/carnitec.com\/lv\/#organization\"},\"potentialAction\":[{\"@type\":\"SearchAction\",\"target\":{\"@type\":\"EntryPoint\",\"urlTemplate\":\"https:\/\/carnitec.com\/lv\/?s={search_term_string}\"},\"query-input\":\"required name=search_term_string\"}],\"inLanguage\":\"lv-LV\"},{\"@type\":\"Organization\",\"@id\":\"https:\/\/carnitec.com\/lv\/#organization\",\"name\":\"Carnitec - food processing equipment\",\"url\":\"https:\/\/carnitec.com\/lv\/\",\"sameAs\":[\"https:\/\/www.instagram.com\/carnitec\/?hl=en\",\"https:\/\/www.linkedin.com\/company\/carnitec-ltd\/\",\"https:\/\/www.youtube.com\/channel\/UCwfiuJujkF2QxPPZAqB0T2w\",\"https:\/\/facebook.com\/carnitec1\",\"https:\/\/twitter.com\/carnitec_\"],\"logo\":{\"@type\":\"ImageObject\",\"inLanguage\":\"lv-LV\",\"@id\":\"https:\/\/carnitec.com\/lv\/#\/schema\/logo\/image\/\",\"url\":\"http:\/\/carnitec.com\/wp-content\/uploads\/2018\/01\/carnitec_logo_2018.png\",\"contentUrl\":\"http:\/\/carnitec.com\/wp-content\/uploads\/2018\/01\/carnitec_logo_2018.png\",\"width\":180,\"height\":50,\"caption\":\"Carnitec - food processing equipment\"},\"image\":{\"@id\":\"https:\/\/carnitec.com\/lv\/#\/schema\/logo\/image\/\"}}]}<\/script>\n<!-- \/ Yoast SEO plugin. -->","yoast_head_json":{"title":"AKS SLICER 0408 - zivju grie\u0161anas iek\u0101rta - Carnitec","description":"Piln\u012bb\u0101 autom\u0101tisks \u0101trgaitas zivju griez\u0113js ar konveijeru. 99 viegli programm\u0113jamas grie\u0161anas programmas (PLU). AKS Slicer 0408 atbilst dro\u0161\u012bbas un higi\u0113nas pras\u012bb\u0101m. Ma\u0161\u012bnas korpuss un visas met\u0101la da\u013cas, kas non\u0101k saskar\u0113 ar p\u0101rtiku, ir izgatavotas no ner\u016bs\u0113jo\u0161\u0101 t\u0113rauda.","robots":{"index":"index","follow":"follow","max-snippet":"max-snippet:-1","max-image-preview":"max-image-preview:large","max-video-preview":"max-video-preview:-1"},"canonical":"https:\/\/carnitec.com\/lv\/products\/aks-slicer-0408-zivju-griesanas-iekarta\/","og_locale":"lv_LV","og_type":"article","og_title":"AKS SLICER 0408 - zivju grie\u0161anas iek\u0101rta - Carnitec","og_description":"Piln\u012bb\u0101 autom\u0101tisks \u0101trgaitas zivju griez\u0113js ar konveijeru. 99 viegli programm\u0113jamas grie\u0161anas programmas (PLU). AKS Slicer 0408 atbilst dro\u0161\u012bbas un higi\u0113nas pras\u012bb\u0101m. Ma\u0161\u012bnas korpuss un visas met\u0101la da\u013cas, kas non\u0101k saskar\u0113 ar p\u0101rtiku, ir izgatavotas no ner\u016bs\u0113jo\u0161\u0101 t\u0113rauda.","og_url":"https:\/\/carnitec.com\/lv\/products\/aks-slicer-0408-zivju-griesanas-iekarta\/","og_site_name":"Carnitec","article_publisher":"https:\/\/facebook.com\/carnitec1","article_modified_time":"2021-05-28T09:30:26+00:00","og_image":[{"width":800,"height":800,"url":"https:\/\/carnitec.com\/wp-content\/uploads\/2021\/05\/AKSSLICER0408-.jpg","type":"image\/jpeg"}],"twitter_card":"summary","twitter_site":"@carnitec_","twitter_misc":{"Est. reading time":"1 min\u016b\u0161u"},"schema":{"@context":"https:\/\/schema.org","@graph":[{"@type":"WebPage","@id":"https:\/\/carnitec.com\/lv\/products\/aks-slicer-0408-zivju-griesanas-iekarta\/","url":"https:\/\/carnitec.com\/lv\/products\/aks-slicer-0408-zivju-griesanas-iekarta\/","name":"AKS SLICER 0408 - zivju grie\u0161anas iek\u0101rta - Carnitec","isPartOf":{"@id":"https:\/\/carnitec.com\/lv\/#website"},"datePublished":"2021-05-28T09:27:34+00:00","dateModified":"2021-05-28T09:30:26+00:00","description":"Piln\u012bb\u0101 autom\u0101tisks \u0101trgaitas zivju griez\u0113js ar konveijeru. 99 viegli programm\u0113jamas grie\u0161anas programmas (PLU). AKS Slicer 0408 atbilst dro\u0161\u012bbas un higi\u0113nas pras\u012bb\u0101m. Ma\u0161\u012bnas korpuss un visas met\u0101la da\u013cas, kas non\u0101k saskar\u0113 ar p\u0101rtiku, ir izgatavotas no ner\u016bs\u0113jo\u0161\u0101 t\u0113rauda.","breadcrumb":{"@id":"https:\/\/carnitec.com\/lv\/products\/aks-slicer-0408-zivju-griesanas-iekarta\/#breadcrumb"},"inLanguage":"lv-LV","potentialAction":[{"@type":"ReadAction","target":["https:\/\/carnitec.com\/lv\/products\/aks-slicer-0408-zivju-griesanas-iekarta\/"]}]},{"@type":"BreadcrumbList","@id":"https:\/\/carnitec.com\/lv\/products\/aks-slicer-0408-zivju-griesanas-iekarta\/#breadcrumb","itemListElement":[{"@type":"ListItem","position":1,"name":"\u0413\u043b\u0430\u0432\u043d\u0430\u044f \u0441\u0442\u0440\u0430\u043d\u0438\u0446\u0430","item":"https:\/\/carnitec.com\/lv\/"},{"@type":"ListItem","position":2,"name":"\u0422\u043e\u0432\u0430\u0440\u044b","item":"https:\/\/carnitec.com\/shop\/"},{"@type":"ListItem","position":3,"name":"AKS SLICER 0408 &#8211; zivju grie\u0161anas iek\u0101rta"}]},{"@type":"WebSite","@id":"https:\/\/carnitec.com\/lv\/#website","url":"https:\/\/carnitec.com\/lv\/","name":"Carnitec","description":"P\u0101rtikas r\u016bpniec\u012bbas iek\u0101rtas","publisher":{"@id":"https:\/\/carnitec.com\/lv\/#organization"},"potentialAction":[{"@type":"SearchAction","target":{"@type":"EntryPoint","urlTemplate":"https:\/\/carnitec.com\/lv\/?s={search_term_string}"},"query-input":"required name=search_term_string"}],"inLanguage":"lv-LV"},{"@type":"Organization","@id":"https:\/\/carnitec.com\/lv\/#organization","name":"Carnitec - food processing equipment","url":"https:\/\/carnitec.com\/lv\/","sameAs":["https:\/\/www.instagram.com\/carnitec\/?hl=en","https:\/\/www.linkedin.com\/company\/carnitec-ltd\/","https:\/\/www.youtube.com\/channel\/UCwfiuJujkF2QxPPZAqB0T2w","https:\/\/facebook.com\/carnitec1","https:\/\/twitter.com\/carnitec_"],"logo":{"@type":"ImageObject","inLanguage":"lv-LV","@id":"https:\/\/carnitec.com\/lv\/#\/schema\/logo\/image\/","url":"http:\/\/carnitec.com\/wp-content\/uploads\/2018\/01\/carnitec_logo_2018.png","contentUrl":"http:\/\/carnitec.com\/wp-content\/uploads\/2018\/01\/carnitec_logo_2018.png","width":180,"height":50,"caption":"Carnitec - food processing equipment"},"image":{"@id":"https:\/\/carnitec.com\/lv\/#\/schema\/logo\/image\/"}}]}},"_links":{"self":[{"href":"https:\/\/carnitec.com\/lv\/wp-json\/wp\/v2\/product\/46387"}],"collection":[{"href":"https:\/\/carnitec.com\/lv\/wp-json\/wp\/v2\/product"}],"about":[{"href":"https:\/\/carnitec.com\/lv\/wp-json\/wp\/v2\/types\/product"}],"wp:featuredmedia":[{"embeddable":true,"href":"https:\/\/carnitec.com\/lv\/wp-json\/wp\/v2\/media\/46396"}],"wp:attachment":[{"href":"https:\/\/carnitec.com\/lv\/wp-json\/wp\/v2\/media?parent=46387"}],"wp:term":[{"taxonomy":"product_cat","embeddable":true,"href":"https:\/\/carnitec.com\/lv\/wp-json\/wp\/v2\/product_cat?post=46387"},{"taxonomy":"product_tag","embeddable":true,"href":"https:\/\/carnitec.com\/lv\/wp-json\/wp\/v2\/product_tag?post=46387"}],"curies":[{"name":"wp","href":"https:\/\/api.w.org\/{rel}","templated":true}]}}