{"id":45643,"date":"2019-07-23T16:16:27","date_gmt":"2019-07-23T14:16:27","guid":{"rendered":"https:\/\/staging1.carnitec.com\/?post_type=product&#038;p=45643"},"modified":"2019-07-23T16:28:00","modified_gmt":"2019-07-23T14:28:00","slug":"asins-savaksana","status":"publish","type":"product","link":"https:\/\/carnitec.com\/lv\/products\/asins-savaksana\/","title":{"rendered":"Asins sav\u0101k\u0161ana"},"content":{"rendered":"<p>Izmantojot Frontmatec asins apstr\u0101des sist\u0113mu, asinis var izmantot k\u0101 v\u0113rt\u012bgu resursu. Frontmatec asins apstr\u0101des sist\u0113ma pied\u0101v\u0101 \u0161\u0101das priek\u0161roc\u012bbas:<\/p>\n<ul>\n<li>Iesp\u0113ja izmantot asinis ar \u012bsu atmaks\u0101\u0161an\u0101s laiku<\/li>\n<li>Viegla un dro\u0161a asins sav\u0101k\u0161ana un apstr\u0101de cilv\u0113ku pat\u0113ri\u0146am ar piln\u012bb\u0101 izsekojam\u0101m s\u0113rijveida asins kolekcij\u0101m<\/li>\n<li>Cauru\u013cu un tvert\u0146u ikdienas autom\u0101tiska t\u012br\u012b\u0161ana ar CIP sist\u0113mu<\/li>\n<\/ul>\n","protected":false},"excerpt":{"rendered":"<p>Sist\u0113ma ir higi\u0113niski izstr\u0101d\u0101ta, lai sav\u0101ktu un transport\u0113tu asinis no uzl\u012bm\u0113\u0161anas l\u012bnijas uz asins telpu, kur asinis tiek uzglab\u0101tas, l\u012bdz attiec\u012bgais liemenis ir apstiprin\u0101ts kau\u0161anas l\u012bnij\u0101. P\u0113c tam asinis tiek sagatavotas turpm\u0101kai apstr\u0101dei vai atdal\u012b\u0161anai plazm\u0101 un hemoglob\u012bn\u0101.<\/p>\n","protected":false},"featured_media":45641,"template":"","meta":{"content-type":"","_monsterinsights_skip_tracking":false,"_monsterinsights_sitenote_active":false,"_monsterinsights_sitenote_note":"","_monsterinsights_sitenote_category":0},"product_cat":[959],"product_tag":[3914,3915,1009],"yoast_head":"<!-- This site is optimized with the Yoast SEO plugin v19.5.1 - https:\/\/yoast.com\/wordpress\/plugins\/seo\/ -->\n<title>Asins sav\u0101k\u0161ana - Carnitec<\/title>\n<meta name=\"description\" content=\"C\u016bku asins sav\u0101k\u0161anas sist\u0113mas. C\u016bku kau\u0161anas iek\u0101rtas. Ga\u013cas sadale\" \/>\n<meta name=\"robots\" content=\"index, follow, max-snippet:-1, max-image-preview:large, max-video-preview:-1\" \/>\n<link rel=\"canonical\" href=\"https:\/\/carnitec.com\/lv\/products\/asins-savaksana\/\" \/>\n<meta property=\"og:locale\" content=\"lv_LV\" \/>\n<meta property=\"og:type\" content=\"article\" \/>\n<meta property=\"og:title\" content=\"Asins sav\u0101k\u0161ana - Carnitec\" \/>\n<meta property=\"og:description\" content=\"C\u016bku asins sav\u0101k\u0161anas sist\u0113mas. C\u016bku kau\u0161anas iek\u0101rtas. Ga\u013cas sadale\" \/>\n<meta property=\"og:url\" content=\"https:\/\/carnitec.com\/lv\/products\/asins-savaksana\/\" \/>\n<meta property=\"og:site_name\" content=\"Carnitec\" \/>\n<meta property=\"article:publisher\" content=\"https:\/\/facebook.com\/carnitec1\" \/>\n<meta property=\"article:modified_time\" content=\"2019-07-23T14:28:00+00:00\" \/>\n<meta property=\"og:image\" content=\"https:\/\/carnitec.com\/wp-content\/uploads\/2019\/07\/blood_collection.jpg\" \/>\n\t<meta property=\"og:image:width\" content=\"570\" \/>\n\t<meta property=\"og:image:height\" content=\"570\" \/>\n\t<meta property=\"og:image:type\" content=\"image\/jpeg\" \/>\n<meta name=\"twitter:card\" content=\"summary\" \/>\n<meta name=\"twitter:site\" content=\"@carnitec_\" \/>\n<script type=\"application\/ld+json\" class=\"yoast-schema-graph\">{\"@context\":\"https:\/\/schema.org\",\"@graph\":[{\"@type\":\"WebPage\",\"@id\":\"https:\/\/carnitec.com\/lv\/products\/asins-savaksana\/\",\"url\":\"https:\/\/carnitec.com\/lv\/products\/asins-savaksana\/\",\"name\":\"Asins sav\u0101k\u0161ana - Carnitec\",\"isPartOf\":{\"@id\":\"https:\/\/carnitec.com\/lv\/#website\"},\"datePublished\":\"2019-07-23T14:16:27+00:00\",\"dateModified\":\"2019-07-23T14:28:00+00:00\",\"description\":\"C\u016bku asins sav\u0101k\u0161anas sist\u0113mas. C\u016bku kau\u0161anas iek\u0101rtas. Ga\u013cas sadale\",\"breadcrumb\":{\"@id\":\"https:\/\/carnitec.com\/lv\/products\/asins-savaksana\/#breadcrumb\"},\"inLanguage\":\"lv-LV\",\"potentialAction\":[{\"@type\":\"ReadAction\",\"target\":[\"https:\/\/carnitec.com\/lv\/products\/asins-savaksana\/\"]}]},{\"@type\":\"BreadcrumbList\",\"@id\":\"https:\/\/carnitec.com\/lv\/products\/asins-savaksana\/#breadcrumb\",\"itemListElement\":[{\"@type\":\"ListItem\",\"position\":1,\"name\":\"\u0413\u043b\u0430\u0432\u043d\u0430\u044f \u0441\u0442\u0440\u0430\u043d\u0438\u0446\u0430\",\"item\":\"https:\/\/carnitec.com\/lv\/\"},{\"@type\":\"ListItem\",\"position\":2,\"name\":\"\u0422\u043e\u0432\u0430\u0440\u044b\",\"item\":\"https:\/\/carnitec.com\/shop\/\"},{\"@type\":\"ListItem\",\"position\":3,\"name\":\"Asins sav\u0101k\u0161ana\"}]},{\"@type\":\"WebSite\",\"@id\":\"https:\/\/carnitec.com\/lv\/#website\",\"url\":\"https:\/\/carnitec.com\/lv\/\",\"name\":\"Carnitec\",\"description\":\"P\u0101rtikas r\u016bpniec\u012bbas iek\u0101rtas\",\"publisher\":{\"@id\":\"https:\/\/carnitec.com\/lv\/#organization\"},\"potentialAction\":[{\"@type\":\"SearchAction\",\"target\":{\"@type\":\"EntryPoint\",\"urlTemplate\":\"https:\/\/carnitec.com\/lv\/?s={search_term_string}\"},\"query-input\":\"required name=search_term_string\"}],\"inLanguage\":\"lv-LV\"},{\"@type\":\"Organization\",\"@id\":\"https:\/\/carnitec.com\/lv\/#organization\",\"name\":\"Carnitec - food processing equipment\",\"url\":\"https:\/\/carnitec.com\/lv\/\",\"sameAs\":[\"https:\/\/www.instagram.com\/carnitec\/?hl=en\",\"https:\/\/www.linkedin.com\/company\/carnitec-ltd\/\",\"https:\/\/www.youtube.com\/channel\/UCwfiuJujkF2QxPPZAqB0T2w\",\"https:\/\/facebook.com\/carnitec1\",\"https:\/\/twitter.com\/carnitec_\"],\"logo\":{\"@type\":\"ImageObject\",\"inLanguage\":\"lv-LV\",\"@id\":\"https:\/\/carnitec.com\/lv\/#\/schema\/logo\/image\/\",\"url\":\"http:\/\/carnitec.com\/wp-content\/uploads\/2018\/01\/carnitec_logo_2018.png\",\"contentUrl\":\"http:\/\/carnitec.com\/wp-content\/uploads\/2018\/01\/carnitec_logo_2018.png\",\"width\":180,\"height\":50,\"caption\":\"Carnitec - food processing equipment\"},\"image\":{\"@id\":\"https:\/\/carnitec.com\/lv\/#\/schema\/logo\/image\/\"}}]}<\/script>\n<!-- \/ Yoast SEO plugin. -->","yoast_head_json":{"title":"Asins sav\u0101k\u0161ana - Carnitec","description":"C\u016bku asins sav\u0101k\u0161anas sist\u0113mas. C\u016bku kau\u0161anas iek\u0101rtas. Ga\u013cas sadale","robots":{"index":"index","follow":"follow","max-snippet":"max-snippet:-1","max-image-preview":"max-image-preview:large","max-video-preview":"max-video-preview:-1"},"canonical":"https:\/\/carnitec.com\/lv\/products\/asins-savaksana\/","og_locale":"lv_LV","og_type":"article","og_title":"Asins sav\u0101k\u0161ana - Carnitec","og_description":"C\u016bku asins sav\u0101k\u0161anas sist\u0113mas. C\u016bku kau\u0161anas iek\u0101rtas. Ga\u013cas sadale","og_url":"https:\/\/carnitec.com\/lv\/products\/asins-savaksana\/","og_site_name":"Carnitec","article_publisher":"https:\/\/facebook.com\/carnitec1","article_modified_time":"2019-07-23T14:28:00+00:00","og_image":[{"width":570,"height":570,"url":"https:\/\/carnitec.com\/wp-content\/uploads\/2019\/07\/blood_collection.jpg","type":"image\/jpeg"}],"twitter_card":"summary","twitter_site":"@carnitec_","schema":{"@context":"https:\/\/schema.org","@graph":[{"@type":"WebPage","@id":"https:\/\/carnitec.com\/lv\/products\/asins-savaksana\/","url":"https:\/\/carnitec.com\/lv\/products\/asins-savaksana\/","name":"Asins sav\u0101k\u0161ana - Carnitec","isPartOf":{"@id":"https:\/\/carnitec.com\/lv\/#website"},"datePublished":"2019-07-23T14:16:27+00:00","dateModified":"2019-07-23T14:28:00+00:00","description":"C\u016bku asins sav\u0101k\u0161anas sist\u0113mas. C\u016bku kau\u0161anas iek\u0101rtas. Ga\u013cas sadale","breadcrumb":{"@id":"https:\/\/carnitec.com\/lv\/products\/asins-savaksana\/#breadcrumb"},"inLanguage":"lv-LV","potentialAction":[{"@type":"ReadAction","target":["https:\/\/carnitec.com\/lv\/products\/asins-savaksana\/"]}]},{"@type":"BreadcrumbList","@id":"https:\/\/carnitec.com\/lv\/products\/asins-savaksana\/#breadcrumb","itemListElement":[{"@type":"ListItem","position":1,"name":"\u0413\u043b\u0430\u0432\u043d\u0430\u044f \u0441\u0442\u0440\u0430\u043d\u0438\u0446\u0430","item":"https:\/\/carnitec.com\/lv\/"},{"@type":"ListItem","position":2,"name":"\u0422\u043e\u0432\u0430\u0440\u044b","item":"https:\/\/carnitec.com\/shop\/"},{"@type":"ListItem","position":3,"name":"Asins sav\u0101k\u0161ana"}]},{"@type":"WebSite","@id":"https:\/\/carnitec.com\/lv\/#website","url":"https:\/\/carnitec.com\/lv\/","name":"Carnitec","description":"P\u0101rtikas r\u016bpniec\u012bbas iek\u0101rtas","publisher":{"@id":"https:\/\/carnitec.com\/lv\/#organization"},"potentialAction":[{"@type":"SearchAction","target":{"@type":"EntryPoint","urlTemplate":"https:\/\/carnitec.com\/lv\/?s={search_term_string}"},"query-input":"required name=search_term_string"}],"inLanguage":"lv-LV"},{"@type":"Organization","@id":"https:\/\/carnitec.com\/lv\/#organization","name":"Carnitec - food processing equipment","url":"https:\/\/carnitec.com\/lv\/","sameAs":["https:\/\/www.instagram.com\/carnitec\/?hl=en","https:\/\/www.linkedin.com\/company\/carnitec-ltd\/","https:\/\/www.youtube.com\/channel\/UCwfiuJujkF2QxPPZAqB0T2w","https:\/\/facebook.com\/carnitec1","https:\/\/twitter.com\/carnitec_"],"logo":{"@type":"ImageObject","inLanguage":"lv-LV","@id":"https:\/\/carnitec.com\/lv\/#\/schema\/logo\/image\/","url":"http:\/\/carnitec.com\/wp-content\/uploads\/2018\/01\/carnitec_logo_2018.png","contentUrl":"http:\/\/carnitec.com\/wp-content\/uploads\/2018\/01\/carnitec_logo_2018.png","width":180,"height":50,"caption":"Carnitec - food processing equipment"},"image":{"@id":"https:\/\/carnitec.com\/lv\/#\/schema\/logo\/image\/"}}]}},"_links":{"self":[{"href":"https:\/\/carnitec.com\/lv\/wp-json\/wp\/v2\/product\/45643"}],"collection":[{"href":"https:\/\/carnitec.com\/lv\/wp-json\/wp\/v2\/product"}],"about":[{"href":"https:\/\/carnitec.com\/lv\/wp-json\/wp\/v2\/types\/product"}],"wp:featuredmedia":[{"embeddable":true,"href":"https:\/\/carnitec.com\/lv\/wp-json\/wp\/v2\/media\/45641"}],"wp:attachment":[{"href":"https:\/\/carnitec.com\/lv\/wp-json\/wp\/v2\/media?parent=45643"}],"wp:term":[{"taxonomy":"product_cat","embeddable":true,"href":"https:\/\/carnitec.com\/lv\/wp-json\/wp\/v2\/product_cat?post=45643"},{"taxonomy":"product_tag","embeddable":true,"href":"https:\/\/carnitec.com\/lv\/wp-json\/wp\/v2\/product_tag?post=45643"}],"curies":[{"name":"wp","href":"https:\/\/api.w.org\/{rel}","templated":true}]}}