{"id":44865,"date":"2018-06-01T10:16:04","date_gmt":"2019-05-27T13:03:56","guid":{"rendered":"https:\/\/staging1.carnitec.com\/?post_type=product&#038;p=44865"},"modified":"2019-05-27T15:03:56","modified_gmt":"2019-05-27T13:03:56","slug":"patagas-cukgalas-liemenu-pulesanai","status":"publish","type":"product","link":"https:\/\/carnitec.com\/lv\/products\/patagas-cukgalas-liemenu-pulesanai\/","title":{"rendered":"P\u0101tagas c\u016bkga\u013cas lieme\u0146u pul\u0113\u0161anai"},"content":{"rendered":"<p class=\"p1\">P\u0101tagas c\u016bku lieme\u0146u pul\u0113\u0161anai. Izstr\u0101d\u0101ts, pamatojoties uz pa\u0161reiz\u0113j\u0101m tendenc\u0113m c\u016bku lieme\u0146u gal\u012bgaj\u0101 p\u0101rstr\u0101d\u0113. P\u0101tagas ir pieejamas tr\u012bs kr\u0101s\u0101s un var tikt izgatavotas da\u017e\u0101diem v\u0101rpstas diametriem.<\/p>\n<p><a href=\"http:\/\/carnitec.com\/wp-content\/uploads\/2018\/06\/popup_15.jpg\" data-rel=\"lightbox-image-0\" data-rl_title=\"\" data-rl_caption=\"\" title=\"\"><img class=\"alignnone size-medium wp-image-41761\" src=\"http:\/\/carnitec.com\/wp-content\/uploads\/2018\/06\/popup_15-300x143.jpg\" alt=\"\" width=\"300\" height=\"143\" \/><\/a> <img class=\"alignnone size-medium wp-image-41765\" src=\"http:\/\/carnitec.com\/wp-content\/uploads\/2018\/06\/popup_8-300x143.jpg\" alt=\"\" width=\"300\" height=\"143\" \/> <img class=\"alignnone size-medium wp-image-41769\" src=\"http:\/\/carnitec.com\/wp-content\/uploads\/2018\/06\/popup_7-300x143.jpg\" alt=\"\" width=\"300\" height=\"143\" \/><\/p>\n<div id='gallery-1' class='gallery galleryid-44865 gallery-columns-3 gallery-size-thumbnail'><figure class='gallery-item'>\n\t\t\t<div class='gallery-icon landscape'>\n\t\t\t\t<a href='https:\/\/carnitec.com\/wp-content\/uploads\/2018\/06\/plastic_22.jpg' title=\"\" data-rl_title=\"\" class=\"rl-gallery-link\" data-rl_caption=\"\" data-rel=\"lightbox-gallery-1\"><img width=\"150\" height=\"150\" src=\"https:\/\/carnitec.com\/wp-content\/uploads\/2018\/06\/plastic_22.jpg\" class=\"attachment-thumbnail size-thumbnail\" alt=\"\" srcset=\"https:\/\/carnitec.com\/wp-content\/uploads\/2018\/06\/plastic_22.jpg 800w, https:\/\/carnitec.com\/wp-content\/uploads\/2018\/06\/plastic_22-100x100.jpg 100w\" sizes=\"(max-width: 150px) 100vw, 150px\" \/><\/a>\n\t\t\t<\/div><\/figure><figure class='gallery-item'>\n\t\t\t<div class='gallery-icon landscape'>\n\t\t\t\t<a href='https:\/\/carnitec.com\/wp-content\/uploads\/2018\/06\/plastoc_000.jpg' title=\"\" data-rl_title=\"\" class=\"rl-gallery-link\" data-rl_caption=\"\" data-rel=\"lightbox-gallery-1\"><img width=\"150\" height=\"150\" src=\"https:\/\/carnitec.com\/wp-content\/uploads\/2018\/06\/plastoc_000.jpg\" class=\"attachment-thumbnail size-thumbnail\" alt=\"\" srcset=\"https:\/\/carnitec.com\/wp-content\/uploads\/2018\/06\/plastoc_000.jpg 800w, https:\/\/carnitec.com\/wp-content\/uploads\/2018\/06\/plastoc_000-100x100.jpg 100w\" sizes=\"(max-width: 150px) 100vw, 150px\" \/><\/a>\n\t\t\t<\/div><\/figure><figure class='gallery-item'>\n\t\t\t<div class='gallery-icon landscape'>\n\t\t\t\t<a href='https:\/\/carnitec.com\/wp-content\/uploads\/2018\/06\/single_2.jpg' title=\"\" data-rl_title=\"\" class=\"rl-gallery-link\" data-rl_caption=\"\" data-rel=\"lightbox-gallery-1\"><img width=\"150\" height=\"150\" src=\"https:\/\/carnitec.com\/wp-content\/uploads\/2018\/06\/single_2.jpg\" class=\"attachment-thumbnail size-thumbnail\" alt=\"\" srcset=\"https:\/\/carnitec.com\/wp-content\/uploads\/2018\/06\/single_2.jpg 800w, https:\/\/carnitec.com\/wp-content\/uploads\/2018\/06\/single_2-100x100.jpg 100w\" sizes=\"(max-width: 150px) 100vw, 150px\" \/><\/a>\n\t\t\t<\/div><\/figure><figure class='gallery-item'>\n\t\t\t<div class='gallery-icon landscape'>\n\t\t\t\t<a href='https:\/\/carnitec.com\/wp-content\/uploads\/2018\/06\/single_1.jpg' title=\"\" data-rl_title=\"\" class=\"rl-gallery-link\" data-rl_caption=\"\" data-rel=\"lightbox-gallery-1\"><img width=\"150\" height=\"150\" src=\"https:\/\/carnitec.com\/wp-content\/uploads\/2018\/06\/single_1.jpg\" class=\"attachment-thumbnail size-thumbnail\" alt=\"\" srcset=\"https:\/\/carnitec.com\/wp-content\/uploads\/2018\/06\/single_1.jpg 800w, https:\/\/carnitec.com\/wp-content\/uploads\/2018\/06\/single_1-100x100.jpg 100w\" sizes=\"(max-width: 150px) 100vw, 150px\" \/><\/a>\n\t\t\t<\/div><\/figure><figure class='gallery-item'>\n\t\t\t<div class='gallery-icon landscape'>\n\t\t\t\t<a href='https:\/\/carnitec.com\/wp-content\/uploads\/2018\/06\/double2.jpg' title=\"\" data-rl_title=\"\" class=\"rl-gallery-link\" data-rl_caption=\"\" data-rel=\"lightbox-gallery-1\"><img width=\"150\" height=\"150\" src=\"https:\/\/carnitec.com\/wp-content\/uploads\/2018\/06\/double2.jpg\" class=\"attachment-thumbnail size-thumbnail\" alt=\"\" srcset=\"https:\/\/carnitec.com\/wp-content\/uploads\/2018\/06\/double2.jpg 800w, https:\/\/carnitec.com\/wp-content\/uploads\/2018\/06\/double2-100x100.jpg 100w\" sizes=\"(max-width: 150px) 100vw, 150px\" \/><\/a>\n\t\t\t<\/div><\/figure><figure class='gallery-item'>\n\t\t\t<div class='gallery-icon landscape'>\n\t\t\t\t<a href='https:\/\/carnitec.com\/wp-content\/uploads\/2018\/06\/double1.jpg' title=\"\" data-rl_title=\"\" class=\"rl-gallery-link\" data-rl_caption=\"\" data-rel=\"lightbox-gallery-1\"><img width=\"150\" height=\"150\" src=\"https:\/\/carnitec.com\/wp-content\/uploads\/2018\/06\/double1.jpg\" class=\"attachment-thumbnail size-thumbnail\" alt=\"\" srcset=\"https:\/\/carnitec.com\/wp-content\/uploads\/2018\/06\/double1.jpg 800w, https:\/\/carnitec.com\/wp-content\/uploads\/2018\/06\/double1-100x100.jpg 100w\" sizes=\"(max-width: 150px) 100vw, 150px\" \/><\/a>\n\t\t\t<\/div><\/figure><figure class='gallery-item'>\n\t\t\t<div class='gallery-icon landscape'>\n\t\t\t\t<a href='https:\/\/carnitec.com\/wp-content\/uploads\/2018\/06\/385_2.jpg' title=\"\" data-rl_title=\"\" class=\"rl-gallery-link\" data-rl_caption=\"\" data-rel=\"lightbox-gallery-1\"><img width=\"150\" height=\"150\" src=\"https:\/\/carnitec.com\/wp-content\/uploads\/2018\/06\/385_2.jpg\" class=\"attachment-thumbnail size-thumbnail\" alt=\"\" srcset=\"https:\/\/carnitec.com\/wp-content\/uploads\/2018\/06\/385_2.jpg 800w, https:\/\/carnitec.com\/wp-content\/uploads\/2018\/06\/385_2-100x100.jpg 100w\" sizes=\"(max-width: 150px) 100vw, 150px\" \/><\/a>\n\t\t\t<\/div><\/figure><figure class='gallery-item'>\n\t\t\t<div class='gallery-icon landscape'>\n\t\t\t\t<a href='https:\/\/carnitec.com\/wp-content\/uploads\/2018\/06\/385.jpg' title=\"\" data-rl_title=\"\" class=\"rl-gallery-link\" data-rl_caption=\"\" data-rel=\"lightbox-gallery-1\"><img width=\"150\" height=\"150\" src=\"https:\/\/carnitec.com\/wp-content\/uploads\/2018\/06\/385.jpg\" class=\"attachment-thumbnail size-thumbnail\" alt=\"\" srcset=\"https:\/\/carnitec.com\/wp-content\/uploads\/2018\/06\/385.jpg 800w, https:\/\/carnitec.com\/wp-content\/uploads\/2018\/06\/385-100x100.jpg 100w\" sizes=\"(max-width: 150px) 100vw, 150px\" \/><\/a>\n\t\t\t<\/div><\/figure>\n\t\t<\/div>\n\n<p>&nbsp;<\/p>\n","protected":false},"excerpt":{"rendered":"<p>P\u0101tagas c\u016bku lieme\u0146u pul\u0113\u0161anai. Izstr\u0101d\u0101ts, pamatojoties uz pa\u0161reiz\u0113j\u0101m tendenc\u0113m c\u016bku lieme\u0146u gal\u012bgaj\u0101 p\u0101rstr\u0101d\u0113. P\u0101tagas ir pieejamas tr\u012bs kr\u0101s\u0101s un var tikt izgatavotas da\u017e\u0101diem v\u0101rpstas diametriem.<\/p>\n","protected":false},"featured_media":41796,"template":"","meta":{"content-type":"","_monsterinsights_skip_tracking":false,"_monsterinsights_sitenote_active":false,"_monsterinsights_sitenote_note":"","_monsterinsights_sitenote_category":0},"product_cat":[3014,951],"product_tag":[],"yoast_head":"<!-- This site is optimized with the Yoast SEO plugin v19.5.1 - https:\/\/yoast.com\/wordpress\/plugins\/seo\/ -->\n<title>P\u0101tagas c\u016bkga\u013cas lieme\u0146u pul\u0113\u0161anai - Carnitec<\/title>\n<meta name=\"description\" content=\"P\u0101tagas c\u016bku lieme\u0146u pul\u0113\u0161anai. Izstr\u0101d\u0101ts, pamatojoties uz pa\u0161reiz\u0113j\u0101m tendenc\u0113m c\u016bku lieme\u0146u gal\u012bgaj\u0101 p\u0101rstr\u0101d\u0113. P\u0101tagas ir pieejamas tr\u012bs kr\u0101s\u0101s.\" \/>\n<meta name=\"robots\" content=\"index, follow, max-snippet:-1, max-image-preview:large, max-video-preview:-1\" \/>\n<link rel=\"canonical\" href=\"https:\/\/carnitec.com\/lv\/products\/patagas-cukgalas-liemenu-pulesanai\/\" \/>\n<meta property=\"og:locale\" content=\"lv_LV\" \/>\n<meta property=\"og:type\" content=\"article\" \/>\n<meta property=\"og:title\" content=\"P\u0101tagas c\u016bkga\u013cas lieme\u0146u pul\u0113\u0161anai - Carnitec\" \/>\n<meta property=\"og:description\" content=\"P\u0101tagas c\u016bku lieme\u0146u pul\u0113\u0161anai. Izstr\u0101d\u0101ts, pamatojoties uz pa\u0161reiz\u0113j\u0101m tendenc\u0113m c\u016bku lieme\u0146u gal\u012bgaj\u0101 p\u0101rstr\u0101d\u0113. P\u0101tagas ir pieejamas tr\u012bs kr\u0101s\u0101s.\" \/>\n<meta property=\"og:url\" content=\"https:\/\/carnitec.com\/lv\/products\/patagas-cukgalas-liemenu-pulesanai\/\" \/>\n<meta property=\"og:site_name\" content=\"Carnitec\" \/>\n<meta property=\"article:publisher\" content=\"https:\/\/facebook.com\/carnitec1\" \/>\n<meta property=\"og:image\" content=\"https:\/\/carnitec.com\/wp-content\/uploads\/2018\/06\/double1.jpg\" \/>\n\t<meta property=\"og:image:width\" content=\"800\" \/>\n\t<meta property=\"og:image:height\" content=\"800\" \/>\n\t<meta property=\"og:image:type\" content=\"image\/jpeg\" \/>\n<meta name=\"twitter:card\" content=\"summary\" \/>\n<meta name=\"twitter:site\" content=\"@carnitec_\" \/>\n<script type=\"application\/ld+json\" class=\"yoast-schema-graph\">{\"@context\":\"https:\/\/schema.org\",\"@graph\":[{\"@type\":\"WebPage\",\"@id\":\"https:\/\/carnitec.com\/lv\/products\/patagas-cukgalas-liemenu-pulesanai\/\",\"url\":\"https:\/\/carnitec.com\/lv\/products\/patagas-cukgalas-liemenu-pulesanai\/\",\"name\":\"P\u0101tagas c\u016bkga\u013cas lieme\u0146u pul\u0113\u0161anai - Carnitec\",\"isPartOf\":{\"@id\":\"https:\/\/carnitec.com\/lv\/#website\"},\"datePublished\":\"2019-05-27T13:03:56+00:00\",\"dateModified\":\"2019-05-27T13:03:56+00:00\",\"description\":\"P\u0101tagas c\u016bku lieme\u0146u pul\u0113\u0161anai. Izstr\u0101d\u0101ts, pamatojoties uz pa\u0161reiz\u0113j\u0101m tendenc\u0113m c\u016bku lieme\u0146u gal\u012bgaj\u0101 p\u0101rstr\u0101d\u0113. P\u0101tagas ir pieejamas tr\u012bs kr\u0101s\u0101s.\",\"breadcrumb\":{\"@id\":\"https:\/\/carnitec.com\/lv\/products\/patagas-cukgalas-liemenu-pulesanai\/#breadcrumb\"},\"inLanguage\":\"lv-LV\",\"potentialAction\":[{\"@type\":\"ReadAction\",\"target\":[\"https:\/\/carnitec.com\/lv\/products\/patagas-cukgalas-liemenu-pulesanai\/\"]}]},{\"@type\":\"BreadcrumbList\",\"@id\":\"https:\/\/carnitec.com\/lv\/products\/patagas-cukgalas-liemenu-pulesanai\/#breadcrumb\",\"itemListElement\":[{\"@type\":\"ListItem\",\"position\":1,\"name\":\"\u0413\u043b\u0430\u0432\u043d\u0430\u044f \u0441\u0442\u0440\u0430\u043d\u0438\u0446\u0430\",\"item\":\"https:\/\/carnitec.com\/lv\/\"},{\"@type\":\"ListItem\",\"position\":2,\"name\":\"\u0422\u043e\u0432\u0430\u0440\u044b\",\"item\":\"https:\/\/carnitec.com\/shop\/\"},{\"@type\":\"ListItem\",\"position\":3,\"name\":\"P\u0101tagas c\u016bkga\u013cas lieme\u0146u pul\u0113\u0161anai\"}]},{\"@type\":\"WebSite\",\"@id\":\"https:\/\/carnitec.com\/lv\/#website\",\"url\":\"https:\/\/carnitec.com\/lv\/\",\"name\":\"Carnitec\",\"description\":\"P\u0101rtikas r\u016bpniec\u012bbas iek\u0101rtas\",\"publisher\":{\"@id\":\"https:\/\/carnitec.com\/lv\/#organization\"},\"potentialAction\":[{\"@type\":\"SearchAction\",\"target\":{\"@type\":\"EntryPoint\",\"urlTemplate\":\"https:\/\/carnitec.com\/lv\/?s={search_term_string}\"},\"query-input\":\"required name=search_term_string\"}],\"inLanguage\":\"lv-LV\"},{\"@type\":\"Organization\",\"@id\":\"https:\/\/carnitec.com\/lv\/#organization\",\"name\":\"Carnitec - food processing equipment\",\"url\":\"https:\/\/carnitec.com\/lv\/\",\"sameAs\":[\"https:\/\/www.instagram.com\/carnitec\/?hl=en\",\"https:\/\/www.linkedin.com\/company\/carnitec-ltd\/\",\"https:\/\/www.youtube.com\/channel\/UCwfiuJujkF2QxPPZAqB0T2w\",\"https:\/\/facebook.com\/carnitec1\",\"https:\/\/twitter.com\/carnitec_\"],\"logo\":{\"@type\":\"ImageObject\",\"inLanguage\":\"lv-LV\",\"@id\":\"https:\/\/carnitec.com\/lv\/#\/schema\/logo\/image\/\",\"url\":\"http:\/\/carnitec.com\/wp-content\/uploads\/2018\/01\/carnitec_logo_2018.png\",\"contentUrl\":\"http:\/\/carnitec.com\/wp-content\/uploads\/2018\/01\/carnitec_logo_2018.png\",\"width\":180,\"height\":50,\"caption\":\"Carnitec - food processing equipment\"},\"image\":{\"@id\":\"https:\/\/carnitec.com\/lv\/#\/schema\/logo\/image\/\"}}]}<\/script>\n<!-- \/ Yoast SEO plugin. -->","yoast_head_json":{"title":"P\u0101tagas c\u016bkga\u013cas lieme\u0146u pul\u0113\u0161anai - Carnitec","description":"P\u0101tagas c\u016bku lieme\u0146u pul\u0113\u0161anai. Izstr\u0101d\u0101ts, pamatojoties uz pa\u0161reiz\u0113j\u0101m tendenc\u0113m c\u016bku lieme\u0146u gal\u012bgaj\u0101 p\u0101rstr\u0101d\u0113. P\u0101tagas ir pieejamas tr\u012bs kr\u0101s\u0101s.","robots":{"index":"index","follow":"follow","max-snippet":"max-snippet:-1","max-image-preview":"max-image-preview:large","max-video-preview":"max-video-preview:-1"},"canonical":"https:\/\/carnitec.com\/lv\/products\/patagas-cukgalas-liemenu-pulesanai\/","og_locale":"lv_LV","og_type":"article","og_title":"P\u0101tagas c\u016bkga\u013cas lieme\u0146u pul\u0113\u0161anai - Carnitec","og_description":"P\u0101tagas c\u016bku lieme\u0146u pul\u0113\u0161anai. Izstr\u0101d\u0101ts, pamatojoties uz pa\u0161reiz\u0113j\u0101m tendenc\u0113m c\u016bku lieme\u0146u gal\u012bgaj\u0101 p\u0101rstr\u0101d\u0113. P\u0101tagas ir pieejamas tr\u012bs kr\u0101s\u0101s.","og_url":"https:\/\/carnitec.com\/lv\/products\/patagas-cukgalas-liemenu-pulesanai\/","og_site_name":"Carnitec","article_publisher":"https:\/\/facebook.com\/carnitec1","og_image":[{"width":800,"height":800,"url":"https:\/\/carnitec.com\/wp-content\/uploads\/2018\/06\/double1.jpg","type":"image\/jpeg"}],"twitter_card":"summary","twitter_site":"@carnitec_","schema":{"@context":"https:\/\/schema.org","@graph":[{"@type":"WebPage","@id":"https:\/\/carnitec.com\/lv\/products\/patagas-cukgalas-liemenu-pulesanai\/","url":"https:\/\/carnitec.com\/lv\/products\/patagas-cukgalas-liemenu-pulesanai\/","name":"P\u0101tagas c\u016bkga\u013cas lieme\u0146u pul\u0113\u0161anai - Carnitec","isPartOf":{"@id":"https:\/\/carnitec.com\/lv\/#website"},"datePublished":"2019-05-27T13:03:56+00:00","dateModified":"2019-05-27T13:03:56+00:00","description":"P\u0101tagas c\u016bku lieme\u0146u pul\u0113\u0161anai. Izstr\u0101d\u0101ts, pamatojoties uz pa\u0161reiz\u0113j\u0101m tendenc\u0113m c\u016bku lieme\u0146u gal\u012bgaj\u0101 p\u0101rstr\u0101d\u0113. P\u0101tagas ir pieejamas tr\u012bs kr\u0101s\u0101s.","breadcrumb":{"@id":"https:\/\/carnitec.com\/lv\/products\/patagas-cukgalas-liemenu-pulesanai\/#breadcrumb"},"inLanguage":"lv-LV","potentialAction":[{"@type":"ReadAction","target":["https:\/\/carnitec.com\/lv\/products\/patagas-cukgalas-liemenu-pulesanai\/"]}]},{"@type":"BreadcrumbList","@id":"https:\/\/carnitec.com\/lv\/products\/patagas-cukgalas-liemenu-pulesanai\/#breadcrumb","itemListElement":[{"@type":"ListItem","position":1,"name":"\u0413\u043b\u0430\u0432\u043d\u0430\u044f \u0441\u0442\u0440\u0430\u043d\u0438\u0446\u0430","item":"https:\/\/carnitec.com\/lv\/"},{"@type":"ListItem","position":2,"name":"\u0422\u043e\u0432\u0430\u0440\u044b","item":"https:\/\/carnitec.com\/shop\/"},{"@type":"ListItem","position":3,"name":"P\u0101tagas c\u016bkga\u013cas lieme\u0146u pul\u0113\u0161anai"}]},{"@type":"WebSite","@id":"https:\/\/carnitec.com\/lv\/#website","url":"https:\/\/carnitec.com\/lv\/","name":"Carnitec","description":"P\u0101rtikas r\u016bpniec\u012bbas iek\u0101rtas","publisher":{"@id":"https:\/\/carnitec.com\/lv\/#organization"},"potentialAction":[{"@type":"SearchAction","target":{"@type":"EntryPoint","urlTemplate":"https:\/\/carnitec.com\/lv\/?s={search_term_string}"},"query-input":"required name=search_term_string"}],"inLanguage":"lv-LV"},{"@type":"Organization","@id":"https:\/\/carnitec.com\/lv\/#organization","name":"Carnitec - food processing equipment","url":"https:\/\/carnitec.com\/lv\/","sameAs":["https:\/\/www.instagram.com\/carnitec\/?hl=en","https:\/\/www.linkedin.com\/company\/carnitec-ltd\/","https:\/\/www.youtube.com\/channel\/UCwfiuJujkF2QxPPZAqB0T2w","https:\/\/facebook.com\/carnitec1","https:\/\/twitter.com\/carnitec_"],"logo":{"@type":"ImageObject","inLanguage":"lv-LV","@id":"https:\/\/carnitec.com\/lv\/#\/schema\/logo\/image\/","url":"http:\/\/carnitec.com\/wp-content\/uploads\/2018\/01\/carnitec_logo_2018.png","contentUrl":"http:\/\/carnitec.com\/wp-content\/uploads\/2018\/01\/carnitec_logo_2018.png","width":180,"height":50,"caption":"Carnitec - food processing equipment"},"image":{"@id":"https:\/\/carnitec.com\/lv\/#\/schema\/logo\/image\/"}}]}},"_links":{"self":[{"href":"https:\/\/carnitec.com\/lv\/wp-json\/wp\/v2\/product\/44865"}],"collection":[{"href":"https:\/\/carnitec.com\/lv\/wp-json\/wp\/v2\/product"}],"about":[{"href":"https:\/\/carnitec.com\/lv\/wp-json\/wp\/v2\/types\/product"}],"wp:featuredmedia":[{"embeddable":true,"href":"https:\/\/carnitec.com\/lv\/wp-json\/wp\/v2\/media\/41796"}],"wp:attachment":[{"href":"https:\/\/carnitec.com\/lv\/wp-json\/wp\/v2\/media?parent=44865"}],"wp:term":[{"taxonomy":"product_cat","embeddable":true,"href":"https:\/\/carnitec.com\/lv\/wp-json\/wp\/v2\/product_cat?post=44865"},{"taxonomy":"product_tag","embeddable":true,"href":"https:\/\/carnitec.com\/lv\/wp-json\/wp\/v2\/product_tag?post=44865"}],"curies":[{"name":"wp","href":"https:\/\/api.w.org\/{rel}","templated":true}]}}