{"id":44858,"date":"2018-06-12T13:44:11","date_gmt":"2019-05-27T11:35:53","guid":{"rendered":"https:\/\/staging1.carnitec.com\/?post_type=product&#038;p=44858"},"modified":"2019-05-27T13:35:54","modified_gmt":"2019-05-27T11:35:54","slug":"rezerves-dalas-spekosgriezejam","status":"publish","type":"product","link":"https:\/\/carnitec.com\/lv\/products\/rezerves-dalas-spekosgriezejam\/","title":{"rendered":"Rezerves da\u013cas spe\u0137o\u0161griez\u0113jam"},"content":{"rendered":"<ul>\n<li>Ner\u016bs\u0113jo\u0161ais t\u0113rauds<\/li>\n<li>Ga\u013cas, d\u0101rze\u0146u, zivju, sieru p\u0101rstr\u0101dei<\/li>\n<li>\u012apa\u0161as veidlapas<\/li>\n<li>Holac Cubixx rezerves da\u013cas<\/li>\n<li>Holac Cubixx 100 L rezerves da\u013cas<\/li>\n<li>Holac ha rezerves da\u013cas 30<\/li>\n<li>Rezerves da\u013cas \u0113damz\u0101liskai shpigorezki<\/li>\n<li>Treif shpigorezki rezerves da\u013cas<\/li>\n<li>Da\u013cas Treif Falcon Shpigorezki<\/li>\n<li>Rezerves da\u013cas Treif Jaguar Shpigorezki<\/li>\n<li>Rezerves da\u013cas shpigorezki un blokorezka Foodlogistic CROZZDICR classic 120<\/li>\n<li>Diskera asme\u0146i Holac 125 270x25x1,5 vi\u013c\u0146veida griezums<\/li>\n<li>Diskera asme\u0146i Holac 196x18x1 SH<\/li>\n<li>Diskera asme\u0146i Holac 196x18x1 SV<\/li>\n<li>Diskera asme\u0146i Holac 196x18x1,5<\/li>\n<li>Grie\u0161anas l\u0101psti\u0146as Holac 196x18x1,5 ar vi\u013c\u0146otu griezumu<\/li>\n<li>Diskera asme\u0146i Treif 182,0x12x0,75 SV<\/li>\n<li>Diskera asme\u0146i Treif 182,0x12x0,75 SH<\/li>\n<li>Diskera asme\u0146i Treif 182x16x1<\/li>\n<\/ul>\n","protected":false},"excerpt":{"rendered":"<p>Rezerves da\u013cas HOLAC, TREIF, R\u00dcHLE, EMSENS, NEMATEC, GRASSELLI<\/p>\n","protected":false},"featured_media":41914,"template":"","meta":{"content-type":"","_monsterinsights_skip_tracking":false,"_monsterinsights_sitenote_active":false,"_monsterinsights_sitenote_note":"","_monsterinsights_sitenote_category":0},"product_cat":[3014],"product_tag":[],"yoast_head":"<!-- This site is optimized with the Yoast SEO plugin v19.5.1 - https:\/\/yoast.com\/wordpress\/plugins\/seo\/ -->\n<title>Rezerves da\u013cas spe\u0137o\u0161griez\u0113jam - Carnitec<\/title>\n<meta name=\"description\" content=\"Rezerves da\u013cas HOLAC, TREIF, R\u00dcHLE, EMSENS, NEMATEC, GRASSELLI. Nopirkt tag\u0101d. Pieg\u0101de visa pasaule. Apskat\u012bt visu katalogu...\" \/>\n<meta name=\"robots\" content=\"index, follow, max-snippet:-1, max-image-preview:large, max-video-preview:-1\" \/>\n<link rel=\"canonical\" href=\"https:\/\/carnitec.com\/lv\/products\/rezerves-dalas-spekosgriezejam\/\" \/>\n<meta property=\"og:locale\" content=\"lv_LV\" \/>\n<meta property=\"og:type\" content=\"article\" \/>\n<meta property=\"og:title\" content=\"Rezerves da\u013cas spe\u0137o\u0161griez\u0113jam - Carnitec\" \/>\n<meta property=\"og:description\" content=\"Rezerves da\u013cas HOLAC, TREIF, R\u00dcHLE, EMSENS, NEMATEC, GRASSELLI. Nopirkt tag\u0101d. Pieg\u0101de visa pasaule. Apskat\u012bt visu katalogu...\" \/>\n<meta property=\"og:url\" content=\"https:\/\/carnitec.com\/lv\/products\/rezerves-dalas-spekosgriezejam\/\" \/>\n<meta property=\"og:site_name\" content=\"Carnitec\" \/>\n<meta property=\"article:publisher\" content=\"https:\/\/facebook.com\/carnitec1\" \/>\n<meta property=\"article:modified_time\" content=\"2019-05-27T11:35:54+00:00\" \/>\n<meta property=\"og:image\" content=\"https:\/\/carnitec.com\/wp-content\/uploads\/2018\/06\/1dicer.png\" \/>\n\t<meta property=\"og:image:width\" content=\"360\" \/>\n\t<meta property=\"og:image:height\" content=\"273\" \/>\n\t<meta property=\"og:image:type\" content=\"image\/png\" \/>\n<meta name=\"twitter:card\" content=\"summary\" \/>\n<meta name=\"twitter:site\" content=\"@carnitec_\" \/>\n<meta name=\"twitter:label1\" content=\"Est. reading time\" \/>\n\t<meta name=\"twitter:data1\" content=\"1 min\u016b\u0161u\" \/>\n<script type=\"application\/ld+json\" class=\"yoast-schema-graph\">{\"@context\":\"https:\/\/schema.org\",\"@graph\":[{\"@type\":\"WebPage\",\"@id\":\"https:\/\/carnitec.com\/lv\/products\/rezerves-dalas-spekosgriezejam\/\",\"url\":\"https:\/\/carnitec.com\/lv\/products\/rezerves-dalas-spekosgriezejam\/\",\"name\":\"Rezerves da\u013cas spe\u0137o\u0161griez\u0113jam - Carnitec\",\"isPartOf\":{\"@id\":\"https:\/\/carnitec.com\/lv\/#website\"},\"datePublished\":\"2019-05-27T11:35:53+00:00\",\"dateModified\":\"2019-05-27T11:35:54+00:00\",\"description\":\"Rezerves da\u013cas HOLAC, TREIF, R\u00dcHLE, EMSENS, NEMATEC, GRASSELLI. Nopirkt tag\u0101d. Pieg\u0101de visa pasaule. Apskat\u012bt visu katalogu...\",\"breadcrumb\":{\"@id\":\"https:\/\/carnitec.com\/lv\/products\/rezerves-dalas-spekosgriezejam\/#breadcrumb\"},\"inLanguage\":\"lv-LV\",\"potentialAction\":[{\"@type\":\"ReadAction\",\"target\":[\"https:\/\/carnitec.com\/lv\/products\/rezerves-dalas-spekosgriezejam\/\"]}]},{\"@type\":\"BreadcrumbList\",\"@id\":\"https:\/\/carnitec.com\/lv\/products\/rezerves-dalas-spekosgriezejam\/#breadcrumb\",\"itemListElement\":[{\"@type\":\"ListItem\",\"position\":1,\"name\":\"\u0413\u043b\u0430\u0432\u043d\u0430\u044f \u0441\u0442\u0440\u0430\u043d\u0438\u0446\u0430\",\"item\":\"https:\/\/carnitec.com\/lv\/\"},{\"@type\":\"ListItem\",\"position\":2,\"name\":\"\u0422\u043e\u0432\u0430\u0440\u044b\",\"item\":\"https:\/\/carnitec.com\/shop\/\"},{\"@type\":\"ListItem\",\"position\":3,\"name\":\"Rezerves da\u013cas spe\u0137o\u0161griez\u0113jam\"}]},{\"@type\":\"WebSite\",\"@id\":\"https:\/\/carnitec.com\/lv\/#website\",\"url\":\"https:\/\/carnitec.com\/lv\/\",\"name\":\"Carnitec\",\"description\":\"P\u0101rtikas r\u016bpniec\u012bbas iek\u0101rtas\",\"publisher\":{\"@id\":\"https:\/\/carnitec.com\/lv\/#organization\"},\"potentialAction\":[{\"@type\":\"SearchAction\",\"target\":{\"@type\":\"EntryPoint\",\"urlTemplate\":\"https:\/\/carnitec.com\/lv\/?s={search_term_string}\"},\"query-input\":\"required name=search_term_string\"}],\"inLanguage\":\"lv-LV\"},{\"@type\":\"Organization\",\"@id\":\"https:\/\/carnitec.com\/lv\/#organization\",\"name\":\"Carnitec - food processing equipment\",\"url\":\"https:\/\/carnitec.com\/lv\/\",\"sameAs\":[\"https:\/\/www.instagram.com\/carnitec\/?hl=en\",\"https:\/\/www.linkedin.com\/company\/carnitec-ltd\/\",\"https:\/\/www.youtube.com\/channel\/UCwfiuJujkF2QxPPZAqB0T2w\",\"https:\/\/facebook.com\/carnitec1\",\"https:\/\/twitter.com\/carnitec_\"],\"logo\":{\"@type\":\"ImageObject\",\"inLanguage\":\"lv-LV\",\"@id\":\"https:\/\/carnitec.com\/lv\/#\/schema\/logo\/image\/\",\"url\":\"http:\/\/carnitec.com\/wp-content\/uploads\/2018\/01\/carnitec_logo_2018.png\",\"contentUrl\":\"http:\/\/carnitec.com\/wp-content\/uploads\/2018\/01\/carnitec_logo_2018.png\",\"width\":180,\"height\":50,\"caption\":\"Carnitec - food processing equipment\"},\"image\":{\"@id\":\"https:\/\/carnitec.com\/lv\/#\/schema\/logo\/image\/\"}}]}<\/script>\n<!-- \/ Yoast SEO plugin. -->","yoast_head_json":{"title":"Rezerves da\u013cas spe\u0137o\u0161griez\u0113jam - Carnitec","description":"Rezerves da\u013cas HOLAC, TREIF, R\u00dcHLE, EMSENS, NEMATEC, GRASSELLI. Nopirkt tag\u0101d. Pieg\u0101de visa pasaule. Apskat\u012bt visu katalogu...","robots":{"index":"index","follow":"follow","max-snippet":"max-snippet:-1","max-image-preview":"max-image-preview:large","max-video-preview":"max-video-preview:-1"},"canonical":"https:\/\/carnitec.com\/lv\/products\/rezerves-dalas-spekosgriezejam\/","og_locale":"lv_LV","og_type":"article","og_title":"Rezerves da\u013cas spe\u0137o\u0161griez\u0113jam - Carnitec","og_description":"Rezerves da\u013cas HOLAC, TREIF, R\u00dcHLE, EMSENS, NEMATEC, GRASSELLI. Nopirkt tag\u0101d. Pieg\u0101de visa pasaule. Apskat\u012bt visu katalogu...","og_url":"https:\/\/carnitec.com\/lv\/products\/rezerves-dalas-spekosgriezejam\/","og_site_name":"Carnitec","article_publisher":"https:\/\/facebook.com\/carnitec1","article_modified_time":"2019-05-27T11:35:54+00:00","og_image":[{"width":360,"height":273,"url":"https:\/\/carnitec.com\/wp-content\/uploads\/2018\/06\/1dicer.png","type":"image\/png"}],"twitter_card":"summary","twitter_site":"@carnitec_","twitter_misc":{"Est. reading time":"1 min\u016b\u0161u"},"schema":{"@context":"https:\/\/schema.org","@graph":[{"@type":"WebPage","@id":"https:\/\/carnitec.com\/lv\/products\/rezerves-dalas-spekosgriezejam\/","url":"https:\/\/carnitec.com\/lv\/products\/rezerves-dalas-spekosgriezejam\/","name":"Rezerves da\u013cas spe\u0137o\u0161griez\u0113jam - Carnitec","isPartOf":{"@id":"https:\/\/carnitec.com\/lv\/#website"},"datePublished":"2019-05-27T11:35:53+00:00","dateModified":"2019-05-27T11:35:54+00:00","description":"Rezerves da\u013cas HOLAC, TREIF, R\u00dcHLE, EMSENS, NEMATEC, GRASSELLI. Nopirkt tag\u0101d. Pieg\u0101de visa pasaule. Apskat\u012bt visu katalogu...","breadcrumb":{"@id":"https:\/\/carnitec.com\/lv\/products\/rezerves-dalas-spekosgriezejam\/#breadcrumb"},"inLanguage":"lv-LV","potentialAction":[{"@type":"ReadAction","target":["https:\/\/carnitec.com\/lv\/products\/rezerves-dalas-spekosgriezejam\/"]}]},{"@type":"BreadcrumbList","@id":"https:\/\/carnitec.com\/lv\/products\/rezerves-dalas-spekosgriezejam\/#breadcrumb","itemListElement":[{"@type":"ListItem","position":1,"name":"\u0413\u043b\u0430\u0432\u043d\u0430\u044f \u0441\u0442\u0440\u0430\u043d\u0438\u0446\u0430","item":"https:\/\/carnitec.com\/lv\/"},{"@type":"ListItem","position":2,"name":"\u0422\u043e\u0432\u0430\u0440\u044b","item":"https:\/\/carnitec.com\/shop\/"},{"@type":"ListItem","position":3,"name":"Rezerves da\u013cas spe\u0137o\u0161griez\u0113jam"}]},{"@type":"WebSite","@id":"https:\/\/carnitec.com\/lv\/#website","url":"https:\/\/carnitec.com\/lv\/","name":"Carnitec","description":"P\u0101rtikas r\u016bpniec\u012bbas iek\u0101rtas","publisher":{"@id":"https:\/\/carnitec.com\/lv\/#organization"},"potentialAction":[{"@type":"SearchAction","target":{"@type":"EntryPoint","urlTemplate":"https:\/\/carnitec.com\/lv\/?s={search_term_string}"},"query-input":"required name=search_term_string"}],"inLanguage":"lv-LV"},{"@type":"Organization","@id":"https:\/\/carnitec.com\/lv\/#organization","name":"Carnitec - food processing equipment","url":"https:\/\/carnitec.com\/lv\/","sameAs":["https:\/\/www.instagram.com\/carnitec\/?hl=en","https:\/\/www.linkedin.com\/company\/carnitec-ltd\/","https:\/\/www.youtube.com\/channel\/UCwfiuJujkF2QxPPZAqB0T2w","https:\/\/facebook.com\/carnitec1","https:\/\/twitter.com\/carnitec_"],"logo":{"@type":"ImageObject","inLanguage":"lv-LV","@id":"https:\/\/carnitec.com\/lv\/#\/schema\/logo\/image\/","url":"http:\/\/carnitec.com\/wp-content\/uploads\/2018\/01\/carnitec_logo_2018.png","contentUrl":"http:\/\/carnitec.com\/wp-content\/uploads\/2018\/01\/carnitec_logo_2018.png","width":180,"height":50,"caption":"Carnitec - food processing equipment"},"image":{"@id":"https:\/\/carnitec.com\/lv\/#\/schema\/logo\/image\/"}}]}},"_links":{"self":[{"href":"https:\/\/carnitec.com\/lv\/wp-json\/wp\/v2\/product\/44858"}],"collection":[{"href":"https:\/\/carnitec.com\/lv\/wp-json\/wp\/v2\/product"}],"about":[{"href":"https:\/\/carnitec.com\/lv\/wp-json\/wp\/v2\/types\/product"}],"wp:featuredmedia":[{"embeddable":true,"href":"https:\/\/carnitec.com\/lv\/wp-json\/wp\/v2\/media\/41914"}],"wp:attachment":[{"href":"https:\/\/carnitec.com\/lv\/wp-json\/wp\/v2\/media?parent=44858"}],"wp:term":[{"taxonomy":"product_cat","embeddable":true,"href":"https:\/\/carnitec.com\/lv\/wp-json\/wp\/v2\/product_cat?post=44858"},{"taxonomy":"product_tag","embeddable":true,"href":"https:\/\/carnitec.com\/lv\/wp-json\/wp\/v2\/product_tag?post=44858"}],"curies":[{"name":"wp","href":"https:\/\/api.w.org\/{rel}","templated":true}]}}