{"id":44854,"date":"2015-12-02T21:10:23","date_gmt":"2019-05-27T11:11:02","guid":{"rendered":"https:\/\/staging1.carnitec.com\/?post_type=product&#038;p=44854"},"modified":"2019-05-27T13:13:49","modified_gmt":"2019-05-27T11:13:49","slug":"skreperu-zults-skrapju-skreperi","status":"publish","type":"product","link":"https:\/\/carnitec.com\/lv\/products\/skreperu-zults-skrapju-skreperi\/","title":{"rendered":"Skr\u0113peru \u017eults, skr\u0101pju skr\u0113peri"},"content":{"rendered":"<h2>Skr\u0113peru \u017eults, skr\u0101pju skr\u0113peri<\/h2>\n<p>Skr\u0101pju skr\u0113peri div\u0101s versij\u0101s: gumija un elastom\u0113rs<br \/>\nPieejamie izm\u0113ri: 100 \u00d7 230 mm un 130 \u00d7 230 mm.<br \/>\nR\u0113\u0137ini \/ skr\u0113peri ir pieejami ar kaltiem ner\u016bs\u0113jo\u0161iem t\u0113raudiem vai cinkotiem, uz kniedes.<br \/>\nP\u0113c klienta piepras\u012bjuma m\u0113s pieg\u0101d\u0101jam skr\u0113perus bez kal\u0161anas (pa\u0161apstr\u0101dei).<br \/>\nIesp\u0113ja ieg\u0101d\u0101ties armat\u016bru pa\u0161i (pa\u0161nodarbin\u0101t\u0101m, ar ner\u016bs\u0113jo\u0161\u0101m skr\u016bv\u0113m).<\/p>\n<p>\u017dults, \u0137epas, skr\u0101pi, asme\u0146i<\/p>\n<p>Bilny asme\u0146i, l\u0101pstas, bily, skr\u0113peri, shparchanka. &#8230; shparchan, skr\u0113peri, kau\u0161anas c\u016bkas, scumming tvertne, knaibles apdullin\u0101\u0161anai.<\/p>\n<p>Skr\u0113peri, skr\u0101pji, skr\u0101pju biti (shparchanov).<br \/>\nBanss, Renner, GMN Techmet, JWE un citi skr\u0101pji<\/p>\n<p><strong>Renner \/ JWE \/ AWE iek\u0101rtu \u017eults<\/strong><\/p>\n<p><img class=\"alignnone size-medium wp-image-41694\" src=\"http:\/\/carnitec.com\/wp-content\/uploads\/2015\/12\/renner_awe_jwe-300x126.jpg\" alt=\"\" width=\"300\" height=\"126\" \/><\/p>\n<h2>Baumann \/ Rothmann iek\u0101rtu \u017eults<\/h2>\n<p><img class=\"alignnone size-medium wp-image-41698\" src=\"http:\/\/carnitec.com\/wp-content\/uploads\/2015\/12\/Bauman_rotmann-300x119.jpg\" alt=\"\" width=\"300\" height=\"119\" \/><\/p>\n<h2>100&#215;220 Eco \u017eults<\/h2>\n<p><img class=\"alignnone size-medium wp-image-41702\" src=\"http:\/\/carnitec.com\/wp-content\/uploads\/2015\/12\/eco-300x120.jpg\" alt=\"\" width=\"300\" height=\"120\" \/><\/p>\n<p>&nbsp;<\/p>\n<h2><span class=\"s1\">100&#215;220 \u017eults<\/span><\/h2>\n<div id='gallery-1' class='gallery galleryid-44854 gallery-columns-3 gallery-size-thumbnail'><figure class='gallery-item'>\n\t\t\t<div class='gallery-icon landscape'>\n\t\t\t\t<a href='https:\/\/carnitec.com\/wp-content\/uploads\/2018\/05\/100_220.jpg' title=\"\" data-rl_title=\"\" class=\"rl-gallery-link\" data-rl_caption=\"\" data-rel=\"lightbox-gallery-1\"><img width=\"150\" height=\"150\" src=\"https:\/\/carnitec.com\/wp-content\/uploads\/2018\/05\/100_220.jpg\" class=\"attachment-thumbnail size-thumbnail\" alt=\"\" srcset=\"https:\/\/carnitec.com\/wp-content\/uploads\/2018\/05\/100_220.jpg 800w, https:\/\/carnitec.com\/wp-content\/uploads\/2018\/05\/100_220-100x100.jpg 100w\" sizes=\"(max-width: 150px) 100vw, 150px\" \/><\/a>\n\t\t\t<\/div><\/figure><figure class='gallery-item'>\n\t\t\t<div class='gallery-icon landscape'>\n\t\t\t\t<a href='https:\/\/carnitec.com\/wp-content\/uploads\/2018\/05\/115-thickbox_default.jpg' title=\"\" data-rl_title=\"\" class=\"rl-gallery-link\" data-rl_caption=\"\" data-rel=\"lightbox-gallery-1\"><img width=\"150\" height=\"150\" src=\"https:\/\/carnitec.com\/wp-content\/uploads\/2018\/05\/115-thickbox_default.jpg\" class=\"attachment-thumbnail size-thumbnail\" alt=\"\" srcset=\"https:\/\/carnitec.com\/wp-content\/uploads\/2018\/05\/115-thickbox_default.jpg 800w, https:\/\/carnitec.com\/wp-content\/uploads\/2018\/05\/115-thickbox_default-100x100.jpg 100w\" sizes=\"(max-width: 150px) 100vw, 150px\" \/><\/a>\n\t\t\t<\/div><\/figure><figure class='gallery-item'>\n\t\t\t<div class='gallery-icon landscape'>\n\t\t\t\t<a href='https:\/\/carnitec.com\/wp-content\/uploads\/2018\/05\/100_220_1.jpg' title=\"\" data-rl_title=\"\" class=\"rl-gallery-link\" data-rl_caption=\"\" data-rel=\"lightbox-gallery-1\"><img width=\"150\" height=\"150\" src=\"https:\/\/carnitec.com\/wp-content\/uploads\/2018\/05\/100_220_1.jpg\" class=\"attachment-thumbnail size-thumbnail\" alt=\"\" srcset=\"https:\/\/carnitec.com\/wp-content\/uploads\/2018\/05\/100_220_1.jpg 800w, https:\/\/carnitec.com\/wp-content\/uploads\/2018\/05\/100_220_1-100x100.jpg 100w\" sizes=\"(max-width: 150px) 100vw, 150px\" \/><\/a>\n\t\t\t<\/div><\/figure>\n\t\t<\/div>\n\n<h2><span class=\"s1\">130&#215;230 \u017eults<\/span><\/h2>\n<div id='gallery-2' class='gallery galleryid-44854 gallery-columns-3 gallery-size-thumbnail'><figure class='gallery-item'>\n\t\t\t<div class='gallery-icon landscape'>\n\t\t\t\t<a href='https:\/\/carnitec.com\/wp-content\/uploads\/2018\/05\/130_230_2.jpg' title=\"\" data-rl_title=\"\" class=\"rl-gallery-link\" data-rl_caption=\"\" data-rel=\"lightbox-gallery-2\"><img width=\"150\" height=\"150\" src=\"https:\/\/carnitec.com\/wp-content\/uploads\/2018\/05\/130_230_2.jpg\" class=\"attachment-thumbnail size-thumbnail\" alt=\"\" srcset=\"https:\/\/carnitec.com\/wp-content\/uploads\/2018\/05\/130_230_2.jpg 800w, https:\/\/carnitec.com\/wp-content\/uploads\/2018\/05\/130_230_2-100x100.jpg 100w\" sizes=\"(max-width: 150px) 100vw, 150px\" \/><\/a>\n\t\t\t<\/div><\/figure><figure class='gallery-item'>\n\t\t\t<div class='gallery-icon landscape'>\n\t\t\t\t<a href='https:\/\/carnitec.com\/wp-content\/uploads\/2018\/05\/130_230_3.jpg' title=\"\" data-rl_title=\"\" class=\"rl-gallery-link\" data-rl_caption=\"\" data-rel=\"lightbox-gallery-2\"><img width=\"150\" height=\"150\" src=\"https:\/\/carnitec.com\/wp-content\/uploads\/2018\/05\/130_230_3.jpg\" class=\"attachment-thumbnail size-thumbnail\" alt=\"\" srcset=\"https:\/\/carnitec.com\/wp-content\/uploads\/2018\/05\/130_230_3.jpg 800w, https:\/\/carnitec.com\/wp-content\/uploads\/2018\/05\/130_230_3-100x100.jpg 100w\" sizes=\"(max-width: 150px) 100vw, 150px\" \/><\/a>\n\t\t\t<\/div><\/figure><figure class='gallery-item'>\n\t\t\t<div class='gallery-icon landscape'>\n\t\t\t\t<a href='https:\/\/carnitec.com\/wp-content\/uploads\/2018\/05\/130_2301.jpg' title=\"\" data-rl_title=\"\" class=\"rl-gallery-link\" data-rl_caption=\"\" data-rel=\"lightbox-gallery-2\"><img width=\"150\" height=\"150\" src=\"https:\/\/carnitec.com\/wp-content\/uploads\/2018\/05\/130_2301.jpg\" class=\"attachment-thumbnail size-thumbnail\" alt=\"\" srcset=\"https:\/\/carnitec.com\/wp-content\/uploads\/2018\/05\/130_2301.jpg 800w, https:\/\/carnitec.com\/wp-content\/uploads\/2018\/05\/130_2301-100x100.jpg 100w\" sizes=\"(max-width: 150px) 100vw, 150px\" \/><\/a>\n\t\t\t<\/div><\/figure>\n\t\t<\/div>\n\n","protected":false},"excerpt":{"rendered":"<p>Skr\u0101pju skr\u0113peri div\u0101s versij\u0101s: gumija un elastom\u0113rs<br \/>\nPieejamie izm\u0113ri: 100 \u00d7 230 mm un 130 \u00d7 230 mm.<br \/>\nR\u0113\u0137ini \/ skr\u0113peri ir pieejami ar kaltiem ner\u016bs\u0113jo\u0161iem t\u0113raudiem vai cinkotiem, uz kniedes.<br \/>\nP\u0113c klienta piepras\u012bjuma m\u0113s pieg\u0101d\u0101jam skr\u0113perus bez kal\u0161anas (pa\u0161apstr\u0101dei).<br \/>\nIesp\u0113ja ieg\u0101d\u0101ties armat\u016bru pa\u0161i (pa\u0161nodarbin\u0101t\u0101m, ar ner\u016bs\u0113jo\u0161\u0101m skr\u016bv\u0113m).<\/p>\n<p>&nbsp;<\/p>\n","protected":false},"featured_media":44855,"template":"","meta":{"content-type":"","_monsterinsights_skip_tracking":false,"_monsterinsights_sitenote_active":false,"_monsterinsights_sitenote_note":"","_monsterinsights_sitenote_category":0},"product_cat":[3014,946],"product_tag":[],"yoast_head":"<!-- This site is optimized with the Yoast SEO plugin v19.5.1 - https:\/\/yoast.com\/wordpress\/plugins\/seo\/ -->\n<title>Skr\u0113peru \u017eults, skr\u0101pju skr\u0113peri - Carnitec<\/title>\n<meta name=\"description\" content=\"P\u0113c klienta piepras\u012bjuma m\u0113s pieg\u0101d\u0101jam skr\u0113perus bez kal\u0161anas (pa\u0161apstr\u0101dei).Iesp\u0113ja ieg\u0101d\u0101ties armat\u016bru pa\u0161i (pa\u0161nodarbin\u0101t\u0101m, ar ner\u016bs\u0113jo\u0161\u0101m skr\u016bv\u0113m).\" \/>\n<meta name=\"robots\" content=\"index, follow, max-snippet:-1, max-image-preview:large, max-video-preview:-1\" \/>\n<link rel=\"canonical\" href=\"https:\/\/carnitec.com\/lv\/products\/skreperu-zults-skrapju-skreperi\/\" \/>\n<meta property=\"og:locale\" content=\"lv_LV\" \/>\n<meta property=\"og:type\" content=\"article\" \/>\n<meta property=\"og:title\" content=\"Skr\u0113peru \u017eults, skr\u0101pju skr\u0113peri - Carnitec\" \/>\n<meta property=\"og:description\" content=\"P\u0113c klienta piepras\u012bjuma m\u0113s pieg\u0101d\u0101jam skr\u0113perus bez kal\u0161anas (pa\u0161apstr\u0101dei).Iesp\u0113ja ieg\u0101d\u0101ties armat\u016bru pa\u0161i (pa\u0161nodarbin\u0101t\u0101m, ar ner\u016bs\u0113jo\u0161\u0101m skr\u016bv\u0113m).\" \/>\n<meta property=\"og:url\" content=\"https:\/\/carnitec.com\/lv\/products\/skreperu-zults-skrapju-skreperi\/\" \/>\n<meta property=\"og:site_name\" content=\"Carnitec\" \/>\n<meta property=\"article:publisher\" content=\"https:\/\/facebook.com\/carnitec1\" \/>\n<meta property=\"article:modified_time\" content=\"2019-05-27T11:13:49+00:00\" \/>\n<meta property=\"og:image\" content=\"https:\/\/carnitec.com\/wp-content\/uploads\/2015\/12\/bila.jpg\" \/>\n\t<meta property=\"og:image:width\" content=\"940\" \/>\n\t<meta property=\"og:image:height\" content=\"353\" \/>\n\t<meta property=\"og:image:type\" content=\"image\/jpeg\" \/>\n<meta name=\"twitter:card\" content=\"summary\" \/>\n<meta name=\"twitter:site\" content=\"@carnitec_\" \/>\n<meta name=\"twitter:label1\" content=\"Est. reading time\" \/>\n\t<meta name=\"twitter:data1\" content=\"1 min\u016b\u0161u\" \/>\n<script type=\"application\/ld+json\" class=\"yoast-schema-graph\">{\"@context\":\"https:\/\/schema.org\",\"@graph\":[{\"@type\":\"WebPage\",\"@id\":\"https:\/\/carnitec.com\/lv\/products\/skreperu-zults-skrapju-skreperi\/\",\"url\":\"https:\/\/carnitec.com\/lv\/products\/skreperu-zults-skrapju-skreperi\/\",\"name\":\"Skr\u0113peru \u017eults, skr\u0101pju skr\u0113peri - Carnitec\",\"isPartOf\":{\"@id\":\"https:\/\/carnitec.com\/lv\/#website\"},\"datePublished\":\"2019-05-27T11:11:02+00:00\",\"dateModified\":\"2019-05-27T11:13:49+00:00\",\"description\":\"P\u0113c klienta piepras\u012bjuma m\u0113s pieg\u0101d\u0101jam skr\u0113perus bez kal\u0161anas (pa\u0161apstr\u0101dei).Iesp\u0113ja ieg\u0101d\u0101ties armat\u016bru pa\u0161i (pa\u0161nodarbin\u0101t\u0101m, ar ner\u016bs\u0113jo\u0161\u0101m skr\u016bv\u0113m).\",\"breadcrumb\":{\"@id\":\"https:\/\/carnitec.com\/lv\/products\/skreperu-zults-skrapju-skreperi\/#breadcrumb\"},\"inLanguage\":\"lv-LV\",\"potentialAction\":[{\"@type\":\"ReadAction\",\"target\":[\"https:\/\/carnitec.com\/lv\/products\/skreperu-zults-skrapju-skreperi\/\"]}]},{\"@type\":\"BreadcrumbList\",\"@id\":\"https:\/\/carnitec.com\/lv\/products\/skreperu-zults-skrapju-skreperi\/#breadcrumb\",\"itemListElement\":[{\"@type\":\"ListItem\",\"position\":1,\"name\":\"\u0413\u043b\u0430\u0432\u043d\u0430\u044f \u0441\u0442\u0440\u0430\u043d\u0438\u0446\u0430\",\"item\":\"https:\/\/carnitec.com\/lv\/\"},{\"@type\":\"ListItem\",\"position\":2,\"name\":\"\u0422\u043e\u0432\u0430\u0440\u044b\",\"item\":\"https:\/\/carnitec.com\/shop\/\"},{\"@type\":\"ListItem\",\"position\":3,\"name\":\"Skr\u0113peru \u017eults, skr\u0101pju skr\u0113peri\"}]},{\"@type\":\"WebSite\",\"@id\":\"https:\/\/carnitec.com\/lv\/#website\",\"url\":\"https:\/\/carnitec.com\/lv\/\",\"name\":\"Carnitec\",\"description\":\"P\u0101rtikas r\u016bpniec\u012bbas iek\u0101rtas\",\"publisher\":{\"@id\":\"https:\/\/carnitec.com\/lv\/#organization\"},\"potentialAction\":[{\"@type\":\"SearchAction\",\"target\":{\"@type\":\"EntryPoint\",\"urlTemplate\":\"https:\/\/carnitec.com\/lv\/?s={search_term_string}\"},\"query-input\":\"required name=search_term_string\"}],\"inLanguage\":\"lv-LV\"},{\"@type\":\"Organization\",\"@id\":\"https:\/\/carnitec.com\/lv\/#organization\",\"name\":\"Carnitec - food processing equipment\",\"url\":\"https:\/\/carnitec.com\/lv\/\",\"sameAs\":[\"https:\/\/www.instagram.com\/carnitec\/?hl=en\",\"https:\/\/www.linkedin.com\/company\/carnitec-ltd\/\",\"https:\/\/www.youtube.com\/channel\/UCwfiuJujkF2QxPPZAqB0T2w\",\"https:\/\/facebook.com\/carnitec1\",\"https:\/\/twitter.com\/carnitec_\"],\"logo\":{\"@type\":\"ImageObject\",\"inLanguage\":\"lv-LV\",\"@id\":\"https:\/\/carnitec.com\/lv\/#\/schema\/logo\/image\/\",\"url\":\"http:\/\/carnitec.com\/wp-content\/uploads\/2018\/01\/carnitec_logo_2018.png\",\"contentUrl\":\"http:\/\/carnitec.com\/wp-content\/uploads\/2018\/01\/carnitec_logo_2018.png\",\"width\":180,\"height\":50,\"caption\":\"Carnitec - food processing equipment\"},\"image\":{\"@id\":\"https:\/\/carnitec.com\/lv\/#\/schema\/logo\/image\/\"}}]}<\/script>\n<!-- \/ Yoast SEO plugin. -->","yoast_head_json":{"title":"Skr\u0113peru \u017eults, skr\u0101pju skr\u0113peri - Carnitec","description":"P\u0113c klienta piepras\u012bjuma m\u0113s pieg\u0101d\u0101jam skr\u0113perus bez kal\u0161anas (pa\u0161apstr\u0101dei).Iesp\u0113ja ieg\u0101d\u0101ties armat\u016bru pa\u0161i (pa\u0161nodarbin\u0101t\u0101m, ar ner\u016bs\u0113jo\u0161\u0101m skr\u016bv\u0113m).","robots":{"index":"index","follow":"follow","max-snippet":"max-snippet:-1","max-image-preview":"max-image-preview:large","max-video-preview":"max-video-preview:-1"},"canonical":"https:\/\/carnitec.com\/lv\/products\/skreperu-zults-skrapju-skreperi\/","og_locale":"lv_LV","og_type":"article","og_title":"Skr\u0113peru \u017eults, skr\u0101pju skr\u0113peri - Carnitec","og_description":"P\u0113c klienta piepras\u012bjuma m\u0113s pieg\u0101d\u0101jam skr\u0113perus bez kal\u0161anas (pa\u0161apstr\u0101dei).Iesp\u0113ja ieg\u0101d\u0101ties armat\u016bru pa\u0161i (pa\u0161nodarbin\u0101t\u0101m, ar ner\u016bs\u0113jo\u0161\u0101m skr\u016bv\u0113m).","og_url":"https:\/\/carnitec.com\/lv\/products\/skreperu-zults-skrapju-skreperi\/","og_site_name":"Carnitec","article_publisher":"https:\/\/facebook.com\/carnitec1","article_modified_time":"2019-05-27T11:13:49+00:00","og_image":[{"width":940,"height":353,"url":"https:\/\/carnitec.com\/wp-content\/uploads\/2015\/12\/bila.jpg","type":"image\/jpeg"}],"twitter_card":"summary","twitter_site":"@carnitec_","twitter_misc":{"Est. reading time":"1 min\u016b\u0161u"},"schema":{"@context":"https:\/\/schema.org","@graph":[{"@type":"WebPage","@id":"https:\/\/carnitec.com\/lv\/products\/skreperu-zults-skrapju-skreperi\/","url":"https:\/\/carnitec.com\/lv\/products\/skreperu-zults-skrapju-skreperi\/","name":"Skr\u0113peru \u017eults, skr\u0101pju skr\u0113peri - Carnitec","isPartOf":{"@id":"https:\/\/carnitec.com\/lv\/#website"},"datePublished":"2019-05-27T11:11:02+00:00","dateModified":"2019-05-27T11:13:49+00:00","description":"P\u0113c klienta piepras\u012bjuma m\u0113s pieg\u0101d\u0101jam skr\u0113perus bez kal\u0161anas (pa\u0161apstr\u0101dei).Iesp\u0113ja ieg\u0101d\u0101ties armat\u016bru pa\u0161i (pa\u0161nodarbin\u0101t\u0101m, ar ner\u016bs\u0113jo\u0161\u0101m skr\u016bv\u0113m).","breadcrumb":{"@id":"https:\/\/carnitec.com\/lv\/products\/skreperu-zults-skrapju-skreperi\/#breadcrumb"},"inLanguage":"lv-LV","potentialAction":[{"@type":"ReadAction","target":["https:\/\/carnitec.com\/lv\/products\/skreperu-zults-skrapju-skreperi\/"]}]},{"@type":"BreadcrumbList","@id":"https:\/\/carnitec.com\/lv\/products\/skreperu-zults-skrapju-skreperi\/#breadcrumb","itemListElement":[{"@type":"ListItem","position":1,"name":"\u0413\u043b\u0430\u0432\u043d\u0430\u044f \u0441\u0442\u0440\u0430\u043d\u0438\u0446\u0430","item":"https:\/\/carnitec.com\/lv\/"},{"@type":"ListItem","position":2,"name":"\u0422\u043e\u0432\u0430\u0440\u044b","item":"https:\/\/carnitec.com\/shop\/"},{"@type":"ListItem","position":3,"name":"Skr\u0113peru \u017eults, skr\u0101pju skr\u0113peri"}]},{"@type":"WebSite","@id":"https:\/\/carnitec.com\/lv\/#website","url":"https:\/\/carnitec.com\/lv\/","name":"Carnitec","description":"P\u0101rtikas r\u016bpniec\u012bbas iek\u0101rtas","publisher":{"@id":"https:\/\/carnitec.com\/lv\/#organization"},"potentialAction":[{"@type":"SearchAction","target":{"@type":"EntryPoint","urlTemplate":"https:\/\/carnitec.com\/lv\/?s={search_term_string}"},"query-input":"required name=search_term_string"}],"inLanguage":"lv-LV"},{"@type":"Organization","@id":"https:\/\/carnitec.com\/lv\/#organization","name":"Carnitec - food processing equipment","url":"https:\/\/carnitec.com\/lv\/","sameAs":["https:\/\/www.instagram.com\/carnitec\/?hl=en","https:\/\/www.linkedin.com\/company\/carnitec-ltd\/","https:\/\/www.youtube.com\/channel\/UCwfiuJujkF2QxPPZAqB0T2w","https:\/\/facebook.com\/carnitec1","https:\/\/twitter.com\/carnitec_"],"logo":{"@type":"ImageObject","inLanguage":"lv-LV","@id":"https:\/\/carnitec.com\/lv\/#\/schema\/logo\/image\/","url":"http:\/\/carnitec.com\/wp-content\/uploads\/2018\/01\/carnitec_logo_2018.png","contentUrl":"http:\/\/carnitec.com\/wp-content\/uploads\/2018\/01\/carnitec_logo_2018.png","width":180,"height":50,"caption":"Carnitec - food processing equipment"},"image":{"@id":"https:\/\/carnitec.com\/lv\/#\/schema\/logo\/image\/"}}]}},"_links":{"self":[{"href":"https:\/\/carnitec.com\/lv\/wp-json\/wp\/v2\/product\/44854"}],"collection":[{"href":"https:\/\/carnitec.com\/lv\/wp-json\/wp\/v2\/product"}],"about":[{"href":"https:\/\/carnitec.com\/lv\/wp-json\/wp\/v2\/types\/product"}],"wp:featuredmedia":[{"embeddable":true,"href":"https:\/\/carnitec.com\/lv\/wp-json\/wp\/v2\/media\/44855"}],"wp:attachment":[{"href":"https:\/\/carnitec.com\/lv\/wp-json\/wp\/v2\/media?parent=44854"}],"wp:term":[{"taxonomy":"product_cat","embeddable":true,"href":"https:\/\/carnitec.com\/lv\/wp-json\/wp\/v2\/product_cat?post=44854"},{"taxonomy":"product_tag","embeddable":true,"href":"https:\/\/carnitec.com\/lv\/wp-json\/wp\/v2\/product_tag?post=44854"}],"curies":[{"name":"wp","href":"https:\/\/api.w.org\/{rel}","templated":true}]}}