{"id":44846,"date":"2015-11-02T21:13:25","date_gmt":"2019-05-27T07:45:48","guid":{"rendered":"https:\/\/staging1.carnitec.com\/?post_type=product&#038;p=44846"},"modified":"2019-05-27T09:45:48","modified_gmt":"2019-05-27T07:45:48","slug":"mehaniskais-kaulu-atdalitajs-sm208","status":"publish","type":"product","link":"https:\/\/carnitec.com\/lv\/products\/mehaniskais-kaulu-atdalitajs-sm208\/","title":{"rendered":"Meh\u0101niskais kaulu atdal\u012bt\u0101js SM208"},"content":{"rendered":"<p>Pal\u012bdz jums maksim\u0101li izmantot j\u016bsu izejvielu, <a href=\"http:\/\/carnitec.com\/lv\/brands\/am2c-lv\/\">AM2C<\/a>\u00ae specializ\u0113jas augstas iz\u0161\u0137irtsp\u0113jas meh\u0101nisk\u0101 atdal\u012b\u0161an\u0101. M\u016bsu iztur\u012bgais, <a href=\"http:\/\/carnitec.com\/lv\/products\/mazgasanas-galds-ar-celgala-vadibu\/\">ner\u016bs\u0113jo\u0161\u0101<\/a> t\u0113rauda dizains iztur ikdienas darb\u012bbas. Un m\u016bsu l\u0113nais rot\u0101cijas \u0101trums nodro\u0161ina izcilu galaprodukta kvalit\u0101ti. AM2C ir ide\u0101ls risin\u0101jums j\u016bsu meh\u0101nisk\u0101s <a href=\"http:\/\/carnitec.com\/lv\/pasaules-specigakais-universalais-aprikojums-airmaster-ukq-airjet\/\">atdal\u012b\u0161anas<\/a> ra\u017eo\u0161anas l\u012bnijai.<\/p>\n<p>Uzziniet vair\u0101k par m\u016bsu pla\u0161o AM2C separatoru kl\u0101stu un izv\u0113lieties to, kas vislab\u0101k atbilst j\u016bsu vajadz\u012bb\u0101m.<\/p>\n<p><iframe loading=\"lazy\" title=\"AM2C \u0441\u0435\u043f\u0430\u0440\u0430\u0442\u043e\u0440.mpg\" width=\"640\" height=\"480\" src=\"https:\/\/www.youtube.com\/embed\/tuT6MCbzwJw?feature=oembed\" frameborder=\"0\" allow=\"accelerometer; autoplay; clipboard-write; encrypted-media; gyroscope; picture-in-picture\" allowfullscreen><\/iframe><\/p>\n<p><strong>AM2C priek\u0161roc\u012bbas<\/strong><\/p>\n<ul>\n<li>L\u0113nais apgriezienu skaits;<\/li>\n<li>Operatoram draudz\u012bgas vad\u012bbas ier\u012bces;<\/li>\n<li>Viegli t\u012br\u0101ms, mont\u0113jams un demont\u0113jams;<\/li>\n<li>Atdal\u012bt\u0101j\u0101 iestr\u0101d\u0101ts priek\u0161sadal\u012bjums;<\/li>\n<li>Zemas temperat\u016bras paaugstin\u0101\u0161an\u0101s;<\/li>\n<li>Zemas uztur\u0113\u0161anas izmaksas;<\/li>\n<li>Viegla un prec\u012bza ra\u017eas korekcija un iestat\u012bjumi;<\/li>\n<li>Modul\u0101ri un elast\u012bgi: 3 komplekti, kas ir pieejami, pamatojoties uz gatavo produktu;<\/li>\n<li>Piln\u012bgas l\u012bnijas ar iekr\u0101v\u0113ju, uzglab\u0101\u0161anas tvertni, konveijeru, met\u0101la detektoru, sv\u0113r\u0161anas galdu un mais\u012bt\u0101ju;<\/li>\n<li>T\u0101s pa\u0161as galvas (skr\u016bve un filtrs) re\u0123ener\u0101cija no 8 l\u012bdz 12 reiz\u0113m;<\/li>\n<li>Piln\u012bb\u0101 atbalst\u012bta m\u016bsu zino\u0161o tehni\u0137u palai\u0161ana un apm\u0101c\u012bba;<\/li>\n<\/ul>\n<p><strong>AM2C SM208 (meh\u0101niska atdal\u012b\u0161ana)<\/strong><\/p>\n<ul>\n<li>Tilpums (m\u0101jputni) 200-300 kg \/ h<\/li>\n<li>Jauda (zivis) 200-300 kg \/ h<\/li>\n<\/ul>\n","protected":false},"excerpt":{"rendered":"<p>Pal\u012bdz jums maksim\u0101li izmantot j\u016bsu izejvielu, AM2C\u00ae specializ\u0113jas augstas iz\u0161\u0137irtsp\u0113jas meh\u0101nisk\u0101 atdal\u012b\u0161an\u0101. M\u016bsu iztur\u012bgais, ner\u016bs\u0113jo\u0161\u0101 t\u0113rauda dizains iztur ikdienas darb\u012bbas. Un m\u016bsu l\u0113nais rot\u0101cijas \u0101trums nodro\u0161ina izcilu galaprodukta kvalit\u0101ti. AM2C ir ide\u0101ls risin\u0101jums j\u016bsu meh\u0101nisk\u0101s atdal\u012b\u0161anas ra\u017eo\u0161anas l\u012bnijai.<\/p>\n","protected":false},"featured_media":44847,"template":"","meta":{"content-type":"","_monsterinsights_skip_tracking":false,"_monsterinsights_sitenote_active":false,"_monsterinsights_sitenote_note":"","_monsterinsights_sitenote_category":0},"product_cat":[3807],"product_tag":[],"yoast_head":"<!-- This site is optimized with the Yoast SEO plugin v19.5.1 - https:\/\/yoast.com\/wordpress\/plugins\/seo\/ -->\n<title>Meh\u0101niskais kaulu atdal\u012bt\u0101js SM208 - Carnitec<\/title>\n<meta name=\"description\" content=\"AM2C\u00ae specializ\u0113jas augstas iz\u0161\u0137irtsp\u0113jas meh\u0101nisk\u0101 atdal\u012b\u0161an\u0101. M\u016bsu iztur\u012bgais, ner\u016bs\u0113jo\u0161\u0101 t\u0113rauda dizains iztur ikdienas darb\u012bbas.\" \/>\n<meta name=\"robots\" content=\"index, follow, max-snippet:-1, max-image-preview:large, max-video-preview:-1\" \/>\n<link rel=\"canonical\" href=\"https:\/\/carnitec.com\/lv\/products\/mehaniskais-kaulu-atdalitajs-sm208\/\" \/>\n<meta property=\"og:locale\" content=\"lv_LV\" \/>\n<meta property=\"og:type\" content=\"article\" \/>\n<meta property=\"og:title\" content=\"Meh\u0101niskais kaulu atdal\u012bt\u0101js SM208 - Carnitec\" \/>\n<meta property=\"og:description\" content=\"AM2C\u00ae specializ\u0113jas augstas iz\u0161\u0137irtsp\u0113jas meh\u0101nisk\u0101 atdal\u012b\u0161an\u0101. M\u016bsu iztur\u012bgais, ner\u016bs\u0113jo\u0161\u0101 t\u0113rauda dizains iztur ikdienas darb\u012bbas.\" \/>\n<meta property=\"og:url\" content=\"https:\/\/carnitec.com\/lv\/products\/mehaniskais-kaulu-atdalitajs-sm208\/\" \/>\n<meta property=\"og:site_name\" content=\"Carnitec\" \/>\n<meta property=\"article:publisher\" content=\"https:\/\/facebook.com\/carnitec1\" \/>\n<meta property=\"og:image\" content=\"https:\/\/carnitec.com\/wp-content\/uploads\/2015\/11\/SM-100-208-210-500x575.jpg\" \/>\n\t<meta property=\"og:image:width\" content=\"500\" \/>\n\t<meta property=\"og:image:height\" content=\"575\" \/>\n\t<meta property=\"og:image:type\" content=\"image\/jpeg\" \/>\n<meta name=\"twitter:card\" content=\"summary\" \/>\n<meta name=\"twitter:site\" content=\"@carnitec_\" \/>\n<meta name=\"twitter:label1\" content=\"Est. reading time\" \/>\n\t<meta name=\"twitter:data1\" content=\"1 min\u016b\u0161u\" \/>\n<script type=\"application\/ld+json\" class=\"yoast-schema-graph\">{\"@context\":\"https:\/\/schema.org\",\"@graph\":[{\"@type\":\"WebPage\",\"@id\":\"https:\/\/carnitec.com\/lv\/products\/mehaniskais-kaulu-atdalitajs-sm208\/\",\"url\":\"https:\/\/carnitec.com\/lv\/products\/mehaniskais-kaulu-atdalitajs-sm208\/\",\"name\":\"Meh\u0101niskais kaulu atdal\u012bt\u0101js SM208 - Carnitec\",\"isPartOf\":{\"@id\":\"https:\/\/carnitec.com\/lv\/#website\"},\"datePublished\":\"2019-05-27T07:45:48+00:00\",\"dateModified\":\"2019-05-27T07:45:48+00:00\",\"description\":\"AM2C\u00ae specializ\u0113jas augstas iz\u0161\u0137irtsp\u0113jas meh\u0101nisk\u0101 atdal\u012b\u0161an\u0101. M\u016bsu iztur\u012bgais, ner\u016bs\u0113jo\u0161\u0101 t\u0113rauda dizains iztur ikdienas darb\u012bbas.\",\"breadcrumb\":{\"@id\":\"https:\/\/carnitec.com\/lv\/products\/mehaniskais-kaulu-atdalitajs-sm208\/#breadcrumb\"},\"inLanguage\":\"lv-LV\",\"potentialAction\":[{\"@type\":\"ReadAction\",\"target\":[\"https:\/\/carnitec.com\/lv\/products\/mehaniskais-kaulu-atdalitajs-sm208\/\"]}]},{\"@type\":\"BreadcrumbList\",\"@id\":\"https:\/\/carnitec.com\/lv\/products\/mehaniskais-kaulu-atdalitajs-sm208\/#breadcrumb\",\"itemListElement\":[{\"@type\":\"ListItem\",\"position\":1,\"name\":\"\u0413\u043b\u0430\u0432\u043d\u0430\u044f \u0441\u0442\u0440\u0430\u043d\u0438\u0446\u0430\",\"item\":\"https:\/\/carnitec.com\/lv\/\"},{\"@type\":\"ListItem\",\"position\":2,\"name\":\"\u0422\u043e\u0432\u0430\u0440\u044b\",\"item\":\"https:\/\/carnitec.com\/shop\/\"},{\"@type\":\"ListItem\",\"position\":3,\"name\":\"Meh\u0101niskais kaulu atdal\u012bt\u0101js SM208\"}]},{\"@type\":\"WebSite\",\"@id\":\"https:\/\/carnitec.com\/lv\/#website\",\"url\":\"https:\/\/carnitec.com\/lv\/\",\"name\":\"Carnitec\",\"description\":\"P\u0101rtikas r\u016bpniec\u012bbas iek\u0101rtas\",\"publisher\":{\"@id\":\"https:\/\/carnitec.com\/lv\/#organization\"},\"potentialAction\":[{\"@type\":\"SearchAction\",\"target\":{\"@type\":\"EntryPoint\",\"urlTemplate\":\"https:\/\/carnitec.com\/lv\/?s={search_term_string}\"},\"query-input\":\"required name=search_term_string\"}],\"inLanguage\":\"lv-LV\"},{\"@type\":\"Organization\",\"@id\":\"https:\/\/carnitec.com\/lv\/#organization\",\"name\":\"Carnitec - food processing equipment\",\"url\":\"https:\/\/carnitec.com\/lv\/\",\"sameAs\":[\"https:\/\/www.instagram.com\/carnitec\/?hl=en\",\"https:\/\/www.linkedin.com\/company\/carnitec-ltd\/\",\"https:\/\/www.youtube.com\/channel\/UCwfiuJujkF2QxPPZAqB0T2w\",\"https:\/\/facebook.com\/carnitec1\",\"https:\/\/twitter.com\/carnitec_\"],\"logo\":{\"@type\":\"ImageObject\",\"inLanguage\":\"lv-LV\",\"@id\":\"https:\/\/carnitec.com\/lv\/#\/schema\/logo\/image\/\",\"url\":\"http:\/\/carnitec.com\/wp-content\/uploads\/2018\/01\/carnitec_logo_2018.png\",\"contentUrl\":\"http:\/\/carnitec.com\/wp-content\/uploads\/2018\/01\/carnitec_logo_2018.png\",\"width\":180,\"height\":50,\"caption\":\"Carnitec - food processing equipment\"},\"image\":{\"@id\":\"https:\/\/carnitec.com\/lv\/#\/schema\/logo\/image\/\"}}]}<\/script>\n<!-- \/ Yoast SEO plugin. -->","yoast_head_json":{"title":"Meh\u0101niskais kaulu atdal\u012bt\u0101js SM208 - Carnitec","description":"AM2C\u00ae specializ\u0113jas augstas iz\u0161\u0137irtsp\u0113jas meh\u0101nisk\u0101 atdal\u012b\u0161an\u0101. M\u016bsu iztur\u012bgais, ner\u016bs\u0113jo\u0161\u0101 t\u0113rauda dizains iztur ikdienas darb\u012bbas.","robots":{"index":"index","follow":"follow","max-snippet":"max-snippet:-1","max-image-preview":"max-image-preview:large","max-video-preview":"max-video-preview:-1"},"canonical":"https:\/\/carnitec.com\/lv\/products\/mehaniskais-kaulu-atdalitajs-sm208\/","og_locale":"lv_LV","og_type":"article","og_title":"Meh\u0101niskais kaulu atdal\u012bt\u0101js SM208 - Carnitec","og_description":"AM2C\u00ae specializ\u0113jas augstas iz\u0161\u0137irtsp\u0113jas meh\u0101nisk\u0101 atdal\u012b\u0161an\u0101. M\u016bsu iztur\u012bgais, ner\u016bs\u0113jo\u0161\u0101 t\u0113rauda dizains iztur ikdienas darb\u012bbas.","og_url":"https:\/\/carnitec.com\/lv\/products\/mehaniskais-kaulu-atdalitajs-sm208\/","og_site_name":"Carnitec","article_publisher":"https:\/\/facebook.com\/carnitec1","og_image":[{"width":500,"height":575,"url":"https:\/\/carnitec.com\/wp-content\/uploads\/2015\/11\/SM-100-208-210-500x575.jpg","type":"image\/jpeg"}],"twitter_card":"summary","twitter_site":"@carnitec_","twitter_misc":{"Est. reading time":"1 min\u016b\u0161u"},"schema":{"@context":"https:\/\/schema.org","@graph":[{"@type":"WebPage","@id":"https:\/\/carnitec.com\/lv\/products\/mehaniskais-kaulu-atdalitajs-sm208\/","url":"https:\/\/carnitec.com\/lv\/products\/mehaniskais-kaulu-atdalitajs-sm208\/","name":"Meh\u0101niskais kaulu atdal\u012bt\u0101js SM208 - Carnitec","isPartOf":{"@id":"https:\/\/carnitec.com\/lv\/#website"},"datePublished":"2019-05-27T07:45:48+00:00","dateModified":"2019-05-27T07:45:48+00:00","description":"AM2C\u00ae specializ\u0113jas augstas iz\u0161\u0137irtsp\u0113jas meh\u0101nisk\u0101 atdal\u012b\u0161an\u0101. M\u016bsu iztur\u012bgais, ner\u016bs\u0113jo\u0161\u0101 t\u0113rauda dizains iztur ikdienas darb\u012bbas.","breadcrumb":{"@id":"https:\/\/carnitec.com\/lv\/products\/mehaniskais-kaulu-atdalitajs-sm208\/#breadcrumb"},"inLanguage":"lv-LV","potentialAction":[{"@type":"ReadAction","target":["https:\/\/carnitec.com\/lv\/products\/mehaniskais-kaulu-atdalitajs-sm208\/"]}]},{"@type":"BreadcrumbList","@id":"https:\/\/carnitec.com\/lv\/products\/mehaniskais-kaulu-atdalitajs-sm208\/#breadcrumb","itemListElement":[{"@type":"ListItem","position":1,"name":"\u0413\u043b\u0430\u0432\u043d\u0430\u044f \u0441\u0442\u0440\u0430\u043d\u0438\u0446\u0430","item":"https:\/\/carnitec.com\/lv\/"},{"@type":"ListItem","position":2,"name":"\u0422\u043e\u0432\u0430\u0440\u044b","item":"https:\/\/carnitec.com\/shop\/"},{"@type":"ListItem","position":3,"name":"Meh\u0101niskais kaulu atdal\u012bt\u0101js SM208"}]},{"@type":"WebSite","@id":"https:\/\/carnitec.com\/lv\/#website","url":"https:\/\/carnitec.com\/lv\/","name":"Carnitec","description":"P\u0101rtikas r\u016bpniec\u012bbas iek\u0101rtas","publisher":{"@id":"https:\/\/carnitec.com\/lv\/#organization"},"potentialAction":[{"@type":"SearchAction","target":{"@type":"EntryPoint","urlTemplate":"https:\/\/carnitec.com\/lv\/?s={search_term_string}"},"query-input":"required name=search_term_string"}],"inLanguage":"lv-LV"},{"@type":"Organization","@id":"https:\/\/carnitec.com\/lv\/#organization","name":"Carnitec - food processing equipment","url":"https:\/\/carnitec.com\/lv\/","sameAs":["https:\/\/www.instagram.com\/carnitec\/?hl=en","https:\/\/www.linkedin.com\/company\/carnitec-ltd\/","https:\/\/www.youtube.com\/channel\/UCwfiuJujkF2QxPPZAqB0T2w","https:\/\/facebook.com\/carnitec1","https:\/\/twitter.com\/carnitec_"],"logo":{"@type":"ImageObject","inLanguage":"lv-LV","@id":"https:\/\/carnitec.com\/lv\/#\/schema\/logo\/image\/","url":"http:\/\/carnitec.com\/wp-content\/uploads\/2018\/01\/carnitec_logo_2018.png","contentUrl":"http:\/\/carnitec.com\/wp-content\/uploads\/2018\/01\/carnitec_logo_2018.png","width":180,"height":50,"caption":"Carnitec - food processing equipment"},"image":{"@id":"https:\/\/carnitec.com\/lv\/#\/schema\/logo\/image\/"}}]}},"_links":{"self":[{"href":"https:\/\/carnitec.com\/lv\/wp-json\/wp\/v2\/product\/44846"}],"collection":[{"href":"https:\/\/carnitec.com\/lv\/wp-json\/wp\/v2\/product"}],"about":[{"href":"https:\/\/carnitec.com\/lv\/wp-json\/wp\/v2\/types\/product"}],"wp:featuredmedia":[{"embeddable":true,"href":"https:\/\/carnitec.com\/lv\/wp-json\/wp\/v2\/media\/44847"}],"wp:attachment":[{"href":"https:\/\/carnitec.com\/lv\/wp-json\/wp\/v2\/media?parent=44846"}],"wp:term":[{"taxonomy":"product_cat","embeddable":true,"href":"https:\/\/carnitec.com\/lv\/wp-json\/wp\/v2\/product_cat?post=44846"},{"taxonomy":"product_tag","embeddable":true,"href":"https:\/\/carnitec.com\/lv\/wp-json\/wp\/v2\/product_tag?post=44846"}],"curies":[{"name":"wp","href":"https:\/\/api.w.org\/{rel}","templated":true}]}}