{"id":44777,"date":"2017-07-01T17:36:51","date_gmt":"2019-05-15T11:25:21","guid":{"rendered":"https:\/\/staging1.carnitec.com\/?post_type=product&#038;p=44777"},"modified":"2019-05-15T13:25:21","modified_gmt":"2019-05-15T11:25:21","slug":"gliemezprese-mehaniskai-atkaulosanai-sm-620","status":"publish","type":"product","link":"https:\/\/carnitec.com\/lv\/products\/gliemezprese-mehaniskai-atkaulosanai-sm-620\/","title":{"rendered":"Glieme\u017eprese meh\u0101nisk\u0101i atkaulo\u0161anai SM 620"},"content":{"rendered":"<p>Atdal\u012bt\u0101ja <a href=\"http:\/\/carnitec.com\/lv\/separatori-am2c\/\">AM2C<\/a> darb\u012bbas princips<\/p>\n<ul>\n<li>Izejmateri\u0101lu, izmantojot skr\u016bvi ar main\u0101mu augstumu, transport\u0113 uz trumu\u013ca filtru, kur to pak\u013cauj \u012bslaic\u012bgai saspie\u0161anai. Caur caurumiem, kas atrodas filtr\u0101, m\u012bkst\u0101s frakcijas izpl\u016bst un kaulu audi, kas atdal\u012bti no ga\u013cas, pl\u016bst pa trumu un izpl\u016bst caur v\u0101rstu, kas var regul\u0113t atdal\u012b\u0161anas kvalit\u0101ti.<\/li>\n<li>\u0160\u012b metode \u013cauj sasniegt maksim\u0101lo atdal\u012bt\u0101s ga\u013cas ra\u017eu.<\/li>\n<li>Sal\u012bdzinot ar citu ra\u017eot\u0101ju l\u012bdz\u012bg\u0101m iek\u0101rt\u0101m, produkcija palielin\u0101s par 5-10%.<\/li>\n<li>\u012apa\u0161as formas skr\u016bves izmanto\u0161anas d\u0113\u013c izejvielai nav nepiecie\u0161ama iepriek\u0161\u0113ja sl\u012bp\u0113\u0161ana, un to var ievietot ma\u0161\u012bn\u0101 t\u016bl\u012bt p\u0113c <a href=\"http:\/\/carnitec.com\/lv\/galas-atkaulosana\/\">atkaulo\u0161anas<\/a>.<\/li>\n<li>Pateicoties augstas kvalit\u0101tes materi\u0101liem un ma\u0161\u012bnu deta\u013cu dizaina iez\u012bm\u0113m, tiek pan\u0101kta viegl\u0101k\u0101 izejvielu <a href=\"http:\/\/carnitec.com\/lv\/products\/razosanas-vadibas-sistema-gosystems\/\">apstr\u0101de<\/a> un minim\u0101la apkure.<\/li>\n<li>Ma\u0161\u012bnas konstrukcija nodro\u0161ina augstu dro\u0161\u012bbu t\u0101s darb\u012bbas laik\u0101. Ma\u0161\u012bnu ir viegli uztur\u0113t un tam nav vajadz\u012bgs speci\u0101li apm\u0101c\u012bts person\u0101ls.<\/li>\n<li>Optim\u0101l\u0101 izejvielu temperat\u016bra no 0\u00ba l\u012bdz 4\u00ba \u0421, kam\u0113r produkta temperat\u016bra pie izejas palielin\u0101s no 2\u00ba l\u012bdz 4\u00ba \u0421 papildus.<\/li>\n<li>Temperat\u016bras pieaugums ir atkar\u012bgs no iek\u0101rtas iestat\u012bjumiem (gatav\u0101 produkta maksim\u0101l\u0101 vai minim\u0101l\u0101 ra\u017e\u012bba).<\/li>\n<li>Kaulu atlikuma da\u013ci\u0146u izm\u0113ru atdal\u012btaj\u0101 ga\u013c\u0101 nosaka filtra izm\u0113rs caur caurumiem un ir atkar\u012bgs no ma\u0161\u012bnas iestat\u012bjumiem (gatav\u0101 produkta maksim\u0101l\u0101 vai minim\u0101l\u0101 ra\u017e\u012bba), ne vair\u0101k k\u0101 0,5 mm.<\/li>\n<li>Kaulu atlieku saturs atdal\u012btaj\u0101 ga\u013c\u0101 ir atkar\u012bgs no ma\u0161\u012bnas iestat\u012bjumiem (gatav\u0101 produkta maksim\u0101l\u0101 vai minim\u0101l\u0101 ra\u017e\u012bba), ne vair\u0101k k\u0101 0,2%.<\/li>\n<li>Kalcija saturs atdal\u012btaj\u0101 ga\u013c\u0101 ir atkar\u012bgs no ma\u0161\u012bnas iestat\u012bjumiem (gatav\u0101 produkta maksim\u0101l\u0101 vai minim\u0101l\u0101 ra\u017e\u012bba) un <a href=\"http:\/\/carnitec.com\/lv\/pakalpojumi\/galas-parstrades-uznemumu-projektesana\/\">p\u0101rstr\u0101d\u0101to produktu<\/a> veidu, bet ne vair\u0101k k\u0101 0,35%.<\/li>\n<\/ul>\n<p>Skr\u016bvju preses (separatora) meh\u0101nisk\u0101 ga\u013cas atkaulo\u0161ana meh\u0101nisk\u0101 veid\u0101, modelis SM 620<br \/>\n<strong>M\u0113r\u0137is<\/strong>: musku\u013cu audu meh\u0101niska atdal\u012b\u0161ana no kaula (pirmais grie\u0161an\u0101s, zems spiediens, spraugas)<br \/>\n<strong>Izejvielas<\/strong>: m\u0101jputni, c\u016bkga\u013ca, te\u013c\u0161, trusis (ar kaulu) Produkti: ga\u013cas meh\u0101nisk\u0101 atkaulo\u0161ana (MDM, m\u012bklas ga\u013cas masa)<\/p>\n<p><strong>Komplekt\u0101cija<\/strong>:<br \/>\n&#8211; &#8220;Slotted zeer&#8221; (\u00d8 0,8 &#8230; 1,0 &#8230; 1,2 mm)<br \/>\n&#8211; Autom\u0101tisk\u0101 atpaka\u013cgaita<br \/>\n&#8211; M\u012bkstais starteris<br \/>\n<strong>Produktivit\u0101te izejviel\u0101m:<\/strong><br \/>\n&#8211; 1000 l\u012bdz 1500 kg \/ h &#8211; c\u016bk\u0101m<br \/>\n&#8211; no 400 l\u012bdz 600 kg m\u0101jputniem<br \/>\nIekrau\u0161anas kakla spriegums: 240 l<br \/>\nRa\u017eot\u0101js: AM2S (Francija)<br \/>\n<strong>Specifik\u0101cijas:<\/strong><br \/>\nBaro\u0161anas avota parametri: 400V 50Hz 29\u0410<br \/>\nJauda: 15 kW<br \/>\nIzm\u0113ri: L x W x H 2140x960x1800 mm<br \/>\nMassa: 750 kg<\/p>\n<p>&nbsp;<\/p>\n<p><iframe loading=\"lazy\" title=\"Barracuda\u00ae Mechanical Bone Separators\" width=\"640\" height=\"360\" src=\"https:\/\/www.youtube.com\/embed\/aLakZWG4vyU?feature=oembed\" frameborder=\"0\" allow=\"accelerometer; autoplay; clipboard-write; encrypted-media; gyroscope; picture-in-picture\" allowfullscreen><\/iframe><\/p>\n","protected":false},"excerpt":{"rendered":"<p>\u012apa\u0161as formas skr\u016bves izmanto\u0161anas d\u0113\u013c izejvielai nav nepiecie\u0161ama iepriek\u0161\u0113ja sl\u012bp\u0113\u0161ana, un to var ievietot ma\u0161\u012bn\u0101 t\u016bl\u012bt p\u0113c atkaulo\u0161anas.<\/p>\n","protected":false},"featured_media":12325,"template":"","meta":{"content-type":"","_monsterinsights_skip_tracking":false,"_monsterinsights_sitenote_active":false,"_monsterinsights_sitenote_note":"","_monsterinsights_sitenote_category":0},"product_cat":[],"product_tag":[],"yoast_head":"<!-- This site is optimized with the Yoast SEO plugin v19.5.1 - https:\/\/yoast.com\/wordpress\/plugins\/seo\/ -->\n<title>Glieme\u017eprese meh\u0101nisk\u0101i atkaulo\u0161anai SM 620 - Carnitec<\/title>\n<meta name=\"description\" content=\"\u012apa\u0161as formas skr\u016bves izmanto\u0161anas d\u0113\u013c izejvielai nav nepiecie\u0161ama iepriek\u0161\u0113ja sl\u012bp\u0113\u0161ana, un to var ievietot ma\u0161\u012bn\u0101 t\u016bl\u012bt p\u0113c atkaulo\u0161anas.\u2028\" \/>\n<meta name=\"robots\" content=\"index, follow, max-snippet:-1, max-image-preview:large, max-video-preview:-1\" \/>\n<link rel=\"canonical\" href=\"https:\/\/carnitec.com\/lv\/products\/gliemezprese-mehaniskai-atkaulosanai-sm-620\/\" \/>\n<meta property=\"og:locale\" content=\"lv_LV\" \/>\n<meta property=\"og:type\" content=\"article\" \/>\n<meta property=\"og:title\" content=\"Glieme\u017eprese meh\u0101nisk\u0101i atkaulo\u0161anai SM 620 - Carnitec\" \/>\n<meta property=\"og:description\" content=\"\u012apa\u0161as formas skr\u016bves izmanto\u0161anas d\u0113\u013c izejvielai nav nepiecie\u0161ama iepriek\u0161\u0113ja sl\u012bp\u0113\u0161ana, un to var ievietot ma\u0161\u012bn\u0101 t\u016bl\u012bt p\u0113c atkaulo\u0161anas.\u2028\" \/>\n<meta property=\"og:url\" content=\"https:\/\/carnitec.com\/lv\/products\/gliemezprese-mehaniskai-atkaulosanai-sm-620\/\" \/>\n<meta property=\"og:site_name\" content=\"Carnitec\" \/>\n<meta property=\"article:publisher\" content=\"https:\/\/facebook.com\/carnitec1\" \/>\n<meta property=\"og:image\" content=\"https:\/\/carnitec.com\/wp-content\/uploads\/2017\/07\/sm620.jpg\" \/>\n\t<meta property=\"og:image:width\" content=\"314\" \/>\n\t<meta property=\"og:image:height\" content=\"349\" \/>\n\t<meta property=\"og:image:type\" content=\"image\/jpeg\" \/>\n<meta name=\"twitter:card\" content=\"summary\" \/>\n<meta name=\"twitter:site\" content=\"@carnitec_\" \/>\n<meta name=\"twitter:label1\" content=\"Est. reading time\" \/>\n\t<meta name=\"twitter:data1\" content=\"2 min\u016btes\" \/>\n<script type=\"application\/ld+json\" class=\"yoast-schema-graph\">{\"@context\":\"https:\/\/schema.org\",\"@graph\":[{\"@type\":\"WebPage\",\"@id\":\"https:\/\/carnitec.com\/lv\/products\/gliemezprese-mehaniskai-atkaulosanai-sm-620\/\",\"url\":\"https:\/\/carnitec.com\/lv\/products\/gliemezprese-mehaniskai-atkaulosanai-sm-620\/\",\"name\":\"Glieme\u017eprese meh\u0101nisk\u0101i atkaulo\u0161anai SM 620 - Carnitec\",\"isPartOf\":{\"@id\":\"https:\/\/carnitec.com\/lv\/#website\"},\"datePublished\":\"2019-05-15T11:25:21+00:00\",\"dateModified\":\"2019-05-15T11:25:21+00:00\",\"description\":\"\u012apa\u0161as formas skr\u016bves izmanto\u0161anas d\u0113\u013c izejvielai nav nepiecie\u0161ama iepriek\u0161\u0113ja sl\u012bp\u0113\u0161ana, un to var ievietot ma\u0161\u012bn\u0101 t\u016bl\u012bt p\u0113c atkaulo\u0161anas.\\u2028\",\"breadcrumb\":{\"@id\":\"https:\/\/carnitec.com\/lv\/products\/gliemezprese-mehaniskai-atkaulosanai-sm-620\/#breadcrumb\"},\"inLanguage\":\"lv-LV\",\"potentialAction\":[{\"@type\":\"ReadAction\",\"target\":[\"https:\/\/carnitec.com\/lv\/products\/gliemezprese-mehaniskai-atkaulosanai-sm-620\/\"]}]},{\"@type\":\"BreadcrumbList\",\"@id\":\"https:\/\/carnitec.com\/lv\/products\/gliemezprese-mehaniskai-atkaulosanai-sm-620\/#breadcrumb\",\"itemListElement\":[{\"@type\":\"ListItem\",\"position\":1,\"name\":\"\u0413\u043b\u0430\u0432\u043d\u0430\u044f \u0441\u0442\u0440\u0430\u043d\u0438\u0446\u0430\",\"item\":\"https:\/\/carnitec.com\/lv\/\"},{\"@type\":\"ListItem\",\"position\":2,\"name\":\"\u0422\u043e\u0432\u0430\u0440\u044b\",\"item\":\"https:\/\/carnitec.com\/shop\/\"},{\"@type\":\"ListItem\",\"position\":3,\"name\":\"Glieme\u017eprese meh\u0101nisk\u0101i atkaulo\u0161anai SM 620\"}]},{\"@type\":\"WebSite\",\"@id\":\"https:\/\/carnitec.com\/lv\/#website\",\"url\":\"https:\/\/carnitec.com\/lv\/\",\"name\":\"Carnitec\",\"description\":\"P\u0101rtikas r\u016bpniec\u012bbas iek\u0101rtas\",\"publisher\":{\"@id\":\"https:\/\/carnitec.com\/lv\/#organization\"},\"potentialAction\":[{\"@type\":\"SearchAction\",\"target\":{\"@type\":\"EntryPoint\",\"urlTemplate\":\"https:\/\/carnitec.com\/lv\/?s={search_term_string}\"},\"query-input\":\"required name=search_term_string\"}],\"inLanguage\":\"lv-LV\"},{\"@type\":\"Organization\",\"@id\":\"https:\/\/carnitec.com\/lv\/#organization\",\"name\":\"Carnitec - food processing equipment\",\"url\":\"https:\/\/carnitec.com\/lv\/\",\"sameAs\":[\"https:\/\/www.instagram.com\/carnitec\/?hl=en\",\"https:\/\/www.linkedin.com\/company\/carnitec-ltd\/\",\"https:\/\/www.youtube.com\/channel\/UCwfiuJujkF2QxPPZAqB0T2w\",\"https:\/\/facebook.com\/carnitec1\",\"https:\/\/twitter.com\/carnitec_\"],\"logo\":{\"@type\":\"ImageObject\",\"inLanguage\":\"lv-LV\",\"@id\":\"https:\/\/carnitec.com\/lv\/#\/schema\/logo\/image\/\",\"url\":\"http:\/\/carnitec.com\/wp-content\/uploads\/2018\/01\/carnitec_logo_2018.png\",\"contentUrl\":\"http:\/\/carnitec.com\/wp-content\/uploads\/2018\/01\/carnitec_logo_2018.png\",\"width\":180,\"height\":50,\"caption\":\"Carnitec - food processing equipment\"},\"image\":{\"@id\":\"https:\/\/carnitec.com\/lv\/#\/schema\/logo\/image\/\"}}]}<\/script>\n<!-- \/ Yoast SEO plugin. -->","yoast_head_json":{"title":"Glieme\u017eprese meh\u0101nisk\u0101i atkaulo\u0161anai SM 620 - Carnitec","description":"\u012apa\u0161as formas skr\u016bves izmanto\u0161anas d\u0113\u013c izejvielai nav nepiecie\u0161ama iepriek\u0161\u0113ja sl\u012bp\u0113\u0161ana, un to var ievietot ma\u0161\u012bn\u0101 t\u016bl\u012bt p\u0113c atkaulo\u0161anas.\u2028","robots":{"index":"index","follow":"follow","max-snippet":"max-snippet:-1","max-image-preview":"max-image-preview:large","max-video-preview":"max-video-preview:-1"},"canonical":"https:\/\/carnitec.com\/lv\/products\/gliemezprese-mehaniskai-atkaulosanai-sm-620\/","og_locale":"lv_LV","og_type":"article","og_title":"Glieme\u017eprese meh\u0101nisk\u0101i atkaulo\u0161anai SM 620 - Carnitec","og_description":"\u012apa\u0161as formas skr\u016bves izmanto\u0161anas d\u0113\u013c izejvielai nav nepiecie\u0161ama iepriek\u0161\u0113ja sl\u012bp\u0113\u0161ana, un to var ievietot ma\u0161\u012bn\u0101 t\u016bl\u012bt p\u0113c atkaulo\u0161anas.\u2028","og_url":"https:\/\/carnitec.com\/lv\/products\/gliemezprese-mehaniskai-atkaulosanai-sm-620\/","og_site_name":"Carnitec","article_publisher":"https:\/\/facebook.com\/carnitec1","og_image":[{"width":314,"height":349,"url":"https:\/\/carnitec.com\/wp-content\/uploads\/2017\/07\/sm620.jpg","type":"image\/jpeg"}],"twitter_card":"summary","twitter_site":"@carnitec_","twitter_misc":{"Est. reading time":"2 min\u016btes"},"schema":{"@context":"https:\/\/schema.org","@graph":[{"@type":"WebPage","@id":"https:\/\/carnitec.com\/lv\/products\/gliemezprese-mehaniskai-atkaulosanai-sm-620\/","url":"https:\/\/carnitec.com\/lv\/products\/gliemezprese-mehaniskai-atkaulosanai-sm-620\/","name":"Glieme\u017eprese meh\u0101nisk\u0101i atkaulo\u0161anai SM 620 - Carnitec","isPartOf":{"@id":"https:\/\/carnitec.com\/lv\/#website"},"datePublished":"2019-05-15T11:25:21+00:00","dateModified":"2019-05-15T11:25:21+00:00","description":"\u012apa\u0161as formas skr\u016bves izmanto\u0161anas d\u0113\u013c izejvielai nav nepiecie\u0161ama iepriek\u0161\u0113ja sl\u012bp\u0113\u0161ana, un to var ievietot ma\u0161\u012bn\u0101 t\u016bl\u012bt p\u0113c atkaulo\u0161anas.\u2028","breadcrumb":{"@id":"https:\/\/carnitec.com\/lv\/products\/gliemezprese-mehaniskai-atkaulosanai-sm-620\/#breadcrumb"},"inLanguage":"lv-LV","potentialAction":[{"@type":"ReadAction","target":["https:\/\/carnitec.com\/lv\/products\/gliemezprese-mehaniskai-atkaulosanai-sm-620\/"]}]},{"@type":"BreadcrumbList","@id":"https:\/\/carnitec.com\/lv\/products\/gliemezprese-mehaniskai-atkaulosanai-sm-620\/#breadcrumb","itemListElement":[{"@type":"ListItem","position":1,"name":"\u0413\u043b\u0430\u0432\u043d\u0430\u044f \u0441\u0442\u0440\u0430\u043d\u0438\u0446\u0430","item":"https:\/\/carnitec.com\/lv\/"},{"@type":"ListItem","position":2,"name":"\u0422\u043e\u0432\u0430\u0440\u044b","item":"https:\/\/carnitec.com\/shop\/"},{"@type":"ListItem","position":3,"name":"Glieme\u017eprese meh\u0101nisk\u0101i atkaulo\u0161anai SM 620"}]},{"@type":"WebSite","@id":"https:\/\/carnitec.com\/lv\/#website","url":"https:\/\/carnitec.com\/lv\/","name":"Carnitec","description":"P\u0101rtikas r\u016bpniec\u012bbas iek\u0101rtas","publisher":{"@id":"https:\/\/carnitec.com\/lv\/#organization"},"potentialAction":[{"@type":"SearchAction","target":{"@type":"EntryPoint","urlTemplate":"https:\/\/carnitec.com\/lv\/?s={search_term_string}"},"query-input":"required name=search_term_string"}],"inLanguage":"lv-LV"},{"@type":"Organization","@id":"https:\/\/carnitec.com\/lv\/#organization","name":"Carnitec - food processing equipment","url":"https:\/\/carnitec.com\/lv\/","sameAs":["https:\/\/www.instagram.com\/carnitec\/?hl=en","https:\/\/www.linkedin.com\/company\/carnitec-ltd\/","https:\/\/www.youtube.com\/channel\/UCwfiuJujkF2QxPPZAqB0T2w","https:\/\/facebook.com\/carnitec1","https:\/\/twitter.com\/carnitec_"],"logo":{"@type":"ImageObject","inLanguage":"lv-LV","@id":"https:\/\/carnitec.com\/lv\/#\/schema\/logo\/image\/","url":"http:\/\/carnitec.com\/wp-content\/uploads\/2018\/01\/carnitec_logo_2018.png","contentUrl":"http:\/\/carnitec.com\/wp-content\/uploads\/2018\/01\/carnitec_logo_2018.png","width":180,"height":50,"caption":"Carnitec - food processing equipment"},"image":{"@id":"https:\/\/carnitec.com\/lv\/#\/schema\/logo\/image\/"}}]}},"_links":{"self":[{"href":"https:\/\/carnitec.com\/lv\/wp-json\/wp\/v2\/product\/44777"}],"collection":[{"href":"https:\/\/carnitec.com\/lv\/wp-json\/wp\/v2\/product"}],"about":[{"href":"https:\/\/carnitec.com\/lv\/wp-json\/wp\/v2\/types\/product"}],"wp:featuredmedia":[{"embeddable":true,"href":"https:\/\/carnitec.com\/lv\/wp-json\/wp\/v2\/media\/12325"}],"wp:attachment":[{"href":"https:\/\/carnitec.com\/lv\/wp-json\/wp\/v2\/media?parent=44777"}],"wp:term":[{"taxonomy":"product_cat","embeddable":true,"href":"https:\/\/carnitec.com\/lv\/wp-json\/wp\/v2\/product_cat?post=44777"},{"taxonomy":"product_tag","embeddable":true,"href":"https:\/\/carnitec.com\/lv\/wp-json\/wp\/v2\/product_tag?post=44777"}],"curies":[{"name":"wp","href":"https:\/\/api.w.org\/{rel}","templated":true}]}}