{"id":44520,"date":"2019-05-02T11:09:34","date_gmt":"2019-05-02T09:38:31","guid":{"rendered":"https:\/\/staging1.carnitec.com\/?post_type=product&#038;p=44520"},"modified":"2019-05-02T11:38:31","modified_gmt":"2019-05-02T09:38:31","slug":"automatiska-masina-hamburgeru-razosanai-v-3000-sp","status":"publish","type":"product","link":"https:\/\/carnitec.com\/lv\/products\/automatiska-masina-hamburgeru-razosanai-v-3000-sp\/","title":{"rendered":"Autom\u0101tiska ma\u0161\u012bna hamburgeru ra\u017eo\u0161anai V-3000 SP"},"content":{"rendered":"<p>\u0112din\u0101\u0161anai un tirdzniec\u012bbai tiek izmantota <a href=\"http:\/\/carnitec.com\/lv\/products\/hamburgeru-razosanas-iekarta-superct\/\">autom\u0101tiska ma\u0161\u012bna hamburgeru ra\u017eo\u0161anai<\/a> V-3000 SP.<\/p>\n<p><strong>Funkcijas:<\/strong><\/p>\n<ul>\n<li>Tas var darboties kop\u0101 ar jebkuru \u0161\u013circi;<\/li>\n<li>Veido hamburgerus (bez substr\u0101ta);<\/li>\n<li>Ekonomisk\u0101 sist\u0113ma <a href=\"http:\/\/carnitec.com\/lv\/products\/hamburgeru-razosanas-iekarta-super-nmg\/\">hamburgeru<\/a> ra\u017eo\u0161anai;<\/li>\n<li>Viegla apkope;<\/li>\n<li>Viegla apr\u016bpe;<\/li>\n<\/ul>\n<p><strong>Tehniskie Dati:<\/strong><\/p>\n<p>Hamburger svars no 25 l\u012bdz 300 g (nomainot form\u0113\u0161anas ier\u012bci)<br \/>\nPneimatiskais darb\u012bbas princips: 6 kg \/ cm2<br \/>\nForma main\u0101s (apa\u013ca, kvadr\u0101tveida, ov\u0101la, taisnst\u016bra forma). Apa\u013cie hamburgeri no 60 l\u012bdz 110 mm un ov\u0101li 110 x 80 mm<br \/>\nGaisa pat\u0113ri\u0146\u0161 250 l \/ min.<\/p>\n<table style=\"border-collapse: collapse; width: 100%;\" border=\"1\">\n<tbody>\n<tr style=\"height: 24px;\">\n<td style=\"width: 50%; height: 24px;\">Korpusa materi\u0101ls<\/td>\n<td style=\"width: 50%; height: 24px;\">Ner\u016bs\u0113jo\u0161ais t\u0113rauds<\/td>\n<\/tr>\n<tr style=\"height: 24px;\">\n<td style=\"width: 50%; height: 24px;\">Izm\u0113ri<\/td>\n<td style=\"width: 50%; height: 24px;\">1200mm\u0445600mm\u0445620mm<\/td>\n<\/tr>\n<tr style=\"height: 24px;\">\n<td style=\"width: 50%; height: 24px;\">Uzst\u0101d\u012b\u0161ana<\/td>\n<td style=\"width: 50%; height: 24px;\">Gald\u0101<\/td>\n<\/tr>\n<tr style=\"height: 24px;\">\n<td style=\"width: 50%; height: 24px;\">Svars<\/td>\n<td style=\"width: 50%; height: 24px;\">85kg<\/td>\n<\/tr>\n<tr style=\"height: 24px;\">\n<td style=\"width: 50%; height: 24px;\">Baro\u0161anas avots<\/td>\n<td style=\"width: 50%; height: 24px;\">380V<\/td>\n<\/tr>\n<tr style=\"height: 24px;\">\n<td style=\"width: 50%; height: 24px;\">Piesl\u0113gums<\/td>\n<td style=\"width: 50%; height: 24px;\">Elektriskais<\/td>\n<\/tr>\n<tr style=\"height: 24px;\">\n<td style=\"width: 50%; height: 24px;\">Jauda<\/td>\n<td style=\"width: 50%; height: 24px;\">0,1 kW<\/td>\n<\/tr>\n<tr style=\"height: 24px;\">\n<td style=\"width: 50%; height: 24px;\">Produktivit\u0101te<\/td>\n<td style=\"width: 50%; height: 24px;\">40-60 gab \/ min<\/td>\n<\/tr>\n<\/tbody>\n<\/table>\n<p><\/p>\n","protected":false},"excerpt":{"rendered":"<p>\u0112din\u0101\u0161anai un tirdzniec\u012bbai tiek izmantota autom\u0101tiska ma\u0161\u012bna hamburgeru ra\u017eo\u0161anai V-3000 SP.<\/p>\n","protected":false},"featured_media":44517,"template":"","meta":{"content-type":"","_monsterinsights_skip_tracking":false,"_monsterinsights_sitenote_active":false,"_monsterinsights_sitenote_note":"","_monsterinsights_sitenote_category":0},"product_cat":[938],"product_tag":[],"yoast_head":"<!-- This site is optimized with the Yoast SEO plugin v19.5.1 - https:\/\/yoast.com\/wordpress\/plugins\/seo\/ -->\n<title>Autom\u0101tiska ma\u0161\u012bna hamburgeru ra\u017eo\u0161anai V-3000 SP - Carnitec<\/title>\n<meta name=\"description\" content=\"\u0112din\u0101\u0161anai un tirdzniec\u012bbai tiek izmantota autom\u0101tiska ma\u0161\u012bna hamburgeru ra\u017eo\u0161anai V-3000 SP. Viegla apr\u016bpe. Viegla apkope\" \/>\n<meta name=\"robots\" content=\"index, follow, max-snippet:-1, max-image-preview:large, max-video-preview:-1\" \/>\n<link rel=\"canonical\" href=\"https:\/\/carnitec.com\/lv\/products\/automatiska-masina-hamburgeru-razosanai-v-3000-sp\/\" \/>\n<meta property=\"og:locale\" content=\"lv_LV\" \/>\n<meta property=\"og:type\" content=\"article\" \/>\n<meta property=\"og:title\" content=\"Autom\u0101tiska ma\u0161\u012bna hamburgeru ra\u017eo\u0161anai V-3000 SP - Carnitec\" \/>\n<meta property=\"og:description\" content=\"\u0112din\u0101\u0161anai un tirdzniec\u012bbai tiek izmantota autom\u0101tiska ma\u0161\u012bna hamburgeru ra\u017eo\u0161anai V-3000 SP. Viegla apr\u016bpe. Viegla apkope\" \/>\n<meta property=\"og:url\" content=\"https:\/\/carnitec.com\/lv\/products\/automatiska-masina-hamburgeru-razosanai-v-3000-sp\/\" \/>\n<meta property=\"og:site_name\" content=\"Carnitec\" \/>\n<meta property=\"article:publisher\" content=\"https:\/\/facebook.com\/carnitec1\" \/>\n<meta property=\"og:image\" content=\"https:\/\/carnitec.com\/wp-content\/uploads\/2019\/05\/008484ee2986b4d9f2496293472705d7.jpg\" \/>\n\t<meta property=\"og:image:width\" content=\"500\" \/>\n\t<meta property=\"og:image:height\" content=\"356\" \/>\n\t<meta property=\"og:image:type\" content=\"image\/jpeg\" \/>\n<meta name=\"twitter:card\" content=\"summary\" \/>\n<meta name=\"twitter:site\" content=\"@carnitec_\" \/>\n<meta name=\"twitter:label1\" content=\"Est. reading time\" \/>\n\t<meta name=\"twitter:data1\" content=\"1 min\u016b\u0161u\" \/>\n<script type=\"application\/ld+json\" class=\"yoast-schema-graph\">{\"@context\":\"https:\/\/schema.org\",\"@graph\":[{\"@type\":\"WebPage\",\"@id\":\"https:\/\/carnitec.com\/lv\/products\/automatiska-masina-hamburgeru-razosanai-v-3000-sp\/\",\"url\":\"https:\/\/carnitec.com\/lv\/products\/automatiska-masina-hamburgeru-razosanai-v-3000-sp\/\",\"name\":\"Autom\u0101tiska ma\u0161\u012bna hamburgeru ra\u017eo\u0161anai V-3000 SP - Carnitec\",\"isPartOf\":{\"@id\":\"https:\/\/carnitec.com\/lv\/#website\"},\"datePublished\":\"2019-05-02T09:38:31+00:00\",\"dateModified\":\"2019-05-02T09:38:31+00:00\",\"description\":\"\u0112din\u0101\u0161anai un tirdzniec\u012bbai tiek izmantota autom\u0101tiska ma\u0161\u012bna hamburgeru ra\u017eo\u0161anai V-3000 SP. Viegla apr\u016bpe. Viegla apkope\",\"breadcrumb\":{\"@id\":\"https:\/\/carnitec.com\/lv\/products\/automatiska-masina-hamburgeru-razosanai-v-3000-sp\/#breadcrumb\"},\"inLanguage\":\"lv-LV\",\"potentialAction\":[{\"@type\":\"ReadAction\",\"target\":[\"https:\/\/carnitec.com\/lv\/products\/automatiska-masina-hamburgeru-razosanai-v-3000-sp\/\"]}]},{\"@type\":\"BreadcrumbList\",\"@id\":\"https:\/\/carnitec.com\/lv\/products\/automatiska-masina-hamburgeru-razosanai-v-3000-sp\/#breadcrumb\",\"itemListElement\":[{\"@type\":\"ListItem\",\"position\":1,\"name\":\"\u0413\u043b\u0430\u0432\u043d\u0430\u044f \u0441\u0442\u0440\u0430\u043d\u0438\u0446\u0430\",\"item\":\"https:\/\/carnitec.com\/lv\/\"},{\"@type\":\"ListItem\",\"position\":2,\"name\":\"\u0422\u043e\u0432\u0430\u0440\u044b\",\"item\":\"https:\/\/carnitec.com\/shop\/\"},{\"@type\":\"ListItem\",\"position\":3,\"name\":\"Autom\u0101tiska ma\u0161\u012bna hamburgeru ra\u017eo\u0161anai V-3000 SP\"}]},{\"@type\":\"WebSite\",\"@id\":\"https:\/\/carnitec.com\/lv\/#website\",\"url\":\"https:\/\/carnitec.com\/lv\/\",\"name\":\"Carnitec\",\"description\":\"P\u0101rtikas r\u016bpniec\u012bbas iek\u0101rtas\",\"publisher\":{\"@id\":\"https:\/\/carnitec.com\/lv\/#organization\"},\"potentialAction\":[{\"@type\":\"SearchAction\",\"target\":{\"@type\":\"EntryPoint\",\"urlTemplate\":\"https:\/\/carnitec.com\/lv\/?s={search_term_string}\"},\"query-input\":\"required name=search_term_string\"}],\"inLanguage\":\"lv-LV\"},{\"@type\":\"Organization\",\"@id\":\"https:\/\/carnitec.com\/lv\/#organization\",\"name\":\"Carnitec - food processing equipment\",\"url\":\"https:\/\/carnitec.com\/lv\/\",\"sameAs\":[\"https:\/\/www.instagram.com\/carnitec\/?hl=en\",\"https:\/\/www.linkedin.com\/company\/carnitec-ltd\/\",\"https:\/\/www.youtube.com\/channel\/UCwfiuJujkF2QxPPZAqB0T2w\",\"https:\/\/facebook.com\/carnitec1\",\"https:\/\/twitter.com\/carnitec_\"],\"logo\":{\"@type\":\"ImageObject\",\"inLanguage\":\"lv-LV\",\"@id\":\"https:\/\/carnitec.com\/lv\/#\/schema\/logo\/image\/\",\"url\":\"http:\/\/carnitec.com\/wp-content\/uploads\/2018\/01\/carnitec_logo_2018.png\",\"contentUrl\":\"http:\/\/carnitec.com\/wp-content\/uploads\/2018\/01\/carnitec_logo_2018.png\",\"width\":180,\"height\":50,\"caption\":\"Carnitec - food processing equipment\"},\"image\":{\"@id\":\"https:\/\/carnitec.com\/lv\/#\/schema\/logo\/image\/\"}}]}<\/script>\n<!-- \/ Yoast SEO plugin. -->","yoast_head_json":{"title":"Autom\u0101tiska ma\u0161\u012bna hamburgeru ra\u017eo\u0161anai V-3000 SP - Carnitec","description":"\u0112din\u0101\u0161anai un tirdzniec\u012bbai tiek izmantota autom\u0101tiska ma\u0161\u012bna hamburgeru ra\u017eo\u0161anai V-3000 SP. Viegla apr\u016bpe. Viegla apkope","robots":{"index":"index","follow":"follow","max-snippet":"max-snippet:-1","max-image-preview":"max-image-preview:large","max-video-preview":"max-video-preview:-1"},"canonical":"https:\/\/carnitec.com\/lv\/products\/automatiska-masina-hamburgeru-razosanai-v-3000-sp\/","og_locale":"lv_LV","og_type":"article","og_title":"Autom\u0101tiska ma\u0161\u012bna hamburgeru ra\u017eo\u0161anai V-3000 SP - Carnitec","og_description":"\u0112din\u0101\u0161anai un tirdzniec\u012bbai tiek izmantota autom\u0101tiska ma\u0161\u012bna hamburgeru ra\u017eo\u0161anai V-3000 SP. Viegla apr\u016bpe. Viegla apkope","og_url":"https:\/\/carnitec.com\/lv\/products\/automatiska-masina-hamburgeru-razosanai-v-3000-sp\/","og_site_name":"Carnitec","article_publisher":"https:\/\/facebook.com\/carnitec1","og_image":[{"width":500,"height":356,"url":"https:\/\/carnitec.com\/wp-content\/uploads\/2019\/05\/008484ee2986b4d9f2496293472705d7.jpg","type":"image\/jpeg"}],"twitter_card":"summary","twitter_site":"@carnitec_","twitter_misc":{"Est. reading time":"1 min\u016b\u0161u"},"schema":{"@context":"https:\/\/schema.org","@graph":[{"@type":"WebPage","@id":"https:\/\/carnitec.com\/lv\/products\/automatiska-masina-hamburgeru-razosanai-v-3000-sp\/","url":"https:\/\/carnitec.com\/lv\/products\/automatiska-masina-hamburgeru-razosanai-v-3000-sp\/","name":"Autom\u0101tiska ma\u0161\u012bna hamburgeru ra\u017eo\u0161anai V-3000 SP - Carnitec","isPartOf":{"@id":"https:\/\/carnitec.com\/lv\/#website"},"datePublished":"2019-05-02T09:38:31+00:00","dateModified":"2019-05-02T09:38:31+00:00","description":"\u0112din\u0101\u0161anai un tirdzniec\u012bbai tiek izmantota autom\u0101tiska ma\u0161\u012bna hamburgeru ra\u017eo\u0161anai V-3000 SP. Viegla apr\u016bpe. Viegla apkope","breadcrumb":{"@id":"https:\/\/carnitec.com\/lv\/products\/automatiska-masina-hamburgeru-razosanai-v-3000-sp\/#breadcrumb"},"inLanguage":"lv-LV","potentialAction":[{"@type":"ReadAction","target":["https:\/\/carnitec.com\/lv\/products\/automatiska-masina-hamburgeru-razosanai-v-3000-sp\/"]}]},{"@type":"BreadcrumbList","@id":"https:\/\/carnitec.com\/lv\/products\/automatiska-masina-hamburgeru-razosanai-v-3000-sp\/#breadcrumb","itemListElement":[{"@type":"ListItem","position":1,"name":"\u0413\u043b\u0430\u0432\u043d\u0430\u044f \u0441\u0442\u0440\u0430\u043d\u0438\u0446\u0430","item":"https:\/\/carnitec.com\/lv\/"},{"@type":"ListItem","position":2,"name":"\u0422\u043e\u0432\u0430\u0440\u044b","item":"https:\/\/carnitec.com\/shop\/"},{"@type":"ListItem","position":3,"name":"Autom\u0101tiska ma\u0161\u012bna hamburgeru ra\u017eo\u0161anai V-3000 SP"}]},{"@type":"WebSite","@id":"https:\/\/carnitec.com\/lv\/#website","url":"https:\/\/carnitec.com\/lv\/","name":"Carnitec","description":"P\u0101rtikas r\u016bpniec\u012bbas iek\u0101rtas","publisher":{"@id":"https:\/\/carnitec.com\/lv\/#organization"},"potentialAction":[{"@type":"SearchAction","target":{"@type":"EntryPoint","urlTemplate":"https:\/\/carnitec.com\/lv\/?s={search_term_string}"},"query-input":"required name=search_term_string"}],"inLanguage":"lv-LV"},{"@type":"Organization","@id":"https:\/\/carnitec.com\/lv\/#organization","name":"Carnitec - food processing equipment","url":"https:\/\/carnitec.com\/lv\/","sameAs":["https:\/\/www.instagram.com\/carnitec\/?hl=en","https:\/\/www.linkedin.com\/company\/carnitec-ltd\/","https:\/\/www.youtube.com\/channel\/UCwfiuJujkF2QxPPZAqB0T2w","https:\/\/facebook.com\/carnitec1","https:\/\/twitter.com\/carnitec_"],"logo":{"@type":"ImageObject","inLanguage":"lv-LV","@id":"https:\/\/carnitec.com\/lv\/#\/schema\/logo\/image\/","url":"http:\/\/carnitec.com\/wp-content\/uploads\/2018\/01\/carnitec_logo_2018.png","contentUrl":"http:\/\/carnitec.com\/wp-content\/uploads\/2018\/01\/carnitec_logo_2018.png","width":180,"height":50,"caption":"Carnitec - food processing equipment"},"image":{"@id":"https:\/\/carnitec.com\/lv\/#\/schema\/logo\/image\/"}}]}},"_links":{"self":[{"href":"https:\/\/carnitec.com\/lv\/wp-json\/wp\/v2\/product\/44520"}],"collection":[{"href":"https:\/\/carnitec.com\/lv\/wp-json\/wp\/v2\/product"}],"about":[{"href":"https:\/\/carnitec.com\/lv\/wp-json\/wp\/v2\/types\/product"}],"wp:featuredmedia":[{"embeddable":true,"href":"https:\/\/carnitec.com\/lv\/wp-json\/wp\/v2\/media\/44517"}],"wp:attachment":[{"href":"https:\/\/carnitec.com\/lv\/wp-json\/wp\/v2\/media?parent=44520"}],"wp:term":[{"taxonomy":"product_cat","embeddable":true,"href":"https:\/\/carnitec.com\/lv\/wp-json\/wp\/v2\/product_cat?post=44520"},{"taxonomy":"product_tag","embeddable":true,"href":"https:\/\/carnitec.com\/lv\/wp-json\/wp\/v2\/product_tag?post=44520"}],"curies":[{"name":"wp","href":"https:\/\/api.w.org\/{rel}","templated":true}]}}