{"id":44509,"date":"2019-05-02T08:39:28","date_gmt":"2019-05-02T07:41:23","guid":{"rendered":"https:\/\/staging1.carnitec.com\/?post_type=product&#038;p=44509"},"modified":"2019-05-02T12:20:57","modified_gmt":"2019-05-02T10:20:57","slug":"kotlesu-aparats-r1200","status":"publish","type":"product","link":"https:\/\/carnitec.com\/lv\/products\/kotlesu-aparats-r1200\/","title":{"rendered":"Kotle\u0161u apar\u0101ts R1200"},"content":{"rendered":"<p>Paredz\u0113ti kotletu, <a href=\"http:\/\/carnitec.com\/lv\/products\/hamburgeru-razosanas-iekarta-superct\/\">hamburgeru<\/a>, zivju n\u016bju, kartupe\u013cu un miltu kroketa, cepumu un citu <a href=\"http:\/\/carnitec.com\/lv\/galas-vai-zivju-pusfabrikatu-razosanas-iekartas-maziem-un-videjiem-uznemumiem\/\">pusfabrik\u0101tu veido\u0161anai.<\/a> Tam ir trumu\u013ca veiktsp\u0113ja. Modelis ar liel\u0101ku bunkuru. Produktivit\u0101te &#8211; 1200 gab \/ h.<\/p>\n<p>R-1200 modelis, kas ir maz\u0101kais no visa spektra, ir ide\u0101ls maziem ra\u017eo\u0161anas apjomiem un individu\u0101liem ra\u017eot\u0101jiem.<\/p>\n<p>T\u0101 apvieno zemu produktivit\u0101ti un optim\u0101lu form\u0113\u0161anas sp\u0113ju, to var izmantot, lai izstr\u0101d\u0101tu jaunus produktu veidus. Griez\u0113jma\u0161\u012bnas ir izgatavotas no iztur\u012bga, sk\u0101bes iztur\u012bga <a href=\"http:\/\/carnitec.com\/lv\/products\/nerusejosa-terauda-pakaramais-titara-galai\/\">ner\u016bs\u0113jo\u0161\u0101 t\u0113rauda<\/a> un materi\u0101liem, kas sertific\u0113ti saskarei ar p\u0101rtiku. Katrs modelis ir apr\u012bkots ar tr\u012bs dro\u0161\u012bbas blo\u0137\u0113\u0161anas ier\u012bc\u0113m. Bunkurs, form\u0113\u0161anas veikals un konveijers no\u0146emams, kas atvieglo automa\u0161\u012bnas t\u012br\u012b\u0161anu.<\/p>\n<p><iframe loading=\"lazy\" title=\"\u041a\u043e\u0442\u043b\u0435\u0442\u043d\u044b\u0439 \u0430\u0432\u0442\u043e\u043c\u0430\u0442 Deighton.\" width=\"640\" height=\"480\" src=\"https:\/\/www.youtube.com\/embed\/5ltQXJROiGY?feature=oembed\" frameborder=\"0\" allow=\"accelerometer; autoplay; clipboard-write; encrypted-media; gyroscope; picture-in-picture\" allowfullscreen><\/iframe><\/p>\n<p>Ga\u013cas un zivju r\u016bpniec\u012bb\u0101 tiek izmantotas griez\u0113jma\u0161\u012bnas, k\u0101 ar\u012b \u0113diena gatavo\u0161anai, t\u0101s var izmantot gan atsevi\u0161\u0137i, gan k\u0101 da\u013cu no l\u012bnijas. Sinhroniz\u0113tu ner\u016bs\u0113jo\u0161\u0101 t\u0113rauda l\u0101psti\u0146u sist\u0113ma viegli saspie\u017e mais\u012bjumu cilindra <a href=\"http:\/\/carnitec.com\/lv\/products\/termoformeris-reeform-e40\/\">form\u0113\u0161anas<\/a> caurum\u0101. Veidotu pusfabrik\u0101tu nospie\u017e ar virzuli uz izkrau\u0161anas konveijeru un iet t\u0101l\u0101k pa ra\u017eo\u0161anas l\u012bniju.<\/p>\n<p>Ma\u0161\u012bna sp\u0113j ra\u017eot gandr\u012bz jebkuras formas produktus (zivis, n\u016bjas, taisnst\u016bri, kvadr\u0101tu, vistas kr\u016bti\u0146u, elipses utt.), Ar noteikumu, ka tas nep\u0101rsniedz turpm\u0101k nor\u0101d\u012btos maksim\u0101los lielumus.<\/p>\n<p>Lai sasniegtu prec\u012bzu v\u0113lamo produkta svaru, <a href=\"http:\/\/carnitec.com\/lv\/reepack-termoformejosas-iekartas\/\">form\u0113\u0161anas<\/a> cauruma dzi\u013cums ir regul\u0113jams no 3 l\u012bdz 24 mm standarta cilindr\u0101 un no 3 l\u012bdz 34 mm speci\u0101l\u0101 cilindr\u0101.<\/p>\n<p><strong>Tehniskie Dati<\/strong><\/p>\n<p>&nbsp;<\/p>\n<table style=\"border-collapse: collapse; width: 100%;\" border=\"1\">\n<tbody>\n<tr style=\"height: 24px;\">\n<td style=\"width: 50%; height: 24px;\">Izm\u0113ri<\/td>\n<td style=\"width: 50%; height: 24px;\">700mm\u0445600mm\u0445640mm<\/td>\n<\/tr>\n<tr style=\"height: 24px;\">\n<td style=\"width: 50%; height: 24px;\">Uzst\u0101d\u012b\u0161ana<\/td>\n<td style=\"width: 50%; height: 24px;\">Gald\u0101<\/td>\n<\/tr>\n<tr style=\"height: 24px;\">\n<td style=\"width: 50%; height: 24px;\">Svars<\/td>\n<td style=\"width: 50%; height: 24px;\">75kg<\/td>\n<\/tr>\n<tr style=\"height: 24px;\">\n<td style=\"width: 50%; height: 24px;\">Spriegums<\/td>\n<td style=\"width: 50%; height: 24px;\">220V<\/td>\n<\/tr>\n<tr style=\"height: 24px;\">\n<td style=\"width: 50%; height: 24px;\">Savienojums<\/td>\n<td style=\"width: 50%; height: 24px;\">Elektriskais<\/td>\n<\/tr>\n<tr style=\"height: 24px;\">\n<td style=\"width: 50%; height: 24px;\">Jauda<\/td>\n<td style=\"width: 50%; height: 24px;\">0,37 Kw<\/td>\n<\/tr>\n<\/tbody>\n<\/table>\n<p>&nbsp;<\/p>\n","protected":false},"excerpt":{"rendered":"<p>Paredz\u0113ti kotletu, hamburgeru, zivju n\u016bju, kartupe\u013cu un miltu kroketa, cepumu un citu pusfabrik\u0101tu veido\u0161anai. Tam ir trumu\u013ca veiktsp\u0113ja. Modelis ar liel\u0101ku bunkuru. Produktivit\u0101te &#8211; 1200 gab \/ h.<\/p>\n","protected":false},"featured_media":44506,"template":"","meta":{"content-type":"","_monsterinsights_skip_tracking":false,"_monsterinsights_sitenote_active":false,"_monsterinsights_sitenote_note":"","_monsterinsights_sitenote_category":0},"product_cat":[938],"product_tag":[],"yoast_head":"<!-- This site is optimized with the Yoast SEO plugin v19.5.1 - https:\/\/yoast.com\/wordpress\/plugins\/seo\/ -->\n<title>Kotle\u0161u apar\u0101ts R1200 - Carnitec<\/title>\n<meta name=\"description\" content=\"Paredz\u0113ti kotletu, hamburgeru, zivju n\u016bju, kartupe\u013cu un miltu kroketa, cepumu un citu pusfabrik\u0101tu veido\u0161anai. Tam ir trumu\u013ca veiktsp\u0113ja.\" \/>\n<meta name=\"robots\" content=\"index, follow, max-snippet:-1, max-image-preview:large, max-video-preview:-1\" \/>\n<link rel=\"canonical\" href=\"https:\/\/carnitec.com\/lv\/products\/kotlesu-aparats-r1200\/\" \/>\n<meta property=\"og:locale\" content=\"lv_LV\" \/>\n<meta property=\"og:type\" content=\"article\" \/>\n<meta property=\"og:title\" content=\"Kotle\u0161u apar\u0101ts R1200 - Carnitec\" \/>\n<meta property=\"og:description\" content=\"Paredz\u0113ti kotletu, hamburgeru, zivju n\u016bju, kartupe\u013cu un miltu kroketa, cepumu un citu pusfabrik\u0101tu veido\u0161anai. Tam ir trumu\u013ca veiktsp\u0113ja.\" \/>\n<meta property=\"og:url\" content=\"https:\/\/carnitec.com\/lv\/products\/kotlesu-aparats-r1200\/\" \/>\n<meta property=\"og:site_name\" content=\"Carnitec\" \/>\n<meta property=\"article:publisher\" content=\"https:\/\/facebook.com\/carnitec1\" \/>\n<meta property=\"article:modified_time\" content=\"2019-05-02T10:20:57+00:00\" \/>\n<meta property=\"og:image\" content=\"https:\/\/carnitec.com\/wp-content\/uploads\/2019\/05\/77fbdb9572a084147a5dfe9b3435645d.png\" \/>\n\t<meta property=\"og:image:width\" content=\"500\" \/>\n\t<meta property=\"og:image:height\" content=\"363\" \/>\n\t<meta property=\"og:image:type\" content=\"image\/png\" \/>\n<meta name=\"twitter:card\" content=\"summary\" \/>\n<meta name=\"twitter:site\" content=\"@carnitec_\" \/>\n<meta name=\"twitter:label1\" content=\"Est. reading time\" \/>\n\t<meta name=\"twitter:data1\" content=\"2 min\u016btes\" \/>\n<script type=\"application\/ld+json\" class=\"yoast-schema-graph\">{\"@context\":\"https:\/\/schema.org\",\"@graph\":[{\"@type\":\"WebPage\",\"@id\":\"https:\/\/carnitec.com\/lv\/products\/kotlesu-aparats-r1200\/\",\"url\":\"https:\/\/carnitec.com\/lv\/products\/kotlesu-aparats-r1200\/\",\"name\":\"Kotle\u0161u apar\u0101ts R1200 - Carnitec\",\"isPartOf\":{\"@id\":\"https:\/\/carnitec.com\/lv\/#website\"},\"datePublished\":\"2019-05-02T07:41:23+00:00\",\"dateModified\":\"2019-05-02T10:20:57+00:00\",\"description\":\"Paredz\u0113ti kotletu, hamburgeru, zivju n\u016bju, kartupe\u013cu un miltu kroketa, cepumu un citu pusfabrik\u0101tu veido\u0161anai. Tam ir trumu\u013ca veiktsp\u0113ja.\",\"breadcrumb\":{\"@id\":\"https:\/\/carnitec.com\/lv\/products\/kotlesu-aparats-r1200\/#breadcrumb\"},\"inLanguage\":\"lv-LV\",\"potentialAction\":[{\"@type\":\"ReadAction\",\"target\":[\"https:\/\/carnitec.com\/lv\/products\/kotlesu-aparats-r1200\/\"]}]},{\"@type\":\"BreadcrumbList\",\"@id\":\"https:\/\/carnitec.com\/lv\/products\/kotlesu-aparats-r1200\/#breadcrumb\",\"itemListElement\":[{\"@type\":\"ListItem\",\"position\":1,\"name\":\"\u0413\u043b\u0430\u0432\u043d\u0430\u044f \u0441\u0442\u0440\u0430\u043d\u0438\u0446\u0430\",\"item\":\"https:\/\/carnitec.com\/lv\/\"},{\"@type\":\"ListItem\",\"position\":2,\"name\":\"\u0422\u043e\u0432\u0430\u0440\u044b\",\"item\":\"https:\/\/carnitec.com\/shop\/\"},{\"@type\":\"ListItem\",\"position\":3,\"name\":\"Kotle\u0161u apar\u0101ts R1200\"}]},{\"@type\":\"WebSite\",\"@id\":\"https:\/\/carnitec.com\/lv\/#website\",\"url\":\"https:\/\/carnitec.com\/lv\/\",\"name\":\"Carnitec\",\"description\":\"P\u0101rtikas r\u016bpniec\u012bbas iek\u0101rtas\",\"publisher\":{\"@id\":\"https:\/\/carnitec.com\/lv\/#organization\"},\"potentialAction\":[{\"@type\":\"SearchAction\",\"target\":{\"@type\":\"EntryPoint\",\"urlTemplate\":\"https:\/\/carnitec.com\/lv\/?s={search_term_string}\"},\"query-input\":\"required name=search_term_string\"}],\"inLanguage\":\"lv-LV\"},{\"@type\":\"Organization\",\"@id\":\"https:\/\/carnitec.com\/lv\/#organization\",\"name\":\"Carnitec - food processing equipment\",\"url\":\"https:\/\/carnitec.com\/lv\/\",\"sameAs\":[\"https:\/\/www.instagram.com\/carnitec\/?hl=en\",\"https:\/\/www.linkedin.com\/company\/carnitec-ltd\/\",\"https:\/\/www.youtube.com\/channel\/UCwfiuJujkF2QxPPZAqB0T2w\",\"https:\/\/facebook.com\/carnitec1\",\"https:\/\/twitter.com\/carnitec_\"],\"logo\":{\"@type\":\"ImageObject\",\"inLanguage\":\"lv-LV\",\"@id\":\"https:\/\/carnitec.com\/lv\/#\/schema\/logo\/image\/\",\"url\":\"http:\/\/carnitec.com\/wp-content\/uploads\/2018\/01\/carnitec_logo_2018.png\",\"contentUrl\":\"http:\/\/carnitec.com\/wp-content\/uploads\/2018\/01\/carnitec_logo_2018.png\",\"width\":180,\"height\":50,\"caption\":\"Carnitec - food processing equipment\"},\"image\":{\"@id\":\"https:\/\/carnitec.com\/lv\/#\/schema\/logo\/image\/\"}}]}<\/script>\n<!-- \/ Yoast SEO plugin. -->","yoast_head_json":{"title":"Kotle\u0161u apar\u0101ts R1200 - Carnitec","description":"Paredz\u0113ti kotletu, hamburgeru, zivju n\u016bju, kartupe\u013cu un miltu kroketa, cepumu un citu pusfabrik\u0101tu veido\u0161anai. Tam ir trumu\u013ca veiktsp\u0113ja.","robots":{"index":"index","follow":"follow","max-snippet":"max-snippet:-1","max-image-preview":"max-image-preview:large","max-video-preview":"max-video-preview:-1"},"canonical":"https:\/\/carnitec.com\/lv\/products\/kotlesu-aparats-r1200\/","og_locale":"lv_LV","og_type":"article","og_title":"Kotle\u0161u apar\u0101ts R1200 - Carnitec","og_description":"Paredz\u0113ti kotletu, hamburgeru, zivju n\u016bju, kartupe\u013cu un miltu kroketa, cepumu un citu pusfabrik\u0101tu veido\u0161anai. Tam ir trumu\u013ca veiktsp\u0113ja.","og_url":"https:\/\/carnitec.com\/lv\/products\/kotlesu-aparats-r1200\/","og_site_name":"Carnitec","article_publisher":"https:\/\/facebook.com\/carnitec1","article_modified_time":"2019-05-02T10:20:57+00:00","og_image":[{"width":500,"height":363,"url":"https:\/\/carnitec.com\/wp-content\/uploads\/2019\/05\/77fbdb9572a084147a5dfe9b3435645d.png","type":"image\/png"}],"twitter_card":"summary","twitter_site":"@carnitec_","twitter_misc":{"Est. reading time":"2 min\u016btes"},"schema":{"@context":"https:\/\/schema.org","@graph":[{"@type":"WebPage","@id":"https:\/\/carnitec.com\/lv\/products\/kotlesu-aparats-r1200\/","url":"https:\/\/carnitec.com\/lv\/products\/kotlesu-aparats-r1200\/","name":"Kotle\u0161u apar\u0101ts R1200 - Carnitec","isPartOf":{"@id":"https:\/\/carnitec.com\/lv\/#website"},"datePublished":"2019-05-02T07:41:23+00:00","dateModified":"2019-05-02T10:20:57+00:00","description":"Paredz\u0113ti kotletu, hamburgeru, zivju n\u016bju, kartupe\u013cu un miltu kroketa, cepumu un citu pusfabrik\u0101tu veido\u0161anai. Tam ir trumu\u013ca veiktsp\u0113ja.","breadcrumb":{"@id":"https:\/\/carnitec.com\/lv\/products\/kotlesu-aparats-r1200\/#breadcrumb"},"inLanguage":"lv-LV","potentialAction":[{"@type":"ReadAction","target":["https:\/\/carnitec.com\/lv\/products\/kotlesu-aparats-r1200\/"]}]},{"@type":"BreadcrumbList","@id":"https:\/\/carnitec.com\/lv\/products\/kotlesu-aparats-r1200\/#breadcrumb","itemListElement":[{"@type":"ListItem","position":1,"name":"\u0413\u043b\u0430\u0432\u043d\u0430\u044f \u0441\u0442\u0440\u0430\u043d\u0438\u0446\u0430","item":"https:\/\/carnitec.com\/lv\/"},{"@type":"ListItem","position":2,"name":"\u0422\u043e\u0432\u0430\u0440\u044b","item":"https:\/\/carnitec.com\/shop\/"},{"@type":"ListItem","position":3,"name":"Kotle\u0161u apar\u0101ts R1200"}]},{"@type":"WebSite","@id":"https:\/\/carnitec.com\/lv\/#website","url":"https:\/\/carnitec.com\/lv\/","name":"Carnitec","description":"P\u0101rtikas r\u016bpniec\u012bbas iek\u0101rtas","publisher":{"@id":"https:\/\/carnitec.com\/lv\/#organization"},"potentialAction":[{"@type":"SearchAction","target":{"@type":"EntryPoint","urlTemplate":"https:\/\/carnitec.com\/lv\/?s={search_term_string}"},"query-input":"required name=search_term_string"}],"inLanguage":"lv-LV"},{"@type":"Organization","@id":"https:\/\/carnitec.com\/lv\/#organization","name":"Carnitec - food processing equipment","url":"https:\/\/carnitec.com\/lv\/","sameAs":["https:\/\/www.instagram.com\/carnitec\/?hl=en","https:\/\/www.linkedin.com\/company\/carnitec-ltd\/","https:\/\/www.youtube.com\/channel\/UCwfiuJujkF2QxPPZAqB0T2w","https:\/\/facebook.com\/carnitec1","https:\/\/twitter.com\/carnitec_"],"logo":{"@type":"ImageObject","inLanguage":"lv-LV","@id":"https:\/\/carnitec.com\/lv\/#\/schema\/logo\/image\/","url":"http:\/\/carnitec.com\/wp-content\/uploads\/2018\/01\/carnitec_logo_2018.png","contentUrl":"http:\/\/carnitec.com\/wp-content\/uploads\/2018\/01\/carnitec_logo_2018.png","width":180,"height":50,"caption":"Carnitec - food processing equipment"},"image":{"@id":"https:\/\/carnitec.com\/lv\/#\/schema\/logo\/image\/"}}]}},"_links":{"self":[{"href":"https:\/\/carnitec.com\/lv\/wp-json\/wp\/v2\/product\/44509"}],"collection":[{"href":"https:\/\/carnitec.com\/lv\/wp-json\/wp\/v2\/product"}],"about":[{"href":"https:\/\/carnitec.com\/lv\/wp-json\/wp\/v2\/types\/product"}],"wp:featuredmedia":[{"embeddable":true,"href":"https:\/\/carnitec.com\/lv\/wp-json\/wp\/v2\/media\/44506"}],"wp:attachment":[{"href":"https:\/\/carnitec.com\/lv\/wp-json\/wp\/v2\/media?parent=44509"}],"wp:term":[{"taxonomy":"product_cat","embeddable":true,"href":"https:\/\/carnitec.com\/lv\/wp-json\/wp\/v2\/product_cat?post=44509"},{"taxonomy":"product_tag","embeddable":true,"href":"https:\/\/carnitec.com\/lv\/wp-json\/wp\/v2\/product_tag?post=44509"}],"curies":[{"name":"wp","href":"https:\/\/api.w.org\/{rel}","templated":true}]}}