{"id":44496,"date":"2019-04-30T12:58:21","date_gmt":"2019-04-30T11:07:57","guid":{"rendered":"https:\/\/staging1.carnitec.com\/?post_type=product&#038;p=44496"},"modified":"2019-04-30T13:10:33","modified_gmt":"2019-04-30T11:10:33","slug":"penogenerator-80l","status":"publish","type":"product","link":"https:\/\/carnitec.com\/lv\/products\/penogenerator-80l\/","title":{"rendered":"Putu \u0123enerators 80L"},"content":{"rendered":"<p>Putu \u0123enerators p\u0101rtikas r\u016bpniec\u012bbai &#8211; augstas kvalit\u0101tes putu \u0123enerators no ner\u016bs\u0113jo\u0161\u0101 t\u0113rauda ar tvertni 80 l. Lieto p\u0101rtikas r\u016bpniec\u012bb\u0101 bezkontakta <a href=\"http:\/\/carnitec.com\/lv\/products\/mobila-mazgasanas-stacija-sm1-ar-iebuveto-satelitu\/\">mazg\u0101\u0161anai<\/a>. \u0112rts, lai uzkl\u0101tu lielu daudzumu putu. Izmantojot profesion\u0101lo \u0137\u012bmiju, putas izr\u0101d\u0101s bl\u012bvas, kas pagarina <a href=\"http:\/\/carnitec.com\/lv\/products\/kompakta-kastu-mazgasanas-masina-cl-t-250\/\">mazg\u0101\u0161anas l\u012bdzek\u013ca<\/a> saskari ar virsmu un palielina mazg\u0101\u0161anas kvalit\u0101ti.<\/p>\n<p>Augstas kvalit\u0101tes ner\u016bs\u0113jo\u0161ais t\u0113rauds un pild\u012bjuma kakls, izgatavots no p\u0101rtikas gumijas. Ar\u012b <a href=\"http:\/\/carnitec.com\/lv\/products\/zema-spiediena-putu-generatori\/\">putu \u0123enerators ti<\/a>ek akt\u012bvi izmantots automa\u0161\u012bnu mazg\u0101\u0161anas kompleksos, publiskaj\u0101 sektor\u0101 utt.<\/p>\n<p><strong>Putu \u0123eneratora priek\u0161roc\u012bbas:<\/strong><\/p>\n<ul>\n<li>Pla\u0161a \u017eelejas mute, kas izgatavota no p\u0101rtikas gumijas.<\/li>\n<li>\u0160\u0137idruma l\u012bme\u0146a indikators.<\/li>\n<li>Tvertne ir izgatavota no augstas kvalit\u0101tes ner\u016bs\u0113jo\u0161\u0101 t\u0113rauda.<\/li>\n<li>Augstas kvalit\u0101tes kr\u0101ni un manometrs.<\/li>\n<\/ul>\n<p><strong>Tehniskie Dati<\/strong><\/p>\n<table style=\"border-collapse: collapse; width: 100%;\" border=\"1\">\n<tbody>\n<tr style=\"height: 24px;\">\n<td style=\"width: 50%; height: 24px;\">Valsts<\/td>\n<td style=\"width: 50%; height: 24px;\">It\u0101lija<\/td>\n<\/tr>\n<tr style=\"height: 24px;\">\n<td style=\"width: 50%; height: 24px;\">Garantija<\/td>\n<td style=\"width: 50%; height: 24px;\">12 m\u0113n.<\/td>\n<\/tr>\n<tr style=\"height: 24px;\">\n<td style=\"width: 50%; height: 24px;\">Tips<\/td>\n<td style=\"width: 50%; height: 24px;\">Putu \u0123enerators<\/td>\n<\/tr>\n<tr style=\"height: 24px;\">\n<td style=\"width: 50%; height: 24px;\">Spiediena m\u0113r\u012bt\u0101js<\/td>\n<td style=\"width: 50%; height: 24px;\">Ir<\/td>\n<\/tr>\n<tr style=\"height: 24px;\">\n<td style=\"width: 50%; height: 24px;\">Tvertnes tilpums (l)<\/td>\n<td style=\"width: 50%; height: 24px;\">80 litri<\/td>\n<\/tr>\n<tr style=\"height: 24px;\">\n<td style=\"width: 50%; height: 24px;\">Dro\u0161\u012bbas v\u0101rsta<\/td>\n<td style=\"width: 50%; height: 24px;\">papild. opcija<\/td>\n<\/tr>\n<tr style=\"height: 24px;\">\n<td style=\"width: 50%; height: 24px;\">Spiediens<\/td>\n<td style=\"width: 50%; height: 24px;\">4<\/td>\n<\/tr>\n<tr style=\"height: 24px;\">\n<td style=\"width: 50%; height: 24px;\">Redukcijas v\u0101rsts<\/td>\n<td style=\"width: 50%; height: 24px;\">\u00a0Ir<\/td>\n<\/tr>\n<tr style=\"height: 24px;\">\n<td style=\"width: 50%; height: 24px;\">\u0136\u012bmijas l\u012bme\u0146a indikators<\/td>\n<td style=\"width: 50%; height: 24px;\">\u00a0Ir<\/td>\n<\/tr>\n<tr style=\"height: 24px;\">\n<td style=\"width: 50%; height: 24px;\">Tvertnes korpuss<\/td>\n<td style=\"width: 50%; height: 24px;\">Ner\u016bs\u0113jo\u0161ais t\u0113rauds<\/td>\n<\/tr>\n<\/tbody>\n<\/table>\n<p>&nbsp;<\/p>\n","protected":false},"excerpt":{"rendered":"<p>Putu \u0123enerators p\u0101rtikas r\u016bpniec\u012bbai &#8211; augstas kvalit\u0101tes putu \u0123enerators no ner\u016bs\u0113jo\u0161\u0101 t\u0113rauda ar tvertni 80 l. Lieto p\u0101rtikas r\u016bpniec\u012bb\u0101 bezkontakta <a href=\"http:\/\/carnitec.com\/lv\/products\/mobila-mazgasanas-stacija-sm1-ar-iebuveto-satelitu\/\">mazg\u0101\u0161anai<\/a>. \u0112rts, lai uzkl\u0101tu lielu daudzumu putu. Izmantojot profesion\u0101lo \u0137\u012bmiju, putas izr\u0101d\u0101s bl\u012bvas, kas pagarina <a href=\"http:\/\/carnitec.com\/lv\/products\/kompakta-kastu-mazgasanas-masina-cl-t-250\/\">mazg\u0101\u0161anas l\u012bdzek\u013ca<\/a> saskari ar virsmu un palielina mazg\u0101\u0161anas kvalit\u0101ti.<\/p>\n","protected":false},"featured_media":44495,"template":"","meta":{"content-type":"","_monsterinsights_skip_tracking":false,"_monsterinsights_sitenote_active":false,"_monsterinsights_sitenote_note":"","_monsterinsights_sitenote_category":0},"product_cat":[878],"product_tag":[],"yoast_head":"<!-- This site is optimized with the Yoast SEO plugin v19.5.1 - https:\/\/yoast.com\/wordpress\/plugins\/seo\/ -->\n<title>Putu \u0123enerators 80L - Carnitec<\/title>\n<meta name=\"description\" content=\"Augstas kvalit\u0101tes ner\u016bs\u0113jo\u0161ais t\u0113rauds un pild\u012bjuma kakls, izgatavots no p\u0101rtikas gumijas. Ar\u012b putu \u0123enerators tiek akt\u012bvi izmantots automa\u0161\u012bnu mazg\u0101\u0161anas\" \/>\n<meta name=\"robots\" content=\"index, follow, max-snippet:-1, max-image-preview:large, max-video-preview:-1\" \/>\n<link rel=\"canonical\" href=\"https:\/\/carnitec.com\/lv\/products\/penogenerator-80l\/\" \/>\n<meta property=\"og:locale\" content=\"lv_LV\" \/>\n<meta property=\"og:type\" content=\"article\" \/>\n<meta property=\"og:title\" content=\"Putu \u0123enerators 80L - Carnitec\" \/>\n<meta property=\"og:description\" content=\"Augstas kvalit\u0101tes ner\u016bs\u0113jo\u0161ais t\u0113rauds un pild\u012bjuma kakls, izgatavots no p\u0101rtikas gumijas. Ar\u012b putu \u0123enerators tiek akt\u012bvi izmantots automa\u0161\u012bnu mazg\u0101\u0161anas\" \/>\n<meta property=\"og:url\" content=\"https:\/\/carnitec.com\/lv\/products\/penogenerator-80l\/\" \/>\n<meta property=\"og:site_name\" content=\"Carnitec\" \/>\n<meta property=\"article:publisher\" content=\"https:\/\/facebook.com\/carnitec1\" \/>\n<meta property=\"article:modified_time\" content=\"2019-04-30T11:10:33+00:00\" \/>\n<meta property=\"og:image\" content=\"https:\/\/carnitec.com\/wp-content\/uploads\/2019\/04\/1685.jpg\" \/>\n\t<meta property=\"og:image:width\" content=\"500\" \/>\n\t<meta property=\"og:image:height\" content=\"500\" \/>\n\t<meta property=\"og:image:type\" content=\"image\/jpeg\" \/>\n<meta name=\"twitter:card\" content=\"summary\" \/>\n<meta name=\"twitter:site\" content=\"@carnitec_\" \/>\n<meta name=\"twitter:label1\" content=\"Est. reading time\" \/>\n\t<meta name=\"twitter:data1\" content=\"1 min\u016b\u0161u\" \/>\n<script type=\"application\/ld+json\" class=\"yoast-schema-graph\">{\"@context\":\"https:\/\/schema.org\",\"@graph\":[{\"@type\":\"WebPage\",\"@id\":\"https:\/\/carnitec.com\/lv\/products\/penogenerator-80l\/\",\"url\":\"https:\/\/carnitec.com\/lv\/products\/penogenerator-80l\/\",\"name\":\"Putu \u0123enerators 80L - Carnitec\",\"isPartOf\":{\"@id\":\"https:\/\/carnitec.com\/lv\/#website\"},\"datePublished\":\"2019-04-30T11:07:57+00:00\",\"dateModified\":\"2019-04-30T11:10:33+00:00\",\"description\":\"Augstas kvalit\u0101tes ner\u016bs\u0113jo\u0161ais t\u0113rauds un pild\u012bjuma kakls, izgatavots no p\u0101rtikas gumijas. Ar\u012b putu \u0123enerators tiek akt\u012bvi izmantots automa\u0161\u012bnu mazg\u0101\u0161anas\",\"breadcrumb\":{\"@id\":\"https:\/\/carnitec.com\/lv\/products\/penogenerator-80l\/#breadcrumb\"},\"inLanguage\":\"lv-LV\",\"potentialAction\":[{\"@type\":\"ReadAction\",\"target\":[\"https:\/\/carnitec.com\/lv\/products\/penogenerator-80l\/\"]}]},{\"@type\":\"BreadcrumbList\",\"@id\":\"https:\/\/carnitec.com\/lv\/products\/penogenerator-80l\/#breadcrumb\",\"itemListElement\":[{\"@type\":\"ListItem\",\"position\":1,\"name\":\"\u0413\u043b\u0430\u0432\u043d\u0430\u044f \u0441\u0442\u0440\u0430\u043d\u0438\u0446\u0430\",\"item\":\"https:\/\/carnitec.com\/lv\/\"},{\"@type\":\"ListItem\",\"position\":2,\"name\":\"\u0422\u043e\u0432\u0430\u0440\u044b\",\"item\":\"https:\/\/carnitec.com\/shop\/\"},{\"@type\":\"ListItem\",\"position\":3,\"name\":\"Putu \u0123enerators 80L\"}]},{\"@type\":\"WebSite\",\"@id\":\"https:\/\/carnitec.com\/lv\/#website\",\"url\":\"https:\/\/carnitec.com\/lv\/\",\"name\":\"Carnitec\",\"description\":\"P\u0101rtikas r\u016bpniec\u012bbas iek\u0101rtas\",\"publisher\":{\"@id\":\"https:\/\/carnitec.com\/lv\/#organization\"},\"potentialAction\":[{\"@type\":\"SearchAction\",\"target\":{\"@type\":\"EntryPoint\",\"urlTemplate\":\"https:\/\/carnitec.com\/lv\/?s={search_term_string}\"},\"query-input\":\"required name=search_term_string\"}],\"inLanguage\":\"lv-LV\"},{\"@type\":\"Organization\",\"@id\":\"https:\/\/carnitec.com\/lv\/#organization\",\"name\":\"Carnitec - food processing equipment\",\"url\":\"https:\/\/carnitec.com\/lv\/\",\"sameAs\":[\"https:\/\/www.instagram.com\/carnitec\/?hl=en\",\"https:\/\/www.linkedin.com\/company\/carnitec-ltd\/\",\"https:\/\/www.youtube.com\/channel\/UCwfiuJujkF2QxPPZAqB0T2w\",\"https:\/\/facebook.com\/carnitec1\",\"https:\/\/twitter.com\/carnitec_\"],\"logo\":{\"@type\":\"ImageObject\",\"inLanguage\":\"lv-LV\",\"@id\":\"https:\/\/carnitec.com\/lv\/#\/schema\/logo\/image\/\",\"url\":\"http:\/\/carnitec.com\/wp-content\/uploads\/2018\/01\/carnitec_logo_2018.png\",\"contentUrl\":\"http:\/\/carnitec.com\/wp-content\/uploads\/2018\/01\/carnitec_logo_2018.png\",\"width\":180,\"height\":50,\"caption\":\"Carnitec - food processing equipment\"},\"image\":{\"@id\":\"https:\/\/carnitec.com\/lv\/#\/schema\/logo\/image\/\"}}]}<\/script>\n<!-- \/ Yoast SEO plugin. -->","yoast_head_json":{"title":"Putu \u0123enerators 80L - Carnitec","description":"Augstas kvalit\u0101tes ner\u016bs\u0113jo\u0161ais t\u0113rauds un pild\u012bjuma kakls, izgatavots no p\u0101rtikas gumijas. Ar\u012b putu \u0123enerators tiek akt\u012bvi izmantots automa\u0161\u012bnu mazg\u0101\u0161anas","robots":{"index":"index","follow":"follow","max-snippet":"max-snippet:-1","max-image-preview":"max-image-preview:large","max-video-preview":"max-video-preview:-1"},"canonical":"https:\/\/carnitec.com\/lv\/products\/penogenerator-80l\/","og_locale":"lv_LV","og_type":"article","og_title":"Putu \u0123enerators 80L - Carnitec","og_description":"Augstas kvalit\u0101tes ner\u016bs\u0113jo\u0161ais t\u0113rauds un pild\u012bjuma kakls, izgatavots no p\u0101rtikas gumijas. Ar\u012b putu \u0123enerators tiek akt\u012bvi izmantots automa\u0161\u012bnu mazg\u0101\u0161anas","og_url":"https:\/\/carnitec.com\/lv\/products\/penogenerator-80l\/","og_site_name":"Carnitec","article_publisher":"https:\/\/facebook.com\/carnitec1","article_modified_time":"2019-04-30T11:10:33+00:00","og_image":[{"width":500,"height":500,"url":"https:\/\/carnitec.com\/wp-content\/uploads\/2019\/04\/1685.jpg","type":"image\/jpeg"}],"twitter_card":"summary","twitter_site":"@carnitec_","twitter_misc":{"Est. reading time":"1 min\u016b\u0161u"},"schema":{"@context":"https:\/\/schema.org","@graph":[{"@type":"WebPage","@id":"https:\/\/carnitec.com\/lv\/products\/penogenerator-80l\/","url":"https:\/\/carnitec.com\/lv\/products\/penogenerator-80l\/","name":"Putu \u0123enerators 80L - Carnitec","isPartOf":{"@id":"https:\/\/carnitec.com\/lv\/#website"},"datePublished":"2019-04-30T11:07:57+00:00","dateModified":"2019-04-30T11:10:33+00:00","description":"Augstas kvalit\u0101tes ner\u016bs\u0113jo\u0161ais t\u0113rauds un pild\u012bjuma kakls, izgatavots no p\u0101rtikas gumijas. Ar\u012b putu \u0123enerators tiek akt\u012bvi izmantots automa\u0161\u012bnu mazg\u0101\u0161anas","breadcrumb":{"@id":"https:\/\/carnitec.com\/lv\/products\/penogenerator-80l\/#breadcrumb"},"inLanguage":"lv-LV","potentialAction":[{"@type":"ReadAction","target":["https:\/\/carnitec.com\/lv\/products\/penogenerator-80l\/"]}]},{"@type":"BreadcrumbList","@id":"https:\/\/carnitec.com\/lv\/products\/penogenerator-80l\/#breadcrumb","itemListElement":[{"@type":"ListItem","position":1,"name":"\u0413\u043b\u0430\u0432\u043d\u0430\u044f \u0441\u0442\u0440\u0430\u043d\u0438\u0446\u0430","item":"https:\/\/carnitec.com\/lv\/"},{"@type":"ListItem","position":2,"name":"\u0422\u043e\u0432\u0430\u0440\u044b","item":"https:\/\/carnitec.com\/shop\/"},{"@type":"ListItem","position":3,"name":"Putu \u0123enerators 80L"}]},{"@type":"WebSite","@id":"https:\/\/carnitec.com\/lv\/#website","url":"https:\/\/carnitec.com\/lv\/","name":"Carnitec","description":"P\u0101rtikas r\u016bpniec\u012bbas iek\u0101rtas","publisher":{"@id":"https:\/\/carnitec.com\/lv\/#organization"},"potentialAction":[{"@type":"SearchAction","target":{"@type":"EntryPoint","urlTemplate":"https:\/\/carnitec.com\/lv\/?s={search_term_string}"},"query-input":"required name=search_term_string"}],"inLanguage":"lv-LV"},{"@type":"Organization","@id":"https:\/\/carnitec.com\/lv\/#organization","name":"Carnitec - food processing equipment","url":"https:\/\/carnitec.com\/lv\/","sameAs":["https:\/\/www.instagram.com\/carnitec\/?hl=en","https:\/\/www.linkedin.com\/company\/carnitec-ltd\/","https:\/\/www.youtube.com\/channel\/UCwfiuJujkF2QxPPZAqB0T2w","https:\/\/facebook.com\/carnitec1","https:\/\/twitter.com\/carnitec_"],"logo":{"@type":"ImageObject","inLanguage":"lv-LV","@id":"https:\/\/carnitec.com\/lv\/#\/schema\/logo\/image\/","url":"http:\/\/carnitec.com\/wp-content\/uploads\/2018\/01\/carnitec_logo_2018.png","contentUrl":"http:\/\/carnitec.com\/wp-content\/uploads\/2018\/01\/carnitec_logo_2018.png","width":180,"height":50,"caption":"Carnitec - food processing equipment"},"image":{"@id":"https:\/\/carnitec.com\/lv\/#\/schema\/logo\/image\/"}}]}},"_links":{"self":[{"href":"https:\/\/carnitec.com\/lv\/wp-json\/wp\/v2\/product\/44496"}],"collection":[{"href":"https:\/\/carnitec.com\/lv\/wp-json\/wp\/v2\/product"}],"about":[{"href":"https:\/\/carnitec.com\/lv\/wp-json\/wp\/v2\/types\/product"}],"wp:featuredmedia":[{"embeddable":true,"href":"https:\/\/carnitec.com\/lv\/wp-json\/wp\/v2\/media\/44495"}],"wp:attachment":[{"href":"https:\/\/carnitec.com\/lv\/wp-json\/wp\/v2\/media?parent=44496"}],"wp:term":[{"taxonomy":"product_cat","embeddable":true,"href":"https:\/\/carnitec.com\/lv\/wp-json\/wp\/v2\/product_cat?post=44496"},{"taxonomy":"product_tag","embeddable":true,"href":"https:\/\/carnitec.com\/lv\/wp-json\/wp\/v2\/product_tag?post=44496"}],"curies":[{"name":"wp","href":"https:\/\/api.w.org\/{rel}","templated":true}]}}