{"id":44435,"date":"2019-04-24T11:57:01","date_gmt":"2019-04-24T10:32:14","guid":{"rendered":"https:\/\/staging1.carnitec.com\/?post_type=product&#038;p=44435"},"modified":"2019-04-24T12:32:14","modified_gmt":"2019-04-24T10:32:14","slug":"garderobes-tips-lf","status":"publish","type":"product","link":"https:\/\/carnitec.com\/lv\/products\/garderobes-tips-lf\/","title":{"rendered":"Garderobes tips &#8220;LF&#8221;"},"content":{"rendered":"<p><a href=\"http:\/\/carnitec.com\/lv\/products\/darba-drebju-skapis\/\">Garderobes<\/a> tips &#8220;LF&#8221; Iek\u0161pus\u0113: plaukts \u0137iver\u0113m, krusts ar trim kust\u012bgiem \u0101\u0137iem. <a href=\"http:\/\/carnitec.com\/lv\/products\/saldesanas-bidamas-durvis\/\">Durvis<\/a>: izgatavotas no lok\u0161\u0146u met\u0101la, apr\u012bkotas ar \u00d8 8 mm caurumiem, sl\u0113gtas ar cilindru vai piekaramo atsl\u0113gu.<\/p>\n<table style=\"border-collapse: collapse; width: 100%;\" border=\"1\">\n<tbody>\n<tr style=\"height: 24px;\">\n<td style=\"width: 17.2603%; height: 24px;\">Produkta Numurs<\/td>\n<td style=\"width: 23.9383%; height: 24px;\">\u00a0 \u00a0 \u00a0Raksturojums<\/td>\n<td style=\"width: 18.9967%; height: 24px;\">Izmeri<\/td>\n<td style=\"width: 19.8047%; height: 24px;\">Svars<\/td>\n<td style=\"width: 20%; height: 24px;\">Diagramma<\/td>\n<\/tr>\n<tr style=\"height: 48px;\">\n<td style=\"width: 17.2603%; height: 48px;\">77109<\/td>\n<td style=\"width: 23.9383%; height: 48px;\">LF korpusa tips &#8211; perfor\u0113ta pl\u0101ksne<\/td>\n<td style=\"width: 18.9967%; height: 48px;\">500x500x1250mm<\/td>\n<td style=\"width: 19.8047%; height: 48px;\">44kg<\/td>\n<td style=\"width: 20%; height: 48px;\">A<\/td>\n<\/tr>\n<tr style=\"height: 48px;\">\n<td style=\"width: 17.2603%; height: 48px;\">77111<\/td>\n<td style=\"width: 23.9383%; height: 48px;\">LF korpusa tips &#8211; perfor\u0113ta pl\u0101ksne<\/td>\n<td style=\"width: 18.9967%; height: 48px;\">780x500x1250mm<\/td>\n<td style=\"width: 19.8047%; height: 48px;\">63kg<\/td>\n<td style=\"width: 20%; height: 48px;\">B<\/td>\n<\/tr>\n<tr style=\"height: 48px;\">\n<td style=\"width: 17.2603%; height: 48px;\">77113<\/td>\n<td style=\"width: 23.9383%; height: 48px;\">LF korpusa tips &#8211; perfor\u0113ta pl\u0101ksne<\/td>\n<td style=\"width: 18.9967%; height: 48px;\">970x500x1250mm<\/td>\n<td style=\"width: 19.8047%; height: 48px;\">76kg<\/td>\n<td style=\"width: 20%; height: 48px;\">C<\/td>\n<\/tr>\n<tr style=\"height: 48px;\">\n<td style=\"width: 17.2603%; height: 48px;\">77115<\/td>\n<td style=\"width: 23.9383%; height: 48px;\">LF korpusa tips &#8211; perfor\u0113ta pl\u0101ksne<\/td>\n<td style=\"width: 18.9967%; height: 48px;\">500x500x1250mm<\/td>\n<td style=\"width: 19.8047%; height: 48px;\">46kg<\/td>\n<td style=\"width: 20%; height: 48px;\">D<\/td>\n<\/tr>\n<tr style=\"height: 48px;\">\n<td style=\"width: 17.2603%; height: 48px;\">77117<\/td>\n<td style=\"width: 23.9383%; height: 48px;\">LF korpusa tips &#8211; perfor\u0113ta pl\u0101ksne<\/td>\n<td style=\"width: 18.9967%; height: 48px;\">780x500x1250mm<\/td>\n<td style=\"width: 19.8047%; height: 48px;\">65kg<\/td>\n<td style=\"width: 20%; height: 48px;\">E<\/td>\n<\/tr>\n<tr style=\"height: 48px;\">\n<td style=\"width: 17.2603%; height: 48px;\">77119<\/td>\n<td style=\"width: 23.9383%; height: 48px;\">LF korpusa tips &#8211; perfor\u0113ta pl\u0101ksne<\/td>\n<td style=\"width: 18.9967%; height: 48px;\">970x500x1250mm<\/td>\n<td style=\"width: 19.8047%; height: 48px;\">78kg<\/td>\n<td style=\"width: 20%; height: 48px;\">F<\/td>\n<\/tr>\n<\/tbody>\n<\/table>\n<p>&nbsp;<\/p>\n","protected":false},"excerpt":{"rendered":"<p>Garderobes tips &#8220;LF&#8221; Iek\u0161pus\u0113: plaukts \u0137iver\u0113m, krusts ar trim kust\u012bgiem \u0101\u0137iem. Durvis: izgatavotas no lok\u0161\u0146u met\u0101la, apr\u012bkotas ar \u00d8 8 mm caurumiem, sl\u0113gtas ar cilindru vai piekaramo atsl\u0113gu.<\/p>\n","protected":false},"featured_media":44426,"template":"","meta":{"content-type":"","_monsterinsights_skip_tracking":false,"_monsterinsights_sitenote_active":false,"_monsterinsights_sitenote_note":"","_monsterinsights_sitenote_category":0},"product_cat":[1533],"product_tag":[],"yoast_head":"<!-- This site is optimized with the Yoast SEO plugin v19.5.1 - https:\/\/yoast.com\/wordpress\/plugins\/seo\/ -->\n<title>Garderobes tips &quot;LF&quot; - Carnitec<\/title>\n<meta name=\"description\" content=\"Garderobes tips &quot;LF&quot; Iek\u0161pus\u0113: plaukts \u0137iver\u0113m, krusts ar trim kust\u012bgiem \u0101\u0137iem. Durvis: izgatavotas no lok\u0161\u0146u met\u0101la, apr\u012bkotas ar \u00d8 8 mm caurumiem. NOPIRKT\" \/>\n<meta name=\"robots\" content=\"index, follow, max-snippet:-1, max-image-preview:large, max-video-preview:-1\" \/>\n<link rel=\"canonical\" href=\"https:\/\/carnitec.com\/lv\/products\/garderobes-tips-lf\/\" \/>\n<meta property=\"og:locale\" content=\"lv_LV\" \/>\n<meta property=\"og:type\" content=\"article\" \/>\n<meta property=\"og:title\" content=\"Garderobes tips &quot;LF&quot; - Carnitec\" \/>\n<meta property=\"og:description\" content=\"Garderobes tips &quot;LF&quot; Iek\u0161pus\u0113: plaukts \u0137iver\u0113m, krusts ar trim kust\u012bgiem \u0101\u0137iem. Durvis: izgatavotas no lok\u0161\u0146u met\u0101la, apr\u012bkotas ar \u00d8 8 mm caurumiem. NOPIRKT\" \/>\n<meta property=\"og:url\" content=\"https:\/\/carnitec.com\/lv\/products\/garderobes-tips-lf\/\" \/>\n<meta property=\"og:site_name\" content=\"Carnitec\" \/>\n<meta property=\"article:publisher\" content=\"https:\/\/facebook.com\/carnitec1\" \/>\n<meta property=\"og:image\" content=\"https:\/\/carnitec.com\/wp-content\/uploads\/2019\/04\/lf_wardrrobe.jpg\" \/>\n\t<meta property=\"og:image:width\" content=\"1000\" \/>\n\t<meta property=\"og:image:height\" content=\"1000\" \/>\n\t<meta property=\"og:image:type\" content=\"image\/jpeg\" \/>\n<meta name=\"twitter:card\" content=\"summary\" \/>\n<meta name=\"twitter:site\" content=\"@carnitec_\" \/>\n<meta name=\"twitter:label1\" content=\"Est. reading time\" \/>\n\t<meta name=\"twitter:data1\" content=\"1 min\u016b\u0161u\" \/>\n<script type=\"application\/ld+json\" class=\"yoast-schema-graph\">{\"@context\":\"https:\/\/schema.org\",\"@graph\":[{\"@type\":\"WebPage\",\"@id\":\"https:\/\/carnitec.com\/lv\/products\/garderobes-tips-lf\/\",\"url\":\"https:\/\/carnitec.com\/lv\/products\/garderobes-tips-lf\/\",\"name\":\"Garderobes tips \\\"LF\\\" - Carnitec\",\"isPartOf\":{\"@id\":\"https:\/\/carnitec.com\/lv\/#website\"},\"datePublished\":\"2019-04-24T10:32:14+00:00\",\"dateModified\":\"2019-04-24T10:32:14+00:00\",\"description\":\"Garderobes tips \\\"LF\\\" Iek\u0161pus\u0113: plaukts \u0137iver\u0113m, krusts ar trim kust\u012bgiem \u0101\u0137iem. Durvis: izgatavotas no lok\u0161\u0146u met\u0101la, apr\u012bkotas ar \u00d8 8 mm caurumiem. NOPIRKT\",\"breadcrumb\":{\"@id\":\"https:\/\/carnitec.com\/lv\/products\/garderobes-tips-lf\/#breadcrumb\"},\"inLanguage\":\"lv-LV\",\"potentialAction\":[{\"@type\":\"ReadAction\",\"target\":[\"https:\/\/carnitec.com\/lv\/products\/garderobes-tips-lf\/\"]}]},{\"@type\":\"BreadcrumbList\",\"@id\":\"https:\/\/carnitec.com\/lv\/products\/garderobes-tips-lf\/#breadcrumb\",\"itemListElement\":[{\"@type\":\"ListItem\",\"position\":1,\"name\":\"\u0413\u043b\u0430\u0432\u043d\u0430\u044f \u0441\u0442\u0440\u0430\u043d\u0438\u0446\u0430\",\"item\":\"https:\/\/carnitec.com\/lv\/\"},{\"@type\":\"ListItem\",\"position\":2,\"name\":\"\u0422\u043e\u0432\u0430\u0440\u044b\",\"item\":\"https:\/\/carnitec.com\/shop\/\"},{\"@type\":\"ListItem\",\"position\":3,\"name\":\"Garderobes tips &#8220;LF&#8221;\"}]},{\"@type\":\"WebSite\",\"@id\":\"https:\/\/carnitec.com\/lv\/#website\",\"url\":\"https:\/\/carnitec.com\/lv\/\",\"name\":\"Carnitec\",\"description\":\"P\u0101rtikas r\u016bpniec\u012bbas iek\u0101rtas\",\"publisher\":{\"@id\":\"https:\/\/carnitec.com\/lv\/#organization\"},\"potentialAction\":[{\"@type\":\"SearchAction\",\"target\":{\"@type\":\"EntryPoint\",\"urlTemplate\":\"https:\/\/carnitec.com\/lv\/?s={search_term_string}\"},\"query-input\":\"required name=search_term_string\"}],\"inLanguage\":\"lv-LV\"},{\"@type\":\"Organization\",\"@id\":\"https:\/\/carnitec.com\/lv\/#organization\",\"name\":\"Carnitec - food processing equipment\",\"url\":\"https:\/\/carnitec.com\/lv\/\",\"sameAs\":[\"https:\/\/www.instagram.com\/carnitec\/?hl=en\",\"https:\/\/www.linkedin.com\/company\/carnitec-ltd\/\",\"https:\/\/www.youtube.com\/channel\/UCwfiuJujkF2QxPPZAqB0T2w\",\"https:\/\/facebook.com\/carnitec1\",\"https:\/\/twitter.com\/carnitec_\"],\"logo\":{\"@type\":\"ImageObject\",\"inLanguage\":\"lv-LV\",\"@id\":\"https:\/\/carnitec.com\/lv\/#\/schema\/logo\/image\/\",\"url\":\"http:\/\/carnitec.com\/wp-content\/uploads\/2018\/01\/carnitec_logo_2018.png\",\"contentUrl\":\"http:\/\/carnitec.com\/wp-content\/uploads\/2018\/01\/carnitec_logo_2018.png\",\"width\":180,\"height\":50,\"caption\":\"Carnitec - food processing equipment\"},\"image\":{\"@id\":\"https:\/\/carnitec.com\/lv\/#\/schema\/logo\/image\/\"}}]}<\/script>\n<!-- \/ Yoast SEO plugin. -->","yoast_head_json":{"title":"Garderobes tips \"LF\" - Carnitec","description":"Garderobes tips \"LF\" Iek\u0161pus\u0113: plaukts \u0137iver\u0113m, krusts ar trim kust\u012bgiem \u0101\u0137iem. Durvis: izgatavotas no lok\u0161\u0146u met\u0101la, apr\u012bkotas ar \u00d8 8 mm caurumiem. NOPIRKT","robots":{"index":"index","follow":"follow","max-snippet":"max-snippet:-1","max-image-preview":"max-image-preview:large","max-video-preview":"max-video-preview:-1"},"canonical":"https:\/\/carnitec.com\/lv\/products\/garderobes-tips-lf\/","og_locale":"lv_LV","og_type":"article","og_title":"Garderobes tips \"LF\" - Carnitec","og_description":"Garderobes tips \"LF\" Iek\u0161pus\u0113: plaukts \u0137iver\u0113m, krusts ar trim kust\u012bgiem \u0101\u0137iem. Durvis: izgatavotas no lok\u0161\u0146u met\u0101la, apr\u012bkotas ar \u00d8 8 mm caurumiem. NOPIRKT","og_url":"https:\/\/carnitec.com\/lv\/products\/garderobes-tips-lf\/","og_site_name":"Carnitec","article_publisher":"https:\/\/facebook.com\/carnitec1","og_image":[{"width":1000,"height":1000,"url":"https:\/\/carnitec.com\/wp-content\/uploads\/2019\/04\/lf_wardrrobe.jpg","type":"image\/jpeg"}],"twitter_card":"summary","twitter_site":"@carnitec_","twitter_misc":{"Est. reading time":"1 min\u016b\u0161u"},"schema":{"@context":"https:\/\/schema.org","@graph":[{"@type":"WebPage","@id":"https:\/\/carnitec.com\/lv\/products\/garderobes-tips-lf\/","url":"https:\/\/carnitec.com\/lv\/products\/garderobes-tips-lf\/","name":"Garderobes tips \"LF\" - Carnitec","isPartOf":{"@id":"https:\/\/carnitec.com\/lv\/#website"},"datePublished":"2019-04-24T10:32:14+00:00","dateModified":"2019-04-24T10:32:14+00:00","description":"Garderobes tips \"LF\" Iek\u0161pus\u0113: plaukts \u0137iver\u0113m, krusts ar trim kust\u012bgiem \u0101\u0137iem. Durvis: izgatavotas no lok\u0161\u0146u met\u0101la, apr\u012bkotas ar \u00d8 8 mm caurumiem. NOPIRKT","breadcrumb":{"@id":"https:\/\/carnitec.com\/lv\/products\/garderobes-tips-lf\/#breadcrumb"},"inLanguage":"lv-LV","potentialAction":[{"@type":"ReadAction","target":["https:\/\/carnitec.com\/lv\/products\/garderobes-tips-lf\/"]}]},{"@type":"BreadcrumbList","@id":"https:\/\/carnitec.com\/lv\/products\/garderobes-tips-lf\/#breadcrumb","itemListElement":[{"@type":"ListItem","position":1,"name":"\u0413\u043b\u0430\u0432\u043d\u0430\u044f \u0441\u0442\u0440\u0430\u043d\u0438\u0446\u0430","item":"https:\/\/carnitec.com\/lv\/"},{"@type":"ListItem","position":2,"name":"\u0422\u043e\u0432\u0430\u0440\u044b","item":"https:\/\/carnitec.com\/shop\/"},{"@type":"ListItem","position":3,"name":"Garderobes tips &#8220;LF&#8221;"}]},{"@type":"WebSite","@id":"https:\/\/carnitec.com\/lv\/#website","url":"https:\/\/carnitec.com\/lv\/","name":"Carnitec","description":"P\u0101rtikas r\u016bpniec\u012bbas iek\u0101rtas","publisher":{"@id":"https:\/\/carnitec.com\/lv\/#organization"},"potentialAction":[{"@type":"SearchAction","target":{"@type":"EntryPoint","urlTemplate":"https:\/\/carnitec.com\/lv\/?s={search_term_string}"},"query-input":"required name=search_term_string"}],"inLanguage":"lv-LV"},{"@type":"Organization","@id":"https:\/\/carnitec.com\/lv\/#organization","name":"Carnitec - food processing equipment","url":"https:\/\/carnitec.com\/lv\/","sameAs":["https:\/\/www.instagram.com\/carnitec\/?hl=en","https:\/\/www.linkedin.com\/company\/carnitec-ltd\/","https:\/\/www.youtube.com\/channel\/UCwfiuJujkF2QxPPZAqB0T2w","https:\/\/facebook.com\/carnitec1","https:\/\/twitter.com\/carnitec_"],"logo":{"@type":"ImageObject","inLanguage":"lv-LV","@id":"https:\/\/carnitec.com\/lv\/#\/schema\/logo\/image\/","url":"http:\/\/carnitec.com\/wp-content\/uploads\/2018\/01\/carnitec_logo_2018.png","contentUrl":"http:\/\/carnitec.com\/wp-content\/uploads\/2018\/01\/carnitec_logo_2018.png","width":180,"height":50,"caption":"Carnitec - food processing equipment"},"image":{"@id":"https:\/\/carnitec.com\/lv\/#\/schema\/logo\/image\/"}}]}},"_links":{"self":[{"href":"https:\/\/carnitec.com\/lv\/wp-json\/wp\/v2\/product\/44435"}],"collection":[{"href":"https:\/\/carnitec.com\/lv\/wp-json\/wp\/v2\/product"}],"about":[{"href":"https:\/\/carnitec.com\/lv\/wp-json\/wp\/v2\/types\/product"}],"wp:featuredmedia":[{"embeddable":true,"href":"https:\/\/carnitec.com\/lv\/wp-json\/wp\/v2\/media\/44426"}],"wp:attachment":[{"href":"https:\/\/carnitec.com\/lv\/wp-json\/wp\/v2\/media?parent=44435"}],"wp:term":[{"taxonomy":"product_cat","embeddable":true,"href":"https:\/\/carnitec.com\/lv\/wp-json\/wp\/v2\/product_cat?post=44435"},{"taxonomy":"product_tag","embeddable":true,"href":"https:\/\/carnitec.com\/lv\/wp-json\/wp\/v2\/product_tag?post=44435"}],"curies":[{"name":"wp","href":"https:\/\/api.w.org\/{rel}","templated":true}]}}