{"id":44387,"date":"2019-04-23T13:55:09","date_gmt":"2019-04-23T12:13:58","guid":{"rendered":"https:\/\/staging1.carnitec.com\/?post_type=product&#038;p=44387"},"modified":"2019-04-23T14:13:58","modified_gmt":"2019-04-23T12:13:58","slug":"ekstruderis-p100","status":"publish","type":"product","link":"https:\/\/carnitec.com\/lv\/products\/ekstruderis-p100\/","title":{"rendered":"Ekstruderis P100"},"content":{"rendered":"<p>Ekstr\u016bderis mazu un lielu svaigu makaronu un m\u012bklas ra\u017eo\u0161anai. Stundu ra\u017eo\u0161ana: 100\/150 kg<\/p>\n<p>Nep\u0101rtraukta velosip\u0113du ma\u0161\u012bna svaigu da\u017e\u0101du izm\u0113ru <a href=\"http:\/\/carnitec.com\/lv\/products\/kombineta-masina-a160r\/\">makaronu<\/a> ra\u017eo\u0161anai, piem\u0113ram, maccheroni, fusilli, tagliatelle uc, ar vai bez ol\u0101m un piem\u0113rota \u017e\u0101v\u0113\u0161anai. Ma\u0161\u012bna var ra\u017eot ar\u012b m\u012bklas loksni, kuras biezums ir lasagna, cannelloni un baro\u0161anai molding ma\u0161\u012bnas. Ma\u0161\u012bnas elast\u012bguma d\u0113\u013c ir iesp\u0113jams pagatavot <a href=\"http:\/\/carnitec.com\/lv\/products\/kombineta-masina-a160r\/\">makaronus<\/a> no miltiem vai cietajiem kvie\u0161iem, k\u0101 ar\u012b \u012bpa\u0161us makaronus.<\/p>\n<p><strong>To veido \u0161\u0101di:<\/strong><\/p>\n<ul>\n<li>dubult\u0101 mais\u012b\u0161anas tvertne; aizmugur\u0113j\u0101 elektrisk\u0101 pacel\u0161anas tvertne var past\u0101v\u012bgi ra\u017eot mais\u012bjumus; ner\u016bs\u0113jo\u0161\u0101 t\u0113rauda asme\u0146i<\/li>\n<li>viegli no\u0146emt un t\u012br\u012bt<\/li>\n<li>elektroniski regul\u0113jams nazis<\/li>\n<li>rati\u0146iem<\/li>\n<li>ner\u016bs\u0113jo\u0161\u0101 t\u0113rauda konstrukcija<\/li>\n<li>elektriskais skapis atbilsto\u0161i dro\u0161\u012bbas standartiem<\/li>\n<li>vad\u012bbas panelim<\/li>\n<li>neatkar\u012bgs disks<br \/>\nTr\u012bsf\u0101\u017eu baro\u0161anas avots V220-380 Hz 50. P\u0113c piepras\u012bjuma ir pieejami \u012bpa\u0161i nomin\u0101lie spriegumi.<\/li>\n<\/ul>\n<p style=\"text-align: center;\"><strong>Tehniskie Dati<\/strong><\/p>\n<table style=\"border-collapse: collapse; width: 100%;\" border=\"1\">\n<tbody>\n<tr>\n<td style=\"width: 50%;\">Stundas izeja<\/td>\n<td style=\"width: 50%;\">100 kg<\/td>\n<\/tr>\n<tr>\n<td style=\"width: 50%;\">Spriegums<\/td>\n<td style=\"width: 50%;\">380V 50Hz<\/td>\n<\/tr>\n<\/tbody>\n<\/table>\n<p style=\"text-align: center;\"><strong>Raksturojums<\/strong><\/p>\n<table style=\"border-collapse: collapse; width: 100%;\" border=\"1\">\n<tbody>\n<tr>\n<td style=\"width: 100%;\">Neto svars 380 kg<\/td>\n<\/tr>\n<tr>\n<td style=\"width: 100%;\">Platums 1150 mm<\/td>\n<\/tr>\n<tr>\n<td style=\"width: 100%;\">Augstums ir 1650 mm<\/td>\n<\/tr>\n<tr>\n<td style=\"width: 100%;\">Dzi\u013cums 1400 mm<\/td>\n<\/tr>\n<tr>\n<td style=\"width: 100%;\">Elektrisk\u0101 jauda 6 kW<\/td>\n<\/tr>\n<\/tbody>\n<\/table>\n<p><\/p>\n","protected":false},"excerpt":{"rendered":"<p>Nep\u0101rtraukta velosip\u0113du ma\u0161\u012bna svaigu da\u017e\u0101du izm\u0113ru makaronu ra\u017eo\u0161anai, piem\u0113ram, maccheroni, fusilli, tagliatelle uc, ar vai bez ol\u0101m un piem\u0113rota \u017e\u0101v\u0113\u0161anai. Ma\u0161\u012bna var ra\u017eot ar\u012b m\u012bklas loksni, kuras biezums ir lasagna, cannelloni un baro\u0161anai molding ma\u0161\u012bnas. Ma\u0161\u012bnas elast\u012bguma d\u0113\u013c ir iesp\u0113jams pagatavot makaronus no miltiem vai cietajiem kvie\u0161iem, k\u0101 ar\u012b \u012bpa\u0161us makaronus.<\/p>\n","protected":false},"featured_media":44372,"template":"","meta":{"content-type":"","_monsterinsights_skip_tracking":false,"_monsterinsights_sitenote_active":false,"_monsterinsights_sitenote_note":"","_monsterinsights_sitenote_category":0},"product_cat":[1203],"product_tag":[],"yoast_head":"<!-- This site is optimized with the Yoast SEO plugin v19.5.1 - https:\/\/yoast.com\/wordpress\/plugins\/seo\/ -->\n<title>Ekstruderis P100 - Carnitec<\/title>\n<meta name=\"description\" content=\"Nep\u0101rtraukta velosip\u0113du ma\u0161\u012bna svaigu da\u017e\u0101du izm\u0113ru makaronu ra\u017eo\u0161anai, piem\u0113ram, maccheroni, fusilli, tagliatelle u. NOPIRKT TAGAD! UZZINAT PAR PIEGADI!\" \/>\n<meta name=\"robots\" content=\"index, follow, max-snippet:-1, max-image-preview:large, max-video-preview:-1\" \/>\n<link rel=\"canonical\" href=\"https:\/\/carnitec.com\/lv\/products\/ekstruderis-p100\/\" \/>\n<meta property=\"og:locale\" content=\"lv_LV\" \/>\n<meta property=\"og:type\" content=\"article\" \/>\n<meta property=\"og:title\" content=\"Ekstruderis P100 - Carnitec\" \/>\n<meta property=\"og:description\" content=\"Nep\u0101rtraukta velosip\u0113du ma\u0161\u012bna svaigu da\u017e\u0101du izm\u0113ru makaronu ra\u017eo\u0161anai, piem\u0113ram, maccheroni, fusilli, tagliatelle u. NOPIRKT TAGAD! UZZINAT PAR PIEGADI!\" \/>\n<meta property=\"og:url\" content=\"https:\/\/carnitec.com\/lv\/products\/ekstruderis-p100\/\" \/>\n<meta property=\"og:site_name\" content=\"Carnitec\" \/>\n<meta property=\"article:publisher\" content=\"https:\/\/facebook.com\/carnitec1\" \/>\n<meta property=\"og:image\" content=\"https:\/\/carnitec.com\/wp-content\/uploads\/2019\/04\/P100.jpg\" \/>\n\t<meta property=\"og:image:width\" content=\"370\" \/>\n\t<meta property=\"og:image:height\" content=\"436\" \/>\n\t<meta property=\"og:image:type\" content=\"image\/jpeg\" \/>\n<meta name=\"twitter:card\" content=\"summary\" \/>\n<meta name=\"twitter:site\" content=\"@carnitec_\" \/>\n<meta name=\"twitter:label1\" content=\"Est. reading time\" \/>\n\t<meta name=\"twitter:data1\" content=\"1 min\u016b\u0161u\" \/>\n<script type=\"application\/ld+json\" class=\"yoast-schema-graph\">{\"@context\":\"https:\/\/schema.org\",\"@graph\":[{\"@type\":\"WebPage\",\"@id\":\"https:\/\/carnitec.com\/lv\/products\/ekstruderis-p100\/\",\"url\":\"https:\/\/carnitec.com\/lv\/products\/ekstruderis-p100\/\",\"name\":\"Ekstruderis P100 - Carnitec\",\"isPartOf\":{\"@id\":\"https:\/\/carnitec.com\/lv\/#website\"},\"datePublished\":\"2019-04-23T12:13:58+00:00\",\"dateModified\":\"2019-04-23T12:13:58+00:00\",\"description\":\"Nep\u0101rtraukta velosip\u0113du ma\u0161\u012bna svaigu da\u017e\u0101du izm\u0113ru makaronu ra\u017eo\u0161anai, piem\u0113ram, maccheroni, fusilli, tagliatelle u. NOPIRKT TAGAD! UZZINAT PAR PIEGADI!\",\"breadcrumb\":{\"@id\":\"https:\/\/carnitec.com\/lv\/products\/ekstruderis-p100\/#breadcrumb\"},\"inLanguage\":\"lv-LV\",\"potentialAction\":[{\"@type\":\"ReadAction\",\"target\":[\"https:\/\/carnitec.com\/lv\/products\/ekstruderis-p100\/\"]}]},{\"@type\":\"BreadcrumbList\",\"@id\":\"https:\/\/carnitec.com\/lv\/products\/ekstruderis-p100\/#breadcrumb\",\"itemListElement\":[{\"@type\":\"ListItem\",\"position\":1,\"name\":\"\u0413\u043b\u0430\u0432\u043d\u0430\u044f \u0441\u0442\u0440\u0430\u043d\u0438\u0446\u0430\",\"item\":\"https:\/\/carnitec.com\/lv\/\"},{\"@type\":\"ListItem\",\"position\":2,\"name\":\"\u0422\u043e\u0432\u0430\u0440\u044b\",\"item\":\"https:\/\/carnitec.com\/shop\/\"},{\"@type\":\"ListItem\",\"position\":3,\"name\":\"Ekstruderis P100\"}]},{\"@type\":\"WebSite\",\"@id\":\"https:\/\/carnitec.com\/lv\/#website\",\"url\":\"https:\/\/carnitec.com\/lv\/\",\"name\":\"Carnitec\",\"description\":\"P\u0101rtikas r\u016bpniec\u012bbas iek\u0101rtas\",\"publisher\":{\"@id\":\"https:\/\/carnitec.com\/lv\/#organization\"},\"potentialAction\":[{\"@type\":\"SearchAction\",\"target\":{\"@type\":\"EntryPoint\",\"urlTemplate\":\"https:\/\/carnitec.com\/lv\/?s={search_term_string}\"},\"query-input\":\"required name=search_term_string\"}],\"inLanguage\":\"lv-LV\"},{\"@type\":\"Organization\",\"@id\":\"https:\/\/carnitec.com\/lv\/#organization\",\"name\":\"Carnitec - food processing equipment\",\"url\":\"https:\/\/carnitec.com\/lv\/\",\"sameAs\":[\"https:\/\/www.instagram.com\/carnitec\/?hl=en\",\"https:\/\/www.linkedin.com\/company\/carnitec-ltd\/\",\"https:\/\/www.youtube.com\/channel\/UCwfiuJujkF2QxPPZAqB0T2w\",\"https:\/\/facebook.com\/carnitec1\",\"https:\/\/twitter.com\/carnitec_\"],\"logo\":{\"@type\":\"ImageObject\",\"inLanguage\":\"lv-LV\",\"@id\":\"https:\/\/carnitec.com\/lv\/#\/schema\/logo\/image\/\",\"url\":\"http:\/\/carnitec.com\/wp-content\/uploads\/2018\/01\/carnitec_logo_2018.png\",\"contentUrl\":\"http:\/\/carnitec.com\/wp-content\/uploads\/2018\/01\/carnitec_logo_2018.png\",\"width\":180,\"height\":50,\"caption\":\"Carnitec - food processing equipment\"},\"image\":{\"@id\":\"https:\/\/carnitec.com\/lv\/#\/schema\/logo\/image\/\"}}]}<\/script>\n<!-- \/ Yoast SEO plugin. -->","yoast_head_json":{"title":"Ekstruderis P100 - Carnitec","description":"Nep\u0101rtraukta velosip\u0113du ma\u0161\u012bna svaigu da\u017e\u0101du izm\u0113ru makaronu ra\u017eo\u0161anai, piem\u0113ram, maccheroni, fusilli, tagliatelle u. NOPIRKT TAGAD! UZZINAT PAR PIEGADI!","robots":{"index":"index","follow":"follow","max-snippet":"max-snippet:-1","max-image-preview":"max-image-preview:large","max-video-preview":"max-video-preview:-1"},"canonical":"https:\/\/carnitec.com\/lv\/products\/ekstruderis-p100\/","og_locale":"lv_LV","og_type":"article","og_title":"Ekstruderis P100 - Carnitec","og_description":"Nep\u0101rtraukta velosip\u0113du ma\u0161\u012bna svaigu da\u017e\u0101du izm\u0113ru makaronu ra\u017eo\u0161anai, piem\u0113ram, maccheroni, fusilli, tagliatelle u. NOPIRKT TAGAD! UZZINAT PAR PIEGADI!","og_url":"https:\/\/carnitec.com\/lv\/products\/ekstruderis-p100\/","og_site_name":"Carnitec","article_publisher":"https:\/\/facebook.com\/carnitec1","og_image":[{"width":370,"height":436,"url":"https:\/\/carnitec.com\/wp-content\/uploads\/2019\/04\/P100.jpg","type":"image\/jpeg"}],"twitter_card":"summary","twitter_site":"@carnitec_","twitter_misc":{"Est. reading time":"1 min\u016b\u0161u"},"schema":{"@context":"https:\/\/schema.org","@graph":[{"@type":"WebPage","@id":"https:\/\/carnitec.com\/lv\/products\/ekstruderis-p100\/","url":"https:\/\/carnitec.com\/lv\/products\/ekstruderis-p100\/","name":"Ekstruderis P100 - Carnitec","isPartOf":{"@id":"https:\/\/carnitec.com\/lv\/#website"},"datePublished":"2019-04-23T12:13:58+00:00","dateModified":"2019-04-23T12:13:58+00:00","description":"Nep\u0101rtraukta velosip\u0113du ma\u0161\u012bna svaigu da\u017e\u0101du izm\u0113ru makaronu ra\u017eo\u0161anai, piem\u0113ram, maccheroni, fusilli, tagliatelle u. NOPIRKT TAGAD! UZZINAT PAR PIEGADI!","breadcrumb":{"@id":"https:\/\/carnitec.com\/lv\/products\/ekstruderis-p100\/#breadcrumb"},"inLanguage":"lv-LV","potentialAction":[{"@type":"ReadAction","target":["https:\/\/carnitec.com\/lv\/products\/ekstruderis-p100\/"]}]},{"@type":"BreadcrumbList","@id":"https:\/\/carnitec.com\/lv\/products\/ekstruderis-p100\/#breadcrumb","itemListElement":[{"@type":"ListItem","position":1,"name":"\u0413\u043b\u0430\u0432\u043d\u0430\u044f \u0441\u0442\u0440\u0430\u043d\u0438\u0446\u0430","item":"https:\/\/carnitec.com\/lv\/"},{"@type":"ListItem","position":2,"name":"\u0422\u043e\u0432\u0430\u0440\u044b","item":"https:\/\/carnitec.com\/shop\/"},{"@type":"ListItem","position":3,"name":"Ekstruderis P100"}]},{"@type":"WebSite","@id":"https:\/\/carnitec.com\/lv\/#website","url":"https:\/\/carnitec.com\/lv\/","name":"Carnitec","description":"P\u0101rtikas r\u016bpniec\u012bbas iek\u0101rtas","publisher":{"@id":"https:\/\/carnitec.com\/lv\/#organization"},"potentialAction":[{"@type":"SearchAction","target":{"@type":"EntryPoint","urlTemplate":"https:\/\/carnitec.com\/lv\/?s={search_term_string}"},"query-input":"required name=search_term_string"}],"inLanguage":"lv-LV"},{"@type":"Organization","@id":"https:\/\/carnitec.com\/lv\/#organization","name":"Carnitec - food processing equipment","url":"https:\/\/carnitec.com\/lv\/","sameAs":["https:\/\/www.instagram.com\/carnitec\/?hl=en","https:\/\/www.linkedin.com\/company\/carnitec-ltd\/","https:\/\/www.youtube.com\/channel\/UCwfiuJujkF2QxPPZAqB0T2w","https:\/\/facebook.com\/carnitec1","https:\/\/twitter.com\/carnitec_"],"logo":{"@type":"ImageObject","inLanguage":"lv-LV","@id":"https:\/\/carnitec.com\/lv\/#\/schema\/logo\/image\/","url":"http:\/\/carnitec.com\/wp-content\/uploads\/2018\/01\/carnitec_logo_2018.png","contentUrl":"http:\/\/carnitec.com\/wp-content\/uploads\/2018\/01\/carnitec_logo_2018.png","width":180,"height":50,"caption":"Carnitec - food processing equipment"},"image":{"@id":"https:\/\/carnitec.com\/lv\/#\/schema\/logo\/image\/"}}]}},"_links":{"self":[{"href":"https:\/\/carnitec.com\/lv\/wp-json\/wp\/v2\/product\/44387"}],"collection":[{"href":"https:\/\/carnitec.com\/lv\/wp-json\/wp\/v2\/product"}],"about":[{"href":"https:\/\/carnitec.com\/lv\/wp-json\/wp\/v2\/types\/product"}],"wp:featuredmedia":[{"embeddable":true,"href":"https:\/\/carnitec.com\/lv\/wp-json\/wp\/v2\/media\/44372"}],"wp:attachment":[{"href":"https:\/\/carnitec.com\/lv\/wp-json\/wp\/v2\/media?parent=44387"}],"wp:term":[{"taxonomy":"product_cat","embeddable":true,"href":"https:\/\/carnitec.com\/lv\/wp-json\/wp\/v2\/product_cat?post=44387"},{"taxonomy":"product_tag","embeddable":true,"href":"https:\/\/carnitec.com\/lv\/wp-json\/wp\/v2\/product_tag?post=44387"}],"curies":[{"name":"wp","href":"https:\/\/api.w.org\/{rel}","templated":true}]}}